{"id":3324,"date":"2025-06-17T10:39:32","date_gmt":"2025-06-17T02:39:32","guid":{"rendered":"https:\/\/www.topfastpcb.com\/?post_type=product&#038;p=3324"},"modified":"2025-06-24T10:07:44","modified_gmt":"2025-06-24T02:07:44","slug":"single-sided-flexible-pcb","status":"publish","type":"product","link":"https:\/\/www.topfastpcb.com\/fi\/products\/single-sided-flexible-pcb\/","title":{"rendered":"Yksipuolinen joustava PCB"},"content":{"rendered":"<div id=\"ez-toc-container\" class=\"ez-toc-v2_0_74 counter-hierarchy ez-toc-counter ez-toc-custom ez-toc-container-direction\">\n<div class=\"ez-toc-title-container\">\n<p class=\"ez-toc-title\" style=\"cursor:inherit\">Sis\u00e4llysluettelo<\/p>\n<span class=\"ez-toc-title-toggle\"><\/span><\/div>\n<nav><ul class='ez-toc-list ez-toc-list-level-1' ><li class='ez-toc-page-1 ez-toc-heading-level-2'><a class=\"ez-toc-link ez-toc-heading-1\" href=\"https:\/\/www.topfastpcb.com\/fi\/products\/single-sided-flexible-pcb\/#Definition_of_single-sided_flexible_PCB\" >Yksipuolisen joustavan piirilevyn m\u00e4\u00e4ritelm\u00e4<\/a><\/li><li class='ez-toc-page-1 ez-toc-heading-level-2'><a class=\"ez-toc-link ez-toc-heading-2\" href=\"https:\/\/www.topfastpcb.com\/fi\/products\/single-sided-flexible-pcb\/#Product_Advantages\" >Tuotteen edut<\/a><\/li><li class='ez-toc-page-1 ez-toc-heading-level-2'><a class=\"ez-toc-link ez-toc-heading-3\" href=\"https:\/\/www.topfastpcb.com\/fi\/products\/single-sided-flexible-pcb\/#Technical_Specifications\" >Tekniset tiedot<\/a><\/li><li class='ez-toc-page-1 ez-toc-heading-level-2'><a class=\"ez-toc-link ez-toc-heading-4\" href=\"https:\/\/www.topfastpcb.com\/fi\/products\/single-sided-flexible-pcb\/#Applications\" >Sovellukset<\/a><\/li><li class='ez-toc-page-1 ez-toc-heading-level-2'><a class=\"ez-toc-link ez-toc-heading-5\" href=\"https:\/\/www.topfastpcb.com\/fi\/products\/single-sided-flexible-pcb\/#Manufacturing_Capabilities\" >Valmistusvalmiudet<\/a><\/li><li class='ez-toc-page-1 ez-toc-heading-level-2'><a class=\"ez-toc-link ez-toc-heading-6\" href=\"https:\/\/www.topfastpcb.com\/fi\/products\/single-sided-flexible-pcb\/#Additional_Services\" >Lis\u00e4palvelut<\/a><\/li><li class='ez-toc-page-1 ez-toc-heading-level-2'><a class=\"ez-toc-link ez-toc-heading-7\" href=\"https:\/\/www.topfastpcb.com\/fi\/products\/single-sided-flexible-pcb\/#Why_choose_Topfast\" >Miksi valita Topfast?<\/a><\/li><\/ul><\/nav><\/div>\n\n<h2><span class=\"ez-toc-section\" id=\"Definition_of_single-sided_flexible_PCB\"><\/span>Yksipuolisen joustavan piirilevyn m\u00e4\u00e4ritelm\u00e4<span class=\"ez-toc-section-end\"><\/span><\/h2>\n<p>Joustavan PCB-valmistuksen johtavana yrityksen\u00e4 Topfast hy\u00f6dynt\u00e4\u00e4 17 vuoden kokemusta teollisuudesta tarjotakseen korkealaatuisia yksipuolisia <a href=\"https:\/\/www.topfastpcb.com\/fi\/products\/category\/flexible-pcb\/\">joustava piirilevy<\/a> ratkaisuja. Yksipuoliset joustavat piirilevyt on valmistettu ensiluokkaisista polyimidimateriaaleista, jotka tarjoavat erinomaisen taivutuskyvyn ja luotettavuuden kulutuselektroniikan, l\u00e4\u00e4kinn\u00e4llisten laitteiden, autoelektroniikan ja muiden sovellusten sovelluksiin.<\/p>\n<h2><span class=\"ez-toc-section\" id=\"Product_Advantages\"><\/span>Tuotteen edut<span class=\"ez-toc-section-end\"><\/span><\/h2>\n<p>Topfastin yksipuoliset joustavat piirilevyt tarjoavat seuraavat keskeiset edut:<\/p>\n<p><strong>Ultra-Thin &amp; Kevyt<\/strong>: Paksuus vain 0,1 mm, painaa vain 1\/3 perinteisest\u00e4. <a href=\"https:\/\/www.topfastpcb.com\/fi\/products\/category\/rigid-pcb\/\">j\u00e4yk\u00e4t PCB:t<\/a><br \/>\n<strong>Ylivoimainen joustavuus<\/strong>K\u00e4ytt\u00e4\u00e4 korkealaatuisia DuPontin tai Panasonicin polyimidialustoja, joiden taivutuss\u00e4de on jopa 3 mm.<br \/>\n<strong>Korkea luotettavuus<\/strong>: Testattu yli 200 000 taivutussyklill\u00e4, mik\u00e4 takaa pitk\u00e4n aikav\u00e4lin vakaan suorituskyvyn.<br \/>\n<strong>Korkean l\u00e4mp\u00f6tilan kest\u00e4vyys<\/strong>: Kest\u00e4\u00e4 \u00e4\u00e4rimm\u00e4isi\u00e4 l\u00e4mp\u00f6tiloja -60 \u00b0C:sta 260 \u00b0C:seen.<br \/>\n<strong>Tilaa s\u00e4\u00e4st\u00e4v\u00e4<\/strong>: Mukautuu monimutkaisiin 3D-asetteluihin, jolloin laitteen koko pienenee.<\/p>\n<h2><span class=\"ez-toc-section\" id=\"Technical_Specifications\"><\/span>Tekniset tiedot<span class=\"ez-toc-section-end\"><\/span><\/h2>\n<table>\n<thead>\n<tr>\n<th>Parametri<\/th>\n<th>Tekniset tiedot<\/th>\n<\/tr>\n<\/thead>\n<tbody>\n<tr>\n<td>Alustan paksuus<\/td>\n<td>12.5\u03bcm-50\u03bcm<\/td>\n<\/tr>\n<tr>\n<td>Kuparifolion paksuus<\/td>\n<td>12\u03bcm-35\u03bcm<\/td>\n<\/tr>\n<tr>\n<td>Min. Viivan leveys\/v\u00e4lit<\/td>\n<td>50\u03bcm\/50\u03bcm<\/td>\n<\/tr>\n<tr>\n<td>Min. Rei\u00e4n koko<\/td>\n<td>0.1mm<\/td>\n<\/tr>\n<tr>\n<td>Pinnan viimeistely<\/td>\n<td>ENIG, OSP, kemiallinen hopea<\/td>\n<\/tr>\n<tr>\n<td>Taivutuss\u00e4de<\/td>\n<td>Dynaaminen: 10\u00d7 levyn paksuus; staattinen: 3\u00d7 levyn paksuus.<\/td>\n<\/tr>\n<\/tbody>\n<\/table>\n<h2><span class=\"ez-toc-section\" id=\"Applications\"><\/span>Sovellukset<span class=\"ez-toc-section-end\"><\/span><\/h2>\n<p>Topfastin yksipuolisia joustavia piirilevyj\u00e4 k\u00e4ytet\u00e4\u00e4n laajalti:<\/p>\n<p>1. <strong>Viihde-elektroniikka<\/strong>\u00c4lypuhelinten, tablettien ja puettavien laitteiden sis\u00e4iset liit\u00e4nn\u00e4t<br \/>\n2. <strong>L\u00e4\u00e4kinn\u00e4lliset laitteet<\/strong>Kannettavat monitorit, endoskoopit ja muut l\u00e4\u00e4ketieteelliset elektroniikkaliit\u00e4nn\u00e4t.<br \/>\n3. <strong>Autoteollisuuden elektroniikka<\/strong>Koneessa olevat kamerat, anturit ja valaistusj\u00e4rjestelm\u00e4n liit\u00e4nn\u00e4t.<br \/>\n4. <strong>Teollinen ohjaus<\/strong>: Robotiikan ja automaatiolaitteiden joustavat liit\u00e4nn\u00e4t<br \/>\n5. <strong>Sotilas- ja ilmailuala<\/strong>: Liit\u00e4nn\u00e4t tilaa vaativaa ilmailutekniikkaa varten<\/p>\n<h3><img loading=\"lazy\" decoding=\"async\" src=\"https:\/\/www.topfastpcb.com\/wp-content\/uploads\/2025\/06\/Flexible-PCB-12.jpg\" alt=\"Joustava piirilevy\" width=\"800\" height=\"800\" class=\"aligncenter size-full wp-image-3330\" srcset=\"https:\/\/www.topfastpcb.com\/wp-content\/uploads\/2025\/06\/Flexible-PCB-12.jpg 800w, https:\/\/www.topfastpcb.com\/wp-content\/uploads\/2025\/06\/Flexible-PCB-12-300x300.jpg 300w, https:\/\/www.topfastpcb.com\/wp-content\/uploads\/2025\/06\/Flexible-PCB-12-150x150.jpg 150w, https:\/\/www.topfastpcb.com\/wp-content\/uploads\/2025\/06\/Flexible-PCB-12-768x768.jpg 768w, https:\/\/www.topfastpcb.com\/wp-content\/uploads\/2025\/06\/Flexible-PCB-12-12x12.jpg 12w, https:\/\/www.topfastpcb.com\/wp-content\/uploads\/2025\/06\/Flexible-PCB-12-600x600.jpg 600w, https:\/\/www.topfastpcb.com\/wp-content\/uploads\/2025\/06\/Flexible-PCB-12-100x100.jpg 100w\" sizes=\"auto, (max-width: 800px) 100vw, 800px\" \/><\/h3>\n<h2><span class=\"ez-toc-section\" id=\"Manufacturing_Capabilities\"><\/span>Valmistusvalmiudet<span class=\"ez-toc-section-end\"><\/span><\/h2>\n<p>Topfastilla on 20 000 neli\u00f6metrin moderni tuotantolaitos, jossa ty\u00f6skentelee yli 1 000 ammattitaitoista teknikkoa ja jossa on:<\/p>\n<p>Korkean tarkkuuden laserporaus (min. reik\u00e4koko: 0,1 mm)<br \/>\n<a href=\"https:\/\/www.topfastpcb.com\/fi\/blog\/what-is-aoi-automated-optical-inspection\/\">Automaattinen optinen tarkastus<\/a> (AOI) j\u00e4rjestelm\u00e4t<br \/>\nLent\u00e4v\u00e4t koettimet 100-prosenttisen s\u00e4hk\u00f6isen suorituskyvyn todentamiseen<br \/>\nR\u00f6ntgentarkastus sis\u00e4ist\u00e4 laadunvarmistusta varten<br \/>\nTyhji\u00f6laminointilaitteet vahvaa kerrosten v\u00e4list\u00e4 liimausta varten<\/p>\n<p>Noudatamme tiukasti ISO 9001 -laadunhallintastandardeja ja valvomme koko prosessia raaka-aineiden hankinnasta lopputuotteen toimitukseen varmistaaksemme korkeimman laadun.<\/p>\n<h2><span class=\"ez-toc-section\" id=\"Additional_Services\"><\/span>Lis\u00e4palvelut<span class=\"ez-toc-section-end\"><\/span><\/h2>\n<p>Yksipuolisten joustavien piirilevyjen lis\u00e4ksi Topfast tarjoaa my\u00f6s:<\/p>\n<p><strong>Kaksipuoliset joustavat piirilevyt<\/strong>: Suuremman tiheyden liit\u00e4nt\u00e4tarpeisiin<br \/>\n<strong>Monikerroksiset joustavat PCB:t<\/strong>4-10-kerroksiset monimutkaiset joustavat piiriratkaisut<br \/>\n<strong>J\u00e4ykk\u00e4-Flex PCB:t<\/strong>: Hybridirakenteet, joissa yhdistyv\u00e4t j\u00e4yk\u00e4t ja joustavat edut<br \/>\n<strong>Nopea prototyyppien rakentaminen<\/strong>: Nopeasti k\u00e4\u00e4nnett\u00e4v\u00e4t n\u00e4ytteet jopa 24 tunnissa<br \/>\n<strong>DFM-analyysi<\/strong>: Ammattimainen design-for-manufacturability-arviointi<br \/>\n<strong>Tekninen tuki<\/strong>:Yksil\u00f6llinen asiantuntija-apu<\/p>\n<h2><span class=\"ez-toc-section\" id=\"Why_choose_Topfast\"><\/span>Miksi valita Topfast?<span class=\"ez-toc-section-end\"><\/span><\/h2>\n<p>Topfastilla on 17 vuoden kokemus joustavien piirilevyjen valmistuksesta, ja se on sitoutunut toimittamaan korkealaatuisia yksipuolisia joustavia piiriratkaisuja. Edistykselliset laitteemme, tiukka laadunvalvonta ja laaja kokemus alalta varmistavat, ett\u00e4 jokainen joustava piirilevy t\u00e4ytt\u00e4\u00e4 korkeimmat suorituskyky- ja luotettavuusvaatimukset. Topfast tarjoaa kilpailukykyisimm\u00e4t joustavat piirilevytuotteet ja -palvelut riippumatta siit\u00e4, onko kyseess\u00e4 prototyyppi- vai massatuotanto. Ota yhteytt\u00e4 meihin saadaksesi lis\u00e4tietoja tuotteista ja teknist\u00e4 tukea.<\/p>","protected":false},"excerpt":{"rendered":"<p>T\u00e4ss\u00e4 artikkelissa esitell\u00e4\u00e4n Topfastin ammattimaiset yksipuoliset joustavat piirilevytuotteet ja korostetaan niiden etuja, teknisi\u00e4 eritelmi\u00e4, sovelluksia ja valmistusvalmiuksia. Siin\u00e4 korostetaan eritt\u00e4in ohutta suunnittelua, korkeaa luotettavuutta ja l\u00e4mp\u00f6tilankest\u00e4vyytt\u00e4 ja k\u00e4sitell\u00e4\u00e4n my\u00f6s kaksipuolisia ja monikerroksisia joustavia PCB-palveluja.<\/p>","protected":false},"featured_media":3326,"comment_status":"closed","ping_status":"closed","template":"","meta":[],"product_brand":[],"product_cat":[96],"product_tag":[288,103],"class_list":{"0":"post-3324","1":"product","2":"type-product","3":"status-publish","4":"has-post-thumbnail","6":"product_cat-flexible-pcb","7":"product_tag-flex-pcb","8":"product_tag-flexible-pcb","10":"first","11":"instock","12":"shipping-taxable","13":"product-type-simple"},"yoast_head":"<!-- This site is optimized with the Yoast SEO plugin v25.1 - https:\/\/yoast.com\/wordpress\/plugins\/seo\/ -->\n<title>Single-Sided Flexible PCB - Topfastpcb<\/title>\n<meta name=\"description\" content=\"Topfast specializes in high-quality single-sided flexible PCBs, with 17 years of experience. Made from premium polyimide materials, they are ultra-thin, lightweight, and highly flexible, ideal for consumer electronics, medical devices, and automotive applications.\" \/>\n<meta name=\"robots\" content=\"index, follow, max-snippet:-1, max-image-preview:large, max-video-preview:-1\" \/>\n<link rel=\"canonical\" href=\"https:\/\/www.topfastpcb.com\/fi\/products\/single-sided-flexible-pcb\/\" \/>\n<meta property=\"og:locale\" content=\"fi_FI\" \/>\n<meta property=\"og:type\" content=\"article\" \/>\n<meta property=\"og:title\" content=\"Single-Sided Flexible PCB - Topfastpcb\" \/>\n<meta property=\"og:description\" content=\"Topfast specializes in high-quality single-sided flexible PCBs, with 17 years of experience. Made from premium polyimide materials, they are ultra-thin, lightweight, and highly flexible, ideal for consumer electronics, medical devices, and automotive applications.\" \/>\n<meta property=\"og:url\" content=\"https:\/\/www.topfastpcb.com\/fi\/products\/single-sided-flexible-pcb\/\" \/>\n<meta property=\"og:site_name\" content=\"Topfastpcb\" \/>\n<meta property=\"article:modified_time\" content=\"2025-06-24T02:07:44+00:00\" \/>\n<meta property=\"og:image\" content=\"https:\/\/www.topfastpcb.com\/wp-content\/uploads\/2025\/06\/Flexible-PCB-13.jpg\" \/>\n\t<meta property=\"og:image:width\" content=\"800\" \/>\n\t<meta property=\"og:image:height\" content=\"800\" \/>\n\t<meta property=\"og:image:type\" content=\"image\/jpeg\" \/>\n<meta name=\"twitter:card\" content=\"summary_large_image\" \/>\n<meta name=\"twitter:label1\" content=\"Arvioitu lukuaika\" \/>\n\t<meta name=\"twitter:data1\" content=\"3 minuuttia\" \/>\n<script type=\"application\/ld+json\" class=\"yoast-schema-graph\">{\"@context\":\"https:\/\/schema.org\",\"@graph\":[{\"@type\":\"WebPage\",\"@id\":\"https:\/\/www.topfastpcb.com\/products\/single-sided-flexible-pcb\/\",\"url\":\"https:\/\/www.topfastpcb.com\/products\/single-sided-flexible-pcb\/\",\"name\":\"Single-Sided Flexible PCB - Topfastpcb\",\"isPartOf\":{\"@id\":\"https:\/\/www.topfastpcb.com\/#website\"},\"primaryImageOfPage\":{\"@id\":\"https:\/\/www.topfastpcb.com\/products\/single-sided-flexible-pcb\/#primaryimage\"},\"image\":{\"@id\":\"https:\/\/www.topfastpcb.com\/products\/single-sided-flexible-pcb\/#primaryimage\"},\"thumbnailUrl\":\"https:\/\/www.topfastpcb.com\/wp-content\/uploads\/2025\/06\/Flexible-PCB-13.jpg\",\"datePublished\":\"2025-06-17T02:39:32+00:00\",\"dateModified\":\"2025-06-24T02:07:44+00:00\",\"description\":\"Topfast specializes in high-quality single-sided flexible PCBs, with 17 years of experience. Made from premium polyimide materials, they are ultra-thin, lightweight, and highly flexible, ideal for consumer electronics, medical devices, and automotive applications.\",\"breadcrumb\":{\"@id\":\"https:\/\/www.topfastpcb.com\/products\/single-sided-flexible-pcb\/#breadcrumb\"},\"inLanguage\":\"fi\",\"potentialAction\":[{\"@type\":\"ReadAction\",\"target\":[\"https:\/\/www.topfastpcb.com\/products\/single-sided-flexible-pcb\/\"]}]},{\"@type\":\"ImageObject\",\"inLanguage\":\"fi\",\"@id\":\"https:\/\/www.topfastpcb.com\/products\/single-sided-flexible-pcb\/#primaryimage\",\"url\":\"https:\/\/www.topfastpcb.com\/wp-content\/uploads\/2025\/06\/Flexible-PCB-13.jpg\",\"contentUrl\":\"https:\/\/www.topfastpcb.com\/wp-content\/uploads\/2025\/06\/Flexible-PCB-13.jpg\",\"width\":800,\"height\":800,\"caption\":\"Single-Sided Flexible PCB\"},{\"@type\":\"BreadcrumbList\",\"@id\":\"https:\/\/www.topfastpcb.com\/products\/single-sided-flexible-pcb\/#breadcrumb\",\"itemListElement\":[{\"@type\":\"ListItem\",\"position\":1,\"name\":\"\u9996\u9875\",\"item\":\"https:\/\/www.topfastpcb.com\/\"},{\"@type\":\"ListItem\",\"position\":2,\"name\":\"\u5546\u5e97\",\"item\":\"https:\/\/www.topfastpcb.com\/shop\/\"},{\"@type\":\"ListItem\",\"position\":3,\"name\":\"Single-Sided Flexible PCB\"}]},{\"@type\":\"WebSite\",\"@id\":\"https:\/\/www.topfastpcb.com\/#website\",\"url\":\"https:\/\/www.topfastpcb.com\/\",\"name\":\"Topfastpcb\",\"description\":\"Topfast Prime Choice for Global Electronics Manufacturing\",\"publisher\":{\"@id\":\"https:\/\/www.topfastpcb.com\/#organization\"},\"potentialAction\":[{\"@type\":\"SearchAction\",\"target\":{\"@type\":\"EntryPoint\",\"urlTemplate\":\"https:\/\/www.topfastpcb.com\/?s={search_term_string}\"},\"query-input\":{\"@type\":\"PropertyValueSpecification\",\"valueRequired\":true,\"valueName\":\"search_term_string\"}}],\"inLanguage\":\"fi\"},{\"@type\":\"Organization\",\"@id\":\"https:\/\/www.topfastpcb.com\/#organization\",\"name\":\"Topfastpcb\",\"url\":\"https:\/\/www.topfastpcb.com\/\",\"logo\":{\"@type\":\"ImageObject\",\"inLanguage\":\"fi\",\"@id\":\"https:\/\/www.topfastpcb.com\/#\/schema\/logo\/image\/\",\"url\":\"https:\/\/www.topfastpcb.com\/wp-content\/uploads\/2026\/02\/cropped-topfast-logo.png\",\"contentUrl\":\"https:\/\/www.topfastpcb.com\/wp-content\/uploads\/2026\/02\/cropped-topfast-logo.png\",\"width\":144,\"height\":56,\"caption\":\"Topfastpcb\"},\"image\":{\"@id\":\"https:\/\/www.topfastpcb.com\/#\/schema\/logo\/image\/\"}}]}<\/script>\n<!-- \/ Yoast SEO plugin. -->","yoast_head_json":{"title":"Single-Sided Flexible PCB - Topfastpcb","description":"Topfast specializes in high-quality single-sided flexible PCBs, with 17 years of experience. Made from premium polyimide materials, they are ultra-thin, lightweight, and highly flexible, ideal for consumer electronics, medical devices, and automotive applications.","robots":{"index":"index","follow":"follow","max-snippet":"max-snippet:-1","max-image-preview":"max-image-preview:large","max-video-preview":"max-video-preview:-1"},"canonical":"https:\/\/www.topfastpcb.com\/fi\/products\/single-sided-flexible-pcb\/","og_locale":"fi_FI","og_type":"article","og_title":"Single-Sided Flexible PCB - Topfastpcb","og_description":"Topfast specializes in high-quality single-sided flexible PCBs, with 17 years of experience. Made from premium polyimide materials, they are ultra-thin, lightweight, and highly flexible, ideal for consumer electronics, medical devices, and automotive applications.","og_url":"https:\/\/www.topfastpcb.com\/fi\/products\/single-sided-flexible-pcb\/","og_site_name":"Topfastpcb","article_modified_time":"2025-06-24T02:07:44+00:00","og_image":[{"width":800,"height":800,"url":"https:\/\/www.topfastpcb.com\/wp-content\/uploads\/2025\/06\/Flexible-PCB-13.jpg","type":"image\/jpeg"}],"twitter_card":"summary_large_image","twitter_misc":{"Arvioitu lukuaika":"3 minuuttia"},"schema":{"@context":"https:\/\/schema.org","@graph":[{"@type":"WebPage","@id":"https:\/\/www.topfastpcb.com\/products\/single-sided-flexible-pcb\/","url":"https:\/\/www.topfastpcb.com\/products\/single-sided-flexible-pcb\/","name":"Single-Sided Flexible PCB - Topfastpcb","isPartOf":{"@id":"https:\/\/www.topfastpcb.com\/#website"},"primaryImageOfPage":{"@id":"https:\/\/www.topfastpcb.com\/products\/single-sided-flexible-pcb\/#primaryimage"},"image":{"@id":"https:\/\/www.topfastpcb.com\/products\/single-sided-flexible-pcb\/#primaryimage"},"thumbnailUrl":"https:\/\/www.topfastpcb.com\/wp-content\/uploads\/2025\/06\/Flexible-PCB-13.jpg","datePublished":"2025-06-17T02:39:32+00:00","dateModified":"2025-06-24T02:07:44+00:00","description":"Topfast specializes in high-quality single-sided flexible PCBs, with 17 years of experience. Made from premium polyimide materials, they are ultra-thin, lightweight, and highly flexible, ideal for consumer electronics, medical devices, and automotive applications.","breadcrumb":{"@id":"https:\/\/www.topfastpcb.com\/products\/single-sided-flexible-pcb\/#breadcrumb"},"inLanguage":"fi","potentialAction":[{"@type":"ReadAction","target":["https:\/\/www.topfastpcb.com\/products\/single-sided-flexible-pcb\/"]}]},{"@type":"ImageObject","inLanguage":"fi","@id":"https:\/\/www.topfastpcb.com\/products\/single-sided-flexible-pcb\/#primaryimage","url":"https:\/\/www.topfastpcb.com\/wp-content\/uploads\/2025\/06\/Flexible-PCB-13.jpg","contentUrl":"https:\/\/www.topfastpcb.com\/wp-content\/uploads\/2025\/06\/Flexible-PCB-13.jpg","width":800,"height":800,"caption":"Single-Sided Flexible PCB"},{"@type":"BreadcrumbList","@id":"https:\/\/www.topfastpcb.com\/products\/single-sided-flexible-pcb\/#breadcrumb","itemListElement":[{"@type":"ListItem","position":1,"name":"\u9996\u9875","item":"https:\/\/www.topfastpcb.com\/"},{"@type":"ListItem","position":2,"name":"\u5546\u5e97","item":"https:\/\/www.topfastpcb.com\/shop\/"},{"@type":"ListItem","position":3,"name":"Single-Sided Flexible PCB"}]},{"@type":"WebSite","@id":"https:\/\/www.topfastpcb.com\/#website","url":"https:\/\/www.topfastpcb.com\/","name":"Topfastpcb","description":"Topfast Prime Choice for Global Electronics Manufacturing","publisher":{"@id":"https:\/\/www.topfastpcb.com\/#organization"},"potentialAction":[{"@type":"SearchAction","target":{"@type":"EntryPoint","urlTemplate":"https:\/\/www.topfastpcb.com\/?s={search_term_string}"},"query-input":{"@type":"PropertyValueSpecification","valueRequired":true,"valueName":"search_term_string"}}],"inLanguage":"fi"},{"@type":"Organization","@id":"https:\/\/www.topfastpcb.com\/#organization","name":"Topfastpcb","url":"https:\/\/www.topfastpcb.com\/","logo":{"@type":"ImageObject","inLanguage":"fi","@id":"https:\/\/www.topfastpcb.com\/#\/schema\/logo\/image\/","url":"https:\/\/www.topfastpcb.com\/wp-content\/uploads\/2026\/02\/cropped-topfast-logo.png","contentUrl":"https:\/\/www.topfastpcb.com\/wp-content\/uploads\/2026\/02\/cropped-topfast-logo.png","width":144,"height":56,"caption":"Topfastpcb"},"image":{"@id":"https:\/\/www.topfastpcb.com\/#\/schema\/logo\/image\/"}}]}},"_links":{"self":[{"href":"https:\/\/www.topfastpcb.com\/fi\/wp-json\/wp\/v2\/product\/3324","targetHints":{"allow":["GET"]}}],"collection":[{"href":"https:\/\/www.topfastpcb.com\/fi\/wp-json\/wp\/v2\/product"}],"about":[{"href":"https:\/\/www.topfastpcb.com\/fi\/wp-json\/wp\/v2\/types\/product"}],"replies":[{"embeddable":true,"href":"https:\/\/www.topfastpcb.com\/fi\/wp-json\/wp\/v2\/comments?post=3324"}],"wp:featuredmedia":[{"embeddable":true,"href":"https:\/\/www.topfastpcb.com\/fi\/wp-json\/wp\/v2\/media\/3326"}],"wp:attachment":[{"href":"https:\/\/www.topfastpcb.com\/fi\/wp-json\/wp\/v2\/media?parent=3324"}],"wp:term":[{"taxonomy":"product_brand","embeddable":true,"href":"https:\/\/www.topfastpcb.com\/fi\/wp-json\/wp\/v2\/product_brand?post=3324"},{"taxonomy":"product_cat","embeddable":true,"href":"https:\/\/www.topfastpcb.com\/fi\/wp-json\/wp\/v2\/product_cat?post=3324"},{"taxonomy":"product_tag","embeddable":true,"href":"https:\/\/www.topfastpcb.com\/fi\/wp-json\/wp\/v2\/product_tag?post=3324"}],"curies":[{"name":"wp","href":"https:\/\/api.w.org\/{rel}","templated":true}]}}