{"id":3331,"date":"2025-06-18T08:37:32","date_gmt":"2025-06-18T00:37:32","guid":{"rendered":"https:\/\/www.topfastpcb.com\/?post_type=product&#038;p=3331"},"modified":"2025-06-17T16:01:04","modified_gmt":"2025-06-17T08:01:04","slug":"4-layer-flexible-pcb","status":"publish","type":"product","link":"https:\/\/www.topfastpcb.com\/fi\/products\/4-layer-flexible-pcb\/","title":{"rendered":"4-kerroksinen joustava PCB"},"content":{"rendered":"<div id=\"ez-toc-container\" class=\"ez-toc-v2_0_74 counter-hierarchy ez-toc-counter ez-toc-custom ez-toc-container-direction\">\n<div class=\"ez-toc-title-container\">\n<p class=\"ez-toc-title\" style=\"cursor:inherit\">Sis\u00e4llysluettelo<\/p>\n<span class=\"ez-toc-title-toggle\"><\/span><\/div>\n<nav><ul class='ez-toc-list ez-toc-list-level-1' ><li class='ez-toc-page-1 ez-toc-heading-level-2'><a class=\"ez-toc-link ez-toc-heading-1\" href=\"https:\/\/www.topfastpcb.com\/fi\/products\/4-layer-flexible-pcb\/#Topfast_Professional_4-Layer_Flexible_PCB\" >Topfast Professional 4-kerroksinen joustava PCB<\/a><\/li><li class='ez-toc-page-1 ez-toc-heading-level-2'><a class=\"ez-toc-link ez-toc-heading-2\" href=\"https:\/\/www.topfastpcb.com\/fi\/products\/4-layer-flexible-pcb\/#Key_Advantages_of_Topfasts_4-Layer_Flexible_PCB\" >Topfastin 4-kerroksisen joustavan piirilevyn t\u00e4rkeimm\u00e4t edut<\/a><ul class='ez-toc-list-level-3' ><li class='ez-toc-heading-level-3'><a class=\"ez-toc-link ez-toc-heading-3\" href=\"https:\/\/www.topfastpcb.com\/fi\/products\/4-layer-flexible-pcb\/#1_High-Density_Wiring_for_Complex_Circuits\" >1.Monimutkaisten piirien tihe\u00e4 kaapelointi<\/a><\/li><li class='ez-toc-page-1 ez-toc-heading-level-3'><a class=\"ez-toc-link ez-toc-heading-4\" href=\"https:\/\/www.topfastpcb.com\/fi\/products\/4-layer-flexible-pcb\/#2_Superior_Flexibility_for_Dynamic_Bending_Environments\" >2.Ylivoimainen joustavuus dynaamisissa taivutusymp\u00e4rist\u00f6iss\u00e4<\/a><\/li><li class='ez-toc-page-1 ez-toc-heading-level-3'><a class=\"ez-toc-link ez-toc-heading-5\" href=\"https:\/\/www.topfastpcb.com\/fi\/products\/4-layer-flexible-pcb\/#3_Tight_Impedance_Control_for_Signal_Integrity\" >3.Tiukka impedanssin s\u00e4\u00e4t\u00f6 signaalin eheytt\u00e4 varten<\/a><\/li><li class='ez-toc-page-1 ez-toc-heading-level-3'><a class=\"ez-toc-link ez-toc-heading-6\" href=\"https:\/\/www.topfastpcb.com\/fi\/products\/4-layer-flexible-pcb\/#4_Multi-Layer_Shielding_for_EMIEMC_Protection\" >4.Monikerroksinen suojaus EMI\/EMC-suojausta varten<\/a><\/li><li class='ez-toc-page-1 ez-toc-heading-level-3'><a class=\"ez-toc-link ez-toc-heading-7\" href=\"https:\/\/www.topfastpcb.com\/fi\/products\/4-layer-flexible-pcb\/#5_High-Reliability_Manufacturing_Process\" >5. Eritt\u00e4in luotettava valmistusprosessi<\/a><\/li><\/ul><\/li><li class='ez-toc-page-1 ez-toc-heading-level-2'><a class=\"ez-toc-link ez-toc-heading-8\" href=\"https:\/\/www.topfastpcb.com\/fi\/products\/4-layer-flexible-pcb\/#Typical_Applications_of_Topfasts_4-Layer_Flexible_PCB\" >Topfastin 4-kerroksisen joustavan piirilevyn tyypilliset sovellukset<\/a><\/li><li class='ez-toc-page-1 ez-toc-heading-level-2'><a class=\"ez-toc-link ez-toc-heading-9\" href=\"https:\/\/www.topfastpcb.com\/fi\/products\/4-layer-flexible-pcb\/#Why_Choose_Topfast\" >Miksi valita Topfast?<\/a><\/li><li class='ez-toc-page-1 ez-toc-heading-level-2'><a class=\"ez-toc-link ez-toc-heading-10\" href=\"https:\/\/www.topfastpcb.com\/fi\/products\/4-layer-flexible-pcb\/#Conclusion\" >P\u00e4\u00e4telm\u00e4<\/a><\/li><\/ul><\/nav><\/div>\n\n<h2><span class=\"ez-toc-section\" id=\"Topfast_Professional_4-Layer_Flexible_PCB\"><\/span>Topfast Professional 4-kerroksinen joustava PCB<span class=\"ez-toc-section-end\"><\/span><\/h2>\n<p>T\u00e4m\u00e4n p\u00e4iv\u00e4n pitk\u00e4lle integroiduissa elektronisissa laitteissa, <strong>4-kerroksiset joustavat PCB:t<\/strong> on tullut ensisijainen ratkaisu huippuluokan teollisuus-, l\u00e4\u00e4kint\u00e4-, auto- ja kulutuselektroniikassa niiden erinomaisen johdotustiheyden, dynaamisen taivutuskyvyn ja poikkeuksellisen luotettavuuden ansiosta. 17 vuoden kokemus, <strong>Topfast<\/strong> on erikoistunut 4-kerroksisten taipuisien piirilevyjen suunnitteluun, valmistukseen ja kokoonpanoon, mik\u00e4 tuottaa suorituskykyisi\u00e4 ja eritt\u00e4in luotettavia joustavia piirej\u00e4 vaativiin sovelluksiin.<\/p>\n<h2><span class=\"ez-toc-section\" id=\"Key_Advantages_of_Topfasts_4-Layer_Flexible_PCB\"><\/span>Topfastin 4-kerroksisen joustavan piirilevyn t\u00e4rkeimm\u00e4t edut<span class=\"ez-toc-section-end\"><\/span><\/h2>\n<h3><span class=\"ez-toc-section\" id=\"1_High-Density_Wiring_for_Complex_Circuits\"><\/span>1.Monimutkaisten piirien tihe\u00e4 kaapelointi<span class=\"ez-toc-section-end\"><\/span><\/h3>\n<p>Topfastin 4-kerroksinen <a href=\"https:\/\/www.topfastpcb.com\/fi\/products\/category\/flexible-pcb\/\">joustava PCBsessDesign Guidelines:<\/a> hy\u00f6dynt\u00e4v\u00e4t tarkkaa stack-up-suunnittelua, joka tukee 4-kerroksista kuparij\u00e4ljen reitityst\u00e4 suurempaa johdotustiheytt\u00e4 varten, joten ne ovat ihanteellisia monimutkaisiin piirisuunnitelmiin.Joustavat piirilevyt tarjoavat virheett\u00f6m\u00e4n suorituskyvyn, olipa kyse sitten nopeasta signaalinsiirrosta, impedanssin ohjauksesta tai monikerroksisesta suojauksesta.<\/p>\n<h3><span class=\"ez-toc-section\" id=\"2_Superior_Flexibility_for_Dynamic_Bending_Environments\"><\/span>2.Ylivoimainen joustavuus dynaamisissa taivutusymp\u00e4rist\u00f6iss\u00e4<span class=\"ez-toc-section-end\"><\/span><\/h3>\n<p>Korkealuokkaisesta polyimidimateriaalista (PI) valmistetut 4-kerroksiset joustavat piirilevyt tarjoavat erinomaisen taivutuskyvyn, joka kest\u00e4\u00e4 yli 500 000 dynaamista taivutussykli\u00e4. Ne sopivat erinomaisesti puettaviin laitteisiin, taitettaviin \u00e4lypuhelimiin, robottiniveliin ja muihin korkeataajuisiin taivutussovelluksiin.<\/p>\n<h3><span class=\"ez-toc-section\" id=\"3_Tight_Impedance_Control_for_Signal_Integrity\"><\/span>3.Tiukka impedanssin s\u00e4\u00e4t\u00f6 signaalin eheytt\u00e4 varten<span class=\"ez-toc-section-end\"><\/span><\/h3>\n<p>Topfastin 4-kerroksisilla joustavilla piirilevyill\u00e4 on tarkat impedanssisovitusmallit, joiden toleranssit ovat \u00b15 %:n tarkkuudella, joten ne ovat ihanteellisia nopeille digitaalisille signaaleille (USB 3.0, HDMI) ja korkeataajuisille RF-sovelluksille (5G, Wi-Fi 6) vakaan ja h\u00e4iri\u00f6tt\u00f6m\u00e4n siirron varmistamiseksi.<\/p>\n<h3><span class=\"ez-toc-section\" id=\"4_Multi-Layer_Shielding_for_EMIEMC_Protection\"><\/span>4.Monikerroksinen suojaus EMI\/EMC-suojausta varten<span class=\"ez-toc-section-end\"><\/span><\/h3>\n<p>Optimoitujen stack-up-kokoonpanojen (esim. \uff0c symmetrinen maadoitus + virtatason suunnittelu) ansiosta 4-kerroksiset joustavat piirilevyt tarjoavat erinomaisen EMI \/ RFI-suojauksen, joka soveltuu autoteollisuuden elektroniikkaan, l\u00e4\u00e4kinn\u00e4llisiin laitteisiin ja teollisuuden ohjausj\u00e4rjestelmiin, joilla on tiukat s\u00e4hk\u00f6magneettisen yhteensopivuuden vaatimukset.<\/p>\n<h3><span class=\"ez-toc-section\" id=\"5_High-Reliability_Manufacturing_Process\"><\/span>5. Eritt\u00e4in luotettava valmistusprosessi<span class=\"ez-toc-section-end\"><\/span><\/h3>\n<p>30\u03bcm laserporaus microvia-tarkkuutta varten<br \/>\n100 % AOI\/ICT-testaus vikojen poistamiseksi<br \/>\nIPC-6013-sertifioitu, t\u00e4ytt\u00e4\u00e4 alan korkeimmat standardit<br \/>\n72 tunnin nopea prototyyppien rakentaminen kehityksen nopeuttamiseksi<\/p>\n<h2><img loading=\"lazy\" decoding=\"async\" src=\"https:\/\/www.topfastpcb.com\/wp-content\/uploads\/2025\/06\/4-Layer-Flexible-PCB.jpg\" alt=\"4-kerroksinen joustava PCB\" width=\"600\" height=\"402\" class=\"aligncenter size-full wp-image-3336\" srcset=\"https:\/\/www.topfastpcb.com\/wp-content\/uploads\/2025\/06\/4-Layer-Flexible-PCB.jpg 600w, https:\/\/www.topfastpcb.com\/wp-content\/uploads\/2025\/06\/4-Layer-Flexible-PCB-300x201.jpg 300w, https:\/\/www.topfastpcb.com\/wp-content\/uploads\/2025\/06\/4-Layer-Flexible-PCB-18x12.jpg 18w\" sizes=\"auto, (max-width: 600px) 100vw, 600px\" \/><\/h2>\n<h2><span class=\"ez-toc-section\" id=\"Typical_Applications_of_Topfasts_4-Layer_Flexible_PCB\"><\/span>Topfastin 4-kerroksisen joustavan piirilevyn tyypilliset sovellukset<span class=\"ez-toc-section-end\"><\/span><\/h2>\n<p><strong>L\u00e4\u00e4kinn\u00e4lliset laitteet<\/strong>Endoskoopit, puettavat terveysmonitorit, implantoitavat anturit<br \/>\n<strong>Autoteollisuuden elektroniikka<\/strong>Ajoneuvon\u00e4yt\u00f6t, ADAS-anturit, LiDAR-anturit.<br \/>\n<strong>Viihde-elektroniikka<\/strong>Taitettavat \u00e4lypuhelimet, AR\/VR-lasit, \u00e4lykellot.<br \/>\n<strong>Teollinen ohjaus<\/strong>Robottij\u00e4rjestelmien joustavat liit\u00e4nn\u00e4t, HMI-paneelit, liikkeenohjaimet.<br \/>\n<strong>Ilmailu- ja avaruusala; puolustus<\/strong>: Ilmailutekniikan viestint\u00e4j\u00e4rjestelm\u00e4t, lennokkien lennonohjausj\u00e4rjestelm\u00e4t<\/p>\n<h2><span class=\"ez-toc-section\" id=\"Why_Choose_Topfast\"><\/span>Miksi valita Topfast?<span class=\"ez-toc-section-end\"><\/span><\/h2>\n<p>Yli 17 vuotta alan asiantuntemusta korkean tarkkuuden alalla <a href=\"https:\/\/www.topfastpcb.com\/fi\/\">PCB-valmistus<\/a><br \/>\n20,000\u33a1 moderni tehdas, jossa on laserporaus, VCP-pinnoitus ja kehittyneet laitteet<br \/>\nTiukka laadunvalvonta 100% lent\u00e4v\u00e4 koetin testaus &amp; X-ray tarkastus<br \/>\nNopea reagointi - 72 tunnin prototyyppien valmistus ja leima; tuki pienen er\u00e4n tuotannolle.<br \/>\nKustannusten optimointi-15%-30% materiaalis\u00e4\u00e4st\u00f6t optimoidun pinoamissuunnittelun ansiosta.<\/p>\n<h2><span class=\"ez-toc-section\" id=\"Conclusion\"><\/span>P\u00e4\u00e4telm\u00e4<span class=\"ez-toc-section-end\"><\/span><\/h2>\n<p>Topfastin 4-kerroksiset joustavat piirilevyt tarjoavat tihe\u00e4\u00e4 reitityst\u00e4, poikkeuksellista joustavuutta ja tiukkoja valmistusstandardeja, mik\u00e4 tekee niist\u00e4 ihanteellisen valinnan kehittyneelle elektroniikalle l\u00e4\u00e4ketieteen, autoteollisuuden, kuluttaja- ja teollisuussovelluksissa. Tarjoamme eritt\u00e4in luotettavia ja suorituskykyisi\u00e4 joustavia piiriratkaisuja, jotka on r\u00e4\u00e4t\u00e4l\u00f6ity tarpeidesi mukaan. Ota meihin yhteytt\u00e4 jo t\u00e4n\u00e4\u00e4n r\u00e4\u00e4t\u00e4l\u00f6ity\u00e4 4-kerroksista joustavaa PCB-ratkaisua varten!<\/p>","protected":false},"excerpt":{"rendered":"<p>T\u00e4ss\u00e4 artikkelissa esitell\u00e4\u00e4n Topfastin 4-kerroksiset joustavat piirilevyt ja korostetaan niiden tihe\u00e4\u00e4 reitityst\u00e4, dynaamista taivutettavuutta, impedanssin hallintaa ja EMI-suojausominaisuuksia. Siin\u00e4 k\u00e4sitell\u00e4\u00e4n keskeisi\u00e4 sovelluksia l\u00e4\u00e4ketieteen, autoteollisuuden ja kulutuselektroniikan aloilla ja korostetaan Topfastin ammattitaitoa ja luotettavuutta joustavien piirilevyjen valmistuksessa.<\/p>","protected":false},"featured_media":3332,"comment_status":"closed","ping_status":"closed","template":"","meta":[],"product_brand":[],"product_cat":[96],"product_tag":[103,211],"class_list":{"0":"post-3331","1":"product","2":"type-product","3":"status-publish","4":"has-post-thumbnail","6":"product_cat-flexible-pcb","7":"product_tag-flexible-pcb","8":"product_tag-multilayer-flexible-pcb","10":"first","11":"instock","12":"shipping-taxable","13":"product-type-simple"},"yoast_head":"<!-- This site is optimized with the Yoast SEO plugin v25.1 - https:\/\/yoast.com\/wordpress\/plugins\/seo\/ -->\n<title>4-Layer Flexible PCB - Topfastpcb<\/title>\n<meta name=\"description\" content=\"Topfast specializes in 4-layer flexible PCBs with high-density wiring, dynamic bending, and tight impedance control for medical, automotive, and consumer electronics. 17+ years of expertise, 72-hour prototyping, IPC-6013 certified.\" \/>\n<meta name=\"robots\" content=\"index, follow, max-snippet:-1, max-image-preview:large, max-video-preview:-1\" \/>\n<link rel=\"canonical\" href=\"https:\/\/www.topfastpcb.com\/fi\/products\/4-layer-flexible-pcb\/\" \/>\n<meta property=\"og:locale\" content=\"fi_FI\" \/>\n<meta property=\"og:type\" content=\"article\" \/>\n<meta property=\"og:title\" content=\"4-Layer Flexible PCB - Topfastpcb\" \/>\n<meta property=\"og:description\" content=\"Topfast specializes in 4-layer flexible PCBs with high-density wiring, dynamic bending, and tight impedance control for medical, automotive, and consumer electronics. 17+ years of expertise, 72-hour prototyping, IPC-6013 certified.\" \/>\n<meta property=\"og:url\" content=\"https:\/\/www.topfastpcb.com\/fi\/products\/4-layer-flexible-pcb\/\" \/>\n<meta property=\"og:site_name\" content=\"Topfastpcb\" \/>\n<meta property=\"og:image\" content=\"https:\/\/www.topfastpcb.com\/wp-content\/uploads\/2025\/06\/Flexible-PCB-22.jpg\" \/>\n\t<meta property=\"og:image:width\" content=\"800\" \/>\n\t<meta property=\"og:image:height\" content=\"800\" \/>\n\t<meta property=\"og:image:type\" content=\"image\/jpeg\" \/>\n<meta name=\"twitter:card\" content=\"summary_large_image\" \/>\n<meta name=\"twitter:label1\" content=\"Arvioitu lukuaika\" \/>\n\t<meta name=\"twitter:data1\" content=\"3 minuuttia\" \/>\n<script type=\"application\/ld+json\" class=\"yoast-schema-graph\">{\"@context\":\"https:\/\/schema.org\",\"@graph\":[{\"@type\":\"WebPage\",\"@id\":\"https:\/\/www.topfastpcb.com\/products\/4-layer-flexible-pcb\/\",\"url\":\"https:\/\/www.topfastpcb.com\/products\/4-layer-flexible-pcb\/\",\"name\":\"4-Layer Flexible PCB - Topfastpcb\",\"isPartOf\":{\"@id\":\"https:\/\/www.topfastpcb.com\/#website\"},\"primaryImageOfPage\":{\"@id\":\"https:\/\/www.topfastpcb.com\/products\/4-layer-flexible-pcb\/#primaryimage\"},\"image\":{\"@id\":\"https:\/\/www.topfastpcb.com\/products\/4-layer-flexible-pcb\/#primaryimage\"},\"thumbnailUrl\":\"https:\/\/www.topfastpcb.com\/wp-content\/uploads\/2025\/06\/Flexible-PCB-22.jpg\",\"datePublished\":\"2025-06-18T00:37:32+00:00\",\"description\":\"Topfast specializes in 4-layer flexible PCBs with high-density wiring, dynamic bending, and tight impedance control for medical, automotive, and consumer electronics. 17+ years of expertise, 72-hour prototyping, IPC-6013 certified.\",\"breadcrumb\":{\"@id\":\"https:\/\/www.topfastpcb.com\/products\/4-layer-flexible-pcb\/#breadcrumb\"},\"inLanguage\":\"fi\",\"potentialAction\":[{\"@type\":\"ReadAction\",\"target\":[\"https:\/\/www.topfastpcb.com\/products\/4-layer-flexible-pcb\/\"]}]},{\"@type\":\"ImageObject\",\"inLanguage\":\"fi\",\"@id\":\"https:\/\/www.topfastpcb.com\/products\/4-layer-flexible-pcb\/#primaryimage\",\"url\":\"https:\/\/www.topfastpcb.com\/wp-content\/uploads\/2025\/06\/Flexible-PCB-22.jpg\",\"contentUrl\":\"https:\/\/www.topfastpcb.com\/wp-content\/uploads\/2025\/06\/Flexible-PCB-22.jpg\",\"width\":800,\"height\":800,\"caption\":\"4-Layer Flexible PCB\"},{\"@type\":\"BreadcrumbList\",\"@id\":\"https:\/\/www.topfastpcb.com\/products\/4-layer-flexible-pcb\/#breadcrumb\",\"itemListElement\":[{\"@type\":\"ListItem\",\"position\":1,\"name\":\"\u9996\u9875\",\"item\":\"https:\/\/www.topfastpcb.com\/\"},{\"@type\":\"ListItem\",\"position\":2,\"name\":\"\u5546\u5e97\",\"item\":\"https:\/\/www.topfastpcb.com\/shop\/\"},{\"@type\":\"ListItem\",\"position\":3,\"name\":\"4-Layer Flexible PCB\"}]},{\"@type\":\"WebSite\",\"@id\":\"https:\/\/www.topfastpcb.com\/#website\",\"url\":\"https:\/\/www.topfastpcb.com\/\",\"name\":\"Topfastpcb\",\"description\":\"Topfast Prime Choice for Global Electronics Manufacturing\",\"publisher\":{\"@id\":\"https:\/\/www.topfastpcb.com\/#organization\"},\"potentialAction\":[{\"@type\":\"SearchAction\",\"target\":{\"@type\":\"EntryPoint\",\"urlTemplate\":\"https:\/\/www.topfastpcb.com\/?s={search_term_string}\"},\"query-input\":{\"@type\":\"PropertyValueSpecification\",\"valueRequired\":true,\"valueName\":\"search_term_string\"}}],\"inLanguage\":\"fi\"},{\"@type\":\"Organization\",\"@id\":\"https:\/\/www.topfastpcb.com\/#organization\",\"name\":\"Topfastpcb\",\"url\":\"https:\/\/www.topfastpcb.com\/\",\"logo\":{\"@type\":\"ImageObject\",\"inLanguage\":\"fi\",\"@id\":\"https:\/\/www.topfastpcb.com\/#\/schema\/logo\/image\/\",\"url\":\"https:\/\/www.topfastpcb.com\/wp-content\/uploads\/2026\/02\/cropped-topfast-logo.png\",\"contentUrl\":\"https:\/\/www.topfastpcb.com\/wp-content\/uploads\/2026\/02\/cropped-topfast-logo.png\",\"width\":144,\"height\":56,\"caption\":\"Topfastpcb\"},\"image\":{\"@id\":\"https:\/\/www.topfastpcb.com\/#\/schema\/logo\/image\/\"}}]}<\/script>\n<!-- \/ Yoast SEO plugin. -->","yoast_head_json":{"title":"4-Layer Flexible PCB - Topfastpcb","description":"Topfast specializes in 4-layer flexible PCBs with high-density wiring, dynamic bending, and tight impedance control for medical, automotive, and consumer electronics. 17+ years of expertise, 72-hour prototyping, IPC-6013 certified.","robots":{"index":"index","follow":"follow","max-snippet":"max-snippet:-1","max-image-preview":"max-image-preview:large","max-video-preview":"max-video-preview:-1"},"canonical":"https:\/\/www.topfastpcb.com\/fi\/products\/4-layer-flexible-pcb\/","og_locale":"fi_FI","og_type":"article","og_title":"4-Layer Flexible PCB - Topfastpcb","og_description":"Topfast specializes in 4-layer flexible PCBs with high-density wiring, dynamic bending, and tight impedance control for medical, automotive, and consumer electronics. 17+ years of expertise, 72-hour prototyping, IPC-6013 certified.","og_url":"https:\/\/www.topfastpcb.com\/fi\/products\/4-layer-flexible-pcb\/","og_site_name":"Topfastpcb","og_image":[{"width":800,"height":800,"url":"https:\/\/www.topfastpcb.com\/wp-content\/uploads\/2025\/06\/Flexible-PCB-22.jpg","type":"image\/jpeg"}],"twitter_card":"summary_large_image","twitter_misc":{"Arvioitu lukuaika":"3 minuuttia"},"schema":{"@context":"https:\/\/schema.org","@graph":[{"@type":"WebPage","@id":"https:\/\/www.topfastpcb.com\/products\/4-layer-flexible-pcb\/","url":"https:\/\/www.topfastpcb.com\/products\/4-layer-flexible-pcb\/","name":"4-Layer Flexible PCB - Topfastpcb","isPartOf":{"@id":"https:\/\/www.topfastpcb.com\/#website"},"primaryImageOfPage":{"@id":"https:\/\/www.topfastpcb.com\/products\/4-layer-flexible-pcb\/#primaryimage"},"image":{"@id":"https:\/\/www.topfastpcb.com\/products\/4-layer-flexible-pcb\/#primaryimage"},"thumbnailUrl":"https:\/\/www.topfastpcb.com\/wp-content\/uploads\/2025\/06\/Flexible-PCB-22.jpg","datePublished":"2025-06-18T00:37:32+00:00","description":"Topfast specializes in 4-layer flexible PCBs with high-density wiring, dynamic bending, and tight impedance control for medical, automotive, and consumer electronics. 17+ years of expertise, 72-hour prototyping, IPC-6013 certified.","breadcrumb":{"@id":"https:\/\/www.topfastpcb.com\/products\/4-layer-flexible-pcb\/#breadcrumb"},"inLanguage":"fi","potentialAction":[{"@type":"ReadAction","target":["https:\/\/www.topfastpcb.com\/products\/4-layer-flexible-pcb\/"]}]},{"@type":"ImageObject","inLanguage":"fi","@id":"https:\/\/www.topfastpcb.com\/products\/4-layer-flexible-pcb\/#primaryimage","url":"https:\/\/www.topfastpcb.com\/wp-content\/uploads\/2025\/06\/Flexible-PCB-22.jpg","contentUrl":"https:\/\/www.topfastpcb.com\/wp-content\/uploads\/2025\/06\/Flexible-PCB-22.jpg","width":800,"height":800,"caption":"4-Layer Flexible PCB"},{"@type":"BreadcrumbList","@id":"https:\/\/www.topfastpcb.com\/products\/4-layer-flexible-pcb\/#breadcrumb","itemListElement":[{"@type":"ListItem","position":1,"name":"\u9996\u9875","item":"https:\/\/www.topfastpcb.com\/"},{"@type":"ListItem","position":2,"name":"\u5546\u5e97","item":"https:\/\/www.topfastpcb.com\/shop\/"},{"@type":"ListItem","position":3,"name":"4-Layer Flexible PCB"}]},{"@type":"WebSite","@id":"https:\/\/www.topfastpcb.com\/#website","url":"https:\/\/www.topfastpcb.com\/","name":"Topfastpcb","description":"Topfast Prime Choice for Global Electronics Manufacturing","publisher":{"@id":"https:\/\/www.topfastpcb.com\/#organization"},"potentialAction":[{"@type":"SearchAction","target":{"@type":"EntryPoint","urlTemplate":"https:\/\/www.topfastpcb.com\/?s={search_term_string}"},"query-input":{"@type":"PropertyValueSpecification","valueRequired":true,"valueName":"search_term_string"}}],"inLanguage":"fi"},{"@type":"Organization","@id":"https:\/\/www.topfastpcb.com\/#organization","name":"Topfastpcb","url":"https:\/\/www.topfastpcb.com\/","logo":{"@type":"ImageObject","inLanguage":"fi","@id":"https:\/\/www.topfastpcb.com\/#\/schema\/logo\/image\/","url":"https:\/\/www.topfastpcb.com\/wp-content\/uploads\/2026\/02\/cropped-topfast-logo.png","contentUrl":"https:\/\/www.topfastpcb.com\/wp-content\/uploads\/2026\/02\/cropped-topfast-logo.png","width":144,"height":56,"caption":"Topfastpcb"},"image":{"@id":"https:\/\/www.topfastpcb.com\/#\/schema\/logo\/image\/"}}]}},"_links":{"self":[{"href":"https:\/\/www.topfastpcb.com\/fi\/wp-json\/wp\/v2\/product\/3331","targetHints":{"allow":["GET"]}}],"collection":[{"href":"https:\/\/www.topfastpcb.com\/fi\/wp-json\/wp\/v2\/product"}],"about":[{"href":"https:\/\/www.topfastpcb.com\/fi\/wp-json\/wp\/v2\/types\/product"}],"replies":[{"embeddable":true,"href":"https:\/\/www.topfastpcb.com\/fi\/wp-json\/wp\/v2\/comments?post=3331"}],"wp:featuredmedia":[{"embeddable":true,"href":"https:\/\/www.topfastpcb.com\/fi\/wp-json\/wp\/v2\/media\/3332"}],"wp:attachment":[{"href":"https:\/\/www.topfastpcb.com\/fi\/wp-json\/wp\/v2\/media?parent=3331"}],"wp:term":[{"taxonomy":"product_brand","embeddable":true,"href":"https:\/\/www.topfastpcb.com\/fi\/wp-json\/wp\/v2\/product_brand?post=3331"},{"taxonomy":"product_cat","embeddable":true,"href":"https:\/\/www.topfastpcb.com\/fi\/wp-json\/wp\/v2\/product_cat?post=3331"},{"taxonomy":"product_tag","embeddable":true,"href":"https:\/\/www.topfastpcb.com\/fi\/wp-json\/wp\/v2\/product_tag?post=3331"}],"curies":[{"name":"wp","href":"https:\/\/api.w.org\/{rel}","templated":true}]}}