{"id":3343,"date":"2025-06-20T08:24:32","date_gmt":"2025-06-20T00:24:32","guid":{"rendered":"https:\/\/www.topfastpcb.com\/?post_type=product&#038;p=3343"},"modified":"2025-06-24T10:05:53","modified_gmt":"2025-06-24T02:05:53","slug":"resistors","status":"publish","type":"product","link":"https:\/\/www.topfastpcb.com\/fi\/products\/resistors\/","title":{"rendered":"Vastukset"},"content":{"rendered":"<div id=\"ez-toc-container\" class=\"ez-toc-v2_0_74 counter-hierarchy ez-toc-counter ez-toc-custom ez-toc-container-direction\">\n<div class=\"ez-toc-title-container\">\n<p class=\"ez-toc-title\" style=\"cursor:inherit\">Sis\u00e4llysluettelo<\/p>\n<span class=\"ez-toc-title-toggle\"><\/span><\/div>\n<nav><ul class='ez-toc-list ez-toc-list-level-1' ><li class='ez-toc-page-1 ez-toc-heading-level-2'><a class=\"ez-toc-link ez-toc-heading-1\" href=\"https:\/\/www.topfastpcb.com\/fi\/products\/resistors\/#Definition_and_function_of_resistors\" >Vastusten m\u00e4\u00e4ritelm\u00e4 ja toiminta<\/a><\/li><li class='ez-toc-page-1 ez-toc-heading-level-2'><a class=\"ez-toc-link ez-toc-heading-2\" href=\"https:\/\/www.topfastpcb.com\/fi\/products\/resistors\/#Comprehensive_Resistor_Product_Portfolio\" >Kattava vastusten tuotevalikoima<\/a><ul class='ez-toc-list-level-3' ><li class='ez-toc-heading-level-3'><a class=\"ez-toc-link ez-toc-heading-3\" href=\"https:\/\/www.topfastpcb.com\/fi\/products\/resistors\/#High-Precision_Metal_Film_Resistor_Series\" >Korkean tarkkuuden metallikalvovastussarja<\/a><\/li><li class='ez-toc-page-1 ez-toc-heading-level-3'><a class=\"ez-toc-link ez-toc-heading-4\" href=\"https:\/\/www.topfastpcb.com\/fi\/products\/resistors\/#High-Power_Wirewound_Resistor_Solutions\" >Suuritehoiset lankavastusratkaisut<\/a><\/li><li class='ez-toc-page-1 ez-toc-heading-level-3'><a class=\"ez-toc-link ez-toc-heading-5\" href=\"https:\/\/www.topfastpcb.com\/fi\/products\/resistors\/#Complete_Surface_Mount_Resistor_SMD_Series\" >T\u00e4ydellinen pinta-asennusvastussarja (SMD)<\/a><\/li><li class='ez-toc-page-1 ez-toc-heading-level-3'><a class=\"ez-toc-link ez-toc-heading-6\" href=\"https:\/\/www.topfastpcb.com\/fi\/products\/resistors\/#Custom_Specialty_Resistor_Services\" >Mukautetut erikoisresistanssipalvelut<\/a><\/li><\/ul><\/li><li class='ez-toc-page-1 ez-toc-heading-level-2'><a class=\"ez-toc-link ez-toc-heading-7\" href=\"https:\/\/www.topfastpcb.com\/fi\/products\/resistors\/#Quality_Assurance_System_Exceeding_Industry_Standards\" >Alan standardit ylitt\u00e4v\u00e4 laadunvarmistusj\u00e4rjestelm\u00e4<\/a><ul class='ez-toc-list-level-3' ><li class='ez-toc-heading-level-3'><a class=\"ez-toc-link ez-toc-heading-8\" href=\"https:\/\/www.topfastpcb.com\/fi\/products\/resistors\/#Raw_Material_Control\" >Raaka-aineiden valvonta<\/a><\/li><li class='ez-toc-page-1 ez-toc-heading-level-3'><a class=\"ez-toc-link ez-toc-heading-9\" href=\"https:\/\/www.topfastpcb.com\/fi\/products\/resistors\/#Advanced_Manufacturing_Processes\" >Kehittyneet valmistusprosessit<\/a><\/li><li class='ez-toc-page-1 ez-toc-heading-level-3'><a class=\"ez-toc-link ez-toc-heading-10\" href=\"https:\/\/www.topfastpcb.com\/fi\/products\/resistors\/#Rigorous_Reliability_Testing\" >Tiukka luotettavuustestaus<\/a><\/li><\/ul><\/li><li class='ez-toc-page-1 ez-toc-heading-level-2'><a class=\"ez-toc-link ez-toc-heading-11\" href=\"https:\/\/www.topfastpcb.com\/fi\/products\/resistors\/#Value-Added_Services_for_Customers\" >Lis\u00e4arvopalvelut asiakkaille<\/a><ul class='ez-toc-list-level-3' ><li class='ez-toc-heading-level-3'><a class=\"ez-toc-link ez-toc-heading-12\" href=\"https:\/\/www.topfastpcb.com\/fi\/products\/resistors\/#Technical_Support_Team\" >Tekninen tukitiimi<\/a><\/li><li class='ez-toc-page-1 ez-toc-heading-level-3'><a class=\"ez-toc-link ez-toc-heading-13\" href=\"https:\/\/www.topfastpcb.com\/fi\/products\/resistors\/#Rapid_Response_Mechanism\" >Nopean toiminnan mekanismi<\/a><\/li><li class='ez-toc-page-1 ez-toc-heading-level-3'><a class=\"ez-toc-link ez-toc-heading-14\" href=\"https:\/\/www.topfastpcb.com\/fi\/products\/resistors\/#Cost_Optimization_Solutions\" >Kustannusten optimointiratkaisut<\/a><\/li><\/ul><\/li><li class='ez-toc-page-1 ez-toc-heading-level-2'><a class=\"ez-toc-link ez-toc-heading-15\" href=\"https:\/\/www.topfastpcb.com\/fi\/products\/resistors\/#Industry_Application_Cases\" >Teollisuuden sovellustapaukset<\/a><ul class='ez-toc-list-level-3' ><li class='ez-toc-heading-level-3'><a class=\"ez-toc-link ez-toc-heading-16\" href=\"https:\/\/www.topfastpcb.com\/fi\/products\/resistors\/#About_Topfast\" >Tietoja Topfastista<\/a><\/li><\/ul><\/li><li class='ez-toc-page-1 ez-toc-heading-level-2'><a class=\"ez-toc-link ez-toc-heading-17\" href=\"https:\/\/www.topfastpcb.com\/fi\/products\/resistors\/#Why_choose_Topfast\" >Miksi valita Topfast?<\/a><\/li><\/ul><\/nav><\/div>\n\n<h2><span class=\"ez-toc-section\" id=\"Definition_and_function_of_resistors\"><\/span>Vastusten m\u00e4\u00e4ritelm\u00e4 ja toiminta<span class=\"ez-toc-section-end\"><\/span><\/h2>\n<p>A <a href=\"https:\/\/www.topfastpcb.com\/fi\/blog\/the-resistor\/\">vastus<\/a> on elektronisten laitteiden peruskomponentti, jota k\u00e4ytet\u00e4\u00e4n laajalti virtapiirin virran ohjaamiseen tai rajoittamiseen.Vastuksen vastusarvo m\u00e4\u00e4ritt\u00e4\u00e4, miss\u00e4 m\u00e4\u00e4rin se est\u00e4\u00e4 virran kulkua. Ohmin lain (V=IR) mukaan mit\u00e4 suurempi vastusarvo on, sit\u00e4 pienempi on tietyll\u00e4 j\u00e4nnitteell\u00e4 kulkeva virta, jossa V on j\u00e4nnite, I on virta ja R on vastus.<\/p>\n<p class=\"ds-markdown-paragraph\">Elektronisten piirien suunnittelussa vastukset ovat yksi t\u00e4rkeimmist\u00e4 passiivisista komponenteista, joiden suorituskyky vaikuttaa suoraan kokonaisten j\u00e4rjestelmien vakauteen ja luotettavuuteen. Kuten <a href=\"https:\/\/www.topfastpcb.com\/fi\/\">PCB-valmistus<\/a> asiantuntijat, joilla on 17 vuoden ammattikokemus, Topfast ymm\u00e4rt\u00e4\u00e4 syv\u00e4sti erilaisten vastusten ominaisuudet ja sovellusskenaariot ja tarjoaa asiakkaille t\u00e4ydellisi\u00e4 ratkaisuja komponenttien valinnasta kokoonpanoon.<\/p>\n<h2><span class=\"ez-toc-section\" id=\"Comprehensive_Resistor_Product_Portfolio\"><\/span>Kattava vastusten tuotevalikoima<span class=\"ez-toc-section-end\"><\/span><\/h2>\n<p class=\"ds-markdown-paragraph\">Topfastin vastusvalikoima kattaa kaikki yleisimm\u00e4t tyypit t\u00e4ytt\u00e4\u00e4kseen tiukat vaatimukset eri sovelluksissa:<\/p>\n<h3 class=\"ds-markdown-paragraph\"><span class=\"ez-toc-section\" id=\"High-Precision_Metal_Film_Resistor_Series\"><\/span><strong>Korkean tarkkuuden metallikalvovastussarja<\/strong><span class=\"ez-toc-section-end\"><\/span><\/h3>\n<p class=\"ds-markdown-paragraph\">Valmistetaan k\u00e4ytt\u00e4en kehittynytt\u00e4 tyhji\u00f6pinnoitustekniikkaa, jonka toleranssit ovat \u00b10,1 % ja l\u00e4mp\u00f6tilakertoimet niinkin alhaiset kuin 25 ppm\/ \u2103.Soveltuu erityisesti l\u00e4\u00e4ketieteellisiin laitteisiin ja tarkkuusinstrumentteihin, jotka vaativat poikkeuksellista vakautta. Metallikalvovastuksemme k\u00e4yv\u00e4t l\u00e4pi 100-prosenttiset ik\u00e4\u00e4ntymistestit pitk\u00e4aikaisen luotettavuuden varmistamiseksi.<\/p>\n<h3 class=\"ds-markdown-paragraph\"><span class=\"ez-toc-section\" id=\"High-Power_Wirewound_Resistor_Solutions\"><\/span><strong>Suuritehoiset lankavastusratkaisut<\/strong><span class=\"ez-toc-section-end\"><\/span><\/h3>\n<p class=\"ds-markdown-paragraph\">Teholuokat 5W-300W, joissa on erikoisseosteinen vastuslanka ja keraamiset ytimet, joilla on erinomainen korkean l\u00e4mp\u00f6tilan suorituskyky.Sovellettu menestyksekk\u00e4\u00e4sti teollisissa taajuusmuuttajissa ja voimaj\u00e4rjestelmiss\u00e4, joiden keskim\u00e4\u00e4r\u00e4inen vikaantumisaika on yli 100 000 tuntia.<\/p>\n<h3 class=\"ds-markdown-paragraph\"><span class=\"ez-toc-section\" id=\"Complete_Surface_Mount_Resistor_SMD_Series\"><\/span><strong>T\u00e4ydellinen pinta-asennusvastussarja (SMD)<\/strong><span class=\"ez-toc-section-end\"><\/span><\/h3>\n<p class=\"ds-markdown-paragraph\">Kattaa kaikki koot 0201:st\u00e4 2512:een, paksukalvo- ja ohutkalkovaihtoehdoilla.SMD-vastuksissamme k\u00e4ytet\u00e4\u00e4n innovatiivisia p\u00e4\u00e4ttymisrakenteita, jotka parantavat juotosluotettavuutta 30 % enemm\u00e4n kuin alan standardit, joten ne sopivat erinomaisesti korkean t\u00e4rin\u00e4n ymp\u00e4rist\u00f6ihin, kuten autoelektroniikkaan.<\/p>\n<h3 class=\"ds-markdown-paragraph\"><span class=\"ez-toc-section\" id=\"Custom_Specialty_Resistor_Services\"><\/span><strong>Mukautetut erikoisresistanssipalvelut<\/strong><span class=\"ez-toc-section-end\"><\/span><\/h3>\n<ul>\n<li>\n<p class=\"ds-markdown-paragraph\">Ei-magneettiset vastukset:0,01 mT, jotka t\u00e4ytt\u00e4v\u00e4t l\u00e4\u00e4ketieteellisten kuvantamislaitteiden, kuten MRI-j\u00e4rjestelmien, tiukat vaatimukset.<\/p>\n<\/li>\n<li>\n<p class=\"ds-markdown-paragraph\">Korkeaj\u00e4nnitevastukset:Erikoislaitteille, kuten r\u00f6ntgenlaitteille, jopa 50 kV:n k\u00e4ytt\u00f6j\u00e4nnitteisiin asti.<\/p>\n<\/li>\n<li>\n<p class=\"ds-markdown-paragraph\">Ylij\u00e4nnitteen kest\u00e4v\u00e4t vastukset: Pulssinkestokyky ylitt\u00e4\u00e4 standardituotteet 5 kertaa.<\/p>\n<\/li>\n<\/ul>\n<h2><img loading=\"lazy\" decoding=\"async\" src=\"https:\/\/www.topfastpcb.com\/wp-content\/uploads\/2025\/06\/resistors-4.jpg\" alt=\"vastukset\" width=\"600\" height=\"402\" class=\"aligncenter size-full wp-image-3344\" srcset=\"https:\/\/www.topfastpcb.com\/wp-content\/uploads\/2025\/06\/resistors-4.jpg 600w, https:\/\/www.topfastpcb.com\/wp-content\/uploads\/2025\/06\/resistors-4-300x201.jpg 300w, https:\/\/www.topfastpcb.com\/wp-content\/uploads\/2025\/06\/resistors-4-18x12.jpg 18w\" sizes=\"auto, (max-width: 600px) 100vw, 600px\" \/><\/h2>\n<h2><span class=\"ez-toc-section\" id=\"Quality_Assurance_System_Exceeding_Industry_Standards\"><\/span>Alan standardit ylitt\u00e4v\u00e4 laadunvarmistusj\u00e4rjestelm\u00e4<span class=\"ez-toc-section-end\"><\/span><\/h2>\n<p class=\"ds-markdown-paragraph\">Topfast on ottanut k\u00e4ytt\u00f6\u00f6n kattavan laadunvalvontaj\u00e4rjestelm\u00e4n:<\/p>\n<h3 class=\"ds-markdown-paragraph\"><span class=\"ez-toc-section\" id=\"Raw_Material_Control\"><\/span><strong>Raaka-aineiden valvonta<\/strong><span class=\"ez-toc-section-end\"><\/span><\/h3>\n<p class=\"ds-markdown-paragraph\">Suorat kumppanuudet huipputoimittajien, kuten Vishayn ja Yageon, kanssa:<\/p>\n<ul>\n<li>\n<p class=\"ds-markdown-paragraph\">T\u00e4ydellinen s\u00e4hk\u00f6isten parametrien tarkastus<\/p>\n<\/li>\n<li>\n<p class=\"ds-markdown-paragraph\">Juotettavuuden testaus<\/p>\n<\/li>\n<li>\n<p class=\"ds-markdown-paragraph\">Mikrorakenneanalyysi<\/p>\n<\/li>\n<\/ul>\n<h3 class=\"ds-markdown-paragraph\"><span class=\"ez-toc-section\" id=\"Advanced_Manufacturing_Processes\"><\/span><strong>Kehittyneet valmistusprosessit<\/strong><span class=\"ez-toc-section-end\"><\/span><\/h3>\n<ul>\n<li>\n<p class=\"ds-markdown-paragraph\">Japanilainen korkean tarkkuuden sijoituslaitteisto (\u00b125\u03bcm tarkkuus)<\/p>\n<\/li>\n<li>\n<p class=\"ds-markdown-paragraph\">Typpisuojattu reflow-juottaminen (hapettumisaste &lt;0,1 %)<\/p>\n<\/li>\n<li>\n<p class=\"ds-markdown-paragraph\">100% <a href=\"https:\/\/www.topfastpcb.com\/fi\/blog\/what-is-aoi-automated-optical-inspection\/\">automaattinen optinen tarkastus<\/a> (AOI) kattavuus<\/p>\n<\/li>\n<\/ul>\n<h3 class=\"ds-markdown-paragraph\"><span class=\"ez-toc-section\" id=\"Rigorous_Reliability_Testing\"><\/span><strong>Tiukka luotettavuustestaus<\/strong><span class=\"ez-toc-section-end\"><\/span><\/h3>\n<ul>\n<li>\n<p class=\"ds-markdown-paragraph\">L\u00e4mp\u00f6tilan vaihtelu (-55 \u2103 ~ + 125 \u2103) 100 sykli\u00e4<\/p>\n<\/li>\n<li>\n<p class=\"ds-markdown-paragraph\">85 \u2103\/85% RH kostean l\u00e4mm\u00f6n testaus 1000 tunnin ajan<\/p>\n<\/li>\n<li>\n<p class=\"ds-markdown-paragraph\">Mekaaninen t\u00e4rin\u00e4testi (20G)<\/p>\n<\/li>\n<\/ul>\n<h2><span class=\"ez-toc-section\" id=\"Value-Added_Services_for_Customers\"><\/span>Lis\u00e4arvopalvelut asiakkaille<span class=\"ez-toc-section-end\"><\/span><\/h2>\n<h3 class=\"ds-markdown-paragraph\"><span class=\"ez-toc-section\" id=\"Technical_Support_Team\"><\/span><strong>Tekninen tukitiimi<\/strong><span class=\"ez-toc-section-end\"><\/span><\/h3>\n<p class=\"ds-markdown-paragraph\">FAE-insin\u00f6\u00f6rit, joilla on yli 10 vuoden kokemus:<\/p>\n<ul>\n<li>\n<p class=\"ds-markdown-paragraph\">Piirisuunnittelun optimointi<\/p>\n<\/li>\n<li>\n<p class=\"ds-markdown-paragraph\">L\u00e4mp\u00f6analyysin simulointi<\/p>\n<\/li>\n<li>\n<p class=\"ds-markdown-paragraph\">Vikatila-analyysi<\/p>\n<\/li>\n<\/ul>\n<h3 class=\"ds-markdown-paragraph\"><span class=\"ez-toc-section\" id=\"Rapid_Response_Mechanism\"><\/span><strong>Nopean toiminnan mekanismi<\/strong><span class=\"ez-toc-section-end\"><\/span><\/h3>\n<ul>\n<li>\n<p class=\"ds-markdown-paragraph\">N\u00e4ytteen toimitus 24 tunnin kuluessa<\/p>\n<\/li>\n<li>\n<p class=\"ds-markdown-paragraph\">Pienet er\u00e4tilaukset 5 p\u00e4iv\u00e4n kuluessa<\/p>\n<\/li>\n<li>\n<p class=\"ds-markdown-paragraph\">H\u00e4t\u00e4tilauksen prioriteettikanava<\/p>\n<\/li>\n<\/ul>\n<h3 class=\"ds-markdown-paragraph\"><span class=\"ez-toc-section\" id=\"Cost_Optimization_Solutions\"><\/span><strong>Kustannusten optimointiratkaisut<\/strong><span class=\"ez-toc-section-end\"><\/span><\/h3>\n<p class=\"ds-markdown-paragraph\">Kautta:<\/p>\n<ul>\n<li>\n<p class=\"ds-markdown-paragraph\">Vaihtoehtoisten komponenttien arviointi<\/p>\n<\/li>\n<li>\n<p class=\"ds-markdown-paragraph\">Prosessien yksinkertaistamista koskevat suositukset<\/p>\n<\/li>\n<li>\n<p class=\"ds-markdown-paragraph\">Volyymialennukset<\/p>\n<\/li>\n<\/ul>\n<h2><span class=\"ez-toc-section\" id=\"Industry_Application_Cases\"><\/span>Teollisuuden sovellustapaukset<span class=\"ez-toc-section-end\"><\/span><\/h2>\n<p class=\"ds-markdown-paragraph\"><strong>5G-viestinn\u00e4n tukiasemat<\/strong><br \/>\nR\u00e4\u00e4t\u00e4l\u00f6idyt matalan parasiitti-induktanssin vastusmatriisit paransivat signaalin eheytt\u00e4 40 prosenttia, ja niit\u00e4 sovellettiin menestyksekk\u00e4\u00e4sti millimetriaaltotukiasemien RF-moduuleissa.<\/p>\n<p class=\"ds-markdown-paragraph\"><strong>Uudet energia-ajoneuvot<\/strong><br \/>\nKehitti korkean l\u00e4mp\u00f6tilan 125 \u2103 autoteollisuuden vastinratkaisuja, jotka t\u00e4ytt\u00e4v\u00e4t AEC-Q200-sertifioinnin ja joita valmistetaan massatuotantona BMS-j\u00e4rjestelmi\u00e4 varten.<\/p>\n<p class=\"ds-markdown-paragraph\"><strong>L\u00e4\u00e4kinn\u00e4lliset laitteet<\/strong><br \/>\nTarjosi ei-magneettisia vastusratkaisuja kansainv\u00e4liselle CT-laitemerkille ja auttoi FDA-sertifioinnissa.<\/p>\n<h3><span class=\"ez-toc-section\" id=\"About_Topfast\"><\/span>Tietoja Topfastista<span class=\"ez-toc-section-end\"><\/span><\/h3>\n<p class=\"ds-markdown-paragraph\">Perustettu vuonna 2008, 20 000\u33a1 moderni tuotantotukikohta, joka on sertifioitu ISO9001\/14001\/IATF16949-standardien mukaisesti.Palvelemme yli 3 000 maailmanlaajuista asiakasta, joiden vuotuiset vastuskomponenttitoimitukset ylitt\u00e4v\u00e4t 500 miljoonaa kappaletta.Emme vain tarjoa tuotteita, vaan luotettavia elektronisia valmistusratkaisuja.<\/p>\n<h2><span class=\"ez-toc-section\" id=\"Why_choose_Topfast\"><\/span>Miksi valita Topfast?<span class=\"ez-toc-section-end\"><\/span><\/h2>\n<p class=\"ds-markdown-paragraph\">Ammattimaisena piirilevyjen valmistuspalvelujen tarjoajana Topfast tarjoaa todella luotettavia vastusratkaisuja syv\u00e4llisen teknisen ymm\u00e4rryksen, tiukkojen laadunvalvontaj\u00e4rjestelmien ja runsaan sovelluskokemuksen avulla. Olipa kyse sitten vakiotuotteista tai erityisist\u00e4 mukautetuista vaatimuksista, vastaamme ammattimaisella sitoutumisella ja tehokkaalla palvelulla. Topfastin valitseminen tarkoittaa mielenrauhan valitsemista.<\/p>","protected":false},"excerpt":{"rendered":"<p><span>T\u00e4ss\u00e4 artikkelissa kerrotaan yksityiskohtaisesti Topfastin vastusten tuotej\u00e4rjestelm\u00e4st\u00e4 ja teknisist\u00e4 eduista, jotka kattavat korkean tarkkuuden metallikalvovastukset, suuritehoiset lankak\u00e4\u00e4mitysvastukset ja mukautetut erikoisvastukset. Siin\u00e4 selitet\u00e4\u00e4n tiukat laadunvalvontatoimenpiteet ja lis\u00e4arvopalvelut, jotka osoittavat yrityksen kattavat valmiudet ammattimaisena piirilevyvalmistajana.<\/span><\/p>","protected":false},"featured_media":3345,"comment_status":"closed","ping_status":"closed","template":"","meta":[],"product_brand":[],"product_cat":[217],"product_tag":[290],"class_list":{"0":"post-3343","1":"product","2":"type-product","3":"status-publish","4":"has-post-thumbnail","6":"product_cat-electronic-components","7":"product_tag-resistors","9":"first","10":"instock","11":"shipping-taxable","12":"product-type-simple"},"yoast_head":"<!-- This site is optimized with the Yoast SEO plugin v25.1 - https:\/\/yoast.com\/wordpress\/plugins\/seo\/ -->\n<title>Resistors - Topfastpcb<\/title>\n<meta name=\"description\" content=\"Topfast provides professional-grade resistor solutions including metal film, wirewound, SMD resistors with strict quality control and custom development. 17 years PCB manufacturing experience serving 3000+ global clients.\" \/>\n<meta name=\"robots\" content=\"index, follow, max-snippet:-1, max-image-preview:large, max-video-preview:-1\" \/>\n<link rel=\"canonical\" href=\"https:\/\/www.topfastpcb.com\/fi\/products\/resistors\/\" \/>\n<meta property=\"og:locale\" content=\"fi_FI\" \/>\n<meta property=\"og:type\" content=\"article\" \/>\n<meta property=\"og:title\" content=\"Resistors - Topfastpcb\" \/>\n<meta property=\"og:description\" content=\"Topfast provides professional-grade resistor solutions including metal film, wirewound, SMD resistors with strict quality control and custom development. 17 years PCB manufacturing experience serving 3000+ global clients.\" \/>\n<meta property=\"og:url\" content=\"https:\/\/www.topfastpcb.com\/fi\/products\/resistors\/\" \/>\n<meta property=\"og:site_name\" content=\"Topfastpcb\" \/>\n<meta property=\"article:modified_time\" content=\"2025-06-24T02:05:53+00:00\" \/>\n<meta property=\"og:image\" content=\"https:\/\/www.topfastpcb.com\/wp-content\/uploads\/2025\/06\/resistors-2.jpg\" \/>\n\t<meta property=\"og:image:width\" content=\"750\" \/>\n\t<meta property=\"og:image:height\" content=\"750\" \/>\n\t<meta property=\"og:image:type\" content=\"image\/jpeg\" \/>\n<meta name=\"twitter:card\" content=\"summary_large_image\" \/>\n<meta name=\"twitter:label1\" content=\"Arvioitu lukuaika\" \/>\n\t<meta name=\"twitter:data1\" content=\"3 minuuttia\" \/>\n<script type=\"application\/ld+json\" class=\"yoast-schema-graph\">{\"@context\":\"https:\/\/schema.org\",\"@graph\":[{\"@type\":\"WebPage\",\"@id\":\"https:\/\/www.topfastpcb.com\/products\/resistors\/\",\"url\":\"https:\/\/www.topfastpcb.com\/products\/resistors\/\",\"name\":\"Resistors - Topfastpcb\",\"isPartOf\":{\"@id\":\"https:\/\/www.topfastpcb.com\/#website\"},\"primaryImageOfPage\":{\"@id\":\"https:\/\/www.topfastpcb.com\/products\/resistors\/#primaryimage\"},\"image\":{\"@id\":\"https:\/\/www.topfastpcb.com\/products\/resistors\/#primaryimage\"},\"thumbnailUrl\":\"https:\/\/www.topfastpcb.com\/wp-content\/uploads\/2025\/06\/resistors-2.jpg\",\"datePublished\":\"2025-06-20T00:24:32+00:00\",\"dateModified\":\"2025-06-24T02:05:53+00:00\",\"description\":\"Topfast provides professional-grade resistor solutions including metal film, wirewound, SMD resistors with strict quality control and custom development. 17 years PCB manufacturing experience serving 3000+ global clients.\",\"breadcrumb\":{\"@id\":\"https:\/\/www.topfastpcb.com\/products\/resistors\/#breadcrumb\"},\"inLanguage\":\"fi\",\"potentialAction\":[{\"@type\":\"ReadAction\",\"target\":[\"https:\/\/www.topfastpcb.com\/products\/resistors\/\"]}]},{\"@type\":\"ImageObject\",\"inLanguage\":\"fi\",\"@id\":\"https:\/\/www.topfastpcb.com\/products\/resistors\/#primaryimage\",\"url\":\"https:\/\/www.topfastpcb.com\/wp-content\/uploads\/2025\/06\/resistors-2.jpg\",\"contentUrl\":\"https:\/\/www.topfastpcb.com\/wp-content\/uploads\/2025\/06\/resistors-2.jpg\",\"width\":750,\"height\":750},{\"@type\":\"BreadcrumbList\",\"@id\":\"https:\/\/www.topfastpcb.com\/products\/resistors\/#breadcrumb\",\"itemListElement\":[{\"@type\":\"ListItem\",\"position\":1,\"name\":\"\u9996\u9875\",\"item\":\"https:\/\/www.topfastpcb.com\/\"},{\"@type\":\"ListItem\",\"position\":2,\"name\":\"\u5546\u5e97\",\"item\":\"https:\/\/www.topfastpcb.com\/shop\/\"},{\"@type\":\"ListItem\",\"position\":3,\"name\":\"Resistors\"}]},{\"@type\":\"WebSite\",\"@id\":\"https:\/\/www.topfastpcb.com\/#website\",\"url\":\"https:\/\/www.topfastpcb.com\/\",\"name\":\"Topfastpcb\",\"description\":\"Topfast Prime Choice for Global Electronics Manufacturing\",\"publisher\":{\"@id\":\"https:\/\/www.topfastpcb.com\/#organization\"},\"potentialAction\":[{\"@type\":\"SearchAction\",\"target\":{\"@type\":\"EntryPoint\",\"urlTemplate\":\"https:\/\/www.topfastpcb.com\/?s={search_term_string}\"},\"query-input\":{\"@type\":\"PropertyValueSpecification\",\"valueRequired\":true,\"valueName\":\"search_term_string\"}}],\"inLanguage\":\"fi\"},{\"@type\":\"Organization\",\"@id\":\"https:\/\/www.topfastpcb.com\/#organization\",\"name\":\"Topfastpcb\",\"url\":\"https:\/\/www.topfastpcb.com\/\",\"logo\":{\"@type\":\"ImageObject\",\"inLanguage\":\"fi\",\"@id\":\"https:\/\/www.topfastpcb.com\/#\/schema\/logo\/image\/\",\"url\":\"https:\/\/www.topfastpcb.com\/wp-content\/uploads\/2026\/02\/cropped-topfast-logo.png\",\"contentUrl\":\"https:\/\/www.topfastpcb.com\/wp-content\/uploads\/2026\/02\/cropped-topfast-logo.png\",\"width\":144,\"height\":56,\"caption\":\"Topfastpcb\"},\"image\":{\"@id\":\"https:\/\/www.topfastpcb.com\/#\/schema\/logo\/image\/\"}}]}<\/script>\n<!-- \/ Yoast SEO plugin. -->","yoast_head_json":{"title":"Resistors - Topfastpcb","description":"Topfast provides professional-grade resistor solutions including metal film, wirewound, SMD resistors with strict quality control and custom development. 17 years PCB manufacturing experience serving 3000+ global clients.","robots":{"index":"index","follow":"follow","max-snippet":"max-snippet:-1","max-image-preview":"max-image-preview:large","max-video-preview":"max-video-preview:-1"},"canonical":"https:\/\/www.topfastpcb.com\/fi\/products\/resistors\/","og_locale":"fi_FI","og_type":"article","og_title":"Resistors - Topfastpcb","og_description":"Topfast provides professional-grade resistor solutions including metal film, wirewound, SMD resistors with strict quality control and custom development. 17 years PCB manufacturing experience serving 3000+ global clients.","og_url":"https:\/\/www.topfastpcb.com\/fi\/products\/resistors\/","og_site_name":"Topfastpcb","article_modified_time":"2025-06-24T02:05:53+00:00","og_image":[{"width":750,"height":750,"url":"https:\/\/www.topfastpcb.com\/wp-content\/uploads\/2025\/06\/resistors-2.jpg","type":"image\/jpeg"}],"twitter_card":"summary_large_image","twitter_misc":{"Arvioitu lukuaika":"3 minuuttia"},"schema":{"@context":"https:\/\/schema.org","@graph":[{"@type":"WebPage","@id":"https:\/\/www.topfastpcb.com\/products\/resistors\/","url":"https:\/\/www.topfastpcb.com\/products\/resistors\/","name":"Resistors - Topfastpcb","isPartOf":{"@id":"https:\/\/www.topfastpcb.com\/#website"},"primaryImageOfPage":{"@id":"https:\/\/www.topfastpcb.com\/products\/resistors\/#primaryimage"},"image":{"@id":"https:\/\/www.topfastpcb.com\/products\/resistors\/#primaryimage"},"thumbnailUrl":"https:\/\/www.topfastpcb.com\/wp-content\/uploads\/2025\/06\/resistors-2.jpg","datePublished":"2025-06-20T00:24:32+00:00","dateModified":"2025-06-24T02:05:53+00:00","description":"Topfast provides professional-grade resistor solutions including metal film, wirewound, SMD resistors with strict quality control and custom development. 17 years PCB manufacturing experience serving 3000+ global clients.","breadcrumb":{"@id":"https:\/\/www.topfastpcb.com\/products\/resistors\/#breadcrumb"},"inLanguage":"fi","potentialAction":[{"@type":"ReadAction","target":["https:\/\/www.topfastpcb.com\/products\/resistors\/"]}]},{"@type":"ImageObject","inLanguage":"fi","@id":"https:\/\/www.topfastpcb.com\/products\/resistors\/#primaryimage","url":"https:\/\/www.topfastpcb.com\/wp-content\/uploads\/2025\/06\/resistors-2.jpg","contentUrl":"https:\/\/www.topfastpcb.com\/wp-content\/uploads\/2025\/06\/resistors-2.jpg","width":750,"height":750},{"@type":"BreadcrumbList","@id":"https:\/\/www.topfastpcb.com\/products\/resistors\/#breadcrumb","itemListElement":[{"@type":"ListItem","position":1,"name":"\u9996\u9875","item":"https:\/\/www.topfastpcb.com\/"},{"@type":"ListItem","position":2,"name":"\u5546\u5e97","item":"https:\/\/www.topfastpcb.com\/shop\/"},{"@type":"ListItem","position":3,"name":"Resistors"}]},{"@type":"WebSite","@id":"https:\/\/www.topfastpcb.com\/#website","url":"https:\/\/www.topfastpcb.com\/","name":"Topfastpcb","description":"Topfast Prime Choice for Global Electronics Manufacturing","publisher":{"@id":"https:\/\/www.topfastpcb.com\/#organization"},"potentialAction":[{"@type":"SearchAction","target":{"@type":"EntryPoint","urlTemplate":"https:\/\/www.topfastpcb.com\/?s={search_term_string}"},"query-input":{"@type":"PropertyValueSpecification","valueRequired":true,"valueName":"search_term_string"}}],"inLanguage":"fi"},{"@type":"Organization","@id":"https:\/\/www.topfastpcb.com\/#organization","name":"Topfastpcb","url":"https:\/\/www.topfastpcb.com\/","logo":{"@type":"ImageObject","inLanguage":"fi","@id":"https:\/\/www.topfastpcb.com\/#\/schema\/logo\/image\/","url":"https:\/\/www.topfastpcb.com\/wp-content\/uploads\/2026\/02\/cropped-topfast-logo.png","contentUrl":"https:\/\/www.topfastpcb.com\/wp-content\/uploads\/2026\/02\/cropped-topfast-logo.png","width":144,"height":56,"caption":"Topfastpcb"},"image":{"@id":"https:\/\/www.topfastpcb.com\/#\/schema\/logo\/image\/"}}]}},"_links":{"self":[{"href":"https:\/\/www.topfastpcb.com\/fi\/wp-json\/wp\/v2\/product\/3343","targetHints":{"allow":["GET"]}}],"collection":[{"href":"https:\/\/www.topfastpcb.com\/fi\/wp-json\/wp\/v2\/product"}],"about":[{"href":"https:\/\/www.topfastpcb.com\/fi\/wp-json\/wp\/v2\/types\/product"}],"replies":[{"embeddable":true,"href":"https:\/\/www.topfastpcb.com\/fi\/wp-json\/wp\/v2\/comments?post=3343"}],"wp:featuredmedia":[{"embeddable":true,"href":"https:\/\/www.topfastpcb.com\/fi\/wp-json\/wp\/v2\/media\/3345"}],"wp:attachment":[{"href":"https:\/\/www.topfastpcb.com\/fi\/wp-json\/wp\/v2\/media?parent=3343"}],"wp:term":[{"taxonomy":"product_brand","embeddable":true,"href":"https:\/\/www.topfastpcb.com\/fi\/wp-json\/wp\/v2\/product_brand?post=3343"},{"taxonomy":"product_cat","embeddable":true,"href":"https:\/\/www.topfastpcb.com\/fi\/wp-json\/wp\/v2\/product_cat?post=3343"},{"taxonomy":"product_tag","embeddable":true,"href":"https:\/\/www.topfastpcb.com\/fi\/wp-json\/wp\/v2\/product_tag?post=3343"}],"curies":[{"name":"wp","href":"https:\/\/api.w.org\/{rel}","templated":true}]}}