{"id":3349,"date":"2025-06-21T08:35:11","date_gmt":"2025-06-21T00:35:11","guid":{"rendered":"https:\/\/www.topfastpcb.com\/?post_type=product&#038;p=3349"},"modified":"2025-06-24T10:03:28","modified_gmt":"2025-06-24T02:03:28","slug":"turnkey-pcb-assembly-services","status":"publish","type":"product","link":"https:\/\/www.topfastpcb.com\/fi\/products\/turnkey-pcb-assembly-services\/","title":{"rendered":"Avaimet k\u00e4teen - PCB-kokoonpanopalvelut"},"content":{"rendered":"<div id=\"ez-toc-container\" class=\"ez-toc-v2_0_74 counter-hierarchy ez-toc-counter ez-toc-custom ez-toc-container-direction\">\n<div class=\"ez-toc-title-container\">\n<p class=\"ez-toc-title\" style=\"cursor:inherit\">Sis\u00e4llysluettelo<\/p>\n<span class=\"ez-toc-title-toggle\"><\/span><\/div>\n<nav><ul class='ez-toc-list ez-toc-list-level-1' ><li class='ez-toc-page-1 ez-toc-heading-level-2'><a class=\"ez-toc-link ez-toc-heading-1\" href=\"https:\/\/www.topfastpcb.com\/fi\/products\/turnkey-pcb-assembly-services\/#Topfasts_Professional_Turnkey_PCB_Assembly_Services\" >Topfastin ammattimaiset avaimet k\u00e4teen -periaatteella toimivat PCB-kokoonpanopalvelut?<\/a><ul class='ez-toc-list-level-3' ><li class='ez-toc-heading-level-3'><a class=\"ez-toc-link ez-toc-heading-2\" href=\"https:\/\/www.topfastpcb.com\/fi\/products\/turnkey-pcb-assembly-services\/#End-to-End_Complete_Solution\" >Kokonaisvaltainen kokonaisratkaisu<\/a><\/li><li class='ez-toc-page-1 ez-toc-heading-level-3'><a class=\"ez-toc-link ez-toc-heading-3\" href=\"https:\/\/www.topfastpcb.com\/fi\/products\/turnkey-pcb-assembly-services\/#Rigorous_Quality_Assurance_System\" >Tiukka laadunvarmistusj\u00e4rjestelm\u00e4<\/a><\/li><\/ul><\/li><li class='ez-toc-page-1 ez-toc-heading-level-2'><a class=\"ez-toc-link ez-toc-heading-4\" href=\"https:\/\/www.topfastpcb.com\/fi\/products\/turnkey-pcb-assembly-services\/#Core_Advantages_of_Topfasts_Turnkey_Services\" >Topfastin avaimet k\u00e4teen -palveluiden t\u00e4rkeimm\u00e4t edut<\/a><ul class='ez-toc-list-level-3' ><li class='ez-toc-heading-level-3'><a class=\"ez-toc-link ez-toc-heading-5\" href=\"https:\/\/www.topfastpcb.com\/fi\/products\/turnkey-pcb-assembly-services\/#Significantly_Reducing_Operational_Complexity_for_Clients\" >Toiminnan monimutkaisuuden merkitt\u00e4v\u00e4 v\u00e4hent\u00e4minen asiakkaiden kannalta<\/a><\/li><li class='ez-toc-page-1 ez-toc-heading-level-3'><a class=\"ez-toc-link ez-toc-heading-6\" href=\"https:\/\/www.topfastpcb.com\/fi\/products\/turnkey-pcb-assembly-services\/#Flexible_Support_for_Various_Production_Needs\" >Joustava tuki erilaisiin tuotantotarpeisiin<\/a><\/li><li class='ez-toc-page-1 ez-toc-heading-level-3'><a class=\"ez-toc-link ez-toc-heading-7\" href=\"https:\/\/www.topfastpcb.com\/fi\/products\/turnkey-pcb-assembly-services\/#Cost_Optimization_Risk_Control\" >Kustannusten optimointi &amp; riskien hallinta<\/a><\/li><\/ul><\/li><li class='ez-toc-page-1 ez-toc-heading-level-2'><a class=\"ez-toc-link ez-toc-heading-8\" href=\"https:\/\/www.topfastpcb.com\/fi\/products\/turnkey-pcb-assembly-services\/#Industry-Leading_Technical_Capabilities\" >Alan johtavat tekniset valmiudet<\/a><\/li><li class='ez-toc-page-1 ez-toc-heading-level-2'><a class=\"ez-toc-link ez-toc-heading-9\" href=\"https:\/\/www.topfastpcb.com\/fi\/products\/turnkey-pcb-assembly-services\/#Why_Global_Clients_Trust_Topfast\" >Miksi maailmanlaajuiset asiakkaat luottavat Topfastiin<\/a><\/li><\/ul><\/nav><\/div>\n\n<p class=\"ds-markdown-paragraph\">Nykyp\u00e4iv\u00e4n nopeatempoisessa elektroniikan kehitt\u00e4misess\u00e4 jokainen vaihe konseptisuunnittelusta massatuotantoon on kriittinen. Johtavana PCB-ratkaisujen tarjoajana, jolla on 17 vuoden kokemus alalta, Topfast tarjoaa kattavan ammattimaisen avaimet k\u00e4teen -palvelun. <a href=\"https:\/\/www.topfastpcb.com\/fi\/products\/category\/pcba\/\">PCB-kokoonpanopalvelut<\/a>auttamalla globaaleja asiakkaita muuttamaan innovatiiviset suunnitelmat tehokkaasti luotettaviksi tuotteiksi ja lyhent\u00e4m\u00e4\u00e4n samalla merkitt\u00e4v\u00e4sti markkinoille tuloaikaa.<\/p>\n<h2><span class=\"ez-toc-section\" id=\"Topfasts_Professional_Turnkey_PCB_Assembly_Services\"><\/span>Topfastin ammattimaiset avaimet k\u00e4teen -periaatteella toimivat PCB-kokoonpanopalvelut?<span class=\"ez-toc-section-end\"><\/span><\/h2>\n<h3><span class=\"ez-toc-section\" id=\"End-to-End_Complete_Solution\"><\/span>Kokonaisvaltainen kokonaisratkaisu<span class=\"ez-toc-section-end\"><\/span><\/h3>\n<p class=\"ds-markdown-paragraph\">Toisin kuin tavalliset piirilevyvalmistajat, Topfast tarjoaa t\u00e4ydellisen arvoketjun palvelun suunnittelun tarkistuksesta lopulliseen toimitukseen. Kun valitset avaimet k\u00e4teen -palvelumme, hy\u00f6dyt seuraavista:<\/p>\n<ul>\n<li>\n<p class=\"ds-markdown-paragraph\"><strong>Ammattimainen DFM-tekninen tuki<\/strong>: Tekninen tiimimme tekee syv\u00e4llisen Design for Manufacturability (DFM) -analyysin Gerber-tiedostoistasi ja BOM:ista projektin alussa, tunnistaa mahdolliset ongelmat varhaisessa vaiheessa ja antaa optimointiehdotuksia, joilla v\u00e4ltet\u00e4\u00e4n kalliit j\u00e4lkity\u00f6t my\u00f6hemmin.<\/p>\n<\/li>\n<li>\n<p class=\"ds-markdown-paragraph\"><strong>Korkealaatuinen PCB-valmistus<\/strong>: 20 000 neli\u00f6metrin tehtaamme on varustettu edistyksellisill\u00e4 laitteilla, kuten laserporauskoneilla ja VCP-l\u00e4pireik\u00e4pinnoituslinjoilla, jotka pystyv\u00e4t tuottamaan j\u00e4ykki\u00e4 levyj\u00e4, joustavia levyj\u00e4, j\u00e4ykki\u00e4 joustavia levyj\u00e4, HDI-levyj\u00e4, RF-levyj\u00e4 ja paljon muuta teollisuuden erilaisiin tarpeisiin.<\/p>\n<\/li>\n<li>\n<p class=\"ds-markdown-paragraph\"><strong>Luotettava komponenttien toimitusketju<\/strong>: Syv\u00e4lliset yhteisty\u00f6kumppanuudet huippumerkkien valmistajien kanssa takaavat komponenttien laadun ja tarjoavat samalla kilpailukykyisimm\u00e4t hinnat. Maailmanlaajuinen toimittajaverkostomme pystyy vastaamaan nopeasti erilaisiin komponenttivaatimuksiin.<\/p>\n<\/li>\n<li>\n<p class=\"ds-markdown-paragraph\"><strong>Tarkkuuskokoonpanoprosessit<\/strong>: Hy\u00f6dynnet\u00e4\u00e4n kehittyneit\u00e4 kokoonpanotekniikoita, kuten SMT, THT, BGA-ty\u00f6st\u00f6 ja valikoiva juottaminen, yhdistettyn\u00e4 huipputarkkoihin sijoituskoneisiin ja ammattimaisiin juottotekniikoihin sen varmistamiseksi, ett\u00e4 jokainen juotosliitos t\u00e4ytt\u00e4\u00e4 IPC-A-610-standardit.<\/p>\n<\/li>\n<\/ul>\n<h3><span class=\"ez-toc-section\" id=\"Rigorous_Quality_Assurance_System\"><\/span>Tiukka laadunvarmistusj\u00e4rjestelm\u00e4<span class=\"ez-toc-section-end\"><\/span><\/h3>\n<p class=\"ds-markdown-paragraph\">Topfast on ISO 9001-, ISO 13485- ja UL-sertifioitu ammattimainen valmistaja, joka toteuttaa laadunvalvontaa koko tuotantoprosessin ajan:<\/p>\n<ul>\n<li>\n<p class=\"ds-markdown-paragraph\"><strong>100% s\u00e4hk\u00f6inen testaus<\/strong>: Kaikki paljaat levyt testataan lent\u00e4v\u00e4ll\u00e4 koettimella tai kiinnikkeell\u00e4 piirien liitett\u00e4vyyden varmistamiseksi.<\/p>\n<\/li>\n<li>\n<p class=\"ds-markdown-paragraph\"><strong>Useita tarkastusmenetelmi\u00e4<\/strong>: Yhdist\u00e4m\u00e4ll\u00e4 AOI automaattinen optinen tarkastus, r\u00f6ntgentarkastus (BGA\/piilotettuihin juotosliitoksiin) ja toiminnallinen testaus PCBA:n kattavaan laadunvarmistukseen.<\/p>\n<\/li>\n<li>\n<p class=\"ds-markdown-paragraph\"><strong>Tiukka ESD-valvonta<\/strong>: T\u00e4ydellisten s\u00e4hk\u00f6staattisten suojaustoimenpiteiden toteuttaminen tuotantoymp\u00e4rist\u00f6ss\u00e4 herkkien komponenttien vaurioitumisen est\u00e4miseksi.<\/p>\n<\/li>\n<li>\n<p class=\"ds-markdown-paragraph\"><strong>Puhdistus &amp; pakkaaminen<\/strong>: Ammattimainen puhdistus kokoamisen j\u00e4lkeen ja antistaattinen pakkaus turvallisen kuljetuksen varmistamiseksi<\/p>\n<\/li>\n<\/ul>\n<h2><img loading=\"lazy\" decoding=\"async\" src=\"https:\/\/www.topfastpcb.com\/wp-content\/uploads\/2025\/06\/pcba1.jpg\" alt=\"PCB-kokoonpano\" width=\"600\" height=\"402\" class=\"aligncenter size-full wp-image-3350\" srcset=\"https:\/\/www.topfastpcb.com\/wp-content\/uploads\/2025\/06\/pcba1.jpg 600w, https:\/\/www.topfastpcb.com\/wp-content\/uploads\/2025\/06\/pcba1-300x201.jpg 300w, https:\/\/www.topfastpcb.com\/wp-content\/uploads\/2025\/06\/pcba1-18x12.jpg 18w\" sizes=\"auto, (max-width: 600px) 100vw, 600px\" \/><\/h2>\n<h2><span class=\"ez-toc-section\" id=\"Core_Advantages_of_Topfasts_Turnkey_Services\"><\/span>Topfastin avaimet k\u00e4teen -palveluiden t\u00e4rkeimm\u00e4t edut<span class=\"ez-toc-section-end\"><\/span><\/h2>\n<h3><span class=\"ez-toc-section\" id=\"Significantly_Reducing_Operational_Complexity_for_Clients\"><\/span>Toiminnan monimutkaisuuden merkitt\u00e4v\u00e4 v\u00e4hent\u00e4minen asiakkaiden kannalta<span class=\"ez-toc-section-end\"><\/span><\/h3>\n<p class=\"ds-markdown-paragraph\">Perinteisiss\u00e4 malleissa asiakkaiden on sovitettava erikseen yhteen <a href=\"https:\/\/www.topfastpcb.com\/fi\/products\/\">PCB-valmistajat<\/a>, komponenttitoimittajien ja kokoonpanotehtaiden v\u00e4lill\u00e4, mik\u00e4 johtaa korkeisiin viestint\u00e4kustannuksiin ja mahdollisiin virheisiin. Topfastin yhden luukun palvelu tarkoittaa, ett\u00e4 sinun tarvitsee ty\u00f6skennell\u00e4 vain yhden ammattitaitoisen tiimin kanssa kaikkien vaiheiden suorittamiseksi suunnittelusta valmiiseen tuotteeseen, mik\u00e4 v\u00e4hent\u00e4\u00e4 huomattavasti hallinnollista taakkaa.<\/p>\n<p class=\"ds-markdown-paragraph\">Tietojemme mukaan avaimet k\u00e4teen -palveluita k\u00e4ytt\u00e4v\u00e4t asiakkaat s\u00e4\u00e4st\u00e4v\u00e4t keskim\u00e4\u00e4rin yli 30 % hankeajassa, mik\u00e4 tekee siit\u00e4 erityisen sopivan aloitteleville yrityksille tai pk-yrityksille, joilla on rajalliset resurssit tuoda tuotteet nopeasti markkinoille.<\/p>\n<h3><span class=\"ez-toc-section\" id=\"Flexible_Support_for_Various_Production_Needs\"><\/span>Joustava tuki erilaisiin tuotantotarpeisiin<span class=\"ez-toc-section-end\"><\/span><\/h3>\n<p class=\"ds-markdown-paragraph\">Tarvitsitpa sitten:<\/p>\n<ul>\n<li>\n<p class=\"ds-markdown-paragraph\"><strong>5-10 kappaletta nopeaa prototyyppien valmistusta varten<\/strong><\/p>\n<\/li>\n<li>\n<p class=\"ds-markdown-paragraph\"><strong>50-1000 kappaletta pienen er\u00e4n pilottituotantoon<\/strong><\/p>\n<\/li>\n<li>\n<p class=\"ds-markdown-paragraph\"><strong>Kymmeni\u00e4 tuhansia kappaleita massatuotantoa varten<\/strong><\/p>\n<\/li>\n<\/ul>\n<p class=\"ds-markdown-paragraph\">Topfast voi tarjota r\u00e4\u00e4t\u00e4l\u00f6ityj\u00e4 ratkaisuja. Ymm\u00e4rr\u00e4mme erilaiset tarpeet tuotekehityksen eri vaiheissa, ja olemme luoneet joustavan tuotantoj\u00e4rjestelm\u00e4n, joka tukee asiakkaita saumattomasti prototyyppien valmistuksesta massatuotantoon.<\/p>\n<h3><span class=\"ez-toc-section\" id=\"Cost_Optimization_Risk_Control\"><\/span>Kustannusten optimointi &amp; riskien hallinta<span class=\"ez-toc-section-end\"><\/span><\/h3>\n<p class=\"ds-markdown-paragraph\">Hy\u00f6dynn\u00e4mme mittakaavaetuja hankinnoissa ja kehittynytt\u00e4 teknist\u00e4 asiantuntemusta, joten tarjoamme asiakkaillemme:<\/p>\n<ul>\n<li>\n<p class=\"ds-markdown-paragraph\"><strong>BOM-kustannusanalyysi<\/strong>: Ammattitaitoinen tiimi tarkistaa materiaaliluettelot ja ehdottaa vastaavia vaihtoehtoja kustannusten v\u00e4hent\u00e4miseksi.<\/p>\n<\/li>\n<li>\n<p class=\"ds-markdown-paragraph\"><strong>Riskien varhainen tunnistaminen<\/strong>: DFM-analyysi tunnistaa suunnitteluvirheet etuk\u00e4teen, jolloin v\u00e4ltyt\u00e4\u00e4n kalliilta my\u00f6h\u00e4isvaiheen muutoksilta.<\/p>\n<\/li>\n<li>\n<p class=\"ds-markdown-paragraph\"><strong>L\u00e4pin\u00e4kyv\u00e4 hinnoittelu<\/strong>: Ei piilotettuja maksuja, mik\u00e4 tarjoaa markkinoiden kilpailukykyisimm\u00e4n hinnoittelurakenteen.<\/p>\n<\/li>\n<\/ul>\n<h2><span class=\"ez-toc-section\" id=\"Industry-Leading_Technical_Capabilities\"><\/span>Alan johtavat tekniset valmiudet<span class=\"ez-toc-section-end\"><\/span><\/h2>\n<p class=\"ds-markdown-paragraph\">Topfast investoi jatkuvasti teknologisiin innovaatioihin, ja tehtaallamme on:<\/p>\n<ul>\n<li>\n<p class=\"ds-markdown-paragraph\"><strong>Korkean tarkkuuden laserporauslaitteet<\/strong>: Tukee mikrovian k\u00e4sittely\u00e4 HDI-levyjen vaatimuksia varten.<\/p>\n<\/li>\n<li>\n<p class=\"ds-markdown-paragraph\"><strong>Blind Via AOI -tarkastusj\u00e4rjestelm\u00e4t<\/strong>: Monikerroslevyjen sis\u00e4isten liitosten luotettavuuden varmistaminen<\/p>\n<\/li>\n<li>\n<p class=\"ds-markdown-paragraph\"><strong>Keraamiset hionta tuotantolinjat<\/strong>Tarkka pintak\u00e4sittely<\/p>\n<\/li>\n<li>\n<p class=\"ds-markdown-paragraph\"><strong>Tyhji\u00f6hartsin tulppauskoneet<\/strong>: Levyn rakenteellisen vakauden parantaminen<\/p>\n<\/li>\n<\/ul>\n<p class=\"ds-markdown-paragraph\">Tekninen tiimimme koostuu kokeneista insin\u00f6\u00f6reist\u00e4, jotka pystyv\u00e4t k\u00e4sittelem\u00e4\u00e4n monimutkaisia piirilevysuunnitelmia, mukaan lukien korkean taajuuden RF-piirit, HDI-levyt (HDI) ja erikoissovellusten paksukupariset virtalevyt.<\/p>\n<h2><span class=\"ez-toc-section\" id=\"Why_Global_Clients_Trust_Topfast\"><\/span>Miksi maailmanlaajuiset asiakkaat luottavat Topfastiin<span class=\"ez-toc-section-end\"><\/span><\/h2>\n<p class=\"ds-markdown-paragraph\">PCB-kokoonpanokumppanin valinnassa ei ole kyse vain kustannuksista, vaan tuotteen laadusta ja projektin onnistumisesta.17 vuoden ammattikokemuksen, vankan laatuj\u00e4rjestelm\u00e4n ja asiakasl\u00e4ht\u00f6isen palvelufilosofian ansiosta Topfastista on tullut lukuisten kansainv\u00e4listen tuotemerkkien ensisijainen toimittaja.<\/p>\n<p class=\"ds-markdown-paragraph\">Ymm\u00e4rr\u00e4mme, ett\u00e4 jokainen PCB-projekti kantaa asiakkaidemme innovatiivisia visioita, mink\u00e4 vuoksi noudatamme &#8220;laatu ensin&#8221; ydinfilosofiaa.Huolellisen prosessinvalvonnan ja kehittyneiden teknisten menetelmien avulla varmistamme, ett\u00e4 jokainen toimitettu piirilevy t\u00e4ytt\u00e4\u00e4 tai ylitt\u00e4\u00e4 odotukset. Topfastin avaimet k\u00e4teen -palvelut ovat tukeneet menestyksekk\u00e4\u00e4sti satoja tuotteita massatuotannossa, l\u00e4\u00e4kinn\u00e4llisist\u00e4 laitteista teollisuuden ohjaukseen, kulutuselektroniikasta autoelektroniikkaan.<\/p>\n<p class=\"ds-markdown-paragraph\">Jos etsit luotettavia, tehokkaita ja kustannustehokkaita PCB-kokoonpanoratkaisuja, Topfastin ammattitaitoinen tiimi on valmis auttamaan. Voit vapaasti l\u00e4hett\u00e4\u00e4 suunnittelutiedostot ja BOM:n. <a href=\"https:\/\/www.topfastpcb.com\/fi\/contact\/\">v\u00e4lit\u00f6n tarjous<\/a>ja anna meid\u00e4n auttaa sinua muuttamaan ideat nopeasti markkinakelpoisiksi tuotteiksi.<\/p>","protected":false},"excerpt":{"rendered":"<p><span>T\u00e4ss\u00e4 artikkelissa k\u00e4sitell\u00e4\u00e4n yksityiskohtaisesti Topfastin ammattimaisen avaimet k\u00e4teen -periaatteella toimivan PCB-kokoonpanopalvelun keskeisi\u00e4 etuja, mukaan lukien kokonaisratkaisut, tiukka laadunvalvonta, joustava tuotantotuki ja kustannusten optimointivalmiudet, jotka osoittavat sen teknisen asiantuntemuksen ja palveluarvon alan johtavana PCB-toimittajana, joka auttaa asiakkaita saavuttamaan tehokkaan elektroniikan valmistuksen.<\/span><\/p>","protected":false},"featured_media":3351,"comment_status":"closed","ping_status":"closed","template":"","meta":[],"product_brand":[],"product_cat":[116],"product_tag":[231,207,291],"class_list":{"0":"post-3349","1":"product","2":"type-product","3":"status-publish","4":"has-post-thumbnail","6":"product_cat-pcba","7":"product_tag-pcb-assembly","8":"product_tag-pcba","9":"product_tag-turnkey-pcb-assembly","11":"first","12":"instock","13":"shipping-taxable","14":"product-type-simple"},"yoast_head":"<!-- This site is optimized with the Yoast SEO plugin v25.1 - https:\/\/yoast.com\/wordpress\/plugins\/seo\/ -->\n<title>Turnkey PCB Assembly Services - Topfastpcb<\/title>\n<meta name=\"description\" content=\"Topfast provides professional turnkey PCB assembly services with 17 years of experience in one-stop PCB fabrication, component procurement, precision assembly, and testing. ISO-certified quality system supports from prototyping to mass production, helping global clients accelerate product launches.\" \/>\n<meta name=\"robots\" content=\"index, follow, max-snippet:-1, max-image-preview:large, max-video-preview:-1\" \/>\n<link rel=\"canonical\" href=\"https:\/\/www.topfastpcb.com\/fi\/products\/turnkey-pcb-assembly-services\/\" \/>\n<meta property=\"og:locale\" content=\"fi_FI\" \/>\n<meta property=\"og:type\" content=\"article\" \/>\n<meta property=\"og:title\" content=\"Turnkey PCB Assembly Services - Topfastpcb\" \/>\n<meta property=\"og:description\" content=\"Topfast provides professional turnkey PCB assembly services with 17 years of experience in one-stop PCB fabrication, component procurement, precision assembly, and testing. ISO-certified quality system supports from prototyping to mass production, helping global clients accelerate product launches.\" \/>\n<meta property=\"og:url\" content=\"https:\/\/www.topfastpcb.com\/fi\/products\/turnkey-pcb-assembly-services\/\" \/>\n<meta property=\"og:site_name\" content=\"Topfastpcb\" \/>\n<meta property=\"article:modified_time\" content=\"2025-06-24T02:03:28+00:00\" \/>\n<meta property=\"og:image\" content=\"https:\/\/www.topfastpcb.com\/wp-content\/uploads\/2025\/06\/pcba13.jpg\" \/>\n\t<meta property=\"og:image:width\" content=\"750\" \/>\n\t<meta property=\"og:image:height\" content=\"750\" \/>\n\t<meta property=\"og:image:type\" content=\"image\/jpeg\" \/>\n<meta name=\"twitter:card\" content=\"summary_large_image\" \/>\n<meta name=\"twitter:label1\" content=\"Arvioitu lukuaika\" \/>\n\t<meta name=\"twitter:data1\" content=\"4 minuuttia\" \/>\n<script type=\"application\/ld+json\" class=\"yoast-schema-graph\">{\"@context\":\"https:\/\/schema.org\",\"@graph\":[{\"@type\":\"WebPage\",\"@id\":\"https:\/\/www.topfastpcb.com\/products\/turnkey-pcb-assembly-services\/\",\"url\":\"https:\/\/www.topfastpcb.com\/products\/turnkey-pcb-assembly-services\/\",\"name\":\"Turnkey PCB Assembly Services - Topfastpcb\",\"isPartOf\":{\"@id\":\"https:\/\/www.topfastpcb.com\/#website\"},\"primaryImageOfPage\":{\"@id\":\"https:\/\/www.topfastpcb.com\/products\/turnkey-pcb-assembly-services\/#primaryimage\"},\"image\":{\"@id\":\"https:\/\/www.topfastpcb.com\/products\/turnkey-pcb-assembly-services\/#primaryimage\"},\"thumbnailUrl\":\"https:\/\/www.topfastpcb.com\/wp-content\/uploads\/2025\/06\/pcba13.jpg\",\"datePublished\":\"2025-06-21T00:35:11+00:00\",\"dateModified\":\"2025-06-24T02:03:28+00:00\",\"description\":\"Topfast provides professional turnkey PCB assembly services with 17 years of experience in one-stop PCB fabrication, component procurement, precision assembly, and testing. ISO-certified quality system supports from prototyping to mass production, helping global clients accelerate product launches.\",\"breadcrumb\":{\"@id\":\"https:\/\/www.topfastpcb.com\/products\/turnkey-pcb-assembly-services\/#breadcrumb\"},\"inLanguage\":\"fi\",\"potentialAction\":[{\"@type\":\"ReadAction\",\"target\":[\"https:\/\/www.topfastpcb.com\/products\/turnkey-pcb-assembly-services\/\"]}]},{\"@type\":\"ImageObject\",\"inLanguage\":\"fi\",\"@id\":\"https:\/\/www.topfastpcb.com\/products\/turnkey-pcb-assembly-services\/#primaryimage\",\"url\":\"https:\/\/www.topfastpcb.com\/wp-content\/uploads\/2025\/06\/pcba13.jpg\",\"contentUrl\":\"https:\/\/www.topfastpcb.com\/wp-content\/uploads\/2025\/06\/pcba13.jpg\",\"width\":750,\"height\":750,\"caption\":\"Turnkey PCB Assembly\"},{\"@type\":\"BreadcrumbList\",\"@id\":\"https:\/\/www.topfastpcb.com\/products\/turnkey-pcb-assembly-services\/#breadcrumb\",\"itemListElement\":[{\"@type\":\"ListItem\",\"position\":1,\"name\":\"\u9996\u9875\",\"item\":\"https:\/\/www.topfastpcb.com\/\"},{\"@type\":\"ListItem\",\"position\":2,\"name\":\"\u5546\u5e97\",\"item\":\"https:\/\/www.topfastpcb.com\/shop\/\"},{\"@type\":\"ListItem\",\"position\":3,\"name\":\"Turnkey PCB Assembly Services\"}]},{\"@type\":\"WebSite\",\"@id\":\"https:\/\/www.topfastpcb.com\/#website\",\"url\":\"https:\/\/www.topfastpcb.com\/\",\"name\":\"Topfastpcb\",\"description\":\"Topfast Prime Choice for Global Electronics Manufacturing\",\"publisher\":{\"@id\":\"https:\/\/www.topfastpcb.com\/#organization\"},\"potentialAction\":[{\"@type\":\"SearchAction\",\"target\":{\"@type\":\"EntryPoint\",\"urlTemplate\":\"https:\/\/www.topfastpcb.com\/?s={search_term_string}\"},\"query-input\":{\"@type\":\"PropertyValueSpecification\",\"valueRequired\":true,\"valueName\":\"search_term_string\"}}],\"inLanguage\":\"fi\"},{\"@type\":\"Organization\",\"@id\":\"https:\/\/www.topfastpcb.com\/#organization\",\"name\":\"Topfastpcb\",\"url\":\"https:\/\/www.topfastpcb.com\/\",\"logo\":{\"@type\":\"ImageObject\",\"inLanguage\":\"fi\",\"@id\":\"https:\/\/www.topfastpcb.com\/#\/schema\/logo\/image\/\",\"url\":\"https:\/\/www.topfastpcb.com\/wp-content\/uploads\/2026\/02\/cropped-topfast-logo.png\",\"contentUrl\":\"https:\/\/www.topfastpcb.com\/wp-content\/uploads\/2026\/02\/cropped-topfast-logo.png\",\"width\":144,\"height\":56,\"caption\":\"Topfastpcb\"},\"image\":{\"@id\":\"https:\/\/www.topfastpcb.com\/#\/schema\/logo\/image\/\"}}]}<\/script>\n<!-- \/ Yoast SEO plugin. -->","yoast_head_json":{"title":"Turnkey PCB Assembly Services - Topfastpcb","description":"Topfast provides professional turnkey PCB assembly services with 17 years of experience in one-stop PCB fabrication, component procurement, precision assembly, and testing. ISO-certified quality system supports from prototyping to mass production, helping global clients accelerate product launches.","robots":{"index":"index","follow":"follow","max-snippet":"max-snippet:-1","max-image-preview":"max-image-preview:large","max-video-preview":"max-video-preview:-1"},"canonical":"https:\/\/www.topfastpcb.com\/fi\/products\/turnkey-pcb-assembly-services\/","og_locale":"fi_FI","og_type":"article","og_title":"Turnkey PCB Assembly Services - Topfastpcb","og_description":"Topfast provides professional turnkey PCB assembly services with 17 years of experience in one-stop PCB fabrication, component procurement, precision assembly, and testing. ISO-certified quality system supports from prototyping to mass production, helping global clients accelerate product launches.","og_url":"https:\/\/www.topfastpcb.com\/fi\/products\/turnkey-pcb-assembly-services\/","og_site_name":"Topfastpcb","article_modified_time":"2025-06-24T02:03:28+00:00","og_image":[{"width":750,"height":750,"url":"https:\/\/www.topfastpcb.com\/wp-content\/uploads\/2025\/06\/pcba13.jpg","type":"image\/jpeg"}],"twitter_card":"summary_large_image","twitter_misc":{"Arvioitu lukuaika":"4 minuuttia"},"schema":{"@context":"https:\/\/schema.org","@graph":[{"@type":"WebPage","@id":"https:\/\/www.topfastpcb.com\/products\/turnkey-pcb-assembly-services\/","url":"https:\/\/www.topfastpcb.com\/products\/turnkey-pcb-assembly-services\/","name":"Turnkey PCB Assembly Services - Topfastpcb","isPartOf":{"@id":"https:\/\/www.topfastpcb.com\/#website"},"primaryImageOfPage":{"@id":"https:\/\/www.topfastpcb.com\/products\/turnkey-pcb-assembly-services\/#primaryimage"},"image":{"@id":"https:\/\/www.topfastpcb.com\/products\/turnkey-pcb-assembly-services\/#primaryimage"},"thumbnailUrl":"https:\/\/www.topfastpcb.com\/wp-content\/uploads\/2025\/06\/pcba13.jpg","datePublished":"2025-06-21T00:35:11+00:00","dateModified":"2025-06-24T02:03:28+00:00","description":"Topfast provides professional turnkey PCB assembly services with 17 years of experience in one-stop PCB fabrication, component procurement, precision assembly, and testing. ISO-certified quality system supports from prototyping to mass production, helping global clients accelerate product launches.","breadcrumb":{"@id":"https:\/\/www.topfastpcb.com\/products\/turnkey-pcb-assembly-services\/#breadcrumb"},"inLanguage":"fi","potentialAction":[{"@type":"ReadAction","target":["https:\/\/www.topfastpcb.com\/products\/turnkey-pcb-assembly-services\/"]}]},{"@type":"ImageObject","inLanguage":"fi","@id":"https:\/\/www.topfastpcb.com\/products\/turnkey-pcb-assembly-services\/#primaryimage","url":"https:\/\/www.topfastpcb.com\/wp-content\/uploads\/2025\/06\/pcba13.jpg","contentUrl":"https:\/\/www.topfastpcb.com\/wp-content\/uploads\/2025\/06\/pcba13.jpg","width":750,"height":750,"caption":"Turnkey PCB Assembly"},{"@type":"BreadcrumbList","@id":"https:\/\/www.topfastpcb.com\/products\/turnkey-pcb-assembly-services\/#breadcrumb","itemListElement":[{"@type":"ListItem","position":1,"name":"\u9996\u9875","item":"https:\/\/www.topfastpcb.com\/"},{"@type":"ListItem","position":2,"name":"\u5546\u5e97","item":"https:\/\/www.topfastpcb.com\/shop\/"},{"@type":"ListItem","position":3,"name":"Turnkey PCB Assembly Services"}]},{"@type":"WebSite","@id":"https:\/\/www.topfastpcb.com\/#website","url":"https:\/\/www.topfastpcb.com\/","name":"Topfastpcb","description":"Topfast Prime Choice for Global Electronics Manufacturing","publisher":{"@id":"https:\/\/www.topfastpcb.com\/#organization"},"potentialAction":[{"@type":"SearchAction","target":{"@type":"EntryPoint","urlTemplate":"https:\/\/www.topfastpcb.com\/?s={search_term_string}"},"query-input":{"@type":"PropertyValueSpecification","valueRequired":true,"valueName":"search_term_string"}}],"inLanguage":"fi"},{"@type":"Organization","@id":"https:\/\/www.topfastpcb.com\/#organization","name":"Topfastpcb","url":"https:\/\/www.topfastpcb.com\/","logo":{"@type":"ImageObject","inLanguage":"fi","@id":"https:\/\/www.topfastpcb.com\/#\/schema\/logo\/image\/","url":"https:\/\/www.topfastpcb.com\/wp-content\/uploads\/2026\/02\/cropped-topfast-logo.png","contentUrl":"https:\/\/www.topfastpcb.com\/wp-content\/uploads\/2026\/02\/cropped-topfast-logo.png","width":144,"height":56,"caption":"Topfastpcb"},"image":{"@id":"https:\/\/www.topfastpcb.com\/#\/schema\/logo\/image\/"}}]}},"_links":{"self":[{"href":"https:\/\/www.topfastpcb.com\/fi\/wp-json\/wp\/v2\/product\/3349","targetHints":{"allow":["GET"]}}],"collection":[{"href":"https:\/\/www.topfastpcb.com\/fi\/wp-json\/wp\/v2\/product"}],"about":[{"href":"https:\/\/www.topfastpcb.com\/fi\/wp-json\/wp\/v2\/types\/product"}],"replies":[{"embeddable":true,"href":"https:\/\/www.topfastpcb.com\/fi\/wp-json\/wp\/v2\/comments?post=3349"}],"wp:featuredmedia":[{"embeddable":true,"href":"https:\/\/www.topfastpcb.com\/fi\/wp-json\/wp\/v2\/media\/3351"}],"wp:attachment":[{"href":"https:\/\/www.topfastpcb.com\/fi\/wp-json\/wp\/v2\/media?parent=3349"}],"wp:term":[{"taxonomy":"product_brand","embeddable":true,"href":"https:\/\/www.topfastpcb.com\/fi\/wp-json\/wp\/v2\/product_brand?post=3349"},{"taxonomy":"product_cat","embeddable":true,"href":"https:\/\/www.topfastpcb.com\/fi\/wp-json\/wp\/v2\/product_cat?post=3349"},{"taxonomy":"product_tag","embeddable":true,"href":"https:\/\/www.topfastpcb.com\/fi\/wp-json\/wp\/v2\/product_tag?post=3349"}],"curies":[{"name":"wp","href":"https:\/\/api.w.org\/{rel}","templated":true}]}}