{"id":3366,"date":"2025-06-22T08:30:25","date_gmt":"2025-06-22T00:30:25","guid":{"rendered":"https:\/\/www.topfastpcb.com\/?post_type=product&#038;p=3366"},"modified":"2025-06-24T10:02:51","modified_gmt":"2025-06-24T02:02:51","slug":"capacitor","status":"publish","type":"product","link":"https:\/\/www.topfastpcb.com\/fi\/products\/capacitor\/","title":{"rendered":"Kondensaattori"},"content":{"rendered":"<div id=\"ez-toc-container\" class=\"ez-toc-v2_0_74 counter-hierarchy ez-toc-counter ez-toc-custom ez-toc-container-direction\">\n<div class=\"ez-toc-title-container\">\n<p class=\"ez-toc-title\" style=\"cursor:inherit\">Sis\u00e4llysluettelo<\/p>\n<span class=\"ez-toc-title-toggle\"><\/span><\/div>\n<nav><ul class='ez-toc-list ez-toc-list-level-1' ><li class='ez-toc-page-1 ez-toc-heading-level-2'><a class=\"ez-toc-link ez-toc-heading-1\" href=\"https:\/\/www.topfastpcb.com\/fi\/products\/capacitor\/#What_is_a_capacitor\" >Mik\u00e4 on kondensaattori?<\/a><\/li><li class='ez-toc-page-1 ez-toc-heading-level-2'><a class=\"ez-toc-link ez-toc-heading-2\" href=\"https:\/\/www.topfastpcb.com\/fi\/products\/capacitor\/#The_Function_of_Capacitors\" >Kondensaattoreiden toiminta<\/a><ul class='ez-toc-list-level-3' ><li class='ez-toc-heading-level-3'><a class=\"ez-toc-link ez-toc-heading-3\" href=\"https:\/\/www.topfastpcb.com\/fi\/products\/capacitor\/#1_Filtering_and_Coupling_Functions\" >1.Suodatus- ja kytkent\u00e4funktiot<\/a><\/li><li class='ez-toc-page-1 ez-toc-heading-level-3'><a class=\"ez-toc-link ez-toc-heading-4\" href=\"https:\/\/www.topfastpcb.com\/fi\/products\/capacitor\/#2_Decoupling_and_Bypass_Capacitors\" >2.Kytkent\u00e4- ja ohituskondensaattorit<\/a><\/li><li class='ez-toc-page-1 ez-toc-heading-level-3'><a class=\"ez-toc-link ez-toc-heading-5\" href=\"https:\/\/www.topfastpcb.com\/fi\/products\/capacitor\/#3_Timing_Circuits\" >3. Ajoituspiirit<\/a><\/li><\/ul><\/li><li class='ez-toc-page-1 ez-toc-heading-level-2'><a class=\"ez-toc-link ez-toc-heading-6\" href=\"https:\/\/www.topfastpcb.com\/fi\/products\/capacitor\/#One-stop_solution_for_PCB_assembly\" >Yhden luukun ratkaisu PCB-kokoonpanoon<\/a><\/li><li class='ez-toc-page-1 ez-toc-heading-level-2'><a class=\"ez-toc-link ez-toc-heading-7\" href=\"https:\/\/www.topfastpcb.com\/fi\/products\/capacitor\/#Comprehensive_Quality_Assurance_System\" >Kattava laadunvarmistusj\u00e4rjestelm\u00e4<\/a><\/li><li class='ez-toc-page-1 ez-toc-heading-level-2'><a class=\"ez-toc-link ez-toc-heading-8\" href=\"https:\/\/www.topfastpcb.com\/fi\/products\/capacitor\/#Why_choose_Topfast\" >Miksi valita Topfast?<\/a><\/li><\/ul><\/nav><\/div>\n\n<h2><span class=\"ez-toc-section\" id=\"What_is_a_capacitor\"><\/span>Mik\u00e4 on kondensaattori?<span class=\"ez-toc-section-end\"><\/span><\/h2>\n<p>Kondensaattori on l\u00e4hinn\u00e4 elektroninen komponentti, joka voi varastoida s\u00e4hk\u00f6varausta. Se koostuu kahdesta toisistaan eristetyst\u00e4 johtimesta ja niiden v\u00e4liss\u00e4 olevasta dielektrisest\u00e4 materiaalista. Kun kondensaattorin yli kytket\u00e4\u00e4n j\u00e4nnite, positiiviset ja negatiiviset varaukset ker\u00e4\u00e4ntyv\u00e4t kahteen johtimeen, mutta eiv\u00e4t virtaa suoraan, jolloin muodostuu s\u00e4hk\u00f6kentt\u00e4, joka varastoi energiaa. T\u00e4m\u00e4 mahdollistaa <a href=\"https:\/\/www.topfastpcb.com\/fi\/blog\/how-to-test-capacitors\/\">kondensaattori<\/a> tuottaa suuren hetkellisen virran tehonvaihtelujen aikana, mik\u00e4 varmistaa j\u00e4rjestelm\u00e4n vakaan toiminnan. Kondensaattoreiden merkitys piirisuunnittelun v\u00e4ltt\u00e4m\u00e4tt\u00f6m\u00e4n\u00e4 passiivisena komponenttina on yht\u00e4 suuri kuin itse piirien merkitys. \u00c4lypuhelimista avaruusaluksiin, l\u00e4\u00e4kinn\u00e4llisist\u00e4 laitteista teollisuuden ohjausj\u00e4rjestelmiin, kondensaattorit turvaavat hiljaisesti jokaisen elektroniikkatuotteen vakaan toiminnan ainutlaatuisilla energian varastointiominaisuuksillaan ja signaalink\u00e4sittelyominaisuuksillaan.<\/p>\n<p>Alan johtavana toimijana, jolla on 17 vuoden kokemus seuraavista aloista <a href=\"https:\/\/www.topfastpcb.com\/fi\/\">PCB-valmistus<\/a> ja kokoonpanossa, Topfast ymm\u00e4rt\u00e4\u00e4 kondensaattoreiden kriittisen roolin piirisuunnittelussa.Siksi kiinnit\u00e4mme erityist\u00e4 huomiota kondensaattoreiden valintaan ja asetteluun ja varmistamme tiukan laadunvalvontaj\u00e4rjestelm\u00e4n avulla, ett\u00e4 jokainen kondensaattori toimii mahdollisimman tehokkaasti. Otetaan esimerkiksi kameran salamapiiri: korkealaatuisia elektrolyyttikondensaattoreita k\u00e4ytet\u00e4\u00e4n energian varastointiyksikk\u00f6in\u00e4. Laskemalla tarkasti niiden kapasitanssi- ja j\u00e4nnitearvot vapautuu riitt\u00e4v\u00e4sti virtaa salamaputken k\u00e4ytt\u00e4miseen valokuvauksen aikana ja samalla estet\u00e4\u00e4n ylij\u00e4nnitteen aiheuttamat kondensaattorivauriot.<\/p>\n<h2><span class=\"ez-toc-section\" id=\"The_Function_of_Capacitors\"><\/span>Kondensaattoreiden toiminta<span class=\"ez-toc-section-end\"><\/span><\/h2>\n<h3><span class=\"ez-toc-section\" id=\"1_Filtering_and_Coupling_Functions\"><\/span>1.Suodatus- ja kytkent\u00e4funktiot<span class=\"ez-toc-section-end\"><\/span><\/h3>\n<p>Kondensaattoreiden toinen merkitt\u00e4v\u00e4 ominaisuus on niiden erilainen \"asenne\" vaihto- ja tasavirtasignaaleja kohtaan - ne p\u00e4\u00e4st\u00e4v\u00e4t vaihtosignaalit l\u00e4pi ja est\u00e4v\u00e4t tasavirtasignaalit.T\u00e4m\u00e4 ominaisuus tekee kondensaattoreista v\u00e4ltt\u00e4m\u00e4tt\u00f6mi\u00e4 komponentteja signaalink\u00e4sittelyss\u00e4.<br \/>\nTehol\u00e4hteiden suodatussovelluksissa insin\u00f6\u00f6rit suunnittelevat huolellisesti monivaiheisia kondensaattorisuodatusverkkoja, joissa tyypillisesti yhdistet\u00e4\u00e4n suurikapasiteettisia elektrolyyttikondensaattoreita ja pienikapasiteettisia keraamisia kondensaattoreita.Ensin mainitut vastaavat matalataajuisen aaltoilun suodattamisesta, kun taas j\u00e4lkimm\u00e4iset kohdistuvat korkeataajuiseen kohinaan. T\u00e4m\u00e4 \"koon sovittaminen\" tarjoaa asiakkaille poikkeuksellisen puhdasta tasavirtaa, joka on monien huippuluokan elektroniikkalaitteiden vakaan toiminnan perusta.<br \/>\nSignaalikytkenn\u00e4n osalta monikerroksinen piirilevysuunnittelutekniikka voi minimoida loisparametrien vaikutuksen kytkent\u00e4kondensaattoreihin.Sijoittamalla korkealaatuiset kalvokondensaattorit tarkasti kriittisille signaalireiteille voidaan AC-signaalit siirt\u00e4\u00e4 ilman h\u00e4vi\u00f6it\u00e4 ja erist\u00e4\u00e4 samalla tehokkaasti DC-virtapiirien h\u00e4iri\u00f6t eri piiritasojen v\u00e4lill\u00e4.<\/p>\n<h3><span class=\"ez-toc-section\" id=\"2_Decoupling_and_Bypass_Capacitors\"><\/span>2.Kytkent\u00e4- ja ohituskondensaattorit<span class=\"ez-toc-section-end\"><\/span><\/h3>\n<p>Nopeissa digitaalisissa piireiss\u00e4 ja RF-j\u00e4rjestelmiss\u00e4 kondensaattorit muuttuvat passiivisista komponenteista aktiivisiksi stabilisaattoreiksi.Kun sirut vaihtavat nopeiden toimintatilojen v\u00e4lill\u00e4, ne tuottavat siirtym\u00e4virtoja.Pelk\u00e4st\u00e4\u00e4n virtal\u00e4hteen reaktioon luottaminen aiheuttaisi j\u00e4nnitevaihteluita ja j\u00e4rjestelm\u00e4n ep\u00e4vakautta.<\/p>\n<p>Kunkin IC:n virtanastojen l\u00e4heisyyteen on sijoitettu purkauskondensaattoriverkko, jonka kapasitanssiarvot on laskettu huolellisesti.Edistyneen SMT-asennustekniikan avulla jopa eritt\u00e4in pienet keraamiset kondensaattorit, joiden koko on vain 01005, voidaan sijoittaa tarkasti. Minimoimalla kondensaattorin ja sirun v\u00e4linen j\u00e4ljen pituus silmukkainduktanssi pienennet\u00e4\u00e4n mahdollisimman pieneksi, mik\u00e4 varmistaa, ett\u00e4 kondensaattori pystyy vastaamaan sirun virtavaatimuksiin nanosekunnissa. T\u00e4m\u00e4 yksityiskohtien t\u00e4ydellisyyden tavoittelu mahdollistaa sen, ett\u00e4 piirilevytuotteet toimivat poikkeuksellisen hyvin nopeissa sovelluksissa.<\/p>\n<p>Analogisten piirien kriittisten solmukohtien ohituskondensaattoreissa on otettava huomioon kondensaattorin nimellisarvon lis\u00e4ksi my\u00f6s sen ekvivalentti sarjavastus (ESR) ja l\u00e4mp\u00f6tilaominaisuudet.Tarkalla ohitusverkon suunnittelulla herkille piirin solmuille luodaan \"kohinanpoistokanava\", joka parantaa merkitt\u00e4v\u00e4sti j\u00e4rjestelm\u00e4n signaali-kohinasuhdetta ja vakautta.<\/p>\n<h3><span class=\"ez-toc-section\" id=\"3_Timing_Circuits\"><\/span>3. Ajoituspiirit<span class=\"ez-toc-section-end\"><\/span><\/h3>\n<p>Kun kondensaattorit ja vastukset muodostavat RC-verkon, ne toimivat elektroniikassa \"kellogeneraattoreina\".Kondensaattoreiden lataus- ja purkautumisprosesseilla on tarkat aikaominaisuudet, joita k\u00e4ytet\u00e4\u00e4n laajalti erilaisissa ajoitus- ja v\u00e4r\u00e4htelypiireiss\u00e4.<br \/>\nTopfastilla on laaja kokemus l\u00e4\u00e4ketieteellisten laitteiden piirilevyjen valmistuksesta, joista monet vaativat eritt\u00e4in tarkkoja ajoituspiirej\u00e4 elint\u00e4rkeiden merkkien valvontalaitteita varten.K\u00e4yt\u00e4mme C0G\/NP0-luokan keraamisia kondensaattoreita, joilla on erinomainen l\u00e4mp\u00f6tilakest\u00e4vyys, yhdistettyn\u00e4 tarkkuusvastuksiin, rakentaaksemme RC-ajastusverkkoja, joiden l\u00e4mp\u00f6tilavaihtelu on minimaalista.Kondensaattoreiden lataus- ja purkautumisk\u00e4yri\u00e4 tarkasti s\u00e4\u00e4telem\u00e4ll\u00e4 saavutamme millisekunti- tai jopa mikrosekuntitason ajoitusohjaustarkkuuden, mik\u00e4 takaa l\u00e4\u00e4ketieteellisten laitteiden luotettavan toiminnan.<br \/>\nLED-himmennyspiireiss\u00e4 hy\u00f6dynn\u00e4mme kondensaattoreiden ajoitusominaisuuksia luodaksemme tasaisia kirkkauden siirtym\u00e4efektej\u00e4. Valitsemalla huolellisesti kondensaattorimateriaalit ja optimoimalla piirin asettelun v\u00e4lt\u00e4mme yleiset \"portaittaiset\" himmennystoiminnot ja tarjoamme k\u00e4ytt\u00e4jille miellytt\u00e4v\u00e4n visuaalisen kokemuksen. T\u00e4m\u00e4 keskittyminen k\u00e4ytt\u00e4j\u00e4kokemukseen erottaa Topfastin tavallisista piirilevyvalmistajista.<\/p>\n<h2><img loading=\"lazy\" decoding=\"async\" src=\"https:\/\/www.topfastpcb.com\/wp-content\/uploads\/2025\/06\/Capacitor-4.jpg\" alt=\"Kondensaattori\" width=\"600\" height=\"402\" class=\"aligncenter size-full wp-image-3367\" srcset=\"https:\/\/www.topfastpcb.com\/wp-content\/uploads\/2025\/06\/Capacitor-4.jpg 600w, https:\/\/www.topfastpcb.com\/wp-content\/uploads\/2025\/06\/Capacitor-4-300x201.jpg 300w, https:\/\/www.topfastpcb.com\/wp-content\/uploads\/2025\/06\/Capacitor-4-18x12.jpg 18w\" sizes=\"auto, (max-width: 600px) 100vw, 600px\" \/><\/h2>\n<h2><span class=\"ez-toc-section\" id=\"One-stop_solution_for_PCB_assembly\"><\/span>Yhden luukun ratkaisu <a href=\"https:\/\/www.topfastpcb.com\/fi\/products\/category\/pcba\/\">PCB-kokoonpano<\/a><span class=\"ez-toc-section-end\"><\/span><\/h2>\n<p>Elektroniikan valmistuksen alan johtavana asiantuntijana Topfast ei ainoastaan tarjoa piirilevyjen valmistuspalveluja, vaan on my\u00f6s rakentanut t\u00e4ydellisen laitteen hankintaj\u00e4rjestelm\u00e4n ja kondensaattorin toimitusketjuj\u00e4rjestelm\u00e4n.Yll\u00e4pid\u00e4mme pitk\u00e4aikaisia yhteisty\u00f6suhteita huippukondensaattorivalmistajien, kuten Muratan, TDK:n ja AVX:n, kanssa varmistaaksemme, ett\u00e4 asiakkaamme voivat saada aitoja alkuper\u00e4isi\u00e4 komponentteja. Olipa kyse sitten tavallisista keraamisista kondensaattoreista, elektrolyyttikondensaattoreista tai korkeaj\u00e4nnitekondensaattoreista ja korkean l\u00e4mp\u00f6tilan kondensaattoreista erikoissovelluksia varten, pystymme reagoimaan nopeasti ja tarjoamaan r\u00e4\u00e4t\u00e4l\u00f6ityj\u00e4 ratkaisuja, jotka t\u00e4ytt\u00e4v\u00e4t vaatimuksesi.<\/p>\n<p>Kun asiakkaat toimittavat Bill of Materials (BOM) -luettelon, suoritamme ammattimaisen komponenttien tarkistuksen ja tarjoamme vaihtoehtoisia ehdotuksia, joilla estet\u00e4\u00e4n parametrien yhteensopimattomuudesta johtuvat suorituskyvyn menetykset.Korkeataajuuspiirien kondensaattorisovelluksia varten annamme my\u00f6s suosituksia dielektrisen materiaalin valinnasta, jotta asiakkaat voivat saavuttaa optimaalisen tasapainon kustannusten ja suorituskyvyn v\u00e4lill\u00e4.<\/p>\n<p>Piirilevykokoonpanon aikana 01005-kokoisista miniatyyrikokoisista SMD-kondensaattoreista suuriin alumiinielektrolyyttikondensaattoreihin SMT-laitteet ja aaltojuotosprosessit takaavat t\u00e4ydellisen laadun.Jokaiselle kootulle piirilevylle tehd\u00e4\u00e4n tiukka AOI- ja r\u00f6ntgentarkastus, jolla varmistetaan, ett\u00e4 kondensaattorin napaisuus, sijainti ja hitsauslaatu t\u00e4ytt\u00e4v\u00e4t t\u00e4ysin vaatimukset.<\/p>\n<h2><span class=\"ez-toc-section\" id=\"Comprehensive_Quality_Assurance_System\"><\/span>Kattava laadunvarmistusj\u00e4rjestelm\u00e4<span class=\"ez-toc-section-end\"><\/span><\/h2>\n<p>Laatua ei havaita, vaan se suunnitellaan.Valvomme kondensaattoreiden laatua l\u00e4hteest\u00e4 l\u00e4htien.Kaikille tehtaalle tuleville kondensaattoreille tehd\u00e4\u00e4n tiukat vastaanottotarkastukset, mukaan lukien silm\u00e4m\u00e4\u00e4r\u00e4iset tarkastukset, s\u00e4hk\u00f6iset parametritestit (LCR-testit) ja tarvittavat r\u00f6ntgentarkastukset. Olemme ottaneet k\u00e4ytt\u00f6\u00f6n t\u00e4ydellisen er\u00e4n j\u00e4ljitett\u00e4vyysj\u00e4rjestelm\u00e4n, jotta kaikki laatuongelmat voidaan tunnistaa ja ratkaista nopeasti.<\/p>\n<p>Kehit\u00e4mme r\u00e4\u00e4t\u00e4l\u00f6ityj\u00e4 laadunvalvontastrategioita erilaisiin sovellustilanteisiin.Korkeataajuuspiirien kondensaattoreiden osalta keskitymme niiden Q-kertoimeen ja ESR-parametreihin; tehonsuodatuskondensaattoreiden osalta asetamme etusijalle kapasiteetin tarkkuuden ja kest\u00e4vyyden. T\u00e4m\u00e4 kohdennettu laadunvalvontatapa varmistaa, ett\u00e4 toimitamme piirilevytuotteita, jotka todella t\u00e4ytt\u00e4v\u00e4t asiakkaidemme sovellusvaatimukset.<\/p>\n<p>PCB-ymp\u00e4rist\u00f6testauslaboratoriossa on kattavat luotettavuustestauslaitteet, joten voimme simuloida erilaisia \u00e4\u00e4rimm\u00e4isi\u00e4 k\u00e4ytt\u00f6olosuhteita kondensaattorin suorituskyvyn validoimiseksi.Olipa kyse sitten pitk\u00e4aikaisista ik\u00e4\u00e4ntymistesteist\u00e4 korkeissa l\u00e4mp\u00f6tiloissa ja kosteusolosuhteissa tai kest\u00e4vyystesteist\u00e4 mekaanisissa t\u00e4rin\u00e4olosuhteissa, Topfast tarjoaa asiakkaille luotettavaa ja tarkkaa tietotukea.<\/p>\n<h2><span class=\"ez-toc-section\" id=\"Why_choose_Topfast\"><\/span>Miksi valita Topfast?<span class=\"ez-toc-section-end\"><\/span><\/h2>\n<p>Vaikka kondensaattorit ovat pieni\u00e4, niill\u00e4 on t\u00e4rke\u00e4 rooli elektronisissa j\u00e4rjestelmiss\u00e4.Topfastilla on 17 vuoden kokemus alalta, ja se on luonut kattavan valmiusj\u00e4rjestelm\u00e4n, joka kattaa kondensaattorien valinnan, hankinnan, piirilevysuunnittelun, valmistuksen ja kokoonpanon. Emme ainoastaan tarjoa tuotteita vaan my\u00f6s ratkaisuja, jotka perustuvat syv\u00e4\u00e4n tekniseen ymm\u00e4rrykseen. Olipa kyse sitten tavanomaisesta kulutuselektroniikasta tai eritt\u00e4in luotettavasta autoelektroniikasta ja l\u00e4\u00e4kinn\u00e4llisist\u00e4 laitteista, Topfast hy\u00f6dynt\u00e4\u00e4 ammattitaitoista teknist\u00e4 tiimi\u00e4\u00e4n, tiukkaa laadunvalvontaa ja laajaa valmistuskokemusta toimittaakseen asiakkaille luotettavia kondensaattorisovellusratkaisuja.<\/p>\n<p>Nykyp\u00e4iv\u00e4n nopeasti kehittyv\u00e4ss\u00e4 elektroniikkateknologiamaisemassa Topfast jatkaa kondensaattoreiden k\u00e4ytt\u00e4mist\u00e4 l\u00e4ht\u00f6kohtana, elektronisen valmistuksen jokaiseen yksityiskohtaan paneutumista sek\u00e4 ammattitaidon ja k\u00e4sity\u00f6taidon hy\u00f6dynt\u00e4mist\u00e4 luodakseen asiakkaillemme enemm\u00e4n arvoa. Uskomme, ett\u00e4 juuri t\u00e4m\u00e4 huolellinen huomio n\u00e4ihin \"pieniin komponentteihin\" mahdollistaa elektroniikkatuotteiden \"korkean suorituskyvyn\".<\/p>","protected":false},"excerpt":{"rendered":"<p>Topfast on erikoistunut tarjoamaan kondensaattoripiirilevyratkaisuja. Meill\u00e4 on 17 vuoden kokemus alalta, joten varmistamme korkeimman laadun kondensaattorien valinnassa, hankinnassa ja kokoonpanossa. Korkeataajuuspiireist\u00e4 tehonhallintaan k\u00e4yt\u00e4mme ammattitaitoamme rakentaaksemme vakaan ja luotettavan perustan elektroniikan valmistustarpeillesi.<\/p>","protected":false},"featured_media":3368,"comment_status":"closed","ping_status":"closed","template":"","meta":[],"product_brand":[],"product_cat":[217],"product_tag":[294],"class_list":{"0":"post-3366","1":"product","2":"type-product","3":"status-publish","4":"has-post-thumbnail","6":"product_cat-electronic-components","7":"product_tag-capacitor","9":"first","10":"instock","11":"shipping-taxable","12":"product-type-simple"},"yoast_head":"<!-- This site is optimized with the Yoast SEO plugin v25.1 - https:\/\/yoast.com\/wordpress\/plugins\/seo\/ -->\n<title>Capacitor - Topfastpcb<\/title>\n<meta name=\"description\" content=\"Topfast specializes in providing capacitor PCB solutions. With 17 years of industry experience, we ensure the highest quality in capacitor selection, procurement, and assembly. From high-frequency circuits to power management, we use our professional expertise to build a stable and reliable foundation for your electronic manufacturing needs.\" \/>\n<meta name=\"robots\" content=\"index, follow, max-snippet:-1, max-image-preview:large, max-video-preview:-1\" \/>\n<link rel=\"canonical\" href=\"https:\/\/www.topfastpcb.com\/fi\/products\/capacitor\/\" \/>\n<meta property=\"og:locale\" content=\"fi_FI\" \/>\n<meta property=\"og:type\" content=\"article\" \/>\n<meta property=\"og:title\" content=\"Capacitor - Topfastpcb\" \/>\n<meta property=\"og:description\" content=\"Topfast specializes in providing capacitor PCB solutions. With 17 years of industry experience, we ensure the highest quality in capacitor selection, procurement, and assembly. From high-frequency circuits to power management, we use our professional expertise to build a stable and reliable foundation for your electronic manufacturing needs.\" \/>\n<meta property=\"og:url\" content=\"https:\/\/www.topfastpcb.com\/fi\/products\/capacitor\/\" \/>\n<meta property=\"og:site_name\" content=\"Topfastpcb\" \/>\n<meta property=\"article:modified_time\" content=\"2025-06-24T02:02:51+00:00\" \/>\n<meta property=\"og:image\" content=\"https:\/\/www.topfastpcb.com\/wp-content\/uploads\/2025\/06\/Capacitor-1.jpg\" \/>\n\t<meta property=\"og:image:width\" content=\"750\" \/>\n\t<meta property=\"og:image:height\" content=\"750\" \/>\n\t<meta property=\"og:image:type\" content=\"image\/jpeg\" \/>\n<meta name=\"twitter:card\" content=\"summary_large_image\" \/>\n<meta name=\"twitter:label1\" content=\"Arvioitu lukuaika\" \/>\n\t<meta name=\"twitter:data1\" content=\"6 minuuttia\" \/>\n<script type=\"application\/ld+json\" class=\"yoast-schema-graph\">{\"@context\":\"https:\/\/schema.org\",\"@graph\":[{\"@type\":\"WebPage\",\"@id\":\"https:\/\/www.topfastpcb.com\/products\/capacitor\/\",\"url\":\"https:\/\/www.topfastpcb.com\/products\/capacitor\/\",\"name\":\"Capacitor - Topfastpcb\",\"isPartOf\":{\"@id\":\"https:\/\/www.topfastpcb.com\/#website\"},\"primaryImageOfPage\":{\"@id\":\"https:\/\/www.topfastpcb.com\/products\/capacitor\/#primaryimage\"},\"image\":{\"@id\":\"https:\/\/www.topfastpcb.com\/products\/capacitor\/#primaryimage\"},\"thumbnailUrl\":\"https:\/\/www.topfastpcb.com\/wp-content\/uploads\/2025\/06\/Capacitor-1.jpg\",\"datePublished\":\"2025-06-22T00:30:25+00:00\",\"dateModified\":\"2025-06-24T02:02:51+00:00\",\"description\":\"Topfast specializes in providing capacitor PCB solutions. With 17 years of industry experience, we ensure the highest quality in capacitor selection, procurement, and assembly. From high-frequency circuits to power management, we use our professional expertise to build a stable and reliable foundation for your electronic manufacturing needs.\",\"breadcrumb\":{\"@id\":\"https:\/\/www.topfastpcb.com\/products\/capacitor\/#breadcrumb\"},\"inLanguage\":\"fi\",\"potentialAction\":[{\"@type\":\"ReadAction\",\"target\":[\"https:\/\/www.topfastpcb.com\/products\/capacitor\/\"]}]},{\"@type\":\"ImageObject\",\"inLanguage\":\"fi\",\"@id\":\"https:\/\/www.topfastpcb.com\/products\/capacitor\/#primaryimage\",\"url\":\"https:\/\/www.topfastpcb.com\/wp-content\/uploads\/2025\/06\/Capacitor-1.jpg\",\"contentUrl\":\"https:\/\/www.topfastpcb.com\/wp-content\/uploads\/2025\/06\/Capacitor-1.jpg\",\"width\":750,\"height\":750,\"caption\":\"Capacitor\"},{\"@type\":\"BreadcrumbList\",\"@id\":\"https:\/\/www.topfastpcb.com\/products\/capacitor\/#breadcrumb\",\"itemListElement\":[{\"@type\":\"ListItem\",\"position\":1,\"name\":\"\u9996\u9875\",\"item\":\"https:\/\/www.topfastpcb.com\/\"},{\"@type\":\"ListItem\",\"position\":2,\"name\":\"\u5546\u5e97\",\"item\":\"https:\/\/www.topfastpcb.com\/shop\/\"},{\"@type\":\"ListItem\",\"position\":3,\"name\":\"Capacitor\"}]},{\"@type\":\"WebSite\",\"@id\":\"https:\/\/www.topfastpcb.com\/#website\",\"url\":\"https:\/\/www.topfastpcb.com\/\",\"name\":\"Topfastpcb\",\"description\":\"Topfast Prime Choice for Global Electronics Manufacturing\",\"publisher\":{\"@id\":\"https:\/\/www.topfastpcb.com\/#organization\"},\"potentialAction\":[{\"@type\":\"SearchAction\",\"target\":{\"@type\":\"EntryPoint\",\"urlTemplate\":\"https:\/\/www.topfastpcb.com\/?s={search_term_string}\"},\"query-input\":{\"@type\":\"PropertyValueSpecification\",\"valueRequired\":true,\"valueName\":\"search_term_string\"}}],\"inLanguage\":\"fi\"},{\"@type\":\"Organization\",\"@id\":\"https:\/\/www.topfastpcb.com\/#organization\",\"name\":\"Topfastpcb\",\"url\":\"https:\/\/www.topfastpcb.com\/\",\"logo\":{\"@type\":\"ImageObject\",\"inLanguage\":\"fi\",\"@id\":\"https:\/\/www.topfastpcb.com\/#\/schema\/logo\/image\/\",\"url\":\"https:\/\/www.topfastpcb.com\/wp-content\/uploads\/2026\/02\/cropped-topfast-logo.png\",\"contentUrl\":\"https:\/\/www.topfastpcb.com\/wp-content\/uploads\/2026\/02\/cropped-topfast-logo.png\",\"width\":144,\"height\":56,\"caption\":\"Topfastpcb\"},\"image\":{\"@id\":\"https:\/\/www.topfastpcb.com\/#\/schema\/logo\/image\/\"}}]}<\/script>\n<!-- \/ Yoast SEO plugin. -->","yoast_head_json":{"title":"Capacitor - Topfastpcb","description":"Topfast specializes in providing capacitor PCB solutions. With 17 years of industry experience, we ensure the highest quality in capacitor selection, procurement, and assembly. From high-frequency circuits to power management, we use our professional expertise to build a stable and reliable foundation for your electronic manufacturing needs.","robots":{"index":"index","follow":"follow","max-snippet":"max-snippet:-1","max-image-preview":"max-image-preview:large","max-video-preview":"max-video-preview:-1"},"canonical":"https:\/\/www.topfastpcb.com\/fi\/products\/capacitor\/","og_locale":"fi_FI","og_type":"article","og_title":"Capacitor - Topfastpcb","og_description":"Topfast specializes in providing capacitor PCB solutions. With 17 years of industry experience, we ensure the highest quality in capacitor selection, procurement, and assembly. From high-frequency circuits to power management, we use our professional expertise to build a stable and reliable foundation for your electronic manufacturing needs.","og_url":"https:\/\/www.topfastpcb.com\/fi\/products\/capacitor\/","og_site_name":"Topfastpcb","article_modified_time":"2025-06-24T02:02:51+00:00","og_image":[{"width":750,"height":750,"url":"https:\/\/www.topfastpcb.com\/wp-content\/uploads\/2025\/06\/Capacitor-1.jpg","type":"image\/jpeg"}],"twitter_card":"summary_large_image","twitter_misc":{"Arvioitu lukuaika":"6 minuuttia"},"schema":{"@context":"https:\/\/schema.org","@graph":[{"@type":"WebPage","@id":"https:\/\/www.topfastpcb.com\/products\/capacitor\/","url":"https:\/\/www.topfastpcb.com\/products\/capacitor\/","name":"Capacitor - Topfastpcb","isPartOf":{"@id":"https:\/\/www.topfastpcb.com\/#website"},"primaryImageOfPage":{"@id":"https:\/\/www.topfastpcb.com\/products\/capacitor\/#primaryimage"},"image":{"@id":"https:\/\/www.topfastpcb.com\/products\/capacitor\/#primaryimage"},"thumbnailUrl":"https:\/\/www.topfastpcb.com\/wp-content\/uploads\/2025\/06\/Capacitor-1.jpg","datePublished":"2025-06-22T00:30:25+00:00","dateModified":"2025-06-24T02:02:51+00:00","description":"Topfast specializes in providing capacitor PCB solutions. With 17 years of industry experience, we ensure the highest quality in capacitor selection, procurement, and assembly. From high-frequency circuits to power management, we use our professional expertise to build a stable and reliable foundation for your electronic manufacturing needs.","breadcrumb":{"@id":"https:\/\/www.topfastpcb.com\/products\/capacitor\/#breadcrumb"},"inLanguage":"fi","potentialAction":[{"@type":"ReadAction","target":["https:\/\/www.topfastpcb.com\/products\/capacitor\/"]}]},{"@type":"ImageObject","inLanguage":"fi","@id":"https:\/\/www.topfastpcb.com\/products\/capacitor\/#primaryimage","url":"https:\/\/www.topfastpcb.com\/wp-content\/uploads\/2025\/06\/Capacitor-1.jpg","contentUrl":"https:\/\/www.topfastpcb.com\/wp-content\/uploads\/2025\/06\/Capacitor-1.jpg","width":750,"height":750,"caption":"Capacitor"},{"@type":"BreadcrumbList","@id":"https:\/\/www.topfastpcb.com\/products\/capacitor\/#breadcrumb","itemListElement":[{"@type":"ListItem","position":1,"name":"\u9996\u9875","item":"https:\/\/www.topfastpcb.com\/"},{"@type":"ListItem","position":2,"name":"\u5546\u5e97","item":"https:\/\/www.topfastpcb.com\/shop\/"},{"@type":"ListItem","position":3,"name":"Capacitor"}]},{"@type":"WebSite","@id":"https:\/\/www.topfastpcb.com\/#website","url":"https:\/\/www.topfastpcb.com\/","name":"Topfastpcb","description":"Topfast Prime Choice for Global Electronics Manufacturing","publisher":{"@id":"https:\/\/www.topfastpcb.com\/#organization"},"potentialAction":[{"@type":"SearchAction","target":{"@type":"EntryPoint","urlTemplate":"https:\/\/www.topfastpcb.com\/?s={search_term_string}"},"query-input":{"@type":"PropertyValueSpecification","valueRequired":true,"valueName":"search_term_string"}}],"inLanguage":"fi"},{"@type":"Organization","@id":"https:\/\/www.topfastpcb.com\/#organization","name":"Topfastpcb","url":"https:\/\/www.topfastpcb.com\/","logo":{"@type":"ImageObject","inLanguage":"fi","@id":"https:\/\/www.topfastpcb.com\/#\/schema\/logo\/image\/","url":"https:\/\/www.topfastpcb.com\/wp-content\/uploads\/2026\/02\/cropped-topfast-logo.png","contentUrl":"https:\/\/www.topfastpcb.com\/wp-content\/uploads\/2026\/02\/cropped-topfast-logo.png","width":144,"height":56,"caption":"Topfastpcb"},"image":{"@id":"https:\/\/www.topfastpcb.com\/#\/schema\/logo\/image\/"}}]}},"_links":{"self":[{"href":"https:\/\/www.topfastpcb.com\/fi\/wp-json\/wp\/v2\/product\/3366","targetHints":{"allow":["GET"]}}],"collection":[{"href":"https:\/\/www.topfastpcb.com\/fi\/wp-json\/wp\/v2\/product"}],"about":[{"href":"https:\/\/www.topfastpcb.com\/fi\/wp-json\/wp\/v2\/types\/product"}],"replies":[{"embeddable":true,"href":"https:\/\/www.topfastpcb.com\/fi\/wp-json\/wp\/v2\/comments?post=3366"}],"wp:featuredmedia":[{"embeddable":true,"href":"https:\/\/www.topfastpcb.com\/fi\/wp-json\/wp\/v2\/media\/3368"}],"wp:attachment":[{"href":"https:\/\/www.topfastpcb.com\/fi\/wp-json\/wp\/v2\/media?parent=3366"}],"wp:term":[{"taxonomy":"product_brand","embeddable":true,"href":"https:\/\/www.topfastpcb.com\/fi\/wp-json\/wp\/v2\/product_brand?post=3366"},{"taxonomy":"product_cat","embeddable":true,"href":"https:\/\/www.topfastpcb.com\/fi\/wp-json\/wp\/v2\/product_cat?post=3366"},{"taxonomy":"product_tag","embeddable":true,"href":"https:\/\/www.topfastpcb.com\/fi\/wp-json\/wp\/v2\/product_tag?post=3366"}],"curies":[{"name":"wp","href":"https:\/\/api.w.org\/{rel}","templated":true}]}}