{"id":3432,"date":"2025-06-25T08:20:21","date_gmt":"2025-06-25T00:20:21","guid":{"rendered":"https:\/\/www.topfastpcb.com\/?post_type=product&#038;p=3432"},"modified":"2025-06-24T11:51:05","modified_gmt":"2025-06-24T03:51:05","slug":"diode","status":"publish","type":"product","link":"https:\/\/www.topfastpcb.com\/fi\/products\/diode\/","title":{"rendered":"Diodi"},"content":{"rendered":"<div id=\"ez-toc-container\" class=\"ez-toc-v2_0_74 counter-hierarchy ez-toc-counter ez-toc-custom ez-toc-container-direction\">\n<div class=\"ez-toc-title-container\">\n<p class=\"ez-toc-title\" style=\"cursor:inherit\">Sis\u00e4llysluettelo<\/p>\n<span class=\"ez-toc-title-toggle\"><\/span><\/div>\n<nav><ul class='ez-toc-list ez-toc-list-level-1' ><li class='ez-toc-page-1 ez-toc-heading-level-2'><a class=\"ez-toc-link ez-toc-heading-1\" href=\"https:\/\/www.topfastpcb.com\/fi\/products\/diode\/#The_Importance_of_Diode_Selection\" >Diodien valinnan merkitys<\/a><\/li><li class='ez-toc-page-1 ez-toc-heading-level-2'><a class=\"ez-toc-link ez-toc-heading-2\" href=\"https:\/\/www.topfastpcb.com\/fi\/products\/diode\/#Our_Professional_Diode_Procurement_Advantages\" >Ammattimaisen diodihankintamme edut<\/a><\/li><li class='ez-toc-page-1 ez-toc-heading-level-2'><a class=\"ez-toc-link ez-toc-heading-3\" href=\"https:\/\/www.topfastpcb.com\/fi\/products\/diode\/#Diodes_and_PCB_manufacturing_complement_each_other\" >Diodit ja piirilevyjen valmistus t\u00e4ydent\u00e4v\u00e4t toisiaan<\/a><\/li><li class='ez-toc-page-1 ez-toc-heading-level-2'><a class=\"ez-toc-link ez-toc-heading-4\" href=\"https:\/\/www.topfastpcb.com\/fi\/products\/diode\/#Industry-Specific_Diode_Solutions\" >Teollisuuskohtaiset diodiratkaisut<\/a><\/li><li class='ez-toc-page-1 ez-toc-heading-level-2'><a class=\"ez-toc-link ez-toc-heading-5\" href=\"https:\/\/www.topfastpcb.com\/fi\/products\/diode\/#One-stop_solution_from_prototype_to_mass_production\" >Yhden luukun ratkaisu prototyypist\u00e4 massatuotantoon asti<\/a><\/li><li class='ez-toc-page-1 ez-toc-heading-level-2'><a class=\"ez-toc-link ez-toc-heading-6\" href=\"https:\/\/www.topfastpcb.com\/fi\/products\/diode\/#Why_choose_Topfast\" >Miksi valita Topfast?<\/a><ul class='ez-toc-list-level-3' ><li class='ez-toc-heading-level-3'><a class=\"ez-toc-link ez-toc-heading-7\" href=\"https:\/\/www.topfastpcb.com\/fi\/products\/diode\/#Get_Your_Custom_Diode_Solution_Now\" >Hanki r\u00e4\u00e4t\u00e4l\u00f6ity diodiratkaisu nyt<\/a><\/li><\/ul><\/li><\/ul><\/nav><\/div>\n\n<p class=\"ds-markdown-paragraph\">Diodeja k\u00e4ytet\u00e4\u00e4n perustavanlaatuisimpana ja kriittisimp\u00e4n\u00e4 puolijohdekomponenttina l\u00e4hes kaikissa virtapiireiss\u00e4 yksinkertaisesta tehotasasuuntauksesta monimutkaiseen korkeataajuussignaalien k\u00e4sittelyyn. Diodien suorituskyky vaikuttaa suoraan koko elektroniikkaj\u00e4rjestelm\u00e4n luotettavuuteen ja tehokkuuteen. Topfastilla on 17 vuoden kokemus piirilevyjen valmistuksen asiantuntijana, ja se tarjoaa korkealaatuisia, yhden luukun piirilevyratkaisuja, joilla varmistetaan, ett\u00e4 suunnitelmasi saavuttavat optimaalisen suorituskyvyn komponenteista valmiisiin levyihin.<\/p>\n<h2><span class=\"ez-toc-section\" id=\"The_Importance_of_Diode_Selection\"><\/span>Diodien valinnan merkitys<span class=\"ez-toc-section-end\"><\/span><\/h2>\n<p class=\"ds-markdown-paragraph\">Diodit ohjaavat virran yksisuuntaista kulkua elektronisissa piireiss\u00e4.V\u00e4\u00e4r\u00e4n diodin valitseminen voi johtaa siihen, ett\u00e4<\/p>\n<ul>\n<li>\n<p class=\"ds-markdown-paragraph\"><strong>Alhainen energiatehokkuus<\/strong><span>\u00a0<\/span>(liiallinen eteenp\u00e4in suuntautuva j\u00e4nniteh\u00e4vi\u00f6, kun k\u00e4ytet\u00e4\u00e4n tavallisia tasasuuntausdiodeja Schottky-diodien sijasta).<\/p>\n<\/li>\n<li>\n<p class=\"ds-markdown-paragraph\"><strong>J\u00e4rjestelm\u00e4n ep\u00e4vakaus<\/strong><span>\u00a0<\/span>(puutteellisesta TVS-diodisuojasta johtuvat s\u00e4hk\u00f6staattiset vauriot)<\/p>\n<\/li>\n<li>\n<p class=\"ds-markdown-paragraph\"><strong>Signaalin eheyden heikkeneminen<\/strong><span>\u00a0<\/span>(ep\u00e4asianmukainen pistekontaktidiodin valinta suurtaajuussovelluksissa)<\/p>\n<\/li>\n<li>\n<p class=\"ds-markdown-paragraph\"><strong>Tuotteen lyhentynyt k\u00e4ytt\u00f6ik\u00e4<\/strong><span>\u00a0<\/span>(ep\u00e4vakaa toiminta v\u00e4\u00e4r\u00e4n Zener-diodin valinnasta johtuen)<\/p>\n<\/li>\n<\/ul>\n<p class=\"ds-markdown-paragraph\">Kohtaamme usein asiakkaita, jotka etsiv\u00e4t apua ep\u00e4onnistuneisiin piirilevysuunnitelmiin, joiden perimm\u00e4inen syy on usein v\u00e4\u00e4r\u00e4nlainen diodivalinta. Esimerkiksi er\u00e4s teollisuuden ohjauslaitteiden valmistaja k\u00e4ytti alun perin tavanomaisia tasasuuntausdioodeja, jolloin tehomoduulin hy\u00f6tysuhde oli vain 78 %. Ammattitaitoisen suosituksemme j\u00e4lkeen, jossa suositeltiin siirtymist\u00e4 matalan VF:n Schottky-diodien k\u00e4ytt\u00f6\u00f6n, hy\u00f6tysuhde parani 92 %:iin, ja l\u00e4mp\u00f6tilan nousu v\u00e4heni 15 \u00b0C:n verran.<\/p>\n<h2><img loading=\"lazy\" decoding=\"async\" src=\"https:\/\/www.topfastpcb.com\/wp-content\/uploads\/2025\/06\/diode.jpg\" alt=\"diodi\" width=\"600\" height=\"402\" class=\"aligncenter size-full wp-image-3435\" srcset=\"https:\/\/www.topfastpcb.com\/wp-content\/uploads\/2025\/06\/diode.jpg 600w, https:\/\/www.topfastpcb.com\/wp-content\/uploads\/2025\/06\/diode-300x201.jpg 300w, https:\/\/www.topfastpcb.com\/wp-content\/uploads\/2025\/06\/diode-18x12.jpg 18w\" sizes=\"auto, (max-width: 600px) 100vw, 600px\" \/><\/h2>\n<h2><span class=\"ez-toc-section\" id=\"Our_Professional_Diode_Procurement_Advantages\"><\/span>Ammattimaisen diodihankintamme edut<span class=\"ez-toc-section-end\"><\/span><\/h2>\n<p class=\"ds-markdown-paragraph\">Yhden luukun PCB-ratkaisujen tarjoajana olemme rakentaneet vankan diodien toimitusketjun verkoston, joka tarjoaa:<\/p>\n<ol start=\"1\">\n<li>\n<p class=\"ds-markdown-paragraph\"><strong>T\u00e4yden luokan diodituki<\/strong>: Kattaa yli 2000 mallia, PN-liitosdiodien perusmalleista PIN-diodien ja varaktori-diodien erikoismalleihin.<\/p>\n<\/li>\n<li>\n<p class=\"ds-markdown-paragraph\"><strong>Valtuutetut toimittajakanavat<\/strong>: Kumppanuudet johtavien tuotemerkkien, kuten ON Semiconductorin, Vishayn ja Diodes Inc:n kanssa takaavat komponenttien aitouden.<\/p>\n<\/li>\n<li>\n<p class=\"ds-markdown-paragraph\"><strong>Tekninen yhteensovittamispalvelu<\/strong>: Insin\u00f6\u00f6ritiimimme suosittelee soveltuvimpia diodityyppej\u00e4 sovelluksesi perusteella (teho\/signaali\/suojaus).<\/p>\n<\/li>\n<li>\n<p class=\"ds-markdown-paragraph\"><strong>Kustannusten optimointiratkaisut<\/strong>Suurten m\u00e4\u00e4rien tuotantoa varten tarjoamme vaihtoehtoisia malliehdotuksia BOM-kustannusten alentamiseksi suorituskyvyst\u00e4 tinkim\u00e4tt\u00e4.<\/p>\n<\/li>\n<\/ol>\n<h2><span class=\"ez-toc-section\" id=\"Diodes_and_PCB_manufacturing_complement_each_other\"><\/span>Diodit ja <a href=\"https:\/\/www.topfastpcb.com\/fi\/\">PCB-valmistus<\/a> t\u00e4ydent\u00e4v\u00e4t toisiaan<span class=\"ez-toc-section-end\"><\/span><\/h2>\n<p class=\"ds-markdown-paragraph\">Kun komponentit on ostettu, ne on asennettava t\u00e4ydellisesti piirilevylle. <a href=\"https:\/\/www.topfastpcb.com\/fi\/blog\/what-is-a-pcb-design\/\">PCB-suunnittelu<\/a> on my\u00f6s eritt\u00e4in t\u00e4rke\u00e4, sill\u00e4 se vaikuttaa lopputuotteen vakauteen ja luotettavuuteen. Tarjoamiimme lis\u00e4arvopalveluihin kuuluvat:<\/p>\n<ul>\n<li>\n<p class=\"ds-markdown-paragraph\"><strong>L\u00e4mp\u00f6suunnittelun analyysi<\/strong>: Suuren virran tasasuuntausdiodien sijoittelun optimointi paikallisen ylikuumenemisen est\u00e4miseksi.<\/p>\n<\/li>\n<li>\n<p class=\"ds-markdown-paragraph\"><strong>Signaalin eheyden simulointi<\/strong>Nopeiden Schottky-diodien vaikutuksen arviointi signaalin laatuun.<\/p>\n<\/li>\n<li>\n<p class=\"ds-markdown-paragraph\"><strong>ESD-suojausratkaisut<\/strong>: TVS-diodisuojaverkkojen suunnittelu herkki\u00e4 piirej\u00e4 varten.<\/p>\n<\/li>\n<li>\n<p class=\"ds-markdown-paragraph\"><strong>Valmistettavuuden tarkastelu<\/strong>Diodipakkausten yhteensopivuuden varmistaminen PCB-prosessien kanssa.<\/p>\n<\/li>\n<\/ul>\n<p class=\"ds-markdown-paragraph\">Er\u00e4\u00e4ss\u00e4 \u00e4skett\u00e4isess\u00e4 autoelektroniikkaprojektissa suunnittelimme uudelleen LED-ohjainpiirin diodien asettelun ja paransimme tuotannon tuottoa 83 prosentista 99,6 prosenttiin.Lis\u00e4ksi optimoimalla Zener-diodien valintaa j\u00e4nnitteen s\u00e4\u00e4t\u00f6tarkkuus kasvoi 30 %.<\/p>\n<h2><span class=\"ez-toc-section\" id=\"Industry-Specific_Diode_Solutions\"><\/span>Teollisuuskohtaiset diodiratkaisut<span class=\"ez-toc-section-end\"><\/span><\/h2>\n<p class=\"ds-markdown-paragraph\">Erilaiset sovellukset edellytt\u00e4v\u00e4t ainutlaatuisia diodivaatimuksia:<\/p>\n<p class=\"ds-markdown-paragraph\"><strong>Autoteollisuuden elektroniikka<\/strong>:<\/p>\n<ul>\n<li>\n<p class=\"ds-markdown-paragraph\">AEC-Q101-yhteensopivat autoteollisuuden diodit<\/p>\n<\/li>\n<li>\n<p class=\"ds-markdown-paragraph\">Korkean t\u00e4rin\u00e4nkest\u00e4vyyden TVS-diodien suojausratkaisut<\/p>\n<\/li>\n<li>\n<p class=\"ds-markdown-paragraph\">Laajan l\u00e4mp\u00f6tila-alueen (-40\u00b0C - 150\u00b0C) Schottky-tasasuuntausdiodit<\/p>\n<\/li>\n<\/ul>\n<p class=\"ds-markdown-paragraph\"><strong>Teollinen ohjaus<\/strong>:<\/p>\n<ul>\n<li>\n<p class=\"ds-markdown-paragraph\">Suuren virran SCR-ratkaisut (piiohjattu tasasuuntaaja)<\/p>\n<\/li>\n<li>\n<p class=\"ds-markdown-paragraph\">Korkean eristysj\u00e4nnitteen optokytkent\u00e4diodit<\/p>\n<\/li>\n<li>\n<p class=\"ds-markdown-paragraph\">EMI-kest\u00e4v\u00e4t nopeasti palautuvat diodiryhm\u00e4t<\/p>\n<\/li>\n<\/ul>\n<p class=\"ds-markdown-paragraph\"><strong>L\u00e4\u00e4kinn\u00e4lliset laitteet<\/strong>:<\/p>\n<ul>\n<li>\n<p class=\"ds-markdown-paragraph\">V\u00e4h\u00e4virtaiset tarkkuussignaalidiodit<\/p>\n<\/li>\n<li>\n<p class=\"ds-markdown-paragraph\">L\u00e4\u00e4ketieteellisen turvallisuuden mukaiset eristysdiodit<\/p>\n<\/li>\n<li>\n<p class=\"ds-markdown-paragraph\">Korkean luotettavuuden Zener-diodit el\u00e4m\u00e4\u00e4 yll\u00e4pit\u00e4viin laitteisiin<\/p>\n<\/li>\n<\/ul>\n<p class=\"ds-markdown-paragraph\"><strong>IoT-tuotteet<\/strong>:<\/p>\n<ul>\n<li>\n<p class=\"ds-markdown-paragraph\">Eritt\u00e4in pienitehoisen MOSFET-runkodiodin optimointi<\/p>\n<\/li>\n<li>\n<p class=\"ds-markdown-paragraph\">Fotodiodiratkaisut energian talteenottoon<\/p>\n<\/li>\n<li>\n<p class=\"ds-markdown-paragraph\">Pienoispakettien (SOD-323 jne.) diodikomponentit<\/p>\n<\/li>\n<\/ul>\n<h2><span class=\"ez-toc-section\" id=\"One-stop_solution_from_prototype_to_mass_production\"><\/span>Yhden luukun ratkaisu prototyypist\u00e4 massatuotantoon asti<span class=\"ez-toc-section-end\"><\/span><\/h2>\n<p class=\"ds-markdown-paragraph\">Ymm\u00e4rr\u00e4mme, ett\u00e4 elektroniikan kehitt\u00e4minen on iteratiivinen prosessi, ja tarjoamme joustavaa tukea:<\/p>\n<ol start=\"1\">\n<li>\n<p class=\"ds-markdown-paragraph\"><strong>Prototyyppivaihe<\/strong>:<\/p>\n<ul>\n<li>\n<p class=\"ds-markdown-paragraph\">Pienten erien, monenlaisten diodien nopea tarjonta<\/p>\n<\/li>\n<li>\n<p class=\"ds-markdown-paragraph\">Ilmainen tekninen n\u00e4ytteen testaus<\/p>\n<\/li>\n<li>\n<p class=\"ds-markdown-paragraph\">PCB-suunnittelun tarkastelu ja diodien valintaneuvonta<\/p>\n<\/li>\n<\/ul>\n<\/li>\n<li>\n<p class=\"ds-markdown-paragraph\"><strong>Pilottituotantovaihe<\/strong>:<\/p>\n<ul>\n<li>\n<p class=\"ds-markdown-paragraph\">Toimitusketjun riskien arviointi ja varmuusratkaisut<\/p>\n<\/li>\n<li>\n<p class=\"ds-markdown-paragraph\">Diodiparametrien johdonmukaisuuden testaus<\/p>\n<\/li>\n<li>\n<p class=\"ds-markdown-paragraph\">Tuotannon testauslaitteiden kehitystuki<\/p>\n<\/li>\n<\/ul>\n<\/li>\n<li>\n<p class=\"ds-markdown-paragraph\"><strong>Massatuotantovaihe<\/strong>:<\/p>\n<ul>\n<li>\n<p class=\"ds-markdown-paragraph\">Pitk\u00e4aikainen vakaa diodisy\u00f6t\u00f6n varmistus<\/p>\n<\/li>\n<li>\n<p class=\"ds-markdown-paragraph\">Er\u00e4n j\u00e4ljitett\u00e4vyys ja laatuasiakirjat<\/p>\n<\/li>\n<li>\n<p class=\"ds-markdown-paragraph\">Jatkuva kustannusten v\u00e4hent\u00e4minen ja vaihtoehtoiset ratkaisut<\/p>\n<\/li>\n<\/ul>\n<\/li>\n<\/ol>\n<p class=\"ds-markdown-paragraph\">Er\u00e4s \u00e4lykodin asiakastapaus osoitti, ett\u00e4 koko syklin kattavat palvelumme lyhensiv\u00e4t tuotteen siirtym\u00e4aikaa prototyypist\u00e4 massatuotantoon 40 %, poistivat diodeihin liittyv\u00e4t laatuongelmat ja alensivat hankintakustannuksia 22 %.<\/p>\n<h2><span class=\"ez-toc-section\" id=\"Why_choose_Topfast\"><\/span>Miksi valita <a href=\"https:\/\/www.topfastpcb.com\/fi\/about\/\">Topfast<\/a>?<span class=\"ez-toc-section-end\"><\/span><\/h2>\n<p class=\"ds-markdown-paragraph\">Kilpailukykyisell\u00e4 elektroniikan valmistusalalla toimitamme<span>\u00a0<\/span><strong>teknologiavetoinen<\/strong><span>\u00a0<\/span>palvelut:<\/p>\n<ul>\n<li>\n<p class=\"ds-markdown-paragraph\"><strong>17 vuoden erikoiskokemus<\/strong>: Palveli yli 3800 asiakasta, toteutti yli 15000 diodeihin liittyv\u00e4\u00e4 projektia.<\/p>\n<\/li>\n<li>\n<p class=\"ds-markdown-paragraph\"><strong>UL\/ISO9001-sertifiointi<\/strong>: Tiukka laadunvalvonta takaa diodien luotettavuuden.<\/p>\n<\/li>\n<li>\n<p class=\"ds-markdown-paragraph\"><strong>48 tunnin nopea prototyyppien rakentaminen<\/strong>: H\u00e4t\u00e4projektin tuki, mukaan lukien diodien hankinta ja piirilevyjen valmistus.<\/p>\n<\/li>\n<li>\n<p class=\"ds-markdown-paragraph\"><strong>Maailmanlaajuinen logistiikkaverkosto<\/strong>: Just-in-time (JIT) -toimitus asiakkaan varastopaineiden v\u00e4hent\u00e4miseksi.<\/p>\n<\/li>\n<li>\n<p class=\"ds-markdown-paragraph\"><strong>Tekniikan asiantuntijatiimi<\/strong>: FAE:t, joilla on keskim\u00e4\u00e4rin 10 vuoden kokemus alalta, tarjoavat henkil\u00f6kohtaista tukea.<\/p>\n<\/li>\n<\/ul>\n<p class=\"ds-markdown-paragraph\">Ymm\u00e4rr\u00e4mme, ett\u00e4 poikkeuksellinen piirilevyjen valmistus vaatii paitsi kehittyneit\u00e4 laitteita my\u00f6s syv\u00e4llist\u00e4 komponenttiosaamista.Perusteellinen tiet\u00e4myksemme diodien ominaisuuksista antaa meille mahdollisuuden tarjota todella arvokkaita ratkaisuja, ei vain piirilevyjen valmistusta.<\/p>\n<h3><span class=\"ez-toc-section\" id=\"Get_Your_Custom_Diode_Solution_Now\"><\/span><a href=\"https:\/\/www.topfastpcb.com\/fi\/contact\/\">Hanki r\u00e4\u00e4t\u00e4l\u00f6ity diodiratkaisu nyt<\/a><span class=\"ez-toc-section-end\"><\/span><\/h3>\n<p class=\"ds-markdown-paragraph\">Asiantunteva tiimimme on valmis auttamaan sinua tuotekehitysvaiheesta riippumatta.L\u00e4het\u00e4 vaatimuksesi ja saat:<\/p>\n<ul>\n<li>\n<p class=\"ds-markdown-paragraph\">Alkuper\u00e4inen ehdotus ja tarjous<span>\u00a0<\/span><strong>1 tunti<\/strong><\/p>\n<\/li>\n<li>\n<p class=\"ds-markdown-paragraph\">Palaute teknisest\u00e4 toteutettavuudesta<span>\u00a0<\/span><strong>4 tuntia<\/strong><\/p>\n<\/li>\n<li>\n<p class=\"ds-markdown-paragraph\">T\u00e4ydellinen hankkeen toteuttamissuunnitelma<span>\u00a0<\/span><strong>24 tuntia<\/strong><\/p>\n<\/li>\n<\/ul>\n<p class=\"ds-markdown-paragraph\">Monimutkaisia projekteja varten j\u00e4rjest\u00e4mme teknisi\u00e4 kokouksia paikan p\u00e4\u00e4ll\u00e4, jotta voimme tutkia optimaalisia diodisovelluksia. Anna ammattitaitoisen diodien asiantuntemuksemme ja piirilevyjen valmistuskokemuksemme turvata elektroniikkasuunnitelmasi.<\/p>","protected":false},"excerpt":{"rendered":"<p>Diodien kriittinen rooli elektronisissa piireiss\u00e4, tarjoamme kattavia diodiratkaisuja, mukaan lukien erityyppisten diodien hankinta ja PCB-integrointipalvelut. Tasasuuntauksesta, j\u00e4nnitteens\u00e4\u00e4d\u00f6st\u00e4 optoelektroniseen muuntamiseen varmistamme, ett\u00e4 elektroniikkaprojektisi saavuttavat optimaalisen suorituskyvyn ja luotettavuuden.<\/p>","protected":false},"featured_media":3436,"comment_status":"closed","ping_status":"closed","template":"","meta":[],"product_brand":[],"product_cat":[217],"product_tag":[303],"class_list":{"0":"post-3432","1":"product","2":"type-product","3":"status-publish","4":"has-post-thumbnail","6":"product_cat-electronic-components","7":"product_tag-diode","9":"first","10":"instock","11":"shipping-taxable","12":"product-type-simple"},"yoast_head":"<!-- This site is optimized with the Yoast SEO plugin v25.1 - https:\/\/yoast.com\/wordpress\/plugins\/seo\/ -->\n<title>Diode - Topfastpcb<\/title>\n<meta name=\"robots\" content=\"index, follow, max-snippet:-1, max-image-preview:large, max-video-preview:-1\" \/>\n<link rel=\"canonical\" href=\"https:\/\/www.topfastpcb.com\/fi\/products\/diode\/\" \/>\n<meta property=\"og:locale\" content=\"fi_FI\" \/>\n<meta property=\"og:type\" content=\"article\" \/>\n<meta property=\"og:title\" content=\"Diode - Topfastpcb\" \/>\n<meta property=\"og:description\" content=\"The critical role of diodes in electronic circuits, we provide comprehensive diode solutions, including procurement of various types of diodes and PCB integration services. From rectification, voltage regulation to optoelectronic conversion, we ensure your electronic projects achieve optimal performance and reliability.\" \/>\n<meta property=\"og:url\" content=\"https:\/\/www.topfastpcb.com\/fi\/products\/diode\/\" \/>\n<meta property=\"og:site_name\" content=\"Topfastpcb\" \/>\n<meta property=\"og:image\" content=\"https:\/\/www.topfastpcb.com\/wp-content\/uploads\/2025\/06\/diode-1.jpg\" \/>\n\t<meta property=\"og:image:width\" content=\"750\" \/>\n\t<meta property=\"og:image:height\" content=\"750\" \/>\n\t<meta property=\"og:image:type\" content=\"image\/jpeg\" \/>\n<meta name=\"twitter:card\" content=\"summary_large_image\" \/>\n<meta name=\"twitter:label1\" content=\"Arvioitu lukuaika\" \/>\n\t<meta name=\"twitter:data1\" content=\"4 minuuttia\" \/>\n<script type=\"application\/ld+json\" class=\"yoast-schema-graph\">{\"@context\":\"https:\/\/schema.org\",\"@graph\":[{\"@type\":\"WebPage\",\"@id\":\"https:\/\/www.topfastpcb.com\/products\/diode\/\",\"url\":\"https:\/\/www.topfastpcb.com\/products\/diode\/\",\"name\":\"Diode - Topfastpcb\",\"isPartOf\":{\"@id\":\"https:\/\/www.topfastpcb.com\/#website\"},\"primaryImageOfPage\":{\"@id\":\"https:\/\/www.topfastpcb.com\/products\/diode\/#primaryimage\"},\"image\":{\"@id\":\"https:\/\/www.topfastpcb.com\/products\/diode\/#primaryimage\"},\"thumbnailUrl\":\"https:\/\/www.topfastpcb.com\/wp-content\/uploads\/2025\/06\/diode-1.jpg\",\"datePublished\":\"2025-06-25T00:20:21+00:00\",\"breadcrumb\":{\"@id\":\"https:\/\/www.topfastpcb.com\/products\/diode\/#breadcrumb\"},\"inLanguage\":\"fi\",\"potentialAction\":[{\"@type\":\"ReadAction\",\"target\":[\"https:\/\/www.topfastpcb.com\/products\/diode\/\"]}]},{\"@type\":\"ImageObject\",\"inLanguage\":\"fi\",\"@id\":\"https:\/\/www.topfastpcb.com\/products\/diode\/#primaryimage\",\"url\":\"https:\/\/www.topfastpcb.com\/wp-content\/uploads\/2025\/06\/diode-1.jpg\",\"contentUrl\":\"https:\/\/www.topfastpcb.com\/wp-content\/uploads\/2025\/06\/diode-1.jpg\",\"width\":750,\"height\":750,\"caption\":\"diode\"},{\"@type\":\"BreadcrumbList\",\"@id\":\"https:\/\/www.topfastpcb.com\/products\/diode\/#breadcrumb\",\"itemListElement\":[{\"@type\":\"ListItem\",\"position\":1,\"name\":\"\u9996\u9875\",\"item\":\"https:\/\/www.topfastpcb.com\/\"},{\"@type\":\"ListItem\",\"position\":2,\"name\":\"\u5546\u5e97\",\"item\":\"https:\/\/www.topfastpcb.com\/shop\/\"},{\"@type\":\"ListItem\",\"position\":3,\"name\":\"Diode\"}]},{\"@type\":\"WebSite\",\"@id\":\"https:\/\/www.topfastpcb.com\/#website\",\"url\":\"https:\/\/www.topfastpcb.com\/\",\"name\":\"Topfastpcb\",\"description\":\"Topfast Prime Choice for Global Electronics Manufacturing\",\"publisher\":{\"@id\":\"https:\/\/www.topfastpcb.com\/#organization\"},\"potentialAction\":[{\"@type\":\"SearchAction\",\"target\":{\"@type\":\"EntryPoint\",\"urlTemplate\":\"https:\/\/www.topfastpcb.com\/?s={search_term_string}\"},\"query-input\":{\"@type\":\"PropertyValueSpecification\",\"valueRequired\":true,\"valueName\":\"search_term_string\"}}],\"inLanguage\":\"fi\"},{\"@type\":\"Organization\",\"@id\":\"https:\/\/www.topfastpcb.com\/#organization\",\"name\":\"Topfastpcb\",\"url\":\"https:\/\/www.topfastpcb.com\/\",\"logo\":{\"@type\":\"ImageObject\",\"inLanguage\":\"fi\",\"@id\":\"https:\/\/www.topfastpcb.com\/#\/schema\/logo\/image\/\",\"url\":\"https:\/\/www.topfastpcb.com\/wp-content\/uploads\/2026\/02\/cropped-topfast-logo.png\",\"contentUrl\":\"https:\/\/www.topfastpcb.com\/wp-content\/uploads\/2026\/02\/cropped-topfast-logo.png\",\"width\":144,\"height\":56,\"caption\":\"Topfastpcb\"},\"image\":{\"@id\":\"https:\/\/www.topfastpcb.com\/#\/schema\/logo\/image\/\"}}]}<\/script>\n<!-- \/ Yoast SEO plugin. -->","yoast_head_json":{"title":"Diode - Topfastpcb","robots":{"index":"index","follow":"follow","max-snippet":"max-snippet:-1","max-image-preview":"max-image-preview:large","max-video-preview":"max-video-preview:-1"},"canonical":"https:\/\/www.topfastpcb.com\/fi\/products\/diode\/","og_locale":"fi_FI","og_type":"article","og_title":"Diode - Topfastpcb","og_description":"The critical role of diodes in electronic circuits, we provide comprehensive diode solutions, including procurement of various types of diodes and PCB integration services. From rectification, voltage regulation to optoelectronic conversion, we ensure your electronic projects achieve optimal performance and reliability.","og_url":"https:\/\/www.topfastpcb.com\/fi\/products\/diode\/","og_site_name":"Topfastpcb","og_image":[{"width":750,"height":750,"url":"https:\/\/www.topfastpcb.com\/wp-content\/uploads\/2025\/06\/diode-1.jpg","type":"image\/jpeg"}],"twitter_card":"summary_large_image","twitter_misc":{"Arvioitu lukuaika":"4 minuuttia"},"schema":{"@context":"https:\/\/schema.org","@graph":[{"@type":"WebPage","@id":"https:\/\/www.topfastpcb.com\/products\/diode\/","url":"https:\/\/www.topfastpcb.com\/products\/diode\/","name":"Diode - Topfastpcb","isPartOf":{"@id":"https:\/\/www.topfastpcb.com\/#website"},"primaryImageOfPage":{"@id":"https:\/\/www.topfastpcb.com\/products\/diode\/#primaryimage"},"image":{"@id":"https:\/\/www.topfastpcb.com\/products\/diode\/#primaryimage"},"thumbnailUrl":"https:\/\/www.topfastpcb.com\/wp-content\/uploads\/2025\/06\/diode-1.jpg","datePublished":"2025-06-25T00:20:21+00:00","breadcrumb":{"@id":"https:\/\/www.topfastpcb.com\/products\/diode\/#breadcrumb"},"inLanguage":"fi","potentialAction":[{"@type":"ReadAction","target":["https:\/\/www.topfastpcb.com\/products\/diode\/"]}]},{"@type":"ImageObject","inLanguage":"fi","@id":"https:\/\/www.topfastpcb.com\/products\/diode\/#primaryimage","url":"https:\/\/www.topfastpcb.com\/wp-content\/uploads\/2025\/06\/diode-1.jpg","contentUrl":"https:\/\/www.topfastpcb.com\/wp-content\/uploads\/2025\/06\/diode-1.jpg","width":750,"height":750,"caption":"diode"},{"@type":"BreadcrumbList","@id":"https:\/\/www.topfastpcb.com\/products\/diode\/#breadcrumb","itemListElement":[{"@type":"ListItem","position":1,"name":"\u9996\u9875","item":"https:\/\/www.topfastpcb.com\/"},{"@type":"ListItem","position":2,"name":"\u5546\u5e97","item":"https:\/\/www.topfastpcb.com\/shop\/"},{"@type":"ListItem","position":3,"name":"Diode"}]},{"@type":"WebSite","@id":"https:\/\/www.topfastpcb.com\/#website","url":"https:\/\/www.topfastpcb.com\/","name":"Topfastpcb","description":"Topfast Prime Choice for Global Electronics Manufacturing","publisher":{"@id":"https:\/\/www.topfastpcb.com\/#organization"},"potentialAction":[{"@type":"SearchAction","target":{"@type":"EntryPoint","urlTemplate":"https:\/\/www.topfastpcb.com\/?s={search_term_string}"},"query-input":{"@type":"PropertyValueSpecification","valueRequired":true,"valueName":"search_term_string"}}],"inLanguage":"fi"},{"@type":"Organization","@id":"https:\/\/www.topfastpcb.com\/#organization","name":"Topfastpcb","url":"https:\/\/www.topfastpcb.com\/","logo":{"@type":"ImageObject","inLanguage":"fi","@id":"https:\/\/www.topfastpcb.com\/#\/schema\/logo\/image\/","url":"https:\/\/www.topfastpcb.com\/wp-content\/uploads\/2026\/02\/cropped-topfast-logo.png","contentUrl":"https:\/\/www.topfastpcb.com\/wp-content\/uploads\/2026\/02\/cropped-topfast-logo.png","width":144,"height":56,"caption":"Topfastpcb"},"image":{"@id":"https:\/\/www.topfastpcb.com\/#\/schema\/logo\/image\/"}}]}},"_links":{"self":[{"href":"https:\/\/www.topfastpcb.com\/fi\/wp-json\/wp\/v2\/product\/3432","targetHints":{"allow":["GET"]}}],"collection":[{"href":"https:\/\/www.topfastpcb.com\/fi\/wp-json\/wp\/v2\/product"}],"about":[{"href":"https:\/\/www.topfastpcb.com\/fi\/wp-json\/wp\/v2\/types\/product"}],"replies":[{"embeddable":true,"href":"https:\/\/www.topfastpcb.com\/fi\/wp-json\/wp\/v2\/comments?post=3432"}],"wp:featuredmedia":[{"embeddable":true,"href":"https:\/\/www.topfastpcb.com\/fi\/wp-json\/wp\/v2\/media\/3436"}],"wp:attachment":[{"href":"https:\/\/www.topfastpcb.com\/fi\/wp-json\/wp\/v2\/media?parent=3432"}],"wp:term":[{"taxonomy":"product_brand","embeddable":true,"href":"https:\/\/www.topfastpcb.com\/fi\/wp-json\/wp\/v2\/product_brand?post=3432"},{"taxonomy":"product_cat","embeddable":true,"href":"https:\/\/www.topfastpcb.com\/fi\/wp-json\/wp\/v2\/product_cat?post=3432"},{"taxonomy":"product_tag","embeddable":true,"href":"https:\/\/www.topfastpcb.com\/fi\/wp-json\/wp\/v2\/product_tag?post=3432"}],"curies":[{"name":"wp","href":"https:\/\/api.w.org\/{rel}","templated":true}]}}