{"id":3473,"date":"2025-06-27T08:26:18","date_gmt":"2025-06-27T00:26:18","guid":{"rendered":"https:\/\/www.topfastpcb.com\/?post_type=product&#038;p=3473"},"modified":"2025-06-26T10:33:53","modified_gmt":"2025-06-26T02:33:53","slug":"inductor","status":"publish","type":"product","link":"https:\/\/www.topfastpcb.com\/fi\/products\/inductor\/","title":{"rendered":"Induktori"},"content":{"rendered":"<div id=\"ez-toc-container\" class=\"ez-toc-v2_0_74 counter-hierarchy ez-toc-counter ez-toc-custom ez-toc-container-direction\">\n<div class=\"ez-toc-title-container\">\n<p class=\"ez-toc-title\" style=\"cursor:inherit\">Sis\u00e4llysluettelo<\/p>\n<span class=\"ez-toc-title-toggle\"><\/span><\/div>\n<nav><ul class='ez-toc-list ez-toc-list-level-1' ><li class='ez-toc-page-1 ez-toc-heading-level-2'><a class=\"ez-toc-link ez-toc-heading-1\" href=\"https:\/\/www.topfastpcb.com\/fi\/products\/inductor\/#One-Stop_Inductor_Procurement_PCB_Assembly_Solutions\" >Yhden luukun induktorin hankinta &amp; PCB-kokoonpanoratkaisut<\/a><ul class='ez-toc-list-level-3' ><li class='ez-toc-heading-level-3'><a class=\"ez-toc-link ez-toc-heading-2\" href=\"https:\/\/www.topfastpcb.com\/fi\/products\/inductor\/#Comprehensive_Inductor_Procurement_Services\" >Kattavat induktorin hankintapalvelut<\/a><\/li><li class='ez-toc-page-1 ez-toc-heading-level-3'><a class=\"ez-toc-link ez-toc-heading-3\" href=\"https:\/\/www.topfastpcb.com\/fi\/products\/inductor\/#High-Precision_PCB_Assembly_Services\" >Korkean tarkkuuden PCB-kokoonpanopalvelut<\/a><\/li><li class='ez-toc-page-1 ez-toc-heading-level-3'><a class=\"ez-toc-link ez-toc-heading-4\" href=\"https:\/\/www.topfastpcb.com\/fi\/products\/inductor\/#Why_Global_Clients_Trust_TopFast\" >Miksi globaalit asiakkaat luottavat TopFastiin<\/a><\/li><li class='ez-toc-page-1 ez-toc-heading-level-3'><a class=\"ez-toc-link ez-toc-heading-5\" href=\"https:\/\/www.topfastpcb.com\/fi\/products\/inductor\/#Industries_Served\" >Toimialat, joita palvellaan<\/a><\/li><li class='ez-toc-page-1 ez-toc-heading-level-3'><a class=\"ez-toc-link ez-toc-heading-6\" href=\"https:\/\/www.topfastpcb.com\/fi\/products\/inductor\/#Start_Your_Project_Today\" >Aloita projektisi t\u00e4n\u00e4\u00e4n<\/a><\/li><\/ul><\/li><\/ul><\/nav><\/div>\n\n<h2><span class=\"ez-toc-section\" id=\"One-Stop_Inductor_Procurement_PCB_Assembly_Solutions\"><\/span>Yhden luukun induktorin hankinta &amp; PCB-kokoonpanoratkaisut<span class=\"ez-toc-section-end\"><\/span><\/h2>\n<p class=\"ds-markdown-paragraph\">TopFast ei ole pelkk\u00e4 piirilevyvalmistaja; tarjoamme t\u00e4ydellisi\u00e4 elektroniikan valmistusratkaisuja suunnittelusta valmiiseen tuotteeseen. Komponenttien hankinnasta avaimet k\u00e4teen -kokoonpanoon olemme auttaneet tuhansia yrityksi\u00e4 ymp\u00e4ri maailmaa saavuttamaan elektroniikkavalmistustavoitteensa perustamisestamme vuonna 2008 l\u00e4htien.<\/p>\n<p class=\"ds-markdown-paragraph\"><strong>Miksi valita TopFast?<\/strong><br \/>\n\u2714 17 vuotta PCB-valmistusta &amp; kokoonpano-osaaminen<br \/>\n\u2714 P\u00e4\u00e4st\u00e4-p\u00e4\u00e4h\u00e4n-palvelu: Komponenttien hankinnasta <a href=\"https:\/\/www.topfastpcb.com\/fi\/products\/turnkey-pcb-assembly-services\/\">avaimet k\u00e4teen - kokoonpano<\/a><br \/>\n\u2714 Maailmanlaajuinen toimitusketjuverkosto vakaata komponenttitoimitusta varten<br \/>\n\u2714 Nopea reagointi: 1 tunnin tarjoukset, 24 tunnin tekninen tuki.<br \/>\n\u2714 100% laatutarkastus &amp; t\u00e4ydellinen j\u00e4ljitett\u00e4vyys<\/p>\n<p class=\"ds-markdown-paragraph\"><a target=\"_blank\" rel=\"noopener noreferrer\" href=\"https:\/\/www.topfastpcb.com\/fi\/contact\/\">Pyyd\u00e4 ilmainen tarjous nyt<\/a><\/p>\n<h3><img loading=\"lazy\" decoding=\"async\" src=\"https:\/\/www.topfastpcb.com\/wp-content\/uploads\/2025\/06\/inductor.jpg\" alt=\"induktori\" width=\"600\" height=\"402\" class=\"aligncenter size-full wp-image-3478\" srcset=\"https:\/\/www.topfastpcb.com\/wp-content\/uploads\/2025\/06\/inductor.jpg 600w, https:\/\/www.topfastpcb.com\/wp-content\/uploads\/2025\/06\/inductor-300x201.jpg 300w, https:\/\/www.topfastpcb.com\/wp-content\/uploads\/2025\/06\/inductor-18x12.jpg 18w\" sizes=\"auto, (max-width: 600px) 100vw, 600px\" \/><\/h3>\n<h3><span class=\"ez-toc-section\" id=\"Comprehensive_Inductor_Procurement_Services\"><\/span>Kattavat induktorin hankintapalvelut<span class=\"ez-toc-section-end\"><\/span><\/h3>\n<p class=\"ds-markdown-paragraph\">Induktorit ovat kriittisi\u00e4 komponentteja elektronisissa piireiss\u00e4. TopFast toimii yhteisty\u00f6ss\u00e4 valtuutettujen maailmanlaajuisten toimittajien kanssa, jotta voimme toimittaa t\u00e4yden valikoiman induktoriratkaisuja:<\/p>\n<ul>\n<li>\n<p class=\"ds-markdown-paragraph\"><strong>SMD-tehoinduktorit<\/strong>: Kompakteja malleja varten<\/p>\n<\/li>\n<li>\n<p class=\"ds-markdown-paragraph\"><strong>Toroidi &amp; Ferriittisyd\u00e4ninduktorit<\/strong>: Korkean hy\u00f6tysuhteen sovellukset<\/p>\n<\/li>\n<li>\n<p class=\"ds-markdown-paragraph\"><strong>RF-kuristimet<\/strong>: Optimoitu langattoman viestinn\u00e4n suorituskyky\u00e4 varten<\/p>\n<\/li>\n<li>\n<p class=\"ds-markdown-paragraph\"><strong>Mukautetut induktorit<\/strong>: R\u00e4\u00e4t\u00e4l\u00f6id\u00e4\u00e4n yksil\u00f6llisten suunnitteluvaatimusten mukaan<\/p>\n<\/li>\n<\/ul>\n<p class=\"ds-markdown-paragraph\">Induktoreiden lis\u00e4ksi hoidamme t\u00e4ydelliset BOM-hankintatarpeet:<\/p>\n<ul>\n<li>\n<p class=\"ds-markdown-paragraph\">Passiiviset komponentit (<a href=\"https:\/\/www.topfastpcb.com\/fi\/products\/capacitor\/\">kondensaattorit<\/a>, <a href=\"https:\/\/www.topfastpcb.com\/fi\/products\/resistors\/\">vastukset<\/a>jne.)<\/p>\n<\/li>\n<li>\n<p class=\"ds-markdown-paragraph\">Puolijohteet ja mikropiirit<\/p>\n<\/li>\n<li>\n<p class=\"ds-markdown-paragraph\">Viestint\u00e4moduulit (Wi-Fi, Bluetooth jne.)<\/p>\n<\/li>\n<li>\n<p class=\"ds-markdown-paragraph\">Tehokomponentit &amp; liittimet<\/p>\n<\/li>\n<li>\n<p class=\"ds-markdown-paragraph\">Automotive &amp; l\u00e4\u00e4ketieteelliseen k\u00e4ytt\u00f6\u00f6n tarkoitetut erikoiskomponentit<\/p>\n<\/li>\n<\/ul>\n<p class=\"ds-markdown-paragraph\"><a target=\"_blank\" rel=\"noopener noreferrer\" href=\"https:\/\/www.topfastpcb.com\/fi\/products\/bill-of-materials-bom\/\">Lataa BOM optimointia varten<\/a><\/p>\n<h3><span class=\"ez-toc-section\" id=\"High-Precision_PCB_Assembly_Services\"><\/span>Korkean tarkkuuden PCB-kokoonpanopalvelut<span class=\"ez-toc-section-end\"><\/span><\/h3>\n<p class=\"ds-markdown-paragraph\">TopFastin piirilevykokoonpano varmistaa induktoripainotteisten mallien virheett\u00f6m\u00e4n toteutuksen:<\/p>\n<ul>\n<li>\n<p class=\"ds-markdown-paragraph\">Automaattinen SMD-induktoreiden sijoittelu (\u00b10,025 mm tarkkuus)<\/p>\n<\/li>\n<li>\n<p class=\"ds-markdown-paragraph\">Sekatekniikan kokoonpano (SMT + THT)<\/p>\n<\/li>\n<li>\n<p class=\"ds-markdown-paragraph\">Erikoisjuottaminen suurvirtainduktoreille<\/p>\n<\/li>\n<li>\n<p class=\"ds-markdown-paragraph\">Conformal coating &amp; potting vaativiin ymp\u00e4rist\u00f6ihin<\/p>\n<\/li>\n<li>\n<p class=\"ds-markdown-paragraph\">Kokonaisvaltainen tuki prototyyppien valmistuksesta massatuotantoon asti<\/p>\n<\/li>\n<\/ul>\n<p class=\"ds-markdown-paragraph\">Olemme erikoistuneet monimutkaisiin PCBA-projekteihin, joissa on satoja komponentteja, mik\u00e4 takaa tarkan sijoittelun.<\/p>\n<p class=\"ds-markdown-paragraph\"><a target=\"_blank\" rel=\"noopener noreferrer\" href=\"https:\/\/www.topfastpcb.com\/fi\/products\/category\/pcba\/\">Tutustu PCBA-ominaisuuksiimme<\/a><\/p>\n<h3><span class=\"ez-toc-section\" id=\"Why_Global_Clients_Trust_TopFast\"><\/span>Miksi globaalit asiakkaat luottavat TopFastiin<span class=\"ez-toc-section-end\"><\/span><\/h3>\n<ol start=\"1\">\n<li>\n<p class=\"ds-markdown-paragraph\"><strong>Toimitusketjun edut<\/strong>: Suorat kumppanuudet huippumerkkien kanssa takaavat laadun &amp; leiman; kustannustehokkuuden.<\/p>\n<\/li>\n<li>\n<p class=\"ds-markdown-paragraph\"><strong>Tekninen tuki<\/strong>: Asiantuntijoiden tekem\u00e4 ilmainen suunnittelutiedoston tarkistus ja optimointi<\/p>\n<\/li>\n<li>\n<p class=\"ds-markdown-paragraph\"><strong>Nopea l\u00e4pimenoaika<\/strong>1-3 p\u00e4iv\u00e4n komponenttihankinta, mik\u00e4 nopeuttaa markkinoille tuloaikaa.<\/p>\n<\/li>\n<li>\n<p class=\"ds-markdown-paragraph\"><strong>Laadunvarmistus<\/strong>ISO-sertifioitu tehdas, jossa on tiukat QC-prosessit.<\/p>\n<\/li>\n<\/ol>\n<p class=\"ds-markdown-paragraph\"><em>&#8220;TopFast alensi BOM-kustannuksiamme 15 prosenttia ja lyhensi toimitusaikoja 30 prosenttia.Heid\u00e4n tiimins\u00e4 todella ymm\u00e4rt\u00e4\u00e4 tarpeemme.&#8221;<\/em><span>\u00a0<\/span>- Kansainv\u00e4linen IoT-laitteiden valmistaja<\/p>\n<h3><span class=\"ez-toc-section\" id=\"Industries_Served\"><\/span>Toimialat, joita palvellaan<span class=\"ez-toc-section-end\"><\/span><\/h3>\n<p class=\"ds-markdown-paragraph\">Ratkaisumme toimivat sovelluksissa seuraavilla aloilla:<\/p>\n<ul>\n<li>\n<p class=\"ds-markdown-paragraph\">Tehonmuuntoj\u00e4rjestelm\u00e4t (SMPS, DC-DC jne.)<\/p>\n<\/li>\n<li>\n<p class=\"ds-markdown-paragraph\">Langattomat viestint\u00e4laitteet<\/p>\n<\/li>\n<li>\n<p class=\"ds-markdown-paragraph\">Teollisuuden ohjausj\u00e4rjestelm\u00e4t<\/p>\n<\/li>\n<li>\n<p class=\"ds-markdown-paragraph\">L\u00e4\u00e4ketieteellinen elektroniikka<\/p>\n<\/li>\n<li>\n<p class=\"ds-markdown-paragraph\">Autoelektroniikka<\/p>\n<\/li>\n<li>\n<p class=\"ds-markdown-paragraph\">\u00c4lyk\u00e4s koti ja IoT-tuotteet<\/p>\n<\/li>\n<\/ul>\n<h3><span class=\"ez-toc-section\" id=\"Start_Your_Project_Today\"><\/span>Aloita projektisi t\u00e4n\u00e4\u00e4n<span class=\"ez-toc-section-end\"><\/span><\/h3>\n<p class=\"ds-markdown-paragraph\">Vain 3 yksinkertaista vaihetta:<\/p>\n<ol start=\"1\">\n<li>\n<p class=\"ds-markdown-paragraph\">Lataa Gerber &amp;; BOM-tiedostot<\/p>\n<\/li>\n<li>\n<p class=\"ds-markdown-paragraph\">Saat asiantuntevaa optimointineuvontaa &amp; tarjouksen<\/p>\n<\/li>\n<li>\n<p class=\"ds-markdown-paragraph\">Vahvista tilauksesi - me hoidamme loput<\/p>\n<\/li>\n<\/ol>\n<p class=\"ds-markdown-paragraph\">\ud83d\udce7 S\u00e4hk\u00f6posti: <a href=\"https:\/\/mailto:op@topfastpcb.com\/\" target=\"_blank\" rel=\"noopener noreferrer\">op@topfastpcb.com<\/a><br \/>\n\ud83d\udcde Puhelin: +86 139 2957 6863<br \/>\n\ud83d\udd52 24\/7 asiakastuki<\/p>\n<p class=\"ds-markdown-paragraph\"><a target=\"_blank\" rel=\"noopener noreferrer\" href=\"https:\/\/www.topfastpcb.com\/fi\/contact\/\">Lataa tiedostot 1 tunnin tarjousta varten<\/a><\/p>","protected":false},"excerpt":{"rendered":"<p>TopFast tarjoaa globaaleille asiakkaille t\u00e4yden valikoiman palveluja induktoreiden hankinnasta avaimet k\u00e4teen -periaatteella tapahtuvaan PCB-kokoonpanoon.Teemme yhteisty\u00f6t\u00e4 johtavien tuotemerkkien kanssa optimoidaksemme BOM-kustannukset, varmistaaksemme nopean toimituksen ja taataksemme 100-prosenttisen laadun j\u00e4ljitett\u00e4vyyden. Tarvitsitpa sitten SMD-tehoinduktoreita, RF-dukkeja tai monimutkaisia PCBA:ita, voimme tarjota ammattitaitoista tukea.<\/p>","protected":false},"featured_media":3474,"comment_status":"closed","ping_status":"closed","template":"","meta":[],"product_brand":[],"product_cat":[217],"product_tag":[309],"class_list":{"0":"post-3473","1":"product","2":"type-product","3":"status-publish","4":"has-post-thumbnail","6":"product_cat-electronic-components","7":"product_tag-inductor","9":"first","10":"instock","11":"shipping-taxable","12":"product-type-simple"},"yoast_head":"<!-- This site is optimized with the Yoast SEO plugin v25.1 - https:\/\/yoast.com\/wordpress\/plugins\/seo\/ -->\n<title>Inductor - Topfastpcb<\/title>\n<meta name=\"description\" content=\"TopFast provides one-stop PCB manufacturing and inductor procurement services, including complete BOM component procurement, precision PCB assembly, and global supply chain support. Quick quotes and 24-hour response.\" \/>\n<meta name=\"robots\" content=\"index, follow, max-snippet:-1, max-image-preview:large, max-video-preview:-1\" \/>\n<link rel=\"canonical\" href=\"https:\/\/www.topfastpcb.com\/fi\/products\/inductor\/\" \/>\n<meta property=\"og:locale\" content=\"fi_FI\" \/>\n<meta property=\"og:type\" content=\"article\" \/>\n<meta property=\"og:title\" content=\"Inductor - Topfastpcb\" \/>\n<meta property=\"og:description\" content=\"TopFast provides one-stop PCB manufacturing and inductor procurement services, including complete BOM component procurement, precision PCB assembly, and global supply chain support. Quick quotes and 24-hour response.\" \/>\n<meta property=\"og:url\" content=\"https:\/\/www.topfastpcb.com\/fi\/products\/inductor\/\" \/>\n<meta property=\"og:site_name\" content=\"Topfastpcb\" \/>\n<meta property=\"og:image\" content=\"https:\/\/www.topfastpcb.com\/wp-content\/uploads\/2025\/06\/inductor-1.jpg\" \/>\n\t<meta property=\"og:image:width\" content=\"750\" \/>\n\t<meta property=\"og:image:height\" content=\"750\" \/>\n\t<meta property=\"og:image:type\" content=\"image\/jpeg\" \/>\n<meta name=\"twitter:card\" content=\"summary_large_image\" \/>\n<meta name=\"twitter:label1\" content=\"Arvioitu lukuaika\" \/>\n\t<meta name=\"twitter:data1\" content=\"3 minuuttia\" \/>\n<script type=\"application\/ld+json\" class=\"yoast-schema-graph\">{\"@context\":\"https:\/\/schema.org\",\"@graph\":[{\"@type\":\"WebPage\",\"@id\":\"https:\/\/www.topfastpcb.com\/products\/inductor\/\",\"url\":\"https:\/\/www.topfastpcb.com\/products\/inductor\/\",\"name\":\"Inductor - Topfastpcb\",\"isPartOf\":{\"@id\":\"https:\/\/www.topfastpcb.com\/#website\"},\"primaryImageOfPage\":{\"@id\":\"https:\/\/www.topfastpcb.com\/products\/inductor\/#primaryimage\"},\"image\":{\"@id\":\"https:\/\/www.topfastpcb.com\/products\/inductor\/#primaryimage\"},\"thumbnailUrl\":\"https:\/\/www.topfastpcb.com\/wp-content\/uploads\/2025\/06\/inductor-1.jpg\",\"datePublished\":\"2025-06-27T00:26:18+00:00\",\"description\":\"TopFast provides one-stop PCB manufacturing and inductor procurement services, including complete BOM component procurement, precision PCB assembly, and global supply chain support. Quick quotes and 24-hour response.\",\"breadcrumb\":{\"@id\":\"https:\/\/www.topfastpcb.com\/products\/inductor\/#breadcrumb\"},\"inLanguage\":\"fi\",\"potentialAction\":[{\"@type\":\"ReadAction\",\"target\":[\"https:\/\/www.topfastpcb.com\/products\/inductor\/\"]}]},{\"@type\":\"ImageObject\",\"inLanguage\":\"fi\",\"@id\":\"https:\/\/www.topfastpcb.com\/products\/inductor\/#primaryimage\",\"url\":\"https:\/\/www.topfastpcb.com\/wp-content\/uploads\/2025\/06\/inductor-1.jpg\",\"contentUrl\":\"https:\/\/www.topfastpcb.com\/wp-content\/uploads\/2025\/06\/inductor-1.jpg\",\"width\":750,\"height\":750,\"caption\":\"inductor\"},{\"@type\":\"BreadcrumbList\",\"@id\":\"https:\/\/www.topfastpcb.com\/products\/inductor\/#breadcrumb\",\"itemListElement\":[{\"@type\":\"ListItem\",\"position\":1,\"name\":\"\u9996\u9875\",\"item\":\"https:\/\/www.topfastpcb.com\/\"},{\"@type\":\"ListItem\",\"position\":2,\"name\":\"\u5546\u5e97\",\"item\":\"https:\/\/www.topfastpcb.com\/shop\/\"},{\"@type\":\"ListItem\",\"position\":3,\"name\":\"Inductor\"}]},{\"@type\":\"WebSite\",\"@id\":\"https:\/\/www.topfastpcb.com\/#website\",\"url\":\"https:\/\/www.topfastpcb.com\/\",\"name\":\"Topfastpcb\",\"description\":\"Topfast Prime Choice for Global Electronics Manufacturing\",\"publisher\":{\"@id\":\"https:\/\/www.topfastpcb.com\/#organization\"},\"potentialAction\":[{\"@type\":\"SearchAction\",\"target\":{\"@type\":\"EntryPoint\",\"urlTemplate\":\"https:\/\/www.topfastpcb.com\/?s={search_term_string}\"},\"query-input\":{\"@type\":\"PropertyValueSpecification\",\"valueRequired\":true,\"valueName\":\"search_term_string\"}}],\"inLanguage\":\"fi\"},{\"@type\":\"Organization\",\"@id\":\"https:\/\/www.topfastpcb.com\/#organization\",\"name\":\"Topfastpcb\",\"url\":\"https:\/\/www.topfastpcb.com\/\",\"logo\":{\"@type\":\"ImageObject\",\"inLanguage\":\"fi\",\"@id\":\"https:\/\/www.topfastpcb.com\/#\/schema\/logo\/image\/\",\"url\":\"https:\/\/www.topfastpcb.com\/wp-content\/uploads\/2026\/02\/cropped-topfast-logo.png\",\"contentUrl\":\"https:\/\/www.topfastpcb.com\/wp-content\/uploads\/2026\/02\/cropped-topfast-logo.png\",\"width\":144,\"height\":56,\"caption\":\"Topfastpcb\"},\"image\":{\"@id\":\"https:\/\/www.topfastpcb.com\/#\/schema\/logo\/image\/\"}}]}<\/script>\n<!-- \/ Yoast SEO plugin. -->","yoast_head_json":{"title":"Inductor - Topfastpcb","description":"TopFast provides one-stop PCB manufacturing and inductor procurement services, including complete BOM component procurement, precision PCB assembly, and global supply chain support. Quick quotes and 24-hour response.","robots":{"index":"index","follow":"follow","max-snippet":"max-snippet:-1","max-image-preview":"max-image-preview:large","max-video-preview":"max-video-preview:-1"},"canonical":"https:\/\/www.topfastpcb.com\/fi\/products\/inductor\/","og_locale":"fi_FI","og_type":"article","og_title":"Inductor - Topfastpcb","og_description":"TopFast provides one-stop PCB manufacturing and inductor procurement services, including complete BOM component procurement, precision PCB assembly, and global supply chain support. Quick quotes and 24-hour response.","og_url":"https:\/\/www.topfastpcb.com\/fi\/products\/inductor\/","og_site_name":"Topfastpcb","og_image":[{"width":750,"height":750,"url":"https:\/\/www.topfastpcb.com\/wp-content\/uploads\/2025\/06\/inductor-1.jpg","type":"image\/jpeg"}],"twitter_card":"summary_large_image","twitter_misc":{"Arvioitu lukuaika":"3 minuuttia"},"schema":{"@context":"https:\/\/schema.org","@graph":[{"@type":"WebPage","@id":"https:\/\/www.topfastpcb.com\/products\/inductor\/","url":"https:\/\/www.topfastpcb.com\/products\/inductor\/","name":"Inductor - Topfastpcb","isPartOf":{"@id":"https:\/\/www.topfastpcb.com\/#website"},"primaryImageOfPage":{"@id":"https:\/\/www.topfastpcb.com\/products\/inductor\/#primaryimage"},"image":{"@id":"https:\/\/www.topfastpcb.com\/products\/inductor\/#primaryimage"},"thumbnailUrl":"https:\/\/www.topfastpcb.com\/wp-content\/uploads\/2025\/06\/inductor-1.jpg","datePublished":"2025-06-27T00:26:18+00:00","description":"TopFast provides one-stop PCB manufacturing and inductor procurement services, including complete BOM component procurement, precision PCB assembly, and global supply chain support. Quick quotes and 24-hour response.","breadcrumb":{"@id":"https:\/\/www.topfastpcb.com\/products\/inductor\/#breadcrumb"},"inLanguage":"fi","potentialAction":[{"@type":"ReadAction","target":["https:\/\/www.topfastpcb.com\/products\/inductor\/"]}]},{"@type":"ImageObject","inLanguage":"fi","@id":"https:\/\/www.topfastpcb.com\/products\/inductor\/#primaryimage","url":"https:\/\/www.topfastpcb.com\/wp-content\/uploads\/2025\/06\/inductor-1.jpg","contentUrl":"https:\/\/www.topfastpcb.com\/wp-content\/uploads\/2025\/06\/inductor-1.jpg","width":750,"height":750,"caption":"inductor"},{"@type":"BreadcrumbList","@id":"https:\/\/www.topfastpcb.com\/products\/inductor\/#breadcrumb","itemListElement":[{"@type":"ListItem","position":1,"name":"\u9996\u9875","item":"https:\/\/www.topfastpcb.com\/"},{"@type":"ListItem","position":2,"name":"\u5546\u5e97","item":"https:\/\/www.topfastpcb.com\/shop\/"},{"@type":"ListItem","position":3,"name":"Inductor"}]},{"@type":"WebSite","@id":"https:\/\/www.topfastpcb.com\/#website","url":"https:\/\/www.topfastpcb.com\/","name":"Topfastpcb","description":"Topfast Prime Choice for Global Electronics Manufacturing","publisher":{"@id":"https:\/\/www.topfastpcb.com\/#organization"},"potentialAction":[{"@type":"SearchAction","target":{"@type":"EntryPoint","urlTemplate":"https:\/\/www.topfastpcb.com\/?s={search_term_string}"},"query-input":{"@type":"PropertyValueSpecification","valueRequired":true,"valueName":"search_term_string"}}],"inLanguage":"fi"},{"@type":"Organization","@id":"https:\/\/www.topfastpcb.com\/#organization","name":"Topfastpcb","url":"https:\/\/www.topfastpcb.com\/","logo":{"@type":"ImageObject","inLanguage":"fi","@id":"https:\/\/www.topfastpcb.com\/#\/schema\/logo\/image\/","url":"https:\/\/www.topfastpcb.com\/wp-content\/uploads\/2026\/02\/cropped-topfast-logo.png","contentUrl":"https:\/\/www.topfastpcb.com\/wp-content\/uploads\/2026\/02\/cropped-topfast-logo.png","width":144,"height":56,"caption":"Topfastpcb"},"image":{"@id":"https:\/\/www.topfastpcb.com\/#\/schema\/logo\/image\/"}}]}},"_links":{"self":[{"href":"https:\/\/www.topfastpcb.com\/fi\/wp-json\/wp\/v2\/product\/3473","targetHints":{"allow":["GET"]}}],"collection":[{"href":"https:\/\/www.topfastpcb.com\/fi\/wp-json\/wp\/v2\/product"}],"about":[{"href":"https:\/\/www.topfastpcb.com\/fi\/wp-json\/wp\/v2\/types\/product"}],"replies":[{"embeddable":true,"href":"https:\/\/www.topfastpcb.com\/fi\/wp-json\/wp\/v2\/comments?post=3473"}],"wp:featuredmedia":[{"embeddable":true,"href":"https:\/\/www.topfastpcb.com\/fi\/wp-json\/wp\/v2\/media\/3474"}],"wp:attachment":[{"href":"https:\/\/www.topfastpcb.com\/fi\/wp-json\/wp\/v2\/media?parent=3473"}],"wp:term":[{"taxonomy":"product_brand","embeddable":true,"href":"https:\/\/www.topfastpcb.com\/fi\/wp-json\/wp\/v2\/product_brand?post=3473"},{"taxonomy":"product_cat","embeddable":true,"href":"https:\/\/www.topfastpcb.com\/fi\/wp-json\/wp\/v2\/product_cat?post=3473"},{"taxonomy":"product_tag","embeddable":true,"href":"https:\/\/www.topfastpcb.com\/fi\/wp-json\/wp\/v2\/product_tag?post=3473"}],"curies":[{"name":"wp","href":"https:\/\/api.w.org\/{rel}","templated":true}]}}