{"id":1361,"date":"2025-04-02T13:01:23","date_gmt":"2025-04-02T13:01:23","guid":{"rendered":"http:\/\/topfastpcbb.ru\/?page_id=1361"},"modified":"2025-12-09T21:06:46","modified_gmt":"2025-12-09T13:06:46","slug":"terms-of-service","status":"publish","type":"page","link":"https:\/\/www.topfastpcb.com\/fr\/terms-of-service\/","title":{"rendered":"CONDITIONS DE SERVICE"},"content":{"rendered":"<h2 class=\"wp-block-heading\">CONDITIONS DE SERVICE<\/h2><p>En acc\u00e9dant \u00e0 notre site web, en achetant des produits et\/ou en personnalisant des pi\u00e8ces, vous devenez notre \"utilisateur\" et acceptez d'\u00eatre li\u00e9 par les conditions de service suivantes (y compris les conditions et politiques suppl\u00e9mentaires fournies par hyperlien). Ces conditions de service s'appliquent \u00e0 tous les utilisateurs, y compris les spectateurs, les fournisseurs, les clients, les commer\u00e7ants et les contributeurs de contenu.<\/p><p>Acceptation des conditions<\/p><p>Veuillez lire attentivement les conditions d'utilisation avant d'acc\u00e9der \u00e0 ce site web ou de l'utiliser. En acc\u00e9dant \u00e0 ce site ou en l'utilisant, vous acceptez ces conditions. Si vous n'acceptez pas toutes les conditions, veuillez ne pas utiliser ce site ou ses services. Si ces conditions constituent une offre, votre acceptation est limit\u00e9e \u00e0 ces conditions.<\/p><p><strong>Nouvelles fonctionnalit\u00e9s et conditions d'utilisation<\/strong><\/p><p>Toute nouvelle fonctionnalit\u00e9 ou tout nouvel outil ajout\u00e9 au site sera \u00e9galement soumis aux conditions d'utilisation. La version la plus r\u00e9cente des conditions d'utilisation sera affich\u00e9e sur cette page. Nous nous r\u00e9servons le droit de mettre \u00e0 jour, de modifier ou de remplacer toute partie des conditions d'utilisation \u00e0 tout moment. Nous vous invitons \u00e0 les consulter r\u00e9guli\u00e8rement pour vous assurer que vous \u00eates au courant des derniers changements. En continuant \u00e0 utiliser le site apr\u00e8s la publication de modifications, vous acceptez ces modifications.<\/p>","protected":false},"excerpt":{"rendered":"<p>CONDITIONS DE SERVICE En acc\u00e9dant \u00e0 notre site web, en achetant des produits et\/ou en personnalisant des pi\u00e8ces, vous devenez notre \"utilisateur\" et acceptez d'\u00eatre li\u00e9 par les conditions de service suivantes (y compris les conditions et politiques suppl\u00e9mentaires fournies par hyperlien). Ces conditions de service s'appliquent \u00e0 tous les utilisateurs, y compris les spectateurs, les fournisseurs, les clients, les commer\u00e7ants et les contributeurs de contenu. Acceptation des conditions [&amp;hellip ;]<\/p>","protected":false},"author":1,"featured_media":0,"parent":0,"menu_order":0,"comment_status":"closed","ping_status":"closed","template":"page-templates\/terms-of-service.php","meta":{"footnotes":""},"class_list":["post-1361","page","type-page","status-publish","hentry"],"yoast_head":"<!-- This site is optimized with the Yoast SEO plugin v25.1 - https:\/\/yoast.com\/wordpress\/plugins\/seo\/ -->\n<title>Terms of Service-Topfast<\/title>\n<meta name=\"description\" content=\"By accessing our website, purchasing products and\/or customizing parts, you become our \u201cUser\u201d and agree to be bound by the following Terms of Service (including additional terms, conditions, and policies provided via hyperlink).\" \/>\n<meta name=\"robots\" content=\"index, follow, max-snippet:-1, max-image-preview:large, max-video-preview:-1\" \/>\n<link rel=\"canonical\" href=\"https:\/\/www.topfastpcb.com\/fr\/terms-of-service\/\" \/>\n<meta property=\"og:locale\" content=\"fr_FR\" \/>\n<meta property=\"og:type\" content=\"article\" \/>\n<meta property=\"og:title\" content=\"Terms of Service-Topfast\" \/>\n<meta property=\"og:description\" content=\"By accessing our website, purchasing products and\/or customizing parts, you become our \u201cUser\u201d and agree to be bound by the following Terms of Service (including additional terms, conditions, and policies provided via hyperlink).\" \/>\n<meta property=\"og:url\" content=\"https:\/\/www.topfastpcb.com\/fr\/terms-of-service\/\" \/>\n<meta property=\"og:site_name\" content=\"Topfastpcb\" \/>\n<meta property=\"article:modified_time\" content=\"2025-12-09T13:06:46+00:00\" \/>\n<meta name=\"twitter:card\" content=\"summary_large_image\" \/>\n<meta name=\"twitter:label1\" content=\"Dur\u00e9e de lecture estim\u00e9e\" \/>\n\t<meta name=\"twitter:data1\" content=\"2 minutes\" \/>\n<script type=\"application\/ld+json\" class=\"yoast-schema-graph\">{\"@context\":\"https:\/\/schema.org\",\"@graph\":[{\"@type\":\"WebPage\",\"@id\":\"https:\/\/www.topfastpcb.com\/terms-of-service\/\",\"url\":\"https:\/\/www.topfastpcb.com\/terms-of-service\/\",\"name\":\"Terms of Service-Topfast\",\"isPartOf\":{\"@id\":\"https:\/\/www.topfastpcb.com\/#website\"},\"datePublished\":\"2025-04-02T13:01:23+00:00\",\"dateModified\":\"2025-12-09T13:06:46+00:00\",\"description\":\"By accessing our website, purchasing products and\/or customizing parts, you become our \u201cUser\u201d and agree to be bound by the following Terms of Service (including additional terms, conditions, and policies provided via hyperlink).\",\"breadcrumb\":{\"@id\":\"https:\/\/www.topfastpcb.com\/terms-of-service\/#breadcrumb\"},\"inLanguage\":\"fr-FR\",\"potentialAction\":[{\"@type\":\"ReadAction\",\"target\":[\"https:\/\/www.topfastpcb.com\/terms-of-service\/\"]}]},{\"@type\":\"BreadcrumbList\",\"@id\":\"https:\/\/www.topfastpcb.com\/terms-of-service\/#breadcrumb\",\"itemListElement\":[{\"@type\":\"ListItem\",\"position\":1,\"name\":\"\u9996\u9875\",\"item\":\"https:\/\/www.topfastpcb.com\/\"},{\"@type\":\"ListItem\",\"position\":2,\"name\":\"TERMS OF SERVICE\"}]},{\"@type\":\"WebSite\",\"@id\":\"https:\/\/www.topfastpcb.com\/#website\",\"url\":\"https:\/\/www.topfastpcb.com\/\",\"name\":\"Topfastpcb\",\"description\":\"Topfast Prime Choice for Global Electronics Manufacturing\",\"publisher\":{\"@id\":\"https:\/\/www.topfastpcb.com\/#organization\"},\"potentialAction\":[{\"@type\":\"SearchAction\",\"target\":{\"@type\":\"EntryPoint\",\"urlTemplate\":\"https:\/\/www.topfastpcb.com\/?s={search_term_string}\"},\"query-input\":{\"@type\":\"PropertyValueSpecification\",\"valueRequired\":true,\"valueName\":\"search_term_string\"}}],\"inLanguage\":\"fr-FR\"},{\"@type\":\"Organization\",\"@id\":\"https:\/\/www.topfastpcb.com\/#organization\",\"name\":\"Topfastpcb\",\"url\":\"https:\/\/www.topfastpcb.com\/\",\"logo\":{\"@type\":\"ImageObject\",\"inLanguage\":\"fr-FR\",\"@id\":\"https:\/\/www.topfastpcb.com\/#\/schema\/logo\/image\/\",\"url\":\"https:\/\/www.topfastpcb.com\/wp-content\/uploads\/2026\/02\/cropped-topfast-logo.png\",\"contentUrl\":\"https:\/\/www.topfastpcb.com\/wp-content\/uploads\/2026\/02\/cropped-topfast-logo.png\",\"width\":144,\"height\":56,\"caption\":\"Topfastpcb\"},\"image\":{\"@id\":\"https:\/\/www.topfastpcb.com\/#\/schema\/logo\/image\/\"}}]}<\/script>\n<!-- \/ Yoast SEO plugin. -->","yoast_head_json":{"title":"Terms of Service-Topfast","description":"By accessing our website, purchasing products and\/or customizing parts, you become our \u201cUser\u201d and agree to be bound by the following Terms of Service (including additional terms, conditions, and policies provided via hyperlink).","robots":{"index":"index","follow":"follow","max-snippet":"max-snippet:-1","max-image-preview":"max-image-preview:large","max-video-preview":"max-video-preview:-1"},"canonical":"https:\/\/www.topfastpcb.com\/fr\/terms-of-service\/","og_locale":"fr_FR","og_type":"article","og_title":"Terms of Service-Topfast","og_description":"By accessing our website, purchasing products and\/or customizing parts, you become our \u201cUser\u201d and agree to be bound by the following Terms of Service (including additional terms, conditions, and policies provided via hyperlink).","og_url":"https:\/\/www.topfastpcb.com\/fr\/terms-of-service\/","og_site_name":"Topfastpcb","article_modified_time":"2025-12-09T13:06:46+00:00","twitter_card":"summary_large_image","twitter_misc":{"Dur\u00e9e de lecture estim\u00e9e":"2 minutes"},"schema":{"@context":"https:\/\/schema.org","@graph":[{"@type":"WebPage","@id":"https:\/\/www.topfastpcb.com\/terms-of-service\/","url":"https:\/\/www.topfastpcb.com\/terms-of-service\/","name":"Terms of Service-Topfast","isPartOf":{"@id":"https:\/\/www.topfastpcb.com\/#website"},"datePublished":"2025-04-02T13:01:23+00:00","dateModified":"2025-12-09T13:06:46+00:00","description":"By accessing our website, purchasing products and\/or customizing parts, you become our \u201cUser\u201d and agree to be bound by the following Terms of Service (including additional terms, conditions, and policies provided via hyperlink).","breadcrumb":{"@id":"https:\/\/www.topfastpcb.com\/terms-of-service\/#breadcrumb"},"inLanguage":"fr-FR","potentialAction":[{"@type":"ReadAction","target":["https:\/\/www.topfastpcb.com\/terms-of-service\/"]}]},{"@type":"BreadcrumbList","@id":"https:\/\/www.topfastpcb.com\/terms-of-service\/#breadcrumb","itemListElement":[{"@type":"ListItem","position":1,"name":"\u9996\u9875","item":"https:\/\/www.topfastpcb.com\/"},{"@type":"ListItem","position":2,"name":"TERMS OF SERVICE"}]},{"@type":"WebSite","@id":"https:\/\/www.topfastpcb.com\/#website","url":"https:\/\/www.topfastpcb.com\/","name":"Topfastpcb","description":"Topfast Prime Choice for Global Electronics Manufacturing","publisher":{"@id":"https:\/\/www.topfastpcb.com\/#organization"},"potentialAction":[{"@type":"SearchAction","target":{"@type":"EntryPoint","urlTemplate":"https:\/\/www.topfastpcb.com\/?s={search_term_string}"},"query-input":{"@type":"PropertyValueSpecification","valueRequired":true,"valueName":"search_term_string"}}],"inLanguage":"fr-FR"},{"@type":"Organization","@id":"https:\/\/www.topfastpcb.com\/#organization","name":"Topfastpcb","url":"https:\/\/www.topfastpcb.com\/","logo":{"@type":"ImageObject","inLanguage":"fr-FR","@id":"https:\/\/www.topfastpcb.com\/#\/schema\/logo\/image\/","url":"https:\/\/www.topfastpcb.com\/wp-content\/uploads\/2026\/02\/cropped-topfast-logo.png","contentUrl":"https:\/\/www.topfastpcb.com\/wp-content\/uploads\/2026\/02\/cropped-topfast-logo.png","width":144,"height":56,"caption":"Topfastpcb"},"image":{"@id":"https:\/\/www.topfastpcb.com\/#\/schema\/logo\/image\/"}}]}},"_links":{"self":[{"href":"https:\/\/www.topfastpcb.com\/fr\/wp-json\/wp\/v2\/pages\/1361","targetHints":{"allow":["GET"]}}],"collection":[{"href":"https:\/\/www.topfastpcb.com\/fr\/wp-json\/wp\/v2\/pages"}],"about":[{"href":"https:\/\/www.topfastpcb.com\/fr\/wp-json\/wp\/v2\/types\/page"}],"author":[{"embeddable":true,"href":"https:\/\/www.topfastpcb.com\/fr\/wp-json\/wp\/v2\/users\/1"}],"replies":[{"embeddable":true,"href":"https:\/\/www.topfastpcb.com\/fr\/wp-json\/wp\/v2\/comments?post=1361"}],"version-history":[{"count":1,"href":"https:\/\/www.topfastpcb.com\/fr\/wp-json\/wp\/v2\/pages\/1361\/revisions"}],"predecessor-version":[{"id":1901,"href":"https:\/\/www.topfastpcb.com\/fr\/wp-json\/wp\/v2\/pages\/1361\/revisions\/1901"}],"wp:attachment":[{"href":"https:\/\/www.topfastpcb.com\/fr\/wp-json\/wp\/v2\/media?parent=1361"}],"curies":[{"name":"wp","href":"https:\/\/api.w.org\/{rel}","templated":true}]}}