{"id":3,"date":"2025-03-26T11:47:51","date_gmt":"2025-03-26T11:47:51","guid":{"rendered":"http:\/\/topfastpcbb.ru\/?page_id=3"},"modified":"2025-12-09T20:47:30","modified_gmt":"2025-12-09T12:47:30","slug":"privacy-policy","status":"publish","type":"page","link":"https:\/\/www.topfastpcb.com\/fr\/privacy-policy\/","title":{"rendered":"Politique de confidentialit\u00e9"},"content":{"rendered":"<p>Ce site attache une grande importance \u00e0 la politique de protection de la vie priv\u00e9e de l'utilisateur et respecte strictement les lois et r\u00e9glementations applicables. Si vous continuez \u00e0 utiliser nos services, cela signifie que vous avez lu et compris l'int\u00e9gralit\u00e9 du contenu de cet accord.<br>Ce site respecte et prot\u00e8ge la vie priv\u00e9e de tous les utilisateurs de ce service.Afin de vous fournir un service plus pr\u00e9cis et personnalis\u00e9, le site utilisera et divulguera vos informations personnelles conform\u00e9ment \u00e0 la pr\u00e9sente politique de confidentialit\u00e9.Sauf disposition contraire dans la pr\u00e9sente politique de confidentialit\u00e9, le site ne divulguera ni ne fournira ces informations \u00e0 des tiers sans votre autorisation pr\u00e9alable. Le site peut mettre \u00e0 jour la pr\u00e9sente politique de confidentialit\u00e9 de temps \u00e0 autre. Vous \u00eates r\u00e9put\u00e9 avoir accept\u00e9 la pr\u00e9sente politique de confidentialit\u00e9 dans son int\u00e9gralit\u00e9 lorsque vous acceptez notre accord d'utilisation des services. La pr\u00e9sente politique de confidentialit\u00e9 fait partie int\u00e9grante de notre accord d'utilisation des services.<\/p><ol class=\"wp-block-list\"><li><strong>Champ d'application<\/strong><br>a) Lorsque vous cr\u00e9ez un compte sur ce site web, vous fournissez vos informations personnelles d'enregistrement conform\u00e9ment aux exigences de ce site web ;<br>b) Lorsque vous utilisez les services de r\u00e9seau du site web ou que vous visitez les pages web du site web, le site web re\u00e7oit et enregistre automatiquement des informations sur votre navigateur et votre ordinateur, y compris, mais sans s'y limiter, votre adresse IP, le type de navigateur, la langue, la date et l'heure d'acc\u00e8s, les caract\u00e9ristiques mat\u00e9rielles et logicielles des informations et des enregistrements des pages web dont vous avez besoin ; c) Le site web vous informera de toute modification de votre adresse IP, du type de navigateur, de la langue, de la date et de l'heure d'acc\u00e8s, et des informations dont vous avez besoin ;<br>c) les donn\u00e9es personnelles des utilisateurs obtenues par ce site web aupr\u00e8s de partenaires commerciaux par des moyens l\u00e9gaux.<br>d) Ce site interdit strictement aux utilisateurs de publier des informations r\u00e9pr\u00e9hensibles, telles que la nudit\u00e9, la pornographie, le blasph\u00e8me, etc. Nous examinerons le contenu de la publication et, une fois les informations r\u00e9pr\u00e9hensibles trouv\u00e9es, tous les privil\u00e8ges de l'utilisateur seront d\u00e9sactiv\u00e9s.<br>Vous comprenez et acceptez que les informations suivantes ne s'appliquent pas \u00e0 la pr\u00e9sente politique de confidentialit\u00e9 :<br>a) les informations sur les mots-cl\u00e9s que vous saisissez lorsque vous utilisez les services de recherche fournis par notre plateforme ;<br>b) ce site recueille les informations et les donn\u00e9es pertinentes que vous avez communiqu\u00e9es, y compris, mais sans s'y limiter, la participation \u00e0 des activit\u00e9s, les informations sur les transactions et les d\u00e9tails de l'\u00e9valuation ;<br>c) une violation des lois ou des r\u00e8gles du site a \u00e9t\u00e9 prise \u00e0 votre encontre.<\/li><\/ol><ol start=\"2\" class=\"wp-block-list\"><li><strong>Utilisation des informations<\/strong><br>a) Ce site ne fournira pas, ne vendra pas, ne louera pas, ne partagera pas ou n'\u00e9changera pas vos informations personnelles avec des tiers non li\u00e9s, \u00e0 moins que vous n'ayez obtenu votre autorisation pr\u00e9alable, ou que le tiers et ce site (y compris les affili\u00e9s de ce site) ne fournissent des services pour vous individuellement ou conjointement, et apr\u00e8s la fin du service, il leur sera interdit d'acc\u00e9der aux informations, y compris \u00e0 toutes les informations auxquelles ils ont eu acc\u00e8s.<br>b) Ce site ne permet pas non plus \u00e0 un tiers de collecter, de modifier, de vendre ou de diffuser vos informations personnelles par quelque moyen que ce soit sans compensation. Si un utilisateur de la plate-forme de ce site se livre aux activit\u00e9s susmentionn\u00e9es, ce site a le droit de mettre fin \u00e0 l'accord de service avec l'utilisateur imm\u00e9diatement apr\u00e8s l'avoir d\u00e9couvert.<br>c) Dans le but de servir les utilisateurs, le site peut utiliser vos informations personnelles pour vous fournir des informations qui vous int\u00e9ressent, y compris, mais sans s'y limiter, pour vous envoyer des informations sur des produits et des services, ou pour partager des informations avec nos partenaires afin qu'ils puissent vous envoyer des informations sur leurs produits et leurs services (ce dernier cas n\u00e9cessite votre consentement pr\u00e9alable).<\/li>\n\n<li><strong>Divulgation d'informations<\/strong><br>Dans les circonstances suivantes, ce site web divulguera vos informations personnelles, en tout ou en partie, conform\u00e9ment \u00e0 vos souhaits personnels ou aux dispositions de la loi :<br>a) \u00e0 un tiers avec votre consentement pr\u00e9alable ;<br>b) afin de vous fournir les produits et services dont vous avez besoin, ce site web doit partager vos informations personnelles avec un tiers ;<br>c) conform\u00e9ment aux dispositions pertinentes de la loi, ou \u00e0 la demande des organes administratifs ou judiciaires, \u00e0 un tiers ou \u00e0 des institutions administratives ou judiciaires ;<br>d) Si vous enfreignez les lois et r\u00e8glements en vigueur, l'accord de service ou les r\u00e8gles pertinentes de ce site web, il est n\u00e9cessaire de le divulguer \u00e0 une tierce partie ;<br>e) Si vous \u00eates un plaignant admissible au titre des droits de propri\u00e9t\u00e9 intellectuelle et que vous avez d\u00e9pos\u00e9 une plainte, ce site web la divulguera au d\u00e9fendeur conform\u00e9ment \u00e0 la demande de ce dernier, afin que les deux parties puissent r\u00e9gler l'\u00e9ventuel diff\u00e9rend concernant les droits ;<br>f) Dans le cadre d'une transaction cr\u00e9\u00e9e sur la plate-forme de ce site web, si l'une des parties \u00e0 la transaction remplit ou remplit partiellement les obligations de la transaction et soumet les informations remplissant partiellement les obligations de la transaction et pr\u00e9sente une demande de divulgation d'informations, ce site a le droit de d\u00e9cider de fournir \u00e0 l'utilisateur les coordonn\u00e9es de l'autre partie \u00e0 la transaction et d'autres informations n\u00e9cessaires, afin de faciliter l'ach\u00e8vement de la transaction ou la r\u00e9solution des litiges.<br>g) d'autres informations que ce site web juge appropri\u00e9es en vertu des lois, des r\u00e9glementations ou des politiques du site web.<\/li>\n\n<li><strong>Stockage et \u00e9change d'informations<\/strong><br>Les informations et le mat\u00e9riel vous concernant collect\u00e9s par ce site web seront stock\u00e9s sur les serveurs de ce site web et (ou) de ses affili\u00e9s, et ces informations et ce mat\u00e9riel peuvent \u00eatre transmis au pays ou \u00e0 la r\u00e9gion o\u00f9 vous vous trouvez ou en dehors du lieu o\u00f9 ce site web collecte les informations et le mat\u00e9riel et \u00eatre accessibles, stock\u00e9s et affich\u00e9s en dehors du pays.<\/li>\n\n<li><strong>Utilisation des cookies<\/strong><br>a) Si vous n'avez pas refus\u00e9 les cookies, nous installerons ou acc\u00e9derons \u00e0 notre site web sur votre ordinateur afin que vous puissiez vous connecter ou utiliser les services ou les fonctionnalit\u00e9s de notre plateforme qui reposent sur les cookies. L'utilisation de cookies nous permet de vous fournir des services plus attentionn\u00e9s et personnalis\u00e9s, y compris des services promotionnels.<br>b) Vous avez le droit d'accepter ou de refuser les cookies. vous pouvez refuser les cookies en modifiant les param\u00e8tres de votre navigateur. toutefois, si vous choisissez de refuser les cookies, il se peut que vous ne puissiez pas vous connecter ou utiliser nos services web ou les fonctions qui reposent sur les cookies.<br>c) La pr\u00e9sente politique s'applique aux informations obtenues par le biais des cookies install\u00e9s par ce site web.<\/li>\n\n<li><strong>S\u00e9curit\u00e9 de l'information<\/strong><br>a) Le compte de ce site web est dot\u00e9 d'une fonction de protection, veuillez conserver correctement votre nom d'utilisateur et votre mot de passe. Ce site sera crypt\u00e9 gr\u00e2ce au mot de passe de l'utilisateur et \u00e0 d'autres mesures de s\u00e9curit\u00e9 afin de garantir que vos informations ne sont ni perdues, ni utilis\u00e9es de mani\u00e8re abusive, ni modifi\u00e9es. Malgr\u00e9 les mesures de s\u00e9curit\u00e9 susmentionn\u00e9es, veuillez noter qu'il n'existe pas de \"mesures de s\u00e9curit\u00e9 parfaites\" sur le r\u00e9seau d'information.<br>b) Lorsque vous utilisez les services de r\u00e9seau du site pour des transactions en ligne, vous devrez in\u00e9vitablement divulguer vos informations personnelles \u00e0 la contrepartie ou \u00e0 la contrepartie potentielle, telles que les coordonn\u00e9es ou l'adresse postale.Veuillez prot\u00e9ger correctement vos informations personnelles et ne les communiquer qu'en cas de n\u00e9cessit\u00e9.Si vous constatez une fuite de vos informations personnelles, en particulier de votre nom d'utilisateur et de votre mot de passe, veuillez contacter imm\u00e9diatement notre service client\u00e8le afin que nous puissions prendre les mesures qui s'imposent.<\/li><\/ol>","protected":false},"excerpt":{"rendered":"<p>Ce site attache une grande importance \u00e0 la politique de protection de la vie priv\u00e9e de l'utilisateur et respecte strictement les lois et r\u00e9glementations applicables.Avant de continuer \u00e0 utiliser les services de ce site, veuillez lire cette politique de confidentialit\u00e9. Si vous continuez \u00e0 utiliser nos services, cela signifie que vous avez lu et compris l'int\u00e9gralit\u00e9 du contenu de cet accord.<\/p>","protected":false},"author":1,"featured_media":0,"parent":0,"menu_order":0,"comment_status":"closed","ping_status":"closed","template":"page-templates\/privacy-policy.php","meta":{"footnotes":""},"class_list":["post-3","page","type-page","status-publish","hentry"],"yoast_head":"<!-- This site is optimized with the Yoast SEO plugin v25.1 - https:\/\/yoast.com\/wordpress\/plugins\/seo\/ -->\n<title>Privacy Policy-Topfast<\/title>\n<meta name=\"description\" content=\"This site attaches great importance to the user&#039;s privacy policy, and strictly abide by relevant laws and regulations. Before you continue to use the services of this site, please read this privacy policy.\" \/>\n<meta name=\"robots\" content=\"index, follow, max-snippet:-1, max-image-preview:large, max-video-preview:-1\" \/>\n<link rel=\"canonical\" href=\"https:\/\/www.topfastpcb.com\/fr\/privacy-policy\/\" \/>\n<meta property=\"og:locale\" content=\"fr_FR\" \/>\n<meta property=\"og:type\" content=\"article\" \/>\n<meta property=\"og:title\" content=\"Privacy Policy-Topfast\" \/>\n<meta property=\"og:description\" content=\"This site attaches great importance to the user&#039;s privacy policy, and strictly abide by relevant laws and regulations. Before you continue to use the services of this site, please read this privacy policy.\" \/>\n<meta property=\"og:url\" content=\"https:\/\/www.topfastpcb.com\/fr\/privacy-policy\/\" \/>\n<meta property=\"og:site_name\" content=\"Topfastpcb\" \/>\n<meta property=\"article:modified_time\" content=\"2025-12-09T12:47:30+00:00\" \/>\n<meta name=\"twitter:card\" content=\"summary_large_image\" \/>\n<meta name=\"twitter:label1\" content=\"Dur\u00e9e de lecture estim\u00e9e\" \/>\n\t<meta name=\"twitter:data1\" content=\"7 minutes\" \/>\n<script type=\"application\/ld+json\" class=\"yoast-schema-graph\">{\"@context\":\"https:\/\/schema.org\",\"@graph\":[{\"@type\":\"WebPage\",\"@id\":\"https:\/\/www.topfastpcb.com\/privacy-policy\/\",\"url\":\"https:\/\/www.topfastpcb.com\/privacy-policy\/\",\"name\":\"Privacy Policy-Topfast\",\"isPartOf\":{\"@id\":\"https:\/\/www.topfastpcb.com\/#website\"},\"datePublished\":\"2025-03-26T11:47:51+00:00\",\"dateModified\":\"2025-12-09T12:47:30+00:00\",\"description\":\"This site attaches great importance to the user's privacy policy, and strictly abide by relevant laws and regulations. Before you continue to use the services of this site, please read this privacy policy.\",\"breadcrumb\":{\"@id\":\"https:\/\/www.topfastpcb.com\/privacy-policy\/#breadcrumb\"},\"inLanguage\":\"fr-FR\",\"potentialAction\":[{\"@type\":\"ReadAction\",\"target\":[\"https:\/\/www.topfastpcb.com\/privacy-policy\/\"]}]},{\"@type\":\"BreadcrumbList\",\"@id\":\"https:\/\/www.topfastpcb.com\/privacy-policy\/#breadcrumb\",\"itemListElement\":[{\"@type\":\"ListItem\",\"position\":1,\"name\":\"\u9996\u9875\",\"item\":\"https:\/\/www.topfastpcb.com\/\"},{\"@type\":\"ListItem\",\"position\":2,\"name\":\"Privacy Policy\"}]},{\"@type\":\"WebSite\",\"@id\":\"https:\/\/www.topfastpcb.com\/#website\",\"url\":\"https:\/\/www.topfastpcb.com\/\",\"name\":\"Topfastpcb\",\"description\":\"Topfast Prime Choice for Global Electronics Manufacturing\",\"publisher\":{\"@id\":\"https:\/\/www.topfastpcb.com\/#organization\"},\"potentialAction\":[{\"@type\":\"SearchAction\",\"target\":{\"@type\":\"EntryPoint\",\"urlTemplate\":\"https:\/\/www.topfastpcb.com\/?s={search_term_string}\"},\"query-input\":{\"@type\":\"PropertyValueSpecification\",\"valueRequired\":true,\"valueName\":\"search_term_string\"}}],\"inLanguage\":\"fr-FR\"},{\"@type\":\"Organization\",\"@id\":\"https:\/\/www.topfastpcb.com\/#organization\",\"name\":\"Topfastpcb\",\"url\":\"https:\/\/www.topfastpcb.com\/\",\"logo\":{\"@type\":\"ImageObject\",\"inLanguage\":\"fr-FR\",\"@id\":\"https:\/\/www.topfastpcb.com\/#\/schema\/logo\/image\/\",\"url\":\"https:\/\/www.topfastpcb.com\/wp-content\/uploads\/2026\/02\/cropped-topfast-logo.png\",\"contentUrl\":\"https:\/\/www.topfastpcb.com\/wp-content\/uploads\/2026\/02\/cropped-topfast-logo.png\",\"width\":144,\"height\":56,\"caption\":\"Topfastpcb\"},\"image\":{\"@id\":\"https:\/\/www.topfastpcb.com\/#\/schema\/logo\/image\/\"}}]}<\/script>\n<!-- \/ Yoast SEO plugin. -->","yoast_head_json":{"title":"Privacy Policy-Topfast","description":"This site attaches great importance to the user's privacy policy, and strictly abide by relevant laws and regulations. Before you continue to use the services of this site, please read this privacy policy.","robots":{"index":"index","follow":"follow","max-snippet":"max-snippet:-1","max-image-preview":"max-image-preview:large","max-video-preview":"max-video-preview:-1"},"canonical":"https:\/\/www.topfastpcb.com\/fr\/privacy-policy\/","og_locale":"fr_FR","og_type":"article","og_title":"Privacy Policy-Topfast","og_description":"This site attaches great importance to the user's privacy policy, and strictly abide by relevant laws and regulations. Before you continue to use the services of this site, please read this privacy policy.","og_url":"https:\/\/www.topfastpcb.com\/fr\/privacy-policy\/","og_site_name":"Topfastpcb","article_modified_time":"2025-12-09T12:47:30+00:00","twitter_card":"summary_large_image","twitter_misc":{"Dur\u00e9e de lecture estim\u00e9e":"7 minutes"},"schema":{"@context":"https:\/\/schema.org","@graph":[{"@type":"WebPage","@id":"https:\/\/www.topfastpcb.com\/privacy-policy\/","url":"https:\/\/www.topfastpcb.com\/privacy-policy\/","name":"Privacy Policy-Topfast","isPartOf":{"@id":"https:\/\/www.topfastpcb.com\/#website"},"datePublished":"2025-03-26T11:47:51+00:00","dateModified":"2025-12-09T12:47:30+00:00","description":"This site attaches great importance to the user's privacy policy, and strictly abide by relevant laws and regulations. Before you continue to use the services of this site, please read this privacy policy.","breadcrumb":{"@id":"https:\/\/www.topfastpcb.com\/privacy-policy\/#breadcrumb"},"inLanguage":"fr-FR","potentialAction":[{"@type":"ReadAction","target":["https:\/\/www.topfastpcb.com\/privacy-policy\/"]}]},{"@type":"BreadcrumbList","@id":"https:\/\/www.topfastpcb.com\/privacy-policy\/#breadcrumb","itemListElement":[{"@type":"ListItem","position":1,"name":"\u9996\u9875","item":"https:\/\/www.topfastpcb.com\/"},{"@type":"ListItem","position":2,"name":"Privacy Policy"}]},{"@type":"WebSite","@id":"https:\/\/www.topfastpcb.com\/#website","url":"https:\/\/www.topfastpcb.com\/","name":"Topfastpcb","description":"Topfast Prime Choice for Global Electronics Manufacturing","publisher":{"@id":"https:\/\/www.topfastpcb.com\/#organization"},"potentialAction":[{"@type":"SearchAction","target":{"@type":"EntryPoint","urlTemplate":"https:\/\/www.topfastpcb.com\/?s={search_term_string}"},"query-input":{"@type":"PropertyValueSpecification","valueRequired":true,"valueName":"search_term_string"}}],"inLanguage":"fr-FR"},{"@type":"Organization","@id":"https:\/\/www.topfastpcb.com\/#organization","name":"Topfastpcb","url":"https:\/\/www.topfastpcb.com\/","logo":{"@type":"ImageObject","inLanguage":"fr-FR","@id":"https:\/\/www.topfastpcb.com\/#\/schema\/logo\/image\/","url":"https:\/\/www.topfastpcb.com\/wp-content\/uploads\/2026\/02\/cropped-topfast-logo.png","contentUrl":"https:\/\/www.topfastpcb.com\/wp-content\/uploads\/2026\/02\/cropped-topfast-logo.png","width":144,"height":56,"caption":"Topfastpcb"},"image":{"@id":"https:\/\/www.topfastpcb.com\/#\/schema\/logo\/image\/"}}]}},"_links":{"self":[{"href":"https:\/\/www.topfastpcb.com\/fr\/wp-json\/wp\/v2\/pages\/3","targetHints":{"allow":["GET"]}}],"collection":[{"href":"https:\/\/www.topfastpcb.com\/fr\/wp-json\/wp\/v2\/pages"}],"about":[{"href":"https:\/\/www.topfastpcb.com\/fr\/wp-json\/wp\/v2\/types\/page"}],"author":[{"embeddable":true,"href":"https:\/\/www.topfastpcb.com\/fr\/wp-json\/wp\/v2\/users\/1"}],"replies":[{"embeddable":true,"href":"https:\/\/www.topfastpcb.com\/fr\/wp-json\/wp\/v2\/comments?post=3"}],"version-history":[{"count":1,"href":"https:\/\/www.topfastpcb.com\/fr\/wp-json\/wp\/v2\/pages\/3\/revisions"}],"predecessor-version":[{"id":1897,"href":"https:\/\/www.topfastpcb.com\/fr\/wp-json\/wp\/v2\/pages\/3\/revisions\/1897"}],"wp:attachment":[{"href":"https:\/\/www.topfastpcb.com\/fr\/wp-json\/wp\/v2\/media?parent=3"}],"curies":[{"name":"wp","href":"https:\/\/api.w.org\/{rel}","templated":true}]}}