{"id":365,"date":"2025-03-28T03:04:19","date_gmt":"2025-03-28T03:04:19","guid":{"rendered":"http:\/\/topfastpcbb.ru\/about-two\/"},"modified":"2025-12-03T11:56:55","modified_gmt":"2025-12-03T03:56:55","slug":"about","status":"publish","type":"page","link":"https:\/\/www.topfastpcb.com\/fr\/about\/","title":{"rendered":"\u00c0 propos de nous"},"content":{"rendered":"<h2>Be Faster Be Better - Topfast<\/h2>\n<p>        <img decoding=\"async\" src=\"https:\/\/www.topfastpcb.com\/wp-content\/uploads\/2025\/04\/4%E6%9C%8817%E6%97%A51-%E5%B0%81%E9%9D%A2-1.jpg\" alt=\"Installation de fabrication de produits \u00e9lectroniques Topfast\"><br \/>\n        Fond\u00e9 en 2008, Topfast est le premier choix pour la fabrication \u00e9lectronique globale. En tant que leader dans la fabrication de PCB avec 17 ans d'exp\u00e9rience dans la conception, la fabrication et l'assemblage, nous sommes sp\u00e9cialis\u00e9s dans le prototypage rapide et la production de faibles volumes.<br \/>\n          Nous employons plus de <strong>1 000 professionnels<\/strong> dans notre <strong>30 000 m\u00b2 d'installations<\/strong>Au service d'innovateurs mondiaux tels que Huawei, Xiaomi, Rakuten, Thales Group, Mitsubishi, DJI UAV et Hikvision.<br \/>\n        Topfast est reconnu sur le march\u00e9 pour sa qualit\u00e9 exceptionnelle et ses livraisons dans les d\u00e9lais. Nous nous concentrons sur la satisfaction de nos clients en tant que partenaire fiable pour les circuits imprim\u00e9s, qui s'engage \u00e0 assurer une \"haute qualit\u00e9\" et une \"livraison rapide\".<\/p>\n<h3>Notre expertise<\/h3>\n<p>          Cartes HDI<br \/>\n          Plaques de cuivre \u00e9paisses<br \/>\n          Cartes de fond de panier<br \/>\n          Cartes de test de semi-conducteurs<br \/>\n          Cartes \u00e0 haute fr\u00e9quence<br \/>\n          Cartes \u00e0 grande vitesse<br \/>\n          Panneaux Rigid-Flex<br \/>\n        <!-- Inquiry Buttons Section --><br \/>\n          <a href=\"#\" rel=\"nofollow\">Demande de devis<\/a><br \/>\n          <a href=\"#\" rel=\"nofollow\">Demande de renseignements techniques<\/a><br \/>\n            17+<br \/>\n            Ann\u00e9es d'exp\u00e9rience<br \/>\n            1K+<br \/>\n            Salari\u00e9s<br \/>\n            30K<br \/>\n            M\u00e8tres carr\u00e9s<br \/>\n            100%<br \/>\n            Certifi\u00e9<\/p>\n<h3>Clients internationaux<\/h3>\n<p>          Huawei<br \/>\n          Xiaomi<br \/>\n          Rakuten<br \/>\n          Groupe Thales<br \/>\n          Mitsubishi<br \/>\n          DJI UAV<br \/>\n          Hikvision<br \/>\n          Leaders de l'IdO<\/p>\n<h3>Certifications<\/h3>\n<p>        Tous les produits r\u00e9pondent aux normes IPC et sont certifi\u00e9s UL, ROHS et ISO9001.<\/p>\n<h3>Applications<\/h3>\n<p>        Communications, \u00e9quipement m\u00e9dical, contr\u00f4le industriel, alimentation \u00e9lectrique, \u00e9lectronique grand public, a\u00e9rospatiale, automobile<br \/>\n        <!-- Additional Inquiry Button --><br \/>\n          <a href=\"#\" rel=\"nofollow\">Demande d'\u00e9chantillons gratuits<\/a><\/p>\n<h3>Notre engagement<\/h3>\n<p>Nous adh\u00e9rons \u00e0 la devise \"le client d'abord, la qualit\u00e9 d'abord\" et nos techniciens exp\u00e9riment\u00e9s (plus de 20 ans d'exp\u00e9rience) fournissent des conseils en mati\u00e8re de conception et une assistance technique. Nous investissons continuellement dans de nouveaux \u00e9quipements et de nouvelles technologies pour garantir la qualit\u00e9 des circuits imprim\u00e9s.<\/p>\n<p>        <a href=\"#\" rel=\"nofollow\">Voir nos capacit\u00e9s<\/a><br \/>\n          La mission<\/p>\n<p>Faire progresser les employ\u00e9s, faire bouger les clients et aider la fabrication intelligente chinoise dans le monde entier.<\/p>\n<p>          Vision<\/p>\n<p>Devenir une entreprise centenaire de technologie \u00e9lectronique intelligente avec des employ\u00e9s heureux et des clients appr\u00e9ci\u00e9s.<\/p>\n<p>          Valeurs fondamentales<\/p>\n<p>Le client d'abord Technologie Leadership Recherche de l'honn\u00eatet\u00e9 et de la r\u00e9ciprocit\u00e9.<\/p>\n<h2>Tous les produits<\/h2>\n<h6>Fournir des prototypes et des cartes d'assemblage pour PCB et PCBA<\/h6>\n<p>        <!-- \u4ea7\u54c1\u98791 --><br \/>\n          <a href=\"https:\/\/www.topfastpcb.com\/fr\/products\/high-speed-pcb\/\"><\/p>\n<h3>PCB \u00e0 grande vitesse<\/h3>\n<p>          <\/a><br \/>\n        <!-- \u4ea7\u54c1\u98792 --><br \/>\n          <a href=\"https:\/\/www.topfastpcb.com\/fr\/products\/deep-ultraviolet-duv-purifier-pcbs\/\"><\/p>\n<h3>PCB en c\u00e9ramique<\/h3>\n<p>          <\/a><br \/>\n        <!-- \u4ea7\u54c1\u98793 --><br \/>\n          <a href=\"https:\/\/www.topfastpcb.com\/fr\/products\/double-sided-flexible-pcb\/\"><\/p>\n<h3>Circuit imprim\u00e9 flexible<\/h3>\n<p>          <\/a><br \/>\n        <!-- \u4ea7\u54c1\u98794 --><br \/>\n          <a href=\"https:\/\/www.topfastpcb.com\/fr\/products\/consumer-electronics-pcba\/\"><\/p>\n<h3>Cartes de circuits imprim\u00e9s pour l'\u00e9lectronique grand public<\/h3>\n<p>          <\/a><br \/>\n        <!-- \u4ea7\u54c1\u98795 --><br \/>\n          <a href=\"https:\/\/www.topfastpcb.com\/fr\/products\/metal-stiffener-rigid-flex-pcb\/\"><\/p>\n<h3>Carte de circuit imprim\u00e9 rigide-flexible<\/h3>\n<p>          <\/a><br \/>\n        <!-- \u4ea7\u54c1\u98796 --><br \/>\n          <a href=\"https:\/\/www.topfastpcb.com\/fr\/products\/pcba-for-medical-industry\/\"><\/p>\n<h3>PCBA m\u00e9dical<\/h3>\n<p>          <\/a><br \/>\n        <!-- \u4ea7\u54c1\u98797 --><br \/>\n          <a href=\"https:\/\/www.topfastpcb.com\/fr\/products\/high-tg-rigid-pcb\/\"><\/p>\n<h3>PCB rigide \u00e0 TG \u00e9lev\u00e9<\/h3>\n<p>          <\/a><\/p>\n<style>\n\/* \u4ea7\u54c1\u5c55\u793a\u533a\u6837\u5f0f *\/\n.tf-products-section {\n  padding: 60px 0;\n  position: relative;\n}\n.tf-products-header {\n  text-align: center;\n  margin-bottom: 40px;\n  padding: 0 20px;\n}\n.tf-main-title {\n  font-size: 48px;\n  color: #2e7d32;\n  margin: 0 0 15px;\n  font-weight: 700;\n  letter-spacing: -1px;\n}\n.tf-subtitle {\n  font-size: 18px;\n  color: #546e7a;\n  margin: 0;\n  font-weight: 400;\n}\n\/* \u4ea7\u54c1\u8f6e\u64ad\u6837\u5f0f *\/\n.tf-products-carousel {\n  position: relative;\n  max-width: 1470px;\n  margin: 0 auto;\n  padding: 0 40px;\n}\n.tf-carousel-container {\n  overflow: hidden;\n  position: relative;\n}\n.tf-carousel-track {\n  display: flex;\n  gap: 30px;\n  transition: transform 0.5s ease;\n  padding: 10px 0;\n}\n.tf-product-card {\n  flex: 0 0 calc(20% - 24px);\n  min-width: 280px; \/* \u589e\u5927\u5361\u7247\u5bbd\u5ea6 *\/\n  border-radius: 8px;\n  overflow: hidden;\n  transition: all 0.3s ease;\n  position: relative;\n  background: #fff;\n  \/* \u79fb\u9664\u9634\u5f71\u6548\u679c *\/\n}\n.tf-product-card:hover {\n  transform: translateY(-5px);\n}\n.tf-product-image {\n  height: 280px; \/* \u589e\u5927\u56fe\u7247\u9ad8\u5ea6 *\/\n  background-size: cover;\n  background-position: center;\n  position: relative;\n}\n.tf-product-overlay {\n  position: absolute;\n  bottom: 0;\n  left: 0;\n  right: 0;\n  background: linear-gradient(to top, rgba(0,0,0,0.8), transparent);\n  padding: 20px;\n  color: white;\n}\n.tf-product-title {\n  margin: 0;\n  font-size: 18px;\n  font-weight: 600;\n  color: #fff;\n  text-shadow: 0 1px 3px rgba(0,0,0,0.3);\n}\n\/* \u54cd\u5e94\u5f0f\u8bbe\u8ba1 *\/\n@media (max-width: 1200px) {\n  .tf-product-card {\n    flex: 0 0 calc(25% - 23px);\n  }\n}\n@media (max-width: 992px) {\n  .tf-main-title {\n    font-size: 36px;\n  }\n  .tf-product-card {\n    flex: 0 0 calc(33.333% - 20px);\n  }\n}\n@media (max-width: 768px) {\n  .tf-products-section {\n    padding: 40px 0;\n  }\n  .tf-products-carousel {\n    padding: 0 20px;\n  }\n  .tf-product-card {\n    flex: 0 0 calc(50% - 15px);\n  }\n  .tf-product-image {\n    height: 240px; \/* \u8c03\u6574\u79fb\u52a8\u7aef\u56fe\u7247\u9ad8\u5ea6 *\/\n  }\n}\n@media (max-width: 576px) {\n  .tf-main-title {\n    font-size: 28px;\n  }\n  .tf-subtitle {\n    font-size: 16px;\n  }\n  .tf-product-card {\n    flex: 0 0 100%;\n    max-width: 320px;\n    margin: 0 auto;\n  }\n  .tf-carousel-track {\n    gap: 20px;\n  }\n  .tf-product-image {\n    height: 260px; \/* \u8fdb\u4e00\u6b65\u8c03\u6574\u79fb\u52a8\u7aef\u56fe\u7247\u9ad8\u5ea6 *\/\n  }\n}\n<\/style>\n<h2>FAQ<\/h2>\n<p>      <!-- \u7b2c\u4e00\u5217FAQ --><br \/>\n            +<\/p>\n<h3>Que fait TopFast ?<\/h3>\n<p>TopFast propose des circuits imprim\u00e9s et des circuits imprim\u00e9s de haute qualit\u00e9, livr\u00e9s \u00e0 temps, ainsi que des services de fabrication, d'assemblage et d'approvisionnement en circuits imprim\u00e9s aupr\u00e8s de fournisseurs mondiaux sp\u00e9cialis\u00e9s.<\/p>\n<p>            +<\/p>\n<h3>Quel est votre d\u00e9lai de livraison ?<\/h3>\n<p>Le d\u00e9lai de livraison le plus court que nous puissions prendre en charge est de 12 heures. 1 heure pour le devis. 4 heures pour l'ing\u00e9nierie. Cela d\u00e9pend des exigences et de la quantit\u00e9 de votre produit. En outre, le d\u00e9lai de livraison sera inclus dans votre devis.<\/p>\n<p>            +<\/p>\n<h3>Proposez-vous des \u00e9chantillons gratuits ?<\/h3>\n<p>Nous n'offrons pas de circuits imprim\u00e9s gratuits. Si vous souhaitez v\u00e9rifier notre qualit\u00e9 avant la production de masse, il est pr\u00e9f\u00e9rable de passer une commande de prototype. Apr\u00e8s avoir v\u00e9rifi\u00e9 notre qualit\u00e9, vous pouvez facilement passer une commande pour la quantit\u00e9 dont vous avez besoin.<\/p>\n<p>            +<\/p>\n<h3>Qu'en est-il des frais d'exp\u00e9dition ?<\/h3>\n<p>Pour les petits colis, nous recommandons d'utiliser un service de courrier express (par exemple, DHL, UPS, FedEx et EMS). C'est le moyen le plus rapide mais aussi le plus co\u00fbteux. Pour les colis volumineux, le fret maritime est la meilleure solution. Nous ne pouvons vous donner des tarifs d'exp\u00e9dition pr\u00e9cis que si nous connaissons la quantit\u00e9, le poids et les d\u00e9tails de la m\u00e9thode d'exp\u00e9dition.<\/p>\n<p>      <!-- \u7b2c\u4e8c\u5217FAQ --><br \/>\n            +<\/p>\n<h3>Comment commander ?<\/h3>\n<p>En ligne : Obtenez un devis gratuit sur notre site web. Courriel : \u5411Sales@topfastpcb.com Envoyez un courriel contenant les informations suivantes : nom, soci\u00e9t\u00e9, adresse, num\u00e9ro de t\u00e9l\u00e9phone, adresse \u00e9lectronique, num\u00e9ro de produit, quantit\u00e9, dur\u00e9e de vie du produit et toute autre information que vous souhaitez partager avec nous. Joignez votre fichier Gerber.<\/p>\n<p>T\u00e9l\u00e9phone :Si vous avez des questions, n'h\u00e9sitez pas \u00e0 nous appeler au +86-13929576863.<\/p>\n<p>            +<\/p>\n<h3>O\u00f9 fabriquez-vous vos circuits imprim\u00e9s ?<\/h3>\n<p>En tant que fabricant mondial de circuits imprim\u00e9s, nos usines sont situ\u00e9es \u00e0 Guangzhou, en Chine, et \u00e0 Shenzhen, en Chine, et utilisent les avantages de chaque r\u00e9gion pour vous fournir le meilleur service.<\/p>\n<p>            +<\/p>\n<h3>Je suis pr\u00eat \u00e0 passer une grosse commande, mais je dois d'abord tester votre qualit\u00e9. Cela vous convient-il ?<\/h3>\n<p>Bien s\u00fbr. Vous pouvez d'abord passer une commande de prototype.Utilisez l'une des options pour v\u00e9rifier la qualit\u00e9 et faites-nous savoir ensuite si vous souhaitez passer \u00e0 la production en s\u00e9rie.<\/p>\n<p>            +<\/p>\n<h3>Vos prix sont si bas, comment garantissez-vous une excellente qualit\u00e9 ?<\/h3>\n<p>1. Nous introduisons constamment de nouveaux \u00e9quipements et de nouvelles technologies.2 Nous utilisons des mat\u00e9riaux de haute qualit\u00e9 pour garantir la qualit\u00e9 des cartes.3 Nous avons plus de 25 cadres et techniciens exp\u00e9riment\u00e9s engag\u00e9s dans la production de PCB depuis plus de vingt ans, avec une riche exp\u00e9rience dans la gestion de la production et des comp\u00e9tences professionnelles en mati\u00e8re de PCB. Nos frais g\u00e9n\u00e9raux sont extr\u00eamement bas car nous disposons d'un canal de vente directe efficace. Chaque centime que vous payez correspond \u00e0 la meilleure qualit\u00e9 !<\/p>\n<style>\n\/* FAQ\u90e8\u5206\u6574\u4f53\u6837\u5f0f *\/\n.topfast-faq-section {\n  padding: 80px 0;\n  font-family: 'Poppins', Arial, sans-serif;\n}\n.topfast-faq-container {\n  max-width: 1470px;\n  margin: 0 auto;\n  padding: 0 20px;\n}\n.topfast-faq-main-title {\n  text-align: center;\n  font-size: 42px;\n  color: #2e7d32;\n  margin-bottom: 50px;\n  font-weight: 700;\n  position: relative;\n}\n.topfast-faq-main-title:after {\n  content: '';\n  display: block;\n  width: 80px;\n  height: 4px;\n  background: #4caf50;\n  margin: 15px auto 0;\n}\n.topfast-faq-columns {\n  display: flex;\n  gap: 40px;\n}\n.topfast-faq-column {\n  flex: 1;\n}\n\/* FAQ\u9879\u6837\u5f0f *\/\n.topfast-faq-item {\n  margin-bottom: 20px;\n  border-radius: 8px;\n  overflow: hidden;\n  box-shadow: 0 3px 15px rgba(0,0,0,0.05);\n  transition: all 0.3s ease;\n}\n.topfast-faq-item:hover {\n  box-shadow: 0 5px 25px rgba(0,0,0,0.1);\n}\n.topfast-faq-question {\n  background: #fff;\n  padding: 20px 25px;\n  cursor: pointer;\n  display: flex;\n  align-items: center;\n  transition: all 0.3s ease;\n}\n.topfast-faq-question:hover {\n  background: #f1f8e9;\n}\n.topfast-faq-question h3 {\n  margin: 0;\n  font-size: 18px;\n  font-weight: 600;\n  color: #333;\n  flex: 1;\n}\n.topfast-faq-icon {\n  display: inline-block;\n  width: 24px;\n  height: 24px;\n  background: #4caf50;\n  color: white;\n  border-radius: 50%;\n  text-align: center;\n  line-height: 24px;\n  margin-right: 15px;\n  font-size: 18px;\n  font-weight: bold;\n  transition: all 0.3s ease;\n}\n.topfast-faq-item.active .topfast-faq-icon {\n  transform: rotate(45deg);\n  background: #2e7d32;\n}\n.topfast-faq-answer {\n  background: #fff;\n  padding: 0 25px;\n  max-height: 0;\n  overflow: hidden;\n  transition: all 0.3s ease;\n}\n.topfast-faq-item.active .topfast-faq-answer {\n  padding: 0 25px 20px;\n  max-height: 500px;\n}\n.topfast-faq-answer p {\n  margin: 15px 0 0;\n  color: #555;\n  line-height: 1.6;\n}\n\/* \u54cd\u5e94\u5f0f\u8bbe\u8ba1 *\/\n@media (max-width: 992px) {\n  .topfast-faq-columns {\n    flex-direction: column;\n    gap: 20px;\n  }\n  .topfast-faq-main-title {\n    font-size: 36px;\n  }\n}\n@media (max-width: 768px) {\n  .topfast-faq-section {\n    padding: 60px 0;\n  }\n  .topfast-faq-main-title {\n    font-size: 30px;\n    margin-bottom: 30px;\n  }\n  .topfast-faq-question {\n    padding: 15px 20px;\n  }\n  .topfast-faq-question h3 {\n    font-size: 16px;\n  }\n  .topfast-faq-icon {\n    width: 20px;\n    height: 20px;\n    line-height: 20px;\n    font-size: 16px;\n    margin-right: 12px;\n  }\n}\n<\/style>","protected":false},"excerpt":{"rendered":"<p>Soyez plus rapide, soyez meilleur \u2013 Topfast Fond\u00e9e en 2008, Topfast est le choix num\u00e9ro un pour la fabrication \u00e9lectronique mondiale. En tant que fabricant leader de circuits imprim\u00e9s avec 17 ans d'exp\u00e9rience dans la conception, la fabrication et l'assemblage, nous sommes sp\u00e9cialis\u00e9s dans le prototypage rapide et la production en petites s\u00e9ries. Nous employons plus de 1 000 professionnels dans notre usine de 30 000 m\u00b2, au service d'innovateurs mondiaux, notamment [\u2026]<\/p>","protected":false},"author":1,"featured_media":0,"parent":0,"menu_order":0,"comment_status":"closed","ping_status":"closed","template":"page-templates\/about.php","meta":{"footnotes":""},"class_list":["post-365","page","type-page","status-publish","hentry"],"yoast_head":"<!-- This site is optimized with the Yoast SEO plugin v25.1 - https:\/\/yoast.com\/wordpress\/plugins\/seo\/ -->\n<title>Specialized PCB Manufacturer-Topfast<\/title>\n<meta name=\"description\" content=\"Topfast Prime Choice for Global Electronics Manufacturing. We are a professional and reliable one-stop printed circuit board solution provider specializing in PCB rapid prototyping and low-volume products.\" \/>\n<meta name=\"robots\" content=\"index, follow, max-snippet:-1, max-image-preview:large, max-video-preview:-1\" \/>\n<link rel=\"canonical\" href=\"https:\/\/www.topfastpcb.com\/fr\/about\/\" \/>\n<meta property=\"og:locale\" content=\"fr_FR\" \/>\n<meta property=\"og:type\" content=\"article\" \/>\n<meta property=\"og:title\" content=\"Specialized PCB Manufacturer-Topfast\" \/>\n<meta property=\"og:description\" content=\"Topfast Prime Choice for Global Electronics Manufacturing. We are a professional and reliable one-stop printed circuit board solution provider specializing in PCB rapid prototyping and low-volume products.\" \/>\n<meta property=\"og:url\" content=\"https:\/\/www.topfastpcb.com\/fr\/about\/\" \/>\n<meta property=\"og:site_name\" content=\"Topfastpcb\" \/>\n<meta property=\"article:modified_time\" content=\"2025-12-03T03:56:55+00:00\" \/>\n<meta property=\"og:image\" content=\"https:\/\/www.topfastpcb.com\/wp-content\/uploads\/2025\/04\/4%E6%9C%8817%E6%97%A51-%E5%B0%81%E9%9D%A2-1.jpg\" \/>\n<meta name=\"twitter:card\" content=\"summary_large_image\" \/>\n<meta name=\"twitter:label1\" content=\"Dur\u00e9e de lecture estim\u00e9e\" \/>\n\t<meta name=\"twitter:data1\" content=\"3 minutes\" \/>\n<script type=\"application\/ld+json\" class=\"yoast-schema-graph\">{\"@context\":\"https:\/\/schema.org\",\"@graph\":[{\"@type\":\"WebPage\",\"@id\":\"https:\/\/www.topfastpcb.com\/about\/\",\"url\":\"https:\/\/www.topfastpcb.com\/about\/\",\"name\":\"Specialized PCB Manufacturer-Topfast\",\"isPartOf\":{\"@id\":\"https:\/\/www.topfastpcb.com\/#website\"},\"primaryImageOfPage\":{\"@id\":\"https:\/\/www.topfastpcb.com\/about\/#primaryimage\"},\"image\":{\"@id\":\"https:\/\/www.topfastpcb.com\/about\/#primaryimage\"},\"thumbnailUrl\":\"https:\/\/www.topfastpcb.com\/wp-content\/uploads\/2025\/04\/4%E6%9C%8817%E6%97%A51-%E5%B0%81%E9%9D%A2-1.jpg\",\"datePublished\":\"2025-03-28T03:04:19+00:00\",\"dateModified\":\"2025-12-03T03:56:55+00:00\",\"description\":\"Topfast Prime Choice for Global Electronics Manufacturing. We are a professional and reliable one-stop printed circuit board solution provider specializing in PCB rapid prototyping and low-volume products.\",\"breadcrumb\":{\"@id\":\"https:\/\/www.topfastpcb.com\/about\/#breadcrumb\"},\"inLanguage\":\"fr-FR\",\"potentialAction\":[{\"@type\":\"ReadAction\",\"target\":[\"https:\/\/www.topfastpcb.com\/about\/\"]}]},{\"@type\":\"ImageObject\",\"inLanguage\":\"fr-FR\",\"@id\":\"https:\/\/www.topfastpcb.com\/about\/#primaryimage\",\"url\":\"https:\/\/www.topfastpcb.com\/wp-content\/uploads\/2025\/04\/4%E6%9C%8817%E6%97%A51-%E5%B0%81%E9%9D%A2-1.jpg\",\"contentUrl\":\"https:\/\/www.topfastpcb.com\/wp-content\/uploads\/2025\/04\/4%E6%9C%8817%E6%97%A51-%E5%B0%81%E9%9D%A2-1.jpg\"},{\"@type\":\"BreadcrumbList\",\"@id\":\"https:\/\/www.topfastpcb.com\/about\/#breadcrumb\",\"itemListElement\":[{\"@type\":\"ListItem\",\"position\":1,\"name\":\"\u9996\u9875\",\"item\":\"https:\/\/www.topfastpcb.com\/\"},{\"@type\":\"ListItem\",\"position\":2,\"name\":\"About\"}]},{\"@type\":\"WebSite\",\"@id\":\"https:\/\/www.topfastpcb.com\/#website\",\"url\":\"https:\/\/www.topfastpcb.com\/\",\"name\":\"Topfastpcb\",\"description\":\"Topfast Prime Choice for Global Electronics Manufacturing\",\"publisher\":{\"@id\":\"https:\/\/www.topfastpcb.com\/#organization\"},\"potentialAction\":[{\"@type\":\"SearchAction\",\"target\":{\"@type\":\"EntryPoint\",\"urlTemplate\":\"https:\/\/www.topfastpcb.com\/?s={search_term_string}\"},\"query-input\":{\"@type\":\"PropertyValueSpecification\",\"valueRequired\":true,\"valueName\":\"search_term_string\"}}],\"inLanguage\":\"fr-FR\"},{\"@type\":\"Organization\",\"@id\":\"https:\/\/www.topfastpcb.com\/#organization\",\"name\":\"Topfastpcb\",\"url\":\"https:\/\/www.topfastpcb.com\/\",\"logo\":{\"@type\":\"ImageObject\",\"inLanguage\":\"fr-FR\",\"@id\":\"https:\/\/www.topfastpcb.com\/#\/schema\/logo\/image\/\",\"url\":\"https:\/\/www.topfastpcb.com\/wp-content\/uploads\/2026\/02\/cropped-topfast-logo.png\",\"contentUrl\":\"https:\/\/www.topfastpcb.com\/wp-content\/uploads\/2026\/02\/cropped-topfast-logo.png\",\"width\":144,\"height\":56,\"caption\":\"Topfastpcb\"},\"image\":{\"@id\":\"https:\/\/www.topfastpcb.com\/#\/schema\/logo\/image\/\"}}]}<\/script>\n<!-- \/ Yoast SEO plugin. -->","yoast_head_json":{"title":"Specialized PCB Manufacturer-Topfast","description":"Topfast Prime Choice for Global Electronics Manufacturing. We are a professional and reliable one-stop printed circuit board solution provider specializing in PCB rapid prototyping and low-volume products.","robots":{"index":"index","follow":"follow","max-snippet":"max-snippet:-1","max-image-preview":"max-image-preview:large","max-video-preview":"max-video-preview:-1"},"canonical":"https:\/\/www.topfastpcb.com\/fr\/about\/","og_locale":"fr_FR","og_type":"article","og_title":"Specialized PCB Manufacturer-Topfast","og_description":"Topfast Prime Choice for Global Electronics Manufacturing. We are a professional and reliable one-stop printed circuit board solution provider specializing in PCB rapid prototyping and low-volume products.","og_url":"https:\/\/www.topfastpcb.com\/fr\/about\/","og_site_name":"Topfastpcb","article_modified_time":"2025-12-03T03:56:55+00:00","og_image":[{"url":"https:\/\/www.topfastpcb.com\/wp-content\/uploads\/2025\/04\/4%E6%9C%8817%E6%97%A51-%E5%B0%81%E9%9D%A2-1.jpg","type":"","width":"","height":""}],"twitter_card":"summary_large_image","twitter_misc":{"Dur\u00e9e de lecture estim\u00e9e":"3 minutes"},"schema":{"@context":"https:\/\/schema.org","@graph":[{"@type":"WebPage","@id":"https:\/\/www.topfastpcb.com\/about\/","url":"https:\/\/www.topfastpcb.com\/about\/","name":"Specialized PCB Manufacturer-Topfast","isPartOf":{"@id":"https:\/\/www.topfastpcb.com\/#website"},"primaryImageOfPage":{"@id":"https:\/\/www.topfastpcb.com\/about\/#primaryimage"},"image":{"@id":"https:\/\/www.topfastpcb.com\/about\/#primaryimage"},"thumbnailUrl":"https:\/\/www.topfastpcb.com\/wp-content\/uploads\/2025\/04\/4%E6%9C%8817%E6%97%A51-%E5%B0%81%E9%9D%A2-1.jpg","datePublished":"2025-03-28T03:04:19+00:00","dateModified":"2025-12-03T03:56:55+00:00","description":"Topfast Prime Choice for Global Electronics Manufacturing. We are a professional and reliable one-stop printed circuit board solution provider specializing in PCB rapid prototyping and low-volume products.","breadcrumb":{"@id":"https:\/\/www.topfastpcb.com\/about\/#breadcrumb"},"inLanguage":"fr-FR","potentialAction":[{"@type":"ReadAction","target":["https:\/\/www.topfastpcb.com\/about\/"]}]},{"@type":"ImageObject","inLanguage":"fr-FR","@id":"https:\/\/www.topfastpcb.com\/about\/#primaryimage","url":"https:\/\/www.topfastpcb.com\/wp-content\/uploads\/2025\/04\/4%E6%9C%8817%E6%97%A51-%E5%B0%81%E9%9D%A2-1.jpg","contentUrl":"https:\/\/www.topfastpcb.com\/wp-content\/uploads\/2025\/04\/4%E6%9C%8817%E6%97%A51-%E5%B0%81%E9%9D%A2-1.jpg"},{"@type":"BreadcrumbList","@id":"https:\/\/www.topfastpcb.com\/about\/#breadcrumb","itemListElement":[{"@type":"ListItem","position":1,"name":"\u9996\u9875","item":"https:\/\/www.topfastpcb.com\/"},{"@type":"ListItem","position":2,"name":"About"}]},{"@type":"WebSite","@id":"https:\/\/www.topfastpcb.com\/#website","url":"https:\/\/www.topfastpcb.com\/","name":"Topfastpcb","description":"Topfast Prime Choice for Global Electronics Manufacturing","publisher":{"@id":"https:\/\/www.topfastpcb.com\/#organization"},"potentialAction":[{"@type":"SearchAction","target":{"@type":"EntryPoint","urlTemplate":"https:\/\/www.topfastpcb.com\/?s={search_term_string}"},"query-input":{"@type":"PropertyValueSpecification","valueRequired":true,"valueName":"search_term_string"}}],"inLanguage":"fr-FR"},{"@type":"Organization","@id":"https:\/\/www.topfastpcb.com\/#organization","name":"Topfastpcb","url":"https:\/\/www.topfastpcb.com\/","logo":{"@type":"ImageObject","inLanguage":"fr-FR","@id":"https:\/\/www.topfastpcb.com\/#\/schema\/logo\/image\/","url":"https:\/\/www.topfastpcb.com\/wp-content\/uploads\/2026\/02\/cropped-topfast-logo.png","contentUrl":"https:\/\/www.topfastpcb.com\/wp-content\/uploads\/2026\/02\/cropped-topfast-logo.png","width":144,"height":56,"caption":"Topfastpcb"},"image":{"@id":"https:\/\/www.topfastpcb.com\/#\/schema\/logo\/image\/"}}]}},"_links":{"self":[{"href":"https:\/\/www.topfastpcb.com\/fr\/wp-json\/wp\/v2\/pages\/365","targetHints":{"allow":["GET"]}}],"collection":[{"href":"https:\/\/www.topfastpcb.com\/fr\/wp-json\/wp\/v2\/pages"}],"about":[{"href":"https:\/\/www.topfastpcb.com\/fr\/wp-json\/wp\/v2\/types\/page"}],"author":[{"embeddable":true,"href":"https:\/\/www.topfastpcb.com\/fr\/wp-json\/wp\/v2\/users\/1"}],"replies":[{"embeddable":true,"href":"https:\/\/www.topfastpcb.com\/fr\/wp-json\/wp\/v2\/comments?post=365"}],"version-history":[{"count":87,"href":"https:\/\/www.topfastpcb.com\/fr\/wp-json\/wp\/v2\/pages\/365\/revisions"}],"predecessor-version":[{"id":3941,"href":"https:\/\/www.topfastpcb.com\/fr\/wp-json\/wp\/v2\/pages\/365\/revisions\/3941"}],"wp:attachment":[{"href":"https:\/\/www.topfastpcb.com\/fr\/wp-json\/wp\/v2\/media?parent=365"}],"curies":[{"name":"wp","href":"https:\/\/api.w.org\/{rel}","templated":true}]}}