{"id":2057,"date":"2025-04-17T17:03:19","date_gmt":"2025-04-17T09:03:19","guid":{"rendered":"http:\/\/topfastpcbb.ru\/?post_type=product&#038;p=2057"},"modified":"2025-05-06T15:56:52","modified_gmt":"2025-05-06T07:26:52","slug":"deep-ultraviolet-duv-purifier-pcbs","status":"publish","type":"product","link":"https:\/\/www.topfastpcb.com\/fr\/products\/deep-ultraviolet-duv-purifier-pcbs\/","title":{"rendered":"Purificateur \u00e0 ultraviolets profonds (DUV) PCBs"},"content":{"rendered":"<div id=\"ez-toc-container\" class=\"ez-toc-v2_0_74 counter-hierarchy ez-toc-counter ez-toc-custom ez-toc-container-direction\">\n<div class=\"ez-toc-title-container\">\n<p class=\"ez-toc-title\" style=\"cursor:inherit\">Table des mati\u00e8res<\/p>\n<span class=\"ez-toc-title-toggle\"><\/span><\/div>\n<nav><ul class='ez-toc-list ez-toc-list-level-1' ><li class='ez-toc-page-1 ez-toc-heading-level-3'><a class=\"ez-toc-link ez-toc-heading-1\" href=\"https:\/\/www.topfastpcb.com\/fr\/products\/deep-ultraviolet-duv-purifier-pcbs\/#Introduction_to_DUV_Purifier_PCBs\" >Introduction aux cartes de circuits imprim\u00e9s des purificateurs DUV<\/a><\/li><li class='ez-toc-page-1 ez-toc-heading-level-3'><a class=\"ez-toc-link ez-toc-heading-2\" href=\"https:\/\/www.topfastpcb.com\/fr\/products\/deep-ultraviolet-duv-purifier-pcbs\/#Key_Features_of_DUV_Purifier_PCBs\" >Principales caract\u00e9ristiques des circuits imprim\u00e9s de l'\u00e9purateur DUV<\/a><\/li><li class='ez-toc-page-1 ez-toc-heading-level-3'><a class=\"ez-toc-link ez-toc-heading-3\" href=\"https:\/\/www.topfastpcb.com\/fr\/products\/deep-ultraviolet-duv-purifier-pcbs\/#Types_of_Ceramic_PCBs\" >Types de circuits imprim\u00e9s en c\u00e9ramique<\/a><\/li><li class='ez-toc-page-1 ez-toc-heading-level-3'><a class=\"ez-toc-link ez-toc-heading-4\" href=\"https:\/\/www.topfastpcb.com\/fr\/products\/deep-ultraviolet-duv-purifier-pcbs\/#3_Critical_Design_Considerations\" >3. Consid\u00e9rations critiques sur la conception<\/a><\/li><li class='ez-toc-page-1 ez-toc-heading-level-3'><a class=\"ez-toc-link ez-toc-heading-5\" href=\"https:\/\/www.topfastpcb.com\/fr\/products\/deep-ultraviolet-duv-purifier-pcbs\/#4_Applications\" >4.Applications<\/a><\/li><\/ul><\/nav><\/div>\n\n<p><span>Les circuits imprim\u00e9s en c\u00e9ramique sont des circuits de haute performance qui utilisent des mat\u00e9riaux c\u00e9ramiques tels que <\/span>alumine (Al\u2082O\u2083), nitrure d'aluminium (AlN) et oxyde de b\u00e9ryllium (BeO) comme substrats isolants. Par rapport aux circuits imprim\u00e9s traditionnels FR-4 ou \u00e0 noyau m\u00e9tallique, les circuits imprim\u00e9s en c\u00e9ramique offrent une conductivit\u00e9 thermique sup\u00e9rieure, une excellente isolation \u00e9lectrique, un faible coefficient de dilatation thermique (CTE) et une r\u00e9sistance m\u00e9canique exceptionnelle.<span>ce qui les rend id\u00e9ales pour les applications \u00e0 haute puissance, \u00e0 haute fr\u00e9quence et \u00e0 haute temp\u00e9rature.<\/span><\/p>\n<h3><span class=\"ez-toc-section\" id=\"Introduction_to_DUV_Purifier_PCBs\"><\/span>Introduction aux cartes de circuits imprim\u00e9s des purificateurs DUV<span class=\"ez-toc-section-end\"><\/span><\/h3>\n<p>Les cartes de circuits imprim\u00e9s des purificateurs \u00e0 ultraviolets profonds (DUV) sont des cartes de circuits imprim\u00e9s sp\u00e9cialis\u00e9es con\u00e7ues pour alimenter et contr\u00f4ler les syst\u00e8mes d'\u00e9puration \u00e0 ultraviolets profonds (DUV).<span>\u00a0<\/span>Les syst\u00e8mes de lumi\u00e8re UV-C germicide 200-280 nm sont scientifiquement prouv\u00e9s pour d\u00e9truire 99,9 % des bact\u00e9ries, des virus et des agents pathog\u00e8nes. Ces circuits imprim\u00e9s int\u00e8grent des pilotes, des capteurs et des circuits de commande \u00e0 haut rendement pour garantir une d\u00e9sinfection s\u00fbre et efficace dans les applications m\u00e9dicales, industrielles et grand public.<\/p>\n<h3><span class=\"ez-toc-section\" id=\"Key_Features_of_DUV_Purifier_PCBs\"><\/span>Principales caract\u00e9ristiques des circuits imprim\u00e9s de l'\u00e9purateur DUV<span class=\"ez-toc-section-end\"><\/span><\/h3>\n<p>Circuits d'attaque UV-C haute tension - Fourniture d'\u00e9nergie contr\u00f4l\u00e9e avec pr\u00e9cision aux lampes LED \u00e0 vapeur de mercure ou UVC.<br \/>\nGestion thermique avanc\u00e9e - substrats en c\u00e9ramique ou \u00e0 noyau m\u00e9tallique pour dissiper la chaleur des \u00e9metteurs UV de forte puissance.<br \/>\nSyst\u00e8mes de s\u00e9curit\u00e9 et de surveillance - D\u00e9tecteurs de mouvement, minuteries et dispositifs d'arr\u00eat \u00e0 s\u00e9curit\u00e9 int\u00e9gr\u00e9e pour \u00e9viter l'exposition des personnes.<br \/>\nBlindage EMI\/RFI - Emp\u00eache les interf\u00e9rences avec les \u00e9quipements m\u00e9dicaux et de communication sensibles.<br \/>\nMat\u00e9riaux r\u00e9sistants \u00e0 la corrosion - Prot\u00e9g\u00e9s contre les sous-produits de l'ozone (O\u2083) g\u00e9n\u00e9r\u00e9s par les longueurs d'onde UV-C.<\/p>\n<h3><span class=\"ez-toc-section\" id=\"Types_of_Ceramic_PCBs\"><\/span>Types de <a href=\"https:\/\/www.topfastpcb.com\/fr\/products\/category\/ceramic-pcb\/\">Circuits imprim\u00e9s en c\u00e9ramique<\/a><span class=\"ez-toc-section-end\"><\/span><\/h3>\n<table>\n<thead>\n<tr>\n<th>Type<\/th>\n<th>Mat\u00e9riau<\/th>\n<th>Caract\u00e9ristiques principales<\/th>\n<th>Applications typiques<\/th>\n<\/tr>\n<\/thead>\n<tbody>\n<tr>\n<td><strong>Alumine (Al\u2082O\u2083)<\/strong><\/td>\n<td>96%\/99% Al\u2082O\u2083<\/td>\n<td>Technique rentable et mature (~24 W\/mK)<\/td>\n<td>Electronique grand public, \u00e9clairage LED<\/td>\n<\/tr>\n<tr>\n<td><strong>Nitrure d'aluminium (AlN)<\/strong><\/td>\n<td>AlN<\/td>\n<td>Conductivit\u00e9 thermique tr\u00e8s \u00e9lev\u00e9e (170-230 W\/mK)<\/td>\n<td>Semi-conducteurs de haute puissance, LiDAR<\/td>\n<\/tr>\n<tr>\n<td><strong>Oxyde de b\u00e9ryllium (BeO)<\/strong><\/td>\n<td>BeO<\/td>\n<td>Conductivit\u00e9 thermique extr\u00eame (~330 W\/mK)<\/td>\n<td>A\u00e9rospatiale, militaire (limit\u00e9 en raison de la toxicit\u00e9)<\/td>\n<\/tr>\n<tr>\n<td><strong>LTCC\/HTCC<\/strong><\/td>\n<td>C\u00e9ramiques multicouches<\/td>\n<td>Composants passifs int\u00e9gr\u00e9s, c\u00e2blage 3D<\/td>\n<td>Modules RF, capteurs<\/td>\n<\/tr>\n<\/tbody>\n<\/table>\n<p><img loading=\"lazy\" decoding=\"async\" src=\"https:\/\/www.topfastpcb.com\/wp-content\/uploads\/2025\/04\/Ceramic-PCB.jpg\" alt=\"\" width=\"672\" height=\"503\" class=\"aligncenter wp-image-2059 size-full\" srcset=\"https:\/\/www.topfastpcb.com\/wp-content\/uploads\/2025\/04\/Ceramic-PCB.jpg 672w, https:\/\/www.topfastpcb.com\/wp-content\/uploads\/2025\/04\/Ceramic-PCB-300x225.jpg 300w, https:\/\/www.topfastpcb.com\/wp-content\/uploads\/2025\/04\/Ceramic-PCB-600x449.jpg 600w\" sizes=\"auto, (max-width: 672px) 100vw, 672px\" \/><\/p>\n<p style=\"text-align: center;\">Purificateur \u00e0 ultraviolets profonds PCB Property Parameter<\/p>\n<table>\n<tbody>\n<tr>\n<td width=\"811\" valign=\"top\"><span>l'\u00e9paisseur de la c\u00e9ramique\u00a0\u00a0<\/span><\/td>\n<td width=\"811\" valign=\"top\"><span>0,38\/0,50 mm<\/span><\/td>\n<\/tr>\n<tr>\n<td width=\"811\" valign=\"top\"><strong><span>Dimensions de l'envoi en longueur et en largeur<\/span><\/strong><\/td>\n<td width=\"811\" valign=\"top\"><span>109.2*54.5mm<\/span><\/td>\n<\/tr>\n<tr>\n<td width=\"811\" valign=\"top\"><strong><span>La taille de l'ouverture\u00a0\u00a0<\/span><\/strong><\/td>\n<td width=\"811\" valign=\"top\"><span>\u22650,07mm<\/span><\/td>\n<\/tr>\n<tr>\n<td width=\"811\" valign=\"top\"><strong><span>Espacement des trous\u00a0\u00a0<\/span><\/strong><\/td>\n<td width=\"811\" valign=\"top\"><span>\u22650.25mm<\/span><\/td>\n<\/tr>\n<tr>\n<td width=\"811\" valign=\"top\"><strong><span>Largeur de la ligne<\/span><\/strong><\/td>\n<td width=\"811\" valign=\"top\"><span>\u22650.15mm<\/span><\/td>\n<\/tr>\n<tr>\n<td width=\"811\" valign=\"top\"><strong><span>La largeur du canal\u00a0\u00a0<\/span><\/strong><\/td>\n<td width=\"811\" valign=\"top\"><span>\u22650,11mm<\/span><\/td>\n<\/tr>\n<tr>\n<td width=\"811\" valign=\"top\"><strong><span>Largeur du DAMS\u00a0\u00a0<\/span><\/strong><\/td>\n<td width=\"811\" valign=\"top\"><span>0,2 mm<\/span><\/td>\n<\/tr>\n<tr>\n<td width=\"811\" valign=\"top\"><strong><span>Autour de la hauteur du barrage\u00a0\u00a0<\/span><\/strong><\/td>\n<td width=\"811\" valign=\"top\"><span>0,6 mm<\/span><\/td>\n<\/tr>\n<tr>\n<td width=\"811\" valign=\"top\"><strong><span>Type de soudure par r\u00e9sistance<\/span><\/strong><\/td>\n<td width=\"811\" valign=\"top\">Vert, blanc, noir<\/td>\n<\/tr>\n<tr>\n<td valign=\"top\" colspan=\"1\" rowspan=\"1\"><span><strong>Application<\/strong><\/span><\/td>\n<td valign=\"top\" colspan=\"1\" rowspan=\"1\"><span>purificateur d'air, climatiseur, r\u00e9frig\u00e9rateur, armoire de d\u00e9sinfection, service hospitalier<\/span><\/td>\n<\/tr>\n<tr>\n<td valign=\"top\" colspan=\"1\" rowspan=\"1\"><span><strong>Mat\u00e9riau<\/strong><\/span><\/td>\n<td valign=\"top\" colspan=\"1\" rowspan=\"1\">3DPC<\/td>\n<\/tr>\n<\/tbody>\n<\/table>\n<p>Topfast est un fabricant qui se concentre sur la fabrication de PCB et de PCBA depuis plus de 20 ans. Nous disposons d'une excellente \u00e9quipe de recherche et d\u00e9veloppement de 28 personnes. Nous pouvons vous aider avec un service \u00e0 guichet unique. Nous pouvons vous aider dans l'ensemble du processus, de la recherche et du d\u00e9veloppement de la fonction, \u00e0 la discussion sur la conception du PCB du produit, \u00e0 la fabrication du PCB, \u00e0 l'approvisionnement en composants et \u00e0 l'assemblage du PCB.<\/p>\n<p>Notre soci\u00e9t\u00e9 fournit des solutions industrielles en mati\u00e8re de circuits imprim\u00e9s aux clients dans le domaine des mod\u00e8les et des petits volumes.Gr\u00e2ce \u00e0 des produits de haute qualit\u00e9 et livr\u00e9s dans les d\u00e9lais, nous avons gagn\u00e9 les faveurs du march\u00e9.Nous continuerons \u00e0 nous concentrer sur la satisfaction du client, ainsi que sur la haute qualit\u00e9 et la rapidit\u00e9 de livraison, et la soci\u00e9t\u00e9 deviendra un fournisseur de services de circuits \u00e9lectroniques digne de la confiance du client.Notre usine produit principalement des circuits imprim\u00e9s ordinaires double face, <a href=\"https:\/\/www.topfastpcb.com\/fr\/products\/multilayer-flexible-pcb\/\">PCB multicouche<\/a> cartes de circuits imprim\u00e9s, cartes de circuits imprim\u00e9s HDI, cartes de circuits imprim\u00e9s \u00e0 base de m\u00e9tal et cartes de circuits imprim\u00e9s en c\u00e9ramique. cartes de circuits imprim\u00e9s pour semi-conducteurs, cartes de circuits imprim\u00e9s rigides-flexibles et cartes de circuits imprim\u00e9s flexibles.<\/p>\n<p><img loading=\"lazy\" decoding=\"async\" src=\"https:\/\/www.topfastpcb.com\/wp-content\/uploads\/2025\/04\/619f389627688.png\" alt=\"\" width=\"750\" height=\"802\" class=\"aligncenter wp-image-2060 size-full\" srcset=\"https:\/\/www.topfastpcb.com\/wp-content\/uploads\/2025\/04\/619f389627688.png 750w, https:\/\/www.topfastpcb.com\/wp-content\/uploads\/2025\/04\/619f389627688-281x300.png 281w, https:\/\/www.topfastpcb.com\/wp-content\/uploads\/2025\/04\/619f389627688-600x642.png 600w\" sizes=\"auto, (max-width: 750px) 100vw, 750px\" \/><\/p>\n<h3><span class=\"ez-toc-section\" id=\"3_Critical_Design_Considerations\"><\/span>3. Consid\u00e9rations critiques sur la conception<span class=\"ez-toc-section-end\"><\/span><\/h3>\n<ul>\n<li><strong>Efficacit\u00e9 sp\u00e9cifique \u00e0 la longueur d'onde<\/strong>: Optimis\u00e9 pour 265nm (pic de destruction de l'ADN\/ARN).<\/li>\n<li><strong>Int\u00e9gration optique<\/strong>: Compatible avec les tubes \u00e0 quartz ou les bo\u00eetiers en aluminium r\u00e9fl\u00e9chissant.<\/li>\n<li><strong>Normes de conformit\u00e9<\/strong>IEC 62471 (s\u00e9curit\u00e9 UV), UL 8800 (syst\u00e8mes germicides).<\/li>\n<li><strong>Optimisation de la dur\u00e9e de vie<\/strong>: Att\u00e9nue la d\u00e9gradation des LED UV avec les pilotes \u00e0 courant constant.<\/li>\n<\/ul>\n<h3><span class=\"ez-toc-section\" id=\"4_Applications\"><\/span>4.Applications<span class=\"ez-toc-section-end\"><\/span><\/h3>\n<ul>\n<li><strong>St\u00e9rilisation m\u00e9dicale<\/strong>: D\u00e9sinfection du mat\u00e9riel chirurgical, syst\u00e8mes CVC des h\u00f4pitaux.<\/li>\n<li><strong>Purification de l'eau et de l'air<\/strong>: Traitement des eaux municipales, flux d'air dans les salles blanches.<\/li>\n<li><strong>Appareils grand public<\/strong>: D\u00e9sinfectants UV portables pour t\u00e9l\u00e9phones, masques et surfaces.<\/li>\n<li><strong>S\u00e9curit\u00e9 alimentaire<\/strong>: D\u00e9sinfection des bandes transporteuses dans les usines d'emballage.<img loading=\"lazy\" decoding=\"async\" src=\"https:\/\/www.topfastpcb.com\/wp-content\/uploads\/2025\/04\/Application.jpg\" alt=\"Application\" width=\"797\" height=\"897\" class=\"aligncenter wp-image-1934 size-full\" srcset=\"https:\/\/www.topfastpcb.com\/wp-content\/uploads\/2025\/04\/Application.jpg 797w, https:\/\/www.topfastpcb.com\/wp-content\/uploads\/2025\/04\/Application-267x300.jpg 267w, https:\/\/www.topfastpcb.com\/wp-content\/uploads\/2025\/04\/Application-768x864.jpg 768w, https:\/\/www.topfastpcb.com\/wp-content\/uploads\/2025\/04\/Application-600x675.jpg 600w\" sizes=\"auto, (max-width: 797px) 100vw, 797px\" \/><\/li>\n<\/ul>","protected":false},"excerpt":{"rendered":"<p><span>Les cartes de circuits imprim\u00e9s des purificateurs \u00e0 ultraviolets profonds (DUV) sont des cartes de circuits imprim\u00e9s sp\u00e9cialis\u00e9es con\u00e7ues pour alimenter et contr\u00f4ler les syst\u00e8mes d'\u00e9puration \u00e0 ultraviolets profonds (DUV).\u00a0<\/span><strong>Syst\u00e8mes de d\u00e9sinfection par UV-C<\/strong><span>\u00a0(200-280nm), \u00e9liminant efficacement les agents pathog\u00e8nes dans les applications m\u00e9dicales, industrielles et grand public. Ces circuits imprim\u00e9s pr\u00e9sentent les caract\u00e9ristiques suivantes\u00a0<\/span><strong>pilotes haute tension, gestion thermique et m\u00e9canismes de s\u00e9curit\u00e9<\/strong><span> pour garantir une st\u00e9rilisation fiable tout en respectant les normes internationales.<\/span><\/p>","protected":false},"featured_media":2058,"comment_status":"open","ping_status":"closed","template":"","meta":[],"product_brand":[],"product_cat":[115],"product_tag":[201,200],"class_list":{"0":"post-2057","1":"product","2":"type-product","3":"status-publish","4":"has-post-thumbnail","6":"product_cat-ceramic-pcb","7":"product_tag-ceramic-pcb","8":"product_tag-purifier-pcbs","10":"first","11":"instock","12":"shipping-taxable","13":"product-type-simple"},"yoast_head":"<!-- This site is optimized with the Yoast SEO plugin v25.1 - https:\/\/yoast.com\/wordpress\/plugins\/seo\/ -->\n<title>Deep Ultraviolet (DUV) purifier PCBs - Topfastpcb<\/title>\n<meta name=\"description\" content=\"Discover how Deep Ultraviolet (DUV) Purifier PCBs enable advanced disinfection with UV-C technology. Learn about high-efficiency drivers, safety features, and applications in medical, water, and air purification. Explore next-gen germicidal solutions!\" \/>\n<meta name=\"robots\" content=\"index, follow, max-snippet:-1, max-image-preview:large, max-video-preview:-1\" \/>\n<link rel=\"canonical\" href=\"https:\/\/www.topfastpcb.com\/fr\/products\/deep-ultraviolet-duv-purifier-pcbs\/\" \/>\n<meta property=\"og:locale\" content=\"fr_FR\" \/>\n<meta property=\"og:type\" content=\"article\" \/>\n<meta property=\"og:title\" content=\"Deep Ultraviolet (DUV) purifier PCBs - Topfastpcb\" \/>\n<meta property=\"og:description\" content=\"Discover how Deep Ultraviolet (DUV) Purifier PCBs enable advanced disinfection with UV-C technology. Learn about high-efficiency drivers, safety features, and applications in medical, water, and air purification. Explore next-gen germicidal solutions!\" \/>\n<meta property=\"og:url\" content=\"https:\/\/www.topfastpcb.com\/fr\/products\/deep-ultraviolet-duv-purifier-pcbs\/\" \/>\n<meta property=\"og:site_name\" content=\"Topfastpcb\" \/>\n<meta property=\"article:modified_time\" content=\"2025-05-06T07:26:52+00:00\" \/>\n<meta property=\"og:image\" content=\"https:\/\/www.topfastpcb.com\/wp-content\/uploads\/2025\/04\/Deep-Ultraviolet-purifier-PCB.jpg\" \/>\n\t<meta property=\"og:image:width\" content=\"800\" \/>\n\t<meta property=\"og:image:height\" content=\"800\" \/>\n\t<meta property=\"og:image:type\" content=\"image\/jpeg\" \/>\n<meta name=\"twitter:card\" content=\"summary_large_image\" \/>\n<meta name=\"twitter:label1\" content=\"Dur\u00e9e de lecture estim\u00e9e\" \/>\n\t<meta name=\"twitter:data1\" content=\"4 minutes\" \/>\n<script type=\"application\/ld+json\" class=\"yoast-schema-graph\">{\"@context\":\"https:\/\/schema.org\",\"@graph\":[{\"@type\":\"WebPage\",\"@id\":\"https:\/\/www.topfastpcb.com\/products\/deep-ultraviolet-duv-purifier-pcbs\/\",\"url\":\"https:\/\/www.topfastpcb.com\/products\/deep-ultraviolet-duv-purifier-pcbs\/\",\"name\":\"Deep Ultraviolet (DUV) purifier PCBs - Topfastpcb\",\"isPartOf\":{\"@id\":\"https:\/\/www.topfastpcb.com\/#website\"},\"primaryImageOfPage\":{\"@id\":\"https:\/\/www.topfastpcb.com\/products\/deep-ultraviolet-duv-purifier-pcbs\/#primaryimage\"},\"image\":{\"@id\":\"https:\/\/www.topfastpcb.com\/products\/deep-ultraviolet-duv-purifier-pcbs\/#primaryimage\"},\"thumbnailUrl\":\"https:\/\/www.topfastpcb.com\/wp-content\/uploads\/2025\/04\/Deep-Ultraviolet-purifier-PCB.jpg\",\"datePublished\":\"2025-04-17T09:03:19+00:00\",\"dateModified\":\"2025-05-06T07:26:52+00:00\",\"description\":\"Discover how Deep Ultraviolet (DUV) Purifier PCBs enable advanced disinfection with UV-C technology. Learn about high-efficiency drivers, safety features, and applications in medical, water, and air purification. Explore next-gen germicidal solutions!\",\"breadcrumb\":{\"@id\":\"https:\/\/www.topfastpcb.com\/products\/deep-ultraviolet-duv-purifier-pcbs\/#breadcrumb\"},\"inLanguage\":\"fr-FR\",\"potentialAction\":[{\"@type\":\"ReadAction\",\"target\":[\"https:\/\/www.topfastpcb.com\/products\/deep-ultraviolet-duv-purifier-pcbs\/\"]}]},{\"@type\":\"ImageObject\",\"inLanguage\":\"fr-FR\",\"@id\":\"https:\/\/www.topfastpcb.com\/products\/deep-ultraviolet-duv-purifier-pcbs\/#primaryimage\",\"url\":\"https:\/\/www.topfastpcb.com\/wp-content\/uploads\/2025\/04\/Deep-Ultraviolet-purifier-PCB.jpg\",\"contentUrl\":\"https:\/\/www.topfastpcb.com\/wp-content\/uploads\/2025\/04\/Deep-Ultraviolet-purifier-PCB.jpg\",\"width\":800,\"height\":800},{\"@type\":\"BreadcrumbList\",\"@id\":\"https:\/\/www.topfastpcb.com\/products\/deep-ultraviolet-duv-purifier-pcbs\/#breadcrumb\",\"itemListElement\":[{\"@type\":\"ListItem\",\"position\":1,\"name\":\"\u9996\u9875\",\"item\":\"https:\/\/www.topfastpcb.com\/\"},{\"@type\":\"ListItem\",\"position\":2,\"name\":\"\u5546\u5e97\",\"item\":\"https:\/\/www.topfastpcb.com\/shop\/\"},{\"@type\":\"ListItem\",\"position\":3,\"name\":\"Deep Ultraviolet (DUV) purifier PCBs\"}]},{\"@type\":\"WebSite\",\"@id\":\"https:\/\/www.topfastpcb.com\/#website\",\"url\":\"https:\/\/www.topfastpcb.com\/\",\"name\":\"Topfastpcb\",\"description\":\"Topfast Prime Choice for Global Electronics Manufacturing\",\"publisher\":{\"@id\":\"https:\/\/www.topfastpcb.com\/#organization\"},\"potentialAction\":[{\"@type\":\"SearchAction\",\"target\":{\"@type\":\"EntryPoint\",\"urlTemplate\":\"https:\/\/www.topfastpcb.com\/?s={search_term_string}\"},\"query-input\":{\"@type\":\"PropertyValueSpecification\",\"valueRequired\":true,\"valueName\":\"search_term_string\"}}],\"inLanguage\":\"fr-FR\"},{\"@type\":\"Organization\",\"@id\":\"https:\/\/www.topfastpcb.com\/#organization\",\"name\":\"Topfastpcb\",\"url\":\"https:\/\/www.topfastpcb.com\/\",\"logo\":{\"@type\":\"ImageObject\",\"inLanguage\":\"fr-FR\",\"@id\":\"https:\/\/www.topfastpcb.com\/#\/schema\/logo\/image\/\",\"url\":\"https:\/\/www.topfastpcb.com\/wp-content\/uploads\/2026\/02\/cropped-topfast-logo.png\",\"contentUrl\":\"https:\/\/www.topfastpcb.com\/wp-content\/uploads\/2026\/02\/cropped-topfast-logo.png\",\"width\":144,\"height\":56,\"caption\":\"Topfastpcb\"},\"image\":{\"@id\":\"https:\/\/www.topfastpcb.com\/#\/schema\/logo\/image\/\"}}]}<\/script>\n<!-- \/ Yoast SEO plugin. -->","yoast_head_json":{"title":"Deep Ultraviolet (DUV) purifier PCBs - Topfastpcb","description":"Discover how Deep Ultraviolet (DUV) Purifier PCBs enable advanced disinfection with UV-C technology. Learn about high-efficiency drivers, safety features, and applications in medical, water, and air purification. Explore next-gen germicidal solutions!","robots":{"index":"index","follow":"follow","max-snippet":"max-snippet:-1","max-image-preview":"max-image-preview:large","max-video-preview":"max-video-preview:-1"},"canonical":"https:\/\/www.topfastpcb.com\/fr\/products\/deep-ultraviolet-duv-purifier-pcbs\/","og_locale":"fr_FR","og_type":"article","og_title":"Deep Ultraviolet (DUV) purifier PCBs - Topfastpcb","og_description":"Discover how Deep Ultraviolet (DUV) Purifier PCBs enable advanced disinfection with UV-C technology. Learn about high-efficiency drivers, safety features, and applications in medical, water, and air purification. Explore next-gen germicidal solutions!","og_url":"https:\/\/www.topfastpcb.com\/fr\/products\/deep-ultraviolet-duv-purifier-pcbs\/","og_site_name":"Topfastpcb","article_modified_time":"2025-05-06T07:26:52+00:00","og_image":[{"width":800,"height":800,"url":"https:\/\/www.topfastpcb.com\/wp-content\/uploads\/2025\/04\/Deep-Ultraviolet-purifier-PCB.jpg","type":"image\/jpeg"}],"twitter_card":"summary_large_image","twitter_misc":{"Dur\u00e9e de lecture estim\u00e9e":"4 minutes"},"schema":{"@context":"https:\/\/schema.org","@graph":[{"@type":"WebPage","@id":"https:\/\/www.topfastpcb.com\/products\/deep-ultraviolet-duv-purifier-pcbs\/","url":"https:\/\/www.topfastpcb.com\/products\/deep-ultraviolet-duv-purifier-pcbs\/","name":"Deep Ultraviolet (DUV) purifier PCBs - Topfastpcb","isPartOf":{"@id":"https:\/\/www.topfastpcb.com\/#website"},"primaryImageOfPage":{"@id":"https:\/\/www.topfastpcb.com\/products\/deep-ultraviolet-duv-purifier-pcbs\/#primaryimage"},"image":{"@id":"https:\/\/www.topfastpcb.com\/products\/deep-ultraviolet-duv-purifier-pcbs\/#primaryimage"},"thumbnailUrl":"https:\/\/www.topfastpcb.com\/wp-content\/uploads\/2025\/04\/Deep-Ultraviolet-purifier-PCB.jpg","datePublished":"2025-04-17T09:03:19+00:00","dateModified":"2025-05-06T07:26:52+00:00","description":"Discover how Deep Ultraviolet (DUV) Purifier PCBs enable advanced disinfection with UV-C technology. Learn about high-efficiency drivers, safety features, and applications in medical, water, and air purification. Explore next-gen germicidal solutions!","breadcrumb":{"@id":"https:\/\/www.topfastpcb.com\/products\/deep-ultraviolet-duv-purifier-pcbs\/#breadcrumb"},"inLanguage":"fr-FR","potentialAction":[{"@type":"ReadAction","target":["https:\/\/www.topfastpcb.com\/products\/deep-ultraviolet-duv-purifier-pcbs\/"]}]},{"@type":"ImageObject","inLanguage":"fr-FR","@id":"https:\/\/www.topfastpcb.com\/products\/deep-ultraviolet-duv-purifier-pcbs\/#primaryimage","url":"https:\/\/www.topfastpcb.com\/wp-content\/uploads\/2025\/04\/Deep-Ultraviolet-purifier-PCB.jpg","contentUrl":"https:\/\/www.topfastpcb.com\/wp-content\/uploads\/2025\/04\/Deep-Ultraviolet-purifier-PCB.jpg","width":800,"height":800},{"@type":"BreadcrumbList","@id":"https:\/\/www.topfastpcb.com\/products\/deep-ultraviolet-duv-purifier-pcbs\/#breadcrumb","itemListElement":[{"@type":"ListItem","position":1,"name":"\u9996\u9875","item":"https:\/\/www.topfastpcb.com\/"},{"@type":"ListItem","position":2,"name":"\u5546\u5e97","item":"https:\/\/www.topfastpcb.com\/shop\/"},{"@type":"ListItem","position":3,"name":"Deep Ultraviolet (DUV) purifier PCBs"}]},{"@type":"WebSite","@id":"https:\/\/www.topfastpcb.com\/#website","url":"https:\/\/www.topfastpcb.com\/","name":"Topfastpcb","description":"Topfast Prime Choice for Global Electronics Manufacturing","publisher":{"@id":"https:\/\/www.topfastpcb.com\/#organization"},"potentialAction":[{"@type":"SearchAction","target":{"@type":"EntryPoint","urlTemplate":"https:\/\/www.topfastpcb.com\/?s={search_term_string}"},"query-input":{"@type":"PropertyValueSpecification","valueRequired":true,"valueName":"search_term_string"}}],"inLanguage":"fr-FR"},{"@type":"Organization","@id":"https:\/\/www.topfastpcb.com\/#organization","name":"Topfastpcb","url":"https:\/\/www.topfastpcb.com\/","logo":{"@type":"ImageObject","inLanguage":"fr-FR","@id":"https:\/\/www.topfastpcb.com\/#\/schema\/logo\/image\/","url":"https:\/\/www.topfastpcb.com\/wp-content\/uploads\/2026\/02\/cropped-topfast-logo.png","contentUrl":"https:\/\/www.topfastpcb.com\/wp-content\/uploads\/2026\/02\/cropped-topfast-logo.png","width":144,"height":56,"caption":"Topfastpcb"},"image":{"@id":"https:\/\/www.topfastpcb.com\/#\/schema\/logo\/image\/"}}]}},"_links":{"self":[{"href":"https:\/\/www.topfastpcb.com\/fr\/wp-json\/wp\/v2\/product\/2057","targetHints":{"allow":["GET"]}}],"collection":[{"href":"https:\/\/www.topfastpcb.com\/fr\/wp-json\/wp\/v2\/product"}],"about":[{"href":"https:\/\/www.topfastpcb.com\/fr\/wp-json\/wp\/v2\/types\/product"}],"replies":[{"embeddable":true,"href":"https:\/\/www.topfastpcb.com\/fr\/wp-json\/wp\/v2\/comments?post=2057"}],"wp:featuredmedia":[{"embeddable":true,"href":"https:\/\/www.topfastpcb.com\/fr\/wp-json\/wp\/v2\/media\/2058"}],"wp:attachment":[{"href":"https:\/\/www.topfastpcb.com\/fr\/wp-json\/wp\/v2\/media?parent=2057"}],"wp:term":[{"taxonomy":"product_brand","embeddable":true,"href":"https:\/\/www.topfastpcb.com\/fr\/wp-json\/wp\/v2\/product_brand?post=2057"},{"taxonomy":"product_cat","embeddable":true,"href":"https:\/\/www.topfastpcb.com\/fr\/wp-json\/wp\/v2\/product_cat?post=2057"},{"taxonomy":"product_tag","embeddable":true,"href":"https:\/\/www.topfastpcb.com\/fr\/wp-json\/wp\/v2\/product_tag?post=2057"}],"curies":[{"name":"wp","href":"https:\/\/api.w.org\/{rel}","templated":true}]}}