{"id":2230,"date":"2025-04-26T16:44:10","date_gmt":"2025-04-26T08:14:10","guid":{"rendered":"http:\/\/topfastpcbb.ru\/?post_type=product&#038;p=2230"},"modified":"2025-05-06T16:02:55","modified_gmt":"2025-05-06T07:32:55","slug":"4-layer-rigid-flex-pcb","status":"publish","type":"product","link":"https:\/\/www.topfastpcb.com\/fr\/products\/4-layer-rigid-flex-pcb\/","title":{"rendered":"Circuit imprim\u00e9 rigide et flexible \u00e0 4 couches"},"content":{"rendered":"<p><span style=\"vertical-align: inherit;\"><span style=\"vertical-align: inherit;\"><div id=\"ez-toc-container\" class=\"ez-toc-v2_0_74 counter-hierarchy ez-toc-counter ez-toc-custom ez-toc-container-direction\">\n<div class=\"ez-toc-title-container\">\n<p class=\"ez-toc-title\" style=\"cursor:inherit\">Table des mati\u00e8res<\/p>\n<span class=\"ez-toc-title-toggle\"><\/span><\/div>\n<nav><ul class='ez-toc-list ez-toc-list-level-1' ><li class='ez-toc-page-1 ez-toc-heading-level-2'><a class=\"ez-toc-link ez-toc-heading-1\" href=\"https:\/\/www.topfastpcb.com\/fr\/products\/4-layer-rigid-flex-pcb\/#Core_advantages_of_four-layer_boards\" >Principaux avantages des cartes \u00e0 quatre couches<\/a><\/li><li class='ez-toc-page-1 ez-toc-heading-level-2'><a class=\"ez-toc-link ez-toc-heading-2\" href=\"https:\/\/www.topfastpcb.com\/fr\/products\/4-layer-rigid-flex-pcb\/#Key_Considerations_for_Rigid-Flex_PCB_Designs\" >Consid\u00e9rations cl\u00e9s pour la conception de circuits imprim\u00e9s rigides et flexibles<\/a><ul class='ez-toc-list-level-3' ><li class='ez-toc-heading-level-3'><a class=\"ez-toc-link ez-toc-heading-3\" href=\"https:\/\/www.topfastpcb.com\/fr\/products\/4-layer-rigid-flex-pcb\/#1_Optimize_Functional_Partitioning\" >1. Optimiser la r\u00e9partition fonctionnelle<\/a><\/li><li class='ez-toc-page-1 ez-toc-heading-level-3'><a class=\"ez-toc-link ez-toc-heading-4\" href=\"https:\/\/www.topfastpcb.com\/fr\/products\/4-layer-rigid-flex-pcb\/#2_Advanced_Materials_and_Processes\" >2.Mat\u00e9riaux et proc\u00e9d\u00e9s avanc\u00e9s<\/a><\/li><li class='ez-toc-page-1 ez-toc-heading-level-3'><a class=\"ez-toc-link ez-toc-heading-5\" href=\"https:\/\/www.topfastpcb.com\/fr\/products\/4-layer-rigid-flex-pcb\/#3_Multi-physics_field_simulation\" >3.Simulation multi-physique sur le terrain<\/a><\/li><li class='ez-toc-page-1 ez-toc-heading-level-3'><a class=\"ez-toc-link ez-toc-heading-6\" href=\"https:\/\/www.topfastpcb.com\/fr\/products\/4-layer-rigid-flex-pcb\/#4_Modular_System_Architecture\" >4.Architecture modulaire du syst\u00e8me<\/a><\/li><\/ul><\/li><li class='ez-toc-page-1 ez-toc-heading-level-2'><a class=\"ez-toc-link ez-toc-heading-7\" href=\"https:\/\/www.topfastpcb.com\/fr\/products\/4-layer-rigid-flex-pcb\/#Application_Scenarios\" >Sc\u00e9narios d'application<\/a><\/li><li class='ez-toc-page-1 ez-toc-heading-level-2'><a class=\"ez-toc-link ez-toc-heading-8\" href=\"https:\/\/www.topfastpcb.com\/fr\/products\/4-layer-rigid-flex-pcb\/#Why_choose_us\" >Pourquoi nous choisir ?<\/a><\/li><\/ul><\/nav><\/div>\n<\/span><\/span><\/p>\n<p>Le circuit imprim\u00e9 rigide-flexible \u00e0 quatre couches est une conception de circuit imprim\u00e9 qui combine les caract\u00e9ristiques des circuits imprim\u00e9s rigides et flexibles pour une flexibilit\u00e9 et une fiabilit\u00e9 \u00e9lev\u00e9es. Il se compose g\u00e9n\u00e9ralement d'une structure \u00e0 quatre couches, comprenant une couche sup\u00e9rieure, une couche inf\u00e9rieure, une couche d'alimentation et une couche de masse. Il convient aux dispositifs \u00e9lectroniques complexes qui doivent r\u00e9pondre \u00e0 la fois aux exigences en mati\u00e8re de transmission de signaux et d'alimentation.<\/p>\n<p><strong>Il se compose des quatre couches fonctionnelles de base suivantes<\/strong><\/p>\n<p>Couche sup\u00e9rieure (couche de composants) : Utilis\u00e9e pour le montage et la soudure des composants \u00e9lectroniques ;<br \/>\nCouche interne 1 (couche de signal) : elle assure principalement l'alignement des signaux \u00e0 grande vitesse ;<br \/>\nCouche interne 2 (couche d'alimentation \u00e9lectrique) : d\u00e9di\u00e9e \u00e0 la distribution de l'\u00e9nergie et au r\u00e9seau d'alimentation \u00e9lectrique ;<br \/>\nCouche inf\u00e9rieure (couche signal\/soudure) : fonctions d'alignement des signaux et de soudure.<\/p>\n<h2><span class=\"ez-toc-section\" id=\"Core_advantages_of_four-layer_boards\"><\/span>Principaux avantages des cartes \u00e0 quatre couches<span class=\"ez-toc-section-end\"><\/span><\/h2>\n<p>C\u00e2blage haute densit\u00e9 : r\u00e9duit la surface de la carte et am\u00e9liore l'utilisation de l'espace.<br \/>\nInt\u00e9grit\u00e9 du signal : optimise la transmission des signaux \u00e0 haute fr\u00e9quence et r\u00e9duit les interf\u00e9rences.<br \/>\nFlexibilit\u00e9 m\u00e9canique : S'adapte aux exigences de flexion et de pliage.<br \/>\nRentabilit\u00e9 :R\u00e9duit les co\u00fbts de fabrication globaux dans les conceptions complexes.<br \/>\nPar rapport aux circuits imprim\u00e9s traditionnels \u00e0 une ou deux faces, les circuits imprim\u00e9s \u00e0 quatre couches offrent trois avantages significatifs :<br \/>\nL'utilisation de l'espace est augment\u00e9e de plus de 40 %, ce qui permet de concevoir des circuits plus denses.<br \/>\nImp\u00e9dance de puissance r\u00e9duite de 60 % et interf\u00e9rence de bruit r\u00e9duite de 50 % gr\u00e2ce \u00e0 une conception sp\u00e9cialis\u00e9e de la couche de puissance ;<br \/>\nPour la conception de circuits \u00e0 grande vitesse au-dessus de 100 MHz, l'int\u00e9grit\u00e9 du signal est consid\u00e9rablement am\u00e9lior\u00e9e.<\/p>\n<p><img loading=\"lazy\" decoding=\"async\" src=\"https:\/\/www.topfastpcb.com\/wp-content\/uploads\/2025\/04\/rigid-flexible-pcb2.jpg\" alt=\"plaque rigide-flexible\" width=\"750\" height=\"750\" class=\"aligncenter wp-image-2231 size-full\" srcset=\"https:\/\/www.topfastpcb.com\/wp-content\/uploads\/2025\/04\/rigid-flexible-pcb2.jpg 750w, https:\/\/www.topfastpcb.com\/wp-content\/uploads\/2025\/04\/rigid-flexible-pcb2-300x300.jpg 300w, https:\/\/www.topfastpcb.com\/wp-content\/uploads\/2025\/04\/rigid-flexible-pcb2-150x150.jpg 150w, https:\/\/www.topfastpcb.com\/wp-content\/uploads\/2025\/04\/rigid-flexible-pcb2-600x600.jpg 600w, https:\/\/www.topfastpcb.com\/wp-content\/uploads\/2025\/04\/rigid-flexible-pcb2-100x100.jpg 100w\" sizes=\"auto, (max-width: 750px) 100vw, 750px\" \/><\/p>\n<h2><span class=\"ez-toc-section\" id=\"Key_Considerations_for_Rigid-Flex_PCB_Designs\"><\/span>Principales consid\u00e9rations pour <a href=\"https:\/\/www.topfastpcb.com\/fr\/products\/category\/rigid-flex-pcb\/\">Carte de circuit imprim\u00e9 rigide-flexible<\/a> Mod\u00e8les<span class=\"ez-toc-section-end\"><\/span><\/h2>\n<h3><span class=\"ez-toc-section\" id=\"1_Optimize_Functional_Partitioning\"><\/span>1. Optimiser la r\u00e9partition fonctionnelle<span class=\"ez-toc-section-end\"><\/span><\/h3>\n<p>Les modules de traitement des signaux \u00e0 haute fr\u00e9quence sont concentr\u00e9s dans la section rigide afin de garantir l'int\u00e9grit\u00e9 du signal.<br \/>\nLa zone d'interconnexion flexible permet une adaptation spatiale en 3D avec une capacit\u00e9 de flexion dynamique de \u00b115\u00b0.<br \/>\nApplications typiques : articulations de dispositifs portables, articulations robotiques<\/p>\n<h3><span class=\"ez-toc-section\" id=\"2_Advanced_Materials_and_Processes\"><\/span>2.Mat\u00e9riaux et proc\u00e9d\u00e9s avanc\u00e9s<span class=\"ez-toc-section-end\"><\/span><\/h3>\n<p>Substrat flexible : Polym\u00e8re \u00e0 cristaux liquides (LCP), \u03b5r=2.9@10GHz<br \/>\nProcessus cl\u00e9 :<br \/>\nPer\u00e7age de microvia au laser (diam\u00e8tre \u226450\u03bcm)<br \/>\nInt\u00e9gration de condensateurs (densit\u00e9 trois fois plus \u00e9lev\u00e9e)<br \/>\nTraces conductrices imprim\u00e9es en 3D (largeur de ligne\/espacement de 30\/30\u03bcm).<\/p>\n<h3><span class=\"ez-toc-section\" id=\"3_Multi-physics_field_simulation\"><\/span>3.Simulation multi-physique sur le terrain<span class=\"ez-toc-section-end\"><\/span><\/h3>\n<p>Simulation \u00e9lectromagn\u00e9tique : Analyse d'ondes compl\u00e8tes HFSS (pr\u00e9cision de 0,01dB)<br \/>\nSimulation m\u00e9canique :Essai de fatigue par flexion ANSYS (&gt;100k cycles)<br \/>\nSimulation thermique :Analyse CFD Flotherm (contr\u00f4le du gradient \u00b12\u2103)<\/p>\n<h3><span class=\"ez-toc-section\" id=\"4_Modular_System_Architecture\"><\/span>4.Architecture modulaire du syst\u00e8me<span class=\"ez-toc-section-end\"><\/span><\/h3>\n<table class=\"has-fixed-layout\">\n<thead>\n<tr>\n<th class=\"wp-block-table__cell-content\">\n<div role=\"textbox\" aria-multiline=\"true\" aria-label=\"Texte de la cellule d&#039;en-t\u00eate\" contenteditable=\"true\" class=\"block-editor-rich-text__editable rich-text\">Param\u00e8tres<\/div>\n<\/th>\n<th class=\"wp-block-table__cell-content\">\n<div role=\"textbox\" aria-multiline=\"true\" aria-label=\"Texte de la cellule d&#039;en-t\u00eate\" contenteditable=\"true\" class=\"block-editor-rich-text__editable rich-text\">Conception conventionnelle<\/div>\n<\/th>\n<th class=\"wp-block-table__cell-content\">\n<div role=\"textbox\" aria-multiline=\"true\" aria-label=\"Texte de la cellule d&#039;en-t\u00eate\" contenteditable=\"true\" class=\"block-editor-rich-text__editable rich-text\">Conception rigide et flexible<\/div>\n<\/th>\n<\/tr>\n<\/thead>\n<tbody>\n<tr>\n<td class=\"wp-block-table__cell-content\">\n<div role=\"textbox\" aria-multiline=\"true\" aria-label=\"Texte de la cellule du corps\" contenteditable=\"true\" class=\"block-editor-rich-text__editable rich-text\">Volume<\/div>\n<\/td>\n<td class=\"wp-block-table__cell-content\">\n<div role=\"textbox\" aria-multiline=\"true\" aria-label=\"Texte de la cellule du corps\" contenteditable=\"true\" class=\"block-editor-rich-text__editable rich-text\">100 % (base de r\u00e9f\u00e9rence)<\/div>\n<\/td>\n<td class=\"wp-block-table__cell-content\">\n<div role=\"textbox\" aria-multiline=\"true\" aria-label=\"Texte de la cellule du corps\" contenteditable=\"true\" class=\"block-editor-rich-text__editable rich-text\">60-70%<\/div>\n<\/td>\n<\/tr>\n<tr>\n<td class=\"wp-block-table__cell-content\">\n<div role=\"textbox\" aria-multiline=\"true\" aria-label=\"Texte de la cellule du corps\" contenteditable=\"true\" class=\"block-editor-rich-text__editable rich-text\">Fiabilit\u00e9<\/div>\n<\/td>\n<td class=\"wp-block-table__cell-content\">\n<div role=\"textbox\" aria-multiline=\"true\" aria-label=\"Texte de la cellule du corps\" contenteditable=\"true\" class=\"block-editor-rich-text__editable rich-text\">1x<\/div>\n<\/td>\n<td class=\"wp-block-table__cell-content\">\n<div role=\"textbox\" aria-multiline=\"true\" aria-label=\"Texte de la cellule du corps\" contenteditable=\"true\" class=\"block-editor-rich-text__editable rich-text\">Am\u00e9lioration de 3 \u00e0 5 fois<\/div>\n<\/td>\n<\/tr>\n<tr>\n<td class=\"wp-block-table__cell-content\">\n<div role=\"textbox\" aria-multiline=\"true\" aria-label=\"Texte de la cellule du corps\" contenteditable=\"true\" class=\"block-editor-rich-text__editable rich-text\">Cycle de r\u00e9vision<\/div>\n<\/td>\n<td class=\"wp-block-table__cell-content\">\n<div role=\"textbox\" aria-multiline=\"true\" aria-label=\"Texte de la cellule du corps\" contenteditable=\"true\" class=\"block-editor-rich-text__editable rich-text\">4-6 semaines<\/div>\n<\/td>\n<td class=\"wp-block-table__cell-content\">\n<div role=\"textbox\" aria-multiline=\"true\" aria-label=\"Texte de la cellule du corps\" contenteditable=\"true\" class=\"block-editor-rich-text__editable rich-text\">1-2 semaines<\/div>\n<\/td>\n<\/tr>\n<\/tbody>\n<\/table>\n<p><strong>Composantes essentielles<\/strong><br \/>\nZone rigide : processeur\/m\u00e9moire (composants \u00e0 haute densit\u00e9)<br \/>\nZone flexible : Interconnexions par topologie en guirlande<\/p>\n<p><strong>Certification et validation<\/strong><br \/>\n40% de r\u00e9duction de poids<br \/>\nR\u00e9duction de 80 % du taux de d\u00e9faillance dans les environnements vibratoires<br \/>\nObligatoire : \u22653 it\u00e9rations de simulation + conformit\u00e9 JIS C5016<\/p>\n<h2><span class=\"ez-toc-section\" id=\"Application_Scenarios\"><\/span>Sc\u00e9narios d'application<span class=\"ez-toc-section-end\"><\/span><\/h2>\n<p>Les cartes de circuits imprim\u00e9s flexibles double face sont utilis\u00e9es dans une vari\u00e9t\u00e9 d'applications o\u00f9 la flexibilit\u00e9 et la fiabilit\u00e9 sont requises, y compris, mais sans s'y limiter :<br \/>\n\u00c9lectronique grand public : Connecteurs flexibles dans les appareils tels que les smartphones et les tablettes.<br \/>\n\u00c9lectronique automobile :Les circuits imprim\u00e9s flexibles double face offrent une meilleure r\u00e9sistance \u00e0 la flexion et aux vibrations dans une vari\u00e9t\u00e9 de capteurs et de contr\u00f4leurs \u00e0 l'int\u00e9rieur des automobiles.<br \/>\nContr\u00f4les industriels :Dans les \u00e9quipements d'automatisation et la robotique, les circuits imprim\u00e9s flexibles double face peuvent s'adapter \u00e0 des mouvements m\u00e9caniques complexes et \u00e0 des contraintes d'espace.<\/p>\n<p><img loading=\"lazy\" decoding=\"async\" src=\"https:\/\/www.topfastpcb.com\/wp-content\/uploads\/2025\/04\/Application.jpg\" alt=\"appareil\" width=\"797\" height=\"897\" class=\"aligncenter wp-image-1934 size-full\" srcset=\"https:\/\/www.topfastpcb.com\/wp-content\/uploads\/2025\/04\/Application.jpg 797w, https:\/\/www.topfastpcb.com\/wp-content\/uploads\/2025\/04\/Application-267x300.jpg 267w, https:\/\/www.topfastpcb.com\/wp-content\/uploads\/2025\/04\/Application-768x864.jpg 768w, https:\/\/www.topfastpcb.com\/wp-content\/uploads\/2025\/04\/Application-600x675.jpg 600w\" sizes=\"auto, (max-width: 797px) 100vw, 797px\" \/><\/p>\n<h2><span class=\"ez-toc-section\" id=\"Why_choose_us\"><\/span>Pourquoi nous choisir ?<span class=\"ez-toc-section-end\"><\/span><\/h2>\n<p>Nous sommes sp\u00e9cialis\u00e9s dans le domaine des circuits imprim\u00e9s depuis plus de 20 ans et avons obtenu la certification du syst\u00e8me de gestion de la qualit\u00e9 ISO9001, la certification RoHS, la certification du syst\u00e8me de gestion de l'environnement ISO14001, la certification du syst\u00e8me de gestion de la qualit\u00e9 automobile TS16949 et d'autres certifications.<\/p>\n<p><a href=\"https:\/\/www.topfastpcb.com\/fr\/about\/\">TOPFAST<\/a> est un fournisseur professionnel de circuits imprim\u00e9s. Nous nous engageons \u00e0 fournir des circuits imprim\u00e9s rigides-flexibles de la plus haute qualit\u00e9 aux prix les plus comp\u00e9titifs. Notre plateforme jouit de la meilleure r\u00e9putation sur Google. Nous disposons d'\u00e9quipements de pointe et d'une \u00e9quipe technique professionnelle pour garantir la livraison de produits de qualit\u00e9 dans les d\u00e9lais impartis.<\/p>\n<p>Pour les circuits imprim\u00e9s rigides-flexibles, nous sommes sp\u00e9cialis\u00e9s dans :<\/p>\n<p>Un circuit imprim\u00e9 rigide-flexible multicouche, \u00e9galement connu sous le nom de circuit imprim\u00e9 rigide-flexible double face, est une combinaison d'un circuit flexible et d'un circuit rigide, un type de circuit imprim\u00e9 dans lequel une fine couche de mat\u00e9riau flexible est combin\u00e9e \u00e0 une couche de support rigide, qui est ensuite press\u00e9e ensemble pour former un seul composant.<\/p>\n<p>&nbsp;<\/p>","protected":false},"excerpt":{"rendered":"<p>Le circuit imprim\u00e9 rigide-flexible \u00e0 4 couches est une conception de circuit imprim\u00e9 qui combine les caract\u00e9ristiques des circuits imprim\u00e9s rigides et flexibles pour une flexibilit\u00e9 et une fiabilit\u00e9 \u00e9lev\u00e9es.<\/p>","protected":false},"featured_media":2232,"comment_status":"open","ping_status":"closed","template":"","meta":[],"product_brand":[],"product_cat":[114],"product_tag":[204,203,199],"class_list":{"0":"post-2230","1":"product","2":"type-product","3":"status-publish","4":"has-post-thumbnail","6":"product_cat-rigid-flex-pcb","7":"product_tag-4-layer-pcb","8":"product_tag-4-layer-rigid-flex-pcb","9":"product_tag-rigid-flex-pcb","11":"first","12":"instock","13":"shipping-taxable","14":"product-type-simple"},"yoast_head":"<!-- This site is optimized with the Yoast SEO plugin v25.1 - https:\/\/yoast.com\/wordpress\/plugins\/seo\/ -->\n<title>4 Layer Rigid Flex PCB - Topfastpcb<\/title>\n<meta name=\"description\" content=\"The 4-layer rigid-flex PCB circuit board is a circuit board design that combines the features of rigid and flexible circuit boards for flexibility and high reliability.\" \/>\n<meta name=\"robots\" content=\"index, follow, max-snippet:-1, max-image-preview:large, max-video-preview:-1\" \/>\n<link rel=\"canonical\" href=\"https:\/\/www.topfastpcb.com\/fr\/products\/4-layer-rigid-flex-pcb\/\" \/>\n<meta property=\"og:locale\" content=\"fr_FR\" \/>\n<meta property=\"og:type\" content=\"article\" \/>\n<meta property=\"og:title\" content=\"4 Layer Rigid Flex PCB - Topfastpcb\" \/>\n<meta property=\"og:description\" content=\"The 4-layer rigid-flex PCB circuit board is a circuit board design that combines the features of rigid and flexible circuit boards for flexibility and high reliability.\" \/>\n<meta property=\"og:url\" content=\"https:\/\/www.topfastpcb.com\/fr\/products\/4-layer-rigid-flex-pcb\/\" \/>\n<meta property=\"og:site_name\" content=\"Topfastpcb\" \/>\n<meta property=\"article:modified_time\" content=\"2025-05-06T07:32:55+00:00\" \/>\n<meta property=\"og:image\" content=\"https:\/\/www.topfastpcb.com\/wp-content\/uploads\/2025\/04\/rigid-flexible-pcb8.jpg\" \/>\n\t<meta property=\"og:image:width\" content=\"750\" \/>\n\t<meta property=\"og:image:height\" content=\"750\" \/>\n\t<meta property=\"og:image:type\" content=\"image\/jpeg\" \/>\n<meta name=\"twitter:card\" content=\"summary_large_image\" \/>\n<meta name=\"twitter:label1\" content=\"Dur\u00e9e de lecture estim\u00e9e\" \/>\n\t<meta name=\"twitter:data1\" content=\"4 minutes\" \/>\n<script type=\"application\/ld+json\" class=\"yoast-schema-graph\">{\"@context\":\"https:\/\/schema.org\",\"@graph\":[{\"@type\":\"WebPage\",\"@id\":\"https:\/\/www.topfastpcb.com\/products\/4-layer-rigid-flex-pcb\/\",\"url\":\"https:\/\/www.topfastpcb.com\/products\/4-layer-rigid-flex-pcb\/\",\"name\":\"4 Layer Rigid Flex PCB - Topfastpcb\",\"isPartOf\":{\"@id\":\"https:\/\/www.topfastpcb.com\/#website\"},\"primaryImageOfPage\":{\"@id\":\"https:\/\/www.topfastpcb.com\/products\/4-layer-rigid-flex-pcb\/#primaryimage\"},\"image\":{\"@id\":\"https:\/\/www.topfastpcb.com\/products\/4-layer-rigid-flex-pcb\/#primaryimage\"},\"thumbnailUrl\":\"https:\/\/www.topfastpcb.com\/wp-content\/uploads\/2025\/04\/rigid-flexible-pcb8.jpg\",\"datePublished\":\"2025-04-26T08:14:10+00:00\",\"dateModified\":\"2025-05-06T07:32:55+00:00\",\"description\":\"The 4-layer rigid-flex PCB circuit board is a circuit board design that combines the features of rigid and flexible circuit boards for flexibility and high reliability.\",\"breadcrumb\":{\"@id\":\"https:\/\/www.topfastpcb.com\/products\/4-layer-rigid-flex-pcb\/#breadcrumb\"},\"inLanguage\":\"fr-FR\",\"potentialAction\":[{\"@type\":\"ReadAction\",\"target\":[\"https:\/\/www.topfastpcb.com\/products\/4-layer-rigid-flex-pcb\/\"]}]},{\"@type\":\"ImageObject\",\"inLanguage\":\"fr-FR\",\"@id\":\"https:\/\/www.topfastpcb.com\/products\/4-layer-rigid-flex-pcb\/#primaryimage\",\"url\":\"https:\/\/www.topfastpcb.com\/wp-content\/uploads\/2025\/04\/rigid-flexible-pcb8.jpg\",\"contentUrl\":\"https:\/\/www.topfastpcb.com\/wp-content\/uploads\/2025\/04\/rigid-flexible-pcb8.jpg\",\"width\":750,\"height\":750,\"caption\":\"rigid-flexible pcb\"},{\"@type\":\"BreadcrumbList\",\"@id\":\"https:\/\/www.topfastpcb.com\/products\/4-layer-rigid-flex-pcb\/#breadcrumb\",\"itemListElement\":[{\"@type\":\"ListItem\",\"position\":1,\"name\":\"\u9996\u9875\",\"item\":\"https:\/\/www.topfastpcb.com\/\"},{\"@type\":\"ListItem\",\"position\":2,\"name\":\"\u5546\u5e97\",\"item\":\"https:\/\/www.topfastpcb.com\/shop\/\"},{\"@type\":\"ListItem\",\"position\":3,\"name\":\"4 Layer Rigid Flex PCB\"}]},{\"@type\":\"WebSite\",\"@id\":\"https:\/\/www.topfastpcb.com\/#website\",\"url\":\"https:\/\/www.topfastpcb.com\/\",\"name\":\"Topfastpcb\",\"description\":\"Topfast Prime Choice for Global Electronics Manufacturing\",\"publisher\":{\"@id\":\"https:\/\/www.topfastpcb.com\/#organization\"},\"potentialAction\":[{\"@type\":\"SearchAction\",\"target\":{\"@type\":\"EntryPoint\",\"urlTemplate\":\"https:\/\/www.topfastpcb.com\/?s={search_term_string}\"},\"query-input\":{\"@type\":\"PropertyValueSpecification\",\"valueRequired\":true,\"valueName\":\"search_term_string\"}}],\"inLanguage\":\"fr-FR\"},{\"@type\":\"Organization\",\"@id\":\"https:\/\/www.topfastpcb.com\/#organization\",\"name\":\"Topfastpcb\",\"url\":\"https:\/\/www.topfastpcb.com\/\",\"logo\":{\"@type\":\"ImageObject\",\"inLanguage\":\"fr-FR\",\"@id\":\"https:\/\/www.topfastpcb.com\/#\/schema\/logo\/image\/\",\"url\":\"https:\/\/www.topfastpcb.com\/wp-content\/uploads\/2026\/02\/cropped-topfast-logo.png\",\"contentUrl\":\"https:\/\/www.topfastpcb.com\/wp-content\/uploads\/2026\/02\/cropped-topfast-logo.png\",\"width\":144,\"height\":56,\"caption\":\"Topfastpcb\"},\"image\":{\"@id\":\"https:\/\/www.topfastpcb.com\/#\/schema\/logo\/image\/\"}}]}<\/script>\n<!-- \/ Yoast SEO plugin. -->","yoast_head_json":{"title":"4 Layer Rigid Flex PCB - Topfastpcb","description":"The 4-layer rigid-flex PCB circuit board is a circuit board design that combines the features of rigid and flexible circuit boards for flexibility and high reliability.","robots":{"index":"index","follow":"follow","max-snippet":"max-snippet:-1","max-image-preview":"max-image-preview:large","max-video-preview":"max-video-preview:-1"},"canonical":"https:\/\/www.topfastpcb.com\/fr\/products\/4-layer-rigid-flex-pcb\/","og_locale":"fr_FR","og_type":"article","og_title":"4 Layer Rigid Flex PCB - Topfastpcb","og_description":"The 4-layer rigid-flex PCB circuit board is a circuit board design that combines the features of rigid and flexible circuit boards for flexibility and high reliability.","og_url":"https:\/\/www.topfastpcb.com\/fr\/products\/4-layer-rigid-flex-pcb\/","og_site_name":"Topfastpcb","article_modified_time":"2025-05-06T07:32:55+00:00","og_image":[{"width":750,"height":750,"url":"https:\/\/www.topfastpcb.com\/wp-content\/uploads\/2025\/04\/rigid-flexible-pcb8.jpg","type":"image\/jpeg"}],"twitter_card":"summary_large_image","twitter_misc":{"Dur\u00e9e de lecture estim\u00e9e":"4 minutes"},"schema":{"@context":"https:\/\/schema.org","@graph":[{"@type":"WebPage","@id":"https:\/\/www.topfastpcb.com\/products\/4-layer-rigid-flex-pcb\/","url":"https:\/\/www.topfastpcb.com\/products\/4-layer-rigid-flex-pcb\/","name":"4 Layer Rigid Flex PCB - Topfastpcb","isPartOf":{"@id":"https:\/\/www.topfastpcb.com\/#website"},"primaryImageOfPage":{"@id":"https:\/\/www.topfastpcb.com\/products\/4-layer-rigid-flex-pcb\/#primaryimage"},"image":{"@id":"https:\/\/www.topfastpcb.com\/products\/4-layer-rigid-flex-pcb\/#primaryimage"},"thumbnailUrl":"https:\/\/www.topfastpcb.com\/wp-content\/uploads\/2025\/04\/rigid-flexible-pcb8.jpg","datePublished":"2025-04-26T08:14:10+00:00","dateModified":"2025-05-06T07:32:55+00:00","description":"The 4-layer rigid-flex PCB circuit board is a circuit board design that combines the features of rigid and flexible circuit boards for flexibility and high reliability.","breadcrumb":{"@id":"https:\/\/www.topfastpcb.com\/products\/4-layer-rigid-flex-pcb\/#breadcrumb"},"inLanguage":"fr-FR","potentialAction":[{"@type":"ReadAction","target":["https:\/\/www.topfastpcb.com\/products\/4-layer-rigid-flex-pcb\/"]}]},{"@type":"ImageObject","inLanguage":"fr-FR","@id":"https:\/\/www.topfastpcb.com\/products\/4-layer-rigid-flex-pcb\/#primaryimage","url":"https:\/\/www.topfastpcb.com\/wp-content\/uploads\/2025\/04\/rigid-flexible-pcb8.jpg","contentUrl":"https:\/\/www.topfastpcb.com\/wp-content\/uploads\/2025\/04\/rigid-flexible-pcb8.jpg","width":750,"height":750,"caption":"rigid-flexible pcb"},{"@type":"BreadcrumbList","@id":"https:\/\/www.topfastpcb.com\/products\/4-layer-rigid-flex-pcb\/#breadcrumb","itemListElement":[{"@type":"ListItem","position":1,"name":"\u9996\u9875","item":"https:\/\/www.topfastpcb.com\/"},{"@type":"ListItem","position":2,"name":"\u5546\u5e97","item":"https:\/\/www.topfastpcb.com\/shop\/"},{"@type":"ListItem","position":3,"name":"4 Layer Rigid Flex PCB"}]},{"@type":"WebSite","@id":"https:\/\/www.topfastpcb.com\/#website","url":"https:\/\/www.topfastpcb.com\/","name":"Topfastpcb","description":"Topfast Prime Choice for Global Electronics Manufacturing","publisher":{"@id":"https:\/\/www.topfastpcb.com\/#organization"},"potentialAction":[{"@type":"SearchAction","target":{"@type":"EntryPoint","urlTemplate":"https:\/\/www.topfastpcb.com\/?s={search_term_string}"},"query-input":{"@type":"PropertyValueSpecification","valueRequired":true,"valueName":"search_term_string"}}],"inLanguage":"fr-FR"},{"@type":"Organization","@id":"https:\/\/www.topfastpcb.com\/#organization","name":"Topfastpcb","url":"https:\/\/www.topfastpcb.com\/","logo":{"@type":"ImageObject","inLanguage":"fr-FR","@id":"https:\/\/www.topfastpcb.com\/#\/schema\/logo\/image\/","url":"https:\/\/www.topfastpcb.com\/wp-content\/uploads\/2026\/02\/cropped-topfast-logo.png","contentUrl":"https:\/\/www.topfastpcb.com\/wp-content\/uploads\/2026\/02\/cropped-topfast-logo.png","width":144,"height":56,"caption":"Topfastpcb"},"image":{"@id":"https:\/\/www.topfastpcb.com\/#\/schema\/logo\/image\/"}}]}},"_links":{"self":[{"href":"https:\/\/www.topfastpcb.com\/fr\/wp-json\/wp\/v2\/product\/2230","targetHints":{"allow":["GET"]}}],"collection":[{"href":"https:\/\/www.topfastpcb.com\/fr\/wp-json\/wp\/v2\/product"}],"about":[{"href":"https:\/\/www.topfastpcb.com\/fr\/wp-json\/wp\/v2\/types\/product"}],"replies":[{"embeddable":true,"href":"https:\/\/www.topfastpcb.com\/fr\/wp-json\/wp\/v2\/comments?post=2230"}],"wp:featuredmedia":[{"embeddable":true,"href":"https:\/\/www.topfastpcb.com\/fr\/wp-json\/wp\/v2\/media\/2232"}],"wp:attachment":[{"href":"https:\/\/www.topfastpcb.com\/fr\/wp-json\/wp\/v2\/media?parent=2230"}],"wp:term":[{"taxonomy":"product_brand","embeddable":true,"href":"https:\/\/www.topfastpcb.com\/fr\/wp-json\/wp\/v2\/product_brand?post=2230"},{"taxonomy":"product_cat","embeddable":true,"href":"https:\/\/www.topfastpcb.com\/fr\/wp-json\/wp\/v2\/product_cat?post=2230"},{"taxonomy":"product_tag","embeddable":true,"href":"https:\/\/www.topfastpcb.com\/fr\/wp-json\/wp\/v2\/product_tag?post=2230"}],"curies":[{"name":"wp","href":"https:\/\/api.w.org\/{rel}","templated":true}]}}