{"id":2257,"date":"2025-04-26T18:00:10","date_gmt":"2025-04-26T09:30:10","guid":{"rendered":"http:\/\/topfastpcbb.ru\/?post_type=product&#038;p=2257"},"modified":"2025-05-06T16:28:04","modified_gmt":"2025-05-06T07:58:04","slug":"consumer-electronics-pcba","status":"publish","type":"product","link":"https:\/\/www.topfastpcb.com\/fr\/products\/consumer-electronics-pcba\/","title":{"rendered":"Cartes de circuits imprim\u00e9s pour l'\u00e9lectronique grand public"},"content":{"rendered":"<div id=\"ez-toc-container\" class=\"ez-toc-v2_0_74 counter-hierarchy ez-toc-counter ez-toc-custom ez-toc-container-direction\">\n<div class=\"ez-toc-title-container\">\n<p class=\"ez-toc-title\" style=\"cursor:inherit\">Table des mati\u00e8res<\/p>\n<span class=\"ez-toc-title-toggle\"><\/span><\/div>\n<nav><ul class='ez-toc-list ez-toc-list-level-1' ><li class='ez-toc-page-1 ez-toc-heading-level-2'><a class=\"ez-toc-link ez-toc-heading-1\" href=\"https:\/\/www.topfastpcb.com\/fr\/products\/consumer-electronics-pcba\/#PCB_Assembly_capability\" >Capacit\u00e9 d'assemblage de circuits imprim\u00e9s<\/a><\/li><li class='ez-toc-page-1 ez-toc-heading-level-2'><a class=\"ez-toc-link ez-toc-heading-2\" href=\"https:\/\/www.topfastpcb.com\/fr\/products\/consumer-electronics-pcba\/#Advantages_of_our_PCBA_processing\" >Avantages de notre traitement PCBA<\/a><\/li><li class='ez-toc-page-1 ez-toc-heading-level-2'><a class=\"ez-toc-link ez-toc-heading-3\" href=\"https:\/\/www.topfastpcb.com\/fr\/products\/consumer-electronics-pcba\/#Why_choose_us\" >Pourquoi nous choisir ?<\/a><\/li><\/ul><\/nav><\/div>\n\n<p>Le PCBA consiste \u00e0 souder des composants \u00e9lectroniques sur la carte de circuit imprim\u00e9 afin de r\u00e9aliser la fonction de la carte et la performance du produit. Ce processus comprend plusieurs \u00e9tapes : l'approvisionnement en composants, la production de cartes de circuits imprim\u00e9s, le traitement des puces SMT (technologie de montage en surface), le traitement des connecteurs DIP (double emballage en ligne), le test des PCBA et l'assemblage des produits finis, etc.<\/p>\n<table data-sort=\"sortDisabled\">\n<tbody>\n<tr>\n<td valign=\"top\" rowspan=\"1\" colspan=\"2\">\n<h2 style=\"text-align: center;\"><span class=\"ez-toc-section\" id=\"PCB_Assembly_capability\"><\/span><span><strong><a href=\"https:\/\/www.topfastpcb.com\/fr\/products\/category\/pcba\/\">Assemblage du circuit imprim\u00e9<\/a> capacit\u00e9<\/strong><\/span><span class=\"ez-toc-section-end\"><\/span><\/h2>\n<\/td>\n<\/tr>\n<tr>\n<td width=\"505\" valign=\"middle\" align=\"left\">Objet<\/td>\n<td width=\"505\" valign=\"top\">Capacit\u00e9<\/td>\n<\/tr>\n<tr>\n<td width=\"505\" valign=\"middle\" rowspan=\"7\" colspan=\"1\" align=\"left\">Avantages<\/td>\n<td width=\"505\" valign=\"top\"><span>&#8212;-Technologie professionnelle de montage en surface et de brasage \u00e0 travers les trous<\/span><\/td>\n<\/tr>\n<tr>\n<td width=\"505\" valign=\"top\"><span>&#8212;-Diverses tailles comme 1206,0805,0603 composants technologie SMT<\/span><\/td>\n<\/tr>\n<tr>\n<td valign=\"top\" colspan=\"1\" rowspan=\"1\"><span>&#8212;-ICT(In Circuit Test),FCT(Functional Circuit Test)\u00a0<\/span><\/td>\n<\/tr>\n<tr>\n<td valign=\"top\" colspan=\"1\" rowspan=\"1\"><span>&#8212;- Assemblage PCB avec approbation UL, CE, FCC, Rohs<\/span><\/td>\n<\/tr>\n<tr>\n<td valign=\"top\" colspan=\"1\" rowspan=\"1\"><span>&#8212;-Technologie de soudage par refusion \u00e0 l'azote pour SMT.<\/span><\/td>\n<\/tr>\n<tr>\n<td valign=\"top\" colspan=\"1\" rowspan=\"1\"><span>&#8212;-Ligne d'assemblage SMT&amp;Solder de haut niveau<\/span><\/td>\n<\/tr>\n<tr>\n<td valign=\"top\" colspan=\"1\" rowspan=\"1\"><span>&#8212;Capacit\u00e9 technologique de placement de cartes interconnect\u00e9es \u00e0 haute densit\u00e9.<\/span><\/td>\n<\/tr>\n<tr>\n<td valign=\"middle\" colspan=\"1\" rowspan=\"7\" align=\"left\">Composants<\/td>\n<td valign=\"top\" colspan=\"1\" rowspan=\"1\"><span>Passive\u00a0Down\u00a0to\u00a00201\u00a0size<\/span><\/td>\n<\/tr>\n<tr>\n<td valign=\"top\" colspan=\"1\" rowspan=\"1\"><span>BGA et VFBGA<\/span><\/td>\n<\/tr>\n<tr>\n<td valign=\"top\" colspan=\"1\" rowspan=\"1\"><span>Supports de puces sans plomb\/CSP<\/span><\/td>\n<\/tr>\n<tr>\n<td valign=\"top\" colspan=\"1\" rowspan=\"1\"><span>Assemblage SMT double face<\/span><\/td>\n<\/tr>\n<tr>\n<td valign=\"top\" colspan=\"1\" rowspan=\"1\"><span>Pas fin jusqu'\u00e0 0,8 millim\u00e8tres<\/span><\/td>\n<\/tr>\n<tr>\n<td valign=\"top\" colspan=\"1\" rowspan=\"1\"><span>R\u00e9paration et rebouclage de BGA<\/span><\/td>\n<\/tr>\n<tr>\n<td width=\"505\" valign=\"top\"><span>D\u00e9pose et remplacement des pi\u00e8ces<\/span><\/td>\n<\/tr>\n<tr>\n<td width=\"505\" valign=\"middle\" rowspan=\"3\" colspan=\"1\" align=\"left\">Quantit\u00e9<\/td>\n<td width=\"505\" valign=\"top\"><span>Prototype &amp; Low\u00a0Volume\u00a0PCB\u00a0Assembly,<\/span><\/td>\n<\/tr>\n<tr>\n<td width=\"505\" valign=\"top\"><span>from\u00a01\u00a0Board\u00a0to\u00a0250, or\u00a0up\u00a0to\u00a01000<\/span><\/td>\n<\/tr>\n<tr>\n<td width=\"505\" valign=\"top\"><span>et pcba personnalis\u00e9s<\/span><\/td>\n<\/tr>\n<tr>\n<td width=\"505\" valign=\"middle\" align=\"left\">Type d'assemblage<\/td>\n<td width=\"505\" valign=\"top\">SMT,Trou de passage<\/td>\n<\/tr>\n<tr>\n<td valign=\"middle\" colspan=\"1\" rowspan=\"1\" align=\"left\">Type de soudure<\/td>\n<td valign=\"top\" colspan=\"1\" rowspan=\"1\">P\u00e2te \u00e0 braser soluble dans l'eau, avec ou sans plomb<\/td>\n<\/tr>\n<tr>\n<td valign=\"middle\" colspan=\"1\" rowspan=\"2\" align=\"left\">Taille de la carte nue<\/td>\n<td valign=\"top\" colspan=\"1\" rowspan=\"1\"><span>Le plus petit : 0.25*0.25 pouces<\/span><\/td>\n<\/tr>\n<tr>\n<td valign=\"top\" colspan=\"1\" rowspan=\"1\"><span>La plus grande : 20*20 pouces<\/span><\/td>\n<\/tr>\n<tr>\n<td valign=\"middle\" colspan=\"1\" rowspan=\"1\" align=\"left\">Format du fichier<\/td>\n<td valign=\"top\" colspan=\"1\" rowspan=\"1\"><span>Fichiers Gerber, fichiers Pick-N-Place, nomenclatures<\/span><\/td>\n<\/tr>\n<tr>\n<td valign=\"middle\" colspan=\"1\" rowspan=\"1\" align=\"left\">Type de service<\/td>\n<td valign=\"top\" colspan=\"1\" rowspan=\"1\"><span>Cl\u00e9 en main, cl\u00e9 en main partielle ou consignation<\/span><\/td>\n<\/tr>\n<tr>\n<td valign=\"middle\" colspan=\"1\" rowspan=\"1\" align=\"left\">Emballage des composants<\/td>\n<td valign=\"top\" colspan=\"1\" rowspan=\"1\">Couper les rubans, les tubes, les bobines et les pi\u00e8ces d\u00e9tach\u00e9es<\/td>\n<\/tr>\n<tr>\n<td valign=\"middle\" colspan=\"1\" rowspan=\"1\" align=\"left\">Temps de rotation<\/td>\n<td valign=\"top\" colspan=\"1\" rowspan=\"1\">Service le jour m\u00eame jusqu'\u00e0 15 jours Service.<\/td>\n<\/tr>\n<tr>\n<td valign=\"middle\" colspan=\"1\" rowspan=\"1\" align=\"left\">Essais<\/td>\n<td valign=\"top\" colspan=\"1\" rowspan=\"1\">Test \u00e0 la sonde volante, inspection par rayons X, test AOI.<\/td>\n<\/tr>\n<tr>\n<td width=\"505\" valign=\"middle\" align=\"left\">Processus d'assemblage des circuits imprim\u00e9s<\/td>\n<td width=\"505\" valign=\"top\"><span>Forage&#8212;-Exposition<\/span><\/td>\n<\/tr>\n<\/tbody>\n<\/table>\n<p><img loading=\"lazy\" decoding=\"async\" src=\"https:\/\/www.topfastpcb.com\/wp-content\/uploads\/2025\/04\/pcba29.jpg\" alt=\"pcba\" width=\"750\" height=\"750\" class=\"aligncenter size-full wp-image-2381\" srcset=\"https:\/\/www.topfastpcb.com\/wp-content\/uploads\/2025\/04\/pcba29.jpg 750w, https:\/\/www.topfastpcb.com\/wp-content\/uploads\/2025\/04\/pcba29-300x300.jpg 300w, https:\/\/www.topfastpcb.com\/wp-content\/uploads\/2025\/04\/pcba29-150x150.jpg 150w, https:\/\/www.topfastpcb.com\/wp-content\/uploads\/2025\/04\/pcba29-600x600.jpg 600w, https:\/\/www.topfastpcb.com\/wp-content\/uploads\/2025\/04\/pcba29-100x100.jpg 100w\" sizes=\"auto, (max-width: 750px) 100vw, 750px\" \/><\/p>\n<h2><span class=\"ez-toc-section\" id=\"Advantages_of_our_PCBA_processing\"><\/span>Avantages de notre traitement PCBA<span class=\"ez-toc-section-end\"><\/span><\/h2>\n<p><a href=\"https:\/\/www.topfastpcb.com\/fr\/products\/category\/flexible-pcb\/\">Flexible<\/a> des ajustements en fonction des besoins des clients, pour r\u00e9pondre \u00e0 des besoins personnalis\u00e9s, et une r\u00e9ponse rapide aux changements du march\u00e9.<br \/>\nAdopter des \u00e9quipements automatis\u00e9s tels qu'un compteur, une machine \u00e0 souder \u00e0 la vague, etc., afin d'am\u00e9liorer l'efficacit\u00e9 et la pr\u00e9cision de la production et de r\u00e9duire les co\u00fbts de main-d'\u0153uvre.<br \/>\nContr\u00f4le en temps r\u00e9el de la qualit\u00e9 des produits gr\u00e2ce \u00e0 des technologies avanc\u00e9es telles que l'inspection optique automatique (AOI) et l'inspection par rayons X pour garantir le taux de rendement.<\/p>\n<p>Assemblage de circuits imprim\u00e9s de haute qualit\u00e9 : Assemblage de circuits imprim\u00e9s \u00e0 4 couches, recouverts d'une peinture \u00e0 triple protection, avec une bonne r\u00e9sistance aux temp\u00e9ratures \u00e9lev\u00e9es et basses.<br \/>\nAssemblage de circuits imprim\u00e9s \u00e0 haut rendement : utilisation d'une machine SMT \u00e0 grande vitesse de pointe.L'assemblage peut \u00eatre r\u00e9alis\u00e9 en une journ\u00e9e au plus t\u00f4t.<br \/>\nAssemblage de PCB LED \u00e0 2 couches, utilisant une soudure IC de haute qualit\u00e9.SMT parfaitement propre.<br \/>\nAssemblage de circuits imprim\u00e9s de haute pr\u00e9cision :La pr\u00e9cision de l'assemblage des PCB peut atteindre +\/-50um. La pr\u00e9cision maximale est de \u00b130um.<\/p>\n<p>&nbsp;<\/p>\n<h2><span class=\"ez-toc-section\" id=\"Why_choose_us\"><\/span><strong><span>Pourquoi nous choisir ?<\/span><\/strong><span class=\"ez-toc-section-end\"><\/span><\/h2>\n<p><span>1.Service unique de cartes de circuits imprim\u00e9s et de circuits imprim\u00e9s<\/span><\/p>\n<p><span>Nous pouvons vous aider en vous proposant un service \u00e0 guichet unique.Nous vous soutenons dans l'ensemble du processus, depuis la recherche et le d\u00e9veloppement de fonctions, la discussion sur la conception du produit, la fabrication de circuits imprim\u00e9s, l'approvisionnement en composants, jusqu'\u00e0 l'assemblage des circuits imprim\u00e9s.<\/span><\/p>\n<p><span>2.\u00c9quipement avanc\u00e9<\/span><\/p>\n<p><span>Il y a plus de 385 \u00e9quipements, principalement import\u00e9s d'Allemagne, du Japon et de Ta\u00efwan.Il s'agit notamment de la machine d'exposition automatique LDl, de la ligne de placage automatique, de la machine de per\u00e7age au laser, de la machine d'essai automatique, de la machine de coupe en V automatique et d'autres \u00e9quipements de pointe.<\/span><\/p>\n<p><span>3.Technologie avanc\u00e9e<br \/>\n<\/span><\/p>\n<p><span>Notre \u00e9quipe de R &amp; D compte plus de 28 employ\u00e9s, dont 2 doctorants et 8 \u00e9tudiants en ma\u00eetrise.Nous pouvons fabriquer des circuits imprim\u00e9s HDI en trois \u00e9tapes avec des trous d'un pas de 0,4 mm. La technologie est \u00e0 la pointe de l'industrie.<\/span><\/p>\n<p><span>4.Service sup\u00e9rieur<\/span><\/p>\n<p><span>Service en ligne 7*24 heures !Nous disposons d'une \u00e9quipe de service professionnelle charg\u00e9e de suivre l'ensemble du processus pour les principaux clients et les principales commandes. Nous disposons \u00e9galement d'un gestionnaire de compte professionnel pour chaque client afin de r\u00e9pondre aux diverses demandes des clients.<\/span><\/p>","protected":false},"excerpt":{"rendered":"<p>Des ajustements flexibles en fonction des besoins des clients, pour r\u00e9pondre aux besoins personnalis\u00e9s, et une r\u00e9ponse rapide aux changements du march\u00e9.<\/p>","protected":false},"featured_media":2263,"comment_status":"open","ping_status":"closed","template":"","meta":[],"product_brand":[],"product_cat":[116],"product_tag":[208,206,207],"class_list":{"0":"post-2257","1":"product","2":"type-product","3":"status-publish","4":"has-post-thumbnail","6":"product_cat-pcba","7":"product_tag-consumer-electronics-pcba","8":"product_tag-electronics-pcba","9":"product_tag-pcba","11":"first","12":"instock","13":"shipping-taxable","14":"product-type-simple"},"yoast_head":"<!-- This site is optimized with the Yoast SEO plugin v25.1 - https:\/\/yoast.com\/wordpress\/plugins\/seo\/ -->\n<title>Consumer Electronics PCBA - Topfastpcb<\/title>\n<meta name=\"description\" content=\"Flexible adjustments according to customer needs, to meet personalized needs, and rapid response to market changes.\" \/>\n<meta name=\"robots\" content=\"index, follow, max-snippet:-1, max-image-preview:large, max-video-preview:-1\" \/>\n<link rel=\"canonical\" href=\"https:\/\/www.topfastpcb.com\/fr\/products\/consumer-electronics-pcba\/\" \/>\n<meta property=\"og:locale\" content=\"fr_FR\" \/>\n<meta property=\"og:type\" content=\"article\" \/>\n<meta property=\"og:title\" content=\"Consumer Electronics PCBA - Topfastpcb\" \/>\n<meta property=\"og:description\" content=\"Flexible adjustments according to customer needs, to meet personalized needs, and rapid response to market changes.\" \/>\n<meta property=\"og:url\" content=\"https:\/\/www.topfastpcb.com\/fr\/products\/consumer-electronics-pcba\/\" \/>\n<meta property=\"og:site_name\" content=\"Topfastpcb\" \/>\n<meta property=\"article:modified_time\" content=\"2025-05-06T07:58:04+00:00\" \/>\n<meta property=\"og:image\" content=\"https:\/\/www.topfastpcb.com\/wp-content\/uploads\/2025\/04\/pcba23.jpg\" \/>\n\t<meta property=\"og:image:width\" content=\"750\" \/>\n\t<meta property=\"og:image:height\" content=\"750\" \/>\n\t<meta property=\"og:image:type\" content=\"image\/jpeg\" \/>\n<meta name=\"twitter:card\" content=\"summary_large_image\" \/>\n<meta name=\"twitter:label1\" content=\"Dur\u00e9e de lecture estim\u00e9e\" \/>\n\t<meta name=\"twitter:data1\" content=\"3 minutes\" \/>\n<script type=\"application\/ld+json\" class=\"yoast-schema-graph\">{\"@context\":\"https:\/\/schema.org\",\"@graph\":[{\"@type\":\"WebPage\",\"@id\":\"https:\/\/www.topfastpcb.com\/products\/consumer-electronics-pcba\/\",\"url\":\"https:\/\/www.topfastpcb.com\/products\/consumer-electronics-pcba\/\",\"name\":\"Consumer Electronics PCBA - Topfastpcb\",\"isPartOf\":{\"@id\":\"https:\/\/www.topfastpcb.com\/#website\"},\"primaryImageOfPage\":{\"@id\":\"https:\/\/www.topfastpcb.com\/products\/consumer-electronics-pcba\/#primaryimage\"},\"image\":{\"@id\":\"https:\/\/www.topfastpcb.com\/products\/consumer-electronics-pcba\/#primaryimage\"},\"thumbnailUrl\":\"https:\/\/www.topfastpcb.com\/wp-content\/uploads\/2025\/04\/pcba23.jpg\",\"datePublished\":\"2025-04-26T09:30:10+00:00\",\"dateModified\":\"2025-05-06T07:58:04+00:00\",\"description\":\"Flexible adjustments according to customer needs, to meet personalized needs, and rapid response to market changes.\",\"breadcrumb\":{\"@id\":\"https:\/\/www.topfastpcb.com\/products\/consumer-electronics-pcba\/#breadcrumb\"},\"inLanguage\":\"fr-FR\",\"potentialAction\":[{\"@type\":\"ReadAction\",\"target\":[\"https:\/\/www.topfastpcb.com\/products\/consumer-electronics-pcba\/\"]}]},{\"@type\":\"ImageObject\",\"inLanguage\":\"fr-FR\",\"@id\":\"https:\/\/www.topfastpcb.com\/products\/consumer-electronics-pcba\/#primaryimage\",\"url\":\"https:\/\/www.topfastpcb.com\/wp-content\/uploads\/2025\/04\/pcba23.jpg\",\"contentUrl\":\"https:\/\/www.topfastpcb.com\/wp-content\/uploads\/2025\/04\/pcba23.jpg\",\"width\":750,\"height\":750},{\"@type\":\"BreadcrumbList\",\"@id\":\"https:\/\/www.topfastpcb.com\/products\/consumer-electronics-pcba\/#breadcrumb\",\"itemListElement\":[{\"@type\":\"ListItem\",\"position\":1,\"name\":\"\u9996\u9875\",\"item\":\"https:\/\/www.topfastpcb.com\/\"},{\"@type\":\"ListItem\",\"position\":2,\"name\":\"\u5546\u5e97\",\"item\":\"https:\/\/www.topfastpcb.com\/shop\/\"},{\"@type\":\"ListItem\",\"position\":3,\"name\":\"Consumer Electronics PCBA\"}]},{\"@type\":\"WebSite\",\"@id\":\"https:\/\/www.topfastpcb.com\/#website\",\"url\":\"https:\/\/www.topfastpcb.com\/\",\"name\":\"Topfastpcb\",\"description\":\"Topfast Prime Choice for Global Electronics Manufacturing\",\"publisher\":{\"@id\":\"https:\/\/www.topfastpcb.com\/#organization\"},\"potentialAction\":[{\"@type\":\"SearchAction\",\"target\":{\"@type\":\"EntryPoint\",\"urlTemplate\":\"https:\/\/www.topfastpcb.com\/?s={search_term_string}\"},\"query-input\":{\"@type\":\"PropertyValueSpecification\",\"valueRequired\":true,\"valueName\":\"search_term_string\"}}],\"inLanguage\":\"fr-FR\"},{\"@type\":\"Organization\",\"@id\":\"https:\/\/www.topfastpcb.com\/#organization\",\"name\":\"Topfastpcb\",\"url\":\"https:\/\/www.topfastpcb.com\/\",\"logo\":{\"@type\":\"ImageObject\",\"inLanguage\":\"fr-FR\",\"@id\":\"https:\/\/www.topfastpcb.com\/#\/schema\/logo\/image\/\",\"url\":\"https:\/\/www.topfastpcb.com\/wp-content\/uploads\/2026\/02\/cropped-topfast-logo.png\",\"contentUrl\":\"https:\/\/www.topfastpcb.com\/wp-content\/uploads\/2026\/02\/cropped-topfast-logo.png\",\"width\":144,\"height\":56,\"caption\":\"Topfastpcb\"},\"image\":{\"@id\":\"https:\/\/www.topfastpcb.com\/#\/schema\/logo\/image\/\"}}]}<\/script>\n<!-- \/ Yoast SEO plugin. -->","yoast_head_json":{"title":"Consumer Electronics PCBA - Topfastpcb","description":"Flexible adjustments according to customer needs, to meet personalized needs, and rapid response to market changes.","robots":{"index":"index","follow":"follow","max-snippet":"max-snippet:-1","max-image-preview":"max-image-preview:large","max-video-preview":"max-video-preview:-1"},"canonical":"https:\/\/www.topfastpcb.com\/fr\/products\/consumer-electronics-pcba\/","og_locale":"fr_FR","og_type":"article","og_title":"Consumer Electronics PCBA - Topfastpcb","og_description":"Flexible adjustments according to customer needs, to meet personalized needs, and rapid response to market changes.","og_url":"https:\/\/www.topfastpcb.com\/fr\/products\/consumer-electronics-pcba\/","og_site_name":"Topfastpcb","article_modified_time":"2025-05-06T07:58:04+00:00","og_image":[{"width":750,"height":750,"url":"https:\/\/www.topfastpcb.com\/wp-content\/uploads\/2025\/04\/pcba23.jpg","type":"image\/jpeg"}],"twitter_card":"summary_large_image","twitter_misc":{"Dur\u00e9e de lecture estim\u00e9e":"3 minutes"},"schema":{"@context":"https:\/\/schema.org","@graph":[{"@type":"WebPage","@id":"https:\/\/www.topfastpcb.com\/products\/consumer-electronics-pcba\/","url":"https:\/\/www.topfastpcb.com\/products\/consumer-electronics-pcba\/","name":"Consumer Electronics PCBA - Topfastpcb","isPartOf":{"@id":"https:\/\/www.topfastpcb.com\/#website"},"primaryImageOfPage":{"@id":"https:\/\/www.topfastpcb.com\/products\/consumer-electronics-pcba\/#primaryimage"},"image":{"@id":"https:\/\/www.topfastpcb.com\/products\/consumer-electronics-pcba\/#primaryimage"},"thumbnailUrl":"https:\/\/www.topfastpcb.com\/wp-content\/uploads\/2025\/04\/pcba23.jpg","datePublished":"2025-04-26T09:30:10+00:00","dateModified":"2025-05-06T07:58:04+00:00","description":"Flexible adjustments according to customer needs, to meet personalized needs, and rapid response to market changes.","breadcrumb":{"@id":"https:\/\/www.topfastpcb.com\/products\/consumer-electronics-pcba\/#breadcrumb"},"inLanguage":"fr-FR","potentialAction":[{"@type":"ReadAction","target":["https:\/\/www.topfastpcb.com\/products\/consumer-electronics-pcba\/"]}]},{"@type":"ImageObject","inLanguage":"fr-FR","@id":"https:\/\/www.topfastpcb.com\/products\/consumer-electronics-pcba\/#primaryimage","url":"https:\/\/www.topfastpcb.com\/wp-content\/uploads\/2025\/04\/pcba23.jpg","contentUrl":"https:\/\/www.topfastpcb.com\/wp-content\/uploads\/2025\/04\/pcba23.jpg","width":750,"height":750},{"@type":"BreadcrumbList","@id":"https:\/\/www.topfastpcb.com\/products\/consumer-electronics-pcba\/#breadcrumb","itemListElement":[{"@type":"ListItem","position":1,"name":"\u9996\u9875","item":"https:\/\/www.topfastpcb.com\/"},{"@type":"ListItem","position":2,"name":"\u5546\u5e97","item":"https:\/\/www.topfastpcb.com\/shop\/"},{"@type":"ListItem","position":3,"name":"Consumer Electronics PCBA"}]},{"@type":"WebSite","@id":"https:\/\/www.topfastpcb.com\/#website","url":"https:\/\/www.topfastpcb.com\/","name":"Topfastpcb","description":"Topfast Prime Choice for Global Electronics Manufacturing","publisher":{"@id":"https:\/\/www.topfastpcb.com\/#organization"},"potentialAction":[{"@type":"SearchAction","target":{"@type":"EntryPoint","urlTemplate":"https:\/\/www.topfastpcb.com\/?s={search_term_string}"},"query-input":{"@type":"PropertyValueSpecification","valueRequired":true,"valueName":"search_term_string"}}],"inLanguage":"fr-FR"},{"@type":"Organization","@id":"https:\/\/www.topfastpcb.com\/#organization","name":"Topfastpcb","url":"https:\/\/www.topfastpcb.com\/","logo":{"@type":"ImageObject","inLanguage":"fr-FR","@id":"https:\/\/www.topfastpcb.com\/#\/schema\/logo\/image\/","url":"https:\/\/www.topfastpcb.com\/wp-content\/uploads\/2026\/02\/cropped-topfast-logo.png","contentUrl":"https:\/\/www.topfastpcb.com\/wp-content\/uploads\/2026\/02\/cropped-topfast-logo.png","width":144,"height":56,"caption":"Topfastpcb"},"image":{"@id":"https:\/\/www.topfastpcb.com\/#\/schema\/logo\/image\/"}}]}},"_links":{"self":[{"href":"https:\/\/www.topfastpcb.com\/fr\/wp-json\/wp\/v2\/product\/2257","targetHints":{"allow":["GET"]}}],"collection":[{"href":"https:\/\/www.topfastpcb.com\/fr\/wp-json\/wp\/v2\/product"}],"about":[{"href":"https:\/\/www.topfastpcb.com\/fr\/wp-json\/wp\/v2\/types\/product"}],"replies":[{"embeddable":true,"href":"https:\/\/www.topfastpcb.com\/fr\/wp-json\/wp\/v2\/comments?post=2257"}],"wp:featuredmedia":[{"embeddable":true,"href":"https:\/\/www.topfastpcb.com\/fr\/wp-json\/wp\/v2\/media\/2263"}],"wp:attachment":[{"href":"https:\/\/www.topfastpcb.com\/fr\/wp-json\/wp\/v2\/media?parent=2257"}],"wp:term":[{"taxonomy":"product_brand","embeddable":true,"href":"https:\/\/www.topfastpcb.com\/fr\/wp-json\/wp\/v2\/product_brand?post=2257"},{"taxonomy":"product_cat","embeddable":true,"href":"https:\/\/www.topfastpcb.com\/fr\/wp-json\/wp\/v2\/product_cat?post=2257"},{"taxonomy":"product_tag","embeddable":true,"href":"https:\/\/www.topfastpcb.com\/fr\/wp-json\/wp\/v2\/product_tag?post=2257"}],"curies":[{"name":"wp","href":"https:\/\/api.w.org\/{rel}","templated":true}]}}