{"id":2264,"date":"2025-04-26T18:25:34","date_gmt":"2025-04-26T09:55:34","guid":{"rendered":"http:\/\/topfastpcbb.ru\/?post_type=product&#038;p=2264"},"modified":"2025-05-06T16:29:15","modified_gmt":"2025-05-06T07:59:15","slug":"pcba-for-medical-industry","status":"publish","type":"product","link":"https:\/\/www.topfastpcb.com\/fr\/products\/pcba-for-medical-industry\/","title":{"rendered":"PCBA pour l'industrie m\u00e9dicale"},"content":{"rendered":"<h2>Cartes de circuits imprim\u00e9s pour l'industrie m\u00e9dicale<\/h2>\n<p>PCBA (<a href=\"https:\/\/www.topfastpcb.com\/fr\/products\/category\/pcba\/\">Assemblage de circuits imprim\u00e9s<\/a>) est un processus qui consiste \u00e0 monter des composants \u00e9lectroniques sur une carte de circuit imprim\u00e9 (PCB) et \u00e0 les souder pour cr\u00e9er un appareil \u00e9lectronique fonctionnel. Dans l'industrie m\u00e9dicale, le PCBA est utilis\u00e9 pour fabriquer une large gamme de dispositifs m\u00e9dicaux, notamment des \u00e9quipements de diagnostic, des dispositifs de surveillance et des instruments chirurgicaux.<br \/>\nLes dispositifs m\u00e9dicaux qui utilisent des PCBA doivent g\u00e9n\u00e9ralement r\u00e9pondre \u00e0 des normes r\u00e9glementaires strictes pour garantir leur s\u00e9curit\u00e9 et leur efficacit\u00e9.Par cons\u00e9quent, le processus de PCBA pour les dispositifs m\u00e9dicaux doit \u00eatre soigneusement contr\u00f4l\u00e9 pour s'assurer que le produit fini r\u00e9pond \u00e0 ces normes. Cela peut impliquer l'utilisation de mat\u00e9riaux sp\u00e9cialis\u00e9s, tels que des plastiques et des m\u00e9taux biocompatibles, et la mise en \u0153uvre de mesures strictes de contr\u00f4le de la qualit\u00e9.<br \/>\nL'utilisation de PCBA dans l'industrie m\u00e9dicale permet de cr\u00e9er des dispositifs extr\u00eamement pr\u00e9cis et fiables qui sont essentiels pour le diagnostic, le traitement et le suivi des patients.Elle permet \u00e9galement le d\u00e9veloppement de technologies m\u00e9dicales nouvelles et innovantes susceptibles d'am\u00e9liorer les r\u00e9sultats pour les patients et la qualit\u00e9 des soins.Si vous \u00eates int\u00e9ress\u00e9 par notre assemblage de circuits imprim\u00e9s, n'h\u00e9sitez pas \u00e0 nous contacter.<\/p>\n<h2>Avantages<\/h2>\n<p>Voici quelques avantages de l'utilisation du PCBA dans l'industrie m\u00e9dicale :<br \/>\n1. Pr\u00e9cision : Les circuits imprim\u00e9s permettent de cr\u00e9er des dispositifs m\u00e9dicaux extr\u00eamement pr\u00e9cis et exacts, ce qui est essentiel pour de nombreuses applications de diagnostic et de surveillance.<br \/>\n2.Fiabilit\u00e9 :Le processus PCBA est con\u00e7u pour cr\u00e9er des dispositifs m\u00e9dicaux durables et fiables qui peuvent r\u00e9sister aux exigences de l'environnement des soins de sant\u00e9.<br \/>\n3.Personnalisation :Les circuits imprim\u00e9s peuvent \u00eatre personnalis\u00e9s pour r\u00e9pondre aux besoins et exigences sp\u00e9cifiques des diff\u00e9rentes applications m\u00e9dicales. Cela permet aux fabricants de cr\u00e9er des dispositifs adapt\u00e9s aux besoins uniques de l'industrie des soins de sant\u00e9.<br \/>\n4.Rentabilit\u00e9 :L'utilisation de PCBA peut contribuer \u00e0 r\u00e9duire le co\u00fbt global de la fabrication des dispositifs m\u00e9dicaux en permettant l'utilisation de processus automatis\u00e9s et de composants standard.<br \/>\n5.Vitesse de production :Le processus PCBA peut \u00eatre achev\u00e9 relativement rapidement, ce qui permet aux fabricants de r\u00e9pondre \u00e0 la forte demande de dispositifs m\u00e9dicaux dans les d\u00e9lais impartis.<br \/>\nAm\u00e9lioration des soins aux patients :En cr\u00e9ant des dispositifs m\u00e9dicaux fiables et pr\u00e9cis, le PCBA contribue \u00e0 am\u00e9liorer les soins et les r\u00e9sultats pour les patients.Cela peut conduire \u00e0 une meilleure satisfaction des patients et \u00e0 une meilleure qualit\u00e9 globale des soins de sant\u00e9.<\/p>\n<p><img loading=\"lazy\" decoding=\"async\" src=\"https:\/\/www.topfastpcb.com\/wp-content\/uploads\/2025\/04\/pcba27.jpg\" alt=\"PCBA m\u00e9dical\" width=\"750\" height=\"750\" class=\"aligncenter wp-image-2265 size-full\" srcset=\"https:\/\/www.topfastpcb.com\/wp-content\/uploads\/2025\/04\/pcba27.jpg 750w, https:\/\/www.topfastpcb.com\/wp-content\/uploads\/2025\/04\/pcba27-300x300.jpg 300w, https:\/\/www.topfastpcb.com\/wp-content\/uploads\/2025\/04\/pcba27-150x150.jpg 150w, https:\/\/www.topfastpcb.com\/wp-content\/uploads\/2025\/04\/pcba27-600x600.jpg 600w, https:\/\/www.topfastpcb.com\/wp-content\/uploads\/2025\/04\/pcba27-100x100.jpg 100w\" sizes=\"auto, (max-width: 750px) 100vw, 750px\" \/><\/p>\n<h2>\u00c9l\u00e9ments fondamentaux des syst\u00e8mes de qualit\u00e9<\/h2>\n<ol start=\"1\">\n<li>\n<p class=\"ds-markdown-paragraph\"><strong>Syst\u00e8me de triple certification<\/strong><\/p>\n<ul>\n<li>\n<p class=\"ds-markdown-paragraph\">ISO 13485 Gestion de la qualit\u00e9<\/p>\n<\/li>\n<li>\n<p class=\"ds-markdown-paragraph\">FDA 21 CFR Part 820<\/p>\n<\/li>\n<li>\n<p class=\"ds-markdown-paragraph\">Normes de s\u00e9curit\u00e9 IEC 60601-1<\/p>\n<\/li>\n<\/ul>\n<\/li>\n<li>\n<p class=\"ds-markdown-paragraph\"><strong>Points forts du contr\u00f4le des processus<\/strong><\/p>\n<ul>\n<li style=\"list-style-type: none;\">\n<ul>\n<li>\n<p class=\"ds-markdown-paragraph\">Classe de salle blanche : 1000<\/p>\n<\/li>\n<li>\n<p class=\"ds-markdown-paragraph\">Inspection des joints de soudure :AOI 3D + rayons X<\/p>\n<\/li>\n<li>\n<p class=\"ds-markdown-paragraph\">Tra\u00e7abilit\u00e9 :Syst\u00e8me de suivi par code-barres<\/p>\n<\/li>\n<\/ul>\n<\/li>\n<\/ul>\n<\/li>\n<\/ol>\n<h2>Principaux d\u00e9fis techniques et solutions<\/h2>\n<div class=\"markdown-table-wrapper\">\n<table>\n<thead>\n<tr>\n<th>Type de d\u00e9fi<\/th>\n<th>Solution technique<\/th>\n<th>Mesures de performance<\/th>\n<\/tr>\n<\/thead>\n<tbody>\n<tr>\n<td>R\u00e9sistance \u00e0 la st\u00e9rilisation<\/td>\n<td>Mat\u00e9riaux d'encapsulation sp\u00e9ciaux<\/td>\n<td>R\u00e9siste \u00e0 200 cycles d'autoclave<\/td>\n<\/tr>\n<tr>\n<td>Contr\u00f4le EMI<\/td>\n<td>Structures de blindage multicouches<\/td>\n<td>R\u00e9duction du rayonnement de 60 dB<\/td>\n<\/tr>\n<tr>\n<td>Fiabilit\u00e9 \u00e0 long terme<\/td>\n<td>Processus de collage de l'or<\/td>\n<td>MTBF &gt;100 000 heures<\/td>\n<\/tr>\n<tr>\n<td>Biocompatibilit\u00e9<\/td>\n<td>Rev\u00eatement en paryl\u00e8ne<\/td>\n<td>Conforme \u00e0 la norme ISO 10993-5<\/td>\n<\/tr>\n<\/tbody>\n<\/table>\n<\/div>\n<h2>Exigences de performance pour les applications typiques<\/h2>\n<ol start=\"1\">\n<li>\n<p class=\"ds-markdown-paragraph\"><strong>Dispositifs implantables<\/strong><\/p>\n<ul>\n<li>\n<p class=\"ds-markdown-paragraph\">Dur\u00e9e de vie op\u00e9rationnelle \u226510 ans<\/p>\n<\/li>\n<li>\n<p class=\"ds-markdown-paragraph\">Courant de fuite &lt;10\u03bcA<\/p>\n<\/li>\n<\/ul>\n<\/li>\n<li>\n<p class=\"ds-markdown-paragraph\"><strong>Mat\u00e9riel d'imagerie<\/strong><\/p>\n<ul>\n<li>\n<p class=\"ds-markdown-paragraph\">Taux de transfert de donn\u00e9es \u2265 40 Gbps<\/p>\n<\/li>\n<li>\n<p class=\"ds-markdown-paragraph\">Capacit\u00e9 anti-interf\u00e9rence 100V\/m<\/p>\n<\/li>\n<\/ul>\n<\/li>\n<li>\n<p class=\"ds-markdown-paragraph\"><strong>Dispositifs d'urgence<\/strong><\/p>\n<ul>\n<li>\n<p class=\"ds-markdown-paragraph\">Temps de d\u00e9marrage &lt;0,5 secondes<\/p>\n<\/li>\n<li>\n<p class=\"ds-markdown-paragraph\">R\u00e9sistance aux vibrations 5 Grms<\/p>\n<\/li>\n<\/ul>\n<\/li>\n<\/ol>\n<h3>7 Crit\u00e8res cl\u00e9s pour la s\u00e9lection des fournisseurs<\/h3>\n<ol start=\"1\">\n<li>\n<p class=\"ds-markdown-paragraph\">Certification de la production de dispositifs m\u00e9dicaux de classe III<\/p>\n<\/li>\n<li>\n<p class=\"ds-markdown-paragraph\">Cha\u00eene d'approvisionnement en composants de qualit\u00e9 m\u00e9dicale<\/p>\n<\/li>\n<li>\n<p class=\"ds-markdown-paragraph\">Surface de la salle blanche \u22651000\u33a1<\/p>\n<\/li>\n<li>\n<p class=\"ds-markdown-paragraph\">Configuration du laboratoire d'analyse des d\u00e9faillances<\/p>\n<\/li>\n<li>\n<p class=\"ds-markdown-paragraph\">Syst\u00e8me de contr\u00f4le des modifications de produits<\/p>\n<\/li>\n<li>\n<p class=\"ds-markdown-paragraph\">Capacit\u00e9 de test de vieillissement \u00e0 long terme<\/p>\n<\/li>\n<li>\n<p class=\"ds-markdown-paragraph\">Exp\u00e9rience de la collaboration clinique<\/p>\n<\/li>\n<\/ol>\n<ul>\n<li>\n<p class=\"ds-markdown-paragraph\"><strong>Capacit\u00e9s de traitement<\/strong><br \/>\n\u2713 01005 placement des composants<br \/>\nBGA \u00e0 pas fin de 50\u03bcm<br \/>\n\u2713 Proc\u00e9d\u00e9s pour les panneaux rigides-flexibles<\/p>\n<\/li>\n<li>\n<p class=\"ds-markdown-paragraph\"><strong>Syst\u00e8mes d'inspection<\/strong><br \/>\n\u2713 100 % de couverture des tests par sonde volante<br \/>\n\u2713 Inspection 3D par rayons X<br \/>\n\u2713 Test de contamination ionique<\/p>\n<\/li>\n<li>\n<p class=\"ds-markdown-paragraph\"><strong>Proc\u00e9d\u00e9s sp\u00e9ciaux<\/strong><br \/>\n\u2713 Rev\u00eatements biocompatibles<br \/>\n\u2713 Emballage st\u00e9rile<br \/>\n\u2713 Rev\u00eatement conforme<\/p>\n<\/li>\n<\/ul>\n<h2>Recommandations de mise en \u0153uvre<\/h2>\n<ol start=\"1\">\n<li>\n<p class=\"ds-markdown-paragraph\">Effectuer une analyse AMDE pendant la phase de conception<\/p>\n<\/li>\n<li>\n<p class=\"ds-markdown-paragraph\">\u00c9tablir des mod\u00e8les de croissance de la fiabilit\u00e9<\/p>\n<\/li>\n<li>\n<p class=\"ds-markdown-paragraph\">Mettre en \u0153uvre des syst\u00e8mes de v\u00e9rification V&amp;V<\/p>\n<\/li>\n<li>\n<p class=\"ds-markdown-paragraph\">Am\u00e9liorer les processus de gestion du changement<\/p>\n<\/li>\n<\/ol>\n<p class=\"ds-markdown-paragraph\"><strong>Perspectives d'avenir<\/strong>: Avec les progr\u00e8s des interfaces cerveau-ordinateur et de la nanorobotique, les circuits imprim\u00e9s m\u00e9dicaux \u00e9volueront vers des directions innovantes telles que les r\u00e9seaux d'\u00e9lectrodes neurales et les circuits biod\u00e9gradables, exigeant une plus grande pr\u00e9cision d'assemblage. Il est conseill\u00e9 aux fabricants d'investir dans des technologies d'emballage \u00e0 l'\u00e9chelle mol\u00e9culaire et de circuits autocicatrisants.<\/p>\n<p>&nbsp;<\/p>\n<p>&nbsp;<\/p>\n<p>&nbsp;<\/p>","protected":false},"excerpt":{"rendered":"<p>Les dispositifs m\u00e9dicaux qui utilisent des PCBA doivent g\u00e9n\u00e9ralement r\u00e9pondre \u00e0 des normes r\u00e9glementaires strictes afin de garantir leur s\u00e9curit\u00e9 et leur efficacit\u00e9.<\/p>","protected":false},"featured_media":2269,"comment_status":"open","ping_status":"closed","template":"","meta":[],"product_brand":[],"product_cat":[116],"product_tag":[210,207,209],"class_list":{"0":"post-2264","1":"product","2":"type-product","3":"status-publish","4":"has-post-thumbnail","6":"product_cat-pcba","7":"product_tag-medical-pcba","8":"product_tag-pcba","9":"product_tag-pcba-for-medical","11":"first","12":"instock","13":"shipping-taxable","14":"product-type-simple"},"yoast_head":"<!-- This site is optimized with the Yoast SEO plugin v25.1 - https:\/\/yoast.com\/wordpress\/plugins\/seo\/ -->\n<title>PCBA For Medical Industry - Topfastpcb<\/title>\n<meta name=\"description\" content=\"Medical devices that use PCBA are typically required to meet strict regulatory standards to ensure their safety and effectiveness.\" \/>\n<meta name=\"robots\" content=\"index, follow, max-snippet:-1, max-image-preview:large, max-video-preview:-1\" \/>\n<link rel=\"canonical\" href=\"https:\/\/www.topfastpcb.com\/fr\/products\/pcba-for-medical-industry\/\" \/>\n<meta property=\"og:locale\" content=\"fr_FR\" \/>\n<meta property=\"og:type\" content=\"article\" \/>\n<meta property=\"og:title\" content=\"PCBA For Medical Industry - Topfastpcb\" \/>\n<meta property=\"og:description\" content=\"Medical devices that use PCBA are typically required to meet strict regulatory standards to ensure their safety and effectiveness.\" \/>\n<meta property=\"og:url\" content=\"https:\/\/www.topfastpcb.com\/fr\/products\/pcba-for-medical-industry\/\" \/>\n<meta property=\"og:site_name\" content=\"Topfastpcb\" \/>\n<meta property=\"article:modified_time\" content=\"2025-05-06T07:59:15+00:00\" \/>\n<meta property=\"og:image\" content=\"https:\/\/www.topfastpcb.com\/wp-content\/uploads\/2025\/04\/pcba13.jpg\" \/>\n\t<meta property=\"og:image:width\" content=\"750\" \/>\n\t<meta property=\"og:image:height\" content=\"750\" \/>\n\t<meta property=\"og:image:type\" content=\"image\/jpeg\" \/>\n<meta name=\"twitter:card\" content=\"summary_large_image\" \/>\n<meta name=\"twitter:label1\" content=\"Dur\u00e9e de lecture estim\u00e9e\" \/>\n\t<meta name=\"twitter:data1\" content=\"4 minutes\" \/>\n<script type=\"application\/ld+json\" class=\"yoast-schema-graph\">{\"@context\":\"https:\/\/schema.org\",\"@graph\":[{\"@type\":\"WebPage\",\"@id\":\"https:\/\/www.topfastpcb.com\/products\/pcba-for-medical-industry\/\",\"url\":\"https:\/\/www.topfastpcb.com\/products\/pcba-for-medical-industry\/\",\"name\":\"PCBA For Medical Industry - Topfastpcb\",\"isPartOf\":{\"@id\":\"https:\/\/www.topfastpcb.com\/#website\"},\"primaryImageOfPage\":{\"@id\":\"https:\/\/www.topfastpcb.com\/products\/pcba-for-medical-industry\/#primaryimage\"},\"image\":{\"@id\":\"https:\/\/www.topfastpcb.com\/products\/pcba-for-medical-industry\/#primaryimage\"},\"thumbnailUrl\":\"https:\/\/www.topfastpcb.com\/wp-content\/uploads\/2025\/04\/pcba13.jpg\",\"datePublished\":\"2025-04-26T09:55:34+00:00\",\"dateModified\":\"2025-05-06T07:59:15+00:00\",\"description\":\"Medical devices that use PCBA are typically required to meet strict regulatory standards to ensure their safety and effectiveness.\",\"breadcrumb\":{\"@id\":\"https:\/\/www.topfastpcb.com\/products\/pcba-for-medical-industry\/#breadcrumb\"},\"inLanguage\":\"fr-FR\",\"potentialAction\":[{\"@type\":\"ReadAction\",\"target\":[\"https:\/\/www.topfastpcb.com\/products\/pcba-for-medical-industry\/\"]}]},{\"@type\":\"ImageObject\",\"inLanguage\":\"fr-FR\",\"@id\":\"https:\/\/www.topfastpcb.com\/products\/pcba-for-medical-industry\/#primaryimage\",\"url\":\"https:\/\/www.topfastpcb.com\/wp-content\/uploads\/2025\/04\/pcba13.jpg\",\"contentUrl\":\"https:\/\/www.topfastpcb.com\/wp-content\/uploads\/2025\/04\/pcba13.jpg\",\"width\":750,\"height\":750},{\"@type\":\"BreadcrumbList\",\"@id\":\"https:\/\/www.topfastpcb.com\/products\/pcba-for-medical-industry\/#breadcrumb\",\"itemListElement\":[{\"@type\":\"ListItem\",\"position\":1,\"name\":\"\u9996\u9875\",\"item\":\"https:\/\/www.topfastpcb.com\/\"},{\"@type\":\"ListItem\",\"position\":2,\"name\":\"\u5546\u5e97\",\"item\":\"https:\/\/www.topfastpcb.com\/shop\/\"},{\"@type\":\"ListItem\",\"position\":3,\"name\":\"PCBA For Medical Industry\"}]},{\"@type\":\"WebSite\",\"@id\":\"https:\/\/www.topfastpcb.com\/#website\",\"url\":\"https:\/\/www.topfastpcb.com\/\",\"name\":\"Topfastpcb\",\"description\":\"Topfast Prime Choice for Global Electronics Manufacturing\",\"publisher\":{\"@id\":\"https:\/\/www.topfastpcb.com\/#organization\"},\"potentialAction\":[{\"@type\":\"SearchAction\",\"target\":{\"@type\":\"EntryPoint\",\"urlTemplate\":\"https:\/\/www.topfastpcb.com\/?s={search_term_string}\"},\"query-input\":{\"@type\":\"PropertyValueSpecification\",\"valueRequired\":true,\"valueName\":\"search_term_string\"}}],\"inLanguage\":\"fr-FR\"},{\"@type\":\"Organization\",\"@id\":\"https:\/\/www.topfastpcb.com\/#organization\",\"name\":\"Topfastpcb\",\"url\":\"https:\/\/www.topfastpcb.com\/\",\"logo\":{\"@type\":\"ImageObject\",\"inLanguage\":\"fr-FR\",\"@id\":\"https:\/\/www.topfastpcb.com\/#\/schema\/logo\/image\/\",\"url\":\"https:\/\/www.topfastpcb.com\/wp-content\/uploads\/2026\/02\/cropped-topfast-logo.png\",\"contentUrl\":\"https:\/\/www.topfastpcb.com\/wp-content\/uploads\/2026\/02\/cropped-topfast-logo.png\",\"width\":144,\"height\":56,\"caption\":\"Topfastpcb\"},\"image\":{\"@id\":\"https:\/\/www.topfastpcb.com\/#\/schema\/logo\/image\/\"}}]}<\/script>\n<!-- \/ Yoast SEO plugin. -->","yoast_head_json":{"title":"PCBA For Medical Industry - Topfastpcb","description":"Medical devices that use PCBA are typically required to meet strict regulatory standards to ensure their safety and effectiveness.","robots":{"index":"index","follow":"follow","max-snippet":"max-snippet:-1","max-image-preview":"max-image-preview:large","max-video-preview":"max-video-preview:-1"},"canonical":"https:\/\/www.topfastpcb.com\/fr\/products\/pcba-for-medical-industry\/","og_locale":"fr_FR","og_type":"article","og_title":"PCBA For Medical Industry - Topfastpcb","og_description":"Medical devices that use PCBA are typically required to meet strict regulatory standards to ensure their safety and effectiveness.","og_url":"https:\/\/www.topfastpcb.com\/fr\/products\/pcba-for-medical-industry\/","og_site_name":"Topfastpcb","article_modified_time":"2025-05-06T07:59:15+00:00","og_image":[{"width":750,"height":750,"url":"https:\/\/www.topfastpcb.com\/wp-content\/uploads\/2025\/04\/pcba13.jpg","type":"image\/jpeg"}],"twitter_card":"summary_large_image","twitter_misc":{"Dur\u00e9e de lecture estim\u00e9e":"4 minutes"},"schema":{"@context":"https:\/\/schema.org","@graph":[{"@type":"WebPage","@id":"https:\/\/www.topfastpcb.com\/products\/pcba-for-medical-industry\/","url":"https:\/\/www.topfastpcb.com\/products\/pcba-for-medical-industry\/","name":"PCBA For Medical Industry - Topfastpcb","isPartOf":{"@id":"https:\/\/www.topfastpcb.com\/#website"},"primaryImageOfPage":{"@id":"https:\/\/www.topfastpcb.com\/products\/pcba-for-medical-industry\/#primaryimage"},"image":{"@id":"https:\/\/www.topfastpcb.com\/products\/pcba-for-medical-industry\/#primaryimage"},"thumbnailUrl":"https:\/\/www.topfastpcb.com\/wp-content\/uploads\/2025\/04\/pcba13.jpg","datePublished":"2025-04-26T09:55:34+00:00","dateModified":"2025-05-06T07:59:15+00:00","description":"Medical devices that use PCBA are typically required to meet strict regulatory standards to ensure their safety and effectiveness.","breadcrumb":{"@id":"https:\/\/www.topfastpcb.com\/products\/pcba-for-medical-industry\/#breadcrumb"},"inLanguage":"fr-FR","potentialAction":[{"@type":"ReadAction","target":["https:\/\/www.topfastpcb.com\/products\/pcba-for-medical-industry\/"]}]},{"@type":"ImageObject","inLanguage":"fr-FR","@id":"https:\/\/www.topfastpcb.com\/products\/pcba-for-medical-industry\/#primaryimage","url":"https:\/\/www.topfastpcb.com\/wp-content\/uploads\/2025\/04\/pcba13.jpg","contentUrl":"https:\/\/www.topfastpcb.com\/wp-content\/uploads\/2025\/04\/pcba13.jpg","width":750,"height":750},{"@type":"BreadcrumbList","@id":"https:\/\/www.topfastpcb.com\/products\/pcba-for-medical-industry\/#breadcrumb","itemListElement":[{"@type":"ListItem","position":1,"name":"\u9996\u9875","item":"https:\/\/www.topfastpcb.com\/"},{"@type":"ListItem","position":2,"name":"\u5546\u5e97","item":"https:\/\/www.topfastpcb.com\/shop\/"},{"@type":"ListItem","position":3,"name":"PCBA For Medical Industry"}]},{"@type":"WebSite","@id":"https:\/\/www.topfastpcb.com\/#website","url":"https:\/\/www.topfastpcb.com\/","name":"Topfastpcb","description":"Topfast Prime Choice for Global Electronics Manufacturing","publisher":{"@id":"https:\/\/www.topfastpcb.com\/#organization"},"potentialAction":[{"@type":"SearchAction","target":{"@type":"EntryPoint","urlTemplate":"https:\/\/www.topfastpcb.com\/?s={search_term_string}"},"query-input":{"@type":"PropertyValueSpecification","valueRequired":true,"valueName":"search_term_string"}}],"inLanguage":"fr-FR"},{"@type":"Organization","@id":"https:\/\/www.topfastpcb.com\/#organization","name":"Topfastpcb","url":"https:\/\/www.topfastpcb.com\/","logo":{"@type":"ImageObject","inLanguage":"fr-FR","@id":"https:\/\/www.topfastpcb.com\/#\/schema\/logo\/image\/","url":"https:\/\/www.topfastpcb.com\/wp-content\/uploads\/2026\/02\/cropped-topfast-logo.png","contentUrl":"https:\/\/www.topfastpcb.com\/wp-content\/uploads\/2026\/02\/cropped-topfast-logo.png","width":144,"height":56,"caption":"Topfastpcb"},"image":{"@id":"https:\/\/www.topfastpcb.com\/#\/schema\/logo\/image\/"}}]}},"_links":{"self":[{"href":"https:\/\/www.topfastpcb.com\/fr\/wp-json\/wp\/v2\/product\/2264","targetHints":{"allow":["GET"]}}],"collection":[{"href":"https:\/\/www.topfastpcb.com\/fr\/wp-json\/wp\/v2\/product"}],"about":[{"href":"https:\/\/www.topfastpcb.com\/fr\/wp-json\/wp\/v2\/types\/product"}],"replies":[{"embeddable":true,"href":"https:\/\/www.topfastpcb.com\/fr\/wp-json\/wp\/v2\/comments?post=2264"}],"wp:featuredmedia":[{"embeddable":true,"href":"https:\/\/www.topfastpcb.com\/fr\/wp-json\/wp\/v2\/media\/2269"}],"wp:attachment":[{"href":"https:\/\/www.topfastpcb.com\/fr\/wp-json\/wp\/v2\/media?parent=2264"}],"wp:term":[{"taxonomy":"product_brand","embeddable":true,"href":"https:\/\/www.topfastpcb.com\/fr\/wp-json\/wp\/v2\/product_brand?post=2264"},{"taxonomy":"product_cat","embeddable":true,"href":"https:\/\/www.topfastpcb.com\/fr\/wp-json\/wp\/v2\/product_cat?post=2264"},{"taxonomy":"product_tag","embeddable":true,"href":"https:\/\/www.topfastpcb.com\/fr\/wp-json\/wp\/v2\/product_tag?post=2264"}],"curies":[{"name":"wp","href":"https:\/\/api.w.org\/{rel}","templated":true}]}}