{"id":2798,"date":"2025-05-24T15:54:13","date_gmt":"2025-05-24T07:54:13","guid":{"rendered":"https:\/\/www.topfastpcb.com\/?post_type=product&#038;p=2798"},"modified":"2025-05-24T15:56:13","modified_gmt":"2025-05-24T07:56:13","slug":"communication-pcb-assembly","status":"publish","type":"product","link":"https:\/\/www.topfastpcb.com\/fr\/products\/communication-pcb-assembly\/","title":{"rendered":"Assemblage du circuit imprim\u00e9 de communication"},"content":{"rendered":"<div id=\"ez-toc-container\" class=\"ez-toc-v2_0_74 counter-hierarchy ez-toc-counter ez-toc-custom ez-toc-container-direction\">\n<div class=\"ez-toc-title-container\">\n<p class=\"ez-toc-title\" style=\"cursor:inherit\">Table des mati\u00e8res<\/p>\n<span class=\"ez-toc-title-toggle\"><\/span><\/div>\n<nav><ul class='ez-toc-list ez-toc-list-level-1' ><li class='ez-toc-page-1 ez-toc-heading-level-2'><a class=\"ez-toc-link ez-toc-heading-1\" href=\"https:\/\/www.topfastpcb.com\/fr\/products\/communication-pcb-assembly\/#Overview_of_Communication_PCB_Assembly_Products\" >Aper\u00e7u des produits d'assemblage de circuits imprim\u00e9s de communication<\/a><\/li><li class='ez-toc-page-1 ez-toc-heading-level-2'><a class=\"ez-toc-link ez-toc-heading-2\" href=\"https:\/\/www.topfastpcb.com\/fr\/products\/communication-pcb-assembly\/#Core_Advantages_of_Our_Communication_PCB_Assembly\" >Principaux avantages de notre assemblage de circuits imprim\u00e9s de communication<\/a><ul class='ez-toc-list-level-3' ><li class='ez-toc-heading-level-3'><a class=\"ez-toc-link ez-toc-heading-3\" href=\"https:\/\/www.topfastpcb.com\/fr\/products\/communication-pcb-assembly\/#Professional_Technical_Team_Advanced_Manufacturing_Capabilities\" >\u00c9quipe technique professionnelle et capacit\u00e9s de fabrication avanc\u00e9es<\/a><\/li><li class='ez-toc-page-1 ez-toc-heading-level-3'><a class=\"ez-toc-link ez-toc-heading-4\" href=\"https:\/\/www.topfastpcb.com\/fr\/products\/communication-pcb-assembly\/#Comprehensive_One-Stop_Service\" >Service complet de guichet unique<\/a><\/li><\/ul><\/li><li class='ez-toc-page-1 ez-toc-heading-level-2'><a class=\"ez-toc-link ez-toc-heading-5\" href=\"https:\/\/www.topfastpcb.com\/fr\/products\/communication-pcb-assembly\/#Key_Technical_Features_of_Communication_PCB_Assembly\" >Principales caract\u00e9ristiques techniques de l'assemblage de circuits imprim\u00e9s de communication<\/a><ul class='ez-toc-list-level-3' ><li class='ez-toc-heading-level-3'><a class=\"ez-toc-link ez-toc-heading-6\" href=\"https:\/\/www.topfastpcb.com\/fr\/products\/communication-pcb-assembly\/#Superior_High-Frequency_Performance\" >Performance sup\u00e9rieure en haute fr\u00e9quence<\/a><\/li><li class='ez-toc-page-1 ez-toc-heading-level-3'><a class=\"ez-toc-link ez-toc-heading-7\" href=\"https:\/\/www.topfastpcb.com\/fr\/products\/communication-pcb-assembly\/#Reliable_Signal_Integrity\" >Int\u00e9grit\u00e9 du signal fiable<\/a><\/li><li class='ez-toc-page-1 ez-toc-heading-level-3'><a class=\"ez-toc-link ez-toc-heading-8\" href=\"https:\/\/www.topfastpcb.com\/fr\/products\/communication-pcb-assembly\/#Robust_Thermal_Management\" >Gestion thermique robuste<\/a><\/li><li class='ez-toc-page-1 ez-toc-heading-level-3'><a class=\"ez-toc-link ez-toc-heading-9\" href=\"https:\/\/www.topfastpcb.com\/fr\/products\/communication-pcb-assembly\/#Applications_of_Communication_PCB_Assembly\" >Applications de l'assemblage de circuits imprim\u00e9s de communication<\/a><\/li><\/ul><\/li><li class='ez-toc-page-1 ez-toc-heading-level-2'><a class=\"ez-toc-link ez-toc-heading-10\" href=\"https:\/\/www.topfastpcb.com\/fr\/products\/communication-pcb-assembly\/#Custom_Communication_PCB_Assembly_Services\" >Services d'assemblage de circuits imprim\u00e9s de communication sur mesure<\/a><\/li><li class='ez-toc-page-1 ez-toc-heading-level-2'><a class=\"ez-toc-link ez-toc-heading-11\" href=\"https:\/\/www.topfastpcb.com\/fr\/products\/communication-pcb-assembly\/#Quality_Assurance_After-Sales_Support\" >Assurance qualit\u00e9 &amp;amp ; Support apr\u00e8s-vente<\/a><\/li><li class='ez-toc-page-1 ez-toc-heading-level-2'><a class=\"ez-toc-link ez-toc-heading-12\" href=\"https:\/\/www.topfastpcb.com\/fr\/products\/communication-pcb-assembly\/#Why_Choose_Our_Communication_PCB_Assembly_Solutions\" >Pourquoi choisir nos solutions d'assemblage de circuits imprim\u00e9s de communication ?<\/a><\/li><\/ul><\/nav><\/div>\n\n<p>En tant que principal fournisseur de solutions compl\u00e8tes pour l'assemblage de circuits imprim\u00e9s de communication, nous nous sp\u00e9cialisons dans les services de fabrication complets, de la conception \u00e0 la production. Nos produits d'assemblage de circuits imprim\u00e9s de communication sont largement utilis\u00e9s dans les \u00e9quipements de communication 4G\/5G, les commutateurs de r\u00e9seau, les routeurs et divers modules de communication intelligents, en tant que composants essentiels de l'infrastructure de t\u00e9l\u00e9communications moderne.<\/p>\n<h2><span class=\"ez-toc-section\" id=\"Overview_of_Communication_PCB_Assembly_Products\"><\/span>Aper\u00e7u des produits d'assemblage de circuits imprim\u00e9s de communication<span class=\"ez-toc-section-end\"><\/span><\/h2>\n<p>Nos assemblages de circuits imprim\u00e9s de communication \u00e0 16 couches sont fabriqu\u00e9s \u00e0 l'aide de mat\u00e9riaux FR-4 de haute qualit\u00e9 et de processus avanc\u00e9s, offrant d'excellentes performances en mati\u00e8re de haute fr\u00e9quence et d'int\u00e9grit\u00e9 des signaux pour r\u00e9pondre aux exigences rigoureuses des applications haut de gamme telles que les modules AI Android.Chaque produit est soumis \u00e0 des tests \u00e9lectroniques \u00e0 100 % afin de garantir les normes de fiabilit\u00e9 les plus \u00e9lev\u00e9es avant la livraison.<\/p>\n<h2><span class=\"ez-toc-section\" id=\"Core_Advantages_of_Our_Communication_PCB_Assembly\"><\/span>Principaux avantages de notre communication <a href=\"https:\/\/www.topfastpcb.com\/fr\/products\/category\/pcba\/\">Assemblage du circuit imprim\u00e9<\/a><span class=\"ez-toc-section-end\"><\/span><\/h2>\n<h3><span class=\"ez-toc-section\" id=\"Professional_Technical_Team_Advanced_Manufacturing_Capabilities\"><\/span>\u00c9quipe technique professionnelle et capacit\u00e9s de fabrication avanc\u00e9es<span class=\"ez-toc-section-end\"><\/span><\/h3>\n<p>Nous disposons d'une \u00e9quipe exp\u00e9riment\u00e9e d'ing\u00e9nieurs concepteurs de circuits imprim\u00e9s de communication et de lignes de production modernes capables de r\u00e9pondre \u00e0 divers besoins en mati\u00e8re d'assemblage de circuits imprim\u00e9s de communication, qu'il s'agisse de simples cartes monocouches ou de conceptions multicouches complexes. Nos atouts techniques sont les suivants<\/p>\n<p><strong>Expertise en mati\u00e8re de conception \u00e0 haute fr\u00e9quence :<\/strong> Ma\u00eetrise de la conception de circuits en bande hyperfr\u00e9quence (700 MHz-5 GHz) pour une performance optimale des appareils 5G.<br \/>\n<strong>Usinage de pr\u00e9cision :<\/strong> Ouverture minimale de **0,2 mm**, largeur\/espacement des traces de **4-6 mil**, supportant les interconnexions \u00e0 haute densit\u00e9.<br \/>\n<strong>Plusieurs finitions de surface :<\/strong> Les options comprennent **HASL (sans plomb), ENIG (Immersion Gold), OSP et Immersion Silver**.<br \/>\n<strong>Contr\u00f4le strict de la qualit\u00e9 :<\/strong> Contr\u00f4le de la qualit\u00e9 de l'ensemble du processus, des mati\u00e8res premi\u00e8res aux produits finis.<\/p>\n<h3><span class=\"ez-toc-section\" id=\"Comprehensive_One-Stop_Service\"><\/span>Service complet de guichet unique<span class=\"ez-toc-section-end\"><\/span><\/h3>\n<p>Nous fournissons un v\u00e9ritable <a href=\"https:\/\/www.topfastpcb.com\/fr\/\">une solution unique<\/a> pour l'assemblage de circuits imprim\u00e9s de communication, couvrant<\/p>\n<p>1. Aide \u00e0 la conception : Conception de sch\u00e9mas, mise en page de circuits imprim\u00e9s et analyse de l'int\u00e9grit\u00e9 des signaux en fonction des besoins du client.<br \/>\n2.Fabrication flexible :Du prototypage rapide \u00e0 la production \u00e0 grande \u00e9chelle.<br \/>\n3.Choix du mat\u00e9riau :Du FR-4 standard aux mat\u00e9riaux haute fr\u00e9quence tels que Rogers et Taconic.<br \/>\n4.Services d'assemblage complets :SMT, THT et essais de syst\u00e8mes complets.<br \/>\n5.Logistique mondiale :Emballage s\u00e9curis\u00e9 et exp\u00e9dition dans le monde entier pour une livraison dans les d\u00e9lais.<\/p>\n<h2><img loading=\"lazy\" decoding=\"async\" src=\"https:\/\/www.topfastpcb.com\/wp-content\/uploads\/2025\/05\/Communication-PCB-Assembly.jpg\" alt=\"Assemblage du circuit imprim\u00e9 de communication\" width=\"600\" height=\"402\" class=\"aligncenter size-full wp-image-2799\" srcset=\"https:\/\/www.topfastpcb.com\/wp-content\/uploads\/2025\/05\/Communication-PCB-Assembly.jpg 600w, https:\/\/www.topfastpcb.com\/wp-content\/uploads\/2025\/05\/Communication-PCB-Assembly-300x201.jpg 300w, https:\/\/www.topfastpcb.com\/wp-content\/uploads\/2025\/05\/Communication-PCB-Assembly-18x12.jpg 18w\" sizes=\"auto, (max-width: 600px) 100vw, 600px\" \/><\/h2>\n<h2><span class=\"ez-toc-section\" id=\"Key_Technical_Features_of_Communication_PCB_Assembly\"><\/span>Principales caract\u00e9ristiques techniques de l'assemblage de circuits imprim\u00e9s de communication<span class=\"ez-toc-section-end\"><\/span><\/h2>\n<h3><span class=\"ez-toc-section\" id=\"Superior_High-Frequency_Performance\"><\/span>Performance sup\u00e9rieure en haute fr\u00e9quence<span class=\"ez-toc-section-end\"><\/span><\/h3>\n<p>Nos produits utilisent des conceptions et des mat\u00e9riaux sp\u00e9cialis\u00e9s pour garantir des caract\u00e9ristiques exceptionnelles \u00e0 haute fr\u00e9quence :<br \/>\nStratifi\u00e9s \u00e0 faible perte (par exemple, s\u00e9rie RO4000 de Rogers).<br \/>\nContr\u00f4le pr\u00e9cis de l'imp\u00e9dance (tol\u00e9rance de \u00b15%).<br \/>\nConception optimis\u00e9e de l'empilage pour minimiser la diaphonie.<br \/>\nBlindage EMI avanc\u00e9 pour r\u00e9duire les interf\u00e9rences RF.<\/p>\n<h3><span class=\"ez-toc-section\" id=\"Reliable_Signal_Integrity\"><\/span>Int\u00e9grit\u00e9 du signal fiable<span class=\"ez-toc-section-end\"><\/span><\/h3>\n<p>Pour les applications de communication \u00e0 grande vitesse, nous mettons l'accent sur :<br \/>\nCorrespondance stricte de la longueur de la trace (\u00b150ps skew).<br \/>\nConception optimis\u00e9e du PDN (Power Delivery Network).<br \/>\nTechniques de routage par paires diff\u00e9rentielles.<br \/>\nStrat\u00e9gies globales pour les plans de masse.<\/p>\n<h3><span class=\"ez-toc-section\" id=\"Robust_Thermal_Management\"><\/span>Gestion thermique robuste<span class=\"ez-toc-section-end\"><\/span><\/h3>\n<p>Pour les dispositifs de communication \u00e0 haute puissance, nos solutions d'assemblage de circuits imprim\u00e9s offrent :<br \/>\nMat\u00e9riaux \u00e0 haute conductivit\u00e9 thermique.<br \/>\nPlacement optimis\u00e9 des composants pour la dissipation de la chaleur.<br \/>\nLes r\u00e9seaux thermiques.<br \/>\nComposants r\u00e9sistants aux hautes temp\u00e9ratures.<\/p>\n<h3><span class=\"ez-toc-section\" id=\"Applications_of_Communication_PCB_Assembly\"><\/span>Applications de l'assemblage de circuits imprim\u00e9s de communication<span class=\"ez-toc-section-end\"><\/span><\/h3>\n<p>Nos produits sont largement utilis\u00e9s dans divers dispositifs de communication :<\/p>\n<p>1. Syst\u00e8mes de communication sans fil : Stations de base 5G, petites cellules, \u00e9quipement de transmission par micro-ondes.<br \/>\n2.Infrastructure du r\u00e9seau :Routeurs centraux, commutateurs de p\u00e9riph\u00e9rie, dispositifs ONU\/OLT.<br \/>\n3.Dispositifs terminaux :Smartphones, CPE, modules de communication IoT.<br \/>\n4.\u00c9quipement de communication sp\u00e9cialis\u00e9 :Radios militaires, communications a\u00e9riennes, syst\u00e8mes maritimes.<\/p>\n<h2><span class=\"ez-toc-section\" id=\"Custom_Communication_PCB_Assembly_Services\"><\/span>Services d'assemblage de circuits imprim\u00e9s de communication sur mesure<span class=\"ez-toc-section-end\"><\/span><\/h2>\n<p>Nous comprenons les besoins uniques des diff\u00e9rentes applications de communication et offrons une personnalisation compl\u00e8te :<\/p>\n<p>S\u00e9lection des mat\u00e9riaux : Recommander le meilleur substrat en fonction de la fr\u00e9quence et des conditions environnementales.<br \/>\nPersonnalisation des couches :Options flexibles allant d'une seule couche \u00e0 plus de 20 couches**.<br \/>\nProc\u00e9d\u00e9s sp\u00e9ciaux :Cartes hybrides, cuivre lourd, circuits imprim\u00e9s rigides et flexibles.<br \/>\nAide \u00e0 la certification :Assistance pour les certifications **CE, FCC et autres certifications industrielles**.<\/p>\n<h2><span class=\"ez-toc-section\" id=\"Quality_Assurance_After-Sales_Support\"><\/span>Assurance qualit\u00e9 &amp;amp ; Support apr\u00e8s-vente<span class=\"ez-toc-section-end\"><\/span><\/h2>\n<p>Nous garantissons des assemblages de circuits imprim\u00e9s de communication de la plus haute qualit\u00e9 :<\/p>\n<p>Couverture \u00e0 100 % des essais \u00e9lectriques.<br \/>\nConformit\u00e9 aux normes IPC-A-600 Classe 3.<br \/>\nEssais de fiabilit\u00e9 complets (cycles thermiques, essais de vibration).<br \/>\nSupport technique d\u00e9di\u00e9 \u00e0 la consultation en mati\u00e8re de conception et \u00e0 l'analyse des d\u00e9faillances.<br \/>\nR\u00e9ponse rapide aux besoins des clients gr\u00e2ce \u00e0 l'am\u00e9lioration continue des processus.<\/p>\n<h2><span class=\"ez-toc-section\" id=\"Why_Choose_Our_Communication_PCB_Assembly_Solutions\"><\/span>Pourquoi choisir nos solutions d'assemblage de circuits imprim\u00e9s de communication ?<span class=\"ez-toc-section-end\"><\/span><\/h2>\n<p>En tant que fournisseur professionnel d'assemblage de circuits imprim\u00e9s de communication, nos principaux atouts sont les suivants :<\/p>\n<p>1. Exp\u00e9rience dans l'industrie : Plus de 10 ans de sp\u00e9cialisation dans les circuits imprim\u00e9s de communication.<br \/>\n2.Leadership technique :Recherche et d\u00e9veloppement continus dans le domaine des circuits imprim\u00e9s \u00e0 haute fr\u00e9quence et \u00e0 grande vitesse.<br \/>\n3.Mod\u00e8le de service flexible :Transition en douceur des prototypes \u00e0 la production de masse.<br \/>\n4.Prix comp\u00e9titifs :Optimisation de la cha\u00eene d'approvisionnement pour une meilleure rentabilit\u00e9.<br \/>\n5.Livraison fiable : taux de livraison \u00e0 temps de plus de 95 %.<\/p>\n<p>Que vous d\u00e9veloppiez des appareils 5G de nouvelle g\u00e9n\u00e9ration ou que vous mettiez \u00e0 niveau des produits de communication existants, nos solutions d'assemblage de circuits imprim\u00e9s de communication vous apportent un soutien expert.Contactez-nous pour plus de d\u00e9tails sur les produits et une consultation technique.<\/p>\n<p>&nbsp;<\/p>","protected":false},"excerpt":{"rendered":"<p>Fournisseur professionnel de services complets d'assemblage de circuits imprim\u00e9s de communication, sp\u00e9cialis\u00e9 dans les circuits imprim\u00e9s haute fr\u00e9quence et haute performance 4G\/5G. Cartes de circuits imprim\u00e9s FR-4 \u00e0 6 couches, trous de 0,2 mm au minimum, finitions ENIG\/Immersion Silver et tests \u00e9lectroniques \u00e0 100 %. Solutions personnalis\u00e9es, livraison rapide - votre partenaire de confiance pour les circuits imprim\u00e9s de communication.<\/p>","protected":false},"featured_media":2800,"comment_status":"closed","ping_status":"closed","template":"","meta":[],"product_brand":[],"product_cat":[116],"product_tag":[255,231],"class_list":{"0":"post-2798","1":"product","2":"type-product","3":"status-publish","4":"has-post-thumbnail","6":"product_cat-pcba","7":"product_tag-communication-pcb-assembly","8":"product_tag-pcb-assembly","10":"first","11":"instock","12":"shipping-taxable","13":"product-type-simple"},"yoast_head":"<!-- This site is optimized with the Yoast SEO plugin v25.1 - https:\/\/yoast.com\/wordpress\/plugins\/seo\/ -->\n<title>Communication PCB Assembly - Topfastpcb<\/title>\n<meta name=\"description\" content=\"Professional communication PCB assembly one-stop service provider specializing in high-frequency, high-performance 4G\/5G circuit boards. Features 6-layer FR-4 PCBs, 0.2mm min. hole size, ENIG\/Immersion Silver finishes, and 100% electronic testing. Custom solutions, fast delivery\u2014your trusted communication PCB partner.\" \/>\n<meta name=\"robots\" content=\"index, follow, max-snippet:-1, max-image-preview:large, max-video-preview:-1\" \/>\n<link rel=\"canonical\" href=\"https:\/\/www.topfastpcb.com\/fr\/products\/communication-pcb-assembly\/\" \/>\n<meta property=\"og:locale\" content=\"fr_FR\" \/>\n<meta property=\"og:type\" content=\"article\" \/>\n<meta property=\"og:title\" content=\"Communication PCB Assembly - Topfastpcb\" \/>\n<meta property=\"og:description\" content=\"Professional communication PCB assembly one-stop service provider specializing in high-frequency, high-performance 4G\/5G circuit boards. Features 6-layer FR-4 PCBs, 0.2mm min. hole size, ENIG\/Immersion Silver finishes, and 100% electronic testing. Custom solutions, fast delivery\u2014your trusted communication PCB partner.\" \/>\n<meta property=\"og:url\" content=\"https:\/\/www.topfastpcb.com\/fr\/products\/communication-pcb-assembly\/\" \/>\n<meta property=\"og:site_name\" content=\"Topfastpcb\" \/>\n<meta property=\"article:modified_time\" content=\"2025-05-24T07:56:13+00:00\" \/>\n<meta property=\"og:image\" content=\"https:\/\/www.topfastpcb.com\/wp-content\/uploads\/2025\/05\/pcba-3.jpg\" \/>\n\t<meta property=\"og:image:width\" content=\"750\" \/>\n\t<meta property=\"og:image:height\" content=\"750\" \/>\n\t<meta property=\"og:image:type\" content=\"image\/jpeg\" \/>\n<meta name=\"twitter:card\" content=\"summary_large_image\" \/>\n<meta name=\"twitter:label1\" content=\"Dur\u00e9e de lecture estim\u00e9e\" \/>\n\t<meta name=\"twitter:data1\" content=\"4 minutes\" \/>\n<script type=\"application\/ld+json\" class=\"yoast-schema-graph\">{\"@context\":\"https:\/\/schema.org\",\"@graph\":[{\"@type\":\"WebPage\",\"@id\":\"https:\/\/www.topfastpcb.com\/products\/communication-pcb-assembly\/\",\"url\":\"https:\/\/www.topfastpcb.com\/products\/communication-pcb-assembly\/\",\"name\":\"Communication PCB Assembly - Topfastpcb\",\"isPartOf\":{\"@id\":\"https:\/\/www.topfastpcb.com\/#website\"},\"primaryImageOfPage\":{\"@id\":\"https:\/\/www.topfastpcb.com\/products\/communication-pcb-assembly\/#primaryimage\"},\"image\":{\"@id\":\"https:\/\/www.topfastpcb.com\/products\/communication-pcb-assembly\/#primaryimage\"},\"thumbnailUrl\":\"https:\/\/www.topfastpcb.com\/wp-content\/uploads\/2025\/05\/pcba-3.jpg\",\"datePublished\":\"2025-05-24T07:54:13+00:00\",\"dateModified\":\"2025-05-24T07:56:13+00:00\",\"description\":\"Professional communication PCB assembly one-stop service provider specializing in high-frequency, high-performance 4G\/5G circuit boards. Features 6-layer FR-4 PCBs, 0.2mm min. hole size, ENIG\/Immersion Silver finishes, and 100% electronic testing. Custom solutions, fast delivery\u2014your trusted communication PCB partner.\",\"breadcrumb\":{\"@id\":\"https:\/\/www.topfastpcb.com\/products\/communication-pcb-assembly\/#breadcrumb\"},\"inLanguage\":\"fr-FR\",\"potentialAction\":[{\"@type\":\"ReadAction\",\"target\":[\"https:\/\/www.topfastpcb.com\/products\/communication-pcb-assembly\/\"]}]},{\"@type\":\"ImageObject\",\"inLanguage\":\"fr-FR\",\"@id\":\"https:\/\/www.topfastpcb.com\/products\/communication-pcb-assembly\/#primaryimage\",\"url\":\"https:\/\/www.topfastpcb.com\/wp-content\/uploads\/2025\/05\/pcba-3.jpg\",\"contentUrl\":\"https:\/\/www.topfastpcb.com\/wp-content\/uploads\/2025\/05\/pcba-3.jpg\",\"width\":750,\"height\":750},{\"@type\":\"BreadcrumbList\",\"@id\":\"https:\/\/www.topfastpcb.com\/products\/communication-pcb-assembly\/#breadcrumb\",\"itemListElement\":[{\"@type\":\"ListItem\",\"position\":1,\"name\":\"\u9996\u9875\",\"item\":\"https:\/\/www.topfastpcb.com\/\"},{\"@type\":\"ListItem\",\"position\":2,\"name\":\"\u5546\u5e97\",\"item\":\"https:\/\/www.topfastpcb.com\/shop\/\"},{\"@type\":\"ListItem\",\"position\":3,\"name\":\"Communication PCB Assembly\"}]},{\"@type\":\"WebSite\",\"@id\":\"https:\/\/www.topfastpcb.com\/#website\",\"url\":\"https:\/\/www.topfastpcb.com\/\",\"name\":\"Topfastpcb\",\"description\":\"Topfast Prime Choice for Global Electronics Manufacturing\",\"publisher\":{\"@id\":\"https:\/\/www.topfastpcb.com\/#organization\"},\"potentialAction\":[{\"@type\":\"SearchAction\",\"target\":{\"@type\":\"EntryPoint\",\"urlTemplate\":\"https:\/\/www.topfastpcb.com\/?s={search_term_string}\"},\"query-input\":{\"@type\":\"PropertyValueSpecification\",\"valueRequired\":true,\"valueName\":\"search_term_string\"}}],\"inLanguage\":\"fr-FR\"},{\"@type\":\"Organization\",\"@id\":\"https:\/\/www.topfastpcb.com\/#organization\",\"name\":\"Topfastpcb\",\"url\":\"https:\/\/www.topfastpcb.com\/\",\"logo\":{\"@type\":\"ImageObject\",\"inLanguage\":\"fr-FR\",\"@id\":\"https:\/\/www.topfastpcb.com\/#\/schema\/logo\/image\/\",\"url\":\"https:\/\/www.topfastpcb.com\/wp-content\/uploads\/2026\/02\/cropped-topfast-logo.png\",\"contentUrl\":\"https:\/\/www.topfastpcb.com\/wp-content\/uploads\/2026\/02\/cropped-topfast-logo.png\",\"width\":144,\"height\":56,\"caption\":\"Topfastpcb\"},\"image\":{\"@id\":\"https:\/\/www.topfastpcb.com\/#\/schema\/logo\/image\/\"}}]}<\/script>\n<!-- \/ Yoast SEO plugin. -->","yoast_head_json":{"title":"Communication PCB Assembly - Topfastpcb","description":"Professional communication PCB assembly one-stop service provider specializing in high-frequency, high-performance 4G\/5G circuit boards. Features 6-layer FR-4 PCBs, 0.2mm min. hole size, ENIG\/Immersion Silver finishes, and 100% electronic testing. Custom solutions, fast delivery\u2014your trusted communication PCB partner.","robots":{"index":"index","follow":"follow","max-snippet":"max-snippet:-1","max-image-preview":"max-image-preview:large","max-video-preview":"max-video-preview:-1"},"canonical":"https:\/\/www.topfastpcb.com\/fr\/products\/communication-pcb-assembly\/","og_locale":"fr_FR","og_type":"article","og_title":"Communication PCB Assembly - Topfastpcb","og_description":"Professional communication PCB assembly one-stop service provider specializing in high-frequency, high-performance 4G\/5G circuit boards. Features 6-layer FR-4 PCBs, 0.2mm min. hole size, ENIG\/Immersion Silver finishes, and 100% electronic testing. Custom solutions, fast delivery\u2014your trusted communication PCB partner.","og_url":"https:\/\/www.topfastpcb.com\/fr\/products\/communication-pcb-assembly\/","og_site_name":"Topfastpcb","article_modified_time":"2025-05-24T07:56:13+00:00","og_image":[{"width":750,"height":750,"url":"https:\/\/www.topfastpcb.com\/wp-content\/uploads\/2025\/05\/pcba-3.jpg","type":"image\/jpeg"}],"twitter_card":"summary_large_image","twitter_misc":{"Dur\u00e9e de lecture estim\u00e9e":"4 minutes"},"schema":{"@context":"https:\/\/schema.org","@graph":[{"@type":"WebPage","@id":"https:\/\/www.topfastpcb.com\/products\/communication-pcb-assembly\/","url":"https:\/\/www.topfastpcb.com\/products\/communication-pcb-assembly\/","name":"Communication PCB Assembly - Topfastpcb","isPartOf":{"@id":"https:\/\/www.topfastpcb.com\/#website"},"primaryImageOfPage":{"@id":"https:\/\/www.topfastpcb.com\/products\/communication-pcb-assembly\/#primaryimage"},"image":{"@id":"https:\/\/www.topfastpcb.com\/products\/communication-pcb-assembly\/#primaryimage"},"thumbnailUrl":"https:\/\/www.topfastpcb.com\/wp-content\/uploads\/2025\/05\/pcba-3.jpg","datePublished":"2025-05-24T07:54:13+00:00","dateModified":"2025-05-24T07:56:13+00:00","description":"Professional communication PCB assembly one-stop service provider specializing in high-frequency, high-performance 4G\/5G circuit boards. Features 6-layer FR-4 PCBs, 0.2mm min. hole size, ENIG\/Immersion Silver finishes, and 100% electronic testing. Custom solutions, fast delivery\u2014your trusted communication PCB partner.","breadcrumb":{"@id":"https:\/\/www.topfastpcb.com\/products\/communication-pcb-assembly\/#breadcrumb"},"inLanguage":"fr-FR","potentialAction":[{"@type":"ReadAction","target":["https:\/\/www.topfastpcb.com\/products\/communication-pcb-assembly\/"]}]},{"@type":"ImageObject","inLanguage":"fr-FR","@id":"https:\/\/www.topfastpcb.com\/products\/communication-pcb-assembly\/#primaryimage","url":"https:\/\/www.topfastpcb.com\/wp-content\/uploads\/2025\/05\/pcba-3.jpg","contentUrl":"https:\/\/www.topfastpcb.com\/wp-content\/uploads\/2025\/05\/pcba-3.jpg","width":750,"height":750},{"@type":"BreadcrumbList","@id":"https:\/\/www.topfastpcb.com\/products\/communication-pcb-assembly\/#breadcrumb","itemListElement":[{"@type":"ListItem","position":1,"name":"\u9996\u9875","item":"https:\/\/www.topfastpcb.com\/"},{"@type":"ListItem","position":2,"name":"\u5546\u5e97","item":"https:\/\/www.topfastpcb.com\/shop\/"},{"@type":"ListItem","position":3,"name":"Communication PCB Assembly"}]},{"@type":"WebSite","@id":"https:\/\/www.topfastpcb.com\/#website","url":"https:\/\/www.topfastpcb.com\/","name":"Topfastpcb","description":"Topfast Prime Choice for Global Electronics Manufacturing","publisher":{"@id":"https:\/\/www.topfastpcb.com\/#organization"},"potentialAction":[{"@type":"SearchAction","target":{"@type":"EntryPoint","urlTemplate":"https:\/\/www.topfastpcb.com\/?s={search_term_string}"},"query-input":{"@type":"PropertyValueSpecification","valueRequired":true,"valueName":"search_term_string"}}],"inLanguage":"fr-FR"},{"@type":"Organization","@id":"https:\/\/www.topfastpcb.com\/#organization","name":"Topfastpcb","url":"https:\/\/www.topfastpcb.com\/","logo":{"@type":"ImageObject","inLanguage":"fr-FR","@id":"https:\/\/www.topfastpcb.com\/#\/schema\/logo\/image\/","url":"https:\/\/www.topfastpcb.com\/wp-content\/uploads\/2026\/02\/cropped-topfast-logo.png","contentUrl":"https:\/\/www.topfastpcb.com\/wp-content\/uploads\/2026\/02\/cropped-topfast-logo.png","width":144,"height":56,"caption":"Topfastpcb"},"image":{"@id":"https:\/\/www.topfastpcb.com\/#\/schema\/logo\/image\/"}}]}},"_links":{"self":[{"href":"https:\/\/www.topfastpcb.com\/fr\/wp-json\/wp\/v2\/product\/2798","targetHints":{"allow":["GET"]}}],"collection":[{"href":"https:\/\/www.topfastpcb.com\/fr\/wp-json\/wp\/v2\/product"}],"about":[{"href":"https:\/\/www.topfastpcb.com\/fr\/wp-json\/wp\/v2\/types\/product"}],"replies":[{"embeddable":true,"href":"https:\/\/www.topfastpcb.com\/fr\/wp-json\/wp\/v2\/comments?post=2798"}],"wp:featuredmedia":[{"embeddable":true,"href":"https:\/\/www.topfastpcb.com\/fr\/wp-json\/wp\/v2\/media\/2800"}],"wp:attachment":[{"href":"https:\/\/www.topfastpcb.com\/fr\/wp-json\/wp\/v2\/media?parent=2798"}],"wp:term":[{"taxonomy":"product_brand","embeddable":true,"href":"https:\/\/www.topfastpcb.com\/fr\/wp-json\/wp\/v2\/product_brand?post=2798"},{"taxonomy":"product_cat","embeddable":true,"href":"https:\/\/www.topfastpcb.com\/fr\/wp-json\/wp\/v2\/product_cat?post=2798"},{"taxonomy":"product_tag","embeddable":true,"href":"https:\/\/www.topfastpcb.com\/fr\/wp-json\/wp\/v2\/product_tag?post=2798"}],"curies":[{"name":"wp","href":"https:\/\/api.w.org\/{rel}","templated":true}]}}