{"id":2981,"date":"2025-05-30T10:38:29","date_gmt":"2025-05-30T02:38:29","guid":{"rendered":"https:\/\/www.topfastpcb.com\/?post_type=product&#038;p=2981"},"modified":"2025-05-30T10:38:29","modified_gmt":"2025-05-30T02:38:29","slug":"automotive-pcb-assembly","status":"publish","type":"product","link":"https:\/\/www.topfastpcb.com\/fr\/products\/automotive-pcb-assembly\/","title":{"rendered":"Assemblage de circuits imprim\u00e9s pour l'automobile"},"content":{"rendered":"<p>Avec 17 ans d'expertise approfondie dans l'industrie des circuits imprim\u00e9s, <a href=\"https:\/\/www.topfastpcb.com\/fr\/\">Topfast<\/a> comprend les d\u00e9fis uniques de la fabrication de circuits imprim\u00e9s pour l'\u00e9lectronique automobile. Des calculateurs de moteur aux syst\u00e8mes de conduite autonome, nous fournissons des solutions de circuits hautement fiables aux marques automobiles mondiales, garantissant ainsi que vos conceptions d'\u00e9lectronique automobile se d\u00e9roulent sans souci.<\/p>\n<div id=\"ez-toc-container\" class=\"ez-toc-v2_0_74 counter-hierarchy ez-toc-counter ez-toc-custom ez-toc-container-direction\">\n<div class=\"ez-toc-title-container\">\n<p class=\"ez-toc-title\" style=\"cursor:inherit\">Table des mati\u00e8res<\/p>\n<span class=\"ez-toc-title-toggle\"><\/span><\/div>\n<nav><ul class='ez-toc-list ez-toc-list-level-1' ><li class='ez-toc-page-1 ez-toc-heading-level-2'><a class=\"ez-toc-link ez-toc-heading-1\" href=\"https:\/\/www.topfastpcb.com\/fr\/products\/automotive-pcb-assembly\/#Why_Do_Global_Automakers_Choose_Topfast\" >Pourquoi les constructeurs automobiles mondiaux choisissent-ils Topfast ?<\/a><\/li><li class='ez-toc-page-1 ez-toc-heading-level-2'><a class=\"ez-toc-link ez-toc-heading-2\" href=\"https:\/\/www.topfastpcb.com\/fr\/products\/automotive-pcb-assembly\/#Our_Automotive_Electronics_Manufacturing_Advantages\" >Nos avantages en mati\u00e8re de fabrication d'\u00e9lectronique automobile<\/a><ul class='ez-toc-list-level-3' ><li class='ez-toc-heading-level-3'><a class=\"ez-toc-link ez-toc-heading-3\" href=\"https:\/\/www.topfastpcb.com\/fr\/products\/automotive-pcb-assembly\/#1_Production_Lines_Specifically_Designed_for_Automotive_Electronics\" >1. Lignes de production sp\u00e9cialement con\u00e7ues pour l'\u00e9lectronique automobile<\/a><\/li><li class='ez-toc-page-1 ez-toc-heading-level-3'><a class=\"ez-toc-link ez-toc-heading-4\" href=\"https:\/\/www.topfastpcb.com\/fr\/products\/automotive-pcb-assembly\/#2_Quality_Standards_Exceeding_Industry_Requirements\" >2.Des normes de qualit\u00e9 sup\u00e9rieures aux exigences de l'industrie<\/a><\/li><li class='ez-toc-page-1 ez-toc-heading-level-3'><a class=\"ez-toc-link ez-toc-heading-5\" href=\"https:\/\/www.topfastpcb.com\/fr\/products\/automotive-pcb-assembly\/#3_Solving_Special_Challenges_in_Automotive_Electronics\" >3.Relever les d\u00e9fis particuliers de l'\u00e9lectronique automobile<\/a><\/li><\/ul><\/li><li class='ez-toc-page-1 ez-toc-heading-level-2'><a class=\"ez-toc-link ez-toc-heading-6\" href=\"https:\/\/www.topfastpcb.com\/fr\/products\/automotive-pcb-assembly\/#Automotive_Electronics_Success_Stories\" >Histoires de r\u00e9ussite dans le domaine de l'\u00e9lectronique automobile<\/a><\/li><li class='ez-toc-page-1 ez-toc-heading-level-2'><a class=\"ez-toc-link ez-toc-heading-7\" href=\"https:\/\/www.topfastpcb.com\/fr\/products\/automotive-pcb-assembly\/#Exclusive_Automotive_Electronics_Service_Packages\" >Packs de services \u00e9lectroniques automobiles exclusifs<\/a><\/li><\/ul><\/nav><\/div>\n\n<h2><span class=\"ez-toc-section\" id=\"Why_Do_Global_Automakers_Choose_Topfast\"><\/span>Pourquoi les constructeurs automobiles mondiaux choisissent-ils Topfast ?<span class=\"ez-toc-section-end\"><\/span><\/h2>\n<p><strong>17 ans d'exp\u00e9rience dans la fabrication automobile :<\/strong> Depuis notre cr\u00e9ation en 2008, nous avons fourni des services de PCBA \u00e0 des marques automobiles, dont Mitsubishi, et avons produit plus de 2 millions de m\u00e8tres carr\u00e9s de circuits imprim\u00e9s de qualit\u00e9 automobile. L&amp;#8217ann\u00e9e derni\u00e8re, l&amp;#8217un de nos clients, le syst\u00e8me d&amp;#8217infotainment, a re\u00e7u une commande de la part de l&amp;#8217entreprise. <a href=\"https:\/\/www.topfastpcb.com\/fr\/products\/category\/pcba\/\">PCBA<\/a> a atteint un taux de d\u00e9fectuosit\u00e9 de z\u00e9ro PPM (pi\u00e8ces par million).<\/p>\n<p><strong>Une v\u00e9ritable solution unique pour l'\u00e9lectronique automobile<\/strong><br \/>\n<strong>Consultation sur la conception<\/strong>: Une \u00e9quipe technique forte de plus de 20 ans d'exp\u00e9rience aide \u00e0 \u00e9viter les pi\u00e8ges de la conception<br \/>\n<strong>S\u00e9lection des mat\u00e9riaux<\/strong>: N'utiliser que des mat\u00e9riaux de qualit\u00e9 automobile conformes \u00e0 la norme AEC-Q200<br \/>\n<strong>Fabrication de pr\u00e9cision<\/strong>: \u00b125\u03bcm de pr\u00e9cision dans le contr\u00f4le du circuit<br \/>\n<strong>Tests rigoureux<\/strong>: 100 % de conformit\u00e9 avec les normes IPC-6012DA Classe 3<\/p>\n<p><img loading=\"lazy\" decoding=\"async\" src=\"https:\/\/www.topfastpcb.com\/wp-content\/uploads\/2025\/05\/Automotive-PCB-Assembly.jpg\" alt=\"Assemblage de circuits imprim\u00e9s pour l&#039;automobile\" width=\"600\" height=\"402\" class=\"aligncenter size-full wp-image-2982\" srcset=\"https:\/\/www.topfastpcb.com\/wp-content\/uploads\/2025\/05\/Automotive-PCB-Assembly.jpg 600w, https:\/\/www.topfastpcb.com\/wp-content\/uploads\/2025\/05\/Automotive-PCB-Assembly-300x201.jpg 300w, https:\/\/www.topfastpcb.com\/wp-content\/uploads\/2025\/05\/Automotive-PCB-Assembly-18x12.jpg 18w\" sizes=\"auto, (max-width: 600px) 100vw, 600px\" \/><\/p>\n<h2><span class=\"ez-toc-section\" id=\"Our_Automotive_Electronics_Manufacturing_Advantages\"><\/span>Nos avantages en mati\u00e8re de fabrication d'\u00e9lectronique automobile<span class=\"ez-toc-section-end\"><\/span><\/h2>\n<h3><span class=\"ez-toc-section\" id=\"1_Production_Lines_Specifically_Designed_for_Automotive_Electronics\"><\/span>1. Lignes de production sp\u00e9cialement con\u00e7ues pour l'\u00e9lectronique automobile<span class=\"ez-toc-section-end\"><\/span><\/h3>\n<p>Dans nos installations modernes de 20 000 m\u00b2, nous avons \u00e9quip\u00e9.. :<br \/>\n<strong>Machines de per\u00e7age au laser<\/strong>: Pour le traitement des microvia dans les cartes HDI automobiles (minimum 50\u03bcm).<br \/>\n<strong>Machines de bouchage de r\u00e9sine sous vide<\/strong>: Garantit la fiabilit\u00e9 des cartes en cuivre \u00e9pais en cas de choc thermique<br \/>\n<strong>Combo d'inspection 3D AOI+AXI<\/strong>: D\u00e9tecte 99,99% des d\u00e9fauts de soudure<\/p>\n<p><strong>Capacit\u00e9 mensuelle :<\/strong><br \/>\n100 000\u33a1 PCB (y compris les cartes haute fr\u00e9quence, les cartes en cuivre \u00e9pais et autres cartes sp\u00e9cialis\u00e9es).<br \/>\n60 millions de joints de soudure SMT (machines de placement \u00e0 grande vitesse YAMAHA avec une pr\u00e9cision de \u00b115\u03bcm)<\/p>\n<h3><span class=\"ez-toc-section\" id=\"2_Quality_Standards_Exceeding_Industry_Requirements\"><\/span>2.Des normes de qualit\u00e9 sup\u00e9rieures aux exigences de l'industrie<span class=\"ez-toc-section-end\"><\/span><\/h3>\n<p>Au-del\u00e0 des normes ISO 9001 et IATF 16949, nous avons mis en place un syst\u00e8me unique de triple assurance pour l'\u00e9lectronique automobile :<br \/>\n<strong>1. Contr\u00f4le du mat\u00e9riel entrant<\/strong>:Partenariats directs avec TI, NXP et d'autres OEM pour \u00e9viter les risques de contrefa\u00e7on<br \/>\n<strong>2.Contr\u00f4le des processus<\/strong>:38 points de contr\u00f4le critiques avec surveillance en temps r\u00e9el<br \/>\n<strong>3.Test final<\/strong>:Y compris les cycles thermiques de -40\u2103~125\u2103, les vibrations m\u00e9caniques et d'autres simulations de l'environnement r\u00e9el du v\u00e9hicule.<\/p>\n<h3><span class=\"ez-toc-section\" id=\"3_Solving_Special_Challenges_in_Automotive_Electronics\"><\/span>3.Relever les d\u00e9fis particuliers de l'\u00e9lectronique automobile<span class=\"ez-toc-section-end\"><\/span><\/h3>\n<p>Nous apportons des solutions expertes \u00e0 vos principales pr\u00e9occupations :<br \/>\n<strong>Gestion thermique :<\/strong> Gr\u00e2ce \u00e0 une disposition optimis\u00e9e par simulation, la temp\u00e9rature a \u00e9t\u00e9 r\u00e9duite de 22\u2103 pour le module ECU d'un client.<br \/>\n<strong>Int\u00e9grit\u00e9 du signal :<\/strong> Tol\u00e9rance de contr\u00f4le de l'imp\u00e9dance \u00b17% (meilleure que la norme industrielle \u00b110%)<br \/>\n<strong>Fiabilit\u00e9 \u00e0 long terme :<\/strong> Le proc\u00e9d\u00e9 de rev\u00eatement conforme passe avec succ\u00e8s le test du brouillard salin de 1000 heures<\/p>\n<p><img loading=\"lazy\" decoding=\"async\" src=\"https:\/\/www.topfastpcb.com\/wp-content\/uploads\/2025\/05\/Automotive-PCB-Assembly-1.jpg\" alt=\"Assemblage de circuits imprim\u00e9s pour l&#039;automobile\" width=\"600\" height=\"402\" class=\"aligncenter size-full wp-image-2983\" srcset=\"https:\/\/www.topfastpcb.com\/wp-content\/uploads\/2025\/05\/Automotive-PCB-Assembly-1.jpg 600w, https:\/\/www.topfastpcb.com\/wp-content\/uploads\/2025\/05\/Automotive-PCB-Assembly-1-300x201.jpg 300w, https:\/\/www.topfastpcb.com\/wp-content\/uploads\/2025\/05\/Automotive-PCB-Assembly-1-18x12.jpg 18w\" sizes=\"auto, (max-width: 600px) 100vw, 600px\" \/><\/p>\n<h2><span class=\"ez-toc-section\" id=\"Automotive_Electronics_Success_Stories\"><\/span>Histoires de r\u00e9ussite dans le domaine de l'\u00e9lectronique automobile<span class=\"ez-toc-section-end\"><\/span><\/h2>\n<p><strong>Cas 1<\/strong>: Syst\u00e8me EV BMS<br \/>\nD\u00e9fi : carte en cuivre \u00e9paisse \u00e0 6 couches (3oz) + exigences complexes en mati\u00e8re de dissipation de la chaleur<br \/>\nSolution : Vias thermiques + technologie des blocs de cuivre int\u00e9gr\u00e9s<br \/>\nR\u00e9sultat :Aucune d\u00e9faillance apr\u00e8s 3 ans de production en s\u00e9rie<\/p>\n<p><strong>Cas 2<\/strong>: Contr\u00f4leur de domaine de la conduite autonome<br \/>\nD\u00e9fi : carte HDI \u00e0 20 couches + pas de BGA de 0,3 mm<br \/>\nSolution : Per\u00e7age au laser + conception d'une imp\u00e9dance \u00e9chelonn\u00e9e<br \/>\nR\u00e9sultat :Le rendement est pass\u00e9 \u00e0 99,2 %.<\/p>\n<p><strong>Comment nous garantissons &#8220;Haute qualit\u00e9 + livraison rapide&amp;#8221 ;<\/strong><\/p>\n<p><strong>1. Int\u00e9gration verticale<\/strong>:Contr\u00f4le int\u00e9gral en interne, de la production des circuits imprim\u00e9s \u00e0 l'assemblage SMT<br \/>\n<strong>2.Syst\u00e8me d'entrep\u00f4t intelligent<\/strong>:Stock important de composants courants de qualit\u00e9 automobile<br \/>\n<strong>3.Syst\u00e8me de r\u00e9action rapide :<\/strong><br \/>\nDevis d'une heure<br \/>\nLivraison d'\u00e9chantillons en 3 jours la plus rapide<br \/>\nAssistance \u00e0 la client\u00e8le 24\/7<\/p>\n<p>Nous comptons parmi nos clients des entreprises exigeantes en termes de qualit\u00e9, telles que DJI et Hikvision, qui ont choisi Topfast pour une raison simple <strong>laisser les professionnels s'occuper du travail professionnel<\/strong>.<\/p>\n<p><img loading=\"lazy\" decoding=\"async\" src=\"https:\/\/www.topfastpcb.com\/wp-content\/uploads\/2025\/05\/Automotive-PCB-Assembly-2.jpg\" alt=\"Assemblage de circuits imprim\u00e9s pour l&#039;automobile\" width=\"600\" height=\"402\" class=\"aligncenter size-full wp-image-2984\" srcset=\"https:\/\/www.topfastpcb.com\/wp-content\/uploads\/2025\/05\/Automotive-PCB-Assembly-2.jpg 600w, https:\/\/www.topfastpcb.com\/wp-content\/uploads\/2025\/05\/Automotive-PCB-Assembly-2-300x201.jpg 300w, https:\/\/www.topfastpcb.com\/wp-content\/uploads\/2025\/05\/Automotive-PCB-Assembly-2-18x12.jpg 18w\" sizes=\"auto, (max-width: 600px) 100vw, 600px\" \/><\/p>\n<h2><span class=\"ez-toc-section\" id=\"Exclusive_Automotive_Electronics_Service_Packages\"><\/span>Packs de services \u00e9lectroniques automobiles exclusifs<span class=\"ez-toc-section-end\"><\/span><\/h2>\n<p>Des options flexibles pour r\u00e9pondre \u00e0 diff\u00e9rents besoins :<br \/>\n<strong>Service rapide<\/strong>: Livraison en 3 \u00e0 5 jours (id\u00e9al pour la v\u00e9rification de la recherche et du d\u00e9veloppement)<br \/>\n<strong>Service de production de masse<\/strong>: Capacit\u00e9 d'un million d'unit\u00e9s (supporte la livraison JIT)<br \/>\n<strong>Service cl\u00e9 en main<\/strong>: Solution compl\u00e8te : conception\u2192PCB\u2192SMT\u2192test<\/p>\n<p><strong>Offres sp\u00e9ciales pour les nouvelles demandes<\/strong><br \/>\nAnalyse DFM gratuite<br \/>\n5% de r\u00e9duction sur la premi\u00e8re commande<br \/>\nUn gestionnaire de compte d\u00e9di\u00e9 tout au long du projet<\/p>\n<p>&nbsp;<\/p>\n<p>L'\u00e9quipe Topfast est compos\u00e9e de plus de 1 000 professionnels, dont 30 % de personnel technique senior. Nous comprenons les exigences de s\u00e9curit\u00e9 extr\u00eames de l'\u00e9lectronique automobile, c'est pourquoi nous adh\u00e9rons \u00e0 la philosophie selon laquelle \"la qualit\u00e9 n'est pas inspect\u00e9e, elle est construite\" ;<\/p>\n<p><strong>Contactez notre \u00e9quipe d'experts en \u00e9lectronique automobile \u00e0 tout moment<\/strong> &amp;#8211 ; laissez nos 17 ann\u00e9es d'exp\u00e9rience sp\u00e9cialis\u00e9e prot\u00e9ger votre projet !<\/p>\n<p><a href=\"https:\/\/www.topfastpcb.com\/fr\/contact\/\">Obtenez votre devis personnalis\u00e9 d\u00e8s maintenant<\/a><\/p>","protected":false},"excerpt":{"rendered":"<p><span>En tant que sp\u00e9cialiste PCBA automobile exp\u00e9riment\u00e9 depuis 17 ans, Topfast fournit des solutions de circuit \u00e0 haute fiabilit\u00e9 pour les constructeurs automobiles mondiaux.Notre installation moderne de 20 000\u33a1 dispose d'un \u00e9quipement de per\u00e7age laser et d'AOI 3D, avec une capacit\u00e9 mensuelle de 100 000\u33a1 PCB et 60 millions de points SMT.Certifi\u00e9s IATF 16949 avec notre syst\u00e8me propri\u00e9taire &#8220;Triple Assurance System,&amp;#8221 ; nous garantissons une conformit\u00e9 IPC-6012DA de classe 3 \u00e0 100 %. Cet article d\u00e9taille nos solutions de gestion thermique et d'int\u00e9grit\u00e9 des signaux, et pr\u00e9sente des exemples de r\u00e9ussite, notamment des syst\u00e8mes BMS pour v\u00e9hicules \u00e9lectriques et des contr\u00f4leurs de domaine pour la conduite autonome. Offrant des services de bout en bout, de la consultation de conception \u00e0 la production de masse, Topfast fournit des devis en 1 heure et une livraison de prototype en 3 jours &amp;#8211 ; votre partenaire de confiance pour les PCBA automobiles.<\/span><\/p>","protected":false},"featured_media":2985,"comment_status":"closed","ping_status":"closed","template":"","meta":[],"product_brand":[],"product_cat":[116],"product_tag":[267,231],"class_list":{"0":"post-2981","1":"product","2":"type-product","3":"status-publish","4":"has-post-thumbnail","6":"product_cat-pcba","7":"product_tag-automotive-pcb-assembly","8":"product_tag-pcb-assembly","10":"first","11":"instock","12":"shipping-taxable","13":"product-type-simple"},"yoast_head":"<!-- This site is optimized with the Yoast SEO plugin v25.1 - https:\/\/yoast.com\/wordpress\/plugins\/seo\/ -->\n<title>Automotive PCB Assembly - Topfastpcb<\/title>\n<meta name=\"description\" content=\"Topfast - 17-year automotive PCBA manufacturing expert providing automotive-grade PCB design, production &amp; assembly. IATF 16949 certified with 100,000\u33a1 monthly capacity. 1-hour quick quote, 3-day prototype delivery for global automakers.\" \/>\n<meta name=\"robots\" content=\"index, follow, max-snippet:-1, max-image-preview:large, max-video-preview:-1\" \/>\n<link rel=\"canonical\" href=\"https:\/\/www.topfastpcb.com\/fr\/products\/automotive-pcb-assembly\/\" \/>\n<meta property=\"og:locale\" content=\"fr_FR\" \/>\n<meta property=\"og:type\" content=\"article\" \/>\n<meta property=\"og:title\" content=\"Automotive PCB Assembly - Topfastpcb\" \/>\n<meta property=\"og:description\" content=\"Topfast - 17-year automotive PCBA manufacturing expert providing automotive-grade PCB design, production &amp; assembly. IATF 16949 certified with 100,000\u33a1 monthly capacity. 1-hour quick quote, 3-day prototype delivery for global automakers.\" \/>\n<meta property=\"og:url\" content=\"https:\/\/www.topfastpcb.com\/fr\/products\/automotive-pcb-assembly\/\" \/>\n<meta property=\"og:site_name\" content=\"Topfastpcb\" \/>\n<meta property=\"og:image\" content=\"https:\/\/www.topfastpcb.com\/wp-content\/uploads\/2025\/05\/pcba19.jpg\" \/>\n\t<meta property=\"og:image:width\" content=\"750\" \/>\n\t<meta property=\"og:image:height\" content=\"750\" \/>\n\t<meta property=\"og:image:type\" content=\"image\/jpeg\" \/>\n<meta name=\"twitter:card\" content=\"summary_large_image\" \/>\n<meta name=\"twitter:label1\" content=\"Dur\u00e9e de lecture estim\u00e9e\" \/>\n\t<meta name=\"twitter:data1\" content=\"4 minutes\" \/>\n<script type=\"application\/ld+json\" class=\"yoast-schema-graph\">{\"@context\":\"https:\/\/schema.org\",\"@graph\":[{\"@type\":\"WebPage\",\"@id\":\"https:\/\/www.topfastpcb.com\/products\/automotive-pcb-assembly\/\",\"url\":\"https:\/\/www.topfastpcb.com\/products\/automotive-pcb-assembly\/\",\"name\":\"Automotive PCB Assembly - Topfastpcb\",\"isPartOf\":{\"@id\":\"https:\/\/www.topfastpcb.com\/#website\"},\"primaryImageOfPage\":{\"@id\":\"https:\/\/www.topfastpcb.com\/products\/automotive-pcb-assembly\/#primaryimage\"},\"image\":{\"@id\":\"https:\/\/www.topfastpcb.com\/products\/automotive-pcb-assembly\/#primaryimage\"},\"thumbnailUrl\":\"https:\/\/www.topfastpcb.com\/wp-content\/uploads\/2025\/05\/pcba19.jpg\",\"datePublished\":\"2025-05-30T02:38:29+00:00\",\"description\":\"Topfast - 17-year automotive PCBA manufacturing expert providing automotive-grade PCB design, production & assembly. IATF 16949 certified with 100,000\u33a1 monthly capacity. 1-hour quick quote, 3-day prototype delivery for global automakers.\",\"breadcrumb\":{\"@id\":\"https:\/\/www.topfastpcb.com\/products\/automotive-pcb-assembly\/#breadcrumb\"},\"inLanguage\":\"fr-FR\",\"potentialAction\":[{\"@type\":\"ReadAction\",\"target\":[\"https:\/\/www.topfastpcb.com\/products\/automotive-pcb-assembly\/\"]}]},{\"@type\":\"ImageObject\",\"inLanguage\":\"fr-FR\",\"@id\":\"https:\/\/www.topfastpcb.com\/products\/automotive-pcb-assembly\/#primaryimage\",\"url\":\"https:\/\/www.topfastpcb.com\/wp-content\/uploads\/2025\/05\/pcba19.jpg\",\"contentUrl\":\"https:\/\/www.topfastpcb.com\/wp-content\/uploads\/2025\/05\/pcba19.jpg\",\"width\":750,\"height\":750,\"caption\":\"Automotive PCB Assembly\"},{\"@type\":\"BreadcrumbList\",\"@id\":\"https:\/\/www.topfastpcb.com\/products\/automotive-pcb-assembly\/#breadcrumb\",\"itemListElement\":[{\"@type\":\"ListItem\",\"position\":1,\"name\":\"\u9996\u9875\",\"item\":\"https:\/\/www.topfastpcb.com\/\"},{\"@type\":\"ListItem\",\"position\":2,\"name\":\"\u5546\u5e97\",\"item\":\"https:\/\/www.topfastpcb.com\/shop\/\"},{\"@type\":\"ListItem\",\"position\":3,\"name\":\"Automotive PCB Assembly\"}]},{\"@type\":\"WebSite\",\"@id\":\"https:\/\/www.topfastpcb.com\/#website\",\"url\":\"https:\/\/www.topfastpcb.com\/\",\"name\":\"Topfastpcb\",\"description\":\"Topfast Prime Choice for Global Electronics Manufacturing\",\"publisher\":{\"@id\":\"https:\/\/www.topfastpcb.com\/#organization\"},\"potentialAction\":[{\"@type\":\"SearchAction\",\"target\":{\"@type\":\"EntryPoint\",\"urlTemplate\":\"https:\/\/www.topfastpcb.com\/?s={search_term_string}\"},\"query-input\":{\"@type\":\"PropertyValueSpecification\",\"valueRequired\":true,\"valueName\":\"search_term_string\"}}],\"inLanguage\":\"fr-FR\"},{\"@type\":\"Organization\",\"@id\":\"https:\/\/www.topfastpcb.com\/#organization\",\"name\":\"Topfastpcb\",\"url\":\"https:\/\/www.topfastpcb.com\/\",\"logo\":{\"@type\":\"ImageObject\",\"inLanguage\":\"fr-FR\",\"@id\":\"https:\/\/www.topfastpcb.com\/#\/schema\/logo\/image\/\",\"url\":\"https:\/\/www.topfastpcb.com\/wp-content\/uploads\/2026\/02\/cropped-topfast-logo.png\",\"contentUrl\":\"https:\/\/www.topfastpcb.com\/wp-content\/uploads\/2026\/02\/cropped-topfast-logo.png\",\"width\":144,\"height\":56,\"caption\":\"Topfastpcb\"},\"image\":{\"@id\":\"https:\/\/www.topfastpcb.com\/#\/schema\/logo\/image\/\"}}]}<\/script>\n<!-- \/ Yoast SEO plugin. -->","yoast_head_json":{"title":"Automotive PCB Assembly - Topfastpcb","description":"Topfast - 17-year automotive PCBA manufacturing expert providing automotive-grade PCB design, production & assembly. IATF 16949 certified with 100,000\u33a1 monthly capacity. 1-hour quick quote, 3-day prototype delivery for global automakers.","robots":{"index":"index","follow":"follow","max-snippet":"max-snippet:-1","max-image-preview":"max-image-preview:large","max-video-preview":"max-video-preview:-1"},"canonical":"https:\/\/www.topfastpcb.com\/fr\/products\/automotive-pcb-assembly\/","og_locale":"fr_FR","og_type":"article","og_title":"Automotive PCB Assembly - Topfastpcb","og_description":"Topfast - 17-year automotive PCBA manufacturing expert providing automotive-grade PCB design, production & assembly. IATF 16949 certified with 100,000\u33a1 monthly capacity. 1-hour quick quote, 3-day prototype delivery for global automakers.","og_url":"https:\/\/www.topfastpcb.com\/fr\/products\/automotive-pcb-assembly\/","og_site_name":"Topfastpcb","og_image":[{"width":750,"height":750,"url":"https:\/\/www.topfastpcb.com\/wp-content\/uploads\/2025\/05\/pcba19.jpg","type":"image\/jpeg"}],"twitter_card":"summary_large_image","twitter_misc":{"Dur\u00e9e de lecture estim\u00e9e":"4 minutes"},"schema":{"@context":"https:\/\/schema.org","@graph":[{"@type":"WebPage","@id":"https:\/\/www.topfastpcb.com\/products\/automotive-pcb-assembly\/","url":"https:\/\/www.topfastpcb.com\/products\/automotive-pcb-assembly\/","name":"Automotive PCB Assembly - Topfastpcb","isPartOf":{"@id":"https:\/\/www.topfastpcb.com\/#website"},"primaryImageOfPage":{"@id":"https:\/\/www.topfastpcb.com\/products\/automotive-pcb-assembly\/#primaryimage"},"image":{"@id":"https:\/\/www.topfastpcb.com\/products\/automotive-pcb-assembly\/#primaryimage"},"thumbnailUrl":"https:\/\/www.topfastpcb.com\/wp-content\/uploads\/2025\/05\/pcba19.jpg","datePublished":"2025-05-30T02:38:29+00:00","description":"Topfast - 17-year automotive PCBA manufacturing expert providing automotive-grade PCB design, production & assembly. IATF 16949 certified with 100,000\u33a1 monthly capacity. 1-hour quick quote, 3-day prototype delivery for global automakers.","breadcrumb":{"@id":"https:\/\/www.topfastpcb.com\/products\/automotive-pcb-assembly\/#breadcrumb"},"inLanguage":"fr-FR","potentialAction":[{"@type":"ReadAction","target":["https:\/\/www.topfastpcb.com\/products\/automotive-pcb-assembly\/"]}]},{"@type":"ImageObject","inLanguage":"fr-FR","@id":"https:\/\/www.topfastpcb.com\/products\/automotive-pcb-assembly\/#primaryimage","url":"https:\/\/www.topfastpcb.com\/wp-content\/uploads\/2025\/05\/pcba19.jpg","contentUrl":"https:\/\/www.topfastpcb.com\/wp-content\/uploads\/2025\/05\/pcba19.jpg","width":750,"height":750,"caption":"Automotive PCB Assembly"},{"@type":"BreadcrumbList","@id":"https:\/\/www.topfastpcb.com\/products\/automotive-pcb-assembly\/#breadcrumb","itemListElement":[{"@type":"ListItem","position":1,"name":"\u9996\u9875","item":"https:\/\/www.topfastpcb.com\/"},{"@type":"ListItem","position":2,"name":"\u5546\u5e97","item":"https:\/\/www.topfastpcb.com\/shop\/"},{"@type":"ListItem","position":3,"name":"Automotive PCB Assembly"}]},{"@type":"WebSite","@id":"https:\/\/www.topfastpcb.com\/#website","url":"https:\/\/www.topfastpcb.com\/","name":"Topfastpcb","description":"Topfast Prime Choice for Global Electronics Manufacturing","publisher":{"@id":"https:\/\/www.topfastpcb.com\/#organization"},"potentialAction":[{"@type":"SearchAction","target":{"@type":"EntryPoint","urlTemplate":"https:\/\/www.topfastpcb.com\/?s={search_term_string}"},"query-input":{"@type":"PropertyValueSpecification","valueRequired":true,"valueName":"search_term_string"}}],"inLanguage":"fr-FR"},{"@type":"Organization","@id":"https:\/\/www.topfastpcb.com\/#organization","name":"Topfastpcb","url":"https:\/\/www.topfastpcb.com\/","logo":{"@type":"ImageObject","inLanguage":"fr-FR","@id":"https:\/\/www.topfastpcb.com\/#\/schema\/logo\/image\/","url":"https:\/\/www.topfastpcb.com\/wp-content\/uploads\/2026\/02\/cropped-topfast-logo.png","contentUrl":"https:\/\/www.topfastpcb.com\/wp-content\/uploads\/2026\/02\/cropped-topfast-logo.png","width":144,"height":56,"caption":"Topfastpcb"},"image":{"@id":"https:\/\/www.topfastpcb.com\/#\/schema\/logo\/image\/"}}]}},"_links":{"self":[{"href":"https:\/\/www.topfastpcb.com\/fr\/wp-json\/wp\/v2\/product\/2981","targetHints":{"allow":["GET"]}}],"collection":[{"href":"https:\/\/www.topfastpcb.com\/fr\/wp-json\/wp\/v2\/product"}],"about":[{"href":"https:\/\/www.topfastpcb.com\/fr\/wp-json\/wp\/v2\/types\/product"}],"replies":[{"embeddable":true,"href":"https:\/\/www.topfastpcb.com\/fr\/wp-json\/wp\/v2\/comments?post=2981"}],"wp:featuredmedia":[{"embeddable":true,"href":"https:\/\/www.topfastpcb.com\/fr\/wp-json\/wp\/v2\/media\/2985"}],"wp:attachment":[{"href":"https:\/\/www.topfastpcb.com\/fr\/wp-json\/wp\/v2\/media?parent=2981"}],"wp:term":[{"taxonomy":"product_brand","embeddable":true,"href":"https:\/\/www.topfastpcb.com\/fr\/wp-json\/wp\/v2\/product_brand?post=2981"},{"taxonomy":"product_cat","embeddable":true,"href":"https:\/\/www.topfastpcb.com\/fr\/wp-json\/wp\/v2\/product_cat?post=2981"},{"taxonomy":"product_tag","embeddable":true,"href":"https:\/\/www.topfastpcb.com\/fr\/wp-json\/wp\/v2\/product_tag?post=2981"}],"curies":[{"name":"wp","href":"https:\/\/api.w.org\/{rel}","templated":true}]}}