{"id":3324,"date":"2025-06-17T10:39:32","date_gmt":"2025-06-17T02:39:32","guid":{"rendered":"https:\/\/www.topfastpcb.com\/?post_type=product&#038;p=3324"},"modified":"2025-06-24T10:07:44","modified_gmt":"2025-06-24T02:07:44","slug":"single-sided-flexible-pcb","status":"publish","type":"product","link":"https:\/\/www.topfastpcb.com\/fr\/products\/single-sided-flexible-pcb\/","title":{"rendered":"Circuit imprim\u00e9 flexible simple face"},"content":{"rendered":"<div id=\"ez-toc-container\" class=\"ez-toc-v2_0_74 counter-hierarchy ez-toc-counter ez-toc-custom ez-toc-container-direction\">\n<div class=\"ez-toc-title-container\">\n<p class=\"ez-toc-title\" style=\"cursor:inherit\">Table des mati\u00e8res<\/p>\n<span class=\"ez-toc-title-toggle\"><\/span><\/div>\n<nav><ul class='ez-toc-list ez-toc-list-level-1' ><li class='ez-toc-page-1 ez-toc-heading-level-2'><a class=\"ez-toc-link ez-toc-heading-1\" href=\"https:\/\/www.topfastpcb.com\/fr\/products\/single-sided-flexible-pcb\/#Definition_of_single-sided_flexible_PCB\" >D\u00e9finition d'un circuit imprim\u00e9 flexible simple face<\/a><\/li><li class='ez-toc-page-1 ez-toc-heading-level-2'><a class=\"ez-toc-link ez-toc-heading-2\" href=\"https:\/\/www.topfastpcb.com\/fr\/products\/single-sided-flexible-pcb\/#Product_Advantages\" >Avantages du produit<\/a><\/li><li class='ez-toc-page-1 ez-toc-heading-level-2'><a class=\"ez-toc-link ez-toc-heading-3\" href=\"https:\/\/www.topfastpcb.com\/fr\/products\/single-sided-flexible-pcb\/#Technical_Specifications\" >Sp\u00e9cifications techniques<\/a><\/li><li class='ez-toc-page-1 ez-toc-heading-level-2'><a class=\"ez-toc-link ez-toc-heading-4\" href=\"https:\/\/www.topfastpcb.com\/fr\/products\/single-sided-flexible-pcb\/#Applications\" >Applications<\/a><\/li><li class='ez-toc-page-1 ez-toc-heading-level-2'><a class=\"ez-toc-link ez-toc-heading-5\" href=\"https:\/\/www.topfastpcb.com\/fr\/products\/single-sided-flexible-pcb\/#Manufacturing_Capabilities\" >Capacit\u00e9s de production<\/a><\/li><li class='ez-toc-page-1 ez-toc-heading-level-2'><a class=\"ez-toc-link ez-toc-heading-6\" href=\"https:\/\/www.topfastpcb.com\/fr\/products\/single-sided-flexible-pcb\/#Additional_Services\" >Services compl\u00e9mentaires<\/a><\/li><li class='ez-toc-page-1 ez-toc-heading-level-2'><a class=\"ez-toc-link ez-toc-heading-7\" href=\"https:\/\/www.topfastpcb.com\/fr\/products\/single-sided-flexible-pcb\/#Why_choose_Topfast\" >Pourquoi choisir Topfast ?<\/a><\/li><\/ul><\/nav><\/div>\n\n<h2><span class=\"ez-toc-section\" id=\"Definition_of_single-sided_flexible_PCB\"><\/span>D\u00e9finition d'un circuit imprim\u00e9 flexible simple face<span class=\"ez-toc-section-end\"><\/span><\/h2>\n<p>En tant que leader dans la fabrication de circuits imprim\u00e9s flexibles, Topfast s'appuie sur 17 ans d'exp\u00e9rience dans l'industrie pour fournir des circuits imprim\u00e9s unilat\u00e9raux de haute qualit\u00e9. <a href=\"https:\/\/www.topfastpcb.com\/fr\/products\/category\/flexible-pcb\/\">carte de circuit imprim\u00e9 flexible<\/a> solutions. Nos circuits imprim\u00e9s flexibles simple face sont fabriqu\u00e9s \u00e0 partir de mat\u00e9riaux polyimides de premi\u00e8re qualit\u00e9, offrant d'excellentes performances de pliage et de fiabilit\u00e9 pour des applications dans l'\u00e9lectronique grand public, les appareils m\u00e9dicaux, l'\u00e9lectronique automobile et bien d'autres encore.<\/p>\n<h2><span class=\"ez-toc-section\" id=\"Product_Advantages\"><\/span>Avantages du produit<span class=\"ez-toc-section-end\"><\/span><\/h2>\n<p>Les circuits imprim\u00e9s flexibles simple face de Topfast offrent les avantages suivants :<\/p>\n<p><strong>Ultra-mince &amp;amp ; l\u00e9ger<\/strong>: \u00c9paisseur aussi faible que 0,1 mm, pesant seulement 1\/3 du poids traditionnel. <a href=\"https:\/\/www.topfastpcb.com\/fr\/products\/category\/rigid-pcb\/\">PCB rigides<\/a><br \/>\n<strong>Flexibilit\u00e9 sup\u00e9rieure<\/strong>: Utilise des substrats en polyimide DuPont ou Panasonic de haute qualit\u00e9, avec un rayon de courbure aussi petit que 3 mm.<br \/>\n<strong>Haute fiabilit\u00e9<\/strong>Test\u00e9 pour plus de 200 000 cycles de flexion, garantissant une performance stable \u00e0 long terme<br \/>\n<strong>R\u00e9sistance aux hautes temp\u00e9ratures<\/strong>: R\u00e9siste \u00e0 des temp\u00e9ratures extr\u00eames de -60\u00b0C \u00e0 260\u00b0C<br \/>\n<strong>\u00c9conomie d'espace<\/strong>: S'adapte aux agencements 3D complexes, r\u00e9duisant la taille de l'appareil<\/p>\n<h2><span class=\"ez-toc-section\" id=\"Technical_Specifications\"><\/span>Sp\u00e9cifications techniques<span class=\"ez-toc-section-end\"><\/span><\/h2>\n<table>\n<thead>\n<tr>\n<th>Param\u00e8tres<\/th>\n<th>Sp\u00e9cifications<\/th>\n<\/tr>\n<\/thead>\n<tbody>\n<tr>\n<td>\u00c9paisseur du substrat<\/td>\n<td>12,5\u03bcm-50\u03bcm<\/td>\n<\/tr>\n<tr>\n<td>\u00c9paisseur de la feuille de cuivre<\/td>\n<td>12\u03bcm-35\u03bcm<\/td>\n<\/tr>\n<tr>\n<td>Min. Largeur de ligne\/intervalle<\/td>\n<td>50\u03bcm\/50\u03bcm<\/td>\n<\/tr>\n<tr>\n<td>Min. Taille du trou<\/td>\n<td>0,1 mm<\/td>\n<\/tr>\n<tr>\n<td>Finition de la surface<\/td>\n<td>ENIG, OSP, argent chimique<\/td>\n<\/tr>\n<tr>\n<td>Rayon de courbure<\/td>\n<td>Dynamique : 10\u00d7 l'\u00e9paisseur du panneau ; Statique : 3\u00d7 l'\u00e9paisseur du panneau<\/td>\n<\/tr>\n<\/tbody>\n<\/table>\n<h2><span class=\"ez-toc-section\" id=\"Applications\"><\/span>Applications<span class=\"ez-toc-section-end\"><\/span><\/h2>\n<p>Les circuits imprim\u00e9s flexibles simple face de Topfast sont largement utilis\u00e9s dans :<\/p>\n<p>1. <strong>\u00c9lectronique grand public<\/strong>: Connexions internes dans les smartphones, les tablettes et les appareils portables<br \/>\n2. <strong>Dispositifs m\u00e9dicaux<\/strong>Moniteurs portables, endoscopes et autres connexions \u00e9lectroniques m\u00e9dicales<br \/>\n3. <strong>\u00c9lectronique automobile<\/strong>Cam\u00e9ras embarqu\u00e9es, capteurs et connexions au syst\u00e8me d'\u00e9clairage<br \/>\n4. <strong>Contr\u00f4le industriel<\/strong>Interconnexions flexibles pour la robotique et les \u00e9quipements d'automatisation<br \/>\n5. <strong>Militaire &amp;amp ; A\u00e9rospatiale<\/strong>: Connexions pour l'avionique \u00e0 espace r\u00e9duit<\/p>\n<h3><img loading=\"lazy\" decoding=\"async\" src=\"https:\/\/www.topfastpcb.com\/wp-content\/uploads\/2025\/06\/Flexible-PCB-12.jpg\" alt=\"Circuit imprim\u00e9 flexible\" width=\"800\" height=\"800\" class=\"aligncenter size-full wp-image-3330\" srcset=\"https:\/\/www.topfastpcb.com\/wp-content\/uploads\/2025\/06\/Flexible-PCB-12.jpg 800w, https:\/\/www.topfastpcb.com\/wp-content\/uploads\/2025\/06\/Flexible-PCB-12-300x300.jpg 300w, https:\/\/www.topfastpcb.com\/wp-content\/uploads\/2025\/06\/Flexible-PCB-12-150x150.jpg 150w, https:\/\/www.topfastpcb.com\/wp-content\/uploads\/2025\/06\/Flexible-PCB-12-768x768.jpg 768w, https:\/\/www.topfastpcb.com\/wp-content\/uploads\/2025\/06\/Flexible-PCB-12-12x12.jpg 12w, https:\/\/www.topfastpcb.com\/wp-content\/uploads\/2025\/06\/Flexible-PCB-12-600x600.jpg 600w, https:\/\/www.topfastpcb.com\/wp-content\/uploads\/2025\/06\/Flexible-PCB-12-100x100.jpg 100w\" sizes=\"auto, (max-width: 800px) 100vw, 800px\" \/><\/h3>\n<h2><span class=\"ez-toc-section\" id=\"Manufacturing_Capabilities\"><\/span>Capacit\u00e9s de production<span class=\"ez-toc-section-end\"><\/span><\/h2>\n<p>Topfast dispose d'un site de production moderne de 20 000 m\u00b2 avec plus de 1 000 techniciens qualifi\u00e9s, \u00e9quip\u00e9s de.. :<\/p>\n<p>Per\u00e7age laser de haute pr\u00e9cision (taille minimale du trou : 0,1 mm)<br \/>\n<a href=\"https:\/\/www.topfastpcb.com\/fr\/blog\/what-is-aoi-automated-optical-inspection\/\">Inspection optique automatis\u00e9e<\/a> (AOI)<br \/>\nTesteurs \u00e0 sonde volante pour une v\u00e9rification \u00e0 100 % des performances \u00e9lectriques<br \/>\nInspection par rayons X pour l'assurance qualit\u00e9 interne<br \/>\nEquipement de laminage sous vide pour une forte liaison entre les couches<\/p>\n<p>Nous adh\u00e9rons strictement aux normes de gestion de la qualit\u00e9 ISO 9001 et mettons en \u0153uvre un contr\u00f4le complet des processus, depuis l'approvisionnement en mati\u00e8res premi\u00e8res jusqu'\u00e0 la livraison du produit final, afin de garantir une qualit\u00e9 optimale.<\/p>\n<h2><span class=\"ez-toc-section\" id=\"Additional_Services\"><\/span>Services compl\u00e9mentaires<span class=\"ez-toc-section-end\"><\/span><\/h2>\n<p>Au-del\u00e0 des PCB flexibles simple face, Topfast fournit \u00e9galement :<\/p>\n<p><strong>Circuits imprim\u00e9s flexibles double face<\/strong>: Pour les besoins d'interconnexion \u00e0 haute densit\u00e9<br \/>\n<strong>Circuits imprim\u00e9s flexibles multicouches<\/strong>: Solutions de circuits flexibles complexes de 4 \u00e0 10 couches<br \/>\n<strong>Circuits imprim\u00e9s rigides et flexibles<\/strong>Conceptions hybrides combinant les avantages de la rigidit\u00e9 et de la flexibilit\u00e9<br \/>\n<strong>Prototypage rapide<\/strong>: \u00c9chantillons \u00e0 rotation rapide en 24 heures seulement<br \/>\n<strong>Analyse DFM<\/strong>: \u00c9valuation professionnelle de la conception pour la fabrication<br \/>\n<strong>Support technique<\/strong>: Assistance technique personnalis\u00e9e<\/p>\n<h2><span class=\"ez-toc-section\" id=\"Why_choose_Topfast\"><\/span>Pourquoi choisir Topfast ?<span class=\"ez-toc-section-end\"><\/span><\/h2>\n<p>Avec 17 ans d'expertise dans la fabrication de circuits imprim\u00e9s flexibles, Topfast s'engage \u00e0 fournir des solutions de circuits flexibles unilat\u00e9raux de haute qualit\u00e9.Notre \u00e9quipement de pointe, notre contr\u00f4le de qualit\u00e9 rigoureux et notre vaste exp\u00e9rience de l'industrie garantissent que chaque circuit imprim\u00e9 flexible r\u00e9pond aux normes les plus \u00e9lev\u00e9es en mati\u00e8re de performance et de fiabilit\u00e9. Que ce soit pour le prototypage ou la production de masse, Topfast fournit les produits et les services les plus comp\u00e9titifs en mati\u00e8re de circuits imprim\u00e9s flexibles. Contactez-nous pour plus de d\u00e9tails sur les produits et le support technique.<\/p>","protected":false},"excerpt":{"rendered":"<p>Cet article pr\u00e9sente les produits professionnels de Topfast en mati\u00e8re de circuits imprim\u00e9s flexibles simple face, en soulignant leurs avantages, leurs sp\u00e9cifications techniques, leurs applications et leurs capacit\u00e9s de fabrication.Il met l'accent sur la conception ultra-mince, la haute fiabilit\u00e9 et la r\u00e9sistance \u00e0 la temp\u00e9rature tout en couvrant \u00e9galement les services de PCB flexibles double-face et multicouches.<\/p>","protected":false},"featured_media":3326,"comment_status":"closed","ping_status":"closed","template":"","meta":[],"product_brand":[],"product_cat":[96],"product_tag":[288,103],"class_list":{"0":"post-3324","1":"product","2":"type-product","3":"status-publish","4":"has-post-thumbnail","6":"product_cat-flexible-pcb","7":"product_tag-flex-pcb","8":"product_tag-flexible-pcb","10":"first","11":"instock","12":"shipping-taxable","13":"product-type-simple"},"yoast_head":"<!-- This site is optimized with the Yoast SEO plugin v25.1 - https:\/\/yoast.com\/wordpress\/plugins\/seo\/ -->\n<title>Single-Sided Flexible PCB - Topfastpcb<\/title>\n<meta name=\"description\" content=\"Topfast specializes in high-quality single-sided flexible PCBs, with 17 years of experience. Made from premium polyimide materials, they are ultra-thin, lightweight, and highly flexible, ideal for consumer electronics, medical devices, and automotive applications.\" \/>\n<meta name=\"robots\" content=\"index, follow, max-snippet:-1, max-image-preview:large, max-video-preview:-1\" \/>\n<link rel=\"canonical\" href=\"https:\/\/www.topfastpcb.com\/fr\/products\/single-sided-flexible-pcb\/\" \/>\n<meta property=\"og:locale\" content=\"fr_FR\" \/>\n<meta property=\"og:type\" content=\"article\" \/>\n<meta property=\"og:title\" content=\"Single-Sided Flexible PCB - Topfastpcb\" \/>\n<meta property=\"og:description\" content=\"Topfast specializes in high-quality single-sided flexible PCBs, with 17 years of experience. Made from premium polyimide materials, they are ultra-thin, lightweight, and highly flexible, ideal for consumer electronics, medical devices, and automotive applications.\" \/>\n<meta property=\"og:url\" content=\"https:\/\/www.topfastpcb.com\/fr\/products\/single-sided-flexible-pcb\/\" \/>\n<meta property=\"og:site_name\" content=\"Topfastpcb\" \/>\n<meta property=\"article:modified_time\" content=\"2025-06-24T02:07:44+00:00\" \/>\n<meta property=\"og:image\" content=\"https:\/\/www.topfastpcb.com\/wp-content\/uploads\/2025\/06\/Flexible-PCB-13.jpg\" \/>\n\t<meta property=\"og:image:width\" content=\"800\" \/>\n\t<meta property=\"og:image:height\" content=\"800\" \/>\n\t<meta property=\"og:image:type\" content=\"image\/jpeg\" \/>\n<meta name=\"twitter:card\" content=\"summary_large_image\" \/>\n<meta name=\"twitter:label1\" content=\"Dur\u00e9e de lecture estim\u00e9e\" \/>\n\t<meta name=\"twitter:data1\" content=\"3 minutes\" \/>\n<script type=\"application\/ld+json\" class=\"yoast-schema-graph\">{\"@context\":\"https:\/\/schema.org\",\"@graph\":[{\"@type\":\"WebPage\",\"@id\":\"https:\/\/www.topfastpcb.com\/products\/single-sided-flexible-pcb\/\",\"url\":\"https:\/\/www.topfastpcb.com\/products\/single-sided-flexible-pcb\/\",\"name\":\"Single-Sided Flexible PCB - Topfastpcb\",\"isPartOf\":{\"@id\":\"https:\/\/www.topfastpcb.com\/#website\"},\"primaryImageOfPage\":{\"@id\":\"https:\/\/www.topfastpcb.com\/products\/single-sided-flexible-pcb\/#primaryimage\"},\"image\":{\"@id\":\"https:\/\/www.topfastpcb.com\/products\/single-sided-flexible-pcb\/#primaryimage\"},\"thumbnailUrl\":\"https:\/\/www.topfastpcb.com\/wp-content\/uploads\/2025\/06\/Flexible-PCB-13.jpg\",\"datePublished\":\"2025-06-17T02:39:32+00:00\",\"dateModified\":\"2025-06-24T02:07:44+00:00\",\"description\":\"Topfast specializes in high-quality single-sided flexible PCBs, with 17 years of experience. Made from premium polyimide materials, they are ultra-thin, lightweight, and highly flexible, ideal for consumer electronics, medical devices, and automotive applications.\",\"breadcrumb\":{\"@id\":\"https:\/\/www.topfastpcb.com\/products\/single-sided-flexible-pcb\/#breadcrumb\"},\"inLanguage\":\"fr-FR\",\"potentialAction\":[{\"@type\":\"ReadAction\",\"target\":[\"https:\/\/www.topfastpcb.com\/products\/single-sided-flexible-pcb\/\"]}]},{\"@type\":\"ImageObject\",\"inLanguage\":\"fr-FR\",\"@id\":\"https:\/\/www.topfastpcb.com\/products\/single-sided-flexible-pcb\/#primaryimage\",\"url\":\"https:\/\/www.topfastpcb.com\/wp-content\/uploads\/2025\/06\/Flexible-PCB-13.jpg\",\"contentUrl\":\"https:\/\/www.topfastpcb.com\/wp-content\/uploads\/2025\/06\/Flexible-PCB-13.jpg\",\"width\":800,\"height\":800,\"caption\":\"Single-Sided Flexible PCB\"},{\"@type\":\"BreadcrumbList\",\"@id\":\"https:\/\/www.topfastpcb.com\/products\/single-sided-flexible-pcb\/#breadcrumb\",\"itemListElement\":[{\"@type\":\"ListItem\",\"position\":1,\"name\":\"\u9996\u9875\",\"item\":\"https:\/\/www.topfastpcb.com\/\"},{\"@type\":\"ListItem\",\"position\":2,\"name\":\"\u5546\u5e97\",\"item\":\"https:\/\/www.topfastpcb.com\/shop\/\"},{\"@type\":\"ListItem\",\"position\":3,\"name\":\"Single-Sided Flexible PCB\"}]},{\"@type\":\"WebSite\",\"@id\":\"https:\/\/www.topfastpcb.com\/#website\",\"url\":\"https:\/\/www.topfastpcb.com\/\",\"name\":\"Topfastpcb\",\"description\":\"Topfast Prime Choice for Global Electronics Manufacturing\",\"publisher\":{\"@id\":\"https:\/\/www.topfastpcb.com\/#organization\"},\"potentialAction\":[{\"@type\":\"SearchAction\",\"target\":{\"@type\":\"EntryPoint\",\"urlTemplate\":\"https:\/\/www.topfastpcb.com\/?s={search_term_string}\"},\"query-input\":{\"@type\":\"PropertyValueSpecification\",\"valueRequired\":true,\"valueName\":\"search_term_string\"}}],\"inLanguage\":\"fr-FR\"},{\"@type\":\"Organization\",\"@id\":\"https:\/\/www.topfastpcb.com\/#organization\",\"name\":\"Topfastpcb\",\"url\":\"https:\/\/www.topfastpcb.com\/\",\"logo\":{\"@type\":\"ImageObject\",\"inLanguage\":\"fr-FR\",\"@id\":\"https:\/\/www.topfastpcb.com\/#\/schema\/logo\/image\/\",\"url\":\"https:\/\/www.topfastpcb.com\/wp-content\/uploads\/2026\/02\/cropped-topfast-logo.png\",\"contentUrl\":\"https:\/\/www.topfastpcb.com\/wp-content\/uploads\/2026\/02\/cropped-topfast-logo.png\",\"width\":144,\"height\":56,\"caption\":\"Topfastpcb\"},\"image\":{\"@id\":\"https:\/\/www.topfastpcb.com\/#\/schema\/logo\/image\/\"}}]}<\/script>\n<!-- \/ Yoast SEO plugin. -->","yoast_head_json":{"title":"Single-Sided Flexible PCB - Topfastpcb","description":"Topfast specializes in high-quality single-sided flexible PCBs, with 17 years of experience. Made from premium polyimide materials, they are ultra-thin, lightweight, and highly flexible, ideal for consumer electronics, medical devices, and automotive applications.","robots":{"index":"index","follow":"follow","max-snippet":"max-snippet:-1","max-image-preview":"max-image-preview:large","max-video-preview":"max-video-preview:-1"},"canonical":"https:\/\/www.topfastpcb.com\/fr\/products\/single-sided-flexible-pcb\/","og_locale":"fr_FR","og_type":"article","og_title":"Single-Sided Flexible PCB - Topfastpcb","og_description":"Topfast specializes in high-quality single-sided flexible PCBs, with 17 years of experience. Made from premium polyimide materials, they are ultra-thin, lightweight, and highly flexible, ideal for consumer electronics, medical devices, and automotive applications.","og_url":"https:\/\/www.topfastpcb.com\/fr\/products\/single-sided-flexible-pcb\/","og_site_name":"Topfastpcb","article_modified_time":"2025-06-24T02:07:44+00:00","og_image":[{"width":800,"height":800,"url":"https:\/\/www.topfastpcb.com\/wp-content\/uploads\/2025\/06\/Flexible-PCB-13.jpg","type":"image\/jpeg"}],"twitter_card":"summary_large_image","twitter_misc":{"Dur\u00e9e de lecture estim\u00e9e":"3 minutes"},"schema":{"@context":"https:\/\/schema.org","@graph":[{"@type":"WebPage","@id":"https:\/\/www.topfastpcb.com\/products\/single-sided-flexible-pcb\/","url":"https:\/\/www.topfastpcb.com\/products\/single-sided-flexible-pcb\/","name":"Single-Sided Flexible PCB - Topfastpcb","isPartOf":{"@id":"https:\/\/www.topfastpcb.com\/#website"},"primaryImageOfPage":{"@id":"https:\/\/www.topfastpcb.com\/products\/single-sided-flexible-pcb\/#primaryimage"},"image":{"@id":"https:\/\/www.topfastpcb.com\/products\/single-sided-flexible-pcb\/#primaryimage"},"thumbnailUrl":"https:\/\/www.topfastpcb.com\/wp-content\/uploads\/2025\/06\/Flexible-PCB-13.jpg","datePublished":"2025-06-17T02:39:32+00:00","dateModified":"2025-06-24T02:07:44+00:00","description":"Topfast specializes in high-quality single-sided flexible PCBs, with 17 years of experience. Made from premium polyimide materials, they are ultra-thin, lightweight, and highly flexible, ideal for consumer electronics, medical devices, and automotive applications.","breadcrumb":{"@id":"https:\/\/www.topfastpcb.com\/products\/single-sided-flexible-pcb\/#breadcrumb"},"inLanguage":"fr-FR","potentialAction":[{"@type":"ReadAction","target":["https:\/\/www.topfastpcb.com\/products\/single-sided-flexible-pcb\/"]}]},{"@type":"ImageObject","inLanguage":"fr-FR","@id":"https:\/\/www.topfastpcb.com\/products\/single-sided-flexible-pcb\/#primaryimage","url":"https:\/\/www.topfastpcb.com\/wp-content\/uploads\/2025\/06\/Flexible-PCB-13.jpg","contentUrl":"https:\/\/www.topfastpcb.com\/wp-content\/uploads\/2025\/06\/Flexible-PCB-13.jpg","width":800,"height":800,"caption":"Single-Sided Flexible PCB"},{"@type":"BreadcrumbList","@id":"https:\/\/www.topfastpcb.com\/products\/single-sided-flexible-pcb\/#breadcrumb","itemListElement":[{"@type":"ListItem","position":1,"name":"\u9996\u9875","item":"https:\/\/www.topfastpcb.com\/"},{"@type":"ListItem","position":2,"name":"\u5546\u5e97","item":"https:\/\/www.topfastpcb.com\/shop\/"},{"@type":"ListItem","position":3,"name":"Single-Sided Flexible PCB"}]},{"@type":"WebSite","@id":"https:\/\/www.topfastpcb.com\/#website","url":"https:\/\/www.topfastpcb.com\/","name":"Topfastpcb","description":"Topfast Prime Choice for Global Electronics Manufacturing","publisher":{"@id":"https:\/\/www.topfastpcb.com\/#organization"},"potentialAction":[{"@type":"SearchAction","target":{"@type":"EntryPoint","urlTemplate":"https:\/\/www.topfastpcb.com\/?s={search_term_string}"},"query-input":{"@type":"PropertyValueSpecification","valueRequired":true,"valueName":"search_term_string"}}],"inLanguage":"fr-FR"},{"@type":"Organization","@id":"https:\/\/www.topfastpcb.com\/#organization","name":"Topfastpcb","url":"https:\/\/www.topfastpcb.com\/","logo":{"@type":"ImageObject","inLanguage":"fr-FR","@id":"https:\/\/www.topfastpcb.com\/#\/schema\/logo\/image\/","url":"https:\/\/www.topfastpcb.com\/wp-content\/uploads\/2026\/02\/cropped-topfast-logo.png","contentUrl":"https:\/\/www.topfastpcb.com\/wp-content\/uploads\/2026\/02\/cropped-topfast-logo.png","width":144,"height":56,"caption":"Topfastpcb"},"image":{"@id":"https:\/\/www.topfastpcb.com\/#\/schema\/logo\/image\/"}}]}},"_links":{"self":[{"href":"https:\/\/www.topfastpcb.com\/fr\/wp-json\/wp\/v2\/product\/3324","targetHints":{"allow":["GET"]}}],"collection":[{"href":"https:\/\/www.topfastpcb.com\/fr\/wp-json\/wp\/v2\/product"}],"about":[{"href":"https:\/\/www.topfastpcb.com\/fr\/wp-json\/wp\/v2\/types\/product"}],"replies":[{"embeddable":true,"href":"https:\/\/www.topfastpcb.com\/fr\/wp-json\/wp\/v2\/comments?post=3324"}],"wp:featuredmedia":[{"embeddable":true,"href":"https:\/\/www.topfastpcb.com\/fr\/wp-json\/wp\/v2\/media\/3326"}],"wp:attachment":[{"href":"https:\/\/www.topfastpcb.com\/fr\/wp-json\/wp\/v2\/media?parent=3324"}],"wp:term":[{"taxonomy":"product_brand","embeddable":true,"href":"https:\/\/www.topfastpcb.com\/fr\/wp-json\/wp\/v2\/product_brand?post=3324"},{"taxonomy":"product_cat","embeddable":true,"href":"https:\/\/www.topfastpcb.com\/fr\/wp-json\/wp\/v2\/product_cat?post=3324"},{"taxonomy":"product_tag","embeddable":true,"href":"https:\/\/www.topfastpcb.com\/fr\/wp-json\/wp\/v2\/product_tag?post=3324"}],"curies":[{"name":"wp","href":"https:\/\/api.w.org\/{rel}","templated":true}]}}