{"id":3331,"date":"2025-06-18T08:37:32","date_gmt":"2025-06-18T00:37:32","guid":{"rendered":"https:\/\/www.topfastpcb.com\/?post_type=product&#038;p=3331"},"modified":"2025-06-17T16:01:04","modified_gmt":"2025-06-17T08:01:04","slug":"4-layer-flexible-pcb","status":"publish","type":"product","link":"https:\/\/www.topfastpcb.com\/fr\/products\/4-layer-flexible-pcb\/","title":{"rendered":"Circuit imprim\u00e9 flexible \u00e0 4 couches"},"content":{"rendered":"<div id=\"ez-toc-container\" class=\"ez-toc-v2_0_74 counter-hierarchy ez-toc-counter ez-toc-custom ez-toc-container-direction\">\n<div class=\"ez-toc-title-container\">\n<p class=\"ez-toc-title\" style=\"cursor:inherit\">Table des mati\u00e8res<\/p>\n<span class=\"ez-toc-title-toggle\"><\/span><\/div>\n<nav><ul class='ez-toc-list ez-toc-list-level-1' ><li class='ez-toc-page-1 ez-toc-heading-level-2'><a class=\"ez-toc-link ez-toc-heading-1\" href=\"https:\/\/www.topfastpcb.com\/fr\/products\/4-layer-flexible-pcb\/#Topfast_Professional_4-Layer_Flexible_PCB\" >Topfast Professional 4-Layer Flexible PCB (circuit imprim\u00e9 flexible \u00e0 4 couches)<\/a><\/li><li class='ez-toc-page-1 ez-toc-heading-level-2'><a class=\"ez-toc-link ez-toc-heading-2\" href=\"https:\/\/www.topfastpcb.com\/fr\/products\/4-layer-flexible-pcb\/#Key_Advantages_of_Topfasts_4-Layer_Flexible_PCB\" >Principaux avantages du circuit imprim\u00e9 flexible \u00e0 4 couches de Topfast<\/a><ul class='ez-toc-list-level-3' ><li class='ez-toc-heading-level-3'><a class=\"ez-toc-link ez-toc-heading-3\" href=\"https:\/\/www.topfastpcb.com\/fr\/products\/4-layer-flexible-pcb\/#1_High-Density_Wiring_for_Complex_Circuits\" >1. C\u00e2blage haute densit\u00e9 pour les circuits complexes<\/a><\/li><li class='ez-toc-page-1 ez-toc-heading-level-3'><a class=\"ez-toc-link ez-toc-heading-4\" href=\"https:\/\/www.topfastpcb.com\/fr\/products\/4-layer-flexible-pcb\/#2_Superior_Flexibility_for_Dynamic_Bending_Environments\" >2.Flexibilit\u00e9 sup\u00e9rieure pour les environnements de flexion dynamiques<\/a><\/li><li class='ez-toc-page-1 ez-toc-heading-level-3'><a class=\"ez-toc-link ez-toc-heading-5\" href=\"https:\/\/www.topfastpcb.com\/fr\/products\/4-layer-flexible-pcb\/#3_Tight_Impedance_Control_for_Signal_Integrity\" >3.Contr\u00f4le \u00e9troit de l'imp\u00e9dance pour l'int\u00e9grit\u00e9 du signal<\/a><\/li><li class='ez-toc-page-1 ez-toc-heading-level-3'><a class=\"ez-toc-link ez-toc-heading-6\" href=\"https:\/\/www.topfastpcb.com\/fr\/products\/4-layer-flexible-pcb\/#4_Multi-Layer_Shielding_for_EMIEMC_Protection\" >4.Blindage multicouche pour la protection EMI\/EMC<\/a><\/li><li class='ez-toc-page-1 ez-toc-heading-level-3'><a class=\"ez-toc-link ez-toc-heading-7\" href=\"https:\/\/www.topfastpcb.com\/fr\/products\/4-layer-flexible-pcb\/#5_High-Reliability_Manufacturing_Process\" >5.Processus de fabrication \u00e0 haute fiabilit\u00e9<\/a><\/li><\/ul><\/li><li class='ez-toc-page-1 ez-toc-heading-level-2'><a class=\"ez-toc-link ez-toc-heading-8\" href=\"https:\/\/www.topfastpcb.com\/fr\/products\/4-layer-flexible-pcb\/#Typical_Applications_of_Topfasts_4-Layer_Flexible_PCB\" >Applications typiques des circuits imprim\u00e9s flexibles \u00e0 4 couches de Topfast<\/a><\/li><li class='ez-toc-page-1 ez-toc-heading-level-2'><a class=\"ez-toc-link ez-toc-heading-9\" href=\"https:\/\/www.topfastpcb.com\/fr\/products\/4-layer-flexible-pcb\/#Why_Choose_Topfast\" >Pourquoi choisir Topfast ?<\/a><\/li><li class='ez-toc-page-1 ez-toc-heading-level-2'><a class=\"ez-toc-link ez-toc-heading-10\" href=\"https:\/\/www.topfastpcb.com\/fr\/products\/4-layer-flexible-pcb\/#Conclusion\" >Conclusion<\/a><\/li><\/ul><\/nav><\/div>\n\n<h2><span class=\"ez-toc-section\" id=\"Topfast_Professional_4-Layer_Flexible_PCB\"><\/span>Topfast Professional 4-Layer Flexible PCB (circuit imprim\u00e9 flexible \u00e0 4 couches)<span class=\"ez-toc-section-end\"><\/span><\/h2>\n<p>Dans les appareils \u00e9lectroniques hautement int\u00e9gr\u00e9s d&amp;#8217aujourd&amp;#8217hui, <strong>Circuits imprim\u00e9s flexibles \u00e0 4 couches<\/strong> sont devenus la solution privil\u00e9gi\u00e9e pour l'\u00e9lectronique industrielle, m\u00e9dicale, automobile et grand public haut de gamme en raison de leur densit\u00e9 de c\u00e2blage sup\u00e9rieure, de leur capacit\u00e9 de pliage dynamique et de leur fiabilit\u00e9 exceptionnelle. Avec 17 ans d'exp\u00e9rience, <strong>Topfast<\/strong> est sp\u00e9cialis\u00e9e dans la conception, la fabrication et l'assemblage de circuits imprim\u00e9s flexibles \u00e0 4 couches, offrant des circuits flexibles tr\u00e8s performants et ultra-fiables pour des applications exigeantes.<\/p>\n<h2><span class=\"ez-toc-section\" id=\"Key_Advantages_of_Topfasts_4-Layer_Flexible_PCB\"><\/span>Principaux avantages du circuit imprim\u00e9 flexible \u00e0 4 couches de Topfast<span class=\"ez-toc-section-end\"><\/span><\/h2>\n<h3><span class=\"ez-toc-section\" id=\"1_High-Density_Wiring_for_Complex_Circuits\"><\/span>1. C\u00e2blage haute densit\u00e9 pour les circuits complexes<span class=\"ez-toc-section-end\"><\/span><\/h3>\n<p>Les 4 couches de Topfast <a href=\"https:\/\/www.topfastpcb.com\/fr\/products\/category\/flexible-pcb\/\">circuits imprim\u00e9s souples<\/a> Les circuits imprim\u00e9s flexibles utilisent une conception d'empilage de pr\u00e9cision, supportant un routage de trace de cuivre \u00e0 4 couches pour une plus grande densit\u00e9 de c\u00e2blage, ce qui les rend id\u00e9aux pour les conceptions de circuits complexes. Qu'il s'agisse de transmission de signaux \u00e0 grande vitesse, de contr\u00f4le d'imp\u00e9dance ou de blindage multicouche, nos circuits imprim\u00e9s flexibles offrent des performances irr\u00e9prochables.<\/p>\n<h3><span class=\"ez-toc-section\" id=\"2_Superior_Flexibility_for_Dynamic_Bending_Environments\"><\/span>2.Flexibilit\u00e9 sup\u00e9rieure pour les environnements de flexion dynamiques<span class=\"ez-toc-section-end\"><\/span><\/h3>\n<p>Fabriqu\u00e9s \u00e0 partir de polyimide (PI) de haute qualit\u00e9, nos circuits imprim\u00e9s flexibles \u00e0 4 couches offrent d'excellentes performances de flexion, supportant plus de 500 000 cycles de flexion dynamiques.Ils sont parfaits pour les dispositifs portables, les smartphones pliables, les articulations robotiques et d'autres applications de flexion \u00e0 haute fr\u00e9quence.<\/p>\n<h3><span class=\"ez-toc-section\" id=\"3_Tight_Impedance_Control_for_Signal_Integrity\"><\/span>3.Contr\u00f4le \u00e9troit de l'imp\u00e9dance pour l'int\u00e9grit\u00e9 du signal<span class=\"ez-toc-section-end\"><\/span><\/h3>\n<p>Les circuits imprim\u00e9s flexibles \u00e0 4 couches de Topfast sont dot\u00e9s de conceptions d'adaptation d'imp\u00e9dance de pr\u00e9cision, avec des tol\u00e9rances contr\u00f4l\u00e9es \u00e0 \u00b15%, ce qui les rend id\u00e9aux pour les signaux num\u00e9riques \u00e0 grande vitesse (USB 3.0, HDMI) et les applications RF \u00e0 haute fr\u00e9quence (5G, Wi-Fi 6) afin d'assurer une transmission stable et sans interf\u00e9rence.<\/p>\n<h3><span class=\"ez-toc-section\" id=\"4_Multi-Layer_Shielding_for_EMIEMC_Protection\"><\/span>4.Blindage multicouche pour la protection EMI\/EMC<span class=\"ez-toc-section-end\"><\/span><\/h3>\n<p>Avec des configurations d'empilage optimis\u00e9es (par exemple, une conception sym\u00e9trique du plan de masse et du plan d'alimentation), nos circuits imprim\u00e9s flexibles \u00e0 4 couches offrent un blindage EMI\/RFI exceptionnel, adapt\u00e9 \u00e0 l'\u00e9lectronique automobile, aux appareils m\u00e9dicaux et aux syst\u00e8mes de contr\u00f4le industriels qui doivent r\u00e9pondre \u00e0 des exigences strictes en mati\u00e8re de compatibilit\u00e9 \u00e9lectromagn\u00e9tique.<\/p>\n<h3><span class=\"ez-toc-section\" id=\"5_High-Reliability_Manufacturing_Process\"><\/span>5.Processus de fabrication \u00e0 haute fiabilit\u00e9<span class=\"ez-toc-section-end\"><\/span><\/h3>\n<p>Per\u00e7age laser 30\u03bcm pour la pr\u00e9cision des microvia<br \/>\nTests AOI\/ICT \u00e0 100 % pour \u00e9liminer les d\u00e9fauts<br \/>\nCertifi\u00e9 IPC-6013, conforme aux normes les plus strictes de l'industrie<br \/>\nPrototypage rapide en 72 heures pour acc\u00e9l\u00e9rer le d\u00e9veloppement<\/p>\n<h2><img loading=\"lazy\" decoding=\"async\" src=\"https:\/\/www.topfastpcb.com\/wp-content\/uploads\/2025\/06\/4-Layer-Flexible-PCB.jpg\" alt=\"Circuit imprim\u00e9 flexible \u00e0 4 couches\" width=\"600\" height=\"402\" class=\"aligncenter size-full wp-image-3336\" srcset=\"https:\/\/www.topfastpcb.com\/wp-content\/uploads\/2025\/06\/4-Layer-Flexible-PCB.jpg 600w, https:\/\/www.topfastpcb.com\/wp-content\/uploads\/2025\/06\/4-Layer-Flexible-PCB-300x201.jpg 300w, https:\/\/www.topfastpcb.com\/wp-content\/uploads\/2025\/06\/4-Layer-Flexible-PCB-18x12.jpg 18w\" sizes=\"auto, (max-width: 600px) 100vw, 600px\" \/><\/h2>\n<h2><span class=\"ez-toc-section\" id=\"Typical_Applications_of_Topfasts_4-Layer_Flexible_PCB\"><\/span>Applications typiques des circuits imprim\u00e9s flexibles \u00e0 4 couches de Topfast<span class=\"ez-toc-section-end\"><\/span><\/h2>\n<p><strong>Dispositifs m\u00e9dicaux<\/strong>: Endoscopes, moniteurs de sant\u00e9 portables, capteurs implantables<br \/>\n<strong>\u00c9lectronique automobile<\/strong>Affichages embarqu\u00e9s, capteurs ADAS, LiDAR<br \/>\n<strong>\u00c9lectronique grand public<\/strong>Smartphones pliables, lunettes AR\/VR, smartwatches<br \/>\n<strong>Contr\u00f4le industriel<\/strong>Interconnexions robotiques flexibles, panneaux IHM, contr\u00f4leurs de mouvement<br \/>\n<strong>A\u00e9rospatiale et d\u00e9fense<\/strong>Syst\u00e8mes de communication avioniques, contr\u00f4le de vol des drones<\/p>\n<h2><span class=\"ez-toc-section\" id=\"Why_Choose_Topfast\"><\/span>Pourquoi choisir Topfast ?<span class=\"ez-toc-section-end\"><\/span><\/h2>\n<p>Plus de 17 ans d'expertise industrielle dans le domaine de la haute pr\u00e9cision <a href=\"https:\/\/www.topfastpcb.com\/fr\/\">Fabrication de circuits imprim\u00e9s<\/a><br \/>\nUsine moderne de 20 000\u33a1 avec per\u00e7age au laser, placage VCP et \u00e9quipement de pointe.<br \/>\nContr\u00f4le de qualit\u00e9 strict avec 100% d'essais \u00e0 la sonde volante &amp;amp ; inspection aux rayons X<br \/>\nR\u00e9ponse rapide - prototypage en 72 heures &amp;amp ; soutien \u00e0 la production de petites s\u00e9ries<br \/>\nOptimisation des co\u00fbts - 15 \u00e0 30 % d'\u00e9conomies de mat\u00e9riaux gr\u00e2ce \u00e0 une conception optimis\u00e9e de l'empilage<\/p>\n<h2><span class=\"ez-toc-section\" id=\"Conclusion\"><\/span>Conclusion<span class=\"ez-toc-section-end\"><\/span><\/h2>\n<p>Les circuits imprim\u00e9s flexibles \u00e0 4 couches de Topfast offrent un routage \u00e0 haute densit\u00e9, une flexibilit\u00e9 exceptionnelle et des normes de fabrication rigoureuses, ce qui en fait le choix id\u00e9al pour l'\u00e9lectronique avanc\u00e9e dans les applications m\u00e9dicales, automobiles, grand public et industrielles. Nous fournissons des solutions de circuits flexibles de haute fiabilit\u00e9 et de haute performance adapt\u00e9es \u00e0 vos besoins. Contactez-nous d\u00e8s aujourd'hui pour votre solution personnalis\u00e9e de circuit imprim\u00e9 flexible \u00e0 4 couches !<\/p>","protected":false},"excerpt":{"rendered":"<p>Cet article pr\u00e9sente les circuits imprim\u00e9s flexibles \u00e0 4 couches de Topfast, en soulignant leur haute densit\u00e9 de routage, leur flexibilit\u00e9 dynamique, leur contr\u00f4le d'imp\u00e9dance et leurs capacit\u00e9s de blindage EMI.Il couvre les applications cl\u00e9s dans le domaine m\u00e9dical, automobile et \u00e9lectronique grand public, en soulignant le professionnalisme et la fiabilit\u00e9 de Topfast dans la fabrication de circuits imprim\u00e9s flexibles.<\/p>","protected":false},"featured_media":3332,"comment_status":"closed","ping_status":"closed","template":"","meta":[],"product_brand":[],"product_cat":[96],"product_tag":[103,211],"class_list":{"0":"post-3331","1":"product","2":"type-product","3":"status-publish","4":"has-post-thumbnail","6":"product_cat-flexible-pcb","7":"product_tag-flexible-pcb","8":"product_tag-multilayer-flexible-pcb","10":"first","11":"instock","12":"shipping-taxable","13":"product-type-simple"},"yoast_head":"<!-- This site is optimized with the Yoast SEO plugin v25.1 - https:\/\/yoast.com\/wordpress\/plugins\/seo\/ -->\n<title>4-Layer Flexible PCB - Topfastpcb<\/title>\n<meta name=\"description\" content=\"Topfast specializes in 4-layer flexible PCBs with high-density wiring, dynamic bending, and tight impedance control for medical, automotive, and consumer electronics. 17+ years of expertise, 72-hour prototyping, IPC-6013 certified.\" \/>\n<meta name=\"robots\" content=\"index, follow, max-snippet:-1, max-image-preview:large, max-video-preview:-1\" \/>\n<link rel=\"canonical\" href=\"https:\/\/www.topfastpcb.com\/fr\/products\/4-layer-flexible-pcb\/\" \/>\n<meta property=\"og:locale\" content=\"fr_FR\" \/>\n<meta property=\"og:type\" content=\"article\" \/>\n<meta property=\"og:title\" content=\"4-Layer Flexible PCB - Topfastpcb\" \/>\n<meta property=\"og:description\" content=\"Topfast specializes in 4-layer flexible PCBs with high-density wiring, dynamic bending, and tight impedance control for medical, automotive, and consumer electronics. 17+ years of expertise, 72-hour prototyping, IPC-6013 certified.\" \/>\n<meta property=\"og:url\" content=\"https:\/\/www.topfastpcb.com\/fr\/products\/4-layer-flexible-pcb\/\" \/>\n<meta property=\"og:site_name\" content=\"Topfastpcb\" \/>\n<meta property=\"og:image\" content=\"https:\/\/www.topfastpcb.com\/wp-content\/uploads\/2025\/06\/Flexible-PCB-22.jpg\" \/>\n\t<meta property=\"og:image:width\" content=\"800\" \/>\n\t<meta property=\"og:image:height\" content=\"800\" \/>\n\t<meta property=\"og:image:type\" content=\"image\/jpeg\" \/>\n<meta name=\"twitter:card\" content=\"summary_large_image\" \/>\n<meta name=\"twitter:label1\" content=\"Dur\u00e9e de lecture estim\u00e9e\" \/>\n\t<meta name=\"twitter:data1\" content=\"3 minutes\" \/>\n<script type=\"application\/ld+json\" class=\"yoast-schema-graph\">{\"@context\":\"https:\/\/schema.org\",\"@graph\":[{\"@type\":\"WebPage\",\"@id\":\"https:\/\/www.topfastpcb.com\/products\/4-layer-flexible-pcb\/\",\"url\":\"https:\/\/www.topfastpcb.com\/products\/4-layer-flexible-pcb\/\",\"name\":\"4-Layer Flexible PCB - Topfastpcb\",\"isPartOf\":{\"@id\":\"https:\/\/www.topfastpcb.com\/#website\"},\"primaryImageOfPage\":{\"@id\":\"https:\/\/www.topfastpcb.com\/products\/4-layer-flexible-pcb\/#primaryimage\"},\"image\":{\"@id\":\"https:\/\/www.topfastpcb.com\/products\/4-layer-flexible-pcb\/#primaryimage\"},\"thumbnailUrl\":\"https:\/\/www.topfastpcb.com\/wp-content\/uploads\/2025\/06\/Flexible-PCB-22.jpg\",\"datePublished\":\"2025-06-18T00:37:32+00:00\",\"description\":\"Topfast specializes in 4-layer flexible PCBs with high-density wiring, dynamic bending, and tight impedance control for medical, automotive, and consumer electronics. 17+ years of expertise, 72-hour prototyping, IPC-6013 certified.\",\"breadcrumb\":{\"@id\":\"https:\/\/www.topfastpcb.com\/products\/4-layer-flexible-pcb\/#breadcrumb\"},\"inLanguage\":\"fr-FR\",\"potentialAction\":[{\"@type\":\"ReadAction\",\"target\":[\"https:\/\/www.topfastpcb.com\/products\/4-layer-flexible-pcb\/\"]}]},{\"@type\":\"ImageObject\",\"inLanguage\":\"fr-FR\",\"@id\":\"https:\/\/www.topfastpcb.com\/products\/4-layer-flexible-pcb\/#primaryimage\",\"url\":\"https:\/\/www.topfastpcb.com\/wp-content\/uploads\/2025\/06\/Flexible-PCB-22.jpg\",\"contentUrl\":\"https:\/\/www.topfastpcb.com\/wp-content\/uploads\/2025\/06\/Flexible-PCB-22.jpg\",\"width\":800,\"height\":800,\"caption\":\"4-Layer Flexible PCB\"},{\"@type\":\"BreadcrumbList\",\"@id\":\"https:\/\/www.topfastpcb.com\/products\/4-layer-flexible-pcb\/#breadcrumb\",\"itemListElement\":[{\"@type\":\"ListItem\",\"position\":1,\"name\":\"\u9996\u9875\",\"item\":\"https:\/\/www.topfastpcb.com\/\"},{\"@type\":\"ListItem\",\"position\":2,\"name\":\"\u5546\u5e97\",\"item\":\"https:\/\/www.topfastpcb.com\/shop\/\"},{\"@type\":\"ListItem\",\"position\":3,\"name\":\"4-Layer Flexible PCB\"}]},{\"@type\":\"WebSite\",\"@id\":\"https:\/\/www.topfastpcb.com\/#website\",\"url\":\"https:\/\/www.topfastpcb.com\/\",\"name\":\"Topfastpcb\",\"description\":\"Topfast Prime Choice for Global Electronics Manufacturing\",\"publisher\":{\"@id\":\"https:\/\/www.topfastpcb.com\/#organization\"},\"potentialAction\":[{\"@type\":\"SearchAction\",\"target\":{\"@type\":\"EntryPoint\",\"urlTemplate\":\"https:\/\/www.topfastpcb.com\/?s={search_term_string}\"},\"query-input\":{\"@type\":\"PropertyValueSpecification\",\"valueRequired\":true,\"valueName\":\"search_term_string\"}}],\"inLanguage\":\"fr-FR\"},{\"@type\":\"Organization\",\"@id\":\"https:\/\/www.topfastpcb.com\/#organization\",\"name\":\"Topfastpcb\",\"url\":\"https:\/\/www.topfastpcb.com\/\",\"logo\":{\"@type\":\"ImageObject\",\"inLanguage\":\"fr-FR\",\"@id\":\"https:\/\/www.topfastpcb.com\/#\/schema\/logo\/image\/\",\"url\":\"https:\/\/www.topfastpcb.com\/wp-content\/uploads\/2026\/02\/cropped-topfast-logo.png\",\"contentUrl\":\"https:\/\/www.topfastpcb.com\/wp-content\/uploads\/2026\/02\/cropped-topfast-logo.png\",\"width\":144,\"height\":56,\"caption\":\"Topfastpcb\"},\"image\":{\"@id\":\"https:\/\/www.topfastpcb.com\/#\/schema\/logo\/image\/\"}}]}<\/script>\n<!-- \/ Yoast SEO plugin. -->","yoast_head_json":{"title":"4-Layer Flexible PCB - Topfastpcb","description":"Topfast specializes in 4-layer flexible PCBs with high-density wiring, dynamic bending, and tight impedance control for medical, automotive, and consumer electronics. 17+ years of expertise, 72-hour prototyping, IPC-6013 certified.","robots":{"index":"index","follow":"follow","max-snippet":"max-snippet:-1","max-image-preview":"max-image-preview:large","max-video-preview":"max-video-preview:-1"},"canonical":"https:\/\/www.topfastpcb.com\/fr\/products\/4-layer-flexible-pcb\/","og_locale":"fr_FR","og_type":"article","og_title":"4-Layer Flexible PCB - Topfastpcb","og_description":"Topfast specializes in 4-layer flexible PCBs with high-density wiring, dynamic bending, and tight impedance control for medical, automotive, and consumer electronics. 17+ years of expertise, 72-hour prototyping, IPC-6013 certified.","og_url":"https:\/\/www.topfastpcb.com\/fr\/products\/4-layer-flexible-pcb\/","og_site_name":"Topfastpcb","og_image":[{"width":800,"height":800,"url":"https:\/\/www.topfastpcb.com\/wp-content\/uploads\/2025\/06\/Flexible-PCB-22.jpg","type":"image\/jpeg"}],"twitter_card":"summary_large_image","twitter_misc":{"Dur\u00e9e de lecture estim\u00e9e":"3 minutes"},"schema":{"@context":"https:\/\/schema.org","@graph":[{"@type":"WebPage","@id":"https:\/\/www.topfastpcb.com\/products\/4-layer-flexible-pcb\/","url":"https:\/\/www.topfastpcb.com\/products\/4-layer-flexible-pcb\/","name":"4-Layer Flexible PCB - Topfastpcb","isPartOf":{"@id":"https:\/\/www.topfastpcb.com\/#website"},"primaryImageOfPage":{"@id":"https:\/\/www.topfastpcb.com\/products\/4-layer-flexible-pcb\/#primaryimage"},"image":{"@id":"https:\/\/www.topfastpcb.com\/products\/4-layer-flexible-pcb\/#primaryimage"},"thumbnailUrl":"https:\/\/www.topfastpcb.com\/wp-content\/uploads\/2025\/06\/Flexible-PCB-22.jpg","datePublished":"2025-06-18T00:37:32+00:00","description":"Topfast specializes in 4-layer flexible PCBs with high-density wiring, dynamic bending, and tight impedance control for medical, automotive, and consumer electronics. 17+ years of expertise, 72-hour prototyping, IPC-6013 certified.","breadcrumb":{"@id":"https:\/\/www.topfastpcb.com\/products\/4-layer-flexible-pcb\/#breadcrumb"},"inLanguage":"fr-FR","potentialAction":[{"@type":"ReadAction","target":["https:\/\/www.topfastpcb.com\/products\/4-layer-flexible-pcb\/"]}]},{"@type":"ImageObject","inLanguage":"fr-FR","@id":"https:\/\/www.topfastpcb.com\/products\/4-layer-flexible-pcb\/#primaryimage","url":"https:\/\/www.topfastpcb.com\/wp-content\/uploads\/2025\/06\/Flexible-PCB-22.jpg","contentUrl":"https:\/\/www.topfastpcb.com\/wp-content\/uploads\/2025\/06\/Flexible-PCB-22.jpg","width":800,"height":800,"caption":"4-Layer Flexible PCB"},{"@type":"BreadcrumbList","@id":"https:\/\/www.topfastpcb.com\/products\/4-layer-flexible-pcb\/#breadcrumb","itemListElement":[{"@type":"ListItem","position":1,"name":"\u9996\u9875","item":"https:\/\/www.topfastpcb.com\/"},{"@type":"ListItem","position":2,"name":"\u5546\u5e97","item":"https:\/\/www.topfastpcb.com\/shop\/"},{"@type":"ListItem","position":3,"name":"4-Layer Flexible PCB"}]},{"@type":"WebSite","@id":"https:\/\/www.topfastpcb.com\/#website","url":"https:\/\/www.topfastpcb.com\/","name":"Topfastpcb","description":"Topfast Prime Choice for Global Electronics Manufacturing","publisher":{"@id":"https:\/\/www.topfastpcb.com\/#organization"},"potentialAction":[{"@type":"SearchAction","target":{"@type":"EntryPoint","urlTemplate":"https:\/\/www.topfastpcb.com\/?s={search_term_string}"},"query-input":{"@type":"PropertyValueSpecification","valueRequired":true,"valueName":"search_term_string"}}],"inLanguage":"fr-FR"},{"@type":"Organization","@id":"https:\/\/www.topfastpcb.com\/#organization","name":"Topfastpcb","url":"https:\/\/www.topfastpcb.com\/","logo":{"@type":"ImageObject","inLanguage":"fr-FR","@id":"https:\/\/www.topfastpcb.com\/#\/schema\/logo\/image\/","url":"https:\/\/www.topfastpcb.com\/wp-content\/uploads\/2026\/02\/cropped-topfast-logo.png","contentUrl":"https:\/\/www.topfastpcb.com\/wp-content\/uploads\/2026\/02\/cropped-topfast-logo.png","width":144,"height":56,"caption":"Topfastpcb"},"image":{"@id":"https:\/\/www.topfastpcb.com\/#\/schema\/logo\/image\/"}}]}},"_links":{"self":[{"href":"https:\/\/www.topfastpcb.com\/fr\/wp-json\/wp\/v2\/product\/3331","targetHints":{"allow":["GET"]}}],"collection":[{"href":"https:\/\/www.topfastpcb.com\/fr\/wp-json\/wp\/v2\/product"}],"about":[{"href":"https:\/\/www.topfastpcb.com\/fr\/wp-json\/wp\/v2\/types\/product"}],"replies":[{"embeddable":true,"href":"https:\/\/www.topfastpcb.com\/fr\/wp-json\/wp\/v2\/comments?post=3331"}],"wp:featuredmedia":[{"embeddable":true,"href":"https:\/\/www.topfastpcb.com\/fr\/wp-json\/wp\/v2\/media\/3332"}],"wp:attachment":[{"href":"https:\/\/www.topfastpcb.com\/fr\/wp-json\/wp\/v2\/media?parent=3331"}],"wp:term":[{"taxonomy":"product_brand","embeddable":true,"href":"https:\/\/www.topfastpcb.com\/fr\/wp-json\/wp\/v2\/product_brand?post=3331"},{"taxonomy":"product_cat","embeddable":true,"href":"https:\/\/www.topfastpcb.com\/fr\/wp-json\/wp\/v2\/product_cat?post=3331"},{"taxonomy":"product_tag","embeddable":true,"href":"https:\/\/www.topfastpcb.com\/fr\/wp-json\/wp\/v2\/product_tag?post=3331"}],"curies":[{"name":"wp","href":"https:\/\/api.w.org\/{rel}","templated":true}]}}