{"id":3337,"date":"2025-06-19T08:34:41","date_gmt":"2025-06-19T00:34:41","guid":{"rendered":"https:\/\/www.topfastpcb.com\/?post_type=product&#038;p=3337"},"modified":"2025-06-24T10:07:16","modified_gmt":"2025-06-24T02:07:16","slug":"mcu","status":"publish","type":"product","link":"https:\/\/www.topfastpcb.com\/fr\/products\/mcu\/","title":{"rendered":"MCU (unit\u00e9 de microcontr\u00f4leur)"},"content":{"rendered":"<div id=\"ez-toc-container\" class=\"ez-toc-v2_0_74 counter-hierarchy ez-toc-counter ez-toc-custom ez-toc-container-direction\">\n<div class=\"ez-toc-title-container\">\n<p class=\"ez-toc-title\" style=\"cursor:inherit\">Table des mati\u00e8res<\/p>\n<span class=\"ez-toc-title-toggle\"><\/span><\/div>\n<nav><ul class='ez-toc-list ez-toc-list-level-1' ><li class='ez-toc-page-1 ez-toc-heading-level-2'><a class=\"ez-toc-link ez-toc-heading-1\" href=\"https:\/\/www.topfastpcb.com\/fr\/products\/mcu\/#Topfast_MCU_Procurement\" >Acquisition d'un MCU Topfast<\/a><ul class='ez-toc-list-level-3' ><li class='ez-toc-heading-level-3'><a class=\"ez-toc-link ez-toc-heading-2\" href=\"https:\/\/www.topfastpcb.com\/fr\/products\/mcu\/#Key_Advantages_of_MCU_Procurement\" >Principaux avantages de l'acquisition de MCU :<\/a><\/li><\/ul><\/li><li class='ez-toc-page-1 ez-toc-heading-level-2'><a class=\"ez-toc-link ez-toc-heading-3\" href=\"https:\/\/www.topfastpcb.com\/fr\/products\/mcu\/#High-Precision_MCU_PCB_Assembly\" >Assemblage de circuits imprim\u00e9s MCU de haute pr\u00e9cision<\/a><ul class='ez-toc-list-level-3' ><li class='ez-toc-heading-level-3'><a class=\"ez-toc-link ez-toc-heading-4\" href=\"https:\/\/www.topfastpcb.com\/fr\/products\/mcu\/#Key_Features_of_MCU_PCB_Assembly\" >Principales caract\u00e9ristiques de l'assemblage de cartes MCU :<\/a><\/li><\/ul><\/li><li class='ez-toc-page-1 ez-toc-heading-level-2'><a class=\"ez-toc-link ez-toc-heading-5\" href=\"https:\/\/www.topfastpcb.com\/fr\/products\/mcu\/#One-Stop_MCU_PCB_Solution\" >Solution unique MCU + PCB<\/a><ul class='ez-toc-list-level-3' ><li class='ez-toc-heading-level-3'><a class=\"ez-toc-link ez-toc-heading-6\" href=\"https:\/\/www.topfastpcb.com\/fr\/products\/mcu\/#Topfasts_Competitive_Edge\" >L'avantage concurrentiel de Topfast :<\/a><\/li><\/ul><\/li><li class='ez-toc-page-1 ez-toc-heading-level-2'><a class=\"ez-toc-link ez-toc-heading-7\" href=\"https:\/\/www.topfastpcb.com\/fr\/products\/mcu\/#Applications\" >Applications<\/a><\/li><li class='ez-toc-page-1 ez-toc-heading-level-2'><a class=\"ez-toc-link ez-toc-heading-8\" href=\"https:\/\/www.topfastpcb.com\/fr\/products\/mcu\/#Why_choose_Topfast\" >Pourquoi choisir Topfast ?<\/a><\/li><\/ul><\/nav><\/div>\n\n<p class=\"ds-markdown-paragraph\">Dans l'industrie \u00e9lectronique actuelle, qui \u00e9volue rapidement, les microcontr\u00f4leurs (MCU) sont au c\u0153ur des appareils intelligents, tandis que l'assemblage de circuits imprim\u00e9s de haute qualit\u00e9 garantit des performances stables. En tant que fabricant de circuits imprim\u00e9s de premier plan, avec<span>\u00a0<\/span><strong>17 ans d'exp\u00e9rience dans le secteur<\/strong>,<span>\u00a0<\/span><a href=\"https:\/\/www.topfastpcb.com\/fr\/\"><strong>Topfast<\/strong><\/a><span>\u00a0<\/span>fournit<span>\u00a0<\/span><strong>services d'approvisionnement en MCU et d'assemblage de circuits imprim\u00e9s d'un seul tenant<\/strong>qui aide les clients \u00e0 r\u00e9duire les risques li\u00e9s \u00e0 la cha\u00eene d'approvisionnement, \u00e0 optimiser les co\u00fbts et \u00e0 acc\u00e9l\u00e9rer la mise sur le march\u00e9.<\/p>\n<h2><span class=\"ez-toc-section\" id=\"Topfast_MCU_Procurement\"><\/span><strong>Acquisition d'un MCU Topfast<\/strong><span class=\"ez-toc-section-end\"><\/span><\/h2>\n<p class=\"ds-markdown-paragraph\">Nous avons des partenariats directs avec les plus grandes marques mondiales de MCU, ce qui garantit<span>\u00a0<\/span><strong>des composants authentiques, un approvisionnement stable<\/strong>et<span>\u00a0<\/span><strong>des prix comp\u00e9titifs<\/strong>. Que vous ayez besoin de<span>\u00a0<\/span><strong><a href=\"https:\/\/www.topfastpcb.com\/fr\/products\/stm32f103c8t6-microcontroller\/\">STM32<\/a>, ESP32, PIC, NXP, TI<\/strong>ou d'autres mod\u00e8les populaires, nous proposons<span>\u00a0<\/span><strong>Prise en charge compl\u00e8te de la nomenclature<\/strong><span>\u00a0<\/span>et des solutions alternatives pour \u00e9viter les retards de production dus aux p\u00e9nuries.<\/p>\n<h3><span class=\"ez-toc-section\" id=\"Key_Advantages_of_MCU_Procurement\"><\/span><strong>Principaux avantages de l'acquisition de MCU :<\/strong><span class=\"ez-toc-section-end\"><\/span><\/h3>\n<p class=\"ds-markdown-paragraph\"><strong>Approvisionnement direct<\/strong><span>\u00a0<\/span>- STM, NXP, Microchip, TI, Renesas et autres canaux autoris\u00e9s, \u00e9liminant ainsi les risques de contrefa\u00e7on.<br \/>\n<strong>Optimisation des nomenclatures<\/strong><span>\u00a0<\/span>- Une \u00e9quipe d'experts propose des solutions rentables<br \/>\n<strong>Tra\u00e7abilit\u00e9 des lots<\/strong><span>\u00a0<\/span>- Un contr\u00f4le strict de la qualit\u00e9 garantit la fiabilit\u00e9 de l'approvisionnement<br \/>\n<strong>Gestion de l'obsolescence<\/strong><span>\u00a0<\/span>- Avertissements pr\u00e9coces pour les composants abandonn\u00e9s et recommandations de mise \u00e0 niveau<\/p>\n<h2><img loading=\"lazy\" decoding=\"async\" src=\"https:\/\/www.topfastpcb.com\/wp-content\/uploads\/2025\/06\/mcu.jpg\" alt=\"mcu\" width=\"600\" height=\"402\" class=\"aligncenter size-full wp-image-3338\" srcset=\"https:\/\/www.topfastpcb.com\/wp-content\/uploads\/2025\/06\/mcu.jpg 600w, https:\/\/www.topfastpcb.com\/wp-content\/uploads\/2025\/06\/mcu-300x201.jpg 300w, https:\/\/www.topfastpcb.com\/wp-content\/uploads\/2025\/06\/mcu-18x12.jpg 18w\" sizes=\"auto, (max-width: 600px) 100vw, 600px\" \/><\/h2>\n<h2><span class=\"ez-toc-section\" id=\"High-Precision_MCU_PCB_Assembly\"><\/span><strong>Assemblage de circuits imprim\u00e9s MCU de haute pr\u00e9cision<\/strong><span class=\"ez-toc-section-end\"><\/span><\/h2>\n<p class=\"ds-markdown-paragraph\">Les performances des MCU d\u00e9pendent non seulement de la puce elle-m\u00eame, mais aussi de la conception du circuit imprim\u00e9, des processus de soudure et des tests. La technologie Topfast<span>\u00a0<\/span><strong>Ligne de production SMT avanc\u00e9e<\/strong><span>\u00a0<\/span>soutiens<span>\u00a0<\/span><strong>Placement \u00e0 pas fin de 0,3 mm, inspection par rayons X de BGA et tests AOI\/ICT<\/strong>garantissant<span>\u00a0<\/span><strong>haute pr\u00e9cision et fiabilit\u00e9<\/strong><span>\u00a0<\/span>dans l'assemblage de la carte de circuit imprim\u00e9 de l'unit\u00e9 centrale.<\/p>\n<h3><span class=\"ez-toc-section\" id=\"Key_Features_of_MCU_PCB_Assembly\"><\/span><strong>Caract\u00e9ristiques principales du MCU <a href=\"https:\/\/www.topfastpcb.com\/fr\/products\/category\/pcba\/\">Assemblage du circuit imprim\u00e9<\/a>:<\/strong><span class=\"ez-toc-section-end\"><\/span><\/h3>\n<p class=\"ds-markdown-paragraph\"><strong>Placement de pr\u00e9cision<\/strong><span>\u00a0<\/span>- Prise en charge des bo\u00eetiers QFP, LGA, BGA et autres bo\u00eetiers complexes<br \/>\n<strong>Inspection par rayons X<\/strong><span>\u00a0<\/span>- Garantit un brasage sans d\u00e9faut des BGA<br \/>\n<strong>Pr\u00e9programmation du micrologiciel<\/strong><span>\u00a0<\/span>- Flashage du MCU pour r\u00e9duire les \u00e9tapes suppl\u00e9mentaires<br \/>\n<strong>Tests complets<\/strong><span>\u00a0<\/span>- AOI, sonde volante, essais fonctionnels pour \u00e9liminer les d\u00e9fauts<\/p>\n<h2><span class=\"ez-toc-section\" id=\"One-Stop_MCU_PCB_Solution\"><\/span><strong>Solution unique MCU + PCB<\/strong><span class=\"ez-toc-section-end\"><\/span><\/h2>\n<p class=\"ds-markdown-paragraph\">Nous ne sommes pas seulement un fournisseur, mais votre<span>\u00a0<\/span><strong>partenaire pour la fabrication de produits \u00e9lectroniques<\/strong>. Topfast int\u00e8gre<span>\u00a0<\/span><strong>Approvisionnement en MCU, fabrication de circuits imprim\u00e9s et assemblage SMT<\/strong><span>\u00a0<\/span>sous un m\u00eame toit, \u00e9liminant ainsi la coordination entre plusieurs fournisseurs, r\u00e9duisant les d\u00e9lais et les co\u00fbts.<\/p>\n<h3><span class=\"ez-toc-section\" id=\"Topfasts_Competitive_Edge\"><\/span><strong>L'avantage concurrentiel de Topfast :<\/strong><span class=\"ez-toc-section-end\"><\/span><\/h3>\n<p class=\"ds-markdown-paragraph\">\u2714<span>\u00a0<\/span><strong>Plus de 17 ans d'expertise<\/strong><span>\u00a0<\/span>- Au service de clients internationaux dans les domaines de l'\u00e9lectronique grand public, de l'automatisation industrielle, du m\u00e9dical, de l'automobile, etc.<br \/>\n\u2714<span>\u00a0<\/span><strong>Contr\u00f4le de bout en bout<\/strong><span>\u00a0<\/span>- De la nomenclature au PCBA, la production interne de 100% garantit la qualit\u00e9.<br \/>\n\u2714<span>\u00a0<\/span><strong>D\u00e9lai d'ex\u00e9cution rapide<\/strong><span>\u00a0<\/span>- Soutien<span>\u00a0<\/span><strong>prototypage + production de masse<\/strong><span>\u00a0<\/span>pour une demande flexible<br \/>\n\u2714<span>\u00a0<\/span><strong>Cha\u00eene d'approvisionnement mondiale<\/strong><span>\u00a0<\/span>- Partenariats avec des fournisseurs de composants de premier plan pour un approvisionnement stable<\/p>\n<h2><span class=\"ez-toc-section\" id=\"Applications\"><\/span><strong>Applications<\/strong><span class=\"ez-toc-section-end\"><\/span><\/h2>\n<div class=\"markdown-table-wrapper\">\n<table>\n<thead>\n<tr>\n<th><strong>L'industrie<\/strong><\/th>\n<th><strong>Applications typiques<\/strong><\/th>\n<th><strong>MCUs recommand\u00e9s<\/strong><\/th>\n<\/tr>\n<\/thead>\n<tbody>\n<tr>\n<td><strong>\u00c9lectronique grand public<\/strong><\/td>\n<td>Maison intelligente, produits portables<\/td>\n<td>STM32, ESP32<\/td>\n<\/tr>\n<tr>\n<td><strong>Automatisation industrielle<\/strong><\/td>\n<td>Contr\u00f4le des moteurs, syst\u00e8mes IHM<\/td>\n<td>NXP Kinetis, TI TMS<\/td>\n<\/tr>\n<tr>\n<td><strong>Dispositifs m\u00e9dicaux<\/strong><\/td>\n<td>Moniteurs portables, pompes \u00e0 insuline<\/td>\n<td>Microchip PIC32<\/td>\n<\/tr>\n<tr>\n<td><strong>\u00c9lectronique automobile<\/strong><\/td>\n<td>Chargeurs de VE, tableaux de bord<\/td>\n<td>Infineon AURIX, Renesas RX<\/td>\n<\/tr>\n<tr>\n<td><strong>Dispositifs IdO<\/strong><\/td>\n<td>Capteurs sans fil, informatique p\u00e9riph\u00e9rique<\/td>\n<td>Nordic nRF, STM32L<\/td>\n<\/tr>\n<\/tbody>\n<\/table>\n<\/div>\n<h2><span class=\"ez-toc-section\" id=\"Why_choose_Topfast\"><\/span>Pourquoi choisir Topfast ?<span class=\"ez-toc-section-end\"><\/span><\/h2>\n<p class=\"ds-markdown-paragraph\">Avec<span>\u00a0<\/span><strong>des \u00e9quipements de fabrication avanc\u00e9s, un contr\u00f4le de qualit\u00e9 strict et une cha\u00eene d'approvisionnement mondiale<\/strong>Topfast fournit<span>\u00a0<\/span><strong>des services d'approvisionnement en MCU et d'assemblage de circuits imprim\u00e9s tr\u00e8s fiables et rentables<\/strong>. Que ce soit pour<span>\u00a0<\/span><strong>prototypage ou production de masse<\/strong>Nous contribuons \u00e0 acc\u00e9l\u00e9rer le d\u00e9veloppement des produits et \u00e0 att\u00e9nuer les risques li\u00e9s \u00e0 la cha\u00eene d'approvisionnement.<\/p>\n<p class=\"ds-markdown-paragraph\"><strong>Contactez-nous d\u00e8s aujourd'hui pour un achat de MCU &amp; <a href=\"https:\/\/www.topfastpcb.com\/fr\/contact\/\">Devis pour l'assemblage de PCB<\/a>!<\/strong><\/p>","protected":false},"excerpt":{"rendered":"<p><span>Topfast offre des services professionnels d'approvisionnement en MCU et d'assemblage de PCB, fournissant des STM32, ESP32, PIC, et plus encore avec un assemblage SMT de haute pr\u00e9cision, une inspection par rayons X, et des tests complets. Avec plus de 17 ans d'exp\u00e9rience, nous fournissons une solution unique pour une production rapide et fiable !<\/span><\/p>","protected":false},"featured_media":3339,"comment_status":"closed","ping_status":"closed","template":"","meta":[],"product_brand":[],"product_cat":[217],"product_tag":[289,231],"class_list":{"0":"post-3337","1":"product","2":"type-product","3":"status-publish","4":"has-post-thumbnail","6":"product_cat-electronic-components","7":"product_tag-mcu","8":"product_tag-pcb-assembly","10":"first","11":"instock","12":"shipping-taxable","13":"product-type-simple"},"yoast_head":"<!-- This site is optimized with the Yoast SEO plugin v25.1 - https:\/\/yoast.com\/wordpress\/plugins\/seo\/ -->\n<title>MCU(Microcontroller Unit) - Topfastpcb<\/title>\n<meta name=\"description\" content=\"Topfast provides professional MCU procurement &amp; PCB assembly services, including STM32\/ESP32\/PIC direct supply, high-precision SMT assembly, and testing. 17+ years of expertise, one-stop solution for quality &amp; fast delivery!\" \/>\n<meta name=\"robots\" content=\"index, follow, max-snippet:-1, max-image-preview:large, max-video-preview:-1\" \/>\n<link rel=\"canonical\" href=\"https:\/\/www.topfastpcb.com\/fr\/products\/mcu\/\" \/>\n<meta property=\"og:locale\" content=\"fr_FR\" \/>\n<meta property=\"og:type\" content=\"article\" \/>\n<meta property=\"og:title\" content=\"MCU(Microcontroller Unit) - Topfastpcb\" \/>\n<meta property=\"og:description\" content=\"Topfast provides professional MCU procurement &amp; PCB assembly services, including STM32\/ESP32\/PIC direct supply, high-precision SMT assembly, and testing. 17+ years of expertise, one-stop solution for quality &amp; fast delivery!\" \/>\n<meta property=\"og:url\" content=\"https:\/\/www.topfastpcb.com\/fr\/products\/mcu\/\" \/>\n<meta property=\"og:site_name\" content=\"Topfastpcb\" \/>\n<meta property=\"article:modified_time\" content=\"2025-06-24T02:07:16+00:00\" \/>\n<meta property=\"og:image\" content=\"https:\/\/www.topfastpcb.com\/wp-content\/uploads\/2025\/06\/mcu3.jpg\" \/>\n\t<meta property=\"og:image:width\" content=\"750\" \/>\n\t<meta property=\"og:image:height\" content=\"750\" \/>\n\t<meta property=\"og:image:type\" content=\"image\/jpeg\" \/>\n<meta name=\"twitter:card\" content=\"summary_large_image\" \/>\n<meta name=\"twitter:label1\" content=\"Dur\u00e9e de lecture estim\u00e9e\" \/>\n\t<meta name=\"twitter:data1\" content=\"3 minutes\" \/>\n<script type=\"application\/ld+json\" class=\"yoast-schema-graph\">{\"@context\":\"https:\/\/schema.org\",\"@graph\":[{\"@type\":\"WebPage\",\"@id\":\"https:\/\/www.topfastpcb.com\/products\/mcu\/\",\"url\":\"https:\/\/www.topfastpcb.com\/products\/mcu\/\",\"name\":\"MCU(Microcontroller Unit) - Topfastpcb\",\"isPartOf\":{\"@id\":\"https:\/\/www.topfastpcb.com\/#website\"},\"primaryImageOfPage\":{\"@id\":\"https:\/\/www.topfastpcb.com\/products\/mcu\/#primaryimage\"},\"image\":{\"@id\":\"https:\/\/www.topfastpcb.com\/products\/mcu\/#primaryimage\"},\"thumbnailUrl\":\"https:\/\/www.topfastpcb.com\/wp-content\/uploads\/2025\/06\/mcu3.jpg\",\"datePublished\":\"2025-06-19T00:34:41+00:00\",\"dateModified\":\"2025-06-24T02:07:16+00:00\",\"description\":\"Topfast provides professional MCU procurement & PCB assembly services, including STM32\/ESP32\/PIC direct supply, high-precision SMT assembly, and testing. 17+ years of expertise, one-stop solution for quality & fast delivery!\",\"breadcrumb\":{\"@id\":\"https:\/\/www.topfastpcb.com\/products\/mcu\/#breadcrumb\"},\"inLanguage\":\"fr-FR\",\"potentialAction\":[{\"@type\":\"ReadAction\",\"target\":[\"https:\/\/www.topfastpcb.com\/products\/mcu\/\"]}]},{\"@type\":\"ImageObject\",\"inLanguage\":\"fr-FR\",\"@id\":\"https:\/\/www.topfastpcb.com\/products\/mcu\/#primaryimage\",\"url\":\"https:\/\/www.topfastpcb.com\/wp-content\/uploads\/2025\/06\/mcu3.jpg\",\"contentUrl\":\"https:\/\/www.topfastpcb.com\/wp-content\/uploads\/2025\/06\/mcu3.jpg\",\"width\":750,\"height\":750},{\"@type\":\"BreadcrumbList\",\"@id\":\"https:\/\/www.topfastpcb.com\/products\/mcu\/#breadcrumb\",\"itemListElement\":[{\"@type\":\"ListItem\",\"position\":1,\"name\":\"\u9996\u9875\",\"item\":\"https:\/\/www.topfastpcb.com\/\"},{\"@type\":\"ListItem\",\"position\":2,\"name\":\"\u5546\u5e97\",\"item\":\"https:\/\/www.topfastpcb.com\/shop\/\"},{\"@type\":\"ListItem\",\"position\":3,\"name\":\"MCU(Microcontroller Unit)\"}]},{\"@type\":\"WebSite\",\"@id\":\"https:\/\/www.topfastpcb.com\/#website\",\"url\":\"https:\/\/www.topfastpcb.com\/\",\"name\":\"Topfastpcb\",\"description\":\"Topfast Prime Choice for Global Electronics Manufacturing\",\"publisher\":{\"@id\":\"https:\/\/www.topfastpcb.com\/#organization\"},\"potentialAction\":[{\"@type\":\"SearchAction\",\"target\":{\"@type\":\"EntryPoint\",\"urlTemplate\":\"https:\/\/www.topfastpcb.com\/?s={search_term_string}\"},\"query-input\":{\"@type\":\"PropertyValueSpecification\",\"valueRequired\":true,\"valueName\":\"search_term_string\"}}],\"inLanguage\":\"fr-FR\"},{\"@type\":\"Organization\",\"@id\":\"https:\/\/www.topfastpcb.com\/#organization\",\"name\":\"Topfastpcb\",\"url\":\"https:\/\/www.topfastpcb.com\/\",\"logo\":{\"@type\":\"ImageObject\",\"inLanguage\":\"fr-FR\",\"@id\":\"https:\/\/www.topfastpcb.com\/#\/schema\/logo\/image\/\",\"url\":\"https:\/\/www.topfastpcb.com\/wp-content\/uploads\/2026\/02\/cropped-topfast-logo.png\",\"contentUrl\":\"https:\/\/www.topfastpcb.com\/wp-content\/uploads\/2026\/02\/cropped-topfast-logo.png\",\"width\":144,\"height\":56,\"caption\":\"Topfastpcb\"},\"image\":{\"@id\":\"https:\/\/www.topfastpcb.com\/#\/schema\/logo\/image\/\"}}]}<\/script>\n<!-- \/ Yoast SEO plugin. -->","yoast_head_json":{"title":"MCU(Microcontroller Unit) - Topfastpcb","description":"Topfast provides professional MCU procurement & PCB assembly services, including STM32\/ESP32\/PIC direct supply, high-precision SMT assembly, and testing. 17+ years of expertise, one-stop solution for quality & fast delivery!","robots":{"index":"index","follow":"follow","max-snippet":"max-snippet:-1","max-image-preview":"max-image-preview:large","max-video-preview":"max-video-preview:-1"},"canonical":"https:\/\/www.topfastpcb.com\/fr\/products\/mcu\/","og_locale":"fr_FR","og_type":"article","og_title":"MCU(Microcontroller Unit) - Topfastpcb","og_description":"Topfast provides professional MCU procurement & PCB assembly services, including STM32\/ESP32\/PIC direct supply, high-precision SMT assembly, and testing. 17+ years of expertise, one-stop solution for quality & fast delivery!","og_url":"https:\/\/www.topfastpcb.com\/fr\/products\/mcu\/","og_site_name":"Topfastpcb","article_modified_time":"2025-06-24T02:07:16+00:00","og_image":[{"width":750,"height":750,"url":"https:\/\/www.topfastpcb.com\/wp-content\/uploads\/2025\/06\/mcu3.jpg","type":"image\/jpeg"}],"twitter_card":"summary_large_image","twitter_misc":{"Dur\u00e9e de lecture estim\u00e9e":"3 minutes"},"schema":{"@context":"https:\/\/schema.org","@graph":[{"@type":"WebPage","@id":"https:\/\/www.topfastpcb.com\/products\/mcu\/","url":"https:\/\/www.topfastpcb.com\/products\/mcu\/","name":"MCU(Microcontroller Unit) - Topfastpcb","isPartOf":{"@id":"https:\/\/www.topfastpcb.com\/#website"},"primaryImageOfPage":{"@id":"https:\/\/www.topfastpcb.com\/products\/mcu\/#primaryimage"},"image":{"@id":"https:\/\/www.topfastpcb.com\/products\/mcu\/#primaryimage"},"thumbnailUrl":"https:\/\/www.topfastpcb.com\/wp-content\/uploads\/2025\/06\/mcu3.jpg","datePublished":"2025-06-19T00:34:41+00:00","dateModified":"2025-06-24T02:07:16+00:00","description":"Topfast provides professional MCU procurement & PCB assembly services, including STM32\/ESP32\/PIC direct supply, high-precision SMT assembly, and testing. 17+ years of expertise, one-stop solution for quality & fast delivery!","breadcrumb":{"@id":"https:\/\/www.topfastpcb.com\/products\/mcu\/#breadcrumb"},"inLanguage":"fr-FR","potentialAction":[{"@type":"ReadAction","target":["https:\/\/www.topfastpcb.com\/products\/mcu\/"]}]},{"@type":"ImageObject","inLanguage":"fr-FR","@id":"https:\/\/www.topfastpcb.com\/products\/mcu\/#primaryimage","url":"https:\/\/www.topfastpcb.com\/wp-content\/uploads\/2025\/06\/mcu3.jpg","contentUrl":"https:\/\/www.topfastpcb.com\/wp-content\/uploads\/2025\/06\/mcu3.jpg","width":750,"height":750},{"@type":"BreadcrumbList","@id":"https:\/\/www.topfastpcb.com\/products\/mcu\/#breadcrumb","itemListElement":[{"@type":"ListItem","position":1,"name":"\u9996\u9875","item":"https:\/\/www.topfastpcb.com\/"},{"@type":"ListItem","position":2,"name":"\u5546\u5e97","item":"https:\/\/www.topfastpcb.com\/shop\/"},{"@type":"ListItem","position":3,"name":"MCU(Microcontroller Unit)"}]},{"@type":"WebSite","@id":"https:\/\/www.topfastpcb.com\/#website","url":"https:\/\/www.topfastpcb.com\/","name":"Topfastpcb","description":"Topfast Prime Choice for Global Electronics Manufacturing","publisher":{"@id":"https:\/\/www.topfastpcb.com\/#organization"},"potentialAction":[{"@type":"SearchAction","target":{"@type":"EntryPoint","urlTemplate":"https:\/\/www.topfastpcb.com\/?s={search_term_string}"},"query-input":{"@type":"PropertyValueSpecification","valueRequired":true,"valueName":"search_term_string"}}],"inLanguage":"fr-FR"},{"@type":"Organization","@id":"https:\/\/www.topfastpcb.com\/#organization","name":"Topfastpcb","url":"https:\/\/www.topfastpcb.com\/","logo":{"@type":"ImageObject","inLanguage":"fr-FR","@id":"https:\/\/www.topfastpcb.com\/#\/schema\/logo\/image\/","url":"https:\/\/www.topfastpcb.com\/wp-content\/uploads\/2026\/02\/cropped-topfast-logo.png","contentUrl":"https:\/\/www.topfastpcb.com\/wp-content\/uploads\/2026\/02\/cropped-topfast-logo.png","width":144,"height":56,"caption":"Topfastpcb"},"image":{"@id":"https:\/\/www.topfastpcb.com\/#\/schema\/logo\/image\/"}}]}},"_links":{"self":[{"href":"https:\/\/www.topfastpcb.com\/fr\/wp-json\/wp\/v2\/product\/3337","targetHints":{"allow":["GET"]}}],"collection":[{"href":"https:\/\/www.topfastpcb.com\/fr\/wp-json\/wp\/v2\/product"}],"about":[{"href":"https:\/\/www.topfastpcb.com\/fr\/wp-json\/wp\/v2\/types\/product"}],"replies":[{"embeddable":true,"href":"https:\/\/www.topfastpcb.com\/fr\/wp-json\/wp\/v2\/comments?post=3337"}],"wp:featuredmedia":[{"embeddable":true,"href":"https:\/\/www.topfastpcb.com\/fr\/wp-json\/wp\/v2\/media\/3339"}],"wp:attachment":[{"href":"https:\/\/www.topfastpcb.com\/fr\/wp-json\/wp\/v2\/media?parent=3337"}],"wp:term":[{"taxonomy":"product_brand","embeddable":true,"href":"https:\/\/www.topfastpcb.com\/fr\/wp-json\/wp\/v2\/product_brand?post=3337"},{"taxonomy":"product_cat","embeddable":true,"href":"https:\/\/www.topfastpcb.com\/fr\/wp-json\/wp\/v2\/product_cat?post=3337"},{"taxonomy":"product_tag","embeddable":true,"href":"https:\/\/www.topfastpcb.com\/fr\/wp-json\/wp\/v2\/product_tag?post=3337"}],"curies":[{"name":"wp","href":"https:\/\/api.w.org\/{rel}","templated":true}]}}