{"id":3473,"date":"2025-06-27T08:26:18","date_gmt":"2025-06-27T00:26:18","guid":{"rendered":"https:\/\/www.topfastpcb.com\/?post_type=product&#038;p=3473"},"modified":"2025-06-26T10:33:53","modified_gmt":"2025-06-26T02:33:53","slug":"inductor","status":"publish","type":"product","link":"https:\/\/www.topfastpcb.com\/fr\/products\/inductor\/","title":{"rendered":"Inducteur"},"content":{"rendered":"<div id=\"ez-toc-container\" class=\"ez-toc-v2_0_74 counter-hierarchy ez-toc-counter ez-toc-custom ez-toc-container-direction\">\n<div class=\"ez-toc-title-container\">\n<p class=\"ez-toc-title\" style=\"cursor:inherit\">Table des mati\u00e8res<\/p>\n<span class=\"ez-toc-title-toggle\"><\/span><\/div>\n<nav><ul class='ez-toc-list ez-toc-list-level-1' ><li class='ez-toc-page-1 ez-toc-heading-level-2'><a class=\"ez-toc-link ez-toc-heading-1\" href=\"https:\/\/www.topfastpcb.com\/fr\/products\/inductor\/#One-Stop_Inductor_Procurement_PCB_Assembly_Solutions\" >Approvisionnement en inducteurs et solutions d'assemblage de circuits imprim\u00e9s \u00e0 partir d'un guichet unique<\/a><ul class='ez-toc-list-level-3' ><li class='ez-toc-heading-level-3'><a class=\"ez-toc-link ez-toc-heading-2\" href=\"https:\/\/www.topfastpcb.com\/fr\/products\/inductor\/#Comprehensive_Inductor_Procurement_Services\" >Services complets d'approvisionnement en inducteurs<\/a><\/li><li class='ez-toc-page-1 ez-toc-heading-level-3'><a class=\"ez-toc-link ez-toc-heading-3\" href=\"https:\/\/www.topfastpcb.com\/fr\/products\/inductor\/#High-Precision_PCB_Assembly_Services\" >Services d'assemblage de circuits imprim\u00e9s de haute pr\u00e9cision<\/a><\/li><li class='ez-toc-page-1 ez-toc-heading-level-3'><a class=\"ez-toc-link ez-toc-heading-4\" href=\"https:\/\/www.topfastpcb.com\/fr\/products\/inductor\/#Why_Global_Clients_Trust_TopFast\" >Pourquoi les clients internationaux font confiance \u00e0 TopFast<\/a><\/li><li class='ez-toc-page-1 ez-toc-heading-level-3'><a class=\"ez-toc-link ez-toc-heading-5\" href=\"https:\/\/www.topfastpcb.com\/fr\/products\/inductor\/#Industries_Served\" >Secteurs d'activit\u00e9<\/a><\/li><li class='ez-toc-page-1 ez-toc-heading-level-3'><a class=\"ez-toc-link ez-toc-heading-6\" href=\"https:\/\/www.topfastpcb.com\/fr\/products\/inductor\/#Start_Your_Project_Today\" >Lancez votre projet d\u00e8s aujourd'hui<\/a><\/li><\/ul><\/li><\/ul><\/nav><\/div>\n\n<h2><span class=\"ez-toc-section\" id=\"One-Stop_Inductor_Procurement_PCB_Assembly_Solutions\"><\/span>Approvisionnement en inducteurs et solutions d'assemblage de circuits imprim\u00e9s \u00e0 partir d'un guichet unique<span class=\"ez-toc-section-end\"><\/span><\/h2>\n<p class=\"ds-markdown-paragraph\">TopFast n'est pas seulement un fabricant de circuits imprim\u00e9s ; nous offrons des solutions compl\u00e8tes de fabrication \u00e9lectronique, de la conception au produit fini. De l'approvisionnement en composants \u00e0 l'assemblage cl\u00e9 en main, nous avons aid\u00e9 des milliers d'entreprises dans le monde \u00e0 atteindre leurs objectifs de fabrication \u00e9lectronique depuis notre cr\u00e9ation en 2008.<\/p>\n<p class=\"ds-markdown-paragraph\"><strong>Pourquoi choisir TopFast ?<\/strong><br \/>\n\u2714 17 ans d'expertise dans la fabrication et l'assemblage de circuits imprim\u00e9s<br \/>\n\u2714 Un service de bout en bout : De l'approvisionnement en composants \u00e0 <a href=\"https:\/\/www.topfastpcb.com\/fr\/products\/turnkey-pcb-assembly-services\/\">assemblage cl\u00e9 en main<\/a><br \/>\n\u2714 R\u00e9seau mondial de la cha\u00eene d'approvisionnement pour un approvisionnement stable en composants<br \/>\nR\u00e9ponse rapide : Devis en 1 heure, assistance technique 24 heures sur 24<br \/>\n\u2714 Contr\u00f4le de qualit\u00e9 \u00e0 100% &amp;amp ; tra\u00e7abilit\u00e9 compl\u00e8te<\/p>\n<p class=\"ds-markdown-paragraph\"><a target=\"_blank\" rel=\"noopener noreferrer\" href=\"https:\/\/www.topfastpcb.com\/fr\/contact\/\">Obtenir un devis gratuit<\/a><\/p>\n<h3><img loading=\"lazy\" decoding=\"async\" src=\"https:\/\/www.topfastpcb.com\/wp-content\/uploads\/2025\/06\/inductor.jpg\" alt=\"inductort3 :\" width=\"600\" height=\"402\" class=\"aligncenter size-full wp-image-3478\" srcset=\"https:\/\/www.topfastpcb.com\/wp-content\/uploads\/2025\/06\/inductor.jpg 600w, https:\/\/www.topfastpcb.com\/wp-content\/uploads\/2025\/06\/inductor-300x201.jpg 300w, https:\/\/www.topfastpcb.com\/wp-content\/uploads\/2025\/06\/inductor-18x12.jpg 18w\" sizes=\"auto, (max-width: 600px) 100vw, 600px\" \/><\/h3>\n<h3><span class=\"ez-toc-section\" id=\"Comprehensive_Inductor_Procurement_Services\"><\/span>Services complets d'approvisionnement en inducteurs<span class=\"ez-toc-section-end\"><\/span><\/h3>\n<p class=\"ds-markdown-paragraph\">Les inducteurs sont des composants critiques dans les circuits \u00e9lectroniques. TopFast s'associe \u00e0 des fournisseurs mondiaux agr\u00e9\u00e9s pour fournir une gamme compl\u00e8te de solutions d'inductances :<\/p>\n<ul>\n<li>\n<p class=\"ds-markdown-paragraph\"><strong>Inducteurs de puissance CMS<\/strong>: Pour les conceptions compactes<\/p>\n<\/li>\n<li>\n<p class=\"ds-markdown-paragraph\"><strong>Inducteurs \u00e0 noyau toro\u00efdal &amp;amp ; ferrite<\/strong>: Applications \u00e0 haut rendement<\/p>\n<\/li>\n<li>\n<p class=\"ds-markdown-paragraph\"><strong>Selfs RF<\/strong>: Optimis\u00e9 pour les performances des communications sans fil<\/p>\n<\/li>\n<li>\n<p class=\"ds-markdown-paragraph\"><strong>Inducteurs sur mesure<\/strong>: Adapt\u00e9 aux exigences uniques de la conception<\/p>\n<\/li>\n<\/ul>\n<p class=\"ds-markdown-paragraph\">Au-del\u00e0 des inducteurs, nous prenons en charge l'ensemble de vos besoins en mati\u00e8re d'approvisionnement en nomenclatures :<\/p>\n<ul>\n<li>\n<p class=\"ds-markdown-paragraph\">Composants passifs (<a href=\"https:\/\/www.topfastpcb.com\/fr\/products\/capacitor\/\">condensateurs<\/a>, <a href=\"https:\/\/www.topfastpcb.com\/fr\/products\/resistors\/\">r\u00e9sistances<\/a>etc.)<\/p>\n<\/li>\n<li>\n<p class=\"ds-markdown-paragraph\">Semi-conducteurs et circuits int\u00e9gr\u00e9s<\/p>\n<\/li>\n<li>\n<p class=\"ds-markdown-paragraph\">Modules de communication (Wi-Fi, Bluetooth, etc.)<\/p>\n<\/li>\n<li>\n<p class=\"ds-markdown-paragraph\">Composants de puissance &amp;amp ; connecteurs<\/p>\n<\/li>\n<li>\n<p class=\"ds-markdown-paragraph\">Automobile &amp;amp ; composants sp\u00e9cialis\u00e9s de qualit\u00e9 m\u00e9dicale<\/p>\n<\/li>\n<\/ul>\n<p class=\"ds-markdown-paragraph\"><a target=\"_blank\" rel=\"noopener noreferrer\" href=\"https:\/\/www.topfastpcb.com\/fr\/products\/bill-of-materials-bom\/\">T\u00e9l\u00e9chargez votre nomenclature pour l'optimiser<\/a><\/p>\n<h3><span class=\"ez-toc-section\" id=\"High-Precision_PCB_Assembly_Services\"><\/span>Services d'assemblage de circuits imprim\u00e9s de haute pr\u00e9cision<span class=\"ez-toc-section-end\"><\/span><\/h3>\n<p class=\"ds-markdown-paragraph\">L'assemblage de PCB de TopFast garantit une ex\u00e9cution sans faille des conceptions \u00e0 forte intensit\u00e9 d'inductance :<\/p>\n<ul>\n<li>\n<p class=\"ds-markdown-paragraph\">Placement automatis\u00e9 d'inducteurs CMS (pr\u00e9cision de \u00b10,025 mm)<\/p>\n<\/li>\n<li>\n<p class=\"ds-markdown-paragraph\">Assemblage \u00e0 technologie mixte (SMT + THT)<\/p>\n<\/li>\n<li>\n<p class=\"ds-markdown-paragraph\">Brasage sp\u00e9cialis\u00e9 pour les inductances \u00e0 courant \u00e9lev\u00e9<\/p>\n<\/li>\n<li>\n<p class=\"ds-markdown-paragraph\">Rev\u00eatement conforme &amp;amp ; potting pour environnements difficiles<\/p>\n<\/li>\n<li>\n<p class=\"ds-markdown-paragraph\">Soutien de bout en bout, du prototypage \u00e0 la production de masse<\/p>\n<\/li>\n<\/ul>\n<p class=\"ds-markdown-paragraph\">Nous sommes sp\u00e9cialis\u00e9s dans les projets complexes de PCBA comportant des centaines de composants, ce qui garantit un placement pr\u00e9cis.<\/p>\n<p class=\"ds-markdown-paragraph\"><a target=\"_blank\" rel=\"noopener noreferrer\" href=\"https:\/\/www.topfastpcb.com\/fr\/products\/category\/pcba\/\">D\u00e9couvrez nos capacit\u00e9s en mati\u00e8re de PCBA<\/a><\/p>\n<h3><span class=\"ez-toc-section\" id=\"Why_Global_Clients_Trust_TopFast\"><\/span>Pourquoi les clients internationaux font confiance \u00e0 TopFast<span class=\"ez-toc-section-end\"><\/span><\/h3>\n<ol start=\"1\">\n<li>\n<p class=\"ds-markdown-paragraph\"><strong>Avantages de la cha\u00eene d'approvisionnement<\/strong>: Des partenariats directs avec des marques de premier plan garantissent la qualit\u00e9 et la rentabilit\u00e9.<\/p>\n<\/li>\n<li>\n<p class=\"ds-markdown-paragraph\"><strong>Soutien \u00e0 l'ing\u00e9nierie<\/strong>: Examen et optimisation gratuits des fichiers de conception par des experts<\/p>\n<\/li>\n<li>\n<p class=\"ds-markdown-paragraph\"><strong>D\u00e9lai d'ex\u00e9cution rapide<\/strong>1 \u00e0 3 jours pour l'approvisionnement en composants, ce qui acc\u00e9l\u00e8re la mise sur le march\u00e9<\/p>\n<\/li>\n<li>\n<p class=\"ds-markdown-paragraph\"><strong>Assurance qualit\u00e9<\/strong>Usine certifi\u00e9e ISO avec des processus de contr\u00f4le de qualit\u00e9 rigoureux<\/p>\n<\/li>\n<\/ol>\n<p class=\"ds-markdown-paragraph\"><em>TopFast a r\u00e9duit nos co\u00fbts de nomenclature de 15 % tout en r\u00e9duisant les d\u00e9lais de 30 %.Leur \u00e9quipe comprend vraiment nos besoins. 8221 ;<\/em><span>\u00a0<\/span>- Fabricant international de dispositifs IoT<\/p>\n<h3><span class=\"ez-toc-section\" id=\"Industries_Served\"><\/span>Secteurs d'activit\u00e9<span class=\"ez-toc-section-end\"><\/span><\/h3>\n<p class=\"ds-markdown-paragraph\">Nos solutions alimentent des applications dans :<\/p>\n<ul>\n<li>\n<p class=\"ds-markdown-paragraph\">Syst\u00e8mes de conversion d'\u00e9nergie (SMPS, DC-DC, etc.)<\/p>\n<\/li>\n<li>\n<p class=\"ds-markdown-paragraph\">Dispositifs de communication sans fil<\/p>\n<\/li>\n<li>\n<p class=\"ds-markdown-paragraph\">Syst\u00e8mes de contr\u00f4le industriel<\/p>\n<\/li>\n<li>\n<p class=\"ds-markdown-paragraph\">\u00c9lectronique m\u00e9dicale<\/p>\n<\/li>\n<li>\n<p class=\"ds-markdown-paragraph\">\u00c9lectronique automobile<\/p>\n<\/li>\n<li>\n<p class=\"ds-markdown-paragraph\">Maison intelligente &amp;amp ; produits IoT<\/p>\n<\/li>\n<\/ul>\n<h3><span class=\"ez-toc-section\" id=\"Start_Your_Project_Today\"><\/span>Lancez votre projet d\u00e8s aujourd'hui<span class=\"ez-toc-section-end\"><\/span><\/h3>\n<p class=\"ds-markdown-paragraph\">Trois \u00e9tapes simples suffisent :<\/p>\n<ol start=\"1\">\n<li>\n<p class=\"ds-markdown-paragraph\">T\u00e9l\u00e9chargez vos fichiers Gerber &amp;amp ; BOM<\/p>\n<\/li>\n<li>\n<p class=\"ds-markdown-paragraph\">Recevez des conseils d'experts en optimisation et un devis<\/p>\n<\/li>\n<li>\n<p class=\"ds-markdown-paragraph\">Confirmez votre commande - nous nous occupons du reste<\/p>\n<\/li>\n<\/ol>\n<p class=\"ds-markdown-paragraph\">\ud83d\udce7 Courriel : <a href=\"https:\/\/mailto:op@topfastpcb.com\/\" target=\"_blank\" rel=\"noopener noreferrer\">op@topfastpcb.com<\/a><br \/>\nT\u00e9l\u00e9phone : +86 139 2957 6863 :<br \/>\n\ud83d\udd52 Assistance client\u00e8le 24\/73 :<\/p>\n<p class=\"ds-markdown-paragraph\"><a target=\"_blank\" rel=\"noopener noreferrer\" href=\"https:\/\/www.topfastpcb.com\/fr\/contact\/\">T\u00e9l\u00e9charger des fichiers pour un devis en 1 heure3 :<\/a><\/p>","protected":false},"excerpt":{"rendered":"<p>TopFast offre \u00e0 ses clients internationaux une gamme compl\u00e8te de services allant de l'approvisionnement en inductances \u00e0 l'assemblage de circuits imprim\u00e9s cl\u00e9s en main.Nous travaillons avec des marques de premier plan afin d'optimiser vos co\u00fbts de nomenclature, d'assurer une livraison rapide et de garantir une tra\u00e7abilit\u00e9 de la qualit\u00e9 \u00e0 100 %. Que vous ayez besoin d'inductances de puissance CMS, de selfs RF ou de PCBA complexes, nous pouvons vous fournir une assistance professionnelle.<\/p>","protected":false},"featured_media":3474,"comment_status":"closed","ping_status":"closed","template":"","meta":[],"product_brand":[],"product_cat":[217],"product_tag":[309],"class_list":{"0":"post-3473","1":"product","2":"type-product","3":"status-publish","4":"has-post-thumbnail","6":"product_cat-electronic-components","7":"product_tag-inductor","9":"first","10":"instock","11":"shipping-taxable","12":"product-type-simple"},"yoast_head":"<!-- This site is optimized with the Yoast SEO plugin v25.1 - https:\/\/yoast.com\/wordpress\/plugins\/seo\/ -->\n<title>Inductor - Topfastpcb<\/title>\n<meta name=\"description\" content=\"TopFast provides one-stop PCB manufacturing and inductor procurement services, including complete BOM component procurement, precision PCB assembly, and global supply chain support. Quick quotes and 24-hour response.\" \/>\n<meta name=\"robots\" content=\"index, follow, max-snippet:-1, max-image-preview:large, max-video-preview:-1\" \/>\n<link rel=\"canonical\" href=\"https:\/\/www.topfastpcb.com\/fr\/products\/inductor\/\" \/>\n<meta property=\"og:locale\" content=\"fr_FR\" \/>\n<meta property=\"og:type\" content=\"article\" \/>\n<meta property=\"og:title\" content=\"Inductor - Topfastpcb\" \/>\n<meta property=\"og:description\" content=\"TopFast provides one-stop PCB manufacturing and inductor procurement services, including complete BOM component procurement, precision PCB assembly, and global supply chain support. Quick quotes and 24-hour response.\" \/>\n<meta property=\"og:url\" content=\"https:\/\/www.topfastpcb.com\/fr\/products\/inductor\/\" \/>\n<meta property=\"og:site_name\" content=\"Topfastpcb\" \/>\n<meta property=\"og:image\" content=\"https:\/\/www.topfastpcb.com\/wp-content\/uploads\/2025\/06\/inductor-1.jpg\" \/>\n\t<meta property=\"og:image:width\" content=\"750\" \/>\n\t<meta property=\"og:image:height\" content=\"750\" \/>\n\t<meta property=\"og:image:type\" content=\"image\/jpeg\" \/>\n<meta name=\"twitter:card\" content=\"summary_large_image\" \/>\n<meta name=\"twitter:label1\" content=\"Dur\u00e9e de lecture estim\u00e9e\" \/>\n\t<meta name=\"twitter:data1\" content=\"3 minutes\" \/>\n<script type=\"application\/ld+json\" class=\"yoast-schema-graph\">{\"@context\":\"https:\/\/schema.org\",\"@graph\":[{\"@type\":\"WebPage\",\"@id\":\"https:\/\/www.topfastpcb.com\/products\/inductor\/\",\"url\":\"https:\/\/www.topfastpcb.com\/products\/inductor\/\",\"name\":\"Inductor - Topfastpcb\",\"isPartOf\":{\"@id\":\"https:\/\/www.topfastpcb.com\/#website\"},\"primaryImageOfPage\":{\"@id\":\"https:\/\/www.topfastpcb.com\/products\/inductor\/#primaryimage\"},\"image\":{\"@id\":\"https:\/\/www.topfastpcb.com\/products\/inductor\/#primaryimage\"},\"thumbnailUrl\":\"https:\/\/www.topfastpcb.com\/wp-content\/uploads\/2025\/06\/inductor-1.jpg\",\"datePublished\":\"2025-06-27T00:26:18+00:00\",\"description\":\"TopFast provides one-stop PCB manufacturing and inductor procurement services, including complete BOM component procurement, precision PCB assembly, and global supply chain support. Quick quotes and 24-hour response.\",\"breadcrumb\":{\"@id\":\"https:\/\/www.topfastpcb.com\/products\/inductor\/#breadcrumb\"},\"inLanguage\":\"fr-FR\",\"potentialAction\":[{\"@type\":\"ReadAction\",\"target\":[\"https:\/\/www.topfastpcb.com\/products\/inductor\/\"]}]},{\"@type\":\"ImageObject\",\"inLanguage\":\"fr-FR\",\"@id\":\"https:\/\/www.topfastpcb.com\/products\/inductor\/#primaryimage\",\"url\":\"https:\/\/www.topfastpcb.com\/wp-content\/uploads\/2025\/06\/inductor-1.jpg\",\"contentUrl\":\"https:\/\/www.topfastpcb.com\/wp-content\/uploads\/2025\/06\/inductor-1.jpg\",\"width\":750,\"height\":750,\"caption\":\"inductor\"},{\"@type\":\"BreadcrumbList\",\"@id\":\"https:\/\/www.topfastpcb.com\/products\/inductor\/#breadcrumb\",\"itemListElement\":[{\"@type\":\"ListItem\",\"position\":1,\"name\":\"\u9996\u9875\",\"item\":\"https:\/\/www.topfastpcb.com\/\"},{\"@type\":\"ListItem\",\"position\":2,\"name\":\"\u5546\u5e97\",\"item\":\"https:\/\/www.topfastpcb.com\/shop\/\"},{\"@type\":\"ListItem\",\"position\":3,\"name\":\"Inductor\"}]},{\"@type\":\"WebSite\",\"@id\":\"https:\/\/www.topfastpcb.com\/#website\",\"url\":\"https:\/\/www.topfastpcb.com\/\",\"name\":\"Topfastpcb\",\"description\":\"Topfast Prime Choice for Global Electronics Manufacturing\",\"publisher\":{\"@id\":\"https:\/\/www.topfastpcb.com\/#organization\"},\"potentialAction\":[{\"@type\":\"SearchAction\",\"target\":{\"@type\":\"EntryPoint\",\"urlTemplate\":\"https:\/\/www.topfastpcb.com\/?s={search_term_string}\"},\"query-input\":{\"@type\":\"PropertyValueSpecification\",\"valueRequired\":true,\"valueName\":\"search_term_string\"}}],\"inLanguage\":\"fr-FR\"},{\"@type\":\"Organization\",\"@id\":\"https:\/\/www.topfastpcb.com\/#organization\",\"name\":\"Topfastpcb\",\"url\":\"https:\/\/www.topfastpcb.com\/\",\"logo\":{\"@type\":\"ImageObject\",\"inLanguage\":\"fr-FR\",\"@id\":\"https:\/\/www.topfastpcb.com\/#\/schema\/logo\/image\/\",\"url\":\"https:\/\/www.topfastpcb.com\/wp-content\/uploads\/2026\/02\/cropped-topfast-logo.png\",\"contentUrl\":\"https:\/\/www.topfastpcb.com\/wp-content\/uploads\/2026\/02\/cropped-topfast-logo.png\",\"width\":144,\"height\":56,\"caption\":\"Topfastpcb\"},\"image\":{\"@id\":\"https:\/\/www.topfastpcb.com\/#\/schema\/logo\/image\/\"}}]}<\/script>\n<!-- \/ Yoast SEO plugin. -->","yoast_head_json":{"title":"Inductor - Topfastpcb","description":"TopFast provides one-stop PCB manufacturing and inductor procurement services, including complete BOM component procurement, precision PCB assembly, and global supply chain support. Quick quotes and 24-hour response.","robots":{"index":"index","follow":"follow","max-snippet":"max-snippet:-1","max-image-preview":"max-image-preview:large","max-video-preview":"max-video-preview:-1"},"canonical":"https:\/\/www.topfastpcb.com\/fr\/products\/inductor\/","og_locale":"fr_FR","og_type":"article","og_title":"Inductor - Topfastpcb","og_description":"TopFast provides one-stop PCB manufacturing and inductor procurement services, including complete BOM component procurement, precision PCB assembly, and global supply chain support. Quick quotes and 24-hour response.","og_url":"https:\/\/www.topfastpcb.com\/fr\/products\/inductor\/","og_site_name":"Topfastpcb","og_image":[{"width":750,"height":750,"url":"https:\/\/www.topfastpcb.com\/wp-content\/uploads\/2025\/06\/inductor-1.jpg","type":"image\/jpeg"}],"twitter_card":"summary_large_image","twitter_misc":{"Dur\u00e9e de lecture estim\u00e9e":"3 minutes"},"schema":{"@context":"https:\/\/schema.org","@graph":[{"@type":"WebPage","@id":"https:\/\/www.topfastpcb.com\/products\/inductor\/","url":"https:\/\/www.topfastpcb.com\/products\/inductor\/","name":"Inductor - Topfastpcb","isPartOf":{"@id":"https:\/\/www.topfastpcb.com\/#website"},"primaryImageOfPage":{"@id":"https:\/\/www.topfastpcb.com\/products\/inductor\/#primaryimage"},"image":{"@id":"https:\/\/www.topfastpcb.com\/products\/inductor\/#primaryimage"},"thumbnailUrl":"https:\/\/www.topfastpcb.com\/wp-content\/uploads\/2025\/06\/inductor-1.jpg","datePublished":"2025-06-27T00:26:18+00:00","description":"TopFast provides one-stop PCB manufacturing and inductor procurement services, including complete BOM component procurement, precision PCB assembly, and global supply chain support. Quick quotes and 24-hour response.","breadcrumb":{"@id":"https:\/\/www.topfastpcb.com\/products\/inductor\/#breadcrumb"},"inLanguage":"fr-FR","potentialAction":[{"@type":"ReadAction","target":["https:\/\/www.topfastpcb.com\/products\/inductor\/"]}]},{"@type":"ImageObject","inLanguage":"fr-FR","@id":"https:\/\/www.topfastpcb.com\/products\/inductor\/#primaryimage","url":"https:\/\/www.topfastpcb.com\/wp-content\/uploads\/2025\/06\/inductor-1.jpg","contentUrl":"https:\/\/www.topfastpcb.com\/wp-content\/uploads\/2025\/06\/inductor-1.jpg","width":750,"height":750,"caption":"inductor"},{"@type":"BreadcrumbList","@id":"https:\/\/www.topfastpcb.com\/products\/inductor\/#breadcrumb","itemListElement":[{"@type":"ListItem","position":1,"name":"\u9996\u9875","item":"https:\/\/www.topfastpcb.com\/"},{"@type":"ListItem","position":2,"name":"\u5546\u5e97","item":"https:\/\/www.topfastpcb.com\/shop\/"},{"@type":"ListItem","position":3,"name":"Inductor"}]},{"@type":"WebSite","@id":"https:\/\/www.topfastpcb.com\/#website","url":"https:\/\/www.topfastpcb.com\/","name":"Topfastpcb","description":"Topfast Prime Choice for Global Electronics Manufacturing","publisher":{"@id":"https:\/\/www.topfastpcb.com\/#organization"},"potentialAction":[{"@type":"SearchAction","target":{"@type":"EntryPoint","urlTemplate":"https:\/\/www.topfastpcb.com\/?s={search_term_string}"},"query-input":{"@type":"PropertyValueSpecification","valueRequired":true,"valueName":"search_term_string"}}],"inLanguage":"fr-FR"},{"@type":"Organization","@id":"https:\/\/www.topfastpcb.com\/#organization","name":"Topfastpcb","url":"https:\/\/www.topfastpcb.com\/","logo":{"@type":"ImageObject","inLanguage":"fr-FR","@id":"https:\/\/www.topfastpcb.com\/#\/schema\/logo\/image\/","url":"https:\/\/www.topfastpcb.com\/wp-content\/uploads\/2026\/02\/cropped-topfast-logo.png","contentUrl":"https:\/\/www.topfastpcb.com\/wp-content\/uploads\/2026\/02\/cropped-topfast-logo.png","width":144,"height":56,"caption":"Topfastpcb"},"image":{"@id":"https:\/\/www.topfastpcb.com\/#\/schema\/logo\/image\/"}}]}},"_links":{"self":[{"href":"https:\/\/www.topfastpcb.com\/fr\/wp-json\/wp\/v2\/product\/3473","targetHints":{"allow":["GET"]}}],"collection":[{"href":"https:\/\/www.topfastpcb.com\/fr\/wp-json\/wp\/v2\/product"}],"about":[{"href":"https:\/\/www.topfastpcb.com\/fr\/wp-json\/wp\/v2\/types\/product"}],"replies":[{"embeddable":true,"href":"https:\/\/www.topfastpcb.com\/fr\/wp-json\/wp\/v2\/comments?post=3473"}],"wp:featuredmedia":[{"embeddable":true,"href":"https:\/\/www.topfastpcb.com\/fr\/wp-json\/wp\/v2\/media\/3474"}],"wp:attachment":[{"href":"https:\/\/www.topfastpcb.com\/fr\/wp-json\/wp\/v2\/media?parent=3473"}],"wp:term":[{"taxonomy":"product_brand","embeddable":true,"href":"https:\/\/www.topfastpcb.com\/fr\/wp-json\/wp\/v2\/product_brand?post=3473"},{"taxonomy":"product_cat","embeddable":true,"href":"https:\/\/www.topfastpcb.com\/fr\/wp-json\/wp\/v2\/product_cat?post=3473"},{"taxonomy":"product_tag","embeddable":true,"href":"https:\/\/www.topfastpcb.com\/fr\/wp-json\/wp\/v2\/product_tag?post=3473"}],"curies":[{"name":"wp","href":"https:\/\/api.w.org\/{rel}","templated":true}]}}