{"id":3,"date":"2025-03-26T11:47:51","date_gmt":"2025-03-26T11:47:51","guid":{"rendered":"http:\/\/topfastpcbb.ru\/?page_id=3"},"modified":"2025-12-09T20:47:30","modified_gmt":"2025-12-09T12:47:30","slug":"privacy-policy","status":"publish","type":"page","link":"https:\/\/www.topfastpcb.com\/it\/privacy-policy\/","title":{"rendered":"Politica Privacy"},"content":{"rendered":"<p>Questo sito attribuisce grande importanza alla politica sulla privacy dell'utente e si attiene rigorosamente alle leggi e ai regolamenti in materia. Prima di continuare a utilizzare i servizi di questo sito, si prega di leggere la presente informativa sulla privacy. Se continuate a utilizzare i nostri servizi, significa che avete letto e compreso l'intero contenuto di questo accordo.<br>Questo sito rispetta e protegge la privacy di tutti gli utenti di questo servizio. Al fine di fornire all'utente un servizio pi\u00f9 accurato e personalizzato, il Sito utilizzer\u00e0 e divulgher\u00e0 le informazioni personali dell'utente in conformit\u00e0 alla presente Informativa sulla privacy. Salvo quanto diversamente previsto nella presente Informativa sulla privacy, il Sito non divulgher\u00e0 o fornir\u00e0 tali informazioni a terzi senza il previo consenso dell'utente. Il Sito pu\u00f2 aggiornare periodicamente la presente Informativa sulla privacy. Si ritiene che l'utente abbia accettato la presente Informativa sulla privacy nella sua interezza quando accetta il nostro Contratto di utilizzo del servizio. La presente Informativa sulla privacy \u00e8 parte integrante del nostro Contratto di utilizzo del servizio.<\/p><ol class=\"wp-block-list\"><li><strong>Ambito di applicazione<\/strong><br>a) Quando vi registrate per un account su questo sito web, fornite le vostre informazioni personali di registrazione in conformit\u00e0 con i requisiti di questo sito web;<br>b) Quando si utilizzano i servizi di rete del sito web o si visitano le pagine web del sito web, il sito web riceve e registra automaticamente informazioni sul browser e sul computer dell'utente, tra cui, a titolo esemplificativo ma non esaustivo, l'indirizzo IP, il tipo di browser, la lingua, la data e l'ora di accesso, le caratteristiche hardware e software delle informazioni e le registrazioni delle pagine web richieste; c) Il sito web informer\u00e0 l'utente di eventuali modifiche dell'indirizzo IP, del tipo di browser, della lingua, della data e dell'ora di accesso e delle informazioni richieste. registrazioni delle pagine web, ecc;<br>c) dati personali degli utenti ottenuti da questo sito web da partner commerciali attraverso mezzi leciti.<br>d) Questo sito vieta severamente agli utenti di pubblicare informazioni discutibili, come nudit\u00e0, pornografia, blasfemia, ecc. Esamineremo il contenuto del messaggio e, una volta individuate le informazioni discutibili, tutti i privilegi dell'utente saranno disabilitati.<br>L'utente comprende e accetta che le seguenti informazioni non si applicano alla presente politica sulla privacy:<br>a) le informazioni sulle parole chiave inserite dall'utente quando utilizza i servizi di ricerca forniti dalla nostra piattaforma;<br>b) questo sito raccoglie le informazioni e i dati rilevanti rilasciati dall'utente, tra cui, ma non solo, la partecipazione alle attivit\u00e0, le informazioni sulle transazioni e i dettagli di valutazione;<br>c) la violazione delle leggi o delle regole del sito \u00e8 stata presa nei vostri confronti.<\/li><\/ol><ol start=\"2\" class=\"wp-block-list\"><li><strong>Utilizzo delle informazioni<\/strong><br>a) Questo sito non fornir\u00e0, vender\u00e0, affitter\u00e0, condivider\u00e0 o scambier\u00e0 le informazioni personali dell'utente a terzi non collegati, a meno che non sia stata ottenuta l'autorizzazione preventiva dell'utente, oppure i terzi e questo sito (compresi gli affiliati di questo sito) forniranno servizi per l'utente individualmente o congiuntamente e, dopo la fine del servizio, sar\u00e0 loro vietato l'accesso alle informazioni, comprese tutte le informazioni a cui hanno avuto accesso.<br>b) Questo sito inoltre non consente a terzi di raccogliere, modificare, vendere o diffondere le informazioni personali dell'utente con qualsiasi mezzo senza compenso. Se un utente della piattaforma di questo sito si impegna nelle attivit\u00e0 di cui sopra, questo sito ha il diritto di rescindere il contratto di servizio con l'utente immediatamente dopo la scoperta.<br>c) Allo scopo di servire gli utenti, il Sito pu\u00f2 utilizzare i dati personali dell'utente per fornirgli informazioni di suo interesse, tra cui, a titolo esemplificativo e non esaustivo, l'invio di informazioni su prodotti e servizi, o la condivisione di informazioni con i nostri partner affinch\u00e9 possano inviargli informazioni sui loro prodotti e servizi (quest'ultimo caso richiede il consenso preventivo dell'utente).<\/li>\n\n<li><strong>Divulgazione di informazioni<\/strong><br>Nelle seguenti circostanze, questo sito web divulgher\u00e0 le informazioni personali dell'utente, in tutto o in parte, in base alla sua volont\u00e0 personale o alle disposizioni di legge:<br>a) a terzi, previo consenso dell'utente;<br>b) per fornirvi i prodotti e i servizi di cui avete bisogno, questo sito web deve condividere le vostre informazioni personali con terzi;<br>c) in conformit\u00e0 alle disposizioni di legge in materia, o su richiesta degli organi amministrativi o giudiziari, a terzi o a istituzioni amministrative e giudiziarie;<br>d) Se l'utente viola le leggi e i regolamenti pertinenti o l'accordo di servizio o le regole pertinenti di questo sito web, \u00e8 necessario rivelarlo a terzi;<br>e) Se l'utente \u00e8 un reclamante per i diritti di propriet\u00e0 intellettuale e ha presentato un reclamo, questo sito web lo divulgher\u00e0 all'intervistato in base alla richiesta di quest'ultimo, affinch\u00e9 le due parti possano affrontare l'eventuale controversia sui diritti;<br>f) In una determinata transazione creata sulla piattaforma di questo sito web, se una delle parti della transazione adempie o adempie parzialmente agli obblighi della transazione e presenta le informazioni che adempiono parzialmente agli obblighi della transazione e avanzano una richiesta di divulgazione delle informazioni, questo sito ha il diritto di decidere di fornire all'utente le informazioni di contatto dell'altra parte della transazione e altre informazioni necessarie, al fine di facilitare il completamento della transazione o la risoluzione delle controversie.<br>g) Altre informazioni che questo sito web ritiene appropriate in base a leggi, regolamenti o politiche del sito web.<\/li>\n\n<li><strong>Archiviazione e scambio di informazioni<\/strong><br>Le informazioni e i materiali sull'utente raccolti da questo sito web saranno memorizzati sui server di questo sito web e (o) delle sue affiliate, e tali informazioni e materiali potrebbero essere trasmessi al paese o alla regione in cui l'utente si trova o al di fuori del luogo in cui questo sito web raccoglie le informazioni e i materiali ed essere accessibili, memorizzati e visualizzati al di fuori del paese.<\/li>\n\n<li><strong>Utilizzo dei cookie<\/strong><br>a) Se non avete rifiutato i cookie, imposteremo o accederemo al nostro sito web sul vostro computer in modo che possiate accedere o utilizzare i servizi o le funzionalit\u00e0 della nostra piattaforma che si basano sui cookie. L'uso dei cookie ci consente di fornire all'utente servizi pi\u00f9 accurati e personalizzati, compresi i servizi promozionali.<br>b) L'utente ha il diritto di scegliere se accettare o rifiutare i cookie. \u00e8 possibile rifiutare i cookie modificando le impostazioni del browser. tuttavia, se si sceglie di rifiutare i cookie, potrebbe non essere in grado di accedere o utilizzare i nostri servizi web o le funzioni che si basano sui cookie.<br>c) Questa politica si applica alle informazioni ottenute attraverso i cookie impostati da questo sito web.<\/li>\n\n<li><strong>Sicurezza delle informazioni<\/strong><br>a) L'account di questo sito web ha una funzione di protezione di sicurezza, si prega di conservare correttamente le informazioni relative al nome utente e alla password. Questo sito sar\u00e0 criptato attraverso la password dell'utente e altre misure di sicurezza per garantire che le vostre informazioni non vadano perse, non vengano abusate o alterate. Nonostante le suddette misure di sicurezza, si prega di notare che non esistono \"misure di sicurezza perfette\" sulla rete di informazioni.<br>b) Quando si utilizzano i servizi di rete del sito per le transazioni online, \u00e8 inevitabile che si debbano comunicare alla controparte o alla potenziale controparte i propri dati personali, come le informazioni di contatto o l'indirizzo postale. Vi preghiamo di proteggere adeguatamente le vostre informazioni personali e di fornirle ad altri solo quando necessario. Se vi accorgete che le vostre informazioni personali sono trapelate, in particolare il nostro nome utente e la nostra password, vi preghiamo di contattare immediatamente il nostro servizio clienti in modo che possiamo prendere le misure appropriate.<\/li><\/ol>","protected":false},"excerpt":{"rendered":"<p>Questo sito attribuisce grande importanza alla politica sulla privacy dell'utente&#8217;e si attiene rigorosamente alle leggi e ai regolamenti in materia. Prima di continuare a utilizzare i servizi di questo sito, si prega di leggere la presente informativa sulla privacy. Se continuate a utilizzare i nostri servizi, significa che avete letto e compreso l'intero contenuto di questo accordo.Questo [&hellip;]<\/p>","protected":false},"author":1,"featured_media":0,"parent":0,"menu_order":0,"comment_status":"closed","ping_status":"closed","template":"page-templates\/privacy-policy.php","meta":{"footnotes":""},"class_list":["post-3","page","type-page","status-publish","hentry"],"yoast_head":"<!-- This site is optimized with the Yoast SEO plugin v25.1 - https:\/\/yoast.com\/wordpress\/plugins\/seo\/ -->\n<title>Privacy Policy-Topfast<\/title>\n<meta name=\"description\" content=\"This site attaches great importance to the user&#039;s privacy policy, and strictly abide by relevant laws and regulations. Before you continue to use the services of this site, please read this privacy policy.\" \/>\n<meta name=\"robots\" content=\"index, follow, max-snippet:-1, max-image-preview:large, max-video-preview:-1\" \/>\n<link rel=\"canonical\" href=\"https:\/\/www.topfastpcb.com\/it\/privacy-policy\/\" \/>\n<meta property=\"og:locale\" content=\"it_IT\" \/>\n<meta property=\"og:type\" content=\"article\" \/>\n<meta property=\"og:title\" content=\"Privacy Policy-Topfast\" \/>\n<meta property=\"og:description\" content=\"This site attaches great importance to the user&#039;s privacy policy, and strictly abide by relevant laws and regulations. Before you continue to use the services of this site, please read this privacy policy.\" \/>\n<meta property=\"og:url\" content=\"https:\/\/www.topfastpcb.com\/it\/privacy-policy\/\" \/>\n<meta property=\"og:site_name\" content=\"Topfastpcb\" \/>\n<meta property=\"article:modified_time\" content=\"2025-12-09T12:47:30+00:00\" \/>\n<meta name=\"twitter:card\" content=\"summary_large_image\" \/>\n<meta name=\"twitter:label1\" content=\"Tempo di lettura stimato\" \/>\n\t<meta name=\"twitter:data1\" content=\"7 minuti\" \/>\n<script type=\"application\/ld+json\" class=\"yoast-schema-graph\">{\"@context\":\"https:\/\/schema.org\",\"@graph\":[{\"@type\":\"WebPage\",\"@id\":\"https:\/\/www.topfastpcb.com\/privacy-policy\/\",\"url\":\"https:\/\/www.topfastpcb.com\/privacy-policy\/\",\"name\":\"Privacy Policy-Topfast\",\"isPartOf\":{\"@id\":\"https:\/\/www.topfastpcb.com\/#website\"},\"datePublished\":\"2025-03-26T11:47:51+00:00\",\"dateModified\":\"2025-12-09T12:47:30+00:00\",\"description\":\"This site attaches great importance to the user's privacy policy, and strictly abide by relevant laws and regulations. Before you continue to use the services of this site, please read this privacy policy.\",\"breadcrumb\":{\"@id\":\"https:\/\/www.topfastpcb.com\/privacy-policy\/#breadcrumb\"},\"inLanguage\":\"it-IT\",\"potentialAction\":[{\"@type\":\"ReadAction\",\"target\":[\"https:\/\/www.topfastpcb.com\/privacy-policy\/\"]}]},{\"@type\":\"BreadcrumbList\",\"@id\":\"https:\/\/www.topfastpcb.com\/privacy-policy\/#breadcrumb\",\"itemListElement\":[{\"@type\":\"ListItem\",\"position\":1,\"name\":\"\u9996\u9875\",\"item\":\"https:\/\/www.topfastpcb.com\/\"},{\"@type\":\"ListItem\",\"position\":2,\"name\":\"Privacy Policy\"}]},{\"@type\":\"WebSite\",\"@id\":\"https:\/\/www.topfastpcb.com\/#website\",\"url\":\"https:\/\/www.topfastpcb.com\/\",\"name\":\"Topfastpcb\",\"description\":\"Topfast Prime Choice for Global Electronics Manufacturing\",\"publisher\":{\"@id\":\"https:\/\/www.topfastpcb.com\/#organization\"},\"potentialAction\":[{\"@type\":\"SearchAction\",\"target\":{\"@type\":\"EntryPoint\",\"urlTemplate\":\"https:\/\/www.topfastpcb.com\/?s={search_term_string}\"},\"query-input\":{\"@type\":\"PropertyValueSpecification\",\"valueRequired\":true,\"valueName\":\"search_term_string\"}}],\"inLanguage\":\"it-IT\"},{\"@type\":\"Organization\",\"@id\":\"https:\/\/www.topfastpcb.com\/#organization\",\"name\":\"Topfastpcb\",\"url\":\"https:\/\/www.topfastpcb.com\/\",\"logo\":{\"@type\":\"ImageObject\",\"inLanguage\":\"it-IT\",\"@id\":\"https:\/\/www.topfastpcb.com\/#\/schema\/logo\/image\/\",\"url\":\"https:\/\/www.topfastpcb.com\/wp-content\/uploads\/2026\/02\/cropped-topfast-logo.png\",\"contentUrl\":\"https:\/\/www.topfastpcb.com\/wp-content\/uploads\/2026\/02\/cropped-topfast-logo.png\",\"width\":144,\"height\":56,\"caption\":\"Topfastpcb\"},\"image\":{\"@id\":\"https:\/\/www.topfastpcb.com\/#\/schema\/logo\/image\/\"}}]}<\/script>\n<!-- \/ Yoast SEO plugin. -->","yoast_head_json":{"title":"Privacy Policy-Topfast","description":"This site attaches great importance to the user's privacy policy, and strictly abide by relevant laws and regulations. Before you continue to use the services of this site, please read this privacy policy.","robots":{"index":"index","follow":"follow","max-snippet":"max-snippet:-1","max-image-preview":"max-image-preview:large","max-video-preview":"max-video-preview:-1"},"canonical":"https:\/\/www.topfastpcb.com\/it\/privacy-policy\/","og_locale":"it_IT","og_type":"article","og_title":"Privacy Policy-Topfast","og_description":"This site attaches great importance to the user's privacy policy, and strictly abide by relevant laws and regulations. Before you continue to use the services of this site, please read this privacy policy.","og_url":"https:\/\/www.topfastpcb.com\/it\/privacy-policy\/","og_site_name":"Topfastpcb","article_modified_time":"2025-12-09T12:47:30+00:00","twitter_card":"summary_large_image","twitter_misc":{"Tempo di lettura stimato":"7 minuti"},"schema":{"@context":"https:\/\/schema.org","@graph":[{"@type":"WebPage","@id":"https:\/\/www.topfastpcb.com\/privacy-policy\/","url":"https:\/\/www.topfastpcb.com\/privacy-policy\/","name":"Privacy Policy-Topfast","isPartOf":{"@id":"https:\/\/www.topfastpcb.com\/#website"},"datePublished":"2025-03-26T11:47:51+00:00","dateModified":"2025-12-09T12:47:30+00:00","description":"This site attaches great importance to the user's privacy policy, and strictly abide by relevant laws and regulations. Before you continue to use the services of this site, please read this privacy policy.","breadcrumb":{"@id":"https:\/\/www.topfastpcb.com\/privacy-policy\/#breadcrumb"},"inLanguage":"it-IT","potentialAction":[{"@type":"ReadAction","target":["https:\/\/www.topfastpcb.com\/privacy-policy\/"]}]},{"@type":"BreadcrumbList","@id":"https:\/\/www.topfastpcb.com\/privacy-policy\/#breadcrumb","itemListElement":[{"@type":"ListItem","position":1,"name":"\u9996\u9875","item":"https:\/\/www.topfastpcb.com\/"},{"@type":"ListItem","position":2,"name":"Privacy Policy"}]},{"@type":"WebSite","@id":"https:\/\/www.topfastpcb.com\/#website","url":"https:\/\/www.topfastpcb.com\/","name":"Topfastpcb","description":"Topfast Prime Choice for Global Electronics Manufacturing","publisher":{"@id":"https:\/\/www.topfastpcb.com\/#organization"},"potentialAction":[{"@type":"SearchAction","target":{"@type":"EntryPoint","urlTemplate":"https:\/\/www.topfastpcb.com\/?s={search_term_string}"},"query-input":{"@type":"PropertyValueSpecification","valueRequired":true,"valueName":"search_term_string"}}],"inLanguage":"it-IT"},{"@type":"Organization","@id":"https:\/\/www.topfastpcb.com\/#organization","name":"Topfastpcb","url":"https:\/\/www.topfastpcb.com\/","logo":{"@type":"ImageObject","inLanguage":"it-IT","@id":"https:\/\/www.topfastpcb.com\/#\/schema\/logo\/image\/","url":"https:\/\/www.topfastpcb.com\/wp-content\/uploads\/2026\/02\/cropped-topfast-logo.png","contentUrl":"https:\/\/www.topfastpcb.com\/wp-content\/uploads\/2026\/02\/cropped-topfast-logo.png","width":144,"height":56,"caption":"Topfastpcb"},"image":{"@id":"https:\/\/www.topfastpcb.com\/#\/schema\/logo\/image\/"}}]}},"_links":{"self":[{"href":"https:\/\/www.topfastpcb.com\/it\/wp-json\/wp\/v2\/pages\/3","targetHints":{"allow":["GET"]}}],"collection":[{"href":"https:\/\/www.topfastpcb.com\/it\/wp-json\/wp\/v2\/pages"}],"about":[{"href":"https:\/\/www.topfastpcb.com\/it\/wp-json\/wp\/v2\/types\/page"}],"author":[{"embeddable":true,"href":"https:\/\/www.topfastpcb.com\/it\/wp-json\/wp\/v2\/users\/1"}],"replies":[{"embeddable":true,"href":"https:\/\/www.topfastpcb.com\/it\/wp-json\/wp\/v2\/comments?post=3"}],"version-history":[{"count":1,"href":"https:\/\/www.topfastpcb.com\/it\/wp-json\/wp\/v2\/pages\/3\/revisions"}],"predecessor-version":[{"id":1897,"href":"https:\/\/www.topfastpcb.com\/it\/wp-json\/wp\/v2\/pages\/3\/revisions\/1897"}],"wp:attachment":[{"href":"https:\/\/www.topfastpcb.com\/it\/wp-json\/wp\/v2\/media?parent=3"}],"curies":[{"name":"wp","href":"https:\/\/api.w.org\/{rel}","templated":true}]}}