{"id":794,"date":"2025-04-14T08:41:43","date_gmt":"2025-04-14T08:41:43","guid":{"rendered":"http:\/\/topfastpcbb.ru\/?page_id=794"},"modified":"2025-12-09T21:16:41","modified_gmt":"2025-12-09T13:16:41","slug":"return-and-exchange-process","status":"publish","type":"page","link":"https:\/\/www.topfastpcb.com\/it\/return-and-exchange-process\/","title":{"rendered":"Processo di restituzione e scambio"},"content":{"rendered":"<p>Al fine di migliorare il sistema post-vendita e cercare di rendere i consumatori pi\u00f9 soddisfatti, l'azienda ha implementato un sistema di restituzione e scambio; i clienti che soddisfano le condizioni per la restituzione e lo scambio e sono autorizzati a restituire e scambiare le merci, si prega di attuare i seguenti termini (ad eccezione del sistema di restituzione e scambio altrimenti previsto per i prodotti speciali):<\/p><h4>1. Oggetti di restituzione e sostituzione:<\/h4><p>Tutti i clienti che acquistano i prodotti della Societ\u00e0, indipendentemente dalla modalit\u00e0 di consegna e dalla modalit\u00e0 di pagamento, possono essere restituiti e sostituiti in conformit\u00e0 alle disposizioni del regolamento.<\/p><h4>2. Condizioni per la restituzione e il cambio:<\/h4><p>1) Prodotti con problemi di qualit\u00e0 (la Societ\u00e0 non \u00e8 responsabile dei problemi di qualit\u00e0 causati da motivi propri).<\/p><p>2) La merce restituita deve soddisfare le seguenti condizioni di base:<\/p><p><strong>La merce non \u00e8 contaminata<\/strong><\/p><p>L'imballaggio della merce \u00e8 completo (compreso l'imballaggio interno ed esterno), e la merce deve essere nuova, non utilizzata nel suo stato originale, coerente con lo stato in cui \u00e8 stata ricevuta la merce, e non pregiudica le vendite secondarie;<\/p><p>Restituire anche la scatola originale della merce e il pacco di consegna, nonch\u00e9 tutti gli accessori, le etichette, i documenti di spedizione, la certificazione del prodotto, i manuali, le fatture (se presenti) e tutti gli omaggi (se presenti).<\/p><h4>3. Elaborazione dei rimborsi<\/h4><p>Dopo aver ricevuto la merce restituita entro i termini previsti, la Societ\u00e0 provveder\u00e0 a rimborsare al cliente l'importo pagato per la merce secondo le disposizioni di legge, dopo aver verificato che la merce e gli eventuali accessori siano integri e che le etichette, le fatture e gli omaggi (se presenti) siano completi.<\/p><h3>4, Restituzioni e cambi Nota:<\/h3><p>Se la merce restituita non soddisfa le condizioni di questa politica di restituzione, la nostra azienda non accetter\u00e0 la restituzione o il cambio e non potr\u00e0 realizzare il rimborso.<\/p><p>In caso di mancata restituzione della fattura, degli accessori o degli omaggi (se presenti), la nostra azienda ha il diritto di detrarre l'imposta sulla fattura, gli accessori o gli omaggi dall'importo pagato al prezzo di mercato.<\/p><p>Se il cliente non restituisce la fattura, l'accessorio o l'articolo in omaggio dell'ordine, ma la Societ\u00e0 non ha detratto l'imposta sulla fattura, il prezzo di mercato dell'accessorio o dell'articolo in omaggio, o non ha chiesto al cliente di restituire il suddetto articolo o materiale, ci\u00f2 non sar\u00e0 considerato come una rinuncia al diritto della Societ\u00e0 di avanzare le relative richieste.<\/p><p>I clienti possono chiamare la hotline post-vendita della Societ\u00e0 per chiedere informazioni.<\/p>","protected":false},"excerpt":{"rendered":"<p>Al fine di migliorare il sistema post-vendita, e cercare di rendere i consumatori pi\u00f9 soddisfatti, l'azienda ha implementato un sistema di restituzione e di scambio, i clienti che soddisfano le condizioni per la restituzione e lo scambio e sono autorizzati a restituire e scambiare le merci, si prega di attuare i seguenti termini (ad eccezione del sistema di restituzione e di scambio altrimenti previsto per [&hellip;]<\/p>","protected":false},"author":1,"featured_media":0,"parent":0,"menu_order":0,"comment_status":"closed","ping_status":"closed","template":"page-templates\/return-and-exchange-process.php","meta":{"footnotes":""},"class_list":["post-794","page","type-page","status-publish","hentry"],"yoast_head":"<!-- This site is optimized with the Yoast SEO plugin v25.1 - https:\/\/yoast.com\/wordpress\/plugins\/seo\/ -->\n<title>Return and Exchange Process-Topfast<\/title>\n<meta name=\"description\" content=\"In order to improve the after-sales system and strive to make consumers more satisfied, the company has implemented a return and exchange system, which meets the conditions for return and exchange and is authorized to return and exchange the goods to the customer.\" \/>\n<meta name=\"robots\" content=\"index, follow, max-snippet:-1, max-image-preview:large, max-video-preview:-1\" \/>\n<link rel=\"canonical\" href=\"https:\/\/www.topfastpcb.com\/it\/return-and-exchange-process\/\" \/>\n<meta property=\"og:locale\" content=\"it_IT\" \/>\n<meta property=\"og:type\" content=\"article\" \/>\n<meta property=\"og:title\" content=\"Return and Exchange Process-Topfast\" \/>\n<meta property=\"og:description\" content=\"In order to improve the after-sales system and strive to make consumers more satisfied, the company has implemented a return and exchange system, which meets the conditions for return and exchange and is authorized to return and exchange the goods to the customer.\" \/>\n<meta property=\"og:url\" content=\"https:\/\/www.topfastpcb.com\/it\/return-and-exchange-process\/\" \/>\n<meta property=\"og:site_name\" content=\"Topfastpcb\" \/>\n<meta property=\"article:modified_time\" content=\"2025-12-09T13:16:41+00:00\" \/>\n<meta name=\"twitter:card\" content=\"summary_large_image\" \/>\n<meta name=\"twitter:label1\" content=\"Tempo di lettura stimato\" \/>\n\t<meta name=\"twitter:data1\" content=\"3 minuti\" \/>\n<script type=\"application\/ld+json\" class=\"yoast-schema-graph\">{\"@context\":\"https:\/\/schema.org\",\"@graph\":[{\"@type\":\"WebPage\",\"@id\":\"https:\/\/www.topfastpcb.com\/return-and-exchange-process\/\",\"url\":\"https:\/\/www.topfastpcb.com\/return-and-exchange-process\/\",\"name\":\"Return and Exchange Process-Topfast\",\"isPartOf\":{\"@id\":\"https:\/\/www.topfastpcb.com\/#website\"},\"datePublished\":\"2025-04-14T08:41:43+00:00\",\"dateModified\":\"2025-12-09T13:16:41+00:00\",\"description\":\"In order to improve the after-sales system and strive to make consumers more satisfied, the company has implemented a return and exchange system, which meets the conditions for return and exchange and is authorized to return and exchange the goods to the customer.\",\"breadcrumb\":{\"@id\":\"https:\/\/www.topfastpcb.com\/return-and-exchange-process\/#breadcrumb\"},\"inLanguage\":\"it-IT\",\"potentialAction\":[{\"@type\":\"ReadAction\",\"target\":[\"https:\/\/www.topfastpcb.com\/return-and-exchange-process\/\"]}]},{\"@type\":\"BreadcrumbList\",\"@id\":\"https:\/\/www.topfastpcb.com\/return-and-exchange-process\/#breadcrumb\",\"itemListElement\":[{\"@type\":\"ListItem\",\"position\":1,\"name\":\"\u9996\u9875\",\"item\":\"https:\/\/www.topfastpcb.com\/\"},{\"@type\":\"ListItem\",\"position\":2,\"name\":\"Return and Exchange Process\"}]},{\"@type\":\"WebSite\",\"@id\":\"https:\/\/www.topfastpcb.com\/#website\",\"url\":\"https:\/\/www.topfastpcb.com\/\",\"name\":\"Topfastpcb\",\"description\":\"Topfast Prime Choice for Global Electronics Manufacturing\",\"publisher\":{\"@id\":\"https:\/\/www.topfastpcb.com\/#organization\"},\"potentialAction\":[{\"@type\":\"SearchAction\",\"target\":{\"@type\":\"EntryPoint\",\"urlTemplate\":\"https:\/\/www.topfastpcb.com\/?s={search_term_string}\"},\"query-input\":{\"@type\":\"PropertyValueSpecification\",\"valueRequired\":true,\"valueName\":\"search_term_string\"}}],\"inLanguage\":\"it-IT\"},{\"@type\":\"Organization\",\"@id\":\"https:\/\/www.topfastpcb.com\/#organization\",\"name\":\"Topfastpcb\",\"url\":\"https:\/\/www.topfastpcb.com\/\",\"logo\":{\"@type\":\"ImageObject\",\"inLanguage\":\"it-IT\",\"@id\":\"https:\/\/www.topfastpcb.com\/#\/schema\/logo\/image\/\",\"url\":\"https:\/\/www.topfastpcb.com\/wp-content\/uploads\/2026\/02\/cropped-topfast-logo.png\",\"contentUrl\":\"https:\/\/www.topfastpcb.com\/wp-content\/uploads\/2026\/02\/cropped-topfast-logo.png\",\"width\":144,\"height\":56,\"caption\":\"Topfastpcb\"},\"image\":{\"@id\":\"https:\/\/www.topfastpcb.com\/#\/schema\/logo\/image\/\"}}]}<\/script>\n<!-- \/ Yoast SEO plugin. -->","yoast_head_json":{"title":"Return and Exchange Process-Topfast","description":"In order to improve the after-sales system and strive to make consumers more satisfied, the company has implemented a return and exchange system, which meets the conditions for return and exchange and is authorized to return and exchange the goods to the customer.","robots":{"index":"index","follow":"follow","max-snippet":"max-snippet:-1","max-image-preview":"max-image-preview:large","max-video-preview":"max-video-preview:-1"},"canonical":"https:\/\/www.topfastpcb.com\/it\/return-and-exchange-process\/","og_locale":"it_IT","og_type":"article","og_title":"Return and Exchange Process-Topfast","og_description":"In order to improve the after-sales system and strive to make consumers more satisfied, the company has implemented a return and exchange system, which meets the conditions for return and exchange and is authorized to return and exchange the goods to the customer.","og_url":"https:\/\/www.topfastpcb.com\/it\/return-and-exchange-process\/","og_site_name":"Topfastpcb","article_modified_time":"2025-12-09T13:16:41+00:00","twitter_card":"summary_large_image","twitter_misc":{"Tempo di lettura stimato":"3 minuti"},"schema":{"@context":"https:\/\/schema.org","@graph":[{"@type":"WebPage","@id":"https:\/\/www.topfastpcb.com\/return-and-exchange-process\/","url":"https:\/\/www.topfastpcb.com\/return-and-exchange-process\/","name":"Return and Exchange Process-Topfast","isPartOf":{"@id":"https:\/\/www.topfastpcb.com\/#website"},"datePublished":"2025-04-14T08:41:43+00:00","dateModified":"2025-12-09T13:16:41+00:00","description":"In order to improve the after-sales system and strive to make consumers more satisfied, the company has implemented a return and exchange system, which meets the conditions for return and exchange and is authorized to return and exchange the goods to the customer.","breadcrumb":{"@id":"https:\/\/www.topfastpcb.com\/return-and-exchange-process\/#breadcrumb"},"inLanguage":"it-IT","potentialAction":[{"@type":"ReadAction","target":["https:\/\/www.topfastpcb.com\/return-and-exchange-process\/"]}]},{"@type":"BreadcrumbList","@id":"https:\/\/www.topfastpcb.com\/return-and-exchange-process\/#breadcrumb","itemListElement":[{"@type":"ListItem","position":1,"name":"\u9996\u9875","item":"https:\/\/www.topfastpcb.com\/"},{"@type":"ListItem","position":2,"name":"Return and Exchange Process"}]},{"@type":"WebSite","@id":"https:\/\/www.topfastpcb.com\/#website","url":"https:\/\/www.topfastpcb.com\/","name":"Topfastpcb","description":"Topfast Prime Choice for Global Electronics Manufacturing","publisher":{"@id":"https:\/\/www.topfastpcb.com\/#organization"},"potentialAction":[{"@type":"SearchAction","target":{"@type":"EntryPoint","urlTemplate":"https:\/\/www.topfastpcb.com\/?s={search_term_string}"},"query-input":{"@type":"PropertyValueSpecification","valueRequired":true,"valueName":"search_term_string"}}],"inLanguage":"it-IT"},{"@type":"Organization","@id":"https:\/\/www.topfastpcb.com\/#organization","name":"Topfastpcb","url":"https:\/\/www.topfastpcb.com\/","logo":{"@type":"ImageObject","inLanguage":"it-IT","@id":"https:\/\/www.topfastpcb.com\/#\/schema\/logo\/image\/","url":"https:\/\/www.topfastpcb.com\/wp-content\/uploads\/2026\/02\/cropped-topfast-logo.png","contentUrl":"https:\/\/www.topfastpcb.com\/wp-content\/uploads\/2026\/02\/cropped-topfast-logo.png","width":144,"height":56,"caption":"Topfastpcb"},"image":{"@id":"https:\/\/www.topfastpcb.com\/#\/schema\/logo\/image\/"}}]}},"_links":{"self":[{"href":"https:\/\/www.topfastpcb.com\/it\/wp-json\/wp\/v2\/pages\/794","targetHints":{"allow":["GET"]}}],"collection":[{"href":"https:\/\/www.topfastpcb.com\/it\/wp-json\/wp\/v2\/pages"}],"about":[{"href":"https:\/\/www.topfastpcb.com\/it\/wp-json\/wp\/v2\/types\/page"}],"author":[{"embeddable":true,"href":"https:\/\/www.topfastpcb.com\/it\/wp-json\/wp\/v2\/users\/1"}],"replies":[{"embeddable":true,"href":"https:\/\/www.topfastpcb.com\/it\/wp-json\/wp\/v2\/comments?post=794"}],"version-history":[{"count":2,"href":"https:\/\/www.topfastpcb.com\/it\/wp-json\/wp\/v2\/pages\/794\/revisions"}],"predecessor-version":[{"id":1891,"href":"https:\/\/www.topfastpcb.com\/it\/wp-json\/wp\/v2\/pages\/794\/revisions\/1891"}],"wp:attachment":[{"href":"https:\/\/www.topfastpcb.com\/it\/wp-json\/wp\/v2\/media?parent=794"}],"curies":[{"name":"wp","href":"https:\/\/api.w.org\/{rel}","templated":true}]}}