{"id":2230,"date":"2025-04-26T16:44:10","date_gmt":"2025-04-26T08:14:10","guid":{"rendered":"http:\/\/topfastpcbb.ru\/?post_type=product&#038;p=2230"},"modified":"2025-05-06T16:02:55","modified_gmt":"2025-05-06T07:32:55","slug":"4-layer-rigid-flex-pcb","status":"publish","type":"product","link":"https:\/\/www.topfastpcb.com\/it\/products\/4-layer-rigid-flex-pcb\/","title":{"rendered":"4 strato Flex a PCB rigido"},"content":{"rendered":"<p><span style=\"vertical-align: inherit;\"><span style=\"vertical-align: inherit;\"><div id=\"ez-toc-container\" class=\"ez-toc-v2_0_74 counter-hierarchy ez-toc-counter ez-toc-custom ez-toc-container-direction\">\n<div class=\"ez-toc-title-container\">\n<p class=\"ez-toc-title\" style=\"cursor:inherit\">Indice per materie<\/p>\n<span class=\"ez-toc-title-toggle\"><\/span><\/div>\n<nav><ul class='ez-toc-list ez-toc-list-level-1' ><li class='ez-toc-page-1 ez-toc-heading-level-2'><a class=\"ez-toc-link ez-toc-heading-1\" href=\"https:\/\/www.topfastpcb.com\/it\/products\/4-layer-rigid-flex-pcb\/#Core_advantages_of_four-layer_boards\" >Vantaggi fondamentali dei pannelli a quattro strati<\/a><\/li><li class='ez-toc-page-1 ez-toc-heading-level-2'><a class=\"ez-toc-link ez-toc-heading-2\" href=\"https:\/\/www.topfastpcb.com\/it\/products\/4-layer-rigid-flex-pcb\/#Key_Considerations_for_Rigid-Flex_PCB_Designs\" >Considerazioni chiave per la progettazione rigidamente flex PCB<\/a><ul class='ez-toc-list-level-3' ><li class='ez-toc-heading-level-3'><a class=\"ez-toc-link ez-toc-heading-3\" href=\"https:\/\/www.topfastpcb.com\/it\/products\/4-layer-rigid-flex-pcb\/#1_Optimize_Functional_Partitioning\" >1.  Ottimizza suddivisione funzionale<\/a><\/li><li class='ez-toc-page-1 ez-toc-heading-level-3'><a class=\"ez-toc-link ez-toc-heading-4\" href=\"https:\/\/www.topfastpcb.com\/it\/products\/4-layer-rigid-flex-pcb\/#2_Advanced_Materials_and_Processes\" >2.  Materiali e processi avanzati<\/a><\/li><li class='ez-toc-page-1 ez-toc-heading-level-3'><a class=\"ez-toc-link ez-toc-heading-5\" href=\"https:\/\/www.topfastpcb.com\/it\/products\/4-layer-rigid-flex-pcb\/#3_Multi-physics_field_simulation\" >3.  Simulazione multifisica sul campo<\/a><\/li><li class='ez-toc-page-1 ez-toc-heading-level-3'><a class=\"ez-toc-link ez-toc-heading-6\" href=\"https:\/\/www.topfastpcb.com\/it\/products\/4-layer-rigid-flex-pcb\/#4_Modular_System_Architecture\" >4.  Architettura modulare di sistema<\/a><\/li><\/ul><\/li><li class='ez-toc-page-1 ez-toc-heading-level-2'><a class=\"ez-toc-link ez-toc-heading-7\" href=\"https:\/\/www.topfastpcb.com\/it\/products\/4-layer-rigid-flex-pcb\/#Application_Scenarios\" >Scenari d\u2019applicazione<\/a><\/li><li class='ez-toc-page-1 ez-toc-heading-level-2'><a class=\"ez-toc-link ez-toc-heading-8\" href=\"https:\/\/www.topfastpcb.com\/it\/products\/4-layer-rigid-flex-pcb\/#Why_choose_us\" >Perch\u00e9 scegliere noi?<\/a><\/li><\/ul><\/nav><\/div>\n<\/span><\/span><\/p>\n<p>Il PCB flex a quattro strati rigido \u00e8 un circuito progettato per combinare le caratteristiche delle schede a circuiti rigidi e flessibili ai fini della flessibilit\u00e0 e dell\u2019alta affidabilit\u00e0. \u00c8 generalmente costituito da una struttura a quattro strati, comprendente uno strato superiore, uno inferiore, uno di potenza e uno di terra, ed \u00e8 adatto a dispositivi elettronici complessi che devono soddisfare i requisiti di trasmissione dei segnali e di potenza.<\/p>\n<p><strong>Esso si compone dei seguenti quattro livelli funzionali fondamentali<\/strong><\/p>\n<p>Strato superiore (strato componente): utilizzato per il montaggio e la saldatura di componenti elettronici;<br \/>\nLivello interno 1 (livello segnale): contiene principalmente l\u2019allineamento dei segnali ad alta velocit\u00e0;<br \/>\nLivello interno 2 (strato di alimentazione elettrica): destinato alla rete di distribuzione edi alimentazione elettrica;<br \/>\nLivello inferiore (livello segnale\/saldatura): sia l\u2019allineamento del segnale che le funzioni di saldatura.<\/p>\n<h2><span class=\"ez-toc-section\" id=\"Core_advantages_of_four-layer_boards\"><\/span>Vantaggi fondamentali dei pannelli a quattro strati<span class=\"ez-toc-section-end\"><\/span><\/h2>\n<p>Cablaggio ad alta densit\u00e0: riduce la superficie della tavola e migliora l\u2019utilizzazione dello spazio.<br \/>\nIntegrit\u00e0 del segnale: ottimizza la trasmissione del segnale ad alta frequenza e riduce le interferenze.<br \/>\nFlessibilit\u00e0 meccanica: adattamento alle esigenze di piegatura e piegatura.<br \/>\nEfficacia dei costi: riduce i costi complessivi di fabbricazione in progetti complessi.<br \/>\nRispetto ai tradizionali pannelli a faccia singola e doppia, i PCB a quattro strati offrono tre vantaggi significativi:<br \/>\nL\u2019utilizzazione dello spazio \u00e8 aumentata di oltre il 40%, il che consente la progettazione di circuiti ad alta densit\u00e0.<br \/>\n- 60% di impedenza di potenza inferiore e 50% di interferenza acustica inferiore grazie alla progettazione di uno strato di potenza specializzato;<br \/>\nPer la progettazione di circuiti ad alta velocit\u00e0 superiori a 100MHz, l\u2019integrit\u00e0 del segnale \u00e8 notevolmente migliorata.<\/p>\n<p><img loading=\"lazy\" decoding=\"async\" src=\"https:\/\/www.topfastpcb.com\/wp-content\/uploads\/2025\/04\/rigid-flexible-pcb2.jpg\" alt=\"Piastra di incollaggio rigido-flessibile\" width=\"750\" height=\"750\" class=\"aligncenter wp-image-2231 size-full\" srcset=\"https:\/\/www.topfastpcb.com\/wp-content\/uploads\/2025\/04\/rigid-flexible-pcb2.jpg 750w, https:\/\/www.topfastpcb.com\/wp-content\/uploads\/2025\/04\/rigid-flexible-pcb2-300x300.jpg 300w, https:\/\/www.topfastpcb.com\/wp-content\/uploads\/2025\/04\/rigid-flexible-pcb2-150x150.jpg 150w, https:\/\/www.topfastpcb.com\/wp-content\/uploads\/2025\/04\/rigid-flexible-pcb2-600x600.jpg 600w, https:\/\/www.topfastpcb.com\/wp-content\/uploads\/2025\/04\/rigid-flexible-pcb2-100x100.jpg 100w\" sizes=\"auto, (max-width: 750px) 100vw, 750px\" \/><\/p>\n<h2><span class=\"ez-toc-section\" id=\"Key_Considerations_for_Rigid-Flex_PCB_Designs\"><\/span>Considerazioni chiave per <a href=\"https:\/\/www.topfastpcb.com\/it\/products\/category\/rigid-flex-pcb\/\">PCB rigido-flex<\/a> disegni<span class=\"ez-toc-section-end\"><\/span><\/h2>\n<h3><span class=\"ez-toc-section\" id=\"1_Optimize_Functional_Partitioning\"><\/span>1.  Ottimizza suddivisione funzionale<span class=\"ez-toc-section-end\"><\/span><\/h3>\n<p>I moduli di elaborazione dei segnali ad alta frequenza sono concentrati nella parte rigida per garantire l\u2019integrit\u00e0 del segnale<br \/>\nL\u2019area di interconnessione flessibile fornisce un adattamento spaziale 3D con capacit\u00e0 flettente dinamica dinamica elevata 15<br \/>\nApplicazioni tipiche: giunti di dispositivi indossabili, giunti robotici<\/p>\n<h3><span class=\"ez-toc-section\" id=\"2_Advanced_Materials_and_Processes\"><\/span>2.  Materiali e processi avanzati<span class=\"ez-toc-section-end\"><\/span><\/h3>\n<p>Substrato flessibile: polimero a cristalli liquidi (LCP), ossidr = 2,9@10ghz<br \/>\nProcesso chiave:<br \/>\nPerforazione a microvia Laser (diametro massimo 50 mm)<br \/>\nIntegrazione condensatore incorporato (3x pi\u00f9 alta densit\u00e0)<br \/>\nConduttori stampati in 3D (30\/30 mm di larghezza della linea\/spaziatura)<\/p>\n<h3><span class=\"ez-toc-section\" id=\"3_Multi-physics_field_simulation\"><\/span>3.  Simulazione multifisica sul campo<span class=\"ez-toc-section-end\"><\/span><\/h3>\n<p>Simulazione elettromagnetica: analisi a onde piene degli HFC (precisione di 0,01 db)<br \/>\nSimulazione meccanica: prova di fatica ANSYS (&gt; cicli da 100k)<br \/>\nSimulazione termica: analisi CFD Flotherm (controllo di gradiente uniforme 2)<\/p>\n<h3><span class=\"ez-toc-section\" id=\"4_Modular_System_Architecture\"><\/span>4.  Architettura modulare di sistema<span class=\"ez-toc-section-end\"><\/span><\/h3>\n<table class=\"has-fixed-layout\">\n<thead>\n<tr>\n<th class=\"wp-block-table__cell-content\">\n<div role=\"textbox\" aria-multiline=\"true\" aria-label=\"Elemento ader\" contenteditable=\"true\" class=\"block-editor-rich-text__editable rich-text\">parametro<\/div>\n<\/th>\n<th class=\"wp-block-table__cell-content\">\n<div role=\"textbox\" aria-multiline=\"true\" aria-label=\"Elemento ader\" contenteditable=\"true\" class=\"block-editor-rich-text__editable rich-text\">Progettazione convenzionale<\/div>\n<\/th>\n<th class=\"wp-block-table__cell-content\">\n<div role=\"textbox\" aria-multiline=\"true\" aria-label=\"Elemento ader\" contenteditable=\"true\" class=\"block-editor-rich-text__editable rich-text\">Progetto Rigid-Flex<\/div>\n<\/th>\n<\/tr>\n<\/thead>\n<tbody>\n<tr>\n<td class=\"wp-block-table__cell-content\">\n<div role=\"textbox\" aria-multiline=\"true\" aria-label=\"Testo Body\" contenteditable=\"true\" class=\"block-editor-rich-text__editable rich-text\">Volume<\/div>\n<\/td>\n<td class=\"wp-block-table__cell-content\">\n<div role=\"textbox\" aria-multiline=\"true\" aria-label=\"Testo Body\" contenteditable=\"true\" class=\"block-editor-rich-text__editable rich-text\">100% (valore basale)<\/div>\n<\/td>\n<td class=\"wp-block-table__cell-content\">\n<div role=\"textbox\" aria-multiline=\"true\" aria-label=\"Testo Body\" contenteditable=\"true\" class=\"block-editor-rich-text__editable rich-text\">60-70%<\/div>\n<\/td>\n<\/tr>\n<tr>\n<td class=\"wp-block-table__cell-content\">\n<div role=\"textbox\" aria-multiline=\"true\" aria-label=\"Testo Body\" contenteditable=\"true\" class=\"block-editor-rich-text__editable rich-text\">affidabilit\u00e0<\/div>\n<\/td>\n<td class=\"wp-block-table__cell-content\">\n<div role=\"textbox\" aria-multiline=\"true\" aria-label=\"Testo Body\" contenteditable=\"true\" class=\"block-editor-rich-text__editable rich-text\">1x<\/div>\n<\/td>\n<td class=\"wp-block-table__cell-content\">\n<div role=\"textbox\" aria-multiline=\"true\" aria-label=\"Testo Body\" contenteditable=\"true\" class=\"block-editor-rich-text__editable rich-text\">Miglioramento 3-5x<\/div>\n<\/td>\n<\/tr>\n<tr>\n<td class=\"wp-block-table__cell-content\">\n<div role=\"textbox\" aria-multiline=\"true\" aria-label=\"Testo Body\" contenteditable=\"true\" class=\"block-editor-rich-text__editable rich-text\">Ciclo di revisione<\/div>\n<\/td>\n<td class=\"wp-block-table__cell-content\">\n<div role=\"textbox\" aria-multiline=\"true\" aria-label=\"Testo Body\" contenteditable=\"true\" class=\"block-editor-rich-text__editable rich-text\">4-6 settimane<\/div>\n<\/td>\n<td class=\"wp-block-table__cell-content\">\n<div role=\"textbox\" aria-multiline=\"true\" aria-label=\"Testo Body\" contenteditable=\"true\" class=\"block-editor-rich-text__editable rich-text\">1-2 settimane<\/div>\n<\/td>\n<\/tr>\n<\/tbody>\n<\/table>\n<p><strong>Componenti essenziali<\/strong><br \/>\nArea rigida: processore\/memoria (componenti ad alta densit\u00e0)<br \/>\nArea flessibile: interconnessioni della topologia a catena Daisy<\/p>\n<p><strong>Certificazione e convalida<\/strong><br \/>\n40% riduzione di peso<br \/>\nRiduzione dell\u201980 % del tasso di guasti negli ambienti esposti a vibrazioni<br \/>\nObbligatorio: iterazioni di simulazione \u22653 + JIS C5016 compliance<\/p>\n<h2><span class=\"ez-toc-section\" id=\"Application_Scenarios\"><\/span>Scenari d\u2019applicazione<span class=\"ez-toc-section-end\"><\/span><\/h2>\n<p>Le schede a circuito flessibile a doppia faccia sono utilizzate in una serie di applicazioni che richiedono flessibilit\u00e0 e affidabilit\u00e0, tra cui, ma non solo:<br \/>\nElettronica di consumo: connettori flessibili in dispositivi quali smartphone e tablet.<br \/>\nElettronica automobilistica: le schede a circuito flessibile a doppia faccia offrono una migliore resistenza alla flessione e alle vibrazioni in una serie di sensori e comandi all\u2019interno delle automobili.<br \/>\nControlli industriali: nelle apparecchiature di automazione e nella robotica, i circuiti flessibili a doppia faccia possono adattarsi a movimenti meccanici complessi e a vincoli di spazio.<\/p>\n<p><img loading=\"lazy\" decoding=\"async\" src=\"https:\/\/www.topfastpcb.com\/wp-content\/uploads\/2025\/04\/Application.jpg\" alt=\"applicare\" width=\"797\" height=\"897\" class=\"aligncenter wp-image-1934 size-full\" srcset=\"https:\/\/www.topfastpcb.com\/wp-content\/uploads\/2025\/04\/Application.jpg 797w, https:\/\/www.topfastpcb.com\/wp-content\/uploads\/2025\/04\/Application-267x300.jpg 267w, https:\/\/www.topfastpcb.com\/wp-content\/uploads\/2025\/04\/Application-768x864.jpg 768w, https:\/\/www.topfastpcb.com\/wp-content\/uploads\/2025\/04\/Application-600x675.jpg 600w\" sizes=\"auto, (max-width: 797px) 100vw, 797px\" \/><\/p>\n<h2><span class=\"ez-toc-section\" id=\"Why_choose_us\"><\/span>Perch\u00e9 scegliere noi?<span class=\"ez-toc-section-end\"><\/span><\/h2>\n<p>Ci siamo specializzati nel settore dei PCB per oltre 20 anni e abbiamo una certificazione del sistema di gestione della qualit\u00e0 ISO9001, RoHS, certificazione del sistema di gestione ambientale ISO14001, TS16949 certificazione del sistema di gestione della qualit\u00e0 nel settore automobilistico e altre certificazioni.<\/p>\n<p><a href=\"https:\/\/www.topfastpcb.com\/it\/about\/\">TOPFAST<\/a> \u00c8 un fornitore professionale di PCB. Ci siamo impegnati a fornire i pannelli rigidi per PCB di qualit\u00e0 pi\u00f9 elevata ai prezzi pi\u00f9 competitivi. La nostra piattaforma gode della migliore reputazione su Google. Disponiamo di attrezzature avanzate e di una squadra tecnica specializzata per garantire la consegna tempestiva di prodotti di qualit\u00e0.<\/p>\n<p>Per i PCB Rigid-Flex, ci siamo specializzati in:<\/p>\n<p>Un consiglio PCB flex multistrato rigido, noto anche come consiglio PCB flex rigido A due lati, \u00e8 una combinazione di un consiglio flessibile e un consiglio rigido, un tipo di circuito nel quale uno strato sottile di materiale flessibile \u00e8 combinato con uno strato posteriore rigido, che viene quindi pressato insieme in un unico componente.<\/p>\n<p>&nbsp;<\/p>","protected":false},"excerpt":{"rendered":"<p>Il circuito PCB flex a 4 strati rigido \u00e8 un circuito progettato in modo da combinare le caratteristiche delle schede a circuiti rigidi e flessibili di flessibilit\u00e0 e di elevata affidabilit\u00e0.<\/p>","protected":false},"featured_media":2232,"comment_status":"open","ping_status":"closed","template":"","meta":[],"product_brand":[],"product_cat":[114],"product_tag":[204,203,199],"class_list":{"0":"post-2230","1":"product","2":"type-product","3":"status-publish","4":"has-post-thumbnail","6":"product_cat-rigid-flex-pcb","7":"product_tag-4-layer-pcb","8":"product_tag-4-layer-rigid-flex-pcb","9":"product_tag-rigid-flex-pcb","11":"first","12":"instock","13":"shipping-taxable","14":"product-type-simple"},"yoast_head":"<!-- This site is optimized with the Yoast SEO plugin v25.1 - https:\/\/yoast.com\/wordpress\/plugins\/seo\/ -->\n<title>4 Layer Rigid Flex PCB - Topfastpcb<\/title>\n<meta name=\"description\" content=\"The 4-layer rigid-flex PCB circuit board is a circuit board design that combines the features of rigid and flexible circuit boards for flexibility and high reliability.\" \/>\n<meta name=\"robots\" content=\"index, follow, max-snippet:-1, max-image-preview:large, max-video-preview:-1\" \/>\n<link rel=\"canonical\" href=\"https:\/\/www.topfastpcb.com\/it\/products\/4-layer-rigid-flex-pcb\/\" \/>\n<meta property=\"og:locale\" content=\"it_IT\" \/>\n<meta property=\"og:type\" content=\"article\" \/>\n<meta property=\"og:title\" content=\"4 Layer Rigid Flex PCB - Topfastpcb\" \/>\n<meta property=\"og:description\" content=\"The 4-layer rigid-flex PCB circuit board is a circuit board design that combines the features of rigid and flexible circuit boards for flexibility and high reliability.\" \/>\n<meta property=\"og:url\" content=\"https:\/\/www.topfastpcb.com\/it\/products\/4-layer-rigid-flex-pcb\/\" \/>\n<meta property=\"og:site_name\" content=\"Topfastpcb\" \/>\n<meta property=\"article:modified_time\" content=\"2025-05-06T07:32:55+00:00\" \/>\n<meta property=\"og:image\" content=\"https:\/\/www.topfastpcb.com\/wp-content\/uploads\/2025\/04\/rigid-flexible-pcb8.jpg\" \/>\n\t<meta property=\"og:image:width\" content=\"750\" \/>\n\t<meta property=\"og:image:height\" content=\"750\" \/>\n\t<meta property=\"og:image:type\" content=\"image\/jpeg\" \/>\n<meta name=\"twitter:card\" content=\"summary_large_image\" \/>\n<meta name=\"twitter:label1\" content=\"Tempo di lettura stimato\" \/>\n\t<meta name=\"twitter:data1\" content=\"4 minuti\" \/>\n<script type=\"application\/ld+json\" class=\"yoast-schema-graph\">{\"@context\":\"https:\/\/schema.org\",\"@graph\":[{\"@type\":\"WebPage\",\"@id\":\"https:\/\/www.topfastpcb.com\/products\/4-layer-rigid-flex-pcb\/\",\"url\":\"https:\/\/www.topfastpcb.com\/products\/4-layer-rigid-flex-pcb\/\",\"name\":\"4 Layer Rigid Flex PCB - Topfastpcb\",\"isPartOf\":{\"@id\":\"https:\/\/www.topfastpcb.com\/#website\"},\"primaryImageOfPage\":{\"@id\":\"https:\/\/www.topfastpcb.com\/products\/4-layer-rigid-flex-pcb\/#primaryimage\"},\"image\":{\"@id\":\"https:\/\/www.topfastpcb.com\/products\/4-layer-rigid-flex-pcb\/#primaryimage\"},\"thumbnailUrl\":\"https:\/\/www.topfastpcb.com\/wp-content\/uploads\/2025\/04\/rigid-flexible-pcb8.jpg\",\"datePublished\":\"2025-04-26T08:14:10+00:00\",\"dateModified\":\"2025-05-06T07:32:55+00:00\",\"description\":\"The 4-layer rigid-flex PCB circuit board is a circuit board design that combines the features of rigid and flexible circuit boards for flexibility and high reliability.\",\"breadcrumb\":{\"@id\":\"https:\/\/www.topfastpcb.com\/products\/4-layer-rigid-flex-pcb\/#breadcrumb\"},\"inLanguage\":\"it-IT\",\"potentialAction\":[{\"@type\":\"ReadAction\",\"target\":[\"https:\/\/www.topfastpcb.com\/products\/4-layer-rigid-flex-pcb\/\"]}]},{\"@type\":\"ImageObject\",\"inLanguage\":\"it-IT\",\"@id\":\"https:\/\/www.topfastpcb.com\/products\/4-layer-rigid-flex-pcb\/#primaryimage\",\"url\":\"https:\/\/www.topfastpcb.com\/wp-content\/uploads\/2025\/04\/rigid-flexible-pcb8.jpg\",\"contentUrl\":\"https:\/\/www.topfastpcb.com\/wp-content\/uploads\/2025\/04\/rigid-flexible-pcb8.jpg\",\"width\":750,\"height\":750,\"caption\":\"rigid-flexible pcb\"},{\"@type\":\"BreadcrumbList\",\"@id\":\"https:\/\/www.topfastpcb.com\/products\/4-layer-rigid-flex-pcb\/#breadcrumb\",\"itemListElement\":[{\"@type\":\"ListItem\",\"position\":1,\"name\":\"\u9996\u9875\",\"item\":\"https:\/\/www.topfastpcb.com\/\"},{\"@type\":\"ListItem\",\"position\":2,\"name\":\"\u5546\u5e97\",\"item\":\"https:\/\/www.topfastpcb.com\/shop\/\"},{\"@type\":\"ListItem\",\"position\":3,\"name\":\"4 Layer Rigid Flex PCB\"}]},{\"@type\":\"WebSite\",\"@id\":\"https:\/\/www.topfastpcb.com\/#website\",\"url\":\"https:\/\/www.topfastpcb.com\/\",\"name\":\"Topfastpcb\",\"description\":\"Topfast Prime Choice for Global Electronics Manufacturing\",\"publisher\":{\"@id\":\"https:\/\/www.topfastpcb.com\/#organization\"},\"potentialAction\":[{\"@type\":\"SearchAction\",\"target\":{\"@type\":\"EntryPoint\",\"urlTemplate\":\"https:\/\/www.topfastpcb.com\/?s={search_term_string}\"},\"query-input\":{\"@type\":\"PropertyValueSpecification\",\"valueRequired\":true,\"valueName\":\"search_term_string\"}}],\"inLanguage\":\"it-IT\"},{\"@type\":\"Organization\",\"@id\":\"https:\/\/www.topfastpcb.com\/#organization\",\"name\":\"Topfastpcb\",\"url\":\"https:\/\/www.topfastpcb.com\/\",\"logo\":{\"@type\":\"ImageObject\",\"inLanguage\":\"it-IT\",\"@id\":\"https:\/\/www.topfastpcb.com\/#\/schema\/logo\/image\/\",\"url\":\"https:\/\/www.topfastpcb.com\/wp-content\/uploads\/2026\/02\/cropped-topfast-logo.png\",\"contentUrl\":\"https:\/\/www.topfastpcb.com\/wp-content\/uploads\/2026\/02\/cropped-topfast-logo.png\",\"width\":144,\"height\":56,\"caption\":\"Topfastpcb\"},\"image\":{\"@id\":\"https:\/\/www.topfastpcb.com\/#\/schema\/logo\/image\/\"}}]}<\/script>\n<!-- \/ Yoast SEO plugin. -->","yoast_head_json":{"title":"4 Layer Rigid Flex PCB - Topfastpcb","description":"The 4-layer rigid-flex PCB circuit board is a circuit board design that combines the features of rigid and flexible circuit boards for flexibility and high reliability.","robots":{"index":"index","follow":"follow","max-snippet":"max-snippet:-1","max-image-preview":"max-image-preview:large","max-video-preview":"max-video-preview:-1"},"canonical":"https:\/\/www.topfastpcb.com\/it\/products\/4-layer-rigid-flex-pcb\/","og_locale":"it_IT","og_type":"article","og_title":"4 Layer Rigid Flex PCB - Topfastpcb","og_description":"The 4-layer rigid-flex PCB circuit board is a circuit board design that combines the features of rigid and flexible circuit boards for flexibility and high reliability.","og_url":"https:\/\/www.topfastpcb.com\/it\/products\/4-layer-rigid-flex-pcb\/","og_site_name":"Topfastpcb","article_modified_time":"2025-05-06T07:32:55+00:00","og_image":[{"width":750,"height":750,"url":"https:\/\/www.topfastpcb.com\/wp-content\/uploads\/2025\/04\/rigid-flexible-pcb8.jpg","type":"image\/jpeg"}],"twitter_card":"summary_large_image","twitter_misc":{"Tempo di lettura stimato":"4 minuti"},"schema":{"@context":"https:\/\/schema.org","@graph":[{"@type":"WebPage","@id":"https:\/\/www.topfastpcb.com\/products\/4-layer-rigid-flex-pcb\/","url":"https:\/\/www.topfastpcb.com\/products\/4-layer-rigid-flex-pcb\/","name":"4 Layer Rigid Flex PCB - Topfastpcb","isPartOf":{"@id":"https:\/\/www.topfastpcb.com\/#website"},"primaryImageOfPage":{"@id":"https:\/\/www.topfastpcb.com\/products\/4-layer-rigid-flex-pcb\/#primaryimage"},"image":{"@id":"https:\/\/www.topfastpcb.com\/products\/4-layer-rigid-flex-pcb\/#primaryimage"},"thumbnailUrl":"https:\/\/www.topfastpcb.com\/wp-content\/uploads\/2025\/04\/rigid-flexible-pcb8.jpg","datePublished":"2025-04-26T08:14:10+00:00","dateModified":"2025-05-06T07:32:55+00:00","description":"The 4-layer rigid-flex PCB circuit board is a circuit board design that combines the features of rigid and flexible circuit boards for flexibility and high reliability.","breadcrumb":{"@id":"https:\/\/www.topfastpcb.com\/products\/4-layer-rigid-flex-pcb\/#breadcrumb"},"inLanguage":"it-IT","potentialAction":[{"@type":"ReadAction","target":["https:\/\/www.topfastpcb.com\/products\/4-layer-rigid-flex-pcb\/"]}]},{"@type":"ImageObject","inLanguage":"it-IT","@id":"https:\/\/www.topfastpcb.com\/products\/4-layer-rigid-flex-pcb\/#primaryimage","url":"https:\/\/www.topfastpcb.com\/wp-content\/uploads\/2025\/04\/rigid-flexible-pcb8.jpg","contentUrl":"https:\/\/www.topfastpcb.com\/wp-content\/uploads\/2025\/04\/rigid-flexible-pcb8.jpg","width":750,"height":750,"caption":"rigid-flexible pcb"},{"@type":"BreadcrumbList","@id":"https:\/\/www.topfastpcb.com\/products\/4-layer-rigid-flex-pcb\/#breadcrumb","itemListElement":[{"@type":"ListItem","position":1,"name":"\u9996\u9875","item":"https:\/\/www.topfastpcb.com\/"},{"@type":"ListItem","position":2,"name":"\u5546\u5e97","item":"https:\/\/www.topfastpcb.com\/shop\/"},{"@type":"ListItem","position":3,"name":"4 Layer Rigid Flex PCB"}]},{"@type":"WebSite","@id":"https:\/\/www.topfastpcb.com\/#website","url":"https:\/\/www.topfastpcb.com\/","name":"Topfastpcb","description":"Topfast Prime Choice for Global Electronics Manufacturing","publisher":{"@id":"https:\/\/www.topfastpcb.com\/#organization"},"potentialAction":[{"@type":"SearchAction","target":{"@type":"EntryPoint","urlTemplate":"https:\/\/www.topfastpcb.com\/?s={search_term_string}"},"query-input":{"@type":"PropertyValueSpecification","valueRequired":true,"valueName":"search_term_string"}}],"inLanguage":"it-IT"},{"@type":"Organization","@id":"https:\/\/www.topfastpcb.com\/#organization","name":"Topfastpcb","url":"https:\/\/www.topfastpcb.com\/","logo":{"@type":"ImageObject","inLanguage":"it-IT","@id":"https:\/\/www.topfastpcb.com\/#\/schema\/logo\/image\/","url":"https:\/\/www.topfastpcb.com\/wp-content\/uploads\/2026\/02\/cropped-topfast-logo.png","contentUrl":"https:\/\/www.topfastpcb.com\/wp-content\/uploads\/2026\/02\/cropped-topfast-logo.png","width":144,"height":56,"caption":"Topfastpcb"},"image":{"@id":"https:\/\/www.topfastpcb.com\/#\/schema\/logo\/image\/"}}]}},"_links":{"self":[{"href":"https:\/\/www.topfastpcb.com\/it\/wp-json\/wp\/v2\/product\/2230","targetHints":{"allow":["GET"]}}],"collection":[{"href":"https:\/\/www.topfastpcb.com\/it\/wp-json\/wp\/v2\/product"}],"about":[{"href":"https:\/\/www.topfastpcb.com\/it\/wp-json\/wp\/v2\/types\/product"}],"replies":[{"embeddable":true,"href":"https:\/\/www.topfastpcb.com\/it\/wp-json\/wp\/v2\/comments?post=2230"}],"wp:featuredmedia":[{"embeddable":true,"href":"https:\/\/www.topfastpcb.com\/it\/wp-json\/wp\/v2\/media\/2232"}],"wp:attachment":[{"href":"https:\/\/www.topfastpcb.com\/it\/wp-json\/wp\/v2\/media?parent=2230"}],"wp:term":[{"taxonomy":"product_brand","embeddable":true,"href":"https:\/\/www.topfastpcb.com\/it\/wp-json\/wp\/v2\/product_brand?post=2230"},{"taxonomy":"product_cat","embeddable":true,"href":"https:\/\/www.topfastpcb.com\/it\/wp-json\/wp\/v2\/product_cat?post=2230"},{"taxonomy":"product_tag","embeddable":true,"href":"https:\/\/www.topfastpcb.com\/it\/wp-json\/wp\/v2\/product_tag?post=2230"}],"curies":[{"name":"wp","href":"https:\/\/api.w.org\/{rel}","templated":true}]}}