{"id":2469,"date":"2025-05-12T16:35:40","date_gmt":"2025-05-12T08:35:40","guid":{"rendered":"https:\/\/www.topfastpcb.com\/?post_type=product&#038;p=2469"},"modified":"2025-05-12T18:07:54","modified_gmt":"2025-05-12T10:07:54","slug":"aerospace-pcb-assembly","status":"publish","type":"product","link":"https:\/\/www.topfastpcb.com\/it\/products\/aerospace-pcb-assembly\/","title":{"rendered":"Montaggio dei PCB aerospaziali?"},"content":{"rendered":"<div id=\"ez-toc-container\" class=\"ez-toc-v2_0_74 counter-hierarchy ez-toc-counter ez-toc-custom ez-toc-container-direction\">\n<div class=\"ez-toc-title-container\">\n<p class=\"ez-toc-title\" style=\"cursor:inherit\">Indice per materie<\/p>\n<span class=\"ez-toc-title-toggle\"><\/span><\/div>\n<nav><ul class='ez-toc-list ez-toc-list-level-1' ><li class='ez-toc-page-1 ez-toc-heading-level-2'><a class=\"ez-toc-link ez-toc-heading-1\" href=\"https:\/\/www.topfastpcb.com\/it\/products\/aerospace-pcb-assembly\/#PCBA_Basic_Guidelines\" >Orientamenti di base PCBA<\/a><ul class='ez-toc-list-level-3' ><li class='ez-toc-heading-level-3'><a class=\"ez-toc-link ez-toc-heading-2\" href=\"https:\/\/www.topfastpcb.com\/it\/products\/aerospace-pcb-assembly\/#1PCB_substrate\" >1. Substrato PCB<\/a><\/li><li class='ez-toc-page-1 ez-toc-heading-level-3'><a class=\"ez-toc-link ez-toc-heading-3\" href=\"https:\/\/www.topfastpcb.com\/it\/products\/aerospace-pcb-assembly\/#2Component_selection\" >2. Selezione componente<\/a><\/li><li class='ez-toc-page-1 ez-toc-heading-level-3'><a class=\"ez-toc-link ez-toc-heading-4\" href=\"https:\/\/www.topfastpcb.com\/it\/products\/aerospace-pcb-assembly\/#3Special_Processes\" >3. Trattamenti speciali<\/a><\/li><li class='ez-toc-page-1 ez-toc-heading-level-3'><a class=\"ez-toc-link ez-toc-heading-5\" href=\"https:\/\/www.topfastpcb.com\/it\/products\/aerospace-pcb-assembly\/#4Supply_Chain_Management\" >4. Gestione della catena d\u2019approvvigionamento<\/a><\/li><\/ul><\/li><li class='ez-toc-page-1 ez-toc-heading-level-2'><a class=\"ez-toc-link ez-toc-heading-6\" href=\"https:\/\/www.topfastpcb.com\/it\/products\/aerospace-pcb-assembly\/#Aerospace_PCBA_soldering_process\" >Processo di saldatura aerospaziale PCBA<\/a><ul class='ez-toc-list-level-3' ><li class='ez-toc-heading-level-3'><a class=\"ez-toc-link ez-toc-heading-7\" href=\"https:\/\/www.topfastpcb.com\/it\/products\/aerospace-pcb-assembly\/#_1Soldering_Process\" >\u00a01. Processo di saldatura<\/a><\/li><li class='ez-toc-page-1 ez-toc-heading-level-3'><a class=\"ez-toc-link ez-toc-heading-8\" href=\"https:\/\/www.topfastpcb.com\/it\/products\/aerospace-pcb-assembly\/#2Aviation-grade_circuit_board_processing\" >2. Trattamento a circuito stampato di aviazione<\/a><\/li><li class='ez-toc-page-1 ez-toc-heading-level-3'><a class=\"ez-toc-link ez-toc-heading-9\" href=\"https:\/\/www.topfastpcb.com\/it\/products\/aerospace-pcb-assembly\/#3Quality_Control\" >3. Controllo qualit\u00e0<\/a><\/li><li class='ez-toc-page-1 ez-toc-heading-level-3'><a class=\"ez-toc-link ez-toc-heading-10\" href=\"https:\/\/www.topfastpcb.com\/it\/products\/aerospace-pcb-assembly\/#4S_pecial_Process\" >4. S processo speciale<\/a><\/li><\/ul><\/li><li class='ez-toc-page-1 ez-toc-heading-level-2'><a class=\"ez-toc-link ez-toc-heading-11\" href=\"https:\/\/www.topfastpcb.com\/it\/products\/aerospace-pcb-assembly\/#Rigorous_product_testing\" >Prove rigorose del prodotto<\/a><\/li><\/ul><\/nav><\/div>\n\n<p>Nell\u2019industria aerospaziale, la scelta dei materiali e dei componenti per le schede a circuito stampato (PCBAs) non \u00e8 casuale. Immaginate che questi dispositivi elettronici debbano attraversare il lancio di razzi con forti vibrazioni, variazioni di temperatura estreme nello spazio e un ambiente radiologico forte; I materiali comuni semplicemente non possono resistere a questa \"tortura\".<\/p>\n<h2><img loading=\"lazy\" decoding=\"async\" src=\"https:\/\/www.topfastpcb.com\/wp-content\/uploads\/2025\/05\/pcba.jpg\" alt=\"Montaggio dei PCB aerospaziali?\" width=\"750\" height=\"750\" class=\"aligncenter size-full wp-image-2470\" srcset=\"https:\/\/www.topfastpcb.com\/wp-content\/uploads\/2025\/05\/pcba.jpg 750w, https:\/\/www.topfastpcb.com\/wp-content\/uploads\/2025\/05\/pcba-300x300.jpg 300w, https:\/\/www.topfastpcb.com\/wp-content\/uploads\/2025\/05\/pcba-150x150.jpg 150w, https:\/\/www.topfastpcb.com\/wp-content\/uploads\/2025\/05\/pcba-600x600.jpg 600w, https:\/\/www.topfastpcb.com\/wp-content\/uploads\/2025\/05\/pcba-100x100.jpg 100w\" sizes=\"auto, (max-width: 750px) 100vw, 750px\" \/><\/h2>\n<h2><span class=\"ez-toc-section\" id=\"PCBA_Basic_Guidelines\"><\/span>Orientamenti di base PCBA<span class=\"ez-toc-section-end\"><\/span><\/h2>\n<h3><span class=\"ez-toc-section\" id=\"1PCB_substrate\"><\/span>1. Substrato PCB<span class=\"ez-toc-section-end\"><\/span><\/h3>\n<p>Il substrato della piastra per circuiti aerospaziali deve soddisfare le quattro norme sui diamanti:<br \/>\nResistenza ad alta temperatura: resistenza al freddo estremo al calore delle ripetute torture<br \/>\nResistenza alla corrosione: tutti i tipi di radiazioni e sostanze chimiche nello spazio non possono ferirlo un po\u2019<br \/>\nBuon isolamento: la trasmissione del segnale deve essere stabile e affidabile<br \/>\nRobusto e durevole: non pu\u00f2 essere rotto nemmeno dalle violente vibrazioni durante il lancio.<br \/>\nI materiali \"per impiego spaziale\" comunemente utilizzati comprendono:<br \/>\nPoliimmide (PI): come un \"giubbotto antiproiettile\" per circuiti stampati, \u00e8 particolarmente resistente alle alte temperature.<br \/>\nCianoacrilato (CE): \"top performer\" ben equilibrato.<br \/>\nSubstrato ceramico: prestazione di prima classe in termini di dissipazione di calore dell\u2019 \"esperto di raffreddamento\".<\/p>\n<h3><span class=\"ez-toc-section\" id=\"2Component_selection\"><\/span>2. Selezione componente<span class=\"ez-toc-section-end\"><\/span><\/h3>\n<p><strong>1.  Chip (IC) come scegliere?<\/strong><br \/>\nRiconoscere la certificazione: QML-V\/QML-Q la certificazione \u00e8 il \"permesso di lavoro\".<br \/>\nProgettazione anti-radiazioni: i raggi cosmici dovrebbero avere la \"maschera a campana d\u2019oro\".<br \/>\nNon cercare l\u2019ultimo ma il pi\u00f9 stabile: il processo a 65nm o pi\u00f9 maturo \u00e8 pi\u00f9 affidabile<br \/>\n<strong>2.  Componenti passivi<\/strong><br \/>\nCondensatori: i condensatori di tantalio rappresentano la forza principale; i condensatori ceramici dovrebbero essere del tipo COG\/NPO.<br \/>\nResistenze: le resistenze a film sono la prima scelta, le resistenze a fogli metallici hanno le migliori prestazioni.<br \/>\nInduttori: gli induttori del nucleo di ferrite o del nucleo d\u2019aria sono i pi\u00f9 affidabili.<br \/>\n<strong>3.  connettori<\/strong><br \/>\nNorma: MIL-DTL-38999\/32139 \u00e8 il requisito di base.<br \/>\nPlaccatura d\u2019oro: i contatti devono essere placcati con almeno 50 micropollici di oro.<br \/>\nDoppia assicurazione: deve essere munita di meccanismo di bloccaggio secondario<\/p>\n<h3><span class=\"ez-toc-section\" id=\"3Special_Processes\"><\/span>3. Trattamenti speciali<span class=\"ez-toc-section-end\"><\/span><\/h3>\n<p><strong>Tecnologia incapsulamento<\/strong><br \/>\nIl pacchetto ceramico \u00e8 la prima scelta, come una \"tuta spaziale\" per il chip.<br \/>\nGli imballaggi di plastica devono essere certificati dai militari<br \/>\nI pacchetti BGA non devono essere utilizzati a meno che non siano appositamente rinforzati<br \/>\nbrasatura<br \/>\nSolder tradizionale Pb alto (Sn63Pb37) ancora dominante<br \/>\nSe si utilizza un processo senza piombo, \u00e8 necessaria un\u2019ulteriore verifica<br \/>\nControllo radiografico dopo la saldatura per assicurarsi che non ci siano \"lesioni interne\".<br \/>\n<strong>Trattamenti protettivi<\/strong><br \/>\nI rivestimenti devono essere conformi alle norme militari MIL-I-46058.<br \/>\nI rivestimenti al Parylene sono pi\u00f9 efficaci<br \/>\nLo spessore del rivestimento deve essere controllato entro la gamma dello spessore di un capello.<\/p>\n<h3><span class=\"ez-toc-section\" id=\"4Supply_Chain_Management\"><\/span>4. Gestione della catena d\u2019approvvigionamento<span class=\"ez-toc-section-end\"><\/span><\/h3>\n<p><strong>Acquisto canale<\/strong><br \/>\nPrelevare solo le merci dallo stabilimento originario o dai distributori autorizzati<br \/>\nResisti ai componenti contraffatti<br \/>\nOgni componente deve avere una \"carta d\u2019identit\u00e0\", \u00e8 possibile tracciare l\u2019intero processo.<br \/>\n<strong>Controllo qualit\u00e0<\/strong><br \/>\nIl controllo al 100 per cento dei materiali in entrata non pu\u00f2 essere escluso<br \/>\nProva casuale di smontaggio non inferiore al 10%.<br \/>\nTest di invecchiamento accelerato per prevedere la vita di servizio<br \/>\nGestione cambiamenti<br \/>\nQualsiasi modifica deve essere nuovamente verificata<br \/>\nCambiare componenti significa ri-certificazione<br \/>\nTutte le registrazioni delle modifiche devono essere conservate integralmente<\/p>\n<h2><img loading=\"lazy\" decoding=\"async\" src=\"https:\/\/www.topfastpcb.com\/wp-content\/uploads\/2025\/05\/Aerospace-PCB-Assembly\u200b-4.jpg\" alt=\"Assemblaggio PCB aerospaziale?-4\" width=\"600\" height=\"402\" class=\"aligncenter size-full wp-image-2475\" srcset=\"https:\/\/www.topfastpcb.com\/wp-content\/uploads\/2025\/05\/Aerospace-PCB-Assembly\u200b-4.jpg 600w, https:\/\/www.topfastpcb.com\/wp-content\/uploads\/2025\/05\/Aerospace-PCB-Assembly\u200b-4-300x201.jpg 300w\" sizes=\"auto, (max-width: 600px) 100vw, 600px\" \/><\/h2>\n<h2><span class=\"ez-toc-section\" id=\"Aerospace_PCBA_soldering_process\"><\/span>aerospaziale <a href=\"https:\/\/www.topfastpcb.com\/it\/products\/category\/pcba\/\">PCBA<\/a> Processo di saldatura<span class=\"ez-toc-section-end\"><\/span><\/h2>\n<h3><span class=\"ez-toc-section\" id=\"_1Soldering_Process\"><\/span>\u00a01. Processo di saldatura<span class=\"ez-toc-section-end\"><\/span><\/h3>\n<p>Nel settore aerospaziale, un solido solido non qualificato pu\u00f2 essere il \"tallone d\u2019achille\" dell\u2019intera missione. Poich\u00e9 l\u2019apparecchiatura deve subire ripetute \"torture\" da freddo estremo a calore estremo, il processo di saldatura deve essere infallibile.<br \/>\n<strong>1.  Processo di saldatura: tre grandi diamanti<\/strong><br \/>\nSaldatura a onde: adatta alla saldatura di componenti per fori ad alto volume, come un coaster a rulli, con il PCB che passa attraverso la saldatura in fusione<br \/>\nSaldatura a freddo (scelta corrente): tecnologia accurata di \"riscaldamento locale\", particolarmente adatta ai componenti di chip<br \/>\nSaldatura selettiva ad onde: tecnologia di \"saldatura puntuale di precisione\" per specifiche articolazioni di saldatura.<br \/>\n<strong>2.  Reflow processo<\/strong><br \/>\nI profili di temperatura sono fondamentali: come cucinare una torta, una temperatura troppo alta brucia, una temperatura troppo bassa la sottocucina<br \/>\nPersonalizzazione dei parametri: materiali e componenti diversi richiedono diverse \"soluzioni di cottura\".<br \/>\nSelezione di Solder paste: per scegliere la formula speciale per il grado a\u00e9rospatie-grade, Solder paste ordinario semplicemente non pu\u00f2 trasportare l\u2019ambiente spaziale<\/p>\n<h3><span class=\"ez-toc-section\" id=\"2Aviation-grade_circuit_board_processing\"><\/span>2. Trattamento a circuito stampato di aviazione<span class=\"ez-toc-section-end\"><\/span><\/h3>\n<p><strong>1.  Controllo di precisione: ricerca finale del livello di micronio<\/strong><br \/>\nPosizionamento mediante Laser: precisione di circa 5 micron (equivalente a 1\/10 di un capello)<br \/>\nAllineamento ottico: errore angolare minore di 0,001 gradi (pi\u00f9 accurato di una bussola)<br \/>\nTrattamento di superficie: levigatura dei fogli di rame simile allo specchio (Ra 0,3 mm)<br \/>\n<strong>2.  Verifica dell\u2019affidabilit\u00e0: prove pi\u00f9 severe dell\u2019ambiente spaziale<\/strong><br \/>\nProva di tortura a temperatura: -65 dosi fino a 150 dosi ripetutamente tosate 1000 volte<br \/>\nProva di vibrazione: simula la violenta vibrazione di un lancio di razzi<br \/>\nProva sotto vuoto: 10-? Torr sotto vuoto durante la prova estrema<br \/>\nProva di invecchiamento: umidit\u00e0 85 mg \/ 85% sotto la sauna continua per 1000 ore<\/p>\n<h3><span class=\"ez-toc-section\" id=\"3Quality_Control\"><\/span>3. Controllo qualit\u00e0<span class=\"ez-toc-section-end\"><\/span><\/h3>\n<p>Monitoraggio del processo: monitoraggio in tempo reale di ciascun parametro chiave, come un controllo medico.<br \/>\nSistema di tracciabilit\u00e0: ogni scheda ha una \"carta d\u2019identit\u00e0\" e l\u2019intero processo pu\u00f2 essere rintracciato.<br \/>\nNorme di certificazione: conformi alle norme pi\u00f9 rigorose in materia di qualit\u00e0 dell\u2019aria (AS9100D, ecc.)<\/p>\n<h3><span class=\"ez-toc-section\" id=\"4S_pecial_Process\"><\/span>4. S processo speciale<span class=\"ez-toc-section-end\"><\/span><\/h3>\n<p>Trattamento microporoso: foro perforato con laser pi\u00f9 sottile di una linea di taglio (precisione massima 10 mm).<br \/>\nElaborazione del segnale ad alta frequenza: controllo di impedenza accurato al massimo 3% (comparabile a strumenti di laboratorio)<br \/>\nIspezione in tre fasi: autoispezione + ispezione + ispezione finale, per garantire che nulla vada perduto.<\/p>\n<p>Finiture di superficie dei PCBA aerospaziali ##<br \/>\nNell\u2019ambiente spaziale, le schede a circuiti affrontano sfide ben pi\u00f9 complesse di quelle delle applicazioni terrestri. Per garantire un funzionamento affidabile a lungo termine, si devono utilizzare speciali \"tute di protezione\" :<br \/>\n<strong>1.  Strato protettivo metallico (trattamento anticorrosivo)<\/strong><br \/>\nOro (ENIG) impregnato\/privo di nichel elettromagnetico: come un \"armatura d\u2019oro\" per circuiti, protegge dalla ruggine e assicura una buona conduttivit\u00e0.<br \/>\nPlaccatura elettrolitica in nichelio\/oro (ENEPIG): \"armatura composita\" pi\u00f9 avanzata, particolarmente adatta per esigenze di elevata affidabilit\u00e0.<br \/>\nCaratteristiche: antiossidazione, resistenza alla corrosione, per garantire che il contatto del connettore rimanga nuovo.<br \/>\n<strong>2. Strato protettivo organico (protezione globale)<\/strong><br \/>\nRivestimento di poliimmide (PI) : \"indumenti protettivi\" di tipo aerospaziale, resistenza ad alta temperatura fino a 300 mpa o pi\u00f9<br \/>\nPunzonatura al Silicone: circuiti sensibili per indossare l\u2019 \"airbag antivibrante\", cuscinetto di shock meccanico<br \/>\nEffetto: inumidimento, shock-proof, radiation-proof, triplice protezione in una sola fase.<\/p>\n<h2><span class=\"ez-toc-section\" id=\"Rigorous_product_testing\"><\/span>Prove rigorose del prodotto<span class=\"ez-toc-section-end\"><\/span><\/h2>\n<p><strong>1.  Prova di adattabilit\u00e0 ambientale<\/strong><br \/>\nCorsa di resistenza alla temperatura:<br \/>\nCiclo ad alta e bassa temperatura (-65 ~150 lanci ripetuti)<br \/>\nShock di temperatura (commutazione istantanea di Temperature estreme)<br \/>\nProva di resistenza meccanica:<br \/>\nProva di vibrazione (simula la vibrazione violenta di un lancio di razzi)<br \/>\nProva d\u2019urto (1500G di accelerazione)<br \/>\n<strong>2.  Verifica delle prestazioni elettriche<\/strong><br \/>\nTest dell\u2019ago volante: come un \"agopunturista principale\" per rilevare accuratamente ogni nodo<br \/>\nVerifica su recipiente di prova: \"esame fisico\" completo per garantire che tutte le funzioni siano normali.<br \/>\nIntegrit\u00e0 del segnale: analisi della qualit\u00e0 della trasmissione del segnale ad alta frequenza<br \/>\n<strong>3.  Test di invecchiamento accelerato<\/strong><br \/>\nPrevisione della vita: invecchiamento accelerato attraverso un ambiente ad alta temperatura e ad alta umidit\u00e0.<br \/>\nMonitoraggio continuo: registrare la tendenza dei parametri di prestazione<br \/>\nAnalisi dei guasti: utilizzare un microscopio elettronico per individuare eventuali difetti.<\/p>\n<p>In conclusione, le esigenze specifiche del processo di PCBA aerospaziale si riflettono nella selezione dei materiali, nel processo di saldatura, nel trattamento superficiale, nelle misure protettive e nella verifica delle prove e In altri aspetti. Solo seguendo rigorosamente questi requisiti e realizzando costantemente innovazioni tecnologiche e miglioramenti di processo potremo fabbricare prodotti PCBA per soddisfare le esigenze del settore aerospaziale.<\/p>","protected":false},"excerpt":{"rendered":"<p>I requisiti specifici dei PCBAs aerospaziali comprendono la selezione dei materiali per ambienti difficili, i processi di saldatura di precisione, i trattamenti di protezione superficiale ele norme di prova dell\u2019affidabilit\u00e0.<\/p>","protected":false},"featured_media":2471,"comment_status":"open","ping_status":"closed","template":"","meta":[],"product_brand":[],"product_cat":[116],"product_tag":[230,231],"class_list":{"0":"post-2469","1":"product","2":"type-product","3":"status-publish","4":"has-post-thumbnail","6":"product_cat-pcba","7":"product_tag-aerospace-pcb-assembly","8":"product_tag-pcb-assembly","10":"first","11":"instock","12":"shipping-taxable","13":"product-type-simple"},"yoast_head":"<!-- This site is optimized with the Yoast SEO plugin v25.1 - https:\/\/yoast.com\/wordpress\/plugins\/seo\/ -->\n<title>Aerospace PCB Assembly\u200b - Topfastpcb<\/title>\n<meta name=\"description\" content=\"The special requirements of aerospace PCBAs include material selection for harsh environments, precision soldering processes, surface protection treatments and reliability testing standards.\" \/>\n<meta name=\"robots\" content=\"index, follow, max-snippet:-1, max-image-preview:large, max-video-preview:-1\" \/>\n<link rel=\"canonical\" href=\"https:\/\/www.topfastpcb.com\/it\/products\/aerospace-pcb-assembly\/\" \/>\n<meta property=\"og:locale\" content=\"it_IT\" \/>\n<meta property=\"og:type\" content=\"article\" \/>\n<meta property=\"og:title\" content=\"Aerospace PCB Assembly\u200b - Topfastpcb\" \/>\n<meta property=\"og:description\" content=\"The special requirements of aerospace PCBAs include material selection for harsh environments, precision soldering processes, surface protection treatments and reliability testing standards.\" \/>\n<meta property=\"og:url\" content=\"https:\/\/www.topfastpcb.com\/it\/products\/aerospace-pcb-assembly\/\" \/>\n<meta property=\"og:site_name\" content=\"Topfastpcb\" \/>\n<meta property=\"article:modified_time\" content=\"2025-05-12T10:07:54+00:00\" \/>\n<meta property=\"og:image\" content=\"https:\/\/www.topfastpcb.com\/wp-content\/uploads\/2025\/05\/pcba18.jpg\" \/>\n\t<meta property=\"og:image:width\" content=\"750\" \/>\n\t<meta property=\"og:image:height\" content=\"750\" \/>\n\t<meta property=\"og:image:type\" content=\"image\/jpeg\" \/>\n<meta name=\"twitter:card\" content=\"summary_large_image\" \/>\n<meta name=\"twitter:label1\" content=\"Tempo di lettura stimato\" \/>\n\t<meta name=\"twitter:data1\" content=\"6 minuti\" \/>\n<script type=\"application\/ld+json\" class=\"yoast-schema-graph\">{\"@context\":\"https:\/\/schema.org\",\"@graph\":[{\"@type\":\"WebPage\",\"@id\":\"https:\/\/www.topfastpcb.com\/products\/aerospace-pcb-assembly\/\",\"url\":\"https:\/\/www.topfastpcb.com\/products\/aerospace-pcb-assembly\/\",\"name\":\"Aerospace PCB Assembly\u200b - Topfastpcb\",\"isPartOf\":{\"@id\":\"https:\/\/www.topfastpcb.com\/#website\"},\"primaryImageOfPage\":{\"@id\":\"https:\/\/www.topfastpcb.com\/products\/aerospace-pcb-assembly\/#primaryimage\"},\"image\":{\"@id\":\"https:\/\/www.topfastpcb.com\/products\/aerospace-pcb-assembly\/#primaryimage\"},\"thumbnailUrl\":\"https:\/\/www.topfastpcb.com\/wp-content\/uploads\/2025\/05\/pcba18.jpg\",\"datePublished\":\"2025-05-12T08:35:40+00:00\",\"dateModified\":\"2025-05-12T10:07:54+00:00\",\"description\":\"The special requirements of aerospace PCBAs include material selection for harsh environments, precision soldering processes, surface protection treatments and reliability testing standards.\",\"breadcrumb\":{\"@id\":\"https:\/\/www.topfastpcb.com\/products\/aerospace-pcb-assembly\/#breadcrumb\"},\"inLanguage\":\"it-IT\",\"potentialAction\":[{\"@type\":\"ReadAction\",\"target\":[\"https:\/\/www.topfastpcb.com\/products\/aerospace-pcb-assembly\/\"]}]},{\"@type\":\"ImageObject\",\"inLanguage\":\"it-IT\",\"@id\":\"https:\/\/www.topfastpcb.com\/products\/aerospace-pcb-assembly\/#primaryimage\",\"url\":\"https:\/\/www.topfastpcb.com\/wp-content\/uploads\/2025\/05\/pcba18.jpg\",\"contentUrl\":\"https:\/\/www.topfastpcb.com\/wp-content\/uploads\/2025\/05\/pcba18.jpg\",\"width\":750,\"height\":750,\"caption\":\"Aerospace PCB Assembly\u200b\"},{\"@type\":\"BreadcrumbList\",\"@id\":\"https:\/\/www.topfastpcb.com\/products\/aerospace-pcb-assembly\/#breadcrumb\",\"itemListElement\":[{\"@type\":\"ListItem\",\"position\":1,\"name\":\"\u9996\u9875\",\"item\":\"https:\/\/www.topfastpcb.com\/\"},{\"@type\":\"ListItem\",\"position\":2,\"name\":\"\u5546\u5e97\",\"item\":\"https:\/\/www.topfastpcb.com\/shop\/\"},{\"@type\":\"ListItem\",\"position\":3,\"name\":\"Aerospace PCB Assembly\u200b\"}]},{\"@type\":\"WebSite\",\"@id\":\"https:\/\/www.topfastpcb.com\/#website\",\"url\":\"https:\/\/www.topfastpcb.com\/\",\"name\":\"Topfastpcb\",\"description\":\"Topfast Prime Choice for Global Electronics Manufacturing\",\"publisher\":{\"@id\":\"https:\/\/www.topfastpcb.com\/#organization\"},\"potentialAction\":[{\"@type\":\"SearchAction\",\"target\":{\"@type\":\"EntryPoint\",\"urlTemplate\":\"https:\/\/www.topfastpcb.com\/?s={search_term_string}\"},\"query-input\":{\"@type\":\"PropertyValueSpecification\",\"valueRequired\":true,\"valueName\":\"search_term_string\"}}],\"inLanguage\":\"it-IT\"},{\"@type\":\"Organization\",\"@id\":\"https:\/\/www.topfastpcb.com\/#organization\",\"name\":\"Topfastpcb\",\"url\":\"https:\/\/www.topfastpcb.com\/\",\"logo\":{\"@type\":\"ImageObject\",\"inLanguage\":\"it-IT\",\"@id\":\"https:\/\/www.topfastpcb.com\/#\/schema\/logo\/image\/\",\"url\":\"https:\/\/www.topfastpcb.com\/wp-content\/uploads\/2026\/02\/cropped-topfast-logo.png\",\"contentUrl\":\"https:\/\/www.topfastpcb.com\/wp-content\/uploads\/2026\/02\/cropped-topfast-logo.png\",\"width\":144,\"height\":56,\"caption\":\"Topfastpcb\"},\"image\":{\"@id\":\"https:\/\/www.topfastpcb.com\/#\/schema\/logo\/image\/\"}}]}<\/script>\n<!-- \/ Yoast SEO plugin. -->","yoast_head_json":{"title":"Aerospace PCB Assembly\u200b - Topfastpcb","description":"The special requirements of aerospace PCBAs include material selection for harsh environments, precision soldering processes, surface protection treatments and reliability testing standards.","robots":{"index":"index","follow":"follow","max-snippet":"max-snippet:-1","max-image-preview":"max-image-preview:large","max-video-preview":"max-video-preview:-1"},"canonical":"https:\/\/www.topfastpcb.com\/it\/products\/aerospace-pcb-assembly\/","og_locale":"it_IT","og_type":"article","og_title":"Aerospace PCB Assembly\u200b - Topfastpcb","og_description":"The special requirements of aerospace PCBAs include material selection for harsh environments, precision soldering processes, surface protection treatments and reliability testing standards.","og_url":"https:\/\/www.topfastpcb.com\/it\/products\/aerospace-pcb-assembly\/","og_site_name":"Topfastpcb","article_modified_time":"2025-05-12T10:07:54+00:00","og_image":[{"width":750,"height":750,"url":"https:\/\/www.topfastpcb.com\/wp-content\/uploads\/2025\/05\/pcba18.jpg","type":"image\/jpeg"}],"twitter_card":"summary_large_image","twitter_misc":{"Tempo di lettura stimato":"6 minuti"},"schema":{"@context":"https:\/\/schema.org","@graph":[{"@type":"WebPage","@id":"https:\/\/www.topfastpcb.com\/products\/aerospace-pcb-assembly\/","url":"https:\/\/www.topfastpcb.com\/products\/aerospace-pcb-assembly\/","name":"Aerospace PCB Assembly\u200b - Topfastpcb","isPartOf":{"@id":"https:\/\/www.topfastpcb.com\/#website"},"primaryImageOfPage":{"@id":"https:\/\/www.topfastpcb.com\/products\/aerospace-pcb-assembly\/#primaryimage"},"image":{"@id":"https:\/\/www.topfastpcb.com\/products\/aerospace-pcb-assembly\/#primaryimage"},"thumbnailUrl":"https:\/\/www.topfastpcb.com\/wp-content\/uploads\/2025\/05\/pcba18.jpg","datePublished":"2025-05-12T08:35:40+00:00","dateModified":"2025-05-12T10:07:54+00:00","description":"The special requirements of aerospace PCBAs include material selection for harsh environments, precision soldering processes, surface protection treatments and reliability testing standards.","breadcrumb":{"@id":"https:\/\/www.topfastpcb.com\/products\/aerospace-pcb-assembly\/#breadcrumb"},"inLanguage":"it-IT","potentialAction":[{"@type":"ReadAction","target":["https:\/\/www.topfastpcb.com\/products\/aerospace-pcb-assembly\/"]}]},{"@type":"ImageObject","inLanguage":"it-IT","@id":"https:\/\/www.topfastpcb.com\/products\/aerospace-pcb-assembly\/#primaryimage","url":"https:\/\/www.topfastpcb.com\/wp-content\/uploads\/2025\/05\/pcba18.jpg","contentUrl":"https:\/\/www.topfastpcb.com\/wp-content\/uploads\/2025\/05\/pcba18.jpg","width":750,"height":750,"caption":"Aerospace PCB Assembly\u200b"},{"@type":"BreadcrumbList","@id":"https:\/\/www.topfastpcb.com\/products\/aerospace-pcb-assembly\/#breadcrumb","itemListElement":[{"@type":"ListItem","position":1,"name":"\u9996\u9875","item":"https:\/\/www.topfastpcb.com\/"},{"@type":"ListItem","position":2,"name":"\u5546\u5e97","item":"https:\/\/www.topfastpcb.com\/shop\/"},{"@type":"ListItem","position":3,"name":"Aerospace PCB Assembly\u200b"}]},{"@type":"WebSite","@id":"https:\/\/www.topfastpcb.com\/#website","url":"https:\/\/www.topfastpcb.com\/","name":"Topfastpcb","description":"Topfast Prime Choice for Global Electronics Manufacturing","publisher":{"@id":"https:\/\/www.topfastpcb.com\/#organization"},"potentialAction":[{"@type":"SearchAction","target":{"@type":"EntryPoint","urlTemplate":"https:\/\/www.topfastpcb.com\/?s={search_term_string}"},"query-input":{"@type":"PropertyValueSpecification","valueRequired":true,"valueName":"search_term_string"}}],"inLanguage":"it-IT"},{"@type":"Organization","@id":"https:\/\/www.topfastpcb.com\/#organization","name":"Topfastpcb","url":"https:\/\/www.topfastpcb.com\/","logo":{"@type":"ImageObject","inLanguage":"it-IT","@id":"https:\/\/www.topfastpcb.com\/#\/schema\/logo\/image\/","url":"https:\/\/www.topfastpcb.com\/wp-content\/uploads\/2026\/02\/cropped-topfast-logo.png","contentUrl":"https:\/\/www.topfastpcb.com\/wp-content\/uploads\/2026\/02\/cropped-topfast-logo.png","width":144,"height":56,"caption":"Topfastpcb"},"image":{"@id":"https:\/\/www.topfastpcb.com\/#\/schema\/logo\/image\/"}}]}},"_links":{"self":[{"href":"https:\/\/www.topfastpcb.com\/it\/wp-json\/wp\/v2\/product\/2469","targetHints":{"allow":["GET"]}}],"collection":[{"href":"https:\/\/www.topfastpcb.com\/it\/wp-json\/wp\/v2\/product"}],"about":[{"href":"https:\/\/www.topfastpcb.com\/it\/wp-json\/wp\/v2\/types\/product"}],"replies":[{"embeddable":true,"href":"https:\/\/www.topfastpcb.com\/it\/wp-json\/wp\/v2\/comments?post=2469"}],"wp:featuredmedia":[{"embeddable":true,"href":"https:\/\/www.topfastpcb.com\/it\/wp-json\/wp\/v2\/media\/2471"}],"wp:attachment":[{"href":"https:\/\/www.topfastpcb.com\/it\/wp-json\/wp\/v2\/media?parent=2469"}],"wp:term":[{"taxonomy":"product_brand","embeddable":true,"href":"https:\/\/www.topfastpcb.com\/it\/wp-json\/wp\/v2\/product_brand?post=2469"},{"taxonomy":"product_cat","embeddable":true,"href":"https:\/\/www.topfastpcb.com\/it\/wp-json\/wp\/v2\/product_cat?post=2469"},{"taxonomy":"product_tag","embeddable":true,"href":"https:\/\/www.topfastpcb.com\/it\/wp-json\/wp\/v2\/product_tag?post=2469"}],"curies":[{"name":"wp","href":"https:\/\/api.w.org\/{rel}","templated":true}]}}