{"id":2798,"date":"2025-05-24T15:54:13","date_gmt":"2025-05-24T07:54:13","guid":{"rendered":"https:\/\/www.topfastpcb.com\/?post_type=product&#038;p=2798"},"modified":"2025-05-24T15:56:13","modified_gmt":"2025-05-24T07:56:13","slug":"communication-pcb-assembly","status":"publish","type":"product","link":"https:\/\/www.topfastpcb.com\/it\/products\/communication-pcb-assembly\/","title":{"rendered":"Assemblaggio del PCB di comunicazione"},"content":{"rendered":"<div id=\"ez-toc-container\" class=\"ez-toc-v2_0_74 counter-hierarchy ez-toc-counter ez-toc-custom ez-toc-container-direction\">\n<div class=\"ez-toc-title-container\">\n<p class=\"ez-toc-title\" style=\"cursor:inherit\">Indice per materie<\/p>\n<span class=\"ez-toc-title-toggle\"><\/span><\/div>\n<nav><ul class='ez-toc-list ez-toc-list-level-1' ><li class='ez-toc-page-1 ez-toc-heading-level-2'><a class=\"ez-toc-link ez-toc-heading-1\" href=\"https:\/\/www.topfastpcb.com\/it\/products\/communication-pcb-assembly\/#Overview_of_Communication_PCB_Assembly_Products\" >Panoramica dei prodotti per l'assemblaggio di PCB di comunicazione<\/a><\/li><li class='ez-toc-page-1 ez-toc-heading-level-2'><a class=\"ez-toc-link ez-toc-heading-2\" href=\"https:\/\/www.topfastpcb.com\/it\/products\/communication-pcb-assembly\/#Core_Advantages_of_Our_Communication_PCB_Assembly\" >Vantaggi principali del nostro assemblaggio di PCB di comunicazione<\/a><ul class='ez-toc-list-level-3' ><li class='ez-toc-heading-level-3'><a class=\"ez-toc-link ez-toc-heading-3\" href=\"https:\/\/www.topfastpcb.com\/it\/products\/communication-pcb-assembly\/#Professional_Technical_Team_Advanced_Manufacturing_Capabilities\" >Team tecnico professionale e capacit\u00e0 di produzione avanzata<\/a><\/li><li class='ez-toc-page-1 ez-toc-heading-level-3'><a class=\"ez-toc-link ez-toc-heading-4\" href=\"https:\/\/www.topfastpcb.com\/it\/products\/communication-pcb-assembly\/#Comprehensive_One-Stop_Service\" >Servizio completo One-Stop<\/a><\/li><\/ul><\/li><li class='ez-toc-page-1 ez-toc-heading-level-2'><a class=\"ez-toc-link ez-toc-heading-5\" href=\"https:\/\/www.topfastpcb.com\/it\/products\/communication-pcb-assembly\/#Key_Technical_Features_of_Communication_PCB_Assembly\" >Caratteristiche tecniche principali dell'assemblaggio di PCB di comunicazione<\/a><ul class='ez-toc-list-level-3' ><li class='ez-toc-heading-level-3'><a class=\"ez-toc-link ez-toc-heading-6\" href=\"https:\/\/www.topfastpcb.com\/it\/products\/communication-pcb-assembly\/#Superior_High-Frequency_Performance\" >Prestazioni superiori ad alta frequenza<\/a><\/li><li class='ez-toc-page-1 ez-toc-heading-level-3'><a class=\"ez-toc-link ez-toc-heading-7\" href=\"https:\/\/www.topfastpcb.com\/it\/products\/communication-pcb-assembly\/#Reliable_Signal_Integrity\" >Integrit\u00e0 del segnale affidabile<\/a><\/li><li class='ez-toc-page-1 ez-toc-heading-level-3'><a class=\"ez-toc-link ez-toc-heading-8\" href=\"https:\/\/www.topfastpcb.com\/it\/products\/communication-pcb-assembly\/#Robust_Thermal_Management\" >Gestione termica robusta<\/a><\/li><li class='ez-toc-page-1 ez-toc-heading-level-3'><a class=\"ez-toc-link ez-toc-heading-9\" href=\"https:\/\/www.topfastpcb.com\/it\/products\/communication-pcb-assembly\/#Applications_of_Communication_PCB_Assembly\" >Applicazioni dell'assemblaggio di PCB di comunicazione<\/a><\/li><\/ul><\/li><li class='ez-toc-page-1 ez-toc-heading-level-2'><a class=\"ez-toc-link ez-toc-heading-10\" href=\"https:\/\/www.topfastpcb.com\/it\/products\/communication-pcb-assembly\/#Custom_Communication_PCB_Assembly_Services\" >Servizi di assemblaggio di PCB di comunicazione personalizzati<\/a><\/li><li class='ez-toc-page-1 ez-toc-heading-level-2'><a class=\"ez-toc-link ez-toc-heading-11\" href=\"https:\/\/www.topfastpcb.com\/it\/products\/communication-pcb-assembly\/#Quality_Assurance_After-Sales_Support\" >Garanzia di qualit\u00e0 e assistenza post-vendita<\/a><\/li><li class='ez-toc-page-1 ez-toc-heading-level-2'><a class=\"ez-toc-link ez-toc-heading-12\" href=\"https:\/\/www.topfastpcb.com\/it\/products\/communication-pcb-assembly\/#Why_Choose_Our_Communication_PCB_Assembly_Solutions\" >Perch\u00e9 scegliere le nostre soluzioni di assemblaggio di PCB di comunicazione?<\/a><\/li><\/ul><\/nav><\/div>\n\n<p>In qualit\u00e0 di fornitore leader di soluzioni one-stop per l'assemblaggio di PCB di comunicazione, siamo specializzati in servizi di produzione completi, dalla progettazione alla produzione. I nostri prodotti per l'assemblaggio di PCB di comunicazione sono ampiamente utilizzati nelle apparecchiature di comunicazione 4G\/5G, negli switch di rete, nei router e in vari moduli di comunicazione intelligenti, che fungono da componenti fondamentali nella moderna infrastruttura di telecomunicazioni.<\/p>\n<h2><span class=\"ez-toc-section\" id=\"Overview_of_Communication_PCB_Assembly_Products\"><\/span>Panoramica dei prodotti per l'assemblaggio di PCB di comunicazione<span class=\"ez-toc-section-end\"><\/span><\/h2>\n<p>I nostri gruppi di circuiti stampati per comunicazioni a 16 strati sono prodotti con materiali FR-4 di alta qualit\u00e0 e processi avanzati, in grado di offrire eccellenti prestazioni ad alta frequenza e integrit\u00e0 del segnale per soddisfare i severi requisiti delle applicazioni di fascia alta come i moduli AI Android. Ogni prodotto \u00e8 sottoposto a test elettronici 100% per garantire i pi\u00f9 elevati standard di affidabilit\u00e0 prima della consegna.<\/p>\n<h2><span class=\"ez-toc-section\" id=\"Core_Advantages_of_Our_Communication_PCB_Assembly\"><\/span>I principali vantaggi della nostra comunicazione <a href=\"https:\/\/www.topfastpcb.com\/it\/products\/category\/pcba\/\">Assemblaggio di PCB<\/a><span class=\"ez-toc-section-end\"><\/span><\/h2>\n<h3><span class=\"ez-toc-section\" id=\"Professional_Technical_Team_Advanced_Manufacturing_Capabilities\"><\/span>Team tecnico professionale e capacit\u00e0 di produzione avanzata<span class=\"ez-toc-section-end\"><\/span><\/h3>\n<p>Disponiamo di un team di ingegneri esperti nella progettazione di circuiti stampati di comunicazione e di linee di produzione moderne in grado di gestire diverse esigenze di assemblaggio di circuiti stampati di comunicazione, da semplici schede a singolo strato a complessi progetti multistrato. I nostri punti di forza tecnici includono:<\/p>\n<p><strong>Esperienza di progettazione ad alta frequenza:<\/strong> Competenza nella progettazione di circuiti in banda microonde (700MHz-5GHz) per prestazioni ottimali dei dispositivi 5G.<br \/>\n<strong>Lavorazione di precisione:<\/strong> Apertura minima di **0,2 mm**, larghezza\/spazio delle tracce di **4-6 mil**, per supportare interconnessioni ad alta densit\u00e0.<br \/>\n<strong>Finiture di superficie multiple:<\/strong> Le opzioni includono **HASL (senza piombo), ENIG (oro per immersione), OSP e argento per immersione**.<br \/>\n<strong>Controllo di qualit\u00e0 rigoroso:<\/strong> Monitoraggio della qualit\u00e0 dell'intero processo, dalle materie prime ai prodotti finiti.<\/p>\n<h3><span class=\"ez-toc-section\" id=\"Comprehensive_One-Stop_Service\"><\/span>Servizio completo One-Stop<span class=\"ez-toc-section-end\"><\/span><\/h3>\n<p>Forniamo un vero e proprio <a href=\"https:\/\/www.topfastpcb.com\/it\/\">soluzione unica<\/a> per l'assemblaggio di PCB di comunicazione, che coprono:<\/p>\n<p>1. Supporto alla progettazione: Progettazione schematica, layout di PCB e analisi dell'integrit\u00e0 del segnale su misura per le esigenze del cliente.<br \/>\n2. Produzione flessibile: Dalla prototipazione rapida alla produzione su larga scala.<br \/>\n3. Selezione del materiale: Da FR-4 standard a materiali per alte frequenze come Rogers e Taconic.<br \/>\n4. Servizi di assemblaggio completi: SMT, THT e collaudo dell'intero sistema.<br \/>\n5. Logistica globale: Imballaggio sicuro e spedizione in tutto il mondo per una consegna puntuale.<\/p>\n<h2><img loading=\"lazy\" decoding=\"async\" src=\"https:\/\/www.topfastpcb.com\/wp-content\/uploads\/2025\/05\/Communication-PCB-Assembly.jpg\" alt=\"Assemblaggio del PCB di comunicazione\" width=\"600\" height=\"402\" class=\"aligncenter size-full wp-image-2799\" srcset=\"https:\/\/www.topfastpcb.com\/wp-content\/uploads\/2025\/05\/Communication-PCB-Assembly.jpg 600w, https:\/\/www.topfastpcb.com\/wp-content\/uploads\/2025\/05\/Communication-PCB-Assembly-300x201.jpg 300w, https:\/\/www.topfastpcb.com\/wp-content\/uploads\/2025\/05\/Communication-PCB-Assembly-18x12.jpg 18w\" sizes=\"auto, (max-width: 600px) 100vw, 600px\" \/><\/h2>\n<h2><span class=\"ez-toc-section\" id=\"Key_Technical_Features_of_Communication_PCB_Assembly\"><\/span>Caratteristiche tecniche principali dell'assemblaggio di PCB di comunicazione<span class=\"ez-toc-section-end\"><\/span><\/h2>\n<h3><span class=\"ez-toc-section\" id=\"Superior_High-Frequency_Performance\"><\/span>Prestazioni superiori ad alta frequenza<span class=\"ez-toc-section-end\"><\/span><\/h3>\n<p>I nostri prodotti utilizzano design e materiali specializzati per garantire caratteristiche eccezionali ad alta frequenza:<br \/>\nLaminati a bassa perdita (ad esempio, serie Rogers RO4000).<br \/>\nControllo preciso dell'impedenza (tolleranza \u00b15%).<br \/>\nDesign ottimizzato dello stack-up per ridurre al minimo la diafonia.<br \/>\nSchermatura EMI avanzata per ridurre le interferenze RF.<\/p>\n<h3><span class=\"ez-toc-section\" id=\"Reliable_Signal_Integrity\"><\/span>Integrit\u00e0 del segnale affidabile<span class=\"ez-toc-section-end\"><\/span><\/h3>\n<p>Per le applicazioni di comunicazione ad alta velocit\u00e0, sottolineiamo:<br \/>\nRigorosa corrispondenza della lunghezza della traccia (\u00b150ps skew).<br \/>\nProgettazione ottimizzata della rete PDN (Power Delivery Network).<br \/>\nTecniche di instradamento a coppie differenziali.<br \/>\nStrategie complete per il piano di massa.<\/p>\n<h3><span class=\"ez-toc-section\" id=\"Robust_Thermal_Management\"><\/span>Gestione termica robusta<span class=\"ez-toc-section-end\"><\/span><\/h3>\n<p>Per i dispositivi di comunicazione ad alta potenza, le nostre soluzioni di assemblaggio PCB offrono:<br \/>\nMateriali ad alta conducibilit\u00e0 termica.<br \/>\nPosizionamento ottimizzato dei componenti per la dissipazione del calore.<br \/>\nArray termici.<br \/>\nComponenti resistenti alle alte temperature.<\/p>\n<h3><span class=\"ez-toc-section\" id=\"Applications_of_Communication_PCB_Assembly\"><\/span>Applicazioni dell'assemblaggio di PCB di comunicazione<span class=\"ez-toc-section-end\"><\/span><\/h3>\n<p>I nostri prodotti sono ampiamente utilizzati in vari dispositivi di comunicazione:<\/p>\n<p>1. Sistemi di comunicazione wireless: Stazioni base 5G, piccole celle, apparecchiature di trasmissione a microonde.<br \/>\n2. Infrastruttura di rete: Router core, switch edge, dispositivi ONU\/OLT.<br \/>\n3. Dispositivi terminali: Smartphone, CPE, moduli di comunicazione IoT.<br \/>\n4. Apparecchiature di comunicazione specializzate: Radio militari, comunicazioni aeree, sistemi marittimi.<\/p>\n<h2><span class=\"ez-toc-section\" id=\"Custom_Communication_PCB_Assembly_Services\"><\/span>Servizi di assemblaggio di PCB di comunicazione personalizzati<span class=\"ez-toc-section-end\"><\/span><\/h2>\n<p>Comprendiamo le esigenze uniche delle diverse applicazioni di comunicazione e offriamo una personalizzazione completa:<\/p>\n<p>Selezione del materiale: Consigliare il substrato migliore in base alla frequenza e alle condizioni ambientali.<br \/>\nPersonalizzazione dei livelli: Opzioni flessibili da **un singolo strato a 20+ strati**.<br \/>\nProcessi speciali: Schede ibride, rame pesante, PCB rigidi e flessibili.<br \/>\nAssistenza per le certificazioni: Assistenza per **CE, FCC e altre certificazioni di settore**.<\/p>\n<h2><span class=\"ez-toc-section\" id=\"Quality_Assurance_After-Sales_Support\"><\/span>Garanzia di qualit\u00e0 e assistenza post-vendita<span class=\"ez-toc-section-end\"><\/span><\/h2>\n<p>Garantiamo la massima qualit\u00e0 degli assemblaggi di PCB per la comunicazione:<\/p>\n<p>Copertura del test elettrico 100%.<br \/>\nConformit\u00e0 agli standard IPC-A-600 Classe 3.<br \/>\nTest di affidabilit\u00e0 completi (cicli termici, prove di vibrazione).<br \/>\nSupporto tecnico dedicato per la consulenza progettuale e l'analisi dei guasti.<br \/>\nRisposta rapida alle esigenze dei clienti con continui miglioramenti dei processi.<\/p>\n<h2><span class=\"ez-toc-section\" id=\"Why_Choose_Our_Communication_PCB_Assembly_Solutions\"><\/span>Perch\u00e9 scegliere le nostre soluzioni di assemblaggio di PCB di comunicazione?<span class=\"ez-toc-section-end\"><\/span><\/h2>\n<p>In qualit\u00e0 di fornitore professionale di assemblaggio di circuiti stampati per la comunicazione, i nostri principali fattori di differenziazione includono:<\/p>\n<p>1. Esperienza nel settore: 10+ anni di specializzazione in PCB di comunicazione.<br \/>\n2. Leadership tecnica: Ricerca e sviluppo continui di circuiti stampati ad alta frequenza e ad alta velocit\u00e0.<br \/>\n3. Modello di servizio flessibile: Transizione agevole dai prototipi alla produzione di massa.<br \/>\n4. Prezzi competitivi: Catena di fornitura ottimizzata per l'efficienza dei costi.<br \/>\n5. Consegna affidabile: 95 %+ tasso di consegna puntuale.<\/p>\n<p>Sia che stiate sviluppando dispositivi 5G di nuova generazione o aggiornando prodotti di comunicazione esistenti, le nostre soluzioni di assemblaggio di PCB di comunicazione forniscono un supporto esperto. Contattateci per ulteriori dettagli sui prodotti e per una consulenza tecnica.<\/p>\n<p>&nbsp;<\/p>","protected":false},"excerpt":{"rendered":"<p>Fornitore professionale di servizi one-stop per l'assemblaggio di PCB di comunicazione, specializzato in circuiti ad alta frequenza e ad alte prestazioni 4G\/5G. Caratteristiche dei circuiti stampati FR-4 a 6 strati, dimensioni minime dei fori di 0,2 mm, finiture ENIG\/Immersion Silver e test elettronici 100%. Soluzioni personalizzate, consegne rapide: il vostro partner di fiducia per i circuiti stampati di comunicazione.<\/p>","protected":false},"featured_media":2800,"comment_status":"closed","ping_status":"closed","template":"","meta":[],"product_brand":[],"product_cat":[116],"product_tag":[255,231],"class_list":{"0":"post-2798","1":"product","2":"type-product","3":"status-publish","4":"has-post-thumbnail","6":"product_cat-pcba","7":"product_tag-communication-pcb-assembly","8":"product_tag-pcb-assembly","10":"first","11":"instock","12":"shipping-taxable","13":"product-type-simple"},"yoast_head":"<!-- This site is optimized with the Yoast SEO plugin v25.1 - https:\/\/yoast.com\/wordpress\/plugins\/seo\/ -->\n<title>Communication PCB Assembly - Topfastpcb<\/title>\n<meta name=\"description\" content=\"Professional communication PCB assembly one-stop service provider specializing in high-frequency, high-performance 4G\/5G circuit boards. Features 6-layer FR-4 PCBs, 0.2mm min. hole size, ENIG\/Immersion Silver finishes, and 100% electronic testing. Custom solutions, fast delivery\u2014your trusted communication PCB partner.\" \/>\n<meta name=\"robots\" content=\"index, follow, max-snippet:-1, max-image-preview:large, max-video-preview:-1\" \/>\n<link rel=\"canonical\" href=\"https:\/\/www.topfastpcb.com\/it\/products\/communication-pcb-assembly\/\" \/>\n<meta property=\"og:locale\" content=\"it_IT\" \/>\n<meta property=\"og:type\" content=\"article\" \/>\n<meta property=\"og:title\" content=\"Communication PCB Assembly - Topfastpcb\" \/>\n<meta property=\"og:description\" content=\"Professional communication PCB assembly one-stop service provider specializing in high-frequency, high-performance 4G\/5G circuit boards. Features 6-layer FR-4 PCBs, 0.2mm min. hole size, ENIG\/Immersion Silver finishes, and 100% electronic testing. Custom solutions, fast delivery\u2014your trusted communication PCB partner.\" \/>\n<meta property=\"og:url\" content=\"https:\/\/www.topfastpcb.com\/it\/products\/communication-pcb-assembly\/\" \/>\n<meta property=\"og:site_name\" content=\"Topfastpcb\" \/>\n<meta property=\"article:modified_time\" content=\"2025-05-24T07:56:13+00:00\" \/>\n<meta property=\"og:image\" content=\"https:\/\/www.topfastpcb.com\/wp-content\/uploads\/2025\/05\/pcba-3.jpg\" \/>\n\t<meta property=\"og:image:width\" content=\"750\" \/>\n\t<meta property=\"og:image:height\" content=\"750\" \/>\n\t<meta property=\"og:image:type\" content=\"image\/jpeg\" \/>\n<meta name=\"twitter:card\" content=\"summary_large_image\" \/>\n<meta name=\"twitter:label1\" content=\"Tempo di lettura stimato\" \/>\n\t<meta name=\"twitter:data1\" content=\"4 minuti\" \/>\n<script type=\"application\/ld+json\" class=\"yoast-schema-graph\">{\"@context\":\"https:\/\/schema.org\",\"@graph\":[{\"@type\":\"WebPage\",\"@id\":\"https:\/\/www.topfastpcb.com\/products\/communication-pcb-assembly\/\",\"url\":\"https:\/\/www.topfastpcb.com\/products\/communication-pcb-assembly\/\",\"name\":\"Communication PCB Assembly - Topfastpcb\",\"isPartOf\":{\"@id\":\"https:\/\/www.topfastpcb.com\/#website\"},\"primaryImageOfPage\":{\"@id\":\"https:\/\/www.topfastpcb.com\/products\/communication-pcb-assembly\/#primaryimage\"},\"image\":{\"@id\":\"https:\/\/www.topfastpcb.com\/products\/communication-pcb-assembly\/#primaryimage\"},\"thumbnailUrl\":\"https:\/\/www.topfastpcb.com\/wp-content\/uploads\/2025\/05\/pcba-3.jpg\",\"datePublished\":\"2025-05-24T07:54:13+00:00\",\"dateModified\":\"2025-05-24T07:56:13+00:00\",\"description\":\"Professional communication PCB assembly one-stop service provider specializing in high-frequency, high-performance 4G\/5G circuit boards. Features 6-layer FR-4 PCBs, 0.2mm min. hole size, ENIG\/Immersion Silver finishes, and 100% electronic testing. Custom solutions, fast delivery\u2014your trusted communication PCB partner.\",\"breadcrumb\":{\"@id\":\"https:\/\/www.topfastpcb.com\/products\/communication-pcb-assembly\/#breadcrumb\"},\"inLanguage\":\"it-IT\",\"potentialAction\":[{\"@type\":\"ReadAction\",\"target\":[\"https:\/\/www.topfastpcb.com\/products\/communication-pcb-assembly\/\"]}]},{\"@type\":\"ImageObject\",\"inLanguage\":\"it-IT\",\"@id\":\"https:\/\/www.topfastpcb.com\/products\/communication-pcb-assembly\/#primaryimage\",\"url\":\"https:\/\/www.topfastpcb.com\/wp-content\/uploads\/2025\/05\/pcba-3.jpg\",\"contentUrl\":\"https:\/\/www.topfastpcb.com\/wp-content\/uploads\/2025\/05\/pcba-3.jpg\",\"width\":750,\"height\":750},{\"@type\":\"BreadcrumbList\",\"@id\":\"https:\/\/www.topfastpcb.com\/products\/communication-pcb-assembly\/#breadcrumb\",\"itemListElement\":[{\"@type\":\"ListItem\",\"position\":1,\"name\":\"\u9996\u9875\",\"item\":\"https:\/\/www.topfastpcb.com\/\"},{\"@type\":\"ListItem\",\"position\":2,\"name\":\"\u5546\u5e97\",\"item\":\"https:\/\/www.topfastpcb.com\/shop\/\"},{\"@type\":\"ListItem\",\"position\":3,\"name\":\"Communication PCB Assembly\"}]},{\"@type\":\"WebSite\",\"@id\":\"https:\/\/www.topfastpcb.com\/#website\",\"url\":\"https:\/\/www.topfastpcb.com\/\",\"name\":\"Topfastpcb\",\"description\":\"Topfast Prime Choice for Global Electronics Manufacturing\",\"publisher\":{\"@id\":\"https:\/\/www.topfastpcb.com\/#organization\"},\"potentialAction\":[{\"@type\":\"SearchAction\",\"target\":{\"@type\":\"EntryPoint\",\"urlTemplate\":\"https:\/\/www.topfastpcb.com\/?s={search_term_string}\"},\"query-input\":{\"@type\":\"PropertyValueSpecification\",\"valueRequired\":true,\"valueName\":\"search_term_string\"}}],\"inLanguage\":\"it-IT\"},{\"@type\":\"Organization\",\"@id\":\"https:\/\/www.topfastpcb.com\/#organization\",\"name\":\"Topfastpcb\",\"url\":\"https:\/\/www.topfastpcb.com\/\",\"logo\":{\"@type\":\"ImageObject\",\"inLanguage\":\"it-IT\",\"@id\":\"https:\/\/www.topfastpcb.com\/#\/schema\/logo\/image\/\",\"url\":\"https:\/\/www.topfastpcb.com\/wp-content\/uploads\/2026\/02\/cropped-topfast-logo.png\",\"contentUrl\":\"https:\/\/www.topfastpcb.com\/wp-content\/uploads\/2026\/02\/cropped-topfast-logo.png\",\"width\":144,\"height\":56,\"caption\":\"Topfastpcb\"},\"image\":{\"@id\":\"https:\/\/www.topfastpcb.com\/#\/schema\/logo\/image\/\"}}]}<\/script>\n<!-- \/ Yoast SEO plugin. -->","yoast_head_json":{"title":"Communication PCB Assembly - Topfastpcb","description":"Professional communication PCB assembly one-stop service provider specializing in high-frequency, high-performance 4G\/5G circuit boards. Features 6-layer FR-4 PCBs, 0.2mm min. hole size, ENIG\/Immersion Silver finishes, and 100% electronic testing. Custom solutions, fast delivery\u2014your trusted communication PCB partner.","robots":{"index":"index","follow":"follow","max-snippet":"max-snippet:-1","max-image-preview":"max-image-preview:large","max-video-preview":"max-video-preview:-1"},"canonical":"https:\/\/www.topfastpcb.com\/it\/products\/communication-pcb-assembly\/","og_locale":"it_IT","og_type":"article","og_title":"Communication PCB Assembly - Topfastpcb","og_description":"Professional communication PCB assembly one-stop service provider specializing in high-frequency, high-performance 4G\/5G circuit boards. Features 6-layer FR-4 PCBs, 0.2mm min. hole size, ENIG\/Immersion Silver finishes, and 100% electronic testing. Custom solutions, fast delivery\u2014your trusted communication PCB partner.","og_url":"https:\/\/www.topfastpcb.com\/it\/products\/communication-pcb-assembly\/","og_site_name":"Topfastpcb","article_modified_time":"2025-05-24T07:56:13+00:00","og_image":[{"width":750,"height":750,"url":"https:\/\/www.topfastpcb.com\/wp-content\/uploads\/2025\/05\/pcba-3.jpg","type":"image\/jpeg"}],"twitter_card":"summary_large_image","twitter_misc":{"Tempo di lettura stimato":"4 minuti"},"schema":{"@context":"https:\/\/schema.org","@graph":[{"@type":"WebPage","@id":"https:\/\/www.topfastpcb.com\/products\/communication-pcb-assembly\/","url":"https:\/\/www.topfastpcb.com\/products\/communication-pcb-assembly\/","name":"Communication PCB Assembly - Topfastpcb","isPartOf":{"@id":"https:\/\/www.topfastpcb.com\/#website"},"primaryImageOfPage":{"@id":"https:\/\/www.topfastpcb.com\/products\/communication-pcb-assembly\/#primaryimage"},"image":{"@id":"https:\/\/www.topfastpcb.com\/products\/communication-pcb-assembly\/#primaryimage"},"thumbnailUrl":"https:\/\/www.topfastpcb.com\/wp-content\/uploads\/2025\/05\/pcba-3.jpg","datePublished":"2025-05-24T07:54:13+00:00","dateModified":"2025-05-24T07:56:13+00:00","description":"Professional communication PCB assembly one-stop service provider specializing in high-frequency, high-performance 4G\/5G circuit boards. Features 6-layer FR-4 PCBs, 0.2mm min. hole size, ENIG\/Immersion Silver finishes, and 100% electronic testing. Custom solutions, fast delivery\u2014your trusted communication PCB partner.","breadcrumb":{"@id":"https:\/\/www.topfastpcb.com\/products\/communication-pcb-assembly\/#breadcrumb"},"inLanguage":"it-IT","potentialAction":[{"@type":"ReadAction","target":["https:\/\/www.topfastpcb.com\/products\/communication-pcb-assembly\/"]}]},{"@type":"ImageObject","inLanguage":"it-IT","@id":"https:\/\/www.topfastpcb.com\/products\/communication-pcb-assembly\/#primaryimage","url":"https:\/\/www.topfastpcb.com\/wp-content\/uploads\/2025\/05\/pcba-3.jpg","contentUrl":"https:\/\/www.topfastpcb.com\/wp-content\/uploads\/2025\/05\/pcba-3.jpg","width":750,"height":750},{"@type":"BreadcrumbList","@id":"https:\/\/www.topfastpcb.com\/products\/communication-pcb-assembly\/#breadcrumb","itemListElement":[{"@type":"ListItem","position":1,"name":"\u9996\u9875","item":"https:\/\/www.topfastpcb.com\/"},{"@type":"ListItem","position":2,"name":"\u5546\u5e97","item":"https:\/\/www.topfastpcb.com\/shop\/"},{"@type":"ListItem","position":3,"name":"Communication PCB Assembly"}]},{"@type":"WebSite","@id":"https:\/\/www.topfastpcb.com\/#website","url":"https:\/\/www.topfastpcb.com\/","name":"Topfastpcb","description":"Topfast Prime Choice for Global Electronics Manufacturing","publisher":{"@id":"https:\/\/www.topfastpcb.com\/#organization"},"potentialAction":[{"@type":"SearchAction","target":{"@type":"EntryPoint","urlTemplate":"https:\/\/www.topfastpcb.com\/?s={search_term_string}"},"query-input":{"@type":"PropertyValueSpecification","valueRequired":true,"valueName":"search_term_string"}}],"inLanguage":"it-IT"},{"@type":"Organization","@id":"https:\/\/www.topfastpcb.com\/#organization","name":"Topfastpcb","url":"https:\/\/www.topfastpcb.com\/","logo":{"@type":"ImageObject","inLanguage":"it-IT","@id":"https:\/\/www.topfastpcb.com\/#\/schema\/logo\/image\/","url":"https:\/\/www.topfastpcb.com\/wp-content\/uploads\/2026\/02\/cropped-topfast-logo.png","contentUrl":"https:\/\/www.topfastpcb.com\/wp-content\/uploads\/2026\/02\/cropped-topfast-logo.png","width":144,"height":56,"caption":"Topfastpcb"},"image":{"@id":"https:\/\/www.topfastpcb.com\/#\/schema\/logo\/image\/"}}]}},"_links":{"self":[{"href":"https:\/\/www.topfastpcb.com\/it\/wp-json\/wp\/v2\/product\/2798","targetHints":{"allow":["GET"]}}],"collection":[{"href":"https:\/\/www.topfastpcb.com\/it\/wp-json\/wp\/v2\/product"}],"about":[{"href":"https:\/\/www.topfastpcb.com\/it\/wp-json\/wp\/v2\/types\/product"}],"replies":[{"embeddable":true,"href":"https:\/\/www.topfastpcb.com\/it\/wp-json\/wp\/v2\/comments?post=2798"}],"wp:featuredmedia":[{"embeddable":true,"href":"https:\/\/www.topfastpcb.com\/it\/wp-json\/wp\/v2\/media\/2800"}],"wp:attachment":[{"href":"https:\/\/www.topfastpcb.com\/it\/wp-json\/wp\/v2\/media?parent=2798"}],"wp:term":[{"taxonomy":"product_brand","embeddable":true,"href":"https:\/\/www.topfastpcb.com\/it\/wp-json\/wp\/v2\/product_brand?post=2798"},{"taxonomy":"product_cat","embeddable":true,"href":"https:\/\/www.topfastpcb.com\/it\/wp-json\/wp\/v2\/product_cat?post=2798"},{"taxonomy":"product_tag","embeddable":true,"href":"https:\/\/www.topfastpcb.com\/it\/wp-json\/wp\/v2\/product_tag?post=2798"}],"curies":[{"name":"wp","href":"https:\/\/api.w.org\/{rel}","templated":true}]}}