{"id":3324,"date":"2025-06-17T10:39:32","date_gmt":"2025-06-17T02:39:32","guid":{"rendered":"https:\/\/www.topfastpcb.com\/?post_type=product&#038;p=3324"},"modified":"2025-06-24T10:07:44","modified_gmt":"2025-06-24T02:07:44","slug":"single-sided-flexible-pcb","status":"publish","type":"product","link":"https:\/\/www.topfastpcb.com\/it\/products\/single-sided-flexible-pcb\/","title":{"rendered":"PCB flessibile su un solo lato"},"content":{"rendered":"<div id=\"ez-toc-container\" class=\"ez-toc-v2_0_74 counter-hierarchy ez-toc-counter ez-toc-custom ez-toc-container-direction\">\n<div class=\"ez-toc-title-container\">\n<p class=\"ez-toc-title\" style=\"cursor:inherit\">Indice per materie<\/p>\n<span class=\"ez-toc-title-toggle\"><\/span><\/div>\n<nav><ul class='ez-toc-list ez-toc-list-level-1' ><li class='ez-toc-page-1 ez-toc-heading-level-2'><a class=\"ez-toc-link ez-toc-heading-1\" href=\"https:\/\/www.topfastpcb.com\/it\/products\/single-sided-flexible-pcb\/#Definition_of_single-sided_flexible_PCB\" >Definizione di PCB flessibile su un solo lato<\/a><\/li><li class='ez-toc-page-1 ez-toc-heading-level-2'><a class=\"ez-toc-link ez-toc-heading-2\" href=\"https:\/\/www.topfastpcb.com\/it\/products\/single-sided-flexible-pcb\/#Product_Advantages\" >Vantaggi prodotti<\/a><\/li><li class='ez-toc-page-1 ez-toc-heading-level-2'><a class=\"ez-toc-link ez-toc-heading-3\" href=\"https:\/\/www.topfastpcb.com\/it\/products\/single-sided-flexible-pcb\/#Technical_Specifications\" >Specifiche tecniche<\/a><\/li><li class='ez-toc-page-1 ez-toc-heading-level-2'><a class=\"ez-toc-link ez-toc-heading-4\" href=\"https:\/\/www.topfastpcb.com\/it\/products\/single-sided-flexible-pcb\/#Applications\" >domande<\/a><\/li><li class='ez-toc-page-1 ez-toc-heading-level-2'><a class=\"ez-toc-link ez-toc-heading-5\" href=\"https:\/\/www.topfastpcb.com\/it\/products\/single-sided-flexible-pcb\/#Manufacturing_Capabilities\" >Capacit\u00e0 di produzione<\/a><\/li><li class='ez-toc-page-1 ez-toc-heading-level-2'><a class=\"ez-toc-link ez-toc-heading-6\" href=\"https:\/\/www.topfastpcb.com\/it\/products\/single-sided-flexible-pcb\/#Additional_Services\" >Servizi aggiuntivi<\/a><\/li><li class='ez-toc-page-1 ez-toc-heading-level-2'><a class=\"ez-toc-link ez-toc-heading-7\" href=\"https:\/\/www.topfastpcb.com\/it\/products\/single-sided-flexible-pcb\/#Why_choose_Topfast\" >Perch\u00e9 scegliere Topfast?<\/a><\/li><\/ul><\/nav><\/div>\n\n<h2><span class=\"ez-toc-section\" id=\"Definition_of_single-sided_flexible_PCB\"><\/span>Definizione di PCB flessibile su un solo lato<span class=\"ez-toc-section-end\"><\/span><\/h2>\n<p>In qualit\u00e0 di leader nella produzione di PCB flessibili, Topfast sfrutta 17 anni di esperienza nel settore per fornire prodotti di alta qualit\u00e0 su un solo lato. <a href=\"https:\/\/www.topfastpcb.com\/it\/products\/category\/flexible-pcb\/\">Scheda a circuiti flessibili<\/a> soluzioni. I nostri PCB flessibili monofacciali sono realizzati con materiali in poliimmide di prima qualit\u00e0, che offrono eccellenti prestazioni di piegatura e affidabilit\u00e0 per applicazioni nell'elettronica di consumo, nei dispositivi medici, nell'elettronica automobilistica e altro ancora.<\/p>\n<h2><span class=\"ez-toc-section\" id=\"Product_Advantages\"><\/span>Vantaggi prodotti<span class=\"ez-toc-section-end\"><\/span><\/h2>\n<p>I PCB flessibili monofacciali di Topfast offrono i seguenti vantaggi chiave:<\/p>\n<p><strong>Ultra-sottile &amp; leggero<\/strong>: Spessore di soli 0,1 mm e peso pari a 1\/3 di quello tradizionale. <a href=\"https:\/\/www.topfastpcb.com\/it\/products\/category\/rigid-pcb\/\">PCB rigidi<\/a><br \/>\n<strong>Flessibilit\u00e0 superiore<\/strong>: Utilizza substrati di poliimmide DuPont o Panasonic di alta qualit\u00e0, con un raggio di curvatura di soli 3 mm.<br \/>\n<strong>Alta affidabilit\u00e0<\/strong>Testato per oltre 200.000 cicli di piegatura, garantisce prestazioni stabili a lungo termine.<br \/>\n<strong>Resistenza alle alte temperature<\/strong>: Resiste a temperature estreme, da -60\u00b0C a 260\u00b0C.<br \/>\n<strong>Risparmio di spazio<\/strong>: Si adatta a layout 3D complessi, riducendo le dimensioni del dispositivo<\/p>\n<h2><span class=\"ez-toc-section\" id=\"Technical_Specifications\"><\/span>Specifiche tecniche<span class=\"ez-toc-section-end\"><\/span><\/h2>\n<table>\n<thead>\n<tr>\n<th>parametro<\/th>\n<th>disciplinare<\/th>\n<\/tr>\n<\/thead>\n<tbody>\n<tr>\n<td>Spessore del substrato<\/td>\n<td>12,5\u03bcm-50\u03bcm<\/td>\n<\/tr>\n<tr>\n<td>Spessore del foglio di rame<\/td>\n<td>12\u03bcm-35\u03bcm<\/td>\n<\/tr>\n<tr>\n<td>Min. Larghezza\/spaziatura delle linee<\/td>\n<td>50\u03bcm\/50\u03bcm<\/td>\n<\/tr>\n<tr>\n<td>Min. Dimensione del foro<\/td>\n<td>0,1 mm<\/td>\n<\/tr>\n<tr>\n<td>Finitura superficiale<\/td>\n<td>ENIG, OSP, Argento chimico<\/td>\n<\/tr>\n<tr>\n<td>Raggio di curvatura<\/td>\n<td>Dinamico: 10\u00d7 spessore del pannello; Statico: 3\u00d7 spessore del pannello<\/td>\n<\/tr>\n<\/tbody>\n<\/table>\n<h2><span class=\"ez-toc-section\" id=\"Applications\"><\/span>domande<span class=\"ez-toc-section-end\"><\/span><\/h2>\n<p>I PCB flessibili monofacciali di Topfast sono ampiamente utilizzati in:<\/p>\n<p>1. <strong>Elettronica di consumo<\/strong>: Connessioni interne di smartphone, tablet e dispositivi indossabili<br \/>\n2. <strong>Dispositivi medici<\/strong>Monitor portatili, endoscopi e altre connessioni elettroniche mediche<br \/>\n3. <strong>Elettronica automobilistica<\/strong>Telecamere di bordo, sensori e connessioni al sistema di illuminazione<br \/>\n4. <strong>Controllo industriale<\/strong>Interconnessioni flessibili per apparecchiature di robotica e automazione<br \/>\n5. <strong>Militare e aerospaziale<\/strong>: Connessioni per l'avionica in condizioni di spazio limitato<\/p>\n<h3><img loading=\"lazy\" decoding=\"async\" src=\"https:\/\/www.topfastpcb.com\/wp-content\/uploads\/2025\/06\/Flexible-PCB-12.jpg\" alt=\"PCB flessibile\" width=\"800\" height=\"800\" class=\"aligncenter size-full wp-image-3330\" srcset=\"https:\/\/www.topfastpcb.com\/wp-content\/uploads\/2025\/06\/Flexible-PCB-12.jpg 800w, https:\/\/www.topfastpcb.com\/wp-content\/uploads\/2025\/06\/Flexible-PCB-12-300x300.jpg 300w, https:\/\/www.topfastpcb.com\/wp-content\/uploads\/2025\/06\/Flexible-PCB-12-150x150.jpg 150w, https:\/\/www.topfastpcb.com\/wp-content\/uploads\/2025\/06\/Flexible-PCB-12-768x768.jpg 768w, https:\/\/www.topfastpcb.com\/wp-content\/uploads\/2025\/06\/Flexible-PCB-12-12x12.jpg 12w, https:\/\/www.topfastpcb.com\/wp-content\/uploads\/2025\/06\/Flexible-PCB-12-600x600.jpg 600w, https:\/\/www.topfastpcb.com\/wp-content\/uploads\/2025\/06\/Flexible-PCB-12-100x100.jpg 100w\" sizes=\"auto, (max-width: 800px) 100vw, 800px\" \/><\/h3>\n<h2><span class=\"ez-toc-section\" id=\"Manufacturing_Capabilities\"><\/span>Capacit\u00e0 di produzione<span class=\"ez-toc-section-end\"><\/span><\/h2>\n<p>Topfast gestisce un moderno stabilimento produttivo di 20.000 mq con oltre 1.000 tecnici specializzati, dotato di:<\/p>\n<p>Foratura laser ad alta precisione (dimensione minima del foro: 0,1 mm)<br \/>\n<a href=\"https:\/\/www.topfastpcb.com\/it\/blog\/what-is-aoi-automated-optical-inspection\/\">Ispezione ottica automatizzata<\/a> (AOI)<br \/>\nTester a sonda volante per la verifica del 100% delle prestazioni elettriche<br \/>\nIspezione a raggi X per il controllo qualit\u00e0 interno<br \/>\nApparecchiatura di laminazione sottovuoto per un forte legame tra gli strati<\/p>\n<p>Rispettiamo rigorosamente gli standard di gestione della qualit\u00e0 ISO 9001, attuando il monitoraggio dell'intero processo dall'approvvigionamento delle materie prime alla consegna del prodotto finale per garantire la massima qualit\u00e0.<\/p>\n<h2><span class=\"ez-toc-section\" id=\"Additional_Services\"><\/span>Servizi aggiuntivi<span class=\"ez-toc-section-end\"><\/span><\/h2>\n<p>Oltre ai PCB flessibili monofacciali, Topfast fornisce anche:<\/p>\n<p><strong>PCB flessibili a doppia faccia<\/strong>: Per esigenze di interconnessione ad alta densit\u00e0<br \/>\n<strong>PCB flessibili multistrato<\/strong>: Soluzioni per circuiti flessibili complessi a 4-10 strati<br \/>\n<strong>Policlorodifenili rigidi<\/strong>Progetti ibridi che combinano vantaggi rigidi e flessibili<br \/>\n<strong>Prototipazione rapida<\/strong>: Campioni a rotazione rapida in sole 24 ore<br \/>\n<strong>Analisi DFM<\/strong>: Valutazione professionale della progettazione per la producibilit\u00e0<br \/>\n<strong>Assistenza tecnica<\/strong>: Assistenza ingegneristica personalizzata da parte di esperti<\/p>\n<h2><span class=\"ez-toc-section\" id=\"Why_choose_Topfast\"><\/span>Perch\u00e9 scegliere Topfast?<span class=\"ez-toc-section-end\"><\/span><\/h2>\n<p>Con 17 anni di esperienza nella produzione di PCB flessibili, Topfast si impegna a fornire soluzioni di circuiti flessibili monofacciali di alta qualit\u00e0.Le nostre attrezzature avanzate, il rigoroso controllo di qualit\u00e0 e la vasta esperienza nel settore garantiscono che ogni PCB flessibile soddisfi i pi\u00f9 alti standard di prestazioni e affidabilit\u00e0. Sia per la prototipazione che per la produzione di massa, Topfast fornisce i prodotti e i servizi di PCB flessibile pi\u00f9 competitivi. Contattateci per ulteriori dettagli sui prodotti e per il supporto tecnico.<\/p>","protected":false},"excerpt":{"rendered":"<p>Questo articolo presenta i prodotti professionali Topfast per PCB flessibili monofacciali, evidenziandone i vantaggi, le specifiche tecniche, le applicazioni e le capacit\u00e0 produttive.L'articolo sottolinea il design ultra-sottile, l'alta affidabilit\u00e0 e la resistenza alle temperature, e copre anche i servizi di PCB flessibili bifacciali e multistrato.<\/p>","protected":false},"featured_media":3326,"comment_status":"closed","ping_status":"closed","template":"","meta":[],"product_brand":[],"product_cat":[96],"product_tag":[288,103],"class_list":{"0":"post-3324","1":"product","2":"type-product","3":"status-publish","4":"has-post-thumbnail","6":"product_cat-flexible-pcb","7":"product_tag-flex-pcb","8":"product_tag-flexible-pcb","10":"first","11":"instock","12":"shipping-taxable","13":"product-type-simple"},"yoast_head":"<!-- This site is optimized with the Yoast SEO plugin v25.1 - https:\/\/yoast.com\/wordpress\/plugins\/seo\/ -->\n<title>Single-Sided Flexible PCB - Topfastpcb<\/title>\n<meta name=\"description\" content=\"Topfast specializes in high-quality single-sided flexible PCBs, with 17 years of experience. Made from premium polyimide materials, they are ultra-thin, lightweight, and highly flexible, ideal for consumer electronics, medical devices, and automotive applications.\" \/>\n<meta name=\"robots\" content=\"index, follow, max-snippet:-1, max-image-preview:large, max-video-preview:-1\" \/>\n<link rel=\"canonical\" href=\"https:\/\/www.topfastpcb.com\/it\/products\/single-sided-flexible-pcb\/\" \/>\n<meta property=\"og:locale\" content=\"it_IT\" \/>\n<meta property=\"og:type\" content=\"article\" \/>\n<meta property=\"og:title\" content=\"Single-Sided Flexible PCB - Topfastpcb\" \/>\n<meta property=\"og:description\" content=\"Topfast specializes in high-quality single-sided flexible PCBs, with 17 years of experience. Made from premium polyimide materials, they are ultra-thin, lightweight, and highly flexible, ideal for consumer electronics, medical devices, and automotive applications.\" \/>\n<meta property=\"og:url\" content=\"https:\/\/www.topfastpcb.com\/it\/products\/single-sided-flexible-pcb\/\" \/>\n<meta property=\"og:site_name\" content=\"Topfastpcb\" \/>\n<meta property=\"article:modified_time\" content=\"2025-06-24T02:07:44+00:00\" \/>\n<meta property=\"og:image\" content=\"https:\/\/www.topfastpcb.com\/wp-content\/uploads\/2025\/06\/Flexible-PCB-13.jpg\" \/>\n\t<meta property=\"og:image:width\" content=\"800\" \/>\n\t<meta property=\"og:image:height\" content=\"800\" \/>\n\t<meta property=\"og:image:type\" content=\"image\/jpeg\" \/>\n<meta name=\"twitter:card\" content=\"summary_large_image\" \/>\n<meta name=\"twitter:label1\" content=\"Tempo di lettura stimato\" \/>\n\t<meta name=\"twitter:data1\" content=\"3 minuti\" \/>\n<script type=\"application\/ld+json\" class=\"yoast-schema-graph\">{\"@context\":\"https:\/\/schema.org\",\"@graph\":[{\"@type\":\"WebPage\",\"@id\":\"https:\/\/www.topfastpcb.com\/products\/single-sided-flexible-pcb\/\",\"url\":\"https:\/\/www.topfastpcb.com\/products\/single-sided-flexible-pcb\/\",\"name\":\"Single-Sided Flexible PCB - Topfastpcb\",\"isPartOf\":{\"@id\":\"https:\/\/www.topfastpcb.com\/#website\"},\"primaryImageOfPage\":{\"@id\":\"https:\/\/www.topfastpcb.com\/products\/single-sided-flexible-pcb\/#primaryimage\"},\"image\":{\"@id\":\"https:\/\/www.topfastpcb.com\/products\/single-sided-flexible-pcb\/#primaryimage\"},\"thumbnailUrl\":\"https:\/\/www.topfastpcb.com\/wp-content\/uploads\/2025\/06\/Flexible-PCB-13.jpg\",\"datePublished\":\"2025-06-17T02:39:32+00:00\",\"dateModified\":\"2025-06-24T02:07:44+00:00\",\"description\":\"Topfast specializes in high-quality single-sided flexible PCBs, with 17 years of experience. Made from premium polyimide materials, they are ultra-thin, lightweight, and highly flexible, ideal for consumer electronics, medical devices, and automotive applications.\",\"breadcrumb\":{\"@id\":\"https:\/\/www.topfastpcb.com\/products\/single-sided-flexible-pcb\/#breadcrumb\"},\"inLanguage\":\"it-IT\",\"potentialAction\":[{\"@type\":\"ReadAction\",\"target\":[\"https:\/\/www.topfastpcb.com\/products\/single-sided-flexible-pcb\/\"]}]},{\"@type\":\"ImageObject\",\"inLanguage\":\"it-IT\",\"@id\":\"https:\/\/www.topfastpcb.com\/products\/single-sided-flexible-pcb\/#primaryimage\",\"url\":\"https:\/\/www.topfastpcb.com\/wp-content\/uploads\/2025\/06\/Flexible-PCB-13.jpg\",\"contentUrl\":\"https:\/\/www.topfastpcb.com\/wp-content\/uploads\/2025\/06\/Flexible-PCB-13.jpg\",\"width\":800,\"height\":800,\"caption\":\"Single-Sided Flexible PCB\"},{\"@type\":\"BreadcrumbList\",\"@id\":\"https:\/\/www.topfastpcb.com\/products\/single-sided-flexible-pcb\/#breadcrumb\",\"itemListElement\":[{\"@type\":\"ListItem\",\"position\":1,\"name\":\"\u9996\u9875\",\"item\":\"https:\/\/www.topfastpcb.com\/\"},{\"@type\":\"ListItem\",\"position\":2,\"name\":\"\u5546\u5e97\",\"item\":\"https:\/\/www.topfastpcb.com\/shop\/\"},{\"@type\":\"ListItem\",\"position\":3,\"name\":\"Single-Sided Flexible PCB\"}]},{\"@type\":\"WebSite\",\"@id\":\"https:\/\/www.topfastpcb.com\/#website\",\"url\":\"https:\/\/www.topfastpcb.com\/\",\"name\":\"Topfastpcb\",\"description\":\"Topfast Prime Choice for Global Electronics Manufacturing\",\"publisher\":{\"@id\":\"https:\/\/www.topfastpcb.com\/#organization\"},\"potentialAction\":[{\"@type\":\"SearchAction\",\"target\":{\"@type\":\"EntryPoint\",\"urlTemplate\":\"https:\/\/www.topfastpcb.com\/?s={search_term_string}\"},\"query-input\":{\"@type\":\"PropertyValueSpecification\",\"valueRequired\":true,\"valueName\":\"search_term_string\"}}],\"inLanguage\":\"it-IT\"},{\"@type\":\"Organization\",\"@id\":\"https:\/\/www.topfastpcb.com\/#organization\",\"name\":\"Topfastpcb\",\"url\":\"https:\/\/www.topfastpcb.com\/\",\"logo\":{\"@type\":\"ImageObject\",\"inLanguage\":\"it-IT\",\"@id\":\"https:\/\/www.topfastpcb.com\/#\/schema\/logo\/image\/\",\"url\":\"https:\/\/www.topfastpcb.com\/wp-content\/uploads\/2026\/02\/cropped-topfast-logo.png\",\"contentUrl\":\"https:\/\/www.topfastpcb.com\/wp-content\/uploads\/2026\/02\/cropped-topfast-logo.png\",\"width\":144,\"height\":56,\"caption\":\"Topfastpcb\"},\"image\":{\"@id\":\"https:\/\/www.topfastpcb.com\/#\/schema\/logo\/image\/\"}}]}<\/script>\n<!-- \/ Yoast SEO plugin. -->","yoast_head_json":{"title":"Single-Sided Flexible PCB - Topfastpcb","description":"Topfast specializes in high-quality single-sided flexible PCBs, with 17 years of experience. Made from premium polyimide materials, they are ultra-thin, lightweight, and highly flexible, ideal for consumer electronics, medical devices, and automotive applications.","robots":{"index":"index","follow":"follow","max-snippet":"max-snippet:-1","max-image-preview":"max-image-preview:large","max-video-preview":"max-video-preview:-1"},"canonical":"https:\/\/www.topfastpcb.com\/it\/products\/single-sided-flexible-pcb\/","og_locale":"it_IT","og_type":"article","og_title":"Single-Sided Flexible PCB - Topfastpcb","og_description":"Topfast specializes in high-quality single-sided flexible PCBs, with 17 years of experience. Made from premium polyimide materials, they are ultra-thin, lightweight, and highly flexible, ideal for consumer electronics, medical devices, and automotive applications.","og_url":"https:\/\/www.topfastpcb.com\/it\/products\/single-sided-flexible-pcb\/","og_site_name":"Topfastpcb","article_modified_time":"2025-06-24T02:07:44+00:00","og_image":[{"width":800,"height":800,"url":"https:\/\/www.topfastpcb.com\/wp-content\/uploads\/2025\/06\/Flexible-PCB-13.jpg","type":"image\/jpeg"}],"twitter_card":"summary_large_image","twitter_misc":{"Tempo di lettura stimato":"3 minuti"},"schema":{"@context":"https:\/\/schema.org","@graph":[{"@type":"WebPage","@id":"https:\/\/www.topfastpcb.com\/products\/single-sided-flexible-pcb\/","url":"https:\/\/www.topfastpcb.com\/products\/single-sided-flexible-pcb\/","name":"Single-Sided Flexible PCB - Topfastpcb","isPartOf":{"@id":"https:\/\/www.topfastpcb.com\/#website"},"primaryImageOfPage":{"@id":"https:\/\/www.topfastpcb.com\/products\/single-sided-flexible-pcb\/#primaryimage"},"image":{"@id":"https:\/\/www.topfastpcb.com\/products\/single-sided-flexible-pcb\/#primaryimage"},"thumbnailUrl":"https:\/\/www.topfastpcb.com\/wp-content\/uploads\/2025\/06\/Flexible-PCB-13.jpg","datePublished":"2025-06-17T02:39:32+00:00","dateModified":"2025-06-24T02:07:44+00:00","description":"Topfast specializes in high-quality single-sided flexible PCBs, with 17 years of experience. Made from premium polyimide materials, they are ultra-thin, lightweight, and highly flexible, ideal for consumer electronics, medical devices, and automotive applications.","breadcrumb":{"@id":"https:\/\/www.topfastpcb.com\/products\/single-sided-flexible-pcb\/#breadcrumb"},"inLanguage":"it-IT","potentialAction":[{"@type":"ReadAction","target":["https:\/\/www.topfastpcb.com\/products\/single-sided-flexible-pcb\/"]}]},{"@type":"ImageObject","inLanguage":"it-IT","@id":"https:\/\/www.topfastpcb.com\/products\/single-sided-flexible-pcb\/#primaryimage","url":"https:\/\/www.topfastpcb.com\/wp-content\/uploads\/2025\/06\/Flexible-PCB-13.jpg","contentUrl":"https:\/\/www.topfastpcb.com\/wp-content\/uploads\/2025\/06\/Flexible-PCB-13.jpg","width":800,"height":800,"caption":"Single-Sided Flexible PCB"},{"@type":"BreadcrumbList","@id":"https:\/\/www.topfastpcb.com\/products\/single-sided-flexible-pcb\/#breadcrumb","itemListElement":[{"@type":"ListItem","position":1,"name":"\u9996\u9875","item":"https:\/\/www.topfastpcb.com\/"},{"@type":"ListItem","position":2,"name":"\u5546\u5e97","item":"https:\/\/www.topfastpcb.com\/shop\/"},{"@type":"ListItem","position":3,"name":"Single-Sided Flexible PCB"}]},{"@type":"WebSite","@id":"https:\/\/www.topfastpcb.com\/#website","url":"https:\/\/www.topfastpcb.com\/","name":"Topfastpcb","description":"Topfast Prime Choice for Global Electronics Manufacturing","publisher":{"@id":"https:\/\/www.topfastpcb.com\/#organization"},"potentialAction":[{"@type":"SearchAction","target":{"@type":"EntryPoint","urlTemplate":"https:\/\/www.topfastpcb.com\/?s={search_term_string}"},"query-input":{"@type":"PropertyValueSpecification","valueRequired":true,"valueName":"search_term_string"}}],"inLanguage":"it-IT"},{"@type":"Organization","@id":"https:\/\/www.topfastpcb.com\/#organization","name":"Topfastpcb","url":"https:\/\/www.topfastpcb.com\/","logo":{"@type":"ImageObject","inLanguage":"it-IT","@id":"https:\/\/www.topfastpcb.com\/#\/schema\/logo\/image\/","url":"https:\/\/www.topfastpcb.com\/wp-content\/uploads\/2026\/02\/cropped-topfast-logo.png","contentUrl":"https:\/\/www.topfastpcb.com\/wp-content\/uploads\/2026\/02\/cropped-topfast-logo.png","width":144,"height":56,"caption":"Topfastpcb"},"image":{"@id":"https:\/\/www.topfastpcb.com\/#\/schema\/logo\/image\/"}}]}},"_links":{"self":[{"href":"https:\/\/www.topfastpcb.com\/it\/wp-json\/wp\/v2\/product\/3324","targetHints":{"allow":["GET"]}}],"collection":[{"href":"https:\/\/www.topfastpcb.com\/it\/wp-json\/wp\/v2\/product"}],"about":[{"href":"https:\/\/www.topfastpcb.com\/it\/wp-json\/wp\/v2\/types\/product"}],"replies":[{"embeddable":true,"href":"https:\/\/www.topfastpcb.com\/it\/wp-json\/wp\/v2\/comments?post=3324"}],"wp:featuredmedia":[{"embeddable":true,"href":"https:\/\/www.topfastpcb.com\/it\/wp-json\/wp\/v2\/media\/3326"}],"wp:attachment":[{"href":"https:\/\/www.topfastpcb.com\/it\/wp-json\/wp\/v2\/media?parent=3324"}],"wp:term":[{"taxonomy":"product_brand","embeddable":true,"href":"https:\/\/www.topfastpcb.com\/it\/wp-json\/wp\/v2\/product_brand?post=3324"},{"taxonomy":"product_cat","embeddable":true,"href":"https:\/\/www.topfastpcb.com\/it\/wp-json\/wp\/v2\/product_cat?post=3324"},{"taxonomy":"product_tag","embeddable":true,"href":"https:\/\/www.topfastpcb.com\/it\/wp-json\/wp\/v2\/product_tag?post=3324"}],"curies":[{"name":"wp","href":"https:\/\/api.w.org\/{rel}","templated":true}]}}