{"id":3343,"date":"2025-06-20T08:24:32","date_gmt":"2025-06-20T00:24:32","guid":{"rendered":"https:\/\/www.topfastpcb.com\/?post_type=product&#038;p=3343"},"modified":"2025-06-24T10:05:53","modified_gmt":"2025-06-24T02:05:53","slug":"resistors","status":"publish","type":"product","link":"https:\/\/www.topfastpcb.com\/it\/products\/resistors\/","title":{"rendered":"Resistori"},"content":{"rendered":"<div id=\"ez-toc-container\" class=\"ez-toc-v2_0_74 counter-hierarchy ez-toc-counter ez-toc-custom ez-toc-container-direction\">\n<div class=\"ez-toc-title-container\">\n<p class=\"ez-toc-title\" style=\"cursor:inherit\">Indice per materie<\/p>\n<span class=\"ez-toc-title-toggle\"><\/span><\/div>\n<nav><ul class='ez-toc-list ez-toc-list-level-1' ><li class='ez-toc-page-1 ez-toc-heading-level-2'><a class=\"ez-toc-link ez-toc-heading-1\" href=\"https:\/\/www.topfastpcb.com\/it\/products\/resistors\/#Definition_and_function_of_resistors\" >Definizione e funzione dei resistori<\/a><\/li><li class='ez-toc-page-1 ez-toc-heading-level-2'><a class=\"ez-toc-link ez-toc-heading-2\" href=\"https:\/\/www.topfastpcb.com\/it\/products\/resistors\/#Comprehensive_Resistor_Product_Portfolio\" >Portafoglio completo di prodotti per resistenze<\/a><ul class='ez-toc-list-level-3' ><li class='ez-toc-heading-level-3'><a class=\"ez-toc-link ez-toc-heading-3\" href=\"https:\/\/www.topfastpcb.com\/it\/products\/resistors\/#High-Precision_Metal_Film_Resistor_Series\" >Serie di resistenze a film metallico ad alta precisione<\/a><\/li><li class='ez-toc-page-1 ez-toc-heading-level-3'><a class=\"ez-toc-link ez-toc-heading-4\" href=\"https:\/\/www.topfastpcb.com\/it\/products\/resistors\/#High-Power_Wirewound_Resistor_Solutions\" >Soluzioni per resistenze a filo ad alta potenza<\/a><\/li><li class='ez-toc-page-1 ez-toc-heading-level-3'><a class=\"ez-toc-link ez-toc-heading-5\" href=\"https:\/\/www.topfastpcb.com\/it\/products\/resistors\/#Complete_Surface_Mount_Resistor_SMD_Series\" >Serie completa di resistenze a montaggio superficiale (SMD)<\/a><\/li><li class='ez-toc-page-1 ez-toc-heading-level-3'><a class=\"ez-toc-link ez-toc-heading-6\" href=\"https:\/\/www.topfastpcb.com\/it\/products\/resistors\/#Custom_Specialty_Resistor_Services\" >Servizi per resistenze speciali personalizzate<\/a><\/li><\/ul><\/li><li class='ez-toc-page-1 ez-toc-heading-level-2'><a class=\"ez-toc-link ez-toc-heading-7\" href=\"https:\/\/www.topfastpcb.com\/it\/products\/resistors\/#Quality_Assurance_System_Exceeding_Industry_Standards\" >Sistema di garanzia della qualit\u00e0 che supera gli standard del settore<\/a><ul class='ez-toc-list-level-3' ><li class='ez-toc-heading-level-3'><a class=\"ez-toc-link ez-toc-heading-8\" href=\"https:\/\/www.topfastpcb.com\/it\/products\/resistors\/#Raw_Material_Control\" >Controllo delle materie prime<\/a><\/li><li class='ez-toc-page-1 ez-toc-heading-level-3'><a class=\"ez-toc-link ez-toc-heading-9\" href=\"https:\/\/www.topfastpcb.com\/it\/products\/resistors\/#Advanced_Manufacturing_Processes\" >Processi di fabbricazione avanzati<\/a><\/li><li class='ez-toc-page-1 ez-toc-heading-level-3'><a class=\"ez-toc-link ez-toc-heading-10\" href=\"https:\/\/www.topfastpcb.com\/it\/products\/resistors\/#Rigorous_Reliability_Testing\" >Test di affidabilit\u00e0 rigorosi<\/a><\/li><\/ul><\/li><li class='ez-toc-page-1 ez-toc-heading-level-2'><a class=\"ez-toc-link ez-toc-heading-11\" href=\"https:\/\/www.topfastpcb.com\/it\/products\/resistors\/#Value-Added_Services_for_Customers\" >Servizi a valore aggiunto per i clienti<\/a><ul class='ez-toc-list-level-3' ><li class='ez-toc-heading-level-3'><a class=\"ez-toc-link ez-toc-heading-12\" href=\"https:\/\/www.topfastpcb.com\/it\/products\/resistors\/#Technical_Support_Team\" >Team di assistenza tecnica<\/a><\/li><li class='ez-toc-page-1 ez-toc-heading-level-3'><a class=\"ez-toc-link ez-toc-heading-13\" href=\"https:\/\/www.topfastpcb.com\/it\/products\/resistors\/#Rapid_Response_Mechanism\" >Meccanismo di risposta rapida<\/a><\/li><li class='ez-toc-page-1 ez-toc-heading-level-3'><a class=\"ez-toc-link ez-toc-heading-14\" href=\"https:\/\/www.topfastpcb.com\/it\/products\/resistors\/#Cost_Optimization_Solutions\" >Soluzioni per l'ottimizzazione dei costi<\/a><\/li><\/ul><\/li><li class='ez-toc-page-1 ez-toc-heading-level-2'><a class=\"ez-toc-link ez-toc-heading-15\" href=\"https:\/\/www.topfastpcb.com\/it\/products\/resistors\/#Industry_Application_Cases\" >Casi di applicazione del settore<\/a><ul class='ez-toc-list-level-3' ><li class='ez-toc-heading-level-3'><a class=\"ez-toc-link ez-toc-heading-16\" href=\"https:\/\/www.topfastpcb.com\/it\/products\/resistors\/#About_Topfast\" >Informazioni su Topfast<\/a><\/li><\/ul><\/li><li class='ez-toc-page-1 ez-toc-heading-level-2'><a class=\"ez-toc-link ez-toc-heading-17\" href=\"https:\/\/www.topfastpcb.com\/it\/products\/resistors\/#Why_choose_Topfast\" >Perch\u00e9 scegliere Topfast?<\/a><\/li><\/ul><\/nav><\/div>\n\n<h2><span class=\"ez-toc-section\" id=\"Definition_and_function_of_resistors\"><\/span>Definizione e funzione dei resistori<span class=\"ez-toc-section-end\"><\/span><\/h2>\n<p>A <a href=\"https:\/\/www.topfastpcb.com\/it\/blog\/the-resistor\/\">resistore<\/a> \u00e8 un componente di base dei dispositivi elettronici, ampiamente utilizzato per controllare o limitare la corrente in un circuito. Il valore della resistenza di un resistore determina la misura in cui impedisce il flusso di corrente. Secondo la legge di Ohm (V=IR), maggiore \u00e8 il valore della resistenza, minore \u00e8 la corrente che scorre a una data tensione, dove V \u00e8 la tensione, I la corrente e R la resistenza.<\/p>\n<p class=\"ds-markdown-paragraph\">Nella progettazione dei circuiti elettronici, i resistori sono uno dei componenti passivi fondamentali, le cui prestazioni influiscono direttamente sulla stabilit\u00e0 e sull'affidabilit\u00e0 di interi sistemi. Come <a href=\"https:\/\/www.topfastpcb.com\/it\/\">Produzione di PCB<\/a> specialisti con 17 anni di esperienza professionale, Topfast conosce a fondo le caratteristiche e gli scenari applicativi dei vari resistori, fornendo ai clienti soluzioni complete dalla selezione dei componenti all'assemblaggio.<\/p>\n<h2><span class=\"ez-toc-section\" id=\"Comprehensive_Resistor_Product_Portfolio\"><\/span>Portafoglio completo di prodotti per resistenze<span class=\"ez-toc-section-end\"><\/span><\/h2>\n<p class=\"ds-markdown-paragraph\">L'inventario dei resistori Topfast copre tutti i tipi pi\u00f9 comuni per soddisfare i requisiti pi\u00f9 severi in diverse applicazioni:<\/p>\n<h3 class=\"ds-markdown-paragraph\"><span class=\"ez-toc-section\" id=\"High-Precision_Metal_Film_Resistor_Series\"><\/span><strong>Serie di resistenze a film metallico ad alta precisione<\/strong><span class=\"ez-toc-section-end\"><\/span><\/h3>\n<p class=\"ds-markdown-paragraph\">Prodotto con una tecnologia avanzata di deposizione sotto vuoto, con tolleranze che raggiungono \u00b10,1% e coefficienti di temperatura fino a 25ppm\/\u2103. Particolarmente adatti per apparecchiature mediche e strumenti di precisione che richiedono una stabilit\u00e0 eccezionale. I nostri resistori a film metallico sono sottoposti a test di invecchiamento 100% per garantire l'affidabilit\u00e0 a lungo termine.<\/p>\n<h3 class=\"ds-markdown-paragraph\"><span class=\"ez-toc-section\" id=\"High-Power_Wirewound_Resistor_Solutions\"><\/span><strong>Soluzioni per resistenze a filo ad alta potenza<\/strong><span class=\"ez-toc-section-end\"><\/span><\/h3>\n<p class=\"ds-markdown-paragraph\">Potenze da 5W a 300W, con filo di resistenza in lega speciale e nuclei in ceramica con eccellenti prestazioni ad alta temperatura. Applicati con successo nei convertitori di frequenza industriali e nei sistemi di alimentazione, hanno dimostrato un tempo medio tra i guasti superiore a 100.000 ore.<\/p>\n<h3 class=\"ds-markdown-paragraph\"><span class=\"ez-toc-section\" id=\"Complete_Surface_Mount_Resistor_SMD_Series\"><\/span><strong>Serie completa di resistenze a montaggio superficiale (SMD)<\/strong><span class=\"ez-toc-section-end\"><\/span><\/h3>\n<p class=\"ds-markdown-paragraph\">Copre tutte le dimensioni da 0201 a 2512, con opzioni a film spesso e a film sottile. I nostri resistori SMD utilizzano strutture di terminazione innovative, che migliorano l'affidabilit\u00e0 della saldatura di 30% rispetto agli standard del settore, rendendoli ideali per ambienti ad alta vibrazione come l'elettronica automobilistica.<\/p>\n<h3 class=\"ds-markdown-paragraph\"><span class=\"ez-toc-section\" id=\"Custom_Specialty_Resistor_Services\"><\/span><strong>Servizi per resistenze speciali personalizzate<\/strong><span class=\"ez-toc-section-end\"><\/span><\/h3>\n<ul>\n<li>\n<p class=\"ds-markdown-paragraph\">Resistenze non magnetiche: Sistemi di materiali speciali con magnetismo residuo &lt; 0,01 mT, che soddisfano i severi requisiti per le apparecchiature di imaging medicale come i sistemi MRI.<\/p>\n<\/li>\n<li>\n<p class=\"ds-markdown-paragraph\">Resistenze ad alta tensione: Tensioni di esercizio fino a 50kV per apparecchiature specializzate come le macchine a raggi X.<\/p>\n<\/li>\n<li>\n<p class=\"ds-markdown-paragraph\">Resistenze resistenti alle sovratensioni: Capacit\u00e0 di resistenza agli impulsi superiore di 5 volte ai prodotti standard<\/p>\n<\/li>\n<\/ul>\n<h2><img loading=\"lazy\" decoding=\"async\" src=\"https:\/\/www.topfastpcb.com\/wp-content\/uploads\/2025\/06\/resistors-4.jpg\" alt=\"resistenze\" width=\"600\" height=\"402\" class=\"aligncenter size-full wp-image-3344\" srcset=\"https:\/\/www.topfastpcb.com\/wp-content\/uploads\/2025\/06\/resistors-4.jpg 600w, https:\/\/www.topfastpcb.com\/wp-content\/uploads\/2025\/06\/resistors-4-300x201.jpg 300w, https:\/\/www.topfastpcb.com\/wp-content\/uploads\/2025\/06\/resistors-4-18x12.jpg 18w\" sizes=\"auto, (max-width: 600px) 100vw, 600px\" \/><\/h2>\n<h2><span class=\"ez-toc-section\" id=\"Quality_Assurance_System_Exceeding_Industry_Standards\"><\/span>Sistema di garanzia della qualit\u00e0 che supera gli standard del settore<span class=\"ez-toc-section-end\"><\/span><\/h2>\n<p class=\"ds-markdown-paragraph\">Topfast ha implementato un sistema completo di controllo della qualit\u00e0:<\/p>\n<h3 class=\"ds-markdown-paragraph\"><span class=\"ez-toc-section\" id=\"Raw_Material_Control\"><\/span><strong>Controllo delle materie prime<\/strong><span class=\"ez-toc-section-end\"><\/span><\/h3>\n<p class=\"ds-markdown-paragraph\">Partnership dirette con fornitori di alto livello come Vishay e Yageo, con:<\/p>\n<ul>\n<li>\n<p class=\"ds-markdown-paragraph\">Ispezione completa dei parametri elettrici<\/p>\n<\/li>\n<li>\n<p class=\"ds-markdown-paragraph\">Test di saldabilit\u00e0<\/p>\n<\/li>\n<li>\n<p class=\"ds-markdown-paragraph\">Analisi della microstruttura<\/p>\n<\/li>\n<\/ul>\n<h3 class=\"ds-markdown-paragraph\"><span class=\"ez-toc-section\" id=\"Advanced_Manufacturing_Processes\"><\/span><strong>Processi di fabbricazione avanzati<\/strong><span class=\"ez-toc-section-end\"><\/span><\/h3>\n<ul>\n<li>\n<p class=\"ds-markdown-paragraph\">Apparecchiatura di posizionamento giapponese ad alta precisione (precisione di \u00b125\u03bcm)<\/p>\n<\/li>\n<li>\n<p class=\"ds-markdown-paragraph\">Saldatura a riflusso protetta da azoto (tasso di ossidazione &lt;0,1%)<\/p>\n<\/li>\n<li>\n<p class=\"ds-markdown-paragraph\">100% <a href=\"https:\/\/www.topfastpcb.com\/it\/blog\/what-is-aoi-automated-optical-inspection\/\">ispezione ottica automatizzata<\/a> (AOI) copertura<\/p>\n<\/li>\n<\/ul>\n<h3 class=\"ds-markdown-paragraph\"><span class=\"ez-toc-section\" id=\"Rigorous_Reliability_Testing\"><\/span><strong>Test di affidabilit\u00e0 rigorosi<\/strong><span class=\"ez-toc-section-end\"><\/span><\/h3>\n<ul>\n<li>\n<p class=\"ds-markdown-paragraph\">Cicli di temperatura (-55\u2103~+125\u2103) 100 cicli<\/p>\n<\/li>\n<li>\n<p class=\"ds-markdown-paragraph\">85\u2103\/85%RH prova di calore umido per 1000 ore<\/p>\n<\/li>\n<li>\n<p class=\"ds-markdown-paragraph\">Test di vibrazione meccanica (20G)<\/p>\n<\/li>\n<\/ul>\n<h2><span class=\"ez-toc-section\" id=\"Value-Added_Services_for_Customers\"><\/span>Servizi a valore aggiunto per i clienti<span class=\"ez-toc-section-end\"><\/span><\/h2>\n<h3 class=\"ds-markdown-paragraph\"><span class=\"ez-toc-section\" id=\"Technical_Support_Team\"><\/span><strong>Team di assistenza tecnica<\/strong><span class=\"ez-toc-section-end\"><\/span><\/h3>\n<p class=\"ds-markdown-paragraph\">Ingegneri FAE con oltre 10 anni di esperienza che forniscono:<\/p>\n<ul>\n<li>\n<p class=\"ds-markdown-paragraph\">Ottimizzazione della progettazione dei circuiti<\/p>\n<\/li>\n<li>\n<p class=\"ds-markdown-paragraph\">Simulazione dell'analisi termica<\/p>\n<\/li>\n<li>\n<p class=\"ds-markdown-paragraph\">Analisi delle modalit\u00e0 di guasto<\/p>\n<\/li>\n<\/ul>\n<h3 class=\"ds-markdown-paragraph\"><span class=\"ez-toc-section\" id=\"Rapid_Response_Mechanism\"><\/span><strong>Meccanismo di risposta rapida<\/strong><span class=\"ez-toc-section-end\"><\/span><\/h3>\n<ul>\n<li>\n<p class=\"ds-markdown-paragraph\">Consegna del campione entro 24 ore<\/p>\n<\/li>\n<li>\n<p class=\"ds-markdown-paragraph\">Ordini di piccoli lotti in 5 giorni<\/p>\n<\/li>\n<li>\n<p class=\"ds-markdown-paragraph\">Canale di priorit\u00e0 degli ordini di emergenza<\/p>\n<\/li>\n<\/ul>\n<h3 class=\"ds-markdown-paragraph\"><span class=\"ez-toc-section\" id=\"Cost_Optimization_Solutions\"><\/span><strong>Soluzioni per l'ottimizzazione dei costi<\/strong><span class=\"ez-toc-section-end\"><\/span><\/h3>\n<p class=\"ds-markdown-paragraph\">Attraverso:<\/p>\n<ul>\n<li>\n<p class=\"ds-markdown-paragraph\">Valutazione dei componenti alternativi<\/p>\n<\/li>\n<li>\n<p class=\"ds-markdown-paragraph\">Raccomandazioni per la semplificazione dei processi<\/p>\n<\/li>\n<li>\n<p class=\"ds-markdown-paragraph\">Sconti per acquisti in quantit\u00e0<\/p>\n<\/li>\n<\/ul>\n<h2><span class=\"ez-toc-section\" id=\"Industry_Application_Cases\"><\/span>Casi di applicazione del settore<span class=\"ez-toc-section-end\"><\/span><\/h2>\n<p class=\"ds-markdown-paragraph\"><strong>Stazioni base di comunicazione 5G<\/strong><br \/>\nGli array di resistenze a bassa induttanza parassita sviluppati su misura hanno migliorato l'integrit\u00e0 del segnale di 40%, applicati con successo nei moduli RF delle stazioni base a onde millimetriche.<\/p>\n<p class=\"ds-markdown-paragraph\"><strong>Veicoli a nuova energia<\/strong><br \/>\nSviluppo di soluzioni di resistenze ad alta temperatura da 125\u2103 per il settore automobilistico conformi alla certificazione AEC-Q200, prodotte in serie per i sistemi BMS.<\/p>\n<p class=\"ds-markdown-paragraph\"><strong>Apparecchiature mediche<\/strong><br \/>\nHa fornito soluzioni per resistenze non magnetiche a un marchio internazionale di apparecchiature per la tomografia computerizzata, assistendolo nella certificazione FDA.<\/p>\n<h3><span class=\"ez-toc-section\" id=\"About_Topfast\"><\/span>Informazioni su Topfast<span class=\"ez-toc-section-end\"><\/span><\/h3>\n<p class=\"ds-markdown-paragraph\">Fondata nel 2008 con una moderna base produttiva di 20.000\u33a1, certificata secondo gli standard ISO9001\/14001\/IATF16949. Serviamo pi\u00f9 di 3.000 clienti a livello mondiale con spedizioni annuali di componenti per resistenze che superano i 500 milioni di unit\u00e0. Non forniamo solo prodotti, ma soluzioni di produzione elettronica affidabili.<\/p>\n<h2><span class=\"ez-toc-section\" id=\"Why_choose_Topfast\"><\/span>Perch\u00e9 scegliere Topfast?<span class=\"ez-toc-section-end\"><\/span><\/h2>\n<p class=\"ds-markdown-paragraph\">In qualit\u00e0 di fornitore di servizi professionali per la produzione di PCB, Topfast offre soluzioni di resistenza veramente affidabili grazie a una profonda conoscenza tecnica, a rigorosi sistemi di controllo della qualit\u00e0 e a una ricca esperienza applicativa. Che si tratti di prodotti standard o di richieste speciali personalizzate, rispondiamo con un impegno professionale e un servizio efficiente. Scegliere Topfast significa scegliere la tranquillit\u00e0.<\/p>","protected":false},"excerpt":{"rendered":"<p><span>Questo articolo illustra il sistema di prodotti e i vantaggi tecnici di Topfast, che comprende resistenze a film metallico di alta precisione, resistenze a filo avvolto ad alta potenza e resistenze speciali personalizzate. Illustra le rigorose misure di controllo della qualit\u00e0 e i servizi a valore aggiunto, dimostrando le capacit\u00e0 complete dell'azienda come produttore professionale di PCB.<\/span><\/p>","protected":false},"featured_media":3345,"comment_status":"closed","ping_status":"closed","template":"","meta":[],"product_brand":[],"product_cat":[217],"product_tag":[290],"class_list":{"0":"post-3343","1":"product","2":"type-product","3":"status-publish","4":"has-post-thumbnail","6":"product_cat-electronic-components","7":"product_tag-resistors","9":"first","10":"instock","11":"shipping-taxable","12":"product-type-simple"},"yoast_head":"<!-- This site is optimized with the Yoast SEO plugin v25.1 - https:\/\/yoast.com\/wordpress\/plugins\/seo\/ -->\n<title>Resistors - Topfastpcb<\/title>\n<meta name=\"description\" content=\"Topfast provides professional-grade resistor solutions including metal film, wirewound, SMD resistors with strict quality control and custom development. 17 years PCB manufacturing experience serving 3000+ global clients.\" \/>\n<meta name=\"robots\" content=\"index, follow, max-snippet:-1, max-image-preview:large, max-video-preview:-1\" \/>\n<link rel=\"canonical\" href=\"https:\/\/www.topfastpcb.com\/it\/products\/resistors\/\" \/>\n<meta property=\"og:locale\" content=\"it_IT\" \/>\n<meta property=\"og:type\" content=\"article\" \/>\n<meta property=\"og:title\" content=\"Resistors - Topfastpcb\" \/>\n<meta property=\"og:description\" content=\"Topfast provides professional-grade resistor solutions including metal film, wirewound, SMD resistors with strict quality control and custom development. 17 years PCB manufacturing experience serving 3000+ global clients.\" \/>\n<meta property=\"og:url\" content=\"https:\/\/www.topfastpcb.com\/it\/products\/resistors\/\" \/>\n<meta property=\"og:site_name\" content=\"Topfastpcb\" \/>\n<meta property=\"article:modified_time\" content=\"2025-06-24T02:05:53+00:00\" \/>\n<meta property=\"og:image\" content=\"https:\/\/www.topfastpcb.com\/wp-content\/uploads\/2025\/06\/resistors-2.jpg\" \/>\n\t<meta property=\"og:image:width\" content=\"750\" \/>\n\t<meta property=\"og:image:height\" content=\"750\" \/>\n\t<meta property=\"og:image:type\" content=\"image\/jpeg\" \/>\n<meta name=\"twitter:card\" content=\"summary_large_image\" \/>\n<meta name=\"twitter:label1\" content=\"Tempo di lettura stimato\" \/>\n\t<meta name=\"twitter:data1\" content=\"3 minuti\" \/>\n<script type=\"application\/ld+json\" class=\"yoast-schema-graph\">{\"@context\":\"https:\/\/schema.org\",\"@graph\":[{\"@type\":\"WebPage\",\"@id\":\"https:\/\/www.topfastpcb.com\/products\/resistors\/\",\"url\":\"https:\/\/www.topfastpcb.com\/products\/resistors\/\",\"name\":\"Resistors - Topfastpcb\",\"isPartOf\":{\"@id\":\"https:\/\/www.topfastpcb.com\/#website\"},\"primaryImageOfPage\":{\"@id\":\"https:\/\/www.topfastpcb.com\/products\/resistors\/#primaryimage\"},\"image\":{\"@id\":\"https:\/\/www.topfastpcb.com\/products\/resistors\/#primaryimage\"},\"thumbnailUrl\":\"https:\/\/www.topfastpcb.com\/wp-content\/uploads\/2025\/06\/resistors-2.jpg\",\"datePublished\":\"2025-06-20T00:24:32+00:00\",\"dateModified\":\"2025-06-24T02:05:53+00:00\",\"description\":\"Topfast provides professional-grade resistor solutions including metal film, wirewound, SMD resistors with strict quality control and custom development. 17 years PCB manufacturing experience serving 3000+ global clients.\",\"breadcrumb\":{\"@id\":\"https:\/\/www.topfastpcb.com\/products\/resistors\/#breadcrumb\"},\"inLanguage\":\"it-IT\",\"potentialAction\":[{\"@type\":\"ReadAction\",\"target\":[\"https:\/\/www.topfastpcb.com\/products\/resistors\/\"]}]},{\"@type\":\"ImageObject\",\"inLanguage\":\"it-IT\",\"@id\":\"https:\/\/www.topfastpcb.com\/products\/resistors\/#primaryimage\",\"url\":\"https:\/\/www.topfastpcb.com\/wp-content\/uploads\/2025\/06\/resistors-2.jpg\",\"contentUrl\":\"https:\/\/www.topfastpcb.com\/wp-content\/uploads\/2025\/06\/resistors-2.jpg\",\"width\":750,\"height\":750},{\"@type\":\"BreadcrumbList\",\"@id\":\"https:\/\/www.topfastpcb.com\/products\/resistors\/#breadcrumb\",\"itemListElement\":[{\"@type\":\"ListItem\",\"position\":1,\"name\":\"\u9996\u9875\",\"item\":\"https:\/\/www.topfastpcb.com\/\"},{\"@type\":\"ListItem\",\"position\":2,\"name\":\"\u5546\u5e97\",\"item\":\"https:\/\/www.topfastpcb.com\/shop\/\"},{\"@type\":\"ListItem\",\"position\":3,\"name\":\"Resistors\"}]},{\"@type\":\"WebSite\",\"@id\":\"https:\/\/www.topfastpcb.com\/#website\",\"url\":\"https:\/\/www.topfastpcb.com\/\",\"name\":\"Topfastpcb\",\"description\":\"Topfast Prime Choice for Global Electronics Manufacturing\",\"publisher\":{\"@id\":\"https:\/\/www.topfastpcb.com\/#organization\"},\"potentialAction\":[{\"@type\":\"SearchAction\",\"target\":{\"@type\":\"EntryPoint\",\"urlTemplate\":\"https:\/\/www.topfastpcb.com\/?s={search_term_string}\"},\"query-input\":{\"@type\":\"PropertyValueSpecification\",\"valueRequired\":true,\"valueName\":\"search_term_string\"}}],\"inLanguage\":\"it-IT\"},{\"@type\":\"Organization\",\"@id\":\"https:\/\/www.topfastpcb.com\/#organization\",\"name\":\"Topfastpcb\",\"url\":\"https:\/\/www.topfastpcb.com\/\",\"logo\":{\"@type\":\"ImageObject\",\"inLanguage\":\"it-IT\",\"@id\":\"https:\/\/www.topfastpcb.com\/#\/schema\/logo\/image\/\",\"url\":\"https:\/\/www.topfastpcb.com\/wp-content\/uploads\/2026\/02\/cropped-topfast-logo.png\",\"contentUrl\":\"https:\/\/www.topfastpcb.com\/wp-content\/uploads\/2026\/02\/cropped-topfast-logo.png\",\"width\":144,\"height\":56,\"caption\":\"Topfastpcb\"},\"image\":{\"@id\":\"https:\/\/www.topfastpcb.com\/#\/schema\/logo\/image\/\"}}]}<\/script>\n<!-- \/ Yoast SEO plugin. -->","yoast_head_json":{"title":"Resistors - Topfastpcb","description":"Topfast provides professional-grade resistor solutions including metal film, wirewound, SMD resistors with strict quality control and custom development. 17 years PCB manufacturing experience serving 3000+ global clients.","robots":{"index":"index","follow":"follow","max-snippet":"max-snippet:-1","max-image-preview":"max-image-preview:large","max-video-preview":"max-video-preview:-1"},"canonical":"https:\/\/www.topfastpcb.com\/it\/products\/resistors\/","og_locale":"it_IT","og_type":"article","og_title":"Resistors - Topfastpcb","og_description":"Topfast provides professional-grade resistor solutions including metal film, wirewound, SMD resistors with strict quality control and custom development. 17 years PCB manufacturing experience serving 3000+ global clients.","og_url":"https:\/\/www.topfastpcb.com\/it\/products\/resistors\/","og_site_name":"Topfastpcb","article_modified_time":"2025-06-24T02:05:53+00:00","og_image":[{"width":750,"height":750,"url":"https:\/\/www.topfastpcb.com\/wp-content\/uploads\/2025\/06\/resistors-2.jpg","type":"image\/jpeg"}],"twitter_card":"summary_large_image","twitter_misc":{"Tempo di lettura stimato":"3 minuti"},"schema":{"@context":"https:\/\/schema.org","@graph":[{"@type":"WebPage","@id":"https:\/\/www.topfastpcb.com\/products\/resistors\/","url":"https:\/\/www.topfastpcb.com\/products\/resistors\/","name":"Resistors - Topfastpcb","isPartOf":{"@id":"https:\/\/www.topfastpcb.com\/#website"},"primaryImageOfPage":{"@id":"https:\/\/www.topfastpcb.com\/products\/resistors\/#primaryimage"},"image":{"@id":"https:\/\/www.topfastpcb.com\/products\/resistors\/#primaryimage"},"thumbnailUrl":"https:\/\/www.topfastpcb.com\/wp-content\/uploads\/2025\/06\/resistors-2.jpg","datePublished":"2025-06-20T00:24:32+00:00","dateModified":"2025-06-24T02:05:53+00:00","description":"Topfast provides professional-grade resistor solutions including metal film, wirewound, SMD resistors with strict quality control and custom development. 17 years PCB manufacturing experience serving 3000+ global clients.","breadcrumb":{"@id":"https:\/\/www.topfastpcb.com\/products\/resistors\/#breadcrumb"},"inLanguage":"it-IT","potentialAction":[{"@type":"ReadAction","target":["https:\/\/www.topfastpcb.com\/products\/resistors\/"]}]},{"@type":"ImageObject","inLanguage":"it-IT","@id":"https:\/\/www.topfastpcb.com\/products\/resistors\/#primaryimage","url":"https:\/\/www.topfastpcb.com\/wp-content\/uploads\/2025\/06\/resistors-2.jpg","contentUrl":"https:\/\/www.topfastpcb.com\/wp-content\/uploads\/2025\/06\/resistors-2.jpg","width":750,"height":750},{"@type":"BreadcrumbList","@id":"https:\/\/www.topfastpcb.com\/products\/resistors\/#breadcrumb","itemListElement":[{"@type":"ListItem","position":1,"name":"\u9996\u9875","item":"https:\/\/www.topfastpcb.com\/"},{"@type":"ListItem","position":2,"name":"\u5546\u5e97","item":"https:\/\/www.topfastpcb.com\/shop\/"},{"@type":"ListItem","position":3,"name":"Resistors"}]},{"@type":"WebSite","@id":"https:\/\/www.topfastpcb.com\/#website","url":"https:\/\/www.topfastpcb.com\/","name":"Topfastpcb","description":"Topfast Prime Choice for Global Electronics Manufacturing","publisher":{"@id":"https:\/\/www.topfastpcb.com\/#organization"},"potentialAction":[{"@type":"SearchAction","target":{"@type":"EntryPoint","urlTemplate":"https:\/\/www.topfastpcb.com\/?s={search_term_string}"},"query-input":{"@type":"PropertyValueSpecification","valueRequired":true,"valueName":"search_term_string"}}],"inLanguage":"it-IT"},{"@type":"Organization","@id":"https:\/\/www.topfastpcb.com\/#organization","name":"Topfastpcb","url":"https:\/\/www.topfastpcb.com\/","logo":{"@type":"ImageObject","inLanguage":"it-IT","@id":"https:\/\/www.topfastpcb.com\/#\/schema\/logo\/image\/","url":"https:\/\/www.topfastpcb.com\/wp-content\/uploads\/2026\/02\/cropped-topfast-logo.png","contentUrl":"https:\/\/www.topfastpcb.com\/wp-content\/uploads\/2026\/02\/cropped-topfast-logo.png","width":144,"height":56,"caption":"Topfastpcb"},"image":{"@id":"https:\/\/www.topfastpcb.com\/#\/schema\/logo\/image\/"}}]}},"_links":{"self":[{"href":"https:\/\/www.topfastpcb.com\/it\/wp-json\/wp\/v2\/product\/3343","targetHints":{"allow":["GET"]}}],"collection":[{"href":"https:\/\/www.topfastpcb.com\/it\/wp-json\/wp\/v2\/product"}],"about":[{"href":"https:\/\/www.topfastpcb.com\/it\/wp-json\/wp\/v2\/types\/product"}],"replies":[{"embeddable":true,"href":"https:\/\/www.topfastpcb.com\/it\/wp-json\/wp\/v2\/comments?post=3343"}],"wp:featuredmedia":[{"embeddable":true,"href":"https:\/\/www.topfastpcb.com\/it\/wp-json\/wp\/v2\/media\/3345"}],"wp:attachment":[{"href":"https:\/\/www.topfastpcb.com\/it\/wp-json\/wp\/v2\/media?parent=3343"}],"wp:term":[{"taxonomy":"product_brand","embeddable":true,"href":"https:\/\/www.topfastpcb.com\/it\/wp-json\/wp\/v2\/product_brand?post=3343"},{"taxonomy":"product_cat","embeddable":true,"href":"https:\/\/www.topfastpcb.com\/it\/wp-json\/wp\/v2\/product_cat?post=3343"},{"taxonomy":"product_tag","embeddable":true,"href":"https:\/\/www.topfastpcb.com\/it\/wp-json\/wp\/v2\/product_tag?post=3343"}],"curies":[{"name":"wp","href":"https:\/\/api.w.org\/{rel}","templated":true}]}}