{"id":3349,"date":"2025-06-21T08:35:11","date_gmt":"2025-06-21T00:35:11","guid":{"rendered":"https:\/\/www.topfastpcb.com\/?post_type=product&#038;p=3349"},"modified":"2025-06-24T10:03:28","modified_gmt":"2025-06-24T02:03:28","slug":"turnkey-pcb-assembly-services","status":"publish","type":"product","link":"https:\/\/www.topfastpcb.com\/it\/products\/turnkey-pcb-assembly-services\/","title":{"rendered":"Servizi di assemblaggio di PCB chiavi in mano"},"content":{"rendered":"<div id=\"ez-toc-container\" class=\"ez-toc-v2_0_74 counter-hierarchy ez-toc-counter ez-toc-custom ez-toc-container-direction\">\n<div class=\"ez-toc-title-container\">\n<p class=\"ez-toc-title\" style=\"cursor:inherit\">Indice per materie<\/p>\n<span class=\"ez-toc-title-toggle\"><\/span><\/div>\n<nav><ul class='ez-toc-list ez-toc-list-level-1' ><li class='ez-toc-page-1 ez-toc-heading-level-2'><a class=\"ez-toc-link ez-toc-heading-1\" href=\"https:\/\/www.topfastpcb.com\/it\/products\/turnkey-pcb-assembly-services\/#Topfasts_Professional_Turnkey_PCB_Assembly_Services\" >I servizi professionali di assemblaggio di PCB chiavi in mano di Topfast?<\/a><ul class='ez-toc-list-level-3' ><li class='ez-toc-heading-level-3'><a class=\"ez-toc-link ez-toc-heading-2\" href=\"https:\/\/www.topfastpcb.com\/it\/products\/turnkey-pcb-assembly-services\/#End-to-End_Complete_Solution\" >Soluzione completa end-to-end<\/a><\/li><li class='ez-toc-page-1 ez-toc-heading-level-3'><a class=\"ez-toc-link ez-toc-heading-3\" href=\"https:\/\/www.topfastpcb.com\/it\/products\/turnkey-pcb-assembly-services\/#Rigorous_Quality_Assurance_System\" >Un rigoroso sistema di garanzia della qualit\u00e0<\/a><\/li><\/ul><\/li><li class='ez-toc-page-1 ez-toc-heading-level-2'><a class=\"ez-toc-link ez-toc-heading-4\" href=\"https:\/\/www.topfastpcb.com\/it\/products\/turnkey-pcb-assembly-services\/#Core_Advantages_of_Topfasts_Turnkey_Services\" >I principali vantaggi dei servizi chiavi in mano di Topfast<\/a><ul class='ez-toc-list-level-3' ><li class='ez-toc-heading-level-3'><a class=\"ez-toc-link ez-toc-heading-5\" href=\"https:\/\/www.topfastpcb.com\/it\/products\/turnkey-pcb-assembly-services\/#Significantly_Reducing_Operational_Complexity_for_Clients\" >Riduzione significativa della complessit\u00e0 operativa per i clienti<\/a><\/li><li class='ez-toc-page-1 ez-toc-heading-level-3'><a class=\"ez-toc-link ez-toc-heading-6\" href=\"https:\/\/www.topfastpcb.com\/it\/products\/turnkey-pcb-assembly-services\/#Flexible_Support_for_Various_Production_Needs\" >Supporto flessibile per diverse esigenze di produzione<\/a><\/li><li class='ez-toc-page-1 ez-toc-heading-level-3'><a class=\"ez-toc-link ez-toc-heading-7\" href=\"https:\/\/www.topfastpcb.com\/it\/products\/turnkey-pcb-assembly-services\/#Cost_Optimization_Risk_Control\" >Ottimizzazione dei costi e controllo dei rischi<\/a><\/li><\/ul><\/li><li class='ez-toc-page-1 ez-toc-heading-level-2'><a class=\"ez-toc-link ez-toc-heading-8\" href=\"https:\/\/www.topfastpcb.com\/it\/products\/turnkey-pcb-assembly-services\/#Industry-Leading_Technical_Capabilities\" >Capacit\u00e0 tecniche leader del settore<\/a><\/li><li class='ez-toc-page-1 ez-toc-heading-level-2'><a class=\"ez-toc-link ez-toc-heading-9\" href=\"https:\/\/www.topfastpcb.com\/it\/products\/turnkey-pcb-assembly-services\/#Why_Global_Clients_Trust_Topfast\" >Perch\u00e9 i clienti globali si affidano a Topfast<\/a><\/li><\/ul><\/nav><\/div>\n\n<p class=\"ds-markdown-paragraph\">Nel panorama odierno dello sviluppo elettronico, caratterizzato da ritmi serrati, ogni fase, dalla progettazione alla produzione di massa, \u00e8 fondamentale. In qualit\u00e0 di fornitore leader di soluzioni PCB con 17 anni di esperienza nel settore, Topfast offre un servizio completo e professionale chiavi in mano. <a href=\"https:\/\/www.topfastpcb.com\/it\/products\/category\/pcba\/\">Servizi di assemblaggio di PCB<\/a>aiutando i clienti globali a trasformare in modo efficiente progetti innovativi in prodotti affidabili, riducendo in modo significativo il time-to-market.<\/p>\n<h2><span class=\"ez-toc-section\" id=\"Topfasts_Professional_Turnkey_PCB_Assembly_Services\"><\/span>I servizi professionali di assemblaggio di PCB chiavi in mano di Topfast?<span class=\"ez-toc-section-end\"><\/span><\/h2>\n<h3><span class=\"ez-toc-section\" id=\"End-to-End_Complete_Solution\"><\/span>Soluzione completa end-to-end<span class=\"ez-toc-section-end\"><\/span><\/h3>\n<p class=\"ds-markdown-paragraph\">A differenza dei comuni produttori di PCB, Topfast fornisce un servizio completo di catena del valore, dalla revisione del progetto alla consegna finale. Quando scegliete il nostro servizio \"chiavi in mano\", beneficiate di:<\/p>\n<ul>\n<li>\n<p class=\"ds-markdown-paragraph\"><strong>Supporto professionale di ingegneria DFM<\/strong>: Il nostro team tecnico esegue un'analisi approfondita del Design for Manufacturability (DFM) dei file Gerber e della distinta base all'inizio del progetto, identificando tempestivamente i potenziali problemi e fornendo suggerimenti di ottimizzazione per evitare costose rilavorazioni successive.<\/p>\n<\/li>\n<li>\n<p class=\"ds-markdown-paragraph\"><strong>Fabbricazione di PCB di alta qualit\u00e0<\/strong>: La nostra fabbrica di 20.000 metri quadrati \u00e8 dotata di attrezzature avanzate come perforatrici laser e linee di placcatura a fori passanti VCP, in grado di produrre schede rigide, schede flessibili, schede rigide-flessibili, schede HDI, schede RF e altro ancora per soddisfare le diverse esigenze del settore.<\/p>\n<\/li>\n<li>\n<p class=\"ds-markdown-paragraph\"><strong>Catena di fornitura dei componenti affidabile<\/strong>: Grazie a profonde collaborazioni con produttori di marchi di alto livello, garantiamo la qualit\u00e0 dei componenti e offriamo i prezzi pi\u00f9 competitivi. La nostra rete globale di fornitori \u00e8 in grado di rispondere rapidamente alle diverse esigenze dei componenti.<\/p>\n<\/li>\n<li>\n<p class=\"ds-markdown-paragraph\"><strong>Processi di assemblaggio di precisione<\/strong>: Utilizzando tecnologie di assemblaggio avanzate, tra cui SMT, THT, rilavorazione BGA e saldatura selettiva, abbinate a macchine di posizionamento ad alta precisione e tecniche di saldatura professionali per garantire che ogni giunto di saldatura sia conforme agli standard IPC-A-610.<\/p>\n<\/li>\n<\/ul>\n<h3><span class=\"ez-toc-section\" id=\"Rigorous_Quality_Assurance_System\"><\/span>Un rigoroso sistema di garanzia della qualit\u00e0<span class=\"ez-toc-section-end\"><\/span><\/h3>\n<p class=\"ds-markdown-paragraph\">In qualit\u00e0 di produttore professionale certificato ISO 9001, ISO 13485 e UL, Topfast implementa il controllo di qualit\u00e0 nell'intero processo di produzione:<\/p>\n<ul>\n<li>\n<p class=\"ds-markdown-paragraph\"><strong>100% Test elettrico<\/strong>: Tutte le schede nude sono sottoposte a test con sonde volanti o dispositivi per garantire la connettivit\u00e0 dei circuiti.<\/p>\n<\/li>\n<li>\n<p class=\"ds-markdown-paragraph\"><strong>Metodi di ispezione multipli<\/strong>: Combinazione di ispezione ottica automatizzata AOI, ispezione a raggi X (per BGA\/giunzioni di saldatura nascoste) e test funzionali per un'assicurazione di qualit\u00e0 completa delle PCBA.<\/p>\n<\/li>\n<li>\n<p class=\"ds-markdown-paragraph\"><strong>Controllo ESD rigoroso<\/strong>: Implementazione di misure complete di protezione elettrostatica nell'ambiente di produzione per evitare danni ai componenti sensibili.<\/p>\n<\/li>\n<li>\n<p class=\"ds-markdown-paragraph\"><strong>Pulizia e imballaggio<\/strong>: Pulizia professionale dopo l'assemblaggio e imballaggio antistatico per garantire un trasporto sicuro.<\/p>\n<\/li>\n<\/ul>\n<h2><img loading=\"lazy\" decoding=\"async\" src=\"https:\/\/www.topfastpcb.com\/wp-content\/uploads\/2025\/06\/pcba1.jpg\" alt=\"Assemblaggio di PCB\" width=\"600\" height=\"402\" class=\"aligncenter size-full wp-image-3350\" srcset=\"https:\/\/www.topfastpcb.com\/wp-content\/uploads\/2025\/06\/pcba1.jpg 600w, https:\/\/www.topfastpcb.com\/wp-content\/uploads\/2025\/06\/pcba1-300x201.jpg 300w, https:\/\/www.topfastpcb.com\/wp-content\/uploads\/2025\/06\/pcba1-18x12.jpg 18w\" sizes=\"auto, (max-width: 600px) 100vw, 600px\" \/><\/h2>\n<h2><span class=\"ez-toc-section\" id=\"Core_Advantages_of_Topfasts_Turnkey_Services\"><\/span>I principali vantaggi dei servizi chiavi in mano di Topfast<span class=\"ez-toc-section-end\"><\/span><\/h2>\n<h3><span class=\"ez-toc-section\" id=\"Significantly_Reducing_Operational_Complexity_for_Clients\"><\/span>Riduzione significativa della complessit\u00e0 operativa per i clienti<span class=\"ez-toc-section-end\"><\/span><\/h3>\n<p class=\"ds-markdown-paragraph\">Nei modelli tradizionali, i clienti devono coordinarsi separatamente con <a href=\"https:\/\/www.topfastpcb.com\/it\/products\/\">Produttori di PCB<\/a>fornitori di componenti e fabbriche di assemblaggio, con conseguenti costi di comunicazione elevati e potenziali errori. Il servizio one-stop di Topfast vi permette di lavorare con un solo team di professionisti per completare tutte le fasi, dalla progettazione al prodotto finito, riducendo notevolmente gli oneri di gestione.<\/p>\n<p class=\"ds-markdown-paragraph\">I nostri dati dimostrano che i clienti che utilizzano i servizi \"chiavi in mano\" risparmiano in media oltre 30% di tempo sul progetto, il che li rende particolarmente adatti alle startup o alle PMI con risorse limitate per portare rapidamente i prodotti sul mercato.<\/p>\n<h3><span class=\"ez-toc-section\" id=\"Flexible_Support_for_Various_Production_Needs\"><\/span>Supporto flessibile per diverse esigenze di produzione<span class=\"ez-toc-section-end\"><\/span><\/h3>\n<p class=\"ds-markdown-paragraph\">Se avete bisogno di:<\/p>\n<ul>\n<li>\n<p class=\"ds-markdown-paragraph\"><strong>5-10 pezzi per la prototipazione rapida<\/strong><\/p>\n<\/li>\n<li>\n<p class=\"ds-markdown-paragraph\"><strong>50-1000 pezzi per la produzione pilota di piccoli lotti<\/strong><\/p>\n<\/li>\n<li>\n<p class=\"ds-markdown-paragraph\"><strong>Decine di migliaia di pezzi per la produzione di massa<\/strong><\/p>\n<\/li>\n<\/ul>\n<p class=\"ds-markdown-paragraph\">Topfast \u00e8 in grado di fornire soluzioni su misura. Comprendiamo le diverse esigenze nelle varie fasi di sviluppo del prodotto e abbiamo creato un sistema di produzione flessibile per supportare senza problemi i clienti dalla prototipazione alla produzione di massa.<\/p>\n<h3><span class=\"ez-toc-section\" id=\"Cost_Optimization_Risk_Control\"><\/span>Ottimizzazione dei costi e controllo dei rischi<span class=\"ez-toc-section-end\"><\/span><\/h3>\n<p class=\"ds-markdown-paragraph\">Sfruttando le economie di scala negli approvvigionamenti e le competenze ingegneristiche maturate, offriamo ai clienti:<\/p>\n<ul>\n<li>\n<p class=\"ds-markdown-paragraph\"><strong>Analisi dei costi della distinta base<\/strong>: Un team di professionisti esamina gli elenchi dei materiali e suggerisce alternative equivalenti per ridurre i costi.<\/p>\n<\/li>\n<li>\n<p class=\"ds-markdown-paragraph\"><strong>Identificazione precoce del rischio<\/strong>: L'analisi DFM identifica in anticipo i difetti di progettazione, evitando costose modifiche in fase avanzata.<\/p>\n<\/li>\n<li>\n<p class=\"ds-markdown-paragraph\"><strong>Prezzi trasparenti<\/strong>: Nessuna spesa nascosta, per una struttura dei prezzi pi\u00f9 competitiva del mercato.<\/p>\n<\/li>\n<\/ul>\n<h2><span class=\"ez-toc-section\" id=\"Industry-Leading_Technical_Capabilities\"><\/span>Capacit\u00e0 tecniche leader del settore<span class=\"ez-toc-section-end\"><\/span><\/h2>\n<p class=\"ds-markdown-paragraph\">Topfast investe continuamente nell'innovazione tecnologica, con il nostro stabilimento dotato di:<\/p>\n<ul>\n<li>\n<p class=\"ds-markdown-paragraph\"><strong>Apparecchiature di foratura laser ad alta precisione<\/strong>: Supporto dell'elaborazione di microvia per i requisiti delle schede HDI<\/p>\n<\/li>\n<li>\n<p class=\"ds-markdown-paragraph\"><strong>Sistemi di ispezione AOI a via cieca<\/strong>: Garantire l'affidabilit\u00e0 delle connessioni interne nelle schede multistrato<\/p>\n<\/li>\n<li>\n<p class=\"ds-markdown-paragraph\"><strong>Linee di produzione per la macinazione della ceramica<\/strong>: Trattamento superficiale di alta precisione<\/p>\n<\/li>\n<li>\n<p class=\"ds-markdown-paragraph\"><strong>Macchine per il riempimento di resina sottovuoto<\/strong>: Miglioramento della stabilit\u00e0 strutturale del pannello<\/p>\n<\/li>\n<\/ul>\n<p class=\"ds-markdown-paragraph\">Il nostro team tecnico \u00e8 composto da ingegneri esperti in grado di gestire progetti di PCB complessi, tra cui circuiti RF ad alta frequenza, schede di interconnessione ad alta densit\u00e0 (HDI) e schede di alimentazione in rame spesso per applicazioni specializzate.<\/p>\n<h2><span class=\"ez-toc-section\" id=\"Why_Global_Clients_Trust_Topfast\"><\/span>Perch\u00e9 i clienti globali si affidano a Topfast<span class=\"ez-toc-section-end\"><\/span><\/h2>\n<p class=\"ds-markdown-paragraph\">La scelta di un partner per l'assemblaggio di PCB non \u00e8 solo una questione di costi, ma anche di qualit\u00e0 del prodotto e di successo del progetto. Con 17 anni di esperienza professionale, un solido sistema di qualit\u00e0 e una filosofia di servizio orientata al cliente, Topfast \u00e8 diventata il fornitore preferito di numerosi marchi internazionali.<\/p>\n<p class=\"ds-markdown-paragraph\">Siamo consapevoli che ogni progetto di circuiti stampati porta con s\u00e9 le visioni innovative dei nostri clienti, ed \u00e8 per questo che aderiamo a una filosofia di base \"quality-first\". Grazie a un controllo meticoloso dei processi e a metodi tecnici avanzati, garantiamo che ogni circuito stampato consegnato soddisfi o superi le aspettative. Dai dispositivi medici ai controlli industriali, dall'elettronica di consumo all'elettronica automobilistica, i servizi chiavi in mano di Topfast hanno supportato con successo centinaia di prodotti attraverso la produzione di massa.<\/p>\n<p class=\"ds-markdown-paragraph\">Se siete alla ricerca di soluzioni di assemblaggio di PCB affidabili, efficienti ed economiche, il team di professionisti di Topfast \u00e8 pronto ad assistervi. Non esitate a inviare i vostri file di progetto e la vostra distinta base per una <a href=\"https:\/\/www.topfastpcb.com\/it\/contact\/\">preventivo immediato<\/a>e lasciate che vi aiutiamo a trasformare rapidamente le idee in prodotti pronti per il mercato.<\/p>","protected":false},"excerpt":{"rendered":"<p><span>Questo articolo illustra i vantaggi principali dei servizi professionali di assemblaggio di PCB chiavi in mano di Topfast, comprese le soluzioni end-to-end, il rigoroso controllo di qualit\u00e0, il supporto flessibile alla produzione e le capacit\u00e0 di ottimizzazione dei costi, mettendo in evidenza la sua competenza tecnica e il valore del servizio come fornitore di PCB leader del settore per aiutare i clienti a realizzare una produzione elettronica efficiente.<\/span><\/p>","protected":false},"featured_media":3351,"comment_status":"closed","ping_status":"closed","template":"","meta":[],"product_brand":[],"product_cat":[116],"product_tag":[231,207,291],"class_list":{"0":"post-3349","1":"product","2":"type-product","3":"status-publish","4":"has-post-thumbnail","6":"product_cat-pcba","7":"product_tag-pcb-assembly","8":"product_tag-pcba","9":"product_tag-turnkey-pcb-assembly","11":"first","12":"instock","13":"shipping-taxable","14":"product-type-simple"},"yoast_head":"<!-- This site is optimized with the Yoast SEO plugin v25.1 - https:\/\/yoast.com\/wordpress\/plugins\/seo\/ -->\n<title>Turnkey PCB Assembly Services - Topfastpcb<\/title>\n<meta name=\"description\" content=\"Topfast provides professional turnkey PCB assembly services with 17 years of experience in one-stop PCB fabrication, component procurement, precision assembly, and testing. ISO-certified quality system supports from prototyping to mass production, helping global clients accelerate product launches.\" \/>\n<meta name=\"robots\" content=\"index, follow, max-snippet:-1, max-image-preview:large, max-video-preview:-1\" \/>\n<link rel=\"canonical\" href=\"https:\/\/www.topfastpcb.com\/it\/products\/turnkey-pcb-assembly-services\/\" \/>\n<meta property=\"og:locale\" content=\"it_IT\" \/>\n<meta property=\"og:type\" content=\"article\" \/>\n<meta property=\"og:title\" content=\"Turnkey PCB Assembly Services - Topfastpcb\" \/>\n<meta property=\"og:description\" content=\"Topfast provides professional turnkey PCB assembly services with 17 years of experience in one-stop PCB fabrication, component procurement, precision assembly, and testing. ISO-certified quality system supports from prototyping to mass production, helping global clients accelerate product launches.\" \/>\n<meta property=\"og:url\" content=\"https:\/\/www.topfastpcb.com\/it\/products\/turnkey-pcb-assembly-services\/\" \/>\n<meta property=\"og:site_name\" content=\"Topfastpcb\" \/>\n<meta property=\"article:modified_time\" content=\"2025-06-24T02:03:28+00:00\" \/>\n<meta property=\"og:image\" content=\"https:\/\/www.topfastpcb.com\/wp-content\/uploads\/2025\/06\/pcba13.jpg\" \/>\n\t<meta property=\"og:image:width\" content=\"750\" \/>\n\t<meta property=\"og:image:height\" content=\"750\" \/>\n\t<meta property=\"og:image:type\" content=\"image\/jpeg\" \/>\n<meta name=\"twitter:card\" content=\"summary_large_image\" \/>\n<meta name=\"twitter:label1\" content=\"Tempo di lettura stimato\" \/>\n\t<meta name=\"twitter:data1\" content=\"4 minuti\" \/>\n<script type=\"application\/ld+json\" class=\"yoast-schema-graph\">{\"@context\":\"https:\/\/schema.org\",\"@graph\":[{\"@type\":\"WebPage\",\"@id\":\"https:\/\/www.topfastpcb.com\/products\/turnkey-pcb-assembly-services\/\",\"url\":\"https:\/\/www.topfastpcb.com\/products\/turnkey-pcb-assembly-services\/\",\"name\":\"Turnkey PCB Assembly Services - Topfastpcb\",\"isPartOf\":{\"@id\":\"https:\/\/www.topfastpcb.com\/#website\"},\"primaryImageOfPage\":{\"@id\":\"https:\/\/www.topfastpcb.com\/products\/turnkey-pcb-assembly-services\/#primaryimage\"},\"image\":{\"@id\":\"https:\/\/www.topfastpcb.com\/products\/turnkey-pcb-assembly-services\/#primaryimage\"},\"thumbnailUrl\":\"https:\/\/www.topfastpcb.com\/wp-content\/uploads\/2025\/06\/pcba13.jpg\",\"datePublished\":\"2025-06-21T00:35:11+00:00\",\"dateModified\":\"2025-06-24T02:03:28+00:00\",\"description\":\"Topfast provides professional turnkey PCB assembly services with 17 years of experience in one-stop PCB fabrication, component procurement, precision assembly, and testing. ISO-certified quality system supports from prototyping to mass production, helping global clients accelerate product launches.\",\"breadcrumb\":{\"@id\":\"https:\/\/www.topfastpcb.com\/products\/turnkey-pcb-assembly-services\/#breadcrumb\"},\"inLanguage\":\"it-IT\",\"potentialAction\":[{\"@type\":\"ReadAction\",\"target\":[\"https:\/\/www.topfastpcb.com\/products\/turnkey-pcb-assembly-services\/\"]}]},{\"@type\":\"ImageObject\",\"inLanguage\":\"it-IT\",\"@id\":\"https:\/\/www.topfastpcb.com\/products\/turnkey-pcb-assembly-services\/#primaryimage\",\"url\":\"https:\/\/www.topfastpcb.com\/wp-content\/uploads\/2025\/06\/pcba13.jpg\",\"contentUrl\":\"https:\/\/www.topfastpcb.com\/wp-content\/uploads\/2025\/06\/pcba13.jpg\",\"width\":750,\"height\":750,\"caption\":\"Turnkey PCB Assembly\"},{\"@type\":\"BreadcrumbList\",\"@id\":\"https:\/\/www.topfastpcb.com\/products\/turnkey-pcb-assembly-services\/#breadcrumb\",\"itemListElement\":[{\"@type\":\"ListItem\",\"position\":1,\"name\":\"\u9996\u9875\",\"item\":\"https:\/\/www.topfastpcb.com\/\"},{\"@type\":\"ListItem\",\"position\":2,\"name\":\"\u5546\u5e97\",\"item\":\"https:\/\/www.topfastpcb.com\/shop\/\"},{\"@type\":\"ListItem\",\"position\":3,\"name\":\"Turnkey PCB Assembly Services\"}]},{\"@type\":\"WebSite\",\"@id\":\"https:\/\/www.topfastpcb.com\/#website\",\"url\":\"https:\/\/www.topfastpcb.com\/\",\"name\":\"Topfastpcb\",\"description\":\"Topfast Prime Choice for Global Electronics Manufacturing\",\"publisher\":{\"@id\":\"https:\/\/www.topfastpcb.com\/#organization\"},\"potentialAction\":[{\"@type\":\"SearchAction\",\"target\":{\"@type\":\"EntryPoint\",\"urlTemplate\":\"https:\/\/www.topfastpcb.com\/?s={search_term_string}\"},\"query-input\":{\"@type\":\"PropertyValueSpecification\",\"valueRequired\":true,\"valueName\":\"search_term_string\"}}],\"inLanguage\":\"it-IT\"},{\"@type\":\"Organization\",\"@id\":\"https:\/\/www.topfastpcb.com\/#organization\",\"name\":\"Topfastpcb\",\"url\":\"https:\/\/www.topfastpcb.com\/\",\"logo\":{\"@type\":\"ImageObject\",\"inLanguage\":\"it-IT\",\"@id\":\"https:\/\/www.topfastpcb.com\/#\/schema\/logo\/image\/\",\"url\":\"https:\/\/www.topfastpcb.com\/wp-content\/uploads\/2026\/02\/cropped-topfast-logo.png\",\"contentUrl\":\"https:\/\/www.topfastpcb.com\/wp-content\/uploads\/2026\/02\/cropped-topfast-logo.png\",\"width\":144,\"height\":56,\"caption\":\"Topfastpcb\"},\"image\":{\"@id\":\"https:\/\/www.topfastpcb.com\/#\/schema\/logo\/image\/\"}}]}<\/script>\n<!-- \/ Yoast SEO plugin. -->","yoast_head_json":{"title":"Turnkey PCB Assembly Services - Topfastpcb","description":"Topfast provides professional turnkey PCB assembly services with 17 years of experience in one-stop PCB fabrication, component procurement, precision assembly, and testing. ISO-certified quality system supports from prototyping to mass production, helping global clients accelerate product launches.","robots":{"index":"index","follow":"follow","max-snippet":"max-snippet:-1","max-image-preview":"max-image-preview:large","max-video-preview":"max-video-preview:-1"},"canonical":"https:\/\/www.topfastpcb.com\/it\/products\/turnkey-pcb-assembly-services\/","og_locale":"it_IT","og_type":"article","og_title":"Turnkey PCB Assembly Services - Topfastpcb","og_description":"Topfast provides professional turnkey PCB assembly services with 17 years of experience in one-stop PCB fabrication, component procurement, precision assembly, and testing. ISO-certified quality system supports from prototyping to mass production, helping global clients accelerate product launches.","og_url":"https:\/\/www.topfastpcb.com\/it\/products\/turnkey-pcb-assembly-services\/","og_site_name":"Topfastpcb","article_modified_time":"2025-06-24T02:03:28+00:00","og_image":[{"width":750,"height":750,"url":"https:\/\/www.topfastpcb.com\/wp-content\/uploads\/2025\/06\/pcba13.jpg","type":"image\/jpeg"}],"twitter_card":"summary_large_image","twitter_misc":{"Tempo di lettura stimato":"4 minuti"},"schema":{"@context":"https:\/\/schema.org","@graph":[{"@type":"WebPage","@id":"https:\/\/www.topfastpcb.com\/products\/turnkey-pcb-assembly-services\/","url":"https:\/\/www.topfastpcb.com\/products\/turnkey-pcb-assembly-services\/","name":"Turnkey PCB Assembly Services - Topfastpcb","isPartOf":{"@id":"https:\/\/www.topfastpcb.com\/#website"},"primaryImageOfPage":{"@id":"https:\/\/www.topfastpcb.com\/products\/turnkey-pcb-assembly-services\/#primaryimage"},"image":{"@id":"https:\/\/www.topfastpcb.com\/products\/turnkey-pcb-assembly-services\/#primaryimage"},"thumbnailUrl":"https:\/\/www.topfastpcb.com\/wp-content\/uploads\/2025\/06\/pcba13.jpg","datePublished":"2025-06-21T00:35:11+00:00","dateModified":"2025-06-24T02:03:28+00:00","description":"Topfast provides professional turnkey PCB assembly services with 17 years of experience in one-stop PCB fabrication, component procurement, precision assembly, and testing. ISO-certified quality system supports from prototyping to mass production, helping global clients accelerate product launches.","breadcrumb":{"@id":"https:\/\/www.topfastpcb.com\/products\/turnkey-pcb-assembly-services\/#breadcrumb"},"inLanguage":"it-IT","potentialAction":[{"@type":"ReadAction","target":["https:\/\/www.topfastpcb.com\/products\/turnkey-pcb-assembly-services\/"]}]},{"@type":"ImageObject","inLanguage":"it-IT","@id":"https:\/\/www.topfastpcb.com\/products\/turnkey-pcb-assembly-services\/#primaryimage","url":"https:\/\/www.topfastpcb.com\/wp-content\/uploads\/2025\/06\/pcba13.jpg","contentUrl":"https:\/\/www.topfastpcb.com\/wp-content\/uploads\/2025\/06\/pcba13.jpg","width":750,"height":750,"caption":"Turnkey PCB Assembly"},{"@type":"BreadcrumbList","@id":"https:\/\/www.topfastpcb.com\/products\/turnkey-pcb-assembly-services\/#breadcrumb","itemListElement":[{"@type":"ListItem","position":1,"name":"\u9996\u9875","item":"https:\/\/www.topfastpcb.com\/"},{"@type":"ListItem","position":2,"name":"\u5546\u5e97","item":"https:\/\/www.topfastpcb.com\/shop\/"},{"@type":"ListItem","position":3,"name":"Turnkey PCB Assembly Services"}]},{"@type":"WebSite","@id":"https:\/\/www.topfastpcb.com\/#website","url":"https:\/\/www.topfastpcb.com\/","name":"Topfastpcb","description":"Topfast Prime Choice for Global Electronics Manufacturing","publisher":{"@id":"https:\/\/www.topfastpcb.com\/#organization"},"potentialAction":[{"@type":"SearchAction","target":{"@type":"EntryPoint","urlTemplate":"https:\/\/www.topfastpcb.com\/?s={search_term_string}"},"query-input":{"@type":"PropertyValueSpecification","valueRequired":true,"valueName":"search_term_string"}}],"inLanguage":"it-IT"},{"@type":"Organization","@id":"https:\/\/www.topfastpcb.com\/#organization","name":"Topfastpcb","url":"https:\/\/www.topfastpcb.com\/","logo":{"@type":"ImageObject","inLanguage":"it-IT","@id":"https:\/\/www.topfastpcb.com\/#\/schema\/logo\/image\/","url":"https:\/\/www.topfastpcb.com\/wp-content\/uploads\/2026\/02\/cropped-topfast-logo.png","contentUrl":"https:\/\/www.topfastpcb.com\/wp-content\/uploads\/2026\/02\/cropped-topfast-logo.png","width":144,"height":56,"caption":"Topfastpcb"},"image":{"@id":"https:\/\/www.topfastpcb.com\/#\/schema\/logo\/image\/"}}]}},"_links":{"self":[{"href":"https:\/\/www.topfastpcb.com\/it\/wp-json\/wp\/v2\/product\/3349","targetHints":{"allow":["GET"]}}],"collection":[{"href":"https:\/\/www.topfastpcb.com\/it\/wp-json\/wp\/v2\/product"}],"about":[{"href":"https:\/\/www.topfastpcb.com\/it\/wp-json\/wp\/v2\/types\/product"}],"replies":[{"embeddable":true,"href":"https:\/\/www.topfastpcb.com\/it\/wp-json\/wp\/v2\/comments?post=3349"}],"wp:featuredmedia":[{"embeddable":true,"href":"https:\/\/www.topfastpcb.com\/it\/wp-json\/wp\/v2\/media\/3351"}],"wp:attachment":[{"href":"https:\/\/www.topfastpcb.com\/it\/wp-json\/wp\/v2\/media?parent=3349"}],"wp:term":[{"taxonomy":"product_brand","embeddable":true,"href":"https:\/\/www.topfastpcb.com\/it\/wp-json\/wp\/v2\/product_brand?post=3349"},{"taxonomy":"product_cat","embeddable":true,"href":"https:\/\/www.topfastpcb.com\/it\/wp-json\/wp\/v2\/product_cat?post=3349"},{"taxonomy":"product_tag","embeddable":true,"href":"https:\/\/www.topfastpcb.com\/it\/wp-json\/wp\/v2\/product_tag?post=3349"}],"curies":[{"name":"wp","href":"https:\/\/api.w.org\/{rel}","templated":true}]}}