{"id":3366,"date":"2025-06-22T08:30:25","date_gmt":"2025-06-22T00:30:25","guid":{"rendered":"https:\/\/www.topfastpcb.com\/?post_type=product&#038;p=3366"},"modified":"2025-06-24T10:02:51","modified_gmt":"2025-06-24T02:02:51","slug":"capacitor","status":"publish","type":"product","link":"https:\/\/www.topfastpcb.com\/it\/products\/capacitor\/","title":{"rendered":"condensatore"},"content":{"rendered":"<div id=\"ez-toc-container\" class=\"ez-toc-v2_0_74 counter-hierarchy ez-toc-counter ez-toc-custom ez-toc-container-direction\">\n<div class=\"ez-toc-title-container\">\n<p class=\"ez-toc-title\" style=\"cursor:inherit\">Indice per materie<\/p>\n<span class=\"ez-toc-title-toggle\"><\/span><\/div>\n<nav><ul class='ez-toc-list ez-toc-list-level-1' ><li class='ez-toc-page-1 ez-toc-heading-level-2'><a class=\"ez-toc-link ez-toc-heading-1\" href=\"https:\/\/www.topfastpcb.com\/it\/products\/capacitor\/#What_is_a_capacitor\" >Che cos'\u00e8 un condensatore?<\/a><\/li><li class='ez-toc-page-1 ez-toc-heading-level-2'><a class=\"ez-toc-link ez-toc-heading-2\" href=\"https:\/\/www.topfastpcb.com\/it\/products\/capacitor\/#The_Function_of_Capacitors\" >La funzione dei condensatori<\/a><ul class='ez-toc-list-level-3' ><li class='ez-toc-heading-level-3'><a class=\"ez-toc-link ez-toc-heading-3\" href=\"https:\/\/www.topfastpcb.com\/it\/products\/capacitor\/#1_Filtering_and_Coupling_Functions\" >1. Funzioni di filtraggio e accoppiamento<\/a><\/li><li class='ez-toc-page-1 ez-toc-heading-level-3'><a class=\"ez-toc-link ez-toc-heading-4\" href=\"https:\/\/www.topfastpcb.com\/it\/products\/capacitor\/#2_Decoupling_and_Bypass_Capacitors\" >2.Condensatori di disaccoppiamento e di bypass<\/a><\/li><li class='ez-toc-page-1 ez-toc-heading-level-3'><a class=\"ez-toc-link ez-toc-heading-5\" href=\"https:\/\/www.topfastpcb.com\/it\/products\/capacitor\/#3_Timing_Circuits\" >3.Circuiti di temporizzazione<\/a><\/li><\/ul><\/li><li class='ez-toc-page-1 ez-toc-heading-level-2'><a class=\"ez-toc-link ez-toc-heading-6\" href=\"https:\/\/www.topfastpcb.com\/it\/products\/capacitor\/#One-stop_solution_for_PCB_assembly\" >Soluzione unica per l'assemblaggio di PCB<\/a><\/li><li class='ez-toc-page-1 ez-toc-heading-level-2'><a class=\"ez-toc-link ez-toc-heading-7\" href=\"https:\/\/www.topfastpcb.com\/it\/products\/capacitor\/#Comprehensive_Quality_Assurance_System\" >Sistema completo di garanzia della qualit\u00e0<\/a><\/li><li class='ez-toc-page-1 ez-toc-heading-level-2'><a class=\"ez-toc-link ez-toc-heading-8\" href=\"https:\/\/www.topfastpcb.com\/it\/products\/capacitor\/#Why_choose_Topfast\" >Perch\u00e9 scegliere Topfast?<\/a><\/li><\/ul><\/nav><\/div>\n\n<h2><span class=\"ez-toc-section\" id=\"What_is_a_capacitor\"><\/span>Che cos'\u00e8 un condensatore?<span class=\"ez-toc-section-end\"><\/span><\/h2>\n<p>Un condensatore \u00e8 essenzialmente un componente elettronico in grado di immagazzinare carica elettrica. \u00c8 costituito da due conduttori reciprocamente isolati e da un materiale dielettrico interposto. Quando viene applicata una tensione attraverso il condensatore, le cariche positive e negative si accumulano sui due conduttori ma non scorrono direttamente, formando cos\u00ec un campo elettrico che immagazzina energia. Questo permette <a href=\"https:\/\/www.topfastpcb.com\/it\/blog\/how-to-test-capacitors\/\">il condensatore<\/a> per fornire una grande corrente istantanea durante le fluttuazioni di potenza, garantendo un funzionamento stabile del sistema. Come componente passivo indispensabile nella progettazione dei circuiti, l'importanza dei condensatori non \u00e8 inferiore a quella dei chip stessi. Dagli smartphone alle navicelle spaziali, dai dispositivi medici ai sistemi di controllo industriali, i condensatori salvaguardano silenziosamente il funzionamento stabile di ogni prodotto elettronico grazie alle loro caratteristiche uniche di accumulo di energia e alle capacit\u00e0 di elaborazione dei segnali.<\/p>\n<p>In qualit\u00e0 di leader del settore con 17 anni di esperienza in <a href=\"https:\/\/www.topfastpcb.com\/it\/\">Produzione di PCB<\/a> Topfast \u00e8 consapevole del ruolo critico dei condensatori nella progettazione dei circuiti. Per questo motivo, poniamo particolare attenzione alla selezione e al layout dei condensatori e garantiamo che ogni condensatore funzioni al massimo della sua efficienza attraverso un rigoroso sistema di controllo della qualit\u00e0. Prendiamo ad esempio il circuito del flash della fotocamera: i condensatori elettrolitici di alta qualit\u00e0 sono utilizzati come unit\u00e0 di accumulo di energia. Calcolando con precisione la loro capacit\u00e0 e la tensione nominale, viene rilasciata una corrente sufficiente per azionare il tubo del flash durante il momento della fotografia, evitando al contempo i danni al condensatore causati dalla sovratensione.<\/p>\n<h2><span class=\"ez-toc-section\" id=\"The_Function_of_Capacitors\"><\/span>La funzione dei condensatori<span class=\"ez-toc-section-end\"><\/span><\/h2>\n<h3><span class=\"ez-toc-section\" id=\"1_Filtering_and_Coupling_Functions\"><\/span>1. Funzioni di filtraggio e accoppiamento<span class=\"ez-toc-section-end\"><\/span><\/h3>\n<p>Un'altra caratteristica notevole dei condensatori \u00e8 il loro diverso \"atteggiamento\" nei confronti dei segnali in corrente alternata e in corrente continua: permettono il passaggio dei segnali in corrente alternata e bloccano quelli in corrente continua.Questa caratteristica rende i condensatori componenti indispensabili nell'elaborazione dei segnali.<br \/>\nNelle applicazioni di filtraggio dell'alimentazione, gli ingegneri progettano con cura reti di filtraggio a condensatori a pi\u00f9 stadi, in genere combinando condensatori elettrolitici di grande capacit\u00e0 con condensatori ceramici di piccola capacit\u00e0.I primi sono responsabili del filtraggio delle ondulazioni a bassa frequenza, mentre i secondi si occupano del rumore ad alta frequenza. Questo approccio \"size-matching\" fornisce ai clienti un'alimentazione CC eccezionalmente pura, che \u00e8 alla base del funzionamento stabile di molti dispositivi elettronici di fascia alta.<br \/>\nIn termini di accoppiamento dei segnali, la tecnologia di progettazione dei PCB multistrato pu\u00f2 ridurre al minimo l'impatto dei parametri parassiti sui condensatori di accoppiamento.Posizionando con precisione condensatori a film di alta qualit\u00e0 sui percorsi critici del segnale, i segnali CA possono essere trasmessi senza perdite, isolando efficacemente le interferenze di polarizzazione CC tra i diversi livelli del circuito.<\/p>\n<h3><span class=\"ez-toc-section\" id=\"2_Decoupling_and_Bypass_Capacitors\"><\/span>2.Condensatori di disaccoppiamento e di bypass<span class=\"ez-toc-section-end\"><\/span><\/h3>\n<p>Nei circuiti digitali ad alta velocit\u00e0 e nei sistemi RF, i condensatori passano da componenti passivi a stabilizzatori attivi.Quando i chip passano da uno stato operativo all'altro ad alta velocit\u00e0, generano richieste transitorie di corrente. Affidarsi esclusivamente alla risposta della linea di alimentazione causerebbe fluttuazioni di tensione e instabilit\u00e0 del sistema.<\/p>\n<p>Una rete di condensatori di disaccoppiamento con valori di capacit\u00e0 accuratamente calcolati \u00e8 disposta vicino ai pin di alimentazione di ciascun circuito integrato.Grazie all'avanzata tecnologia di montaggio SMT, \u00e8 possibile posizionare con precisione anche condensatori ceramici di dimensioni ridottissime, pari a 01005.Riducendo al minimo la lunghezza della traccia tra il condensatore e il chip, l'induttanza di loop viene ridotta al livello pi\u00f9 basso possibile, assicurando che il condensatore possa rispondere alle richieste di corrente del chip in pochi nanosecondi. Questa ricerca della perfezione nei dettagli consente ai prodotti PCB di ottenere prestazioni eccezionali nelle applicazioni ad alta velocit\u00e0.<\/p>\n<p>I condensatori di bypass nei nodi critici dei circuiti analogici non devono considerare solo il valore nominale del condensatore, ma anche la sua resistenza in serie equivalente (ESR) e le caratteristiche di temperatura.Grazie a una progettazione precisa della rete di bypass, viene fornito un \"canale di scarico del rumore\" per i nodi sensibili del circuito, migliorando in modo significativo il rapporto segnale\/rumore e la stabilit\u00e0 del sistema.<\/p>\n<h3><span class=\"ez-toc-section\" id=\"3_Timing_Circuits\"><\/span>3.Circuiti di temporizzazione<span class=\"ez-toc-section-end\"><\/span><\/h3>\n<p>Quando i condensatori e le resistenze formano una rete RC, agiscono come \"generatori di clock\" nel mondo elettronico.I processi di carica e scarica dei condensatori presentano caratteristiche temporali precise, che trovano ampia applicazione in vari circuiti di temporizzazione e oscillazione.<br \/>\nTopfast ha accumulato una vasta esperienza nella produzione di PCB per dispositivi medici, molti dei quali richiedono circuiti di temporizzazione estremamente precisi per i dispositivi di monitoraggio dei segni vitali.Utilizziamo condensatori ceramici di classe C0G\/NP0 con un'eccellente stabilit\u00e0 termica, combinati con resistenze di precisione, per costruire reti di temporizzazione RC con una deriva termica minima. Controllando con precisione le curve di carica e scarica dei condensatori, otteniamo un'accuratezza di controllo della temporizzazione a livello di millisecondi o addirittura microsecondi, garantendo il funzionamento affidabile dei dispositivi medici.<br \/>\nNei circuiti di dimmerazione dei LED, sfruttiamo le caratteristiche di temporizzazione dei condensatori per creare effetti di transizione della luminosit\u00e0 uniformi.Selezionando con cura i materiali dei condensatori e ottimizzando il layout dei circuiti, evitiamo i comuni problemi di oscuramento \"a gradini\", offrendo agli utenti un'esperienza visiva confortevole.Questa attenzione all'esperienza dell'utente \u00e8 ci\u00f2 che distingue Topfast dai comuni produttori di PCB.<\/p>\n<h2><img loading=\"lazy\" decoding=\"async\" src=\"https:\/\/www.topfastpcb.com\/wp-content\/uploads\/2025\/06\/Capacitor-4.jpg\" alt=\"condensatore\" width=\"600\" height=\"402\" class=\"aligncenter size-full wp-image-3367\" srcset=\"https:\/\/www.topfastpcb.com\/wp-content\/uploads\/2025\/06\/Capacitor-4.jpg 600w, https:\/\/www.topfastpcb.com\/wp-content\/uploads\/2025\/06\/Capacitor-4-300x201.jpg 300w, https:\/\/www.topfastpcb.com\/wp-content\/uploads\/2025\/06\/Capacitor-4-18x12.jpg 18w\" sizes=\"auto, (max-width: 600px) 100vw, 600px\" \/><\/h2>\n<h2><span class=\"ez-toc-section\" id=\"One-stop_solution_for_PCB_assembly\"><\/span>Soluzione unica per <a href=\"https:\/\/www.topfastpcb.com\/it\/products\/category\/pcba\/\">Gruppo PCB<\/a><span class=\"ez-toc-section-end\"><\/span><\/h2>\n<p>In qualit\u00e0 di esperto senior nel campo della produzione elettronica, Topfast non solo fornisce servizi di produzione di PCB, ma ha anche costruito un sistema completo di approvvigionamento di dispositivi e di catena di fornitura di condensatori. Manteniamo rapporti di collaborazione a lungo termine con i migliori produttori di condensatori, come Murata, TDK e AVX, per garantire che i nostri clienti possano ottenere componenti originali. Che si tratti di condensatori ceramici standard, condensatori elettrolitici o condensatori ad alta tensione e ad alta temperatura per applicazioni speciali, siamo in grado di rispondere rapidamente e di fornire soluzioni su misura che soddisfino le vostre esigenze.<\/p>\n<p>Quando i clienti ci forniscono un elenco di distinte dei materiali (BOM), effettuiamo una verifica professionale dei componenti e offriamo suggerimenti alternativi per evitare perdite di prestazioni causate dalla mancata corrispondenza dei parametri.Per le applicazioni dei condensatori nei circuiti ad alta frequenza, forniamo anche raccomandazioni sulla selezione del materiale dielettrico per aiutare i clienti a raggiungere un equilibrio ottimale tra costi e prestazioni.<\/p>\n<p>Durante l'assemblaggio dei PCB, dai condensatori SMD miniaturizzati di dimensioni 01005 ai condensatori elettrolitici in alluminio di grandi dimensioni, le apparecchiature SMT e i processi di saldatura a onda assicurano una qualit\u00e0 perfetta\u710a\u63a5.Ogni PCB assemblato viene sottoposto a rigorose ispezioni AOI e a raggi X per garantire che la polarit\u00e0, la posizione e la qualit\u00e0 della saldatura dei condensatori soddisfino pienamente i requisiti.<\/p>\n<h2><span class=\"ez-toc-section\" id=\"Comprehensive_Quality_Assurance_System\"><\/span>Sistema completo di garanzia della qualit\u00e0<span class=\"ez-toc-section-end\"><\/span><\/h2>\n<p>La qualit\u00e0 non viene rilevata, ma progettata.Controlliamo la qualit\u00e0 dei condensatori fin dall'origine. Tutti i condensatori che entrano in fabbrica sono sottoposti a rigorose ispezioni in entrata, tra cui ispezioni visive, test dei parametri elettrici (test LCR) e le necessarie ispezioni a raggi X. Abbiamo istituito un sistema completo di tracciabilit\u00e0 dei lotti per garantire che qualsiasi problema di qualit\u00e0 possa essere rapidamente identificato e risolto.<\/p>\n<p>Sviluppiamo strategie di controllo della qualit\u00e0 su misura per diversi scenari applicativi.Per i condensatori nei circuiti ad alta frequenza, ci concentriamo sul loro fattore Q e sui parametri ESR; per i condensatori di filtraggio di potenza, diamo priorit\u00e0 all'accuratezza della capacit\u00e0 e alla durata.Questo approccio mirato al controllo della qualit\u00e0 garantisce la fornitura di prodotti per circuiti stampati che soddisfano realmente i requisiti applicativi dei nostri clienti&amp;#8217.<\/p>\n<p>Dotati di attrezzature complete per i test di affidabilit\u00e0 nel laboratorio di test ambientali sui PCB, siamo in grado di simulare varie condizioni operative estreme per convalidare le prestazioni dei condensatori.Che si tratti di test di invecchiamento a lungo termine in condizioni di alta temperatura e umidit\u00e0 o di test di durata in condizioni di vibrazioni meccaniche, Topfast fornisce ai clienti un supporto affidabile e preciso.<\/p>\n<h2><span class=\"ez-toc-section\" id=\"Why_choose_Topfast\"><\/span>Perch\u00e9 scegliere Topfast?<span class=\"ez-toc-section-end\"><\/span><\/h2>\n<p>Pur essendo piccoli, i condensatori svolgono un ruolo cruciale nei sistemi elettronici.Con 17 anni di esperienza nel settore, Topfast ha creato un sistema completo di capacit\u00e0 che comprende la selezione dei condensatori, l'approvvigionamento, la progettazione di PCB, la produzione e l'assemblaggio. Non solo forniamo prodotti, ma offriamo anche soluzioni basate su una profonda conoscenza tecnica. Sia per l'elettronica di consumo convenzionale che per l'elettronica automobilistica e i dispositivi medici ad alta affidabilit\u00e0, Topfast si avvale di un team tecnico professionale, di un rigoroso controllo di qualit\u00e0 e di un'ampia esperienza di produzione per fornire ai clienti soluzioni affidabili per le applicazioni dei condensatori.<\/p>\n<p>Nell'attuale panorama tecnologico elettronico in rapida evoluzione, Topfast continuer\u00e0 a utilizzare i condensatori come punto di partenza, approfondendo ogni dettaglio della produzione elettronica e facendo leva sulla professionalit\u00e0 e sull'artigianalit\u00e0 per creare maggior valore per i nostri clienti.Crediamo che sia proprio la meticolosa attenzione a questi \"piccoli componenti\" a consentire le \"alte prestazioni\" dei prodotti elettronici.<\/p>","protected":false},"excerpt":{"rendered":"<p>Topfast \u00e8 specializzata nella fornitura di soluzioni PCB per condensatori. Con 17 anni di esperienza nel settore, garantiamo la massima qualit\u00e0 nella selezione, nell'approvvigionamento e nell'assemblaggio dei condensatori. Dai circuiti ad alta frequenza alla gestione dell'alimentazione, utilizziamo la nostra esperienza professionale per costruire una base stabile e affidabile per le vostre esigenze di produzione elettronica.<\/p>","protected":false},"featured_media":3368,"comment_status":"closed","ping_status":"closed","template":"","meta":[],"product_brand":[],"product_cat":[217],"product_tag":[294],"class_list":{"0":"post-3366","1":"product","2":"type-product","3":"status-publish","4":"has-post-thumbnail","6":"product_cat-electronic-components","7":"product_tag-capacitor","9":"first","10":"instock","11":"shipping-taxable","12":"product-type-simple"},"yoast_head":"<!-- This site is optimized with the Yoast SEO plugin v25.1 - https:\/\/yoast.com\/wordpress\/plugins\/seo\/ -->\n<title>Capacitor - Topfastpcb<\/title>\n<meta name=\"description\" content=\"Topfast specializes in providing capacitor PCB solutions. With 17 years of industry experience, we ensure the highest quality in capacitor selection, procurement, and assembly. From high-frequency circuits to power management, we use our professional expertise to build a stable and reliable foundation for your electronic manufacturing needs.\" \/>\n<meta name=\"robots\" content=\"index, follow, max-snippet:-1, max-image-preview:large, max-video-preview:-1\" \/>\n<link rel=\"canonical\" href=\"https:\/\/www.topfastpcb.com\/it\/products\/capacitor\/\" \/>\n<meta property=\"og:locale\" content=\"it_IT\" \/>\n<meta property=\"og:type\" content=\"article\" \/>\n<meta property=\"og:title\" content=\"Capacitor - Topfastpcb\" \/>\n<meta property=\"og:description\" content=\"Topfast specializes in providing capacitor PCB solutions. With 17 years of industry experience, we ensure the highest quality in capacitor selection, procurement, and assembly. From high-frequency circuits to power management, we use our professional expertise to build a stable and reliable foundation for your electronic manufacturing needs.\" \/>\n<meta property=\"og:url\" content=\"https:\/\/www.topfastpcb.com\/it\/products\/capacitor\/\" \/>\n<meta property=\"og:site_name\" content=\"Topfastpcb\" \/>\n<meta property=\"article:modified_time\" content=\"2025-06-24T02:02:51+00:00\" \/>\n<meta property=\"og:image\" content=\"https:\/\/www.topfastpcb.com\/wp-content\/uploads\/2025\/06\/Capacitor-1.jpg\" \/>\n\t<meta property=\"og:image:width\" content=\"750\" \/>\n\t<meta property=\"og:image:height\" content=\"750\" \/>\n\t<meta property=\"og:image:type\" content=\"image\/jpeg\" \/>\n<meta name=\"twitter:card\" content=\"summary_large_image\" \/>\n<meta name=\"twitter:label1\" content=\"Tempo di lettura stimato\" \/>\n\t<meta name=\"twitter:data1\" content=\"6 minuti\" \/>\n<script type=\"application\/ld+json\" class=\"yoast-schema-graph\">{\"@context\":\"https:\/\/schema.org\",\"@graph\":[{\"@type\":\"WebPage\",\"@id\":\"https:\/\/www.topfastpcb.com\/products\/capacitor\/\",\"url\":\"https:\/\/www.topfastpcb.com\/products\/capacitor\/\",\"name\":\"Capacitor - Topfastpcb\",\"isPartOf\":{\"@id\":\"https:\/\/www.topfastpcb.com\/#website\"},\"primaryImageOfPage\":{\"@id\":\"https:\/\/www.topfastpcb.com\/products\/capacitor\/#primaryimage\"},\"image\":{\"@id\":\"https:\/\/www.topfastpcb.com\/products\/capacitor\/#primaryimage\"},\"thumbnailUrl\":\"https:\/\/www.topfastpcb.com\/wp-content\/uploads\/2025\/06\/Capacitor-1.jpg\",\"datePublished\":\"2025-06-22T00:30:25+00:00\",\"dateModified\":\"2025-06-24T02:02:51+00:00\",\"description\":\"Topfast specializes in providing capacitor PCB solutions. With 17 years of industry experience, we ensure the highest quality in capacitor selection, procurement, and assembly. From high-frequency circuits to power management, we use our professional expertise to build a stable and reliable foundation for your electronic manufacturing needs.\",\"breadcrumb\":{\"@id\":\"https:\/\/www.topfastpcb.com\/products\/capacitor\/#breadcrumb\"},\"inLanguage\":\"it-IT\",\"potentialAction\":[{\"@type\":\"ReadAction\",\"target\":[\"https:\/\/www.topfastpcb.com\/products\/capacitor\/\"]}]},{\"@type\":\"ImageObject\",\"inLanguage\":\"it-IT\",\"@id\":\"https:\/\/www.topfastpcb.com\/products\/capacitor\/#primaryimage\",\"url\":\"https:\/\/www.topfastpcb.com\/wp-content\/uploads\/2025\/06\/Capacitor-1.jpg\",\"contentUrl\":\"https:\/\/www.topfastpcb.com\/wp-content\/uploads\/2025\/06\/Capacitor-1.jpg\",\"width\":750,\"height\":750,\"caption\":\"Capacitor\"},{\"@type\":\"BreadcrumbList\",\"@id\":\"https:\/\/www.topfastpcb.com\/products\/capacitor\/#breadcrumb\",\"itemListElement\":[{\"@type\":\"ListItem\",\"position\":1,\"name\":\"\u9996\u9875\",\"item\":\"https:\/\/www.topfastpcb.com\/\"},{\"@type\":\"ListItem\",\"position\":2,\"name\":\"\u5546\u5e97\",\"item\":\"https:\/\/www.topfastpcb.com\/shop\/\"},{\"@type\":\"ListItem\",\"position\":3,\"name\":\"Capacitor\"}]},{\"@type\":\"WebSite\",\"@id\":\"https:\/\/www.topfastpcb.com\/#website\",\"url\":\"https:\/\/www.topfastpcb.com\/\",\"name\":\"Topfastpcb\",\"description\":\"Topfast Prime Choice for Global Electronics Manufacturing\",\"publisher\":{\"@id\":\"https:\/\/www.topfastpcb.com\/#organization\"},\"potentialAction\":[{\"@type\":\"SearchAction\",\"target\":{\"@type\":\"EntryPoint\",\"urlTemplate\":\"https:\/\/www.topfastpcb.com\/?s={search_term_string}\"},\"query-input\":{\"@type\":\"PropertyValueSpecification\",\"valueRequired\":true,\"valueName\":\"search_term_string\"}}],\"inLanguage\":\"it-IT\"},{\"@type\":\"Organization\",\"@id\":\"https:\/\/www.topfastpcb.com\/#organization\",\"name\":\"Topfastpcb\",\"url\":\"https:\/\/www.topfastpcb.com\/\",\"logo\":{\"@type\":\"ImageObject\",\"inLanguage\":\"it-IT\",\"@id\":\"https:\/\/www.topfastpcb.com\/#\/schema\/logo\/image\/\",\"url\":\"https:\/\/www.topfastpcb.com\/wp-content\/uploads\/2026\/02\/cropped-topfast-logo.png\",\"contentUrl\":\"https:\/\/www.topfastpcb.com\/wp-content\/uploads\/2026\/02\/cropped-topfast-logo.png\",\"width\":144,\"height\":56,\"caption\":\"Topfastpcb\"},\"image\":{\"@id\":\"https:\/\/www.topfastpcb.com\/#\/schema\/logo\/image\/\"}}]}<\/script>\n<!-- \/ Yoast SEO plugin. -->","yoast_head_json":{"title":"Capacitor - Topfastpcb","description":"Topfast specializes in providing capacitor PCB solutions. With 17 years of industry experience, we ensure the highest quality in capacitor selection, procurement, and assembly. From high-frequency circuits to power management, we use our professional expertise to build a stable and reliable foundation for your electronic manufacturing needs.","robots":{"index":"index","follow":"follow","max-snippet":"max-snippet:-1","max-image-preview":"max-image-preview:large","max-video-preview":"max-video-preview:-1"},"canonical":"https:\/\/www.topfastpcb.com\/it\/products\/capacitor\/","og_locale":"it_IT","og_type":"article","og_title":"Capacitor - Topfastpcb","og_description":"Topfast specializes in providing capacitor PCB solutions. With 17 years of industry experience, we ensure the highest quality in capacitor selection, procurement, and assembly. From high-frequency circuits to power management, we use our professional expertise to build a stable and reliable foundation for your electronic manufacturing needs.","og_url":"https:\/\/www.topfastpcb.com\/it\/products\/capacitor\/","og_site_name":"Topfastpcb","article_modified_time":"2025-06-24T02:02:51+00:00","og_image":[{"width":750,"height":750,"url":"https:\/\/www.topfastpcb.com\/wp-content\/uploads\/2025\/06\/Capacitor-1.jpg","type":"image\/jpeg"}],"twitter_card":"summary_large_image","twitter_misc":{"Tempo di lettura stimato":"6 minuti"},"schema":{"@context":"https:\/\/schema.org","@graph":[{"@type":"WebPage","@id":"https:\/\/www.topfastpcb.com\/products\/capacitor\/","url":"https:\/\/www.topfastpcb.com\/products\/capacitor\/","name":"Capacitor - Topfastpcb","isPartOf":{"@id":"https:\/\/www.topfastpcb.com\/#website"},"primaryImageOfPage":{"@id":"https:\/\/www.topfastpcb.com\/products\/capacitor\/#primaryimage"},"image":{"@id":"https:\/\/www.topfastpcb.com\/products\/capacitor\/#primaryimage"},"thumbnailUrl":"https:\/\/www.topfastpcb.com\/wp-content\/uploads\/2025\/06\/Capacitor-1.jpg","datePublished":"2025-06-22T00:30:25+00:00","dateModified":"2025-06-24T02:02:51+00:00","description":"Topfast specializes in providing capacitor PCB solutions. With 17 years of industry experience, we ensure the highest quality in capacitor selection, procurement, and assembly. From high-frequency circuits to power management, we use our professional expertise to build a stable and reliable foundation for your electronic manufacturing needs.","breadcrumb":{"@id":"https:\/\/www.topfastpcb.com\/products\/capacitor\/#breadcrumb"},"inLanguage":"it-IT","potentialAction":[{"@type":"ReadAction","target":["https:\/\/www.topfastpcb.com\/products\/capacitor\/"]}]},{"@type":"ImageObject","inLanguage":"it-IT","@id":"https:\/\/www.topfastpcb.com\/products\/capacitor\/#primaryimage","url":"https:\/\/www.topfastpcb.com\/wp-content\/uploads\/2025\/06\/Capacitor-1.jpg","contentUrl":"https:\/\/www.topfastpcb.com\/wp-content\/uploads\/2025\/06\/Capacitor-1.jpg","width":750,"height":750,"caption":"Capacitor"},{"@type":"BreadcrumbList","@id":"https:\/\/www.topfastpcb.com\/products\/capacitor\/#breadcrumb","itemListElement":[{"@type":"ListItem","position":1,"name":"\u9996\u9875","item":"https:\/\/www.topfastpcb.com\/"},{"@type":"ListItem","position":2,"name":"\u5546\u5e97","item":"https:\/\/www.topfastpcb.com\/shop\/"},{"@type":"ListItem","position":3,"name":"Capacitor"}]},{"@type":"WebSite","@id":"https:\/\/www.topfastpcb.com\/#website","url":"https:\/\/www.topfastpcb.com\/","name":"Topfastpcb","description":"Topfast Prime Choice for Global Electronics Manufacturing","publisher":{"@id":"https:\/\/www.topfastpcb.com\/#organization"},"potentialAction":[{"@type":"SearchAction","target":{"@type":"EntryPoint","urlTemplate":"https:\/\/www.topfastpcb.com\/?s={search_term_string}"},"query-input":{"@type":"PropertyValueSpecification","valueRequired":true,"valueName":"search_term_string"}}],"inLanguage":"it-IT"},{"@type":"Organization","@id":"https:\/\/www.topfastpcb.com\/#organization","name":"Topfastpcb","url":"https:\/\/www.topfastpcb.com\/","logo":{"@type":"ImageObject","inLanguage":"it-IT","@id":"https:\/\/www.topfastpcb.com\/#\/schema\/logo\/image\/","url":"https:\/\/www.topfastpcb.com\/wp-content\/uploads\/2026\/02\/cropped-topfast-logo.png","contentUrl":"https:\/\/www.topfastpcb.com\/wp-content\/uploads\/2026\/02\/cropped-topfast-logo.png","width":144,"height":56,"caption":"Topfastpcb"},"image":{"@id":"https:\/\/www.topfastpcb.com\/#\/schema\/logo\/image\/"}}]}},"_links":{"self":[{"href":"https:\/\/www.topfastpcb.com\/it\/wp-json\/wp\/v2\/product\/3366","targetHints":{"allow":["GET"]}}],"collection":[{"href":"https:\/\/www.topfastpcb.com\/it\/wp-json\/wp\/v2\/product"}],"about":[{"href":"https:\/\/www.topfastpcb.com\/it\/wp-json\/wp\/v2\/types\/product"}],"replies":[{"embeddable":true,"href":"https:\/\/www.topfastpcb.com\/it\/wp-json\/wp\/v2\/comments?post=3366"}],"wp:featuredmedia":[{"embeddable":true,"href":"https:\/\/www.topfastpcb.com\/it\/wp-json\/wp\/v2\/media\/3368"}],"wp:attachment":[{"href":"https:\/\/www.topfastpcb.com\/it\/wp-json\/wp\/v2\/media?parent=3366"}],"wp:term":[{"taxonomy":"product_brand","embeddable":true,"href":"https:\/\/www.topfastpcb.com\/it\/wp-json\/wp\/v2\/product_brand?post=3366"},{"taxonomy":"product_cat","embeddable":true,"href":"https:\/\/www.topfastpcb.com\/it\/wp-json\/wp\/v2\/product_cat?post=3366"},{"taxonomy":"product_tag","embeddable":true,"href":"https:\/\/www.topfastpcb.com\/it\/wp-json\/wp\/v2\/product_tag?post=3366"}],"curies":[{"name":"wp","href":"https:\/\/api.w.org\/{rel}","templated":true}]}}