{"id":3432,"date":"2025-06-25T08:20:21","date_gmt":"2025-06-25T00:20:21","guid":{"rendered":"https:\/\/www.topfastpcb.com\/?post_type=product&#038;p=3432"},"modified":"2025-06-24T11:51:05","modified_gmt":"2025-06-24T03:51:05","slug":"diode","status":"publish","type":"product","link":"https:\/\/www.topfastpcb.com\/it\/products\/diode\/","title":{"rendered":"Diodo"},"content":{"rendered":"<div id=\"ez-toc-container\" class=\"ez-toc-v2_0_74 counter-hierarchy ez-toc-counter ez-toc-custom ez-toc-container-direction\">\n<div class=\"ez-toc-title-container\">\n<p class=\"ez-toc-title\" style=\"cursor:inherit\">Indice per materie<\/p>\n<span class=\"ez-toc-title-toggle\"><\/span><\/div>\n<nav><ul class='ez-toc-list ez-toc-list-level-1' ><li class='ez-toc-page-1 ez-toc-heading-level-2'><a class=\"ez-toc-link ez-toc-heading-1\" href=\"https:\/\/www.topfastpcb.com\/it\/products\/diode\/#The_Importance_of_Diode_Selection\" >L'importanza della selezione dei diodi<\/a><\/li><li class='ez-toc-page-1 ez-toc-heading-level-2'><a class=\"ez-toc-link ez-toc-heading-2\" href=\"https:\/\/www.topfastpcb.com\/it\/products\/diode\/#Our_Professional_Diode_Procurement_Advantages\" >I nostri vantaggi professionali nell'approvvigionamento dei diodi<\/a><\/li><li class='ez-toc-page-1 ez-toc-heading-level-2'><a class=\"ez-toc-link ez-toc-heading-3\" href=\"https:\/\/www.topfastpcb.com\/it\/products\/diode\/#Diodes_and_PCB_manufacturing_complement_each_other\" >I diodi e la produzione di PCB si completano a vicenda<\/a><\/li><li class='ez-toc-page-1 ez-toc-heading-level-2'><a class=\"ez-toc-link ez-toc-heading-4\" href=\"https:\/\/www.topfastpcb.com\/it\/products\/diode\/#Industry-Specific_Diode_Solutions\" >Soluzioni a diodi specifiche per il settore<\/a><\/li><li class='ez-toc-page-1 ez-toc-heading-level-2'><a class=\"ez-toc-link ez-toc-heading-5\" href=\"https:\/\/www.topfastpcb.com\/it\/products\/diode\/#One-stop_solution_from_prototype_to_mass_production\" >Soluzione unica dal prototipo alla produzione di massa<\/a><\/li><li class='ez-toc-page-1 ez-toc-heading-level-2'><a class=\"ez-toc-link ez-toc-heading-6\" href=\"https:\/\/www.topfastpcb.com\/it\/products\/diode\/#Why_choose_Topfast\" >Perch\u00e9 scegliere Topfast?<\/a><ul class='ez-toc-list-level-3' ><li class='ez-toc-heading-level-3'><a class=\"ez-toc-link ez-toc-heading-7\" href=\"https:\/\/www.topfastpcb.com\/it\/products\/diode\/#Get_Your_Custom_Diode_Solution_Now\" >Ottenete ora la vostra soluzione a diodi personalizzata<\/a><\/li><\/ul><\/li><\/ul><\/nav><\/div>\n\n<p class=\"ds-markdown-paragraph\">Essendo il componente semiconduttore pi\u00f9 fondamentale e critico, i diodi sono utilizzati praticamente in ogni circuito, dal semplice raddrizzamento di potenza alla complessa elaborazione di segnali ad alta frequenza. Le prestazioni dei diodi influiscono direttamente sull'affidabilit\u00e0 e sull'efficienza dell'intero sistema elettronico. Con 17 anni di esperienza nella produzione di PCB, Topfast offre soluzioni di alta qualit\u00e0 e one-stop per garantire che i vostri progetti raggiungano prestazioni ottimali, dai componenti alle schede finite.<\/p>\n<h2><span class=\"ez-toc-section\" id=\"The_Importance_of_Diode_Selection\"><\/span>L'importanza della selezione dei diodi<span class=\"ez-toc-section-end\"><\/span><\/h2>\n<p class=\"ds-markdown-paragraph\">I diodi controllano il flusso unidirezionale di corrente nei circuiti elettronici.La scelta del diodo sbagliato pu\u00f2 causare<\/p>\n<ul>\n<li>\n<p class=\"ds-markdown-paragraph\"><strong>Bassa efficienza energetica<\/strong><span>\u00a0<\/span>(eccessiva caduta di tensione in avanti quando si utilizzano diodi raddrizzatori standard invece di diodi Schottky)<\/p>\n<\/li>\n<li>\n<p class=\"ds-markdown-paragraph\"><strong>Instabilit\u00e0 del sistema<\/strong><span>\u00a0<\/span>(danni elettrostatici dovuti a una protezione inadeguata del diodo TVS)<\/p>\n<\/li>\n<li>\n<p class=\"ds-markdown-paragraph\"><strong>Degrado dell'integrit\u00e0 del segnale<\/strong><span>\u00a0<\/span>(selezione impropria del diodo a contatto diretto nelle applicazioni ad alta frequenza)<\/p>\n<\/li>\n<li>\n<p class=\"ds-markdown-paragraph\"><strong>Riduzione della durata di vita del prodotto<\/strong><span>\u00a0<\/span>(funzionamento instabile dovuto a una selezione non corretta del diodo Zener)<\/p>\n<\/li>\n<\/ul>\n<p class=\"ds-markdown-paragraph\">Ci capita spesso di incontrare clienti che chiedono aiuto per progetti di PCB falliti, la cui causa principale \u00e8 spesso riconducibile a una scelta impropria dei diodi. Ad esempio, un produttore di apparecchiature di controllo industriale ha inizialmente utilizzato diodi raddrizzatori standard, ottenendo un'efficienza del modulo di potenza pari solo al 78%. Dopo la nostra raccomandazione professionale di passare ai diodi Schottky a bassa frequenza, l'efficienza \u00e8 migliorata fino al 92%, con una riduzione di 15\u00b0C dell'aumento di temperatura.<\/p>\n<h2><img loading=\"lazy\" decoding=\"async\" src=\"https:\/\/www.topfastpcb.com\/wp-content\/uploads\/2025\/06\/diode.jpg\" alt=\"diodo\" width=\"600\" height=\"402\" class=\"aligncenter size-full wp-image-3435\" srcset=\"https:\/\/www.topfastpcb.com\/wp-content\/uploads\/2025\/06\/diode.jpg 600w, https:\/\/www.topfastpcb.com\/wp-content\/uploads\/2025\/06\/diode-300x201.jpg 300w, https:\/\/www.topfastpcb.com\/wp-content\/uploads\/2025\/06\/diode-18x12.jpg 18w\" sizes=\"auto, (max-width: 600px) 100vw, 600px\" \/><\/h2>\n<h2><span class=\"ez-toc-section\" id=\"Our_Professional_Diode_Procurement_Advantages\"><\/span>I nostri vantaggi professionali nell'approvvigionamento dei diodi<span class=\"ez-toc-section-end\"><\/span><\/h2>\n<p class=\"ds-markdown-paragraph\">In qualit\u00e0 di fornitore di soluzioni PCB one-stop, abbiamo costruito una solida rete di fornitura di diodi, offrendo:<\/p>\n<ol start=\"1\">\n<li>\n<p class=\"ds-markdown-paragraph\"><strong>Supporto per diodi di categoria completa<\/strong>: Oltre 2000 modelli, dai diodi a giunzione PN di base ai diodi PIN specializzati e ai diodi varactor.<\/p>\n<\/li>\n<li>\n<p class=\"ds-markdown-paragraph\"><strong>Canali di fornitura autorizzati<\/strong>: Le partnership con marchi leader come ON Semiconductor, Vishay e Diodes Inc. garantiscono l'autenticit\u00e0 dei componenti.<\/p>\n<\/li>\n<li>\n<p class=\"ds-markdown-paragraph\"><strong>Servizio di abbinamento tecnico<\/strong>: Il nostro team di ingegneri consiglia i tipi di diodi pi\u00f9 adatti in base alla vostra applicazione (potenza\/segnale\/protezione).<\/p>\n<\/li>\n<li>\n<p class=\"ds-markdown-paragraph\"><strong>Soluzioni per l'ottimizzazione dei costi<\/strong>Per la produzione di grandi volumi, forniamo proposte di modelli alternativi per ridurre i costi della distinta base senza compromettere le prestazioni.<\/p>\n<\/li>\n<\/ol>\n<h2><span class=\"ez-toc-section\" id=\"Diodes_and_PCB_manufacturing_complement_each_other\"><\/span>Diodi e <a href=\"https:\/\/www.topfastpcb.com\/it\/\">Produzione di PCB<\/a> si completano a vicenda<span class=\"ez-toc-section-end\"><\/span><\/h2>\n<p class=\"ds-markdown-paragraph\">Dopo aver acquistato i componenti, questi devono essere perfettamente montati sulla scheda PCB. <a href=\"https:\/\/www.topfastpcb.com\/it\/blog\/what-is-a-pcb-design\/\">Progettazione PCB<\/a> \u00e8 molto importante, poich\u00e9 influisce sulla stabilit\u00e0 e sull'affidabilit\u00e0 del prodotto finito. I servizi a valore aggiunto che offriamo comprendono:<\/p>\n<ul>\n<li>\n<p class=\"ds-markdown-paragraph\"><strong>Analisi della progettazione termica<\/strong>: Ottimizzazione del posizionamento dei diodi raddrizzatori ad alta corrente per evitare il surriscaldamento localizzato.<\/p>\n<\/li>\n<li>\n<p class=\"ds-markdown-paragraph\"><strong>Simulazione dell\u2019integrit\u00e0 del segnale<\/strong>Valutazione dell'impatto dei diodi Schottky ad alta velocit\u00e0 sulla qualit\u00e0 del segnale.<\/p>\n<\/li>\n<li>\n<p class=\"ds-markdown-paragraph\"><strong>Soluzioni di protezione ESD<\/strong>: Progettazione di reti di protezione con diodi TVS per circuiti sensibili.<\/p>\n<\/li>\n<li>\n<p class=\"ds-markdown-paragraph\"><strong>Revisione della producibilit\u00e0<\/strong>Garantire la compatibilit\u00e0 del confezionamento dei diodi con i processi dei circuiti stampati.<\/p>\n<\/li>\n<\/ul>\n<p class=\"ds-markdown-paragraph\">In un recente progetto di elettronica automobilistica, abbiamo ridisegnato il layout dei diodi in un circuito driver per LED, migliorando la resa produttiva dall'83% al 99,6%.Inoltre, ottimizzando la selezione dei diodi Zener, la precisione della regolazione della tensione \u00e8 aumentata del 30%.<\/p>\n<h2><span class=\"ez-toc-section\" id=\"Industry-Specific_Diode_Solutions\"><\/span>Soluzioni a diodi specifiche per il settore<span class=\"ez-toc-section-end\"><\/span><\/h2>\n<p class=\"ds-markdown-paragraph\">Applicazioni diverse richiedono requisiti unici per i diodi:<\/p>\n<p class=\"ds-markdown-paragraph\"><strong>Elettronica automobilistica<\/strong>:<\/p>\n<ul>\n<li>\n<p class=\"ds-markdown-paragraph\">Diodi di grado automobilistico conformi a AEC-Q101<\/p>\n<\/li>\n<li>\n<p class=\"ds-markdown-paragraph\">Soluzioni per la protezione dei diodi TVS resistenti alle vibrazioni<\/p>\n<\/li>\n<li>\n<p class=\"ds-markdown-paragraph\">Diodi raddrizzatori Schottky ad ampio intervallo di temperatura (da -40\u00b0C a 150\u00b0C)<\/p>\n<\/li>\n<\/ul>\n<p class=\"ds-markdown-paragraph\"><strong>Controllo industriale<\/strong>:<\/p>\n<ul>\n<li>\n<p class=\"ds-markdown-paragraph\">Soluzioni SCR (raddrizzatore controllato al silicio) ad alta corrente<\/p>\n<\/li>\n<li>\n<p class=\"ds-markdown-paragraph\">Diodi optocoupler ad alta tensione di isolamento<\/p>\n<\/li>\n<li>\n<p class=\"ds-markdown-paragraph\">Array di diodi a recupero rapido resistenti alle EMI<\/p>\n<\/li>\n<\/ul>\n<p class=\"ds-markdown-paragraph\"><strong>Dispositivi medici<\/strong>:<\/p>\n<ul>\n<li>\n<p class=\"ds-markdown-paragraph\">Diodi di segnale di precisione a bassa perdita<\/p>\n<\/li>\n<li>\n<p class=\"ds-markdown-paragraph\">Diodi di isolamento conformi alla sicurezza medica<\/p>\n<\/li>\n<li>\n<p class=\"ds-markdown-paragraph\">Diodi Zener ad alta affidabilit\u00e0 per apparecchiature di supporto vitale<\/p>\n<\/li>\n<\/ul>\n<p class=\"ds-markdown-paragraph\"><strong>Prodotti IoT<\/strong>:<\/p>\n<ul>\n<li>\n<p class=\"ds-markdown-paragraph\">Ottimizzazione del corpo del diodo MOSFET a bassissima potenza<\/p>\n<\/li>\n<li>\n<p class=\"ds-markdown-paragraph\">Soluzioni a fotodiodi per la raccolta di energia<\/p>\n<\/li>\n<li>\n<p class=\"ds-markdown-paragraph\">Componenti per diodi in confezione miniaturizzata (SOD-323, ecc.)<\/p>\n<\/li>\n<\/ul>\n<h2><span class=\"ez-toc-section\" id=\"One-stop_solution_from_prototype_to_mass_production\"><\/span>Soluzione unica dal prototipo alla produzione di massa<span class=\"ez-toc-section-end\"><\/span><\/h2>\n<p class=\"ds-markdown-paragraph\">Siamo consapevoli che lo sviluppo dell'elettronica \u00e8 un processo iterativo e offriamo un supporto flessibile:<\/p>\n<ol start=\"1\">\n<li>\n<p class=\"ds-markdown-paragraph\"><strong>Fase di prototipazione<\/strong>:<\/p>\n<ul>\n<li>\n<p class=\"ds-markdown-paragraph\">Fornitura rapida di diodi in piccoli lotti e multivariati<\/p>\n<\/li>\n<li>\n<p class=\"ds-markdown-paragraph\">Test campione gratuiti di ingegneria<\/p>\n<\/li>\n<li>\n<p class=\"ds-markdown-paragraph\">Revisione della progettazione di PCB e consulenza per la selezione dei diodi<\/p>\n<\/li>\n<\/ul>\n<\/li>\n<li>\n<p class=\"ds-markdown-paragraph\"><strong>Fase di produzione pilota<\/strong>:<\/p>\n<ul>\n<li>\n<p class=\"ds-markdown-paragraph\">Valutazione del rischio della catena di approvvigionamento e soluzioni di backup<\/p>\n<\/li>\n<li>\n<p class=\"ds-markdown-paragraph\">Test di coerenza dei parametri dei diodi<\/p>\n<\/li>\n<li>\n<p class=\"ds-markdown-paragraph\">Supporto allo sviluppo di dispositivi di prova per la produzione<\/p>\n<\/li>\n<\/ul>\n<\/li>\n<li>\n<p class=\"ds-markdown-paragraph\"><strong>Fase di produzione di massa<\/strong>:<\/p>\n<ul>\n<li>\n<p class=\"ds-markdown-paragraph\">Garanzia di alimentazione stabile a lungo termine dei diodi<\/p>\n<\/li>\n<li>\n<p class=\"ds-markdown-paragraph\">Tracciabilit\u00e0 dei lotti e documentazione sulla qualit\u00e0<\/p>\n<\/li>\n<li>\n<p class=\"ds-markdown-paragraph\">Riduzione continua dei costi e soluzioni alternative<\/p>\n<\/li>\n<\/ul>\n<\/li>\n<\/ol>\n<p class=\"ds-markdown-paragraph\">Il caso di un cliente di una casa intelligente ha dimostrato che i nostri servizi a ciclo completo hanno ridotto del 40% il tempo di transizione del prodotto dal prototipo alla produzione di massa, hanno eliminato i problemi di qualit\u00e0 legati ai diodi e hanno ridotto i costi di approvvigionamento del 22%.<\/p>\n<h2><span class=\"ez-toc-section\" id=\"Why_choose_Topfast\"><\/span>Perch\u00e9 scegliere <a href=\"https:\/\/www.topfastpcb.com\/it\/about\/\">Topfast<\/a>?<span class=\"ez-toc-section-end\"><\/span><\/h2>\n<p class=\"ds-markdown-paragraph\">Nel competitivo settore della produzione elettronica, forniamo<span>\u00a0<\/span><strong>guidato dalla tecnologia<\/strong><span>\u00a0<\/span>servizi:<\/p>\n<ul>\n<li>\n<p class=\"ds-markdown-paragraph\"><strong>17 anni di esperienza specializzata<\/strong>: Ha servito oltre 3800 clienti, ha completato oltre 15000 progetti relativi ai diodi.<\/p>\n<\/li>\n<li>\n<p class=\"ds-markdown-paragraph\"><strong>Certificazione UL\/ISO9001<\/strong>: Il rigoroso controllo di qualit\u00e0 garantisce l'affidabilit\u00e0 del diodo.<\/p>\n<\/li>\n<li>\n<p class=\"ds-markdown-paragraph\"><strong>Prototipazione rapida in 48 ore<\/strong>: Supporto al progetto di emergenza, compreso l'approvvigionamento di diodi e la produzione di PCB.<\/p>\n<\/li>\n<li>\n<p class=\"ds-markdown-paragraph\"><strong>Rete logistica globale<\/strong>: Consegna just-in-time (JIT) per ridurre la pressione sulle scorte dei clienti.<\/p>\n<\/li>\n<li>\n<p class=\"ds-markdown-paragraph\"><strong>Team di esperti in ingegneria<\/strong>: I FAE, con un'esperienza media di 10 anni nel settore, forniscono un supporto individuale.<\/p>\n<\/li>\n<\/ul>\n<p class=\"ds-markdown-paragraph\">Siamo consapevoli che una produzione eccezionale di circuiti stampati richiede non solo attrezzature avanzate, ma anche una profonda competenza sui componenti.La nostra conoscenza approfondita delle caratteristiche dei diodi ci permette di fornire soluzioni di valore, non solo la produzione di circuiti stampati.<\/p>\n<h3><span class=\"ez-toc-section\" id=\"Get_Your_Custom_Diode_Solution_Now\"><\/span><a href=\"https:\/\/www.topfastpcb.com\/it\/contact\/\">Ottenete ora la vostra soluzione a diodi personalizzata<\/a><span class=\"ez-toc-section-end\"><\/span><\/h3>\n<p class=\"ds-markdown-paragraph\">Indipendentemente dalla fase di sviluppo del prodotto, il nostro team di esperti \u00e8 pronto ad assistervi.Inviate i vostri requisiti e riceverete:<\/p>\n<ul>\n<li>\n<p class=\"ds-markdown-paragraph\">Proposta iniziale e preventivo entro<span>\u00a0<\/span><strong>1 ora<\/strong><\/p>\n<\/li>\n<li>\n<p class=\"ds-markdown-paragraph\">Feedback di fattibilit\u00e0 ingegneristica entro<span>\u00a0<\/span><strong>4 ore<\/strong><\/p>\n<\/li>\n<li>\n<p class=\"ds-markdown-paragraph\">Piano di implementazione del progetto completo entro<span>\u00a0<\/span><strong>24 ore<\/strong><\/p>\n<\/li>\n<\/ul>\n<p class=\"ds-markdown-paragraph\">Per progetti complessi, organizziamo incontri tecnici in loco per esplorare le applicazioni ottimali dei diodi. Lasciate che la nostra competenza professionale in materia di diodi e la nostra esperienza nella produzione di PCB salvaguardino i vostri progetti elettronici.<\/p>","protected":false},"excerpt":{"rendered":"<p>Dato il ruolo critico dei diodi nei circuiti elettronici, forniamo soluzioni complete per i diodi, compreso l'approvvigionamento di vari tipi di diodi e servizi di integrazione di PCB. Dalla rettificazione alla regolazione della tensione fino alla conversione optoelettronica, garantiamo ai vostri progetti elettronici prestazioni e affidabilit\u00e0 ottimali.<\/p>","protected":false},"featured_media":3436,"comment_status":"closed","ping_status":"closed","template":"","meta":[],"product_brand":[],"product_cat":[217],"product_tag":[303],"class_list":{"0":"post-3432","1":"product","2":"type-product","3":"status-publish","4":"has-post-thumbnail","6":"product_cat-electronic-components","7":"product_tag-diode","9":"first","10":"instock","11":"shipping-taxable","12":"product-type-simple"},"yoast_head":"<!-- This site is optimized with the Yoast SEO plugin v25.1 - https:\/\/yoast.com\/wordpress\/plugins\/seo\/ -->\n<title>Diode - Topfastpcb<\/title>\n<meta name=\"robots\" content=\"index, follow, max-snippet:-1, max-image-preview:large, max-video-preview:-1\" \/>\n<link rel=\"canonical\" href=\"https:\/\/www.topfastpcb.com\/it\/products\/diode\/\" \/>\n<meta property=\"og:locale\" content=\"it_IT\" \/>\n<meta property=\"og:type\" content=\"article\" \/>\n<meta property=\"og:title\" content=\"Diode - Topfastpcb\" \/>\n<meta property=\"og:description\" content=\"The critical role of diodes in electronic circuits, we provide comprehensive diode solutions, including procurement of various types of diodes and PCB integration services. From rectification, voltage regulation to optoelectronic conversion, we ensure your electronic projects achieve optimal performance and reliability.\" \/>\n<meta property=\"og:url\" content=\"https:\/\/www.topfastpcb.com\/it\/products\/diode\/\" \/>\n<meta property=\"og:site_name\" content=\"Topfastpcb\" \/>\n<meta property=\"og:image\" content=\"https:\/\/www.topfastpcb.com\/wp-content\/uploads\/2025\/06\/diode-1.jpg\" \/>\n\t<meta property=\"og:image:width\" content=\"750\" \/>\n\t<meta property=\"og:image:height\" content=\"750\" \/>\n\t<meta property=\"og:image:type\" content=\"image\/jpeg\" \/>\n<meta name=\"twitter:card\" content=\"summary_large_image\" \/>\n<meta name=\"twitter:label1\" content=\"Tempo di lettura stimato\" \/>\n\t<meta name=\"twitter:data1\" content=\"4 minuti\" \/>\n<script type=\"application\/ld+json\" class=\"yoast-schema-graph\">{\"@context\":\"https:\/\/schema.org\",\"@graph\":[{\"@type\":\"WebPage\",\"@id\":\"https:\/\/www.topfastpcb.com\/products\/diode\/\",\"url\":\"https:\/\/www.topfastpcb.com\/products\/diode\/\",\"name\":\"Diode - Topfastpcb\",\"isPartOf\":{\"@id\":\"https:\/\/www.topfastpcb.com\/#website\"},\"primaryImageOfPage\":{\"@id\":\"https:\/\/www.topfastpcb.com\/products\/diode\/#primaryimage\"},\"image\":{\"@id\":\"https:\/\/www.topfastpcb.com\/products\/diode\/#primaryimage\"},\"thumbnailUrl\":\"https:\/\/www.topfastpcb.com\/wp-content\/uploads\/2025\/06\/diode-1.jpg\",\"datePublished\":\"2025-06-25T00:20:21+00:00\",\"breadcrumb\":{\"@id\":\"https:\/\/www.topfastpcb.com\/products\/diode\/#breadcrumb\"},\"inLanguage\":\"it-IT\",\"potentialAction\":[{\"@type\":\"ReadAction\",\"target\":[\"https:\/\/www.topfastpcb.com\/products\/diode\/\"]}]},{\"@type\":\"ImageObject\",\"inLanguage\":\"it-IT\",\"@id\":\"https:\/\/www.topfastpcb.com\/products\/diode\/#primaryimage\",\"url\":\"https:\/\/www.topfastpcb.com\/wp-content\/uploads\/2025\/06\/diode-1.jpg\",\"contentUrl\":\"https:\/\/www.topfastpcb.com\/wp-content\/uploads\/2025\/06\/diode-1.jpg\",\"width\":750,\"height\":750,\"caption\":\"diode\"},{\"@type\":\"BreadcrumbList\",\"@id\":\"https:\/\/www.topfastpcb.com\/products\/diode\/#breadcrumb\",\"itemListElement\":[{\"@type\":\"ListItem\",\"position\":1,\"name\":\"\u9996\u9875\",\"item\":\"https:\/\/www.topfastpcb.com\/\"},{\"@type\":\"ListItem\",\"position\":2,\"name\":\"\u5546\u5e97\",\"item\":\"https:\/\/www.topfastpcb.com\/shop\/\"},{\"@type\":\"ListItem\",\"position\":3,\"name\":\"Diode\"}]},{\"@type\":\"WebSite\",\"@id\":\"https:\/\/www.topfastpcb.com\/#website\",\"url\":\"https:\/\/www.topfastpcb.com\/\",\"name\":\"Topfastpcb\",\"description\":\"Topfast Prime Choice for Global Electronics Manufacturing\",\"publisher\":{\"@id\":\"https:\/\/www.topfastpcb.com\/#organization\"},\"potentialAction\":[{\"@type\":\"SearchAction\",\"target\":{\"@type\":\"EntryPoint\",\"urlTemplate\":\"https:\/\/www.topfastpcb.com\/?s={search_term_string}\"},\"query-input\":{\"@type\":\"PropertyValueSpecification\",\"valueRequired\":true,\"valueName\":\"search_term_string\"}}],\"inLanguage\":\"it-IT\"},{\"@type\":\"Organization\",\"@id\":\"https:\/\/www.topfastpcb.com\/#organization\",\"name\":\"Topfastpcb\",\"url\":\"https:\/\/www.topfastpcb.com\/\",\"logo\":{\"@type\":\"ImageObject\",\"inLanguage\":\"it-IT\",\"@id\":\"https:\/\/www.topfastpcb.com\/#\/schema\/logo\/image\/\",\"url\":\"https:\/\/www.topfastpcb.com\/wp-content\/uploads\/2026\/02\/cropped-topfast-logo.png\",\"contentUrl\":\"https:\/\/www.topfastpcb.com\/wp-content\/uploads\/2026\/02\/cropped-topfast-logo.png\",\"width\":144,\"height\":56,\"caption\":\"Topfastpcb\"},\"image\":{\"@id\":\"https:\/\/www.topfastpcb.com\/#\/schema\/logo\/image\/\"}}]}<\/script>\n<!-- \/ Yoast SEO plugin. -->","yoast_head_json":{"title":"Diode - Topfastpcb","robots":{"index":"index","follow":"follow","max-snippet":"max-snippet:-1","max-image-preview":"max-image-preview:large","max-video-preview":"max-video-preview:-1"},"canonical":"https:\/\/www.topfastpcb.com\/it\/products\/diode\/","og_locale":"it_IT","og_type":"article","og_title":"Diode - Topfastpcb","og_description":"The critical role of diodes in electronic circuits, we provide comprehensive diode solutions, including procurement of various types of diodes and PCB integration services. From rectification, voltage regulation to optoelectronic conversion, we ensure your electronic projects achieve optimal performance and reliability.","og_url":"https:\/\/www.topfastpcb.com\/it\/products\/diode\/","og_site_name":"Topfastpcb","og_image":[{"width":750,"height":750,"url":"https:\/\/www.topfastpcb.com\/wp-content\/uploads\/2025\/06\/diode-1.jpg","type":"image\/jpeg"}],"twitter_card":"summary_large_image","twitter_misc":{"Tempo di lettura stimato":"4 minuti"},"schema":{"@context":"https:\/\/schema.org","@graph":[{"@type":"WebPage","@id":"https:\/\/www.topfastpcb.com\/products\/diode\/","url":"https:\/\/www.topfastpcb.com\/products\/diode\/","name":"Diode - Topfastpcb","isPartOf":{"@id":"https:\/\/www.topfastpcb.com\/#website"},"primaryImageOfPage":{"@id":"https:\/\/www.topfastpcb.com\/products\/diode\/#primaryimage"},"image":{"@id":"https:\/\/www.topfastpcb.com\/products\/diode\/#primaryimage"},"thumbnailUrl":"https:\/\/www.topfastpcb.com\/wp-content\/uploads\/2025\/06\/diode-1.jpg","datePublished":"2025-06-25T00:20:21+00:00","breadcrumb":{"@id":"https:\/\/www.topfastpcb.com\/products\/diode\/#breadcrumb"},"inLanguage":"it-IT","potentialAction":[{"@type":"ReadAction","target":["https:\/\/www.topfastpcb.com\/products\/diode\/"]}]},{"@type":"ImageObject","inLanguage":"it-IT","@id":"https:\/\/www.topfastpcb.com\/products\/diode\/#primaryimage","url":"https:\/\/www.topfastpcb.com\/wp-content\/uploads\/2025\/06\/diode-1.jpg","contentUrl":"https:\/\/www.topfastpcb.com\/wp-content\/uploads\/2025\/06\/diode-1.jpg","width":750,"height":750,"caption":"diode"},{"@type":"BreadcrumbList","@id":"https:\/\/www.topfastpcb.com\/products\/diode\/#breadcrumb","itemListElement":[{"@type":"ListItem","position":1,"name":"\u9996\u9875","item":"https:\/\/www.topfastpcb.com\/"},{"@type":"ListItem","position":2,"name":"\u5546\u5e97","item":"https:\/\/www.topfastpcb.com\/shop\/"},{"@type":"ListItem","position":3,"name":"Diode"}]},{"@type":"WebSite","@id":"https:\/\/www.topfastpcb.com\/#website","url":"https:\/\/www.topfastpcb.com\/","name":"Topfastpcb","description":"Topfast Prime Choice for Global Electronics Manufacturing","publisher":{"@id":"https:\/\/www.topfastpcb.com\/#organization"},"potentialAction":[{"@type":"SearchAction","target":{"@type":"EntryPoint","urlTemplate":"https:\/\/www.topfastpcb.com\/?s={search_term_string}"},"query-input":{"@type":"PropertyValueSpecification","valueRequired":true,"valueName":"search_term_string"}}],"inLanguage":"it-IT"},{"@type":"Organization","@id":"https:\/\/www.topfastpcb.com\/#organization","name":"Topfastpcb","url":"https:\/\/www.topfastpcb.com\/","logo":{"@type":"ImageObject","inLanguage":"it-IT","@id":"https:\/\/www.topfastpcb.com\/#\/schema\/logo\/image\/","url":"https:\/\/www.topfastpcb.com\/wp-content\/uploads\/2026\/02\/cropped-topfast-logo.png","contentUrl":"https:\/\/www.topfastpcb.com\/wp-content\/uploads\/2026\/02\/cropped-topfast-logo.png","width":144,"height":56,"caption":"Topfastpcb"},"image":{"@id":"https:\/\/www.topfastpcb.com\/#\/schema\/logo\/image\/"}}]}},"_links":{"self":[{"href":"https:\/\/www.topfastpcb.com\/it\/wp-json\/wp\/v2\/product\/3432","targetHints":{"allow":["GET"]}}],"collection":[{"href":"https:\/\/www.topfastpcb.com\/it\/wp-json\/wp\/v2\/product"}],"about":[{"href":"https:\/\/www.topfastpcb.com\/it\/wp-json\/wp\/v2\/types\/product"}],"replies":[{"embeddable":true,"href":"https:\/\/www.topfastpcb.com\/it\/wp-json\/wp\/v2\/comments?post=3432"}],"wp:featuredmedia":[{"embeddable":true,"href":"https:\/\/www.topfastpcb.com\/it\/wp-json\/wp\/v2\/media\/3436"}],"wp:attachment":[{"href":"https:\/\/www.topfastpcb.com\/it\/wp-json\/wp\/v2\/media?parent=3432"}],"wp:term":[{"taxonomy":"product_brand","embeddable":true,"href":"https:\/\/www.topfastpcb.com\/it\/wp-json\/wp\/v2\/product_brand?post=3432"},{"taxonomy":"product_cat","embeddable":true,"href":"https:\/\/www.topfastpcb.com\/it\/wp-json\/wp\/v2\/product_cat?post=3432"},{"taxonomy":"product_tag","embeddable":true,"href":"https:\/\/www.topfastpcb.com\/it\/wp-json\/wp\/v2\/product_tag?post=3432"}],"curies":[{"name":"wp","href":"https:\/\/api.w.org\/{rel}","templated":true}]}}