{"id":3468,"date":"2025-06-26T09:49:41","date_gmt":"2025-06-26T01:49:41","guid":{"rendered":"https:\/\/www.topfastpcb.com\/?post_type=product&#038;p=3468"},"modified":"2025-06-26T09:53:02","modified_gmt":"2025-06-26T01:53:02","slug":"crystal-oscillator","status":"publish","type":"product","link":"https:\/\/www.topfastpcb.com\/it\/products\/crystal-oscillator\/","title":{"rendered":"Oscillatore a cristallo"},"content":{"rendered":"<div id=\"ez-toc-container\" class=\"ez-toc-v2_0_74 counter-hierarchy ez-toc-counter ez-toc-custom ez-toc-container-direction\">\n<div class=\"ez-toc-title-container\">\n<p class=\"ez-toc-title\" style=\"cursor:inherit\">Indice per materie<\/p>\n<span class=\"ez-toc-title-toggle\"><\/span><\/div>\n<nav><ul class='ez-toc-list ez-toc-list-level-1' ><li class='ez-toc-page-1 ez-toc-heading-level-2'><a class=\"ez-toc-link ez-toc-heading-1\" href=\"https:\/\/www.topfastpcb.com\/it\/products\/crystal-oscillator\/#Professional_Crystal_Oscillator_Procurement\" >Acquisto di un oscillatore a cristallo professionale<\/a><ul class='ez-toc-list-level-3' ><li class='ez-toc-heading-level-3'><a class=\"ez-toc-link ez-toc-heading-2\" href=\"https:\/\/www.topfastpcb.com\/it\/products\/crystal-oscillator\/#Why_Choose_Topfasts_Crystal_Oscillator_Procurement_Service\" >Perch\u00e9 scegliere il servizio di approvvigionamento di oscillatori di cristallo di Topfast&amp;#8217?<\/a><\/li><li class='ez-toc-page-1 ez-toc-heading-level-3'><a class=\"ez-toc-link ez-toc-heading-3\" href=\"https:\/\/www.topfastpcb.com\/it\/products\/crystal-oscillator\/#Complete_Crystal_Oscillator_Solutions\" >Soluzioni complete per oscillatori a cristallo<\/a><\/li><li class='ez-toc-page-1 ez-toc-heading-level-3'><a class=\"ez-toc-link ez-toc-heading-4\" href=\"https:\/\/www.topfastpcb.com\/it\/products\/crystal-oscillator\/#Seamless_PCB_Manufacturing_Assembly_Integration\" >Produzione di PCB e integrazione dell'assemblaggio senza soluzione di continuit\u00e0<\/a><\/li><li class='ez-toc-page-1 ez-toc-heading-level-3'><a class=\"ez-toc-link ez-toc-heading-5\" href=\"https:\/\/www.topfastpcb.com\/it\/products\/crystal-oscillator\/#Custom_Solutions_for_Special_Requirements\" >Soluzioni personalizzate per requisiti speciali<\/a><\/li><li class='ez-toc-page-1 ez-toc-heading-level-3'><a class=\"ez-toc-link ez-toc-heading-6\" href=\"https:\/\/www.topfastpcb.com\/it\/products\/crystal-oscillator\/#Why_Global_Clients_Choose_Topfast\" >Perch\u00e9 i clienti globali scelgono Topfast?<\/a><\/li><li class='ez-toc-page-1 ez-toc-heading-level-3'><a class=\"ez-toc-link ez-toc-heading-7\" href=\"https:\/\/www.topfastpcb.com\/it\/products\/crystal-oscillator\/#Frequently_Asked_Questions\" >Domande frequenti<\/a><\/li><li class='ez-toc-page-1 ez-toc-heading-level-3'><a class=\"ez-toc-link ez-toc-heading-8\" href=\"https:\/\/www.topfastpcb.com\/it\/products\/crystal-oscillator\/#Launch_Your_Project_Today\" >Lanciate il vostro progetto oggi stesso<\/a><\/li><\/ul><\/li><li class='ez-toc-page-1 ez-toc-heading-level-2'><a class=\"ez-toc-link ez-toc-heading-9\" href=\"https:\/\/www.topfastpcb.com\/it\/products\/crystal-oscillator\/#About_Topfast\" >Informazioni su Topfast<\/a><\/li><\/ul><\/nav><\/div>\n\n<h2><span class=\"ez-toc-section\" id=\"Professional_Crystal_Oscillator_Procurement\"><\/span>Acquisto di un oscillatore a cristallo professionale<span class=\"ez-toc-section-end\"><\/span><\/h2>\n<p class=\"ds-markdown-paragraph\">Nel campo della produzione elettronica, la precisione dei segnali di clock \u00e8 fondamentale per l'affidabilit\u00e0 dei prodotti. Con 17 anni di esperienza nel settore, Topfast \u00e8 un fornitore unico di soluzioni per circuiti stampati che offre servizi end-to-end che vanno dall'approvvigionamento di oscillatori a cristallo di alta qualit\u00e0 alla fornitura di un sistema completo. <a href=\"https:\/\/www.topfastpcb.com\/it\/\">Produzione e assemblaggio di PCB<\/a>.<\/p>\n<h3><span class=\"ez-toc-section\" id=\"Why_Choose_Topfasts_Crystal_Oscillator_Procurement_Service\"><\/span>Perch\u00e9 scegliere il servizio di approvvigionamento di oscillatori di cristallo di Topfast&amp;#8217?<span class=\"ez-toc-section-end\"><\/span><\/h3>\n<p class=\"ds-markdown-paragraph\">Manteniamo partnership profonde con marchi globali di alto livello, tra cui:<\/p>\n<ul>\n<li>\n<p class=\"ds-markdown-paragraph\">Murata &#8211; Produttore di componenti elettronici leader del settore<\/p>\n<\/li>\n<li>\n<p class=\"ds-markdown-paragraph\">Epson &#8211; Esperto in oscillatori a cristallo di alta precisione<\/p>\n<\/li>\n<li>\n<p class=\"ds-markdown-paragraph\">Kyocera &#8211; Fornitore di componenti al quarzo di qualit\u00e0 superiore<\/p>\n<\/li>\n<li>\n<p class=\"ds-markdown-paragraph\">Vectron &#8211; Specialista in soluzioni di controllo della frequenza<\/p>\n<\/li>\n<\/ul>\n<p class=\"ds-markdown-paragraph\"><strong>I nostri vantaggi:<\/strong><br \/>\nApprovvigionamento diretto da distributori autorizzati, a garanzia di una qualit\u00e0 autentica<br \/>\nPreventivi accurati entro 1 ora<br \/>\nConsulenza professionale per l'ottimizzazione dei costi della distinta base<br \/>\nSistema di risposta rapida 24\/7<\/p>\n<blockquote>\n<p class=\"ds-markdown-paragraph\">&#8220;Il team di approvvigionamento di Topfast&amp;#8217ci ha aiutato a ridurre i costi dei componenti del 30% mantenendo la stabilit\u00e0 della qualit\u00e0 degli oscillatori a cristallo critici&#8221; - Feedback di un produttore di dispositivi IoT<\/p>\n<\/blockquote>\n<p class=\"ds-markdown-paragraph\"><strong><a target=\"_blank\" rel=\"noopener noreferrer\" href=\"https:\/\/www.topfastpcb.com\/it\/contact\/\">Richiedete un preventivo per un oscillatore a cristallo istantaneo<\/a><\/strong><\/p>\n<h3><span class=\"ez-toc-section\" id=\"Complete_Crystal_Oscillator_Solutions\"><\/span>Soluzioni complete per oscillatori a cristallo<span class=\"ez-toc-section-end\"><\/span><\/h3>\n<p class=\"ds-markdown-paragraph\">Qualunque sia la precisione richiesta dalla vostra applicazione, vi forniamo soluzioni adeguate:<\/p>\n<div class=\"markdown-table-wrapper\">\n<table>\n<thead>\n<tr>\n<th>Tipo di oscillatore<\/th>\n<th>Caratteristiche<\/th>\n<th>Applicazioni tipiche<\/th>\n<\/tr>\n<\/thead>\n<tbody>\n<tr>\n<td>XO standard<\/td>\n<td>Economico, precisione di base<\/td>\n<td>Elettronica di consumo<\/td>\n<\/tr>\n<tr>\n<td>TCXO<\/td>\n<td>Temperatura compensata, \u00b10,5~\u00b12,5ppm<\/td>\n<td>Attrezzature industriali<\/td>\n<\/tr>\n<tr>\n<td>VCXO<\/td>\n<td>Frequenza regolabile controllata dalla tensione<\/td>\n<td>Dispositivi di comunicazione<\/td>\n<\/tr>\n<tr>\n<td>OCXO<\/td>\n<td>Controllo a forno, altissima precisione<\/td>\n<td>Stazioni base, militari<\/td>\n<\/tr>\n<tr>\n<td>MCXO<\/td>\n<td>Compensazione a microprocessore<\/td>\n<td>Sistemi di navigazione<\/td>\n<\/tr>\n<\/tbody>\n<\/table>\n<\/div>\n<p class=\"ds-markdown-paragraph\">I nostri ingegneri consiglieranno la soluzione di oscillatore a cristallo pi\u00f9 adatta in base alle vostre esigenze.<span>\u00a0<\/span><strong>scenario applicativo<\/strong>,<span>\u00a0<\/span><strong>condizioni ambientali<\/strong>, e<span>\u00a0<\/span><strong>requisiti di prestazione<\/strong>.<\/p>\n<p class=\"ds-markdown-paragraph\"><strong><a target=\"_blank\" rel=\"noopener noreferrer\" href=\"https:\/\/www.topfastpcb.com\/it\/contact\/\">Consultate gli esperti per la selezione degli oscillatori<\/a><\/strong><\/p>\n<h3><span class=\"ez-toc-section\" id=\"Seamless_PCB_Manufacturing_Assembly_Integration\"><\/span>Produzione di PCB e integrazione dell'assemblaggio senza soluzione di continuit\u00e0<span class=\"ez-toc-section-end\"><\/span><\/h3>\n<p class=\"ds-markdown-paragraph\">Topfast non \u00e8 solo un fornitore di componenti, ma anche un<span>\u00a0<\/span><strong>partner di produzione elettronica a servizio completo<\/strong>. Forniamo:<\/p>\n<ol start=\"1\">\n<li>\n<p class=\"ds-markdown-paragraph\"><strong>Ottimizzazione del design<\/strong>:Rivedere il progetto della PCB per garantire la corretta disposizione dei pad dell'oscillatore e la progettazione termica.<\/p>\n<\/li>\n<li>\n<p class=\"ds-markdown-paragraph\"><strong>Analisi della producibilit\u00e0<\/strong>: Identificare tempestivamente i potenziali problemi per evitare costose revisioni.<\/p>\n<\/li>\n<li>\n<p class=\"ds-markdown-paragraph\"><strong>Assemblaggio di precisione<\/strong>: Le apparecchiature SMT ad alta precisione gestiscono vari pacchetti di oscillatori<\/p>\n<\/li>\n<li>\n<p class=\"ds-markdown-paragraph\"><strong>Test completi<\/strong>Compresi i parametri critici come le caratteristiche di frequenza e l'integrit\u00e0 del segnale.<\/p>\n<\/li>\n<\/ol>\n<p class=\"ds-markdown-paragraph\"><strong>Studio di caso<\/strong>Abbiamo assistito un cliente di dispositivi medici nel migliorare la resa dell'installazione di TCXO dal 92% al 99,8%, con una significativa riduzione dei costi di produzione.<\/p>\n<p class=\"ds-markdown-paragraph\"><strong><a target=\"_blank\" rel=\"noopener noreferrer\" href=\"https:\/\/www.topfastpcb.com\/it\/contact\/\">Richiedi un'analisi DFM gratuita<\/a><\/strong><\/p>\n<h3><span class=\"ez-toc-section\" id=\"Custom_Solutions_for_Special_Requirements\"><\/span>Soluzioni personalizzate per requisiti speciali<span class=\"ez-toc-section-end\"><\/span><\/h3>\n<p class=\"ds-markdown-paragraph\">Per le applicazioni specializzate, offriamo:<\/p>\n<ul>\n<li>\n<p class=\"ds-markdown-paragraph\">Specifiche di frequenza e precisione personalizzate<\/p>\n<\/li>\n<li>\n<p class=\"ds-markdown-paragraph\">Design di pacchetti speciali<\/p>\n<\/li>\n<li>\n<p class=\"ds-markdown-paragraph\">Soluzioni di adattabilit\u00e0 agli ambienti estremi<\/p>\n<\/li>\n<li>\n<p class=\"ds-markdown-paragraph\">Progetti di ottimizzazione a basso consumo<\/p>\n<\/li>\n<\/ul>\n<p class=\"ds-markdown-paragraph\">Il nostro team di ingegneri ha sviluppato una soluzione OCXO per alte temperature per un cliente del settore aerospaziale, mantenendo una stabilit\u00e0 di \u00b10,01 ppm in un intervallo di temperature compreso tra -55\u00b0C e 125\u00b0C.<\/p>\n<p class=\"ds-markdown-paragraph\"><strong><a target=\"_blank\" rel=\"noopener noreferrer\" href=\"https:\/\/www.topfastpcb.com\/it\/contact\/\">Informazioni sui servizi personalizzati<\/a><\/strong><\/p>\n<h3><span class=\"ez-toc-section\" id=\"Why_Global_Clients_Choose_Topfast\"><\/span>Perch\u00e9 i clienti globali scelgono Topfast?<span class=\"ez-toc-section-end\"><\/span><\/h3>\n<p class=\"ds-markdown-paragraph\">\u2714<span>\u00a0<\/span><strong>17 anni di esperienza<\/strong><span>\u00a0<\/span>&#8211; Ha servito pi\u00f9 di 3000 clienti nei settori dell'elettronica di consumo, industriale e medicale<br \/>\n\u2714<span>\u00a0<\/span><strong>Risposta rapida<\/strong><span>\u00a0<\/span>&#8211; preventivi in 1 ora, supporto ingegneristico in 4 ore, consegna del prototipo in 24 ore<br \/>\n\u2714<span>\u00a0<\/span><strong>Ottimizzazione dei costi<\/strong><span>\u00a0<\/span>&#8211; Risparmio del 15-30% grazie alle economie di scala e all'ottimizzazione dei processi<br \/>\n\u2714<span>\u00a0<\/span><strong>Garanzia di qualit\u00e0<\/strong><span>\u00a0<\/span>&#8211; Certificazione ISO9001 con rigorosa ispezione in entrata e controllo di processo<br \/>\n\u2714<span>\u00a0<\/span><strong>Servizio end-to-end<\/strong><span>\u00a0<\/span>&#8211; Assistenza unica dal concetto alla produzione di massa<\/p>\n<blockquote>\n<p class=\"ds-markdown-paragraph\">&#8220;La transizione fluida dal prototipo alla produzione di massa \u00e8 fondamentale per il successo del prodotto. Il servizio one-stop di Topfast ci permette di concentrarci sul design principale e di affidare la produzione a esperti affidabili.&#8221; - Testimonianza del CEO di Smart hardware<\/p>\n<\/blockquote>\n<h3><span class=\"ez-toc-section\" id=\"Frequently_Asked_Questions\"><\/span>Domande frequenti<span class=\"ez-toc-section-end\"><\/span><\/h3>\n<p class=\"ds-markdown-paragraph\"><strong>D: Quali sono i parametri chiave da considerare quando si acquistano oscillatori a cristallo?<\/strong><br \/>\nR: La frequenza, la stabilit\u00e0, l'intervallo di temperatura operativa, il tasso di invecchiamento, la capacit\u00e0 di carico e le dimensioni del contenitore sono i fattori pi\u00f9 critici. I nostri ingegneri possono aiutarvi ad analizzare i vostri requisiti.<\/p>\n<p class=\"ds-markdown-paragraph\"><strong>D: Come garantire la compatibilit\u00e0 dell'oscillatore con il mio progetto di PCB?<\/strong><br \/>\nR: Offriamo controlli DFM gratuiti per esaminare i file di progetto e fornire suggerimenti per l'ottimizzazione.<\/p>\n<p class=\"ds-markdown-paragraph\"><strong>D: Anche gli ordini di piccoli volumi possono ottenere prezzi competitivi?<\/strong><br \/>\nR: S\u00ec, grazie alle economie di scala e alla gestione intelligente delle scorte, offriamo prezzi competitivi anche per i piccoli lotti.<\/p>\n<p class=\"ds-markdown-paragraph\"><strong><a target=\"_blank\" rel=\"noopener noreferrer\" href=\"https:\/\/www.topfastpcb.com\/it\/blog\/category\/blog\/faq\/\">Visualizza altre domande frequenti<\/a><\/strong><\/p>\n<h3><span class=\"ez-toc-section\" id=\"Launch_Your_Project_Today\"><\/span>Lanciate il vostro progetto oggi stesso<span class=\"ez-toc-section-end\"><\/span><\/h3>\n<p class=\"ds-markdown-paragraph\">Se avete bisogno di:<\/p>\n<ul>\n<li>\n<p class=\"ds-markdown-paragraph\">Rapido reperimento di modelli di oscillatori specifici<\/p>\n<\/li>\n<li>\n<p class=\"ds-markdown-paragraph\">Ottimizzazione dei costi della distinta base esistente<\/p>\n<\/li>\n<li>\n<p class=\"ds-markdown-paragraph\">Sviluppo di nuovi prodotti che richiedono una tempistica di alta precisione<\/p>\n<\/li>\n<li>\n<p class=\"ds-markdown-paragraph\">Passaggio dalla progettazione alla produzione di massa<\/p>\n<\/li>\n<\/ul>\n<p class=\"ds-markdown-paragraph\">Il team di professionisti di Topfast&#8217;\u00e8 pronto a servirvi. Inviate i vostri requisiti per sperimentare la convenienza di una produzione elettronica one-stop!<\/p>\n<p class=\"ds-markdown-paragraph\"><strong><a target=\"_blank\" rel=\"noopener noreferrer\" href=\"https:\/\/www.topfastpcb.com\/it\/contact\/\">Invia la distinta base per il preventivo<\/a><\/strong><span>\u00a0<\/span><\/p>\n<h2><span class=\"ez-toc-section\" id=\"About_Topfast\"><\/span>Informazioni su Topfast<span class=\"ez-toc-section-end\"><\/span><\/h2>\n<p class=\"ds-markdown-paragraph\">Fondata nel 2008, Topfast \u00e8 un'azienda di<span>\u00a0<\/span><strong>azienda leader nella progettazione e produzione di PCB<\/strong><span>\u00a0<\/span>specializzata nella prototipazione rapida e nella produzione di piccoli lotti per clienti globali. Investiamo continuamente in attrezzature e tecnologie avanzate, aderendo alla nostra filosofia &#8220;customer-first, quality-first&#8221; per diventare il vostro partner di produzione elettronica pi\u00f9 affidabile.<\/p>\n<p class=\"ds-markdown-paragraph\">Grazie alle profonde collaborazioni con i migliori produttori di componenti, vi assicuriamo di ricevere<span>\u00a0<\/span><strong>vantaggi sia in termini di qualit\u00e0 che di prezzo<\/strong>. Dalla revisione del file alla consegna finale, il team di professionisti di Topfast&amp;#8217 accompagner\u00e0 il vostro progetto per tutta la durata.<\/p>","protected":false},"excerpt":{"rendered":"<p>Topfast vi offre servizi one-stop per l'approvvigionamento di oscillatori a cristallo e la produzione di PCB. Collaboriamo con le migliori marche per garantire la qualit\u00e0 dei componenti e i vantaggi in termini di prezzo, e forniamo soluzioni complete dall'ottimizzazione della distinta base, alla progettazione di PCB fino all'assemblaggio. Il nostro team di ingegneri professionisti risponde 24 ore su 24, fornisce preventivi entro 1 ora e offre supporto ingegneristico entro 4 ore per aiutarvi ad accelerare il lancio del vostro prodotto.<\/p>","protected":false},"featured_media":3469,"comment_status":"closed","ping_status":"closed","template":"","meta":[],"product_brand":[],"product_cat":[217],"product_tag":[308],"class_list":{"0":"post-3468","1":"product","2":"type-product","3":"status-publish","4":"has-post-thumbnail","6":"product_cat-electronic-components","7":"product_tag-crystal-oscillator","9":"first","10":"instock","11":"shipping-taxable","12":"product-type-simple"},"yoast_head":"<!-- This site is optimized with the Yoast SEO plugin v25.1 - https:\/\/yoast.com\/wordpress\/plugins\/seo\/ -->\n<title>Crystal Oscillator - Topfastpcb<\/title>\n<meta name=\"description\" content=\"Topfast provides high-quality crystal oscillator procurement and one-stop PCB manufacturing services, from component procurement to precision PCB assembly, offering you fast response and cost-optimized electronic manufacturing solutions.\" \/>\n<meta name=\"robots\" content=\"index, follow, max-snippet:-1, max-image-preview:large, max-video-preview:-1\" \/>\n<link rel=\"canonical\" href=\"https:\/\/www.topfastpcb.com\/it\/products\/crystal-oscillator\/\" \/>\n<meta property=\"og:locale\" content=\"it_IT\" \/>\n<meta property=\"og:type\" content=\"article\" \/>\n<meta property=\"og:title\" content=\"Crystal Oscillator - Topfastpcb\" \/>\n<meta property=\"og:description\" content=\"Topfast provides high-quality crystal oscillator procurement and one-stop PCB manufacturing services, from component procurement to precision PCB assembly, offering you fast response and cost-optimized electronic manufacturing solutions.\" \/>\n<meta property=\"og:url\" content=\"https:\/\/www.topfastpcb.com\/it\/products\/crystal-oscillator\/\" \/>\n<meta property=\"og:site_name\" content=\"Topfastpcb\" \/>\n<meta property=\"article:modified_time\" content=\"2025-06-26T01:53:02+00:00\" \/>\n<meta property=\"og:image\" content=\"https:\/\/www.topfastpcb.com\/wp-content\/uploads\/2025\/06\/Crystal-Oscillator-4.jpg\" \/>\n\t<meta property=\"og:image:width\" content=\"750\" \/>\n\t<meta property=\"og:image:height\" content=\"750\" \/>\n\t<meta property=\"og:image:type\" content=\"image\/jpeg\" \/>\n<meta name=\"twitter:card\" content=\"summary_large_image\" \/>\n<meta name=\"twitter:label1\" content=\"Tempo di lettura stimato\" \/>\n\t<meta name=\"twitter:data1\" content=\"3 minuti\" \/>\n<script type=\"application\/ld+json\" class=\"yoast-schema-graph\">{\"@context\":\"https:\/\/schema.org\",\"@graph\":[{\"@type\":\"WebPage\",\"@id\":\"https:\/\/www.topfastpcb.com\/products\/crystal-oscillator\/\",\"url\":\"https:\/\/www.topfastpcb.com\/products\/crystal-oscillator\/\",\"name\":\"Crystal Oscillator - Topfastpcb\",\"isPartOf\":{\"@id\":\"https:\/\/www.topfastpcb.com\/#website\"},\"primaryImageOfPage\":{\"@id\":\"https:\/\/www.topfastpcb.com\/products\/crystal-oscillator\/#primaryimage\"},\"image\":{\"@id\":\"https:\/\/www.topfastpcb.com\/products\/crystal-oscillator\/#primaryimage\"},\"thumbnailUrl\":\"https:\/\/www.topfastpcb.com\/wp-content\/uploads\/2025\/06\/Crystal-Oscillator-4.jpg\",\"datePublished\":\"2025-06-26T01:49:41+00:00\",\"dateModified\":\"2025-06-26T01:53:02+00:00\",\"description\":\"Topfast provides high-quality crystal oscillator procurement and one-stop PCB manufacturing services, from component procurement to precision PCB assembly, offering you fast response and cost-optimized electronic manufacturing solutions.\",\"breadcrumb\":{\"@id\":\"https:\/\/www.topfastpcb.com\/products\/crystal-oscillator\/#breadcrumb\"},\"inLanguage\":\"it-IT\",\"potentialAction\":[{\"@type\":\"ReadAction\",\"target\":[\"https:\/\/www.topfastpcb.com\/products\/crystal-oscillator\/\"]}]},{\"@type\":\"ImageObject\",\"inLanguage\":\"it-IT\",\"@id\":\"https:\/\/www.topfastpcb.com\/products\/crystal-oscillator\/#primaryimage\",\"url\":\"https:\/\/www.topfastpcb.com\/wp-content\/uploads\/2025\/06\/Crystal-Oscillator-4.jpg\",\"contentUrl\":\"https:\/\/www.topfastpcb.com\/wp-content\/uploads\/2025\/06\/Crystal-Oscillator-4.jpg\",\"width\":750,\"height\":750,\"caption\":\"Crystal Oscillator\"},{\"@type\":\"BreadcrumbList\",\"@id\":\"https:\/\/www.topfastpcb.com\/products\/crystal-oscillator\/#breadcrumb\",\"itemListElement\":[{\"@type\":\"ListItem\",\"position\":1,\"name\":\"\u9996\u9875\",\"item\":\"https:\/\/www.topfastpcb.com\/\"},{\"@type\":\"ListItem\",\"position\":2,\"name\":\"\u5546\u5e97\",\"item\":\"https:\/\/www.topfastpcb.com\/shop\/\"},{\"@type\":\"ListItem\",\"position\":3,\"name\":\"Crystal Oscillator\"}]},{\"@type\":\"WebSite\",\"@id\":\"https:\/\/www.topfastpcb.com\/#website\",\"url\":\"https:\/\/www.topfastpcb.com\/\",\"name\":\"Topfastpcb\",\"description\":\"Topfast Prime Choice for Global Electronics Manufacturing\",\"publisher\":{\"@id\":\"https:\/\/www.topfastpcb.com\/#organization\"},\"potentialAction\":[{\"@type\":\"SearchAction\",\"target\":{\"@type\":\"EntryPoint\",\"urlTemplate\":\"https:\/\/www.topfastpcb.com\/?s={search_term_string}\"},\"query-input\":{\"@type\":\"PropertyValueSpecification\",\"valueRequired\":true,\"valueName\":\"search_term_string\"}}],\"inLanguage\":\"it-IT\"},{\"@type\":\"Organization\",\"@id\":\"https:\/\/www.topfastpcb.com\/#organization\",\"name\":\"Topfastpcb\",\"url\":\"https:\/\/www.topfastpcb.com\/\",\"logo\":{\"@type\":\"ImageObject\",\"inLanguage\":\"it-IT\",\"@id\":\"https:\/\/www.topfastpcb.com\/#\/schema\/logo\/image\/\",\"url\":\"https:\/\/www.topfastpcb.com\/wp-content\/uploads\/2026\/02\/cropped-topfast-logo.png\",\"contentUrl\":\"https:\/\/www.topfastpcb.com\/wp-content\/uploads\/2026\/02\/cropped-topfast-logo.png\",\"width\":144,\"height\":56,\"caption\":\"Topfastpcb\"},\"image\":{\"@id\":\"https:\/\/www.topfastpcb.com\/#\/schema\/logo\/image\/\"}}]}<\/script>\n<!-- \/ Yoast SEO plugin. -->","yoast_head_json":{"title":"Crystal Oscillator - Topfastpcb","description":"Topfast provides high-quality crystal oscillator procurement and one-stop PCB manufacturing services, from component procurement to precision PCB assembly, offering you fast response and cost-optimized electronic manufacturing solutions.","robots":{"index":"index","follow":"follow","max-snippet":"max-snippet:-1","max-image-preview":"max-image-preview:large","max-video-preview":"max-video-preview:-1"},"canonical":"https:\/\/www.topfastpcb.com\/it\/products\/crystal-oscillator\/","og_locale":"it_IT","og_type":"article","og_title":"Crystal Oscillator - Topfastpcb","og_description":"Topfast provides high-quality crystal oscillator procurement and one-stop PCB manufacturing services, from component procurement to precision PCB assembly, offering you fast response and cost-optimized electronic manufacturing solutions.","og_url":"https:\/\/www.topfastpcb.com\/it\/products\/crystal-oscillator\/","og_site_name":"Topfastpcb","article_modified_time":"2025-06-26T01:53:02+00:00","og_image":[{"width":750,"height":750,"url":"https:\/\/www.topfastpcb.com\/wp-content\/uploads\/2025\/06\/Crystal-Oscillator-4.jpg","type":"image\/jpeg"}],"twitter_card":"summary_large_image","twitter_misc":{"Tempo di lettura stimato":"3 minuti"},"schema":{"@context":"https:\/\/schema.org","@graph":[{"@type":"WebPage","@id":"https:\/\/www.topfastpcb.com\/products\/crystal-oscillator\/","url":"https:\/\/www.topfastpcb.com\/products\/crystal-oscillator\/","name":"Crystal Oscillator - Topfastpcb","isPartOf":{"@id":"https:\/\/www.topfastpcb.com\/#website"},"primaryImageOfPage":{"@id":"https:\/\/www.topfastpcb.com\/products\/crystal-oscillator\/#primaryimage"},"image":{"@id":"https:\/\/www.topfastpcb.com\/products\/crystal-oscillator\/#primaryimage"},"thumbnailUrl":"https:\/\/www.topfastpcb.com\/wp-content\/uploads\/2025\/06\/Crystal-Oscillator-4.jpg","datePublished":"2025-06-26T01:49:41+00:00","dateModified":"2025-06-26T01:53:02+00:00","description":"Topfast provides high-quality crystal oscillator procurement and one-stop PCB manufacturing services, from component procurement to precision PCB assembly, offering you fast response and cost-optimized electronic manufacturing solutions.","breadcrumb":{"@id":"https:\/\/www.topfastpcb.com\/products\/crystal-oscillator\/#breadcrumb"},"inLanguage":"it-IT","potentialAction":[{"@type":"ReadAction","target":["https:\/\/www.topfastpcb.com\/products\/crystal-oscillator\/"]}]},{"@type":"ImageObject","inLanguage":"it-IT","@id":"https:\/\/www.topfastpcb.com\/products\/crystal-oscillator\/#primaryimage","url":"https:\/\/www.topfastpcb.com\/wp-content\/uploads\/2025\/06\/Crystal-Oscillator-4.jpg","contentUrl":"https:\/\/www.topfastpcb.com\/wp-content\/uploads\/2025\/06\/Crystal-Oscillator-4.jpg","width":750,"height":750,"caption":"Crystal Oscillator"},{"@type":"BreadcrumbList","@id":"https:\/\/www.topfastpcb.com\/products\/crystal-oscillator\/#breadcrumb","itemListElement":[{"@type":"ListItem","position":1,"name":"\u9996\u9875","item":"https:\/\/www.topfastpcb.com\/"},{"@type":"ListItem","position":2,"name":"\u5546\u5e97","item":"https:\/\/www.topfastpcb.com\/shop\/"},{"@type":"ListItem","position":3,"name":"Crystal Oscillator"}]},{"@type":"WebSite","@id":"https:\/\/www.topfastpcb.com\/#website","url":"https:\/\/www.topfastpcb.com\/","name":"Topfastpcb","description":"Topfast Prime Choice for Global Electronics Manufacturing","publisher":{"@id":"https:\/\/www.topfastpcb.com\/#organization"},"potentialAction":[{"@type":"SearchAction","target":{"@type":"EntryPoint","urlTemplate":"https:\/\/www.topfastpcb.com\/?s={search_term_string}"},"query-input":{"@type":"PropertyValueSpecification","valueRequired":true,"valueName":"search_term_string"}}],"inLanguage":"it-IT"},{"@type":"Organization","@id":"https:\/\/www.topfastpcb.com\/#organization","name":"Topfastpcb","url":"https:\/\/www.topfastpcb.com\/","logo":{"@type":"ImageObject","inLanguage":"it-IT","@id":"https:\/\/www.topfastpcb.com\/#\/schema\/logo\/image\/","url":"https:\/\/www.topfastpcb.com\/wp-content\/uploads\/2026\/02\/cropped-topfast-logo.png","contentUrl":"https:\/\/www.topfastpcb.com\/wp-content\/uploads\/2026\/02\/cropped-topfast-logo.png","width":144,"height":56,"caption":"Topfastpcb"},"image":{"@id":"https:\/\/www.topfastpcb.com\/#\/schema\/logo\/image\/"}}]}},"_links":{"self":[{"href":"https:\/\/www.topfastpcb.com\/it\/wp-json\/wp\/v2\/product\/3468","targetHints":{"allow":["GET"]}}],"collection":[{"href":"https:\/\/www.topfastpcb.com\/it\/wp-json\/wp\/v2\/product"}],"about":[{"href":"https:\/\/www.topfastpcb.com\/it\/wp-json\/wp\/v2\/types\/product"}],"replies":[{"embeddable":true,"href":"https:\/\/www.topfastpcb.com\/it\/wp-json\/wp\/v2\/comments?post=3468"}],"wp:featuredmedia":[{"embeddable":true,"href":"https:\/\/www.topfastpcb.com\/it\/wp-json\/wp\/v2\/media\/3469"}],"wp:attachment":[{"href":"https:\/\/www.topfastpcb.com\/it\/wp-json\/wp\/v2\/media?parent=3468"}],"wp:term":[{"taxonomy":"product_brand","embeddable":true,"href":"https:\/\/www.topfastpcb.com\/it\/wp-json\/wp\/v2\/product_brand?post=3468"},{"taxonomy":"product_cat","embeddable":true,"href":"https:\/\/www.topfastpcb.com\/it\/wp-json\/wp\/v2\/product_cat?post=3468"},{"taxonomy":"product_tag","embeddable":true,"href":"https:\/\/www.topfastpcb.com\/it\/wp-json\/wp\/v2\/product_tag?post=3468"}],"curies":[{"name":"wp","href":"https:\/\/api.w.org\/{rel}","templated":true}]}}