{"id":2057,"date":"2025-04-17T17:03:19","date_gmt":"2025-04-17T09:03:19","guid":{"rendered":"http:\/\/topfastpcbb.ru\/?post_type=product&#038;p=2057"},"modified":"2025-05-06T15:56:52","modified_gmt":"2025-05-06T07:26:52","slug":"deep-ultraviolet-duv-purifier-pcbs","status":"publish","type":"product","link":"https:\/\/www.topfastpcb.com\/nl\/products\/deep-ultraviolet-duv-purifier-pcbs\/","title":{"rendered":"Zuiveringsprintplaten voor diepe ultraviolette straling (DUV)"},"content":{"rendered":"<div id=\"ez-toc-container\" class=\"ez-toc-v2_0_74 counter-hierarchy ez-toc-counter ez-toc-custom ez-toc-container-direction\">\n<div class=\"ez-toc-title-container\">\n<p class=\"ez-toc-title\" style=\"cursor:inherit\">Inhoudsopgave<\/p>\n<span class=\"ez-toc-title-toggle\"><\/span><\/div>\n<nav><ul class='ez-toc-list ez-toc-list-level-1' ><li class='ez-toc-page-1 ez-toc-heading-level-3'><a class=\"ez-toc-link ez-toc-heading-1\" href=\"https:\/\/www.topfastpcb.com\/nl\/products\/deep-ultraviolet-duv-purifier-pcbs\/#Introduction_to_DUV_Purifier_PCBs\" >Inleiding tot DUV-zuiveringsprintplaten<\/a><\/li><li class='ez-toc-page-1 ez-toc-heading-level-3'><a class=\"ez-toc-link ez-toc-heading-2\" href=\"https:\/\/www.topfastpcb.com\/nl\/products\/deep-ultraviolet-duv-purifier-pcbs\/#Key_Features_of_DUV_Purifier_PCBs\" >Belangrijkste kenmerken van DUV-zuiveringsprintplaten<\/a><\/li><li class='ez-toc-page-1 ez-toc-heading-level-3'><a class=\"ez-toc-link ez-toc-heading-3\" href=\"https:\/\/www.topfastpcb.com\/nl\/products\/deep-ultraviolet-duv-purifier-pcbs\/#Types_of_Ceramic_PCBs\" >Soorten keramische PCB's<\/a><\/li><li class='ez-toc-page-1 ez-toc-heading-level-3'><a class=\"ez-toc-link ez-toc-heading-4\" href=\"https:\/\/www.topfastpcb.com\/nl\/products\/deep-ultraviolet-duv-purifier-pcbs\/#3_Critical_Design_Considerations\" >3. Kritische ontwerpoverwegingen<\/a><\/li><li class='ez-toc-page-1 ez-toc-heading-level-3'><a class=\"ez-toc-link ez-toc-heading-5\" href=\"https:\/\/www.topfastpcb.com\/nl\/products\/deep-ultraviolet-duv-purifier-pcbs\/#4_Applications\" >4.Toepassingen<\/a><\/li><\/ul><\/nav><\/div>\n\n<p><span>Keramische PCB's zijn hoogwaardige printplaten die gebruik maken van keramische materialen zoals <\/span>aluminiumoxide (Al\u2082O\u2083), aluminiumnitride (AlN) en berylliumoxide (BeO) als isolerende substraten. Vergeleken met traditionele FR-4 of PCB's met een metalen kern bieden keramische PCB's een superieure thermische geleidbaarheid, uitstekende elektrische isolatie, een lage thermische uitzettingsco\u00ebffici\u00ebnt (CTE) en een uitstekende mechanische sterkte.<span>waardoor ze ideaal zijn voor toepassingen met hoog vermogen, hoge frequentie en hoge temperatuur.<\/span><\/p>\n<h3><span class=\"ez-toc-section\" id=\"Introduction_to_DUV_Purifier_PCBs\"><\/span>Inleiding tot DUV-zuiveringsprintplaten<span class=\"ez-toc-section-end\"><\/span><\/h3>\n<p>Diepe Ultraviolet (DUV) zuiveringsprintplaten zijn gespecialiseerde printplaten die zijn ontworpen voor de voeding en besturing van<span>\u00a0<\/span>kiemdodende 200-280nm UV-C-lichtsystemen, waarvan wetenschappelijk is bewezen dat ze 99,9% van de bacteri\u00ebn, virussen en ziekteverwekkers vernietigen. Deze PCB's integreren zeer effici\u00ebnte drivers, sensoren en regelcircuits om een veilige en effectieve desinfectie te garanderen in medische, industri\u00eble en consumententoepassingen.<\/p>\n<h3><span class=\"ez-toc-section\" id=\"Key_Features_of_DUV_Purifier_PCBs\"><\/span>Belangrijkste kenmerken van DUV-zuiveringsprintplaten<span class=\"ez-toc-section-end\"><\/span><\/h3>\n<p>UV-C-stuurcircuits met hoog voltage - Nauwkeurig geregelde stroomtoevoer naar kwikdamp- of UVC-LED-lampen.<br \/>\nGeavanceerd thermisch beheer - Keramische of metaalkernsubstraten om de warmte van UV-stralers met hoog vermogen af te voeren.<br \/>\nVeiligheid &amp; Bewakingssystemen - Bewegingssensoren, timers en faalveilige uitschakeling om blootstelling van mensen te voorkomen.<br \/>\nEMI\/RFI-afscherming - Voorkomt interferentie met gevoelige medische\/communicatieapparatuur.<br \/>\nCorrosiebestendige materialen - Beschermd tegen bijproducten van ozon (O\u2083) gegenereerd door UV-C-golflengtes.<\/p>\n<h3><span class=\"ez-toc-section\" id=\"Types_of_Ceramic_PCBs\"><\/span>Soorten <a href=\"https:\/\/www.topfastpcb.com\/nl\/products\/category\/ceramic-pcb\/\">Keramische printplaten<\/a><span class=\"ez-toc-section-end\"><\/span><\/h3>\n<table>\n<thead>\n<tr>\n<th>Type<\/th>\n<th>Materiaal<\/th>\n<th>Belangrijkste kenmerken<\/th>\n<th>Typische toepassingen<\/th>\n<\/tr>\n<\/thead>\n<tbody>\n<tr>\n<td><strong>Aluminiumoxide (Al\u2082O\u2083)<\/strong><\/td>\n<td>96%\/99% Al\u2082O\u2083<\/td>\n<td>Kosteneffectieve, volwassen technologie (~24 W\/mK)<\/td>\n<td>Consumentenelektronica, LED-verlichting<\/td>\n<\/tr>\n<tr>\n<td><strong>Aluminiumnitride (AlN)<\/strong><\/td>\n<td>AlN<\/td>\n<td>Ultrahoge thermische geleidbaarheid (170-230 W\/mK)<\/td>\n<td>Halfgeleiders met hoog vermogen, LiDAR<\/td>\n<\/tr>\n<tr>\n<td><strong>Berylliumoxide (BeO)<\/strong><\/td>\n<td>BeO<\/td>\n<td>Extreem warmtegeleidingsvermogen (~330 W\/mK)<\/td>\n<td>Lucht- en ruimtevaart, militair (beperkt vanwege toxiciteit)<\/td>\n<\/tr>\n<tr>\n<td><strong>LTCC\/HTCC<\/strong><\/td>\n<td>Meerlagige keramiek<\/td>\n<td>Ge\u00efntegreerde passieve componenten, 3D bedrading<\/td>\n<td>RF-modules, sensoren<\/td>\n<\/tr>\n<\/tbody>\n<\/table>\n<p><img loading=\"lazy\" decoding=\"async\" src=\"https:\/\/www.topfastpcb.com\/wp-content\/uploads\/2025\/04\/Ceramic-PCB.jpg\" alt=\"\" width=\"672\" height=\"503\" class=\"aligncenter wp-image-2059 size-full\" srcset=\"https:\/\/www.topfastpcb.com\/wp-content\/uploads\/2025\/04\/Ceramic-PCB.jpg 672w, https:\/\/www.topfastpcb.com\/wp-content\/uploads\/2025\/04\/Ceramic-PCB-300x225.jpg 300w, https:\/\/www.topfastpcb.com\/wp-content\/uploads\/2025\/04\/Ceramic-PCB-600x449.jpg 600w\" sizes=\"auto, (max-width: 672px) 100vw, 672px\" \/><\/p>\n<p style=\"text-align: center;\">Diepe Ultraviolette Zuiveringsinstallatie PCB Eigenschapsparameter<\/p>\n<table>\n<tbody>\n<tr>\n<td width=\"811\" valign=\"top\"><span>dikte van het keramiek\u00a0\u00a0<\/span><\/td>\n<td width=\"811\" valign=\"top\"><span>0,38\/0,50 mm<\/span><\/td>\n<\/tr>\n<tr>\n<td width=\"811\" valign=\"top\"><strong><span>Lengte en breedte van de zending<\/span><\/strong><\/td>\n<td width=\"811\" valign=\"top\"><span>109,2 x 54,5 mm<\/span><\/td>\n<\/tr>\n<tr>\n<td width=\"811\" valign=\"top\"><strong><span>De openingsmaat\u00a0\u00a0<\/span><\/strong><\/td>\n<td width=\"811\" valign=\"top\"><span>\u22650,07mm<\/span><\/td>\n<\/tr>\n<tr>\n<td width=\"811\" valign=\"top\"><strong><span>Afstand tussen gaten\u00a0\u00a0<\/span><\/strong><\/td>\n<td width=\"811\" valign=\"top\"><span>\u22650,25 mm<\/span><\/td>\n<\/tr>\n<tr>\n<td width=\"811\" valign=\"top\"><strong><span>De lijndikte<\/span><\/strong><\/td>\n<td width=\"811\" valign=\"top\"><span>\u22650,15mm<\/span><\/td>\n<\/tr>\n<tr>\n<td width=\"811\" valign=\"top\"><strong><span>De kanaalbreedte\u00a0\u00a0<\/span><\/strong><\/td>\n<td width=\"811\" valign=\"top\"><span>\u22650,11mm<\/span><\/td>\n<\/tr>\n<tr>\n<td width=\"811\" valign=\"top\"><strong><span>DAMS breedte\u00a0\u00a0<\/span><\/strong><\/td>\n<td width=\"811\" valign=\"top\"><span>0,2 mm<\/span><\/td>\n<\/tr>\n<tr>\n<td width=\"811\" valign=\"top\"><strong><span>Rond de damhoogte\u00a0\u00a0<\/span><\/strong><\/td>\n<td width=\"811\" valign=\"top\"><span>0,6 mm<\/span><\/td>\n<\/tr>\n<tr>\n<td width=\"811\" valign=\"top\"><strong><span>Type weerstandslassen<\/span><\/strong><\/td>\n<td width=\"811\" valign=\"top\">Groen, Wit, Zwart<\/td>\n<\/tr>\n<tr>\n<td valign=\"top\" colspan=\"1\" rowspan=\"1\"><span><strong>Toepassing<\/strong><\/span><\/td>\n<td valign=\"top\" colspan=\"1\" rowspan=\"1\"><span>luchtreiniger, airconditioner, koelkast, ontsmettingskast, ziekenhuisafdeling<\/span><\/td>\n<\/tr>\n<tr>\n<td valign=\"top\" colspan=\"1\" rowspan=\"1\"><span><strong>Materiaal<\/strong><\/span><\/td>\n<td valign=\"top\" colspan=\"1\" rowspan=\"1\">3DPC<\/td>\n<\/tr>\n<\/tbody>\n<\/table>\n<p>Topfast is een fabrikant die zich al meer dan 20 jaar richt op PCB-, PCBA-productie. We hebben een uitstekend r&amp;d-team van 28 mensen. We kunnen u helpen met een one-stop-service. Om u te ondersteunen met het hele proces van functie onderzoek en ontwikkeling, product PCB ontwerp discussie, PCB productie, component inkoop, PCB assemblage.<\/p>\n<p>Ons bedrijf biedt PCB-industrie oplossingen voor klanten op het gebied van sjablonen en kleine volumes.Met kwalitatief hoogwaardige en tijdige levering van producten, wonnen we de markt&#8217;s brede bijval.We zullen ons blijven richten op klanttevredenheid, samen met &#8220;hoge kwaliteit&#8221; en &#8220;snelle levering&#8221; en het bedrijf zal een dienstverlener op het gebied van elektronische schakelingen worden die het vertrouwen van de klant waard is.Onze fabriek produceert voornamelijk gewone dubbelzijdige printplaten, <a href=\"https:\/\/www.topfastpcb.com\/nl\/products\/multilayer-flexible-pcb\/\">PCB met meerdere lagen<\/a> printplaten, HDI printplaten, printplaten op metaalbasis en keramische printplaten. halfgeleiderprintplaten, rigid-flex printplaten en flexibele printplaten.<\/p>\n<p><img loading=\"lazy\" decoding=\"async\" src=\"https:\/\/www.topfastpcb.com\/wp-content\/uploads\/2025\/04\/619f389627688.png\" alt=\"\" width=\"750\" height=\"802\" class=\"aligncenter wp-image-2060 size-full\" srcset=\"https:\/\/www.topfastpcb.com\/wp-content\/uploads\/2025\/04\/619f389627688.png 750w, https:\/\/www.topfastpcb.com\/wp-content\/uploads\/2025\/04\/619f389627688-281x300.png 281w, https:\/\/www.topfastpcb.com\/wp-content\/uploads\/2025\/04\/619f389627688-600x642.png 600w\" sizes=\"auto, (max-width: 750px) 100vw, 750px\" \/><\/p>\n<h3><span class=\"ez-toc-section\" id=\"3_Critical_Design_Considerations\"><\/span>3. Kritische ontwerpoverwegingen<span class=\"ez-toc-section-end\"><\/span><\/h3>\n<ul>\n<li><strong>Golflengte-specifieke effici\u00ebntie<\/strong>: Geoptimaliseerd voor 265nm (piek DNA\/RNA vernietiging).<\/li>\n<li><strong>Optische integratie<\/strong>: Compatibel met kwartsbuizen of reflecterende aluminium behuizingen.<\/li>\n<li><strong>Normen voor naleving<\/strong>IEC 62471 (UV-veiligheid), UL 8800 (kiemdodende systemen).<\/li>\n<li><strong>Levensduuroptimalisatie<\/strong>: Beperkt de degradatie van UV-LED's met drivers met constante stroom.<\/li>\n<\/ul>\n<h3><span class=\"ez-toc-section\" id=\"4_Applications\"><\/span>4.Toepassingen<span class=\"ez-toc-section-end\"><\/span><\/h3>\n<ul>\n<li><strong>Medische sterilisatie<\/strong>: Desinfectie van chirurgische apparatuur, HVAC-systemen in ziekenhuizen.<\/li>\n<li><strong>Water-\/luchtzuivering<\/strong>: Gemeentelijke waterzuivering, cleanroom luchtstroom.<\/li>\n<li><strong>Consumentenapparaten<\/strong>: Draagbare UV-ontsmettingsmiddelen voor telefoons, maskers en oppervlakken.<\/li>\n<li><strong>Voedselveiligheid<\/strong>: Desinfectie van transportbanden in verpakkingsbedrijven.<img loading=\"lazy\" decoding=\"async\" src=\"https:\/\/www.topfastpcb.com\/wp-content\/uploads\/2025\/04\/Application.jpg\" alt=\"Toepassing\" width=\"797\" height=\"897\" class=\"aligncenter wp-image-1934 size-full\" srcset=\"https:\/\/www.topfastpcb.com\/wp-content\/uploads\/2025\/04\/Application.jpg 797w, https:\/\/www.topfastpcb.com\/wp-content\/uploads\/2025\/04\/Application-267x300.jpg 267w, https:\/\/www.topfastpcb.com\/wp-content\/uploads\/2025\/04\/Application-768x864.jpg 768w, https:\/\/www.topfastpcb.com\/wp-content\/uploads\/2025\/04\/Application-600x675.jpg 600w\" sizes=\"auto, (max-width: 797px) 100vw, 797px\" \/><\/li>\n<\/ul>","protected":false},"excerpt":{"rendered":"<p><span>Diepe Ultraviolet (DUV) zuiveringsprintplaten zijn gespecialiseerde printplaten die zijn ontworpen voor de voeding en besturing van\u00a0<\/span><strong>UV-C desinfectiesystemen<\/strong><span>\u00a0(200-280nm), waardoor ziekteverwekkers in medische, industri\u00eble en consumententoepassingen effectief worden ge\u00eblimineerd. Deze PCB's zijn voorzien van\u00a0<\/span><strong>hoogspanningsdrivers, thermisch beheer en veiligheidsmechanismen<\/strong><span> voor een betrouwbare sterilisatie die voldoet aan de internationale normen.<\/span><\/p>","protected":false},"featured_media":2058,"comment_status":"open","ping_status":"closed","template":"","meta":[],"product_brand":[],"product_cat":[115],"product_tag":[201,200],"class_list":{"0":"post-2057","1":"product","2":"type-product","3":"status-publish","4":"has-post-thumbnail","6":"product_cat-ceramic-pcb","7":"product_tag-ceramic-pcb","8":"product_tag-purifier-pcbs","10":"first","11":"instock","12":"shipping-taxable","13":"product-type-simple"},"yoast_head":"<!-- This site is optimized with the Yoast SEO plugin v25.1 - https:\/\/yoast.com\/wordpress\/plugins\/seo\/ -->\n<title>Deep Ultraviolet (DUV) purifier PCBs - Topfastpcb<\/title>\n<meta name=\"description\" content=\"Discover how Deep Ultraviolet (DUV) Purifier PCBs enable advanced disinfection with UV-C technology. Learn about high-efficiency drivers, safety features, and applications in medical, water, and air purification. Explore next-gen germicidal solutions!\" \/>\n<meta name=\"robots\" content=\"index, follow, max-snippet:-1, max-image-preview:large, max-video-preview:-1\" \/>\n<link rel=\"canonical\" href=\"https:\/\/www.topfastpcb.com\/nl\/products\/deep-ultraviolet-duv-purifier-pcbs\/\" \/>\n<meta property=\"og:locale\" content=\"nl_NL\" \/>\n<meta property=\"og:type\" content=\"article\" \/>\n<meta property=\"og:title\" content=\"Deep Ultraviolet (DUV) purifier PCBs - Topfastpcb\" \/>\n<meta property=\"og:description\" content=\"Discover how Deep Ultraviolet (DUV) Purifier PCBs enable advanced disinfection with UV-C technology. Learn about high-efficiency drivers, safety features, and applications in medical, water, and air purification. Explore next-gen germicidal solutions!\" \/>\n<meta property=\"og:url\" content=\"https:\/\/www.topfastpcb.com\/nl\/products\/deep-ultraviolet-duv-purifier-pcbs\/\" \/>\n<meta property=\"og:site_name\" content=\"Topfastpcb\" \/>\n<meta property=\"article:modified_time\" content=\"2025-05-06T07:26:52+00:00\" \/>\n<meta property=\"og:image\" content=\"https:\/\/www.topfastpcb.com\/wp-content\/uploads\/2025\/04\/Deep-Ultraviolet-purifier-PCB.jpg\" \/>\n\t<meta property=\"og:image:width\" content=\"800\" \/>\n\t<meta property=\"og:image:height\" content=\"800\" \/>\n\t<meta property=\"og:image:type\" content=\"image\/jpeg\" \/>\n<meta name=\"twitter:card\" content=\"summary_large_image\" \/>\n<meta name=\"twitter:label1\" content=\"Geschatte leestijd\" \/>\n\t<meta name=\"twitter:data1\" content=\"4 minuten\" \/>\n<script type=\"application\/ld+json\" class=\"yoast-schema-graph\">{\"@context\":\"https:\/\/schema.org\",\"@graph\":[{\"@type\":\"WebPage\",\"@id\":\"https:\/\/www.topfastpcb.com\/products\/deep-ultraviolet-duv-purifier-pcbs\/\",\"url\":\"https:\/\/www.topfastpcb.com\/products\/deep-ultraviolet-duv-purifier-pcbs\/\",\"name\":\"Deep Ultraviolet (DUV) purifier PCBs - Topfastpcb\",\"isPartOf\":{\"@id\":\"https:\/\/www.topfastpcb.com\/#website\"},\"primaryImageOfPage\":{\"@id\":\"https:\/\/www.topfastpcb.com\/products\/deep-ultraviolet-duv-purifier-pcbs\/#primaryimage\"},\"image\":{\"@id\":\"https:\/\/www.topfastpcb.com\/products\/deep-ultraviolet-duv-purifier-pcbs\/#primaryimage\"},\"thumbnailUrl\":\"https:\/\/www.topfastpcb.com\/wp-content\/uploads\/2025\/04\/Deep-Ultraviolet-purifier-PCB.jpg\",\"datePublished\":\"2025-04-17T09:03:19+00:00\",\"dateModified\":\"2025-05-06T07:26:52+00:00\",\"description\":\"Discover how Deep Ultraviolet (DUV) Purifier PCBs enable advanced disinfection with UV-C technology. Learn about high-efficiency drivers, safety features, and applications in medical, water, and air purification. Explore next-gen germicidal solutions!\",\"breadcrumb\":{\"@id\":\"https:\/\/www.topfastpcb.com\/products\/deep-ultraviolet-duv-purifier-pcbs\/#breadcrumb\"},\"inLanguage\":\"nl-NL\",\"potentialAction\":[{\"@type\":\"ReadAction\",\"target\":[\"https:\/\/www.topfastpcb.com\/products\/deep-ultraviolet-duv-purifier-pcbs\/\"]}]},{\"@type\":\"ImageObject\",\"inLanguage\":\"nl-NL\",\"@id\":\"https:\/\/www.topfastpcb.com\/products\/deep-ultraviolet-duv-purifier-pcbs\/#primaryimage\",\"url\":\"https:\/\/www.topfastpcb.com\/wp-content\/uploads\/2025\/04\/Deep-Ultraviolet-purifier-PCB.jpg\",\"contentUrl\":\"https:\/\/www.topfastpcb.com\/wp-content\/uploads\/2025\/04\/Deep-Ultraviolet-purifier-PCB.jpg\",\"width\":800,\"height\":800},{\"@type\":\"BreadcrumbList\",\"@id\":\"https:\/\/www.topfastpcb.com\/products\/deep-ultraviolet-duv-purifier-pcbs\/#breadcrumb\",\"itemListElement\":[{\"@type\":\"ListItem\",\"position\":1,\"name\":\"\u9996\u9875\",\"item\":\"https:\/\/www.topfastpcb.com\/\"},{\"@type\":\"ListItem\",\"position\":2,\"name\":\"\u5546\u5e97\",\"item\":\"https:\/\/www.topfastpcb.com\/shop\/\"},{\"@type\":\"ListItem\",\"position\":3,\"name\":\"Deep Ultraviolet (DUV) purifier PCBs\"}]},{\"@type\":\"WebSite\",\"@id\":\"https:\/\/www.topfastpcb.com\/#website\",\"url\":\"https:\/\/www.topfastpcb.com\/\",\"name\":\"Topfastpcb\",\"description\":\"Topfast Prime Choice for Global Electronics Manufacturing\",\"publisher\":{\"@id\":\"https:\/\/www.topfastpcb.com\/#organization\"},\"potentialAction\":[{\"@type\":\"SearchAction\",\"target\":{\"@type\":\"EntryPoint\",\"urlTemplate\":\"https:\/\/www.topfastpcb.com\/?s={search_term_string}\"},\"query-input\":{\"@type\":\"PropertyValueSpecification\",\"valueRequired\":true,\"valueName\":\"search_term_string\"}}],\"inLanguage\":\"nl-NL\"},{\"@type\":\"Organization\",\"@id\":\"https:\/\/www.topfastpcb.com\/#organization\",\"name\":\"Topfastpcb\",\"url\":\"https:\/\/www.topfastpcb.com\/\",\"logo\":{\"@type\":\"ImageObject\",\"inLanguage\":\"nl-NL\",\"@id\":\"https:\/\/www.topfastpcb.com\/#\/schema\/logo\/image\/\",\"url\":\"https:\/\/www.topfastpcb.com\/wp-content\/uploads\/2026\/02\/cropped-topfast-logo.png\",\"contentUrl\":\"https:\/\/www.topfastpcb.com\/wp-content\/uploads\/2026\/02\/cropped-topfast-logo.png\",\"width\":144,\"height\":56,\"caption\":\"Topfastpcb\"},\"image\":{\"@id\":\"https:\/\/www.topfastpcb.com\/#\/schema\/logo\/image\/\"}}]}<\/script>\n<!-- \/ Yoast SEO plugin. -->","yoast_head_json":{"title":"Deep Ultraviolet (DUV) purifier PCBs - Topfastpcb","description":"Discover how Deep Ultraviolet (DUV) Purifier PCBs enable advanced disinfection with UV-C technology. Learn about high-efficiency drivers, safety features, and applications in medical, water, and air purification. Explore next-gen germicidal solutions!","robots":{"index":"index","follow":"follow","max-snippet":"max-snippet:-1","max-image-preview":"max-image-preview:large","max-video-preview":"max-video-preview:-1"},"canonical":"https:\/\/www.topfastpcb.com\/nl\/products\/deep-ultraviolet-duv-purifier-pcbs\/","og_locale":"nl_NL","og_type":"article","og_title":"Deep Ultraviolet (DUV) purifier PCBs - Topfastpcb","og_description":"Discover how Deep Ultraviolet (DUV) Purifier PCBs enable advanced disinfection with UV-C technology. Learn about high-efficiency drivers, safety features, and applications in medical, water, and air purification. Explore next-gen germicidal solutions!","og_url":"https:\/\/www.topfastpcb.com\/nl\/products\/deep-ultraviolet-duv-purifier-pcbs\/","og_site_name":"Topfastpcb","article_modified_time":"2025-05-06T07:26:52+00:00","og_image":[{"width":800,"height":800,"url":"https:\/\/www.topfastpcb.com\/wp-content\/uploads\/2025\/04\/Deep-Ultraviolet-purifier-PCB.jpg","type":"image\/jpeg"}],"twitter_card":"summary_large_image","twitter_misc":{"Geschatte leestijd":"4 minuten"},"schema":{"@context":"https:\/\/schema.org","@graph":[{"@type":"WebPage","@id":"https:\/\/www.topfastpcb.com\/products\/deep-ultraviolet-duv-purifier-pcbs\/","url":"https:\/\/www.topfastpcb.com\/products\/deep-ultraviolet-duv-purifier-pcbs\/","name":"Deep Ultraviolet (DUV) purifier PCBs - Topfastpcb","isPartOf":{"@id":"https:\/\/www.topfastpcb.com\/#website"},"primaryImageOfPage":{"@id":"https:\/\/www.topfastpcb.com\/products\/deep-ultraviolet-duv-purifier-pcbs\/#primaryimage"},"image":{"@id":"https:\/\/www.topfastpcb.com\/products\/deep-ultraviolet-duv-purifier-pcbs\/#primaryimage"},"thumbnailUrl":"https:\/\/www.topfastpcb.com\/wp-content\/uploads\/2025\/04\/Deep-Ultraviolet-purifier-PCB.jpg","datePublished":"2025-04-17T09:03:19+00:00","dateModified":"2025-05-06T07:26:52+00:00","description":"Discover how Deep Ultraviolet (DUV) Purifier PCBs enable advanced disinfection with UV-C technology. Learn about high-efficiency drivers, safety features, and applications in medical, water, and air purification. Explore next-gen germicidal solutions!","breadcrumb":{"@id":"https:\/\/www.topfastpcb.com\/products\/deep-ultraviolet-duv-purifier-pcbs\/#breadcrumb"},"inLanguage":"nl-NL","potentialAction":[{"@type":"ReadAction","target":["https:\/\/www.topfastpcb.com\/products\/deep-ultraviolet-duv-purifier-pcbs\/"]}]},{"@type":"ImageObject","inLanguage":"nl-NL","@id":"https:\/\/www.topfastpcb.com\/products\/deep-ultraviolet-duv-purifier-pcbs\/#primaryimage","url":"https:\/\/www.topfastpcb.com\/wp-content\/uploads\/2025\/04\/Deep-Ultraviolet-purifier-PCB.jpg","contentUrl":"https:\/\/www.topfastpcb.com\/wp-content\/uploads\/2025\/04\/Deep-Ultraviolet-purifier-PCB.jpg","width":800,"height":800},{"@type":"BreadcrumbList","@id":"https:\/\/www.topfastpcb.com\/products\/deep-ultraviolet-duv-purifier-pcbs\/#breadcrumb","itemListElement":[{"@type":"ListItem","position":1,"name":"\u9996\u9875","item":"https:\/\/www.topfastpcb.com\/"},{"@type":"ListItem","position":2,"name":"\u5546\u5e97","item":"https:\/\/www.topfastpcb.com\/shop\/"},{"@type":"ListItem","position":3,"name":"Deep Ultraviolet (DUV) purifier PCBs"}]},{"@type":"WebSite","@id":"https:\/\/www.topfastpcb.com\/#website","url":"https:\/\/www.topfastpcb.com\/","name":"Topfastpcb","description":"Topfast Prime Choice for Global Electronics Manufacturing","publisher":{"@id":"https:\/\/www.topfastpcb.com\/#organization"},"potentialAction":[{"@type":"SearchAction","target":{"@type":"EntryPoint","urlTemplate":"https:\/\/www.topfastpcb.com\/?s={search_term_string}"},"query-input":{"@type":"PropertyValueSpecification","valueRequired":true,"valueName":"search_term_string"}}],"inLanguage":"nl-NL"},{"@type":"Organization","@id":"https:\/\/www.topfastpcb.com\/#organization","name":"Topfastpcb","url":"https:\/\/www.topfastpcb.com\/","logo":{"@type":"ImageObject","inLanguage":"nl-NL","@id":"https:\/\/www.topfastpcb.com\/#\/schema\/logo\/image\/","url":"https:\/\/www.topfastpcb.com\/wp-content\/uploads\/2026\/02\/cropped-topfast-logo.png","contentUrl":"https:\/\/www.topfastpcb.com\/wp-content\/uploads\/2026\/02\/cropped-topfast-logo.png","width":144,"height":56,"caption":"Topfastpcb"},"image":{"@id":"https:\/\/www.topfastpcb.com\/#\/schema\/logo\/image\/"}}]}},"_links":{"self":[{"href":"https:\/\/www.topfastpcb.com\/nl\/wp-json\/wp\/v2\/product\/2057","targetHints":{"allow":["GET"]}}],"collection":[{"href":"https:\/\/www.topfastpcb.com\/nl\/wp-json\/wp\/v2\/product"}],"about":[{"href":"https:\/\/www.topfastpcb.com\/nl\/wp-json\/wp\/v2\/types\/product"}],"replies":[{"embeddable":true,"href":"https:\/\/www.topfastpcb.com\/nl\/wp-json\/wp\/v2\/comments?post=2057"}],"wp:featuredmedia":[{"embeddable":true,"href":"https:\/\/www.topfastpcb.com\/nl\/wp-json\/wp\/v2\/media\/2058"}],"wp:attachment":[{"href":"https:\/\/www.topfastpcb.com\/nl\/wp-json\/wp\/v2\/media?parent=2057"}],"wp:term":[{"taxonomy":"product_brand","embeddable":true,"href":"https:\/\/www.topfastpcb.com\/nl\/wp-json\/wp\/v2\/product_brand?post=2057"},{"taxonomy":"product_cat","embeddable":true,"href":"https:\/\/www.topfastpcb.com\/nl\/wp-json\/wp\/v2\/product_cat?post=2057"},{"taxonomy":"product_tag","embeddable":true,"href":"https:\/\/www.topfastpcb.com\/nl\/wp-json\/wp\/v2\/product_tag?post=2057"}],"curies":[{"name":"wp","href":"https:\/\/api.w.org\/{rel}","templated":true}]}}