{"id":2257,"date":"2025-04-26T18:00:10","date_gmt":"2025-04-26T09:30:10","guid":{"rendered":"http:\/\/topfastpcbb.ru\/?post_type=product&#038;p=2257"},"modified":"2025-05-06T16:28:04","modified_gmt":"2025-05-06T07:58:04","slug":"consumer-electronics-pcba","status":"publish","type":"product","link":"https:\/\/www.topfastpcb.com\/nl\/products\/consumer-electronics-pcba\/","title":{"rendered":"PCBA voor consumentenelektronica"},"content":{"rendered":"<div id=\"ez-toc-container\" class=\"ez-toc-v2_0_74 counter-hierarchy ez-toc-counter ez-toc-custom ez-toc-container-direction\">\n<div class=\"ez-toc-title-container\">\n<p class=\"ez-toc-title\" style=\"cursor:inherit\">Inhoudsopgave<\/p>\n<span class=\"ez-toc-title-toggle\"><\/span><\/div>\n<nav><ul class='ez-toc-list ez-toc-list-level-1' ><li class='ez-toc-page-1 ez-toc-heading-level-2'><a class=\"ez-toc-link ez-toc-heading-1\" href=\"https:\/\/www.topfastpcb.com\/nl\/products\/consumer-electronics-pcba\/#PCB_Assembly_capability\" >Assemblage van PCB's<\/a><\/li><li class='ez-toc-page-1 ez-toc-heading-level-2'><a class=\"ez-toc-link ez-toc-heading-2\" href=\"https:\/\/www.topfastpcb.com\/nl\/products\/consumer-electronics-pcba\/#Advantages_of_our_PCBA_processing\" >Voordelen van onze PCBA-verwerking<\/a><\/li><li class='ez-toc-page-1 ez-toc-heading-level-2'><a class=\"ez-toc-link ez-toc-heading-3\" href=\"https:\/\/www.topfastpcb.com\/nl\/products\/consumer-electronics-pcba\/#Why_choose_us\" >Waarom voor ons kiezen?<\/a><\/li><\/ul><\/nav><\/div>\n\n<p>PCBA is het solderen van elektronische componenten op de printplaat om de functie van de printplaat en de productprestaties te realiseren. Dit proces omvat verschillende schakels: componenteninkoop, PCB-productie, SMT (surface mount technology) chipverwerking, DIP (dual in-line package) plug-in verwerking, PCBA testen en assemblage van het eindproduct enz.<\/p>\n<table data-sort=\"sortDisabled\">\n<tbody>\n<tr>\n<td valign=\"top\" rowspan=\"1\" colspan=\"2\">\n<h2 style=\"text-align: center;\"><span class=\"ez-toc-section\" id=\"PCB_Assembly_capability\"><\/span><span><strong><a href=\"https:\/\/www.topfastpcb.com\/nl\/products\/category\/pcba\/\">PCB-assemblage<\/a> vermogen<\/strong><\/span><span class=\"ez-toc-section-end\"><\/span><\/h2>\n<\/td>\n<\/tr>\n<tr>\n<td width=\"505\" valign=\"middle\" align=\"left\">Item<\/td>\n<td width=\"505\" valign=\"top\">Vermogen<\/td>\n<\/tr>\n<tr>\n<td width=\"505\" valign=\"middle\" rowspan=\"7\" colspan=\"1\" align=\"left\">Voordelen<\/td>\n<td width=\"505\" valign=\"top\"><span>&#8212;-Professionele oppervlaktemontage en soldeertechnologie met doorlopende gaten<\/span><\/td>\n<\/tr>\n<tr>\n<td width=\"505\" valign=\"top\"><span>&#8212;-Verschillende maten zoals 1206, 0805, 0603 componenten SMT technologie<\/span><\/td>\n<\/tr>\n<tr>\n<td valign=\"top\" colspan=\"1\" rowspan=\"1\"><span>&#8212;-ICT (In Circuit Test), FCT (Functionele Circuit Test)\u00a0<\/span><\/td>\n<\/tr>\n<tr>\n<td valign=\"top\" colspan=\"1\" rowspan=\"1\"><span>&#8212;-PCB-assemblage met UL, CE, FCC, Rohs-goedkeuring<\/span><\/td>\n<\/tr>\n<tr>\n<td valign=\"top\" colspan=\"1\" rowspan=\"1\"><span>&#8212;-Nitrogen gas reflow soldeertechnologie voor SMT.<\/span><\/td>\n<\/tr>\n<tr>\n<td valign=\"top\" colspan=\"1\" rowspan=\"1\"><span>&#8212;-Hoge standaard SMT&amp;Soldeer assemblagelijn<\/span><\/td>\n<\/tr>\n<tr>\n<td valign=\"top\" colspan=\"1\" rowspan=\"1\"><span>&#8212;Hoge dichtheid interconnected bord plaatsing technologische capaciteit.<\/span><\/td>\n<\/tr>\n<tr>\n<td valign=\"middle\" colspan=\"1\" rowspan=\"7\" align=\"left\">Onderdelen<\/td>\n<td valign=\"top\" colspan=\"1\" rowspan=\"1\"><span>Passief Tot maat 0201<\/span><\/td>\n<\/tr>\n<tr>\n<td valign=\"top\" colspan=\"1\" rowspan=\"1\"><span>BGA en VFBGA<\/span><\/td>\n<\/tr>\n<tr>\n<td valign=\"top\" colspan=\"1\" rowspan=\"1\"><span>Loodvrije Chip Dragers\/CSP<\/span><\/td>\n<\/tr>\n<tr>\n<td valign=\"top\" colspan=\"1\" rowspan=\"1\"><span>Dubbelzijdige SMT-assemblage<\/span><\/td>\n<\/tr>\n<tr>\n<td valign=\"top\" colspan=\"1\" rowspan=\"1\"><span>Fijne steek tot 0,8 mm<\/span><\/td>\n<\/tr>\n<tr>\n<td valign=\"top\" colspan=\"1\" rowspan=\"1\"><span>BGA reparatie en reball<\/span><\/td>\n<\/tr>\n<tr>\n<td width=\"505\" valign=\"top\"><span>Onderdelen verwijderen en vervangen<\/span><\/td>\n<\/tr>\n<tr>\n<td width=\"505\" valign=\"middle\" rowspan=\"3\" colspan=\"1\" align=\"left\">Hoeveelheid<\/td>\n<td width=\"505\" valign=\"top\"><span>Prototype en assemblage van kleine aantallen printplaten,<\/span><\/td>\n<\/tr>\n<tr>\n<td width=\"505\" valign=\"top\"><span>van 1 bord tot 250, of tot 1000<\/span><\/td>\n<\/tr>\n<tr>\n<td width=\"505\" valign=\"top\"><span>en pcba op maat<\/span><\/td>\n<\/tr>\n<tr>\n<td width=\"505\" valign=\"middle\" align=\"left\">Type montage<\/td>\n<td width=\"505\" valign=\"top\">SMT, Door-gat<\/td>\n<\/tr>\n<tr>\n<td valign=\"middle\" colspan=\"1\" rowspan=\"1\" align=\"left\">Type soldeer<\/td>\n<td valign=\"top\" colspan=\"1\" rowspan=\"1\">In water oplosbare soldeerpasta, loodhoudend en loodvrij<\/td>\n<\/tr>\n<tr>\n<td valign=\"middle\" colspan=\"1\" rowspan=\"2\" align=\"left\">Grootte kale printplaat<\/td>\n<td valign=\"top\" colspan=\"1\" rowspan=\"1\"><span>Kleinste: 0.25*0.25 duim<\/span><\/td>\n<\/tr>\n<tr>\n<td valign=\"top\" colspan=\"1\" rowspan=\"1\"><span>Grootste: 20*20 duim<\/span><\/td>\n<\/tr>\n<tr>\n<td valign=\"middle\" colspan=\"1\" rowspan=\"1\" align=\"left\">Bestandsindeling<\/td>\n<td valign=\"top\" colspan=\"1\" rowspan=\"1\"><span>Gerber-bestanden, Pick-N-Place-bestand, stuklijst<\/span><\/td>\n<\/tr>\n<tr>\n<td valign=\"middle\" colspan=\"1\" rowspan=\"1\" align=\"left\">Type dienst<\/td>\n<td valign=\"top\" colspan=\"1\" rowspan=\"1\"><span>Kant-en-klaar, gedeeltelijk kant-en-klaar of in consignatie<\/span><\/td>\n<\/tr>\n<tr>\n<td valign=\"middle\" colspan=\"1\" rowspan=\"1\" align=\"left\">Componentverpakking<\/td>\n<td valign=\"top\" colspan=\"1\" rowspan=\"1\">Snijband, buis, rollen, losse onderdelen<\/td>\n<\/tr>\n<tr>\n<td valign=\"middle\" colspan=\"1\" rowspan=\"1\" align=\"left\">Draaitijd<\/td>\n<td valign=\"top\" colspan=\"1\" rowspan=\"1\">Dezelfde dag tot 15 dagen service.<\/td>\n<\/tr>\n<tr>\n<td valign=\"middle\" colspan=\"1\" rowspan=\"1\" align=\"left\">Testen<\/td>\n<td valign=\"top\" colspan=\"1\" rowspan=\"1\">Vliegende sondetest, r\u00f6ntgeninspectie AOI-test.<\/td>\n<\/tr>\n<tr>\n<td width=\"505\" valign=\"middle\" align=\"left\">PCB-assemblageproces<\/td>\n<td width=\"505\" valign=\"top\"><span>Boren&#8212;-Blootstellen<\/span><\/td>\n<\/tr>\n<\/tbody>\n<\/table>\n<p><img loading=\"lazy\" decoding=\"async\" src=\"https:\/\/www.topfastpcb.com\/wp-content\/uploads\/2025\/04\/pcba29.jpg\" alt=\"pcba\" width=\"750\" height=\"750\" class=\"aligncenter size-full wp-image-2381\" srcset=\"https:\/\/www.topfastpcb.com\/wp-content\/uploads\/2025\/04\/pcba29.jpg 750w, https:\/\/www.topfastpcb.com\/wp-content\/uploads\/2025\/04\/pcba29-300x300.jpg 300w, https:\/\/www.topfastpcb.com\/wp-content\/uploads\/2025\/04\/pcba29-150x150.jpg 150w, https:\/\/www.topfastpcb.com\/wp-content\/uploads\/2025\/04\/pcba29-600x600.jpg 600w, https:\/\/www.topfastpcb.com\/wp-content\/uploads\/2025\/04\/pcba29-100x100.jpg 100w\" sizes=\"auto, (max-width: 750px) 100vw, 750px\" \/><\/p>\n<h2><span class=\"ez-toc-section\" id=\"Advantages_of_our_PCBA_processing\"><\/span>Voordelen van onze PCBA-verwerking<span class=\"ez-toc-section-end\"><\/span><\/h2>\n<p><a href=\"https:\/\/www.topfastpcb.com\/nl\/products\/category\/flexible-pcb\/\">Flexibel<\/a> aanpassingen op basis van de behoeften van de klant, om te voldoen aan persoonlijke behoeften, en een snelle reactie op veranderingen in de markt.<br \/>\nGebruik geautomatiseerde apparatuur zoals een teller, golfsoldeermachine, enz. om de productie-effici\u00ebntie en -precisie te verbeteren en de arbeidskosten te verlagen.<br \/>\nReal-time bewaking van de productkwaliteit door middel van geavanceerde technologie\u00ebn zoals AOI (Automatic Optical Inspection) en r\u00f6ntgeninspectie om de opbrengst te garanderen.<\/p>\n<p>PCB-assemblage van hoge kwaliteit: 4-laags PCB-assemblage, bespoten met driedubbel-veilige verf, met goede weerstand tegen hoge en lage temperaturen.<br \/>\nZeer effici\u00ebnte printplaatassemblage: met behulp van een geavanceerde snelle SMT-machine.De assemblage kan op zijn vroegst in \u00e9\u00e9n dag worden voltooid.<br \/>\nLED PCB assemblage 2 lagen LED PCB assemblage, met behulp van hoge-kwaliteit IC-soldeer.Perfect schone SMT.<br \/>\nPCB-assemblage met hoge precisie:De PCB assemblage nauwkeurigheid is tot +\/-50um. De maximale nauwkeurigheid is \u00b130um.<\/p>\n<p>&nbsp;<\/p>\n<h2><span class=\"ez-toc-section\" id=\"Why_choose_us\"><\/span><strong><span>Waarom voor ons kiezen?<\/span><\/strong><span class=\"ez-toc-section-end\"><\/span><\/h2>\n<p><span>1.One-stop PCB PCBA Service<\/span><\/p>\n<p><span>We kunnen u helpen met een one-stop-service.We ondersteunen u bij het hele proces van functieonderzoek en -ontwikkeling, bespreking van het productontwerp, PCB-productie, inkoop van componenten tot PCB-assemblage.<\/span><\/p>\n<p><span>2.Geavanceerde apparatuur<\/span><\/p>\n<p><span>Er zijn meer dan 385 apparaten, voornamelijk ge\u00efmporteerd uit Duitsland, Japan en Taiwan.Zoals LDl automatische belichtingsmachine, automatische galvanisatielijn, laserboormachine, automatische testmachine, automatische V-snijmachine en andere geavanceerde apparatuur.<\/span><\/p>\n<p><span>3.Geavanceerde technologie<br \/>\n<\/span><\/p>\n<p><span>Ons R&amp;D-team telt meer dan 28 medewerkers, waaronder 2 promovendi en 8 masterstudenten.We kunnen 3 3-staps HDI PCBs maken met gaten van 0,4 mm pitch. De technologie is toonaangevend in de industrie.<\/span><\/p>\n<p><span>4.Superieure service<\/span><\/p>\n<p><span>7*24-uurs online service!We hebben een professioneel serviceteam dat het hele proces voor belangrijke klanten en belangrijke bestellingen volgt. We hebben ook een professionele accountmanager voor elke klant om aan de verschillende eisen van de klant te voldoen.<\/span><\/p>","protected":false},"excerpt":{"rendered":"<p>Flexibele aanpassingen op basis van de behoeften van de klant, om te voldoen aan gepersonaliseerde behoeften, en een snelle reactie op veranderingen in de markt.<\/p>","protected":false},"featured_media":2263,"comment_status":"open","ping_status":"closed","template":"","meta":[],"product_brand":[],"product_cat":[116],"product_tag":[208,206,207],"class_list":{"0":"post-2257","1":"product","2":"type-product","3":"status-publish","4":"has-post-thumbnail","6":"product_cat-pcba","7":"product_tag-consumer-electronics-pcba","8":"product_tag-electronics-pcba","9":"product_tag-pcba","11":"first","12":"instock","13":"shipping-taxable","14":"product-type-simple"},"yoast_head":"<!-- This site is optimized with the Yoast SEO plugin v25.1 - https:\/\/yoast.com\/wordpress\/plugins\/seo\/ -->\n<title>Consumer Electronics PCBA - Topfastpcb<\/title>\n<meta name=\"description\" content=\"Flexible adjustments according to customer needs, to meet personalized needs, and rapid response to market changes.\" \/>\n<meta name=\"robots\" content=\"index, follow, max-snippet:-1, max-image-preview:large, max-video-preview:-1\" \/>\n<link rel=\"canonical\" href=\"https:\/\/www.topfastpcb.com\/nl\/products\/consumer-electronics-pcba\/\" \/>\n<meta property=\"og:locale\" content=\"nl_NL\" \/>\n<meta property=\"og:type\" content=\"article\" \/>\n<meta property=\"og:title\" content=\"Consumer Electronics PCBA - Topfastpcb\" \/>\n<meta property=\"og:description\" content=\"Flexible adjustments according to customer needs, to meet personalized needs, and rapid response to market changes.\" \/>\n<meta property=\"og:url\" content=\"https:\/\/www.topfastpcb.com\/nl\/products\/consumer-electronics-pcba\/\" \/>\n<meta property=\"og:site_name\" content=\"Topfastpcb\" \/>\n<meta property=\"article:modified_time\" content=\"2025-05-06T07:58:04+00:00\" \/>\n<meta property=\"og:image\" content=\"https:\/\/www.topfastpcb.com\/wp-content\/uploads\/2025\/04\/pcba23.jpg\" \/>\n\t<meta property=\"og:image:width\" content=\"750\" \/>\n\t<meta property=\"og:image:height\" content=\"750\" \/>\n\t<meta property=\"og:image:type\" content=\"image\/jpeg\" \/>\n<meta name=\"twitter:card\" content=\"summary_large_image\" \/>\n<meta name=\"twitter:label1\" content=\"Geschatte leestijd\" \/>\n\t<meta name=\"twitter:data1\" content=\"3 minuten\" \/>\n<script type=\"application\/ld+json\" class=\"yoast-schema-graph\">{\"@context\":\"https:\/\/schema.org\",\"@graph\":[{\"@type\":\"WebPage\",\"@id\":\"https:\/\/www.topfastpcb.com\/products\/consumer-electronics-pcba\/\",\"url\":\"https:\/\/www.topfastpcb.com\/products\/consumer-electronics-pcba\/\",\"name\":\"Consumer Electronics PCBA - Topfastpcb\",\"isPartOf\":{\"@id\":\"https:\/\/www.topfastpcb.com\/#website\"},\"primaryImageOfPage\":{\"@id\":\"https:\/\/www.topfastpcb.com\/products\/consumer-electronics-pcba\/#primaryimage\"},\"image\":{\"@id\":\"https:\/\/www.topfastpcb.com\/products\/consumer-electronics-pcba\/#primaryimage\"},\"thumbnailUrl\":\"https:\/\/www.topfastpcb.com\/wp-content\/uploads\/2025\/04\/pcba23.jpg\",\"datePublished\":\"2025-04-26T09:30:10+00:00\",\"dateModified\":\"2025-05-06T07:58:04+00:00\",\"description\":\"Flexible adjustments according to customer needs, to meet personalized needs, and rapid response to market changes.\",\"breadcrumb\":{\"@id\":\"https:\/\/www.topfastpcb.com\/products\/consumer-electronics-pcba\/#breadcrumb\"},\"inLanguage\":\"nl-NL\",\"potentialAction\":[{\"@type\":\"ReadAction\",\"target\":[\"https:\/\/www.topfastpcb.com\/products\/consumer-electronics-pcba\/\"]}]},{\"@type\":\"ImageObject\",\"inLanguage\":\"nl-NL\",\"@id\":\"https:\/\/www.topfastpcb.com\/products\/consumer-electronics-pcba\/#primaryimage\",\"url\":\"https:\/\/www.topfastpcb.com\/wp-content\/uploads\/2025\/04\/pcba23.jpg\",\"contentUrl\":\"https:\/\/www.topfastpcb.com\/wp-content\/uploads\/2025\/04\/pcba23.jpg\",\"width\":750,\"height\":750},{\"@type\":\"BreadcrumbList\",\"@id\":\"https:\/\/www.topfastpcb.com\/products\/consumer-electronics-pcba\/#breadcrumb\",\"itemListElement\":[{\"@type\":\"ListItem\",\"position\":1,\"name\":\"\u9996\u9875\",\"item\":\"https:\/\/www.topfastpcb.com\/\"},{\"@type\":\"ListItem\",\"position\":2,\"name\":\"\u5546\u5e97\",\"item\":\"https:\/\/www.topfastpcb.com\/shop\/\"},{\"@type\":\"ListItem\",\"position\":3,\"name\":\"Consumer Electronics PCBA\"}]},{\"@type\":\"WebSite\",\"@id\":\"https:\/\/www.topfastpcb.com\/#website\",\"url\":\"https:\/\/www.topfastpcb.com\/\",\"name\":\"Topfastpcb\",\"description\":\"Topfast Prime Choice for Global Electronics Manufacturing\",\"publisher\":{\"@id\":\"https:\/\/www.topfastpcb.com\/#organization\"},\"potentialAction\":[{\"@type\":\"SearchAction\",\"target\":{\"@type\":\"EntryPoint\",\"urlTemplate\":\"https:\/\/www.topfastpcb.com\/?s={search_term_string}\"},\"query-input\":{\"@type\":\"PropertyValueSpecification\",\"valueRequired\":true,\"valueName\":\"search_term_string\"}}],\"inLanguage\":\"nl-NL\"},{\"@type\":\"Organization\",\"@id\":\"https:\/\/www.topfastpcb.com\/#organization\",\"name\":\"Topfastpcb\",\"url\":\"https:\/\/www.topfastpcb.com\/\",\"logo\":{\"@type\":\"ImageObject\",\"inLanguage\":\"nl-NL\",\"@id\":\"https:\/\/www.topfastpcb.com\/#\/schema\/logo\/image\/\",\"url\":\"https:\/\/www.topfastpcb.com\/wp-content\/uploads\/2026\/02\/cropped-topfast-logo.png\",\"contentUrl\":\"https:\/\/www.topfastpcb.com\/wp-content\/uploads\/2026\/02\/cropped-topfast-logo.png\",\"width\":144,\"height\":56,\"caption\":\"Topfastpcb\"},\"image\":{\"@id\":\"https:\/\/www.topfastpcb.com\/#\/schema\/logo\/image\/\"}}]}<\/script>\n<!-- \/ Yoast SEO plugin. -->","yoast_head_json":{"title":"Consumer Electronics PCBA - Topfastpcb","description":"Flexible adjustments according to customer needs, to meet personalized needs, and rapid response to market changes.","robots":{"index":"index","follow":"follow","max-snippet":"max-snippet:-1","max-image-preview":"max-image-preview:large","max-video-preview":"max-video-preview:-1"},"canonical":"https:\/\/www.topfastpcb.com\/nl\/products\/consumer-electronics-pcba\/","og_locale":"nl_NL","og_type":"article","og_title":"Consumer Electronics PCBA - Topfastpcb","og_description":"Flexible adjustments according to customer needs, to meet personalized needs, and rapid response to market changes.","og_url":"https:\/\/www.topfastpcb.com\/nl\/products\/consumer-electronics-pcba\/","og_site_name":"Topfastpcb","article_modified_time":"2025-05-06T07:58:04+00:00","og_image":[{"width":750,"height":750,"url":"https:\/\/www.topfastpcb.com\/wp-content\/uploads\/2025\/04\/pcba23.jpg","type":"image\/jpeg"}],"twitter_card":"summary_large_image","twitter_misc":{"Geschatte leestijd":"3 minuten"},"schema":{"@context":"https:\/\/schema.org","@graph":[{"@type":"WebPage","@id":"https:\/\/www.topfastpcb.com\/products\/consumer-electronics-pcba\/","url":"https:\/\/www.topfastpcb.com\/products\/consumer-electronics-pcba\/","name":"Consumer Electronics PCBA - Topfastpcb","isPartOf":{"@id":"https:\/\/www.topfastpcb.com\/#website"},"primaryImageOfPage":{"@id":"https:\/\/www.topfastpcb.com\/products\/consumer-electronics-pcba\/#primaryimage"},"image":{"@id":"https:\/\/www.topfastpcb.com\/products\/consumer-electronics-pcba\/#primaryimage"},"thumbnailUrl":"https:\/\/www.topfastpcb.com\/wp-content\/uploads\/2025\/04\/pcba23.jpg","datePublished":"2025-04-26T09:30:10+00:00","dateModified":"2025-05-06T07:58:04+00:00","description":"Flexible adjustments according to customer needs, to meet personalized needs, and rapid response to market changes.","breadcrumb":{"@id":"https:\/\/www.topfastpcb.com\/products\/consumer-electronics-pcba\/#breadcrumb"},"inLanguage":"nl-NL","potentialAction":[{"@type":"ReadAction","target":["https:\/\/www.topfastpcb.com\/products\/consumer-electronics-pcba\/"]}]},{"@type":"ImageObject","inLanguage":"nl-NL","@id":"https:\/\/www.topfastpcb.com\/products\/consumer-electronics-pcba\/#primaryimage","url":"https:\/\/www.topfastpcb.com\/wp-content\/uploads\/2025\/04\/pcba23.jpg","contentUrl":"https:\/\/www.topfastpcb.com\/wp-content\/uploads\/2025\/04\/pcba23.jpg","width":750,"height":750},{"@type":"BreadcrumbList","@id":"https:\/\/www.topfastpcb.com\/products\/consumer-electronics-pcba\/#breadcrumb","itemListElement":[{"@type":"ListItem","position":1,"name":"\u9996\u9875","item":"https:\/\/www.topfastpcb.com\/"},{"@type":"ListItem","position":2,"name":"\u5546\u5e97","item":"https:\/\/www.topfastpcb.com\/shop\/"},{"@type":"ListItem","position":3,"name":"Consumer Electronics PCBA"}]},{"@type":"WebSite","@id":"https:\/\/www.topfastpcb.com\/#website","url":"https:\/\/www.topfastpcb.com\/","name":"Topfastpcb","description":"Topfast Prime Choice for Global Electronics Manufacturing","publisher":{"@id":"https:\/\/www.topfastpcb.com\/#organization"},"potentialAction":[{"@type":"SearchAction","target":{"@type":"EntryPoint","urlTemplate":"https:\/\/www.topfastpcb.com\/?s={search_term_string}"},"query-input":{"@type":"PropertyValueSpecification","valueRequired":true,"valueName":"search_term_string"}}],"inLanguage":"nl-NL"},{"@type":"Organization","@id":"https:\/\/www.topfastpcb.com\/#organization","name":"Topfastpcb","url":"https:\/\/www.topfastpcb.com\/","logo":{"@type":"ImageObject","inLanguage":"nl-NL","@id":"https:\/\/www.topfastpcb.com\/#\/schema\/logo\/image\/","url":"https:\/\/www.topfastpcb.com\/wp-content\/uploads\/2026\/02\/cropped-topfast-logo.png","contentUrl":"https:\/\/www.topfastpcb.com\/wp-content\/uploads\/2026\/02\/cropped-topfast-logo.png","width":144,"height":56,"caption":"Topfastpcb"},"image":{"@id":"https:\/\/www.topfastpcb.com\/#\/schema\/logo\/image\/"}}]}},"_links":{"self":[{"href":"https:\/\/www.topfastpcb.com\/nl\/wp-json\/wp\/v2\/product\/2257","targetHints":{"allow":["GET"]}}],"collection":[{"href":"https:\/\/www.topfastpcb.com\/nl\/wp-json\/wp\/v2\/product"}],"about":[{"href":"https:\/\/www.topfastpcb.com\/nl\/wp-json\/wp\/v2\/types\/product"}],"replies":[{"embeddable":true,"href":"https:\/\/www.topfastpcb.com\/nl\/wp-json\/wp\/v2\/comments?post=2257"}],"wp:featuredmedia":[{"embeddable":true,"href":"https:\/\/www.topfastpcb.com\/nl\/wp-json\/wp\/v2\/media\/2263"}],"wp:attachment":[{"href":"https:\/\/www.topfastpcb.com\/nl\/wp-json\/wp\/v2\/media?parent=2257"}],"wp:term":[{"taxonomy":"product_brand","embeddable":true,"href":"https:\/\/www.topfastpcb.com\/nl\/wp-json\/wp\/v2\/product_brand?post=2257"},{"taxonomy":"product_cat","embeddable":true,"href":"https:\/\/www.topfastpcb.com\/nl\/wp-json\/wp\/v2\/product_cat?post=2257"},{"taxonomy":"product_tag","embeddable":true,"href":"https:\/\/www.topfastpcb.com\/nl\/wp-json\/wp\/v2\/product_tag?post=2257"}],"curies":[{"name":"wp","href":"https:\/\/api.w.org\/{rel}","templated":true}]}}