{"id":3324,"date":"2025-06-17T10:39:32","date_gmt":"2025-06-17T02:39:32","guid":{"rendered":"https:\/\/www.topfastpcb.com\/?post_type=product&#038;p=3324"},"modified":"2025-06-24T10:07:44","modified_gmt":"2025-06-24T02:07:44","slug":"single-sided-flexible-pcb","status":"publish","type":"product","link":"https:\/\/www.topfastpcb.com\/nl\/products\/single-sided-flexible-pcb\/","title":{"rendered":"Enkelzijdige flexibele printplaat"},"content":{"rendered":"<div id=\"ez-toc-container\" class=\"ez-toc-v2_0_74 counter-hierarchy ez-toc-counter ez-toc-custom ez-toc-container-direction\">\n<div class=\"ez-toc-title-container\">\n<p class=\"ez-toc-title\" style=\"cursor:inherit\">Inhoudsopgave<\/p>\n<span class=\"ez-toc-title-toggle\"><\/span><\/div>\n<nav><ul class='ez-toc-list ez-toc-list-level-1' ><li class='ez-toc-page-1 ez-toc-heading-level-2'><a class=\"ez-toc-link ez-toc-heading-1\" href=\"https:\/\/www.topfastpcb.com\/nl\/products\/single-sided-flexible-pcb\/#Definition_of_single-sided_flexible_PCB\" >Definitie van enkelzijdige flexibele PCB<\/a><\/li><li class='ez-toc-page-1 ez-toc-heading-level-2'><a class=\"ez-toc-link ez-toc-heading-2\" href=\"https:\/\/www.topfastpcb.com\/nl\/products\/single-sided-flexible-pcb\/#Product_Advantages\" >Productvoordelen<\/a><\/li><li class='ez-toc-page-1 ez-toc-heading-level-2'><a class=\"ez-toc-link ez-toc-heading-3\" href=\"https:\/\/www.topfastpcb.com\/nl\/products\/single-sided-flexible-pcb\/#Technical_Specifications\" >Technische specificaties<\/a><\/li><li class='ez-toc-page-1 ez-toc-heading-level-2'><a class=\"ez-toc-link ez-toc-heading-4\" href=\"https:\/\/www.topfastpcb.com\/nl\/products\/single-sided-flexible-pcb\/#Applications\" >Toepassingen<\/a><\/li><li class='ez-toc-page-1 ez-toc-heading-level-2'><a class=\"ez-toc-link ez-toc-heading-5\" href=\"https:\/\/www.topfastpcb.com\/nl\/products\/single-sided-flexible-pcb\/#Manufacturing_Capabilities\" >Productiemogelijkheden<\/a><\/li><li class='ez-toc-page-1 ez-toc-heading-level-2'><a class=\"ez-toc-link ez-toc-heading-6\" href=\"https:\/\/www.topfastpcb.com\/nl\/products\/single-sided-flexible-pcb\/#Additional_Services\" >Aanvullende diensten<\/a><\/li><li class='ez-toc-page-1 ez-toc-heading-level-2'><a class=\"ez-toc-link ez-toc-heading-7\" href=\"https:\/\/www.topfastpcb.com\/nl\/products\/single-sided-flexible-pcb\/#Why_choose_Topfast\" >Waarom kiezen voor Topfast?<\/a><\/li><\/ul><\/nav><\/div>\n\n<h2><span class=\"ez-toc-section\" id=\"Definition_of_single-sided_flexible_PCB\"><\/span>Definitie van enkelzijdige flexibele PCB<span class=\"ez-toc-section-end\"><\/span><\/h2>\n<p>Als leider in flexibele PCB-productie maakt Topfast gebruik van 17 jaar ervaring in de industrie om enkelzijdige PCB's van hoge kwaliteit te leveren. <a href=\"https:\/\/www.topfastpcb.com\/nl\/products\/category\/flexible-pcb\/\">flexibele printplaat<\/a> oplossingen. Onze enkelzijdige flexibele PCB's zijn gemaakt van eersteklas polyimidematerialen en bieden uitstekende buigprestaties en betrouwbaarheid voor toepassingen in consumentenelektronica, medische apparatuur, auto-elektronica en meer.<\/p>\n<h2><span class=\"ez-toc-section\" id=\"Product_Advantages\"><\/span>Productvoordelen<span class=\"ez-toc-section-end\"><\/span><\/h2>\n<p>De enkelzijdige flexibele printplaten van Topfast bieden de volgende belangrijke voordelen:<\/p>\n<p><strong>Ultradun &amp; Lichtgewicht<\/strong>: Dikte zo laag als 0,1 mm, weegt slechts 1\/3 van traditioneel <a href=\"https:\/\/www.topfastpcb.com\/nl\/products\/category\/rigid-pcb\/\">harde PCB's<\/a><br \/>\n<strong>Superieure flexibiliteit<\/strong>: Gebruikt hoogwaardige DuPont of Panasonic polyimidesubstraten, met een buigradius van slechts 3 mm.<br \/>\n<strong>Hoge betrouwbaarheid<\/strong>Getest op meer dan 200.000 buigcycli, voor langdurige stabiele prestaties<br \/>\n<strong>Weerstand tegen hoge temperaturen<\/strong>: Bestand tegen extreme temperaturen van -60\u00b0C tot 260\u00b0C<br \/>\n<strong>Ruimtebesparend<\/strong>: Past zich aan complexe 3D lay-outs aan, waardoor het apparaat kleiner wordt<\/p>\n<h2><span class=\"ez-toc-section\" id=\"Technical_Specifications\"><\/span>Technische specificaties<span class=\"ez-toc-section-end\"><\/span><\/h2>\n<table>\n<thead>\n<tr>\n<th>Parameter<\/th>\n<th>Specificatie<\/th>\n<\/tr>\n<\/thead>\n<tbody>\n<tr>\n<td>Substraatdikte<\/td>\n<td>12,5 \u03bcm-50 \u03bcm<\/td>\n<\/tr>\n<tr>\n<td>Dikte Koperfolie<\/td>\n<td>12\u03bcm-35\u03bcm<\/td>\n<\/tr>\n<tr>\n<td>Min. Lijndikte\/afstand<\/td>\n<td>50 \u03bcm\/50 \u03bcm<\/td>\n<\/tr>\n<tr>\n<td>Min. Gatgrootte<\/td>\n<td>0,1 mm<\/td>\n<\/tr>\n<tr>\n<td>Afwerking oppervlak<\/td>\n<td>ENIG, OSP, chemisch zilver<\/td>\n<\/tr>\n<tr>\n<td>Buigradius<\/td>\n<td>Dynamisch: 10\u00d7 paneeldikte; Statisch: 3\u00d7 paneeldikte<\/td>\n<\/tr>\n<\/tbody>\n<\/table>\n<h2><span class=\"ez-toc-section\" id=\"Applications\"><\/span>Toepassingen<span class=\"ez-toc-section-end\"><\/span><\/h2>\n<p>Topfast's enkelzijdige flexibele PCB's worden veel gebruikt in:<\/p>\n<p>1. <strong>Consumentenelektronica<\/strong>: Interne verbindingen in smartphones, tablets en wearables<br \/>\n2. <strong>Medische apparaten<\/strong>Draagbare monitoren, endoscopen en andere medische elektronische aansluitingen<br \/>\n3. <strong>Automobielelektronica<\/strong>Boordcamera's, sensoren en verbindingen met het verlichtingssysteem<br \/>\n4. <strong>Industri\u00eble besturing<\/strong>Flexibele interconnects voor robotica en automatiseringsapparatuur<br \/>\n5. <strong>Militair &amp; Lucht- en ruimtevaart<\/strong>: Verbindingen voor luchtvaartelektronica met beperkte ruimte<\/p>\n<h3><img loading=\"lazy\" decoding=\"async\" src=\"https:\/\/www.topfastpcb.com\/wp-content\/uploads\/2025\/06\/Flexible-PCB-12.jpg\" alt=\"Flexibele PCB\" width=\"800\" height=\"800\" class=\"aligncenter size-full wp-image-3330\" srcset=\"https:\/\/www.topfastpcb.com\/wp-content\/uploads\/2025\/06\/Flexible-PCB-12.jpg 800w, https:\/\/www.topfastpcb.com\/wp-content\/uploads\/2025\/06\/Flexible-PCB-12-300x300.jpg 300w, https:\/\/www.topfastpcb.com\/wp-content\/uploads\/2025\/06\/Flexible-PCB-12-150x150.jpg 150w, https:\/\/www.topfastpcb.com\/wp-content\/uploads\/2025\/06\/Flexible-PCB-12-768x768.jpg 768w, https:\/\/www.topfastpcb.com\/wp-content\/uploads\/2025\/06\/Flexible-PCB-12-12x12.jpg 12w, https:\/\/www.topfastpcb.com\/wp-content\/uploads\/2025\/06\/Flexible-PCB-12-600x600.jpg 600w, https:\/\/www.topfastpcb.com\/wp-content\/uploads\/2025\/06\/Flexible-PCB-12-100x100.jpg 100w\" sizes=\"auto, (max-width: 800px) 100vw, 800px\" \/><\/h3>\n<h2><span class=\"ez-toc-section\" id=\"Manufacturing_Capabilities\"><\/span>Productiemogelijkheden<span class=\"ez-toc-section-end\"><\/span><\/h2>\n<p>Topfast heeft een moderne productiefaciliteit van 20.000 m\u00b2 met meer dan 1.000 geschoolde technici, uitgerust met:<\/p>\n<p>Uiterst nauwkeurig laserboren (min. gatgrootte: 0,1 mm)<br \/>\n<a href=\"https:\/\/www.topfastpcb.com\/nl\/blog\/what-is-aoi-automated-optical-inspection\/\">Geautomatiseerde optische inspectie<\/a> (AOI) systemen<br \/>\nVliegende sondetesters voor 100% controle van elektrische prestaties<br \/>\nR\u00f6ntgeninspectie voor interne kwaliteitsborging<br \/>\nVacu\u00fcmlamineerapparatuur voor sterke tussenlaagverlijming<\/p>\n<p>We houden ons strikt aan de ISO 9001-normen voor kwaliteitsbeheer en implementeren volledige procesbewaking van de inkoop van grondstoffen tot de levering van het eindproduct om de hoogste kwaliteit te garanderen.<\/p>\n<h2><span class=\"ez-toc-section\" id=\"Additional_Services\"><\/span>Aanvullende diensten<span class=\"ez-toc-section-end\"><\/span><\/h2>\n<p>Naast enkelzijdige flexibele PCB's biedt Topfast ook:<\/p>\n<p><strong>Dubbelzijdige flexibele printplaten<\/strong>: Voor interconnectiebehoeften met een hogere dichtheid<br \/>\n<strong>Meerlagige flexibele PCB's<\/strong>: 4-10 lagen complexe flexibele circuitoplossingen<br \/>\n<strong>Rigid-Flex PCB's<\/strong>Hybride ontwerpen die stijve en flexibele voordelen combineren<br \/>\n<strong>Snelle prototyping<\/strong>: Fast-turn monsters in slechts 24 uur<br \/>\n<strong>DFM-analyse<\/strong>: Professionele design-for-manufacturability beoordeling<br \/>\n<strong>Technische ondersteuning<\/strong>: E\u00e9n-op-\u00e9\u00e9n technische ondersteuning door experts<\/p>\n<h2><span class=\"ez-toc-section\" id=\"Why_choose_Topfast\"><\/span>Waarom kiezen voor Topfast?<span class=\"ez-toc-section-end\"><\/span><\/h2>\n<p>Met 17 jaar ervaring in de productie van flexibele PCB's is Topfast toegewijd aan het leveren van hoogwaardige enkelzijdige flexibele circuitoplossingen.Onze geavanceerde apparatuur, strenge kwaliteitscontrole en uitgebreide branche-ervaring zorgen ervoor dat elke flexibele PCB voldoet aan de hoogste normen voor prestaties en betrouwbaarheid. Of het nu voor prototyping of massaproductie is, Topfast biedt de meest concurrerende flexibele PCB-producten en diensten. Neem contact met ons op voor meer productdetails en technische ondersteuning.<\/p>","protected":false},"excerpt":{"rendered":"<p>Dit artikel introduceert de professionele enkelzijdige flexibele PCB-producten van Topfast en belicht hun voordelen, technische specificaties, toepassingen en productiemogelijkheden.Het legt de nadruk op ultradun ontwerp, hoge betrouwbaarheid en temperatuurbestendigheid, terwijl het ook ingaat op dubbelzijdige en meerlaagse flexibele PCB-diensten.<\/p>","protected":false},"featured_media":3326,"comment_status":"closed","ping_status":"closed","template":"","meta":[],"product_brand":[],"product_cat":[96],"product_tag":[288,103],"class_list":{"0":"post-3324","1":"product","2":"type-product","3":"status-publish","4":"has-post-thumbnail","6":"product_cat-flexible-pcb","7":"product_tag-flex-pcb","8":"product_tag-flexible-pcb","10":"first","11":"instock","12":"shipping-taxable","13":"product-type-simple"},"yoast_head":"<!-- This site is optimized with the Yoast SEO plugin v25.1 - https:\/\/yoast.com\/wordpress\/plugins\/seo\/ -->\n<title>Single-Sided Flexible PCB - Topfastpcb<\/title>\n<meta name=\"description\" content=\"Topfast specializes in high-quality single-sided flexible PCBs, with 17 years of experience. Made from premium polyimide materials, they are ultra-thin, lightweight, and highly flexible, ideal for consumer electronics, medical devices, and automotive applications.\" \/>\n<meta name=\"robots\" content=\"index, follow, max-snippet:-1, max-image-preview:large, max-video-preview:-1\" \/>\n<link rel=\"canonical\" href=\"https:\/\/www.topfastpcb.com\/nl\/products\/single-sided-flexible-pcb\/\" \/>\n<meta property=\"og:locale\" content=\"nl_NL\" \/>\n<meta property=\"og:type\" content=\"article\" \/>\n<meta property=\"og:title\" content=\"Single-Sided Flexible PCB - Topfastpcb\" \/>\n<meta property=\"og:description\" content=\"Topfast specializes in high-quality single-sided flexible PCBs, with 17 years of experience. Made from premium polyimide materials, they are ultra-thin, lightweight, and highly flexible, ideal for consumer electronics, medical devices, and automotive applications.\" \/>\n<meta property=\"og:url\" content=\"https:\/\/www.topfastpcb.com\/nl\/products\/single-sided-flexible-pcb\/\" \/>\n<meta property=\"og:site_name\" content=\"Topfastpcb\" \/>\n<meta property=\"article:modified_time\" content=\"2025-06-24T02:07:44+00:00\" \/>\n<meta property=\"og:image\" content=\"https:\/\/www.topfastpcb.com\/wp-content\/uploads\/2025\/06\/Flexible-PCB-13.jpg\" \/>\n\t<meta property=\"og:image:width\" content=\"800\" \/>\n\t<meta property=\"og:image:height\" content=\"800\" \/>\n\t<meta property=\"og:image:type\" content=\"image\/jpeg\" \/>\n<meta name=\"twitter:card\" content=\"summary_large_image\" \/>\n<meta name=\"twitter:label1\" content=\"Geschatte leestijd\" \/>\n\t<meta name=\"twitter:data1\" content=\"3 minuten\" \/>\n<script type=\"application\/ld+json\" class=\"yoast-schema-graph\">{\"@context\":\"https:\/\/schema.org\",\"@graph\":[{\"@type\":\"WebPage\",\"@id\":\"https:\/\/www.topfastpcb.com\/products\/single-sided-flexible-pcb\/\",\"url\":\"https:\/\/www.topfastpcb.com\/products\/single-sided-flexible-pcb\/\",\"name\":\"Single-Sided Flexible PCB - Topfastpcb\",\"isPartOf\":{\"@id\":\"https:\/\/www.topfastpcb.com\/#website\"},\"primaryImageOfPage\":{\"@id\":\"https:\/\/www.topfastpcb.com\/products\/single-sided-flexible-pcb\/#primaryimage\"},\"image\":{\"@id\":\"https:\/\/www.topfastpcb.com\/products\/single-sided-flexible-pcb\/#primaryimage\"},\"thumbnailUrl\":\"https:\/\/www.topfastpcb.com\/wp-content\/uploads\/2025\/06\/Flexible-PCB-13.jpg\",\"datePublished\":\"2025-06-17T02:39:32+00:00\",\"dateModified\":\"2025-06-24T02:07:44+00:00\",\"description\":\"Topfast specializes in high-quality single-sided flexible PCBs, with 17 years of experience. Made from premium polyimide materials, they are ultra-thin, lightweight, and highly flexible, ideal for consumer electronics, medical devices, and automotive applications.\",\"breadcrumb\":{\"@id\":\"https:\/\/www.topfastpcb.com\/products\/single-sided-flexible-pcb\/#breadcrumb\"},\"inLanguage\":\"nl-NL\",\"potentialAction\":[{\"@type\":\"ReadAction\",\"target\":[\"https:\/\/www.topfastpcb.com\/products\/single-sided-flexible-pcb\/\"]}]},{\"@type\":\"ImageObject\",\"inLanguage\":\"nl-NL\",\"@id\":\"https:\/\/www.topfastpcb.com\/products\/single-sided-flexible-pcb\/#primaryimage\",\"url\":\"https:\/\/www.topfastpcb.com\/wp-content\/uploads\/2025\/06\/Flexible-PCB-13.jpg\",\"contentUrl\":\"https:\/\/www.topfastpcb.com\/wp-content\/uploads\/2025\/06\/Flexible-PCB-13.jpg\",\"width\":800,\"height\":800,\"caption\":\"Single-Sided Flexible PCB\"},{\"@type\":\"BreadcrumbList\",\"@id\":\"https:\/\/www.topfastpcb.com\/products\/single-sided-flexible-pcb\/#breadcrumb\",\"itemListElement\":[{\"@type\":\"ListItem\",\"position\":1,\"name\":\"\u9996\u9875\",\"item\":\"https:\/\/www.topfastpcb.com\/\"},{\"@type\":\"ListItem\",\"position\":2,\"name\":\"\u5546\u5e97\",\"item\":\"https:\/\/www.topfastpcb.com\/shop\/\"},{\"@type\":\"ListItem\",\"position\":3,\"name\":\"Single-Sided Flexible PCB\"}]},{\"@type\":\"WebSite\",\"@id\":\"https:\/\/www.topfastpcb.com\/#website\",\"url\":\"https:\/\/www.topfastpcb.com\/\",\"name\":\"Topfastpcb\",\"description\":\"Topfast Prime Choice for Global Electronics Manufacturing\",\"publisher\":{\"@id\":\"https:\/\/www.topfastpcb.com\/#organization\"},\"potentialAction\":[{\"@type\":\"SearchAction\",\"target\":{\"@type\":\"EntryPoint\",\"urlTemplate\":\"https:\/\/www.topfastpcb.com\/?s={search_term_string}\"},\"query-input\":{\"@type\":\"PropertyValueSpecification\",\"valueRequired\":true,\"valueName\":\"search_term_string\"}}],\"inLanguage\":\"nl-NL\"},{\"@type\":\"Organization\",\"@id\":\"https:\/\/www.topfastpcb.com\/#organization\",\"name\":\"Topfastpcb\",\"url\":\"https:\/\/www.topfastpcb.com\/\",\"logo\":{\"@type\":\"ImageObject\",\"inLanguage\":\"nl-NL\",\"@id\":\"https:\/\/www.topfastpcb.com\/#\/schema\/logo\/image\/\",\"url\":\"https:\/\/www.topfastpcb.com\/wp-content\/uploads\/2026\/02\/cropped-topfast-logo.png\",\"contentUrl\":\"https:\/\/www.topfastpcb.com\/wp-content\/uploads\/2026\/02\/cropped-topfast-logo.png\",\"width\":144,\"height\":56,\"caption\":\"Topfastpcb\"},\"image\":{\"@id\":\"https:\/\/www.topfastpcb.com\/#\/schema\/logo\/image\/\"}}]}<\/script>\n<!-- \/ Yoast SEO plugin. -->","yoast_head_json":{"title":"Single-Sided Flexible PCB - Topfastpcb","description":"Topfast specializes in high-quality single-sided flexible PCBs, with 17 years of experience. Made from premium polyimide materials, they are ultra-thin, lightweight, and highly flexible, ideal for consumer electronics, medical devices, and automotive applications.","robots":{"index":"index","follow":"follow","max-snippet":"max-snippet:-1","max-image-preview":"max-image-preview:large","max-video-preview":"max-video-preview:-1"},"canonical":"https:\/\/www.topfastpcb.com\/nl\/products\/single-sided-flexible-pcb\/","og_locale":"nl_NL","og_type":"article","og_title":"Single-Sided Flexible PCB - Topfastpcb","og_description":"Topfast specializes in high-quality single-sided flexible PCBs, with 17 years of experience. Made from premium polyimide materials, they are ultra-thin, lightweight, and highly flexible, ideal for consumer electronics, medical devices, and automotive applications.","og_url":"https:\/\/www.topfastpcb.com\/nl\/products\/single-sided-flexible-pcb\/","og_site_name":"Topfastpcb","article_modified_time":"2025-06-24T02:07:44+00:00","og_image":[{"width":800,"height":800,"url":"https:\/\/www.topfastpcb.com\/wp-content\/uploads\/2025\/06\/Flexible-PCB-13.jpg","type":"image\/jpeg"}],"twitter_card":"summary_large_image","twitter_misc":{"Geschatte leestijd":"3 minuten"},"schema":{"@context":"https:\/\/schema.org","@graph":[{"@type":"WebPage","@id":"https:\/\/www.topfastpcb.com\/products\/single-sided-flexible-pcb\/","url":"https:\/\/www.topfastpcb.com\/products\/single-sided-flexible-pcb\/","name":"Single-Sided Flexible PCB - Topfastpcb","isPartOf":{"@id":"https:\/\/www.topfastpcb.com\/#website"},"primaryImageOfPage":{"@id":"https:\/\/www.topfastpcb.com\/products\/single-sided-flexible-pcb\/#primaryimage"},"image":{"@id":"https:\/\/www.topfastpcb.com\/products\/single-sided-flexible-pcb\/#primaryimage"},"thumbnailUrl":"https:\/\/www.topfastpcb.com\/wp-content\/uploads\/2025\/06\/Flexible-PCB-13.jpg","datePublished":"2025-06-17T02:39:32+00:00","dateModified":"2025-06-24T02:07:44+00:00","description":"Topfast specializes in high-quality single-sided flexible PCBs, with 17 years of experience. Made from premium polyimide materials, they are ultra-thin, lightweight, and highly flexible, ideal for consumer electronics, medical devices, and automotive applications.","breadcrumb":{"@id":"https:\/\/www.topfastpcb.com\/products\/single-sided-flexible-pcb\/#breadcrumb"},"inLanguage":"nl-NL","potentialAction":[{"@type":"ReadAction","target":["https:\/\/www.topfastpcb.com\/products\/single-sided-flexible-pcb\/"]}]},{"@type":"ImageObject","inLanguage":"nl-NL","@id":"https:\/\/www.topfastpcb.com\/products\/single-sided-flexible-pcb\/#primaryimage","url":"https:\/\/www.topfastpcb.com\/wp-content\/uploads\/2025\/06\/Flexible-PCB-13.jpg","contentUrl":"https:\/\/www.topfastpcb.com\/wp-content\/uploads\/2025\/06\/Flexible-PCB-13.jpg","width":800,"height":800,"caption":"Single-Sided Flexible PCB"},{"@type":"BreadcrumbList","@id":"https:\/\/www.topfastpcb.com\/products\/single-sided-flexible-pcb\/#breadcrumb","itemListElement":[{"@type":"ListItem","position":1,"name":"\u9996\u9875","item":"https:\/\/www.topfastpcb.com\/"},{"@type":"ListItem","position":2,"name":"\u5546\u5e97","item":"https:\/\/www.topfastpcb.com\/shop\/"},{"@type":"ListItem","position":3,"name":"Single-Sided Flexible PCB"}]},{"@type":"WebSite","@id":"https:\/\/www.topfastpcb.com\/#website","url":"https:\/\/www.topfastpcb.com\/","name":"Topfastpcb","description":"Topfast Prime Choice for Global Electronics Manufacturing","publisher":{"@id":"https:\/\/www.topfastpcb.com\/#organization"},"potentialAction":[{"@type":"SearchAction","target":{"@type":"EntryPoint","urlTemplate":"https:\/\/www.topfastpcb.com\/?s={search_term_string}"},"query-input":{"@type":"PropertyValueSpecification","valueRequired":true,"valueName":"search_term_string"}}],"inLanguage":"nl-NL"},{"@type":"Organization","@id":"https:\/\/www.topfastpcb.com\/#organization","name":"Topfastpcb","url":"https:\/\/www.topfastpcb.com\/","logo":{"@type":"ImageObject","inLanguage":"nl-NL","@id":"https:\/\/www.topfastpcb.com\/#\/schema\/logo\/image\/","url":"https:\/\/www.topfastpcb.com\/wp-content\/uploads\/2026\/02\/cropped-topfast-logo.png","contentUrl":"https:\/\/www.topfastpcb.com\/wp-content\/uploads\/2026\/02\/cropped-topfast-logo.png","width":144,"height":56,"caption":"Topfastpcb"},"image":{"@id":"https:\/\/www.topfastpcb.com\/#\/schema\/logo\/image\/"}}]}},"_links":{"self":[{"href":"https:\/\/www.topfastpcb.com\/nl\/wp-json\/wp\/v2\/product\/3324","targetHints":{"allow":["GET"]}}],"collection":[{"href":"https:\/\/www.topfastpcb.com\/nl\/wp-json\/wp\/v2\/product"}],"about":[{"href":"https:\/\/www.topfastpcb.com\/nl\/wp-json\/wp\/v2\/types\/product"}],"replies":[{"embeddable":true,"href":"https:\/\/www.topfastpcb.com\/nl\/wp-json\/wp\/v2\/comments?post=3324"}],"wp:featuredmedia":[{"embeddable":true,"href":"https:\/\/www.topfastpcb.com\/nl\/wp-json\/wp\/v2\/media\/3326"}],"wp:attachment":[{"href":"https:\/\/www.topfastpcb.com\/nl\/wp-json\/wp\/v2\/media?parent=3324"}],"wp:term":[{"taxonomy":"product_brand","embeddable":true,"href":"https:\/\/www.topfastpcb.com\/nl\/wp-json\/wp\/v2\/product_brand?post=3324"},{"taxonomy":"product_cat","embeddable":true,"href":"https:\/\/www.topfastpcb.com\/nl\/wp-json\/wp\/v2\/product_cat?post=3324"},{"taxonomy":"product_tag","embeddable":true,"href":"https:\/\/www.topfastpcb.com\/nl\/wp-json\/wp\/v2\/product_tag?post=3324"}],"curies":[{"name":"wp","href":"https:\/\/api.w.org\/{rel}","templated":true}]}}