{"id":3432,"date":"2025-06-25T08:20:21","date_gmt":"2025-06-25T00:20:21","guid":{"rendered":"https:\/\/www.topfastpcb.com\/?post_type=product&#038;p=3432"},"modified":"2025-06-24T11:51:05","modified_gmt":"2025-06-24T03:51:05","slug":"diode","status":"publish","type":"product","link":"https:\/\/www.topfastpcb.com\/nl\/products\/diode\/","title":{"rendered":"Diode"},"content":{"rendered":"<div id=\"ez-toc-container\" class=\"ez-toc-v2_0_74 counter-hierarchy ez-toc-counter ez-toc-custom ez-toc-container-direction\">\n<div class=\"ez-toc-title-container\">\n<p class=\"ez-toc-title\" style=\"cursor:inherit\">Inhoudsopgave<\/p>\n<span class=\"ez-toc-title-toggle\"><\/span><\/div>\n<nav><ul class='ez-toc-list ez-toc-list-level-1' ><li class='ez-toc-page-1 ez-toc-heading-level-2'><a class=\"ez-toc-link ez-toc-heading-1\" href=\"https:\/\/www.topfastpcb.com\/nl\/products\/diode\/#The_Importance_of_Diode_Selection\" >Het belang van diodeselectie<\/a><\/li><li class='ez-toc-page-1 ez-toc-heading-level-2'><a class=\"ez-toc-link ez-toc-heading-2\" href=\"https:\/\/www.topfastpcb.com\/nl\/products\/diode\/#Our_Professional_Diode_Procurement_Advantages\" >Onze professionele diode inkoopvoordelen<\/a><\/li><li class='ez-toc-page-1 ez-toc-heading-level-2'><a class=\"ez-toc-link ez-toc-heading-3\" href=\"https:\/\/www.topfastpcb.com\/nl\/products\/diode\/#Diodes_and_PCB_manufacturing_complement_each_other\" >Diodes en PCB-productie vullen elkaar aan<\/a><\/li><li class='ez-toc-page-1 ez-toc-heading-level-2'><a class=\"ez-toc-link ez-toc-heading-4\" href=\"https:\/\/www.topfastpcb.com\/nl\/products\/diode\/#Industry-Specific_Diode_Solutions\" >Industrie-specifieke diode-oplossingen<\/a><\/li><li class='ez-toc-page-1 ez-toc-heading-level-2'><a class=\"ez-toc-link ez-toc-heading-5\" href=\"https:\/\/www.topfastpcb.com\/nl\/products\/diode\/#One-stop_solution_from_prototype_to_mass_production\" >One-stop oplossing van prototype tot massaproductie<\/a><\/li><li class='ez-toc-page-1 ez-toc-heading-level-2'><a class=\"ez-toc-link ez-toc-heading-6\" href=\"https:\/\/www.topfastpcb.com\/nl\/products\/diode\/#Why_choose_Topfast\" >Waarom kiezen voor Topfast?<\/a><ul class='ez-toc-list-level-3' ><li class='ez-toc-heading-level-3'><a class=\"ez-toc-link ez-toc-heading-7\" href=\"https:\/\/www.topfastpcb.com\/nl\/products\/diode\/#Get_Your_Custom_Diode_Solution_Now\" >Ontvang nu uw diode-oplossing op maat<\/a><\/li><\/ul><\/li><\/ul><\/nav><\/div>\n\n<p class=\"ds-markdown-paragraph\">Als meest fundamentele en kritische halfgeleidercomponent worden diodes gebruikt in vrijwel elk circuit, van eenvoudige vermogensgelijkrichting tot complexe hoogfrequente signaalverwerking. De prestaties van diodes hebben een directe invloed op de betrouwbaarheid en effici\u00ebntie van het gehele elektronische systeem. Met 17 jaar ervaring als PCB-productie-expert biedt Topfast hoogwaardige, one-stop PCB-oplossingen om ervoor te zorgen dat uw ontwerpen optimale prestaties leveren, van componenten tot afgewerkte printplaten.<\/p>\n<h2><span class=\"ez-toc-section\" id=\"The_Importance_of_Diode_Selection\"><\/span>Het belang van diodeselectie<span class=\"ez-toc-section-end\"><\/span><\/h2>\n<p class=\"ds-markdown-paragraph\">Diodes regelen de eenrichtingsstroom in elektronische circuits.Het kiezen van de verkeerde diode kan resulteren in<\/p>\n<ul>\n<li>\n<p class=\"ds-markdown-paragraph\"><strong>Lage energie-effici\u00ebntie<\/strong><span>\u00a0<\/span>(Overmatige voorwaartse spanningsval bij gebruik van standaardgelijkrichterdioden in plaats van Schottky-dioden)<\/p>\n<\/li>\n<li>\n<p class=\"ds-markdown-paragraph\"><strong>Instabiliteit van het systeem<\/strong><span>\u00a0<\/span>(elektrostatische schade door onvoldoende bescherming van de TVS-diode)<\/p>\n<\/li>\n<li>\n<p class=\"ds-markdown-paragraph\"><strong>Degradatie van signaalintegriteit<\/strong><span>\u00a0<\/span>(onjuiste selectie van puntcontactdiodes in hoogfrequent toepassingen)<\/p>\n<\/li>\n<li>\n<p class=\"ds-markdown-paragraph\"><strong>Verkorte levensduur van het product<\/strong><span>\u00a0<\/span>(onstabiele werking door onjuiste selectie van zenerdiode)<\/p>\n<\/li>\n<\/ul>\n<p class=\"ds-markdown-paragraph\">We komen regelmatig klanten tegen die hulp zoeken voor mislukte PCB-ontwerpen, waarbij de hoofdoorzaak vaak terug te voeren is op een onjuiste diodeselectie. Een fabrikant van industri\u00eble regelapparatuur gebruikte bijvoorbeeld aanvankelijk standaardgelijkrichterdioden, wat resulteerde in slechts 78% effici\u00ebntie van de voedingsmodule. Na onze professionele aanbeveling om over te schakelen op Schottky-diodes met lage VF, verbeterde de effici\u00ebntie tot 92%, met een temperatuurstijging van 15\u00b0C.<\/p>\n<h2><img loading=\"lazy\" decoding=\"async\" src=\"https:\/\/www.topfastpcb.com\/wp-content\/uploads\/2025\/06\/diode.jpg\" alt=\"diode\" width=\"600\" height=\"402\" class=\"aligncenter size-full wp-image-3435\" srcset=\"https:\/\/www.topfastpcb.com\/wp-content\/uploads\/2025\/06\/diode.jpg 600w, https:\/\/www.topfastpcb.com\/wp-content\/uploads\/2025\/06\/diode-300x201.jpg 300w, https:\/\/www.topfastpcb.com\/wp-content\/uploads\/2025\/06\/diode-18x12.jpg 18w\" sizes=\"auto, (max-width: 600px) 100vw, 600px\" \/><\/h2>\n<h2><span class=\"ez-toc-section\" id=\"Our_Professional_Diode_Procurement_Advantages\"><\/span>Onze professionele diode inkoopvoordelen<span class=\"ez-toc-section-end\"><\/span><\/h2>\n<p class=\"ds-markdown-paragraph\">Als een one-stop PCB solution provider hebben we een robuust diode supply chain netwerk opgebouwd en bieden we:<\/p>\n<ol start=\"1\">\n<li>\n<p class=\"ds-markdown-paragraph\"><strong>Ondersteuning voor diodes van alle categorie\u00ebn<\/strong>: Meer dan 2000 modellen, van basis PN-junction diodes tot gespecialiseerde PIN-diodes en varactor diodes.<\/p>\n<\/li>\n<li>\n<p class=\"ds-markdown-paragraph\"><strong>Geautoriseerde leverancierskanalen<\/strong>: Samenwerkingsverbanden met toonaangevende merken zoals ON Semiconductor, Vishay en Diodes Inc. garanderen de authenticiteit van componenten.<\/p>\n<\/li>\n<li>\n<p class=\"ds-markdown-paragraph\"><strong>Technische koppelingsdienst<\/strong>: Ons engineeringteam adviseert de meest geschikte diodetypes op basis van uw toepassing (vermogen\/signaal\/beveiliging).<\/p>\n<\/li>\n<li>\n<p class=\"ds-markdown-paragraph\"><strong>Oplossingen voor kostenoptimalisatie<\/strong>Voor de productie van grote volumes bieden we alternatieve modelsuggesties om de BOM-kosten te verlagen zonder afbreuk te doen aan de prestaties.<\/p>\n<\/li>\n<\/ol>\n<h2><span class=\"ez-toc-section\" id=\"Diodes_and_PCB_manufacturing_complement_each_other\"><\/span>Diodes en <a href=\"https:\/\/www.topfastpcb.com\/nl\/\">PCB-productie<\/a> vullen elkaar aan<span class=\"ez-toc-section-end\"><\/span><\/h2>\n<p class=\"ds-markdown-paragraph\">Nadat je de componenten hebt gekocht, moeten ze perfect worden gemonteerd op de printplaat. <a href=\"https:\/\/www.topfastpcb.com\/nl\/blog\/what-is-a-pcb-design\/\">PCB-ontwerp<\/a> is ook erg belangrijk, omdat het de stabiliteit en betrouwbaarheid van het eindproduct be\u00efnvloedt. De diensten met toegevoegde waarde die we leveren zijn onder andere:<\/p>\n<ul>\n<li>\n<p class=\"ds-markdown-paragraph\"><strong>Thermische ontwerpanalyse<\/strong>: Optimaliseren van de plaatsing van gelijkrichterdiodes met hoge stroomsterkte om plaatselijke oververhitting te voorkomen.<\/p>\n<\/li>\n<li>\n<p class=\"ds-markdown-paragraph\"><strong>Simulatie van signaalintegriteit<\/strong>Evaluatie van de invloed van snelle Schottky-diodes op de signaalkwaliteit.<\/p>\n<\/li>\n<li>\n<p class=\"ds-markdown-paragraph\"><strong>ESD-beschermingsoplossingen<\/strong>: Het ontwerpen van TVS-diodebeveiligingsnetwerken voor gevoelige circuits.<\/p>\n<\/li>\n<li>\n<p class=\"ds-markdown-paragraph\"><strong>Beoordeling van maakbaarheid<\/strong>Zorgen dat de verpakking van diodes compatibel is met PCB-processen.<\/p>\n<\/li>\n<\/ul>\n<p class=\"ds-markdown-paragraph\">In een recent project voor auto-elektronica hebben we de lay-out van de diode in een LED-drivercircuit opnieuw ontworpen, waardoor de productieopbrengst verbeterde van 83% naar 99,6%.Bovendien nam de nauwkeurigheid van de spanningsregeling met 30% toe door de selectie van zenerdiodes te optimaliseren.<\/p>\n<h2><span class=\"ez-toc-section\" id=\"Industry-Specific_Diode_Solutions\"><\/span>Industrie-specifieke diode-oplossingen<span class=\"ez-toc-section-end\"><\/span><\/h2>\n<p class=\"ds-markdown-paragraph\">Verschillende toepassingen stellen unieke eisen aan diodes:<\/p>\n<p class=\"ds-markdown-paragraph\"><strong>Automobielelektronica<\/strong>:<\/p>\n<ul>\n<li>\n<p class=\"ds-markdown-paragraph\">AEC-Q101-conforme automotive diodes<\/p>\n<\/li>\n<li>\n<p class=\"ds-markdown-paragraph\">Trillingsbestendige TVS-diode beschermingsoplossingen<\/p>\n<\/li>\n<li>\n<p class=\"ds-markdown-paragraph\">Schottky-gelijkrichterdioden met breed temperatuurbereik (-40 \u00b0C tot 150 \u00b0C)<\/p>\n<\/li>\n<\/ul>\n<p class=\"ds-markdown-paragraph\"><strong>Industri\u00eble besturing<\/strong>:<\/p>\n<ul>\n<li>\n<p class=\"ds-markdown-paragraph\">SCR-oplossingen (siliciumgestuurde gelijkrichter) met hoge stroomsterkte<\/p>\n<\/li>\n<li>\n<p class=\"ds-markdown-paragraph\">Optocoupler-dioden met hoge isolatiespanning<\/p>\n<\/li>\n<li>\n<p class=\"ds-markdown-paragraph\">EMI-bestendige snelhersteldiode-arrays<\/p>\n<\/li>\n<\/ul>\n<p class=\"ds-markdown-paragraph\"><strong>Medische apparaten<\/strong>:<\/p>\n<ul>\n<li>\n<p class=\"ds-markdown-paragraph\">Precisiesignaaldiodes met lage lekkage<\/p>\n<\/li>\n<li>\n<p class=\"ds-markdown-paragraph\">Medische veiligheidsconforme isolatiediodes<\/p>\n<\/li>\n<li>\n<p class=\"ds-markdown-paragraph\">Zenerdiodes met hoge betrouwbaarheid voor apparatuur voor levensinstandhouding<\/p>\n<\/li>\n<\/ul>\n<p class=\"ds-markdown-paragraph\"><strong>IoT-producten<\/strong>:<\/p>\n<ul>\n<li>\n<p class=\"ds-markdown-paragraph\">Optimalisatie van MOSFET-bodydiode met ultralaag vermogen<\/p>\n<\/li>\n<li>\n<p class=\"ds-markdown-paragraph\">Fotodiode-oplossingen voor het oogsten van energie<\/p>\n<\/li>\n<li>\n<p class=\"ds-markdown-paragraph\">Miniatuurpakket (SOD-323, etc.) diodecomponenten<\/p>\n<\/li>\n<\/ul>\n<h2><span class=\"ez-toc-section\" id=\"One-stop_solution_from_prototype_to_mass_production\"><\/span>One-stop oplossing van prototype tot massaproductie<span class=\"ez-toc-section-end\"><\/span><\/h2>\n<p class=\"ds-markdown-paragraph\">We begrijpen dat de ontwikkeling van elektronica een iteratief proces is en bieden flexibele ondersteuning:<\/p>\n<ol start=\"1\">\n<li>\n<p class=\"ds-markdown-paragraph\"><strong>Prototypefase<\/strong>:<\/p>\n<ul>\n<li>\n<p class=\"ds-markdown-paragraph\">Snelle levering van diodes met kleine series en meerdere vari\u00ebteiten<\/p>\n<\/li>\n<li>\n<p class=\"ds-markdown-paragraph\">Gratis testen van technische monsters<\/p>\n<\/li>\n<li>\n<p class=\"ds-markdown-paragraph\">PCB-ontwerpbeoordeling en advies over diodeselectie<\/p>\n<\/li>\n<\/ul>\n<\/li>\n<li>\n<p class=\"ds-markdown-paragraph\"><strong>Proefproductiefase<\/strong>:<\/p>\n<ul>\n<li>\n<p class=\"ds-markdown-paragraph\">Risicobeoordeling en back-upoplossingen voor de toeleveringsketen<\/p>\n<\/li>\n<li>\n<p class=\"ds-markdown-paragraph\">Testen van consistentie van diodeparameters<\/p>\n<\/li>\n<li>\n<p class=\"ds-markdown-paragraph\">Ondersteuning voor de ontwikkeling van productietestopstellingen<\/p>\n<\/li>\n<\/ul>\n<\/li>\n<li>\n<p class=\"ds-markdown-paragraph\"><strong>Massaproductiefase<\/strong>:<\/p>\n<ul>\n<li>\n<p class=\"ds-markdown-paragraph\">Langdurig stabiele diodevoeding<\/p>\n<\/li>\n<li>\n<p class=\"ds-markdown-paragraph\">Traceerbaarheid van batches en kwaliteitsdocumentatie<\/p>\n<\/li>\n<li>\n<p class=\"ds-markdown-paragraph\">Voortdurende kostenreductie en alternatieve oplossingen<\/p>\n<\/li>\n<\/ul>\n<\/li>\n<\/ol>\n<p class=\"ds-markdown-paragraph\">Een smart home-klant toonde aan dat onze full-cycle services de productdoorlooptijd van prototype tot massaproductie met 40% verkortten, diode-gerelateerde kwaliteitsproblemen elimineerden en de inkoopkosten met 22% verlaagden.<\/p>\n<h2><span class=\"ez-toc-section\" id=\"Why_choose_Topfast\"><\/span>Waarom kiezen voor <a href=\"https:\/\/www.topfastpcb.com\/nl\/about\/\">Topfast<\/a>?<span class=\"ez-toc-section-end\"><\/span><\/h2>\n<p class=\"ds-markdown-paragraph\">In de concurrerende elektronicaproductiesector leveren we<span>\u00a0<\/span><strong>technologiegedreven<\/strong><span>\u00a0<\/span>diensten:<\/p>\n<ul>\n<li>\n<p class=\"ds-markdown-paragraph\"><strong>17 jaar gespecialiseerde ervaring<\/strong>: 3800+ klanten bediend, 15000+ diode-gerelateerde projecten voltooid.<\/p>\n<\/li>\n<li>\n<p class=\"ds-markdown-paragraph\"><strong>UL\/ISO9001 certificering<\/strong>: Strenge kwaliteitscontrole garandeert de betrouwbaarheid van de diode.<\/p>\n<\/li>\n<li>\n<p class=\"ds-markdown-paragraph\"><strong>48-uurs snelle prototypes<\/strong>: Projectondersteuning in noodgevallen, inclusief inkoop van diodes en productie van PCB's.<\/p>\n<\/li>\n<li>\n<p class=\"ds-markdown-paragraph\"><strong>Wereldwijd logistiek netwerk<\/strong>: Just-in-time (JIT) levering om de voorraaddruk bij de klant te verminderen.<\/p>\n<\/li>\n<li>\n<p class=\"ds-markdown-paragraph\"><strong>Ingenieur Expert Team<\/strong>: FAE's met gemiddeld 10 jaar ervaring in de sector bieden \u00e9\u00e9n-op-\u00e9\u00e9n ondersteuning.<\/p>\n<\/li>\n<\/ul>\n<p class=\"ds-markdown-paragraph\">We begrijpen dat voor uitzonderlijke printplaatfabricage niet alleen geavanceerde apparatuur nodig is, maar ook diepgaande expertise op het gebied van componenten.Onze grondige kennis van diode-eigenschappen stelt ons in staat om echt waardevolle oplossingen te leveren, niet alleen printplaatfabricage.<\/p>\n<h3><span class=\"ez-toc-section\" id=\"Get_Your_Custom_Diode_Solution_Now\"><\/span><a href=\"https:\/\/www.topfastpcb.com\/nl\/contact\/\">Ontvang nu uw diode-oplossing op maat<\/a><span class=\"ez-toc-section-end\"><\/span><\/h3>\n<p class=\"ds-markdown-paragraph\">Ons team van experts staat klaar om je te helpen, ongeacht de fase van je productontwikkeling.Stuur uw vereisten in en ontvang:<\/p>\n<ul>\n<li>\n<p class=\"ds-markdown-paragraph\">Eerste voorstel en offerte binnen<span>\u00a0<\/span><strong>1 uur<\/strong><\/p>\n<\/li>\n<li>\n<p class=\"ds-markdown-paragraph\">Feedback over technische haalbaarheid binnen<span>\u00a0<\/span><strong>4 uur<\/strong><\/p>\n<\/li>\n<li>\n<p class=\"ds-markdown-paragraph\">Volledig projectuitvoeringsplan binnen<span>\u00a0<\/span><strong>24 uur<\/strong><\/p>\n<\/li>\n<\/ul>\n<p class=\"ds-markdown-paragraph\">Voor complexe projecten organiseren we technische vergaderingen op locatie om optimale diodetoepassingen te onderzoeken. Laat onze professionele diode-expertise en PCB-productie-ervaring uw elektronische ontwerpen beschermen.<\/p>","protected":false},"excerpt":{"rendered":"<p>Omdat diodes een cruciale rol spelen in elektronische schakelingen, bieden we uitgebreide diode-oplossingen, waaronder de aanschaf van verschillende soorten diodes en PCB-integratieservices. Van gelijkrichting en spanningsregeling tot opto-elektronische conversie, wij zorgen ervoor dat uw elektronische projecten optimale prestaties en betrouwbaarheid bereiken.<\/p>","protected":false},"featured_media":3436,"comment_status":"closed","ping_status":"closed","template":"","meta":[],"product_brand":[],"product_cat":[217],"product_tag":[303],"class_list":{"0":"post-3432","1":"product","2":"type-product","3":"status-publish","4":"has-post-thumbnail","6":"product_cat-electronic-components","7":"product_tag-diode","9":"first","10":"instock","11":"shipping-taxable","12":"product-type-simple"},"yoast_head":"<!-- This site is optimized with the Yoast SEO plugin v25.1 - https:\/\/yoast.com\/wordpress\/plugins\/seo\/ -->\n<title>Diode - Topfastpcb<\/title>\n<meta name=\"robots\" content=\"index, follow, max-snippet:-1, max-image-preview:large, max-video-preview:-1\" \/>\n<link rel=\"canonical\" href=\"https:\/\/www.topfastpcb.com\/nl\/products\/diode\/\" \/>\n<meta property=\"og:locale\" content=\"nl_NL\" \/>\n<meta property=\"og:type\" content=\"article\" \/>\n<meta property=\"og:title\" content=\"Diode - Topfastpcb\" \/>\n<meta property=\"og:description\" content=\"The critical role of diodes in electronic circuits, we provide comprehensive diode solutions, including procurement of various types of diodes and PCB integration services. From rectification, voltage regulation to optoelectronic conversion, we ensure your electronic projects achieve optimal performance and reliability.\" \/>\n<meta property=\"og:url\" content=\"https:\/\/www.topfastpcb.com\/nl\/products\/diode\/\" \/>\n<meta property=\"og:site_name\" content=\"Topfastpcb\" \/>\n<meta property=\"og:image\" content=\"https:\/\/www.topfastpcb.com\/wp-content\/uploads\/2025\/06\/diode-1.jpg\" \/>\n\t<meta property=\"og:image:width\" content=\"750\" \/>\n\t<meta property=\"og:image:height\" content=\"750\" \/>\n\t<meta property=\"og:image:type\" content=\"image\/jpeg\" \/>\n<meta name=\"twitter:card\" content=\"summary_large_image\" \/>\n<meta name=\"twitter:label1\" content=\"Geschatte leestijd\" \/>\n\t<meta name=\"twitter:data1\" content=\"4 minuten\" \/>\n<script type=\"application\/ld+json\" class=\"yoast-schema-graph\">{\"@context\":\"https:\/\/schema.org\",\"@graph\":[{\"@type\":\"WebPage\",\"@id\":\"https:\/\/www.topfastpcb.com\/products\/diode\/\",\"url\":\"https:\/\/www.topfastpcb.com\/products\/diode\/\",\"name\":\"Diode - Topfastpcb\",\"isPartOf\":{\"@id\":\"https:\/\/www.topfastpcb.com\/#website\"},\"primaryImageOfPage\":{\"@id\":\"https:\/\/www.topfastpcb.com\/products\/diode\/#primaryimage\"},\"image\":{\"@id\":\"https:\/\/www.topfastpcb.com\/products\/diode\/#primaryimage\"},\"thumbnailUrl\":\"https:\/\/www.topfastpcb.com\/wp-content\/uploads\/2025\/06\/diode-1.jpg\",\"datePublished\":\"2025-06-25T00:20:21+00:00\",\"breadcrumb\":{\"@id\":\"https:\/\/www.topfastpcb.com\/products\/diode\/#breadcrumb\"},\"inLanguage\":\"nl-NL\",\"potentialAction\":[{\"@type\":\"ReadAction\",\"target\":[\"https:\/\/www.topfastpcb.com\/products\/diode\/\"]}]},{\"@type\":\"ImageObject\",\"inLanguage\":\"nl-NL\",\"@id\":\"https:\/\/www.topfastpcb.com\/products\/diode\/#primaryimage\",\"url\":\"https:\/\/www.topfastpcb.com\/wp-content\/uploads\/2025\/06\/diode-1.jpg\",\"contentUrl\":\"https:\/\/www.topfastpcb.com\/wp-content\/uploads\/2025\/06\/diode-1.jpg\",\"width\":750,\"height\":750,\"caption\":\"diode\"},{\"@type\":\"BreadcrumbList\",\"@id\":\"https:\/\/www.topfastpcb.com\/products\/diode\/#breadcrumb\",\"itemListElement\":[{\"@type\":\"ListItem\",\"position\":1,\"name\":\"\u9996\u9875\",\"item\":\"https:\/\/www.topfastpcb.com\/\"},{\"@type\":\"ListItem\",\"position\":2,\"name\":\"\u5546\u5e97\",\"item\":\"https:\/\/www.topfastpcb.com\/shop\/\"},{\"@type\":\"ListItem\",\"position\":3,\"name\":\"Diode\"}]},{\"@type\":\"WebSite\",\"@id\":\"https:\/\/www.topfastpcb.com\/#website\",\"url\":\"https:\/\/www.topfastpcb.com\/\",\"name\":\"Topfastpcb\",\"description\":\"Topfast Prime Choice for Global Electronics Manufacturing\",\"publisher\":{\"@id\":\"https:\/\/www.topfastpcb.com\/#organization\"},\"potentialAction\":[{\"@type\":\"SearchAction\",\"target\":{\"@type\":\"EntryPoint\",\"urlTemplate\":\"https:\/\/www.topfastpcb.com\/?s={search_term_string}\"},\"query-input\":{\"@type\":\"PropertyValueSpecification\",\"valueRequired\":true,\"valueName\":\"search_term_string\"}}],\"inLanguage\":\"nl-NL\"},{\"@type\":\"Organization\",\"@id\":\"https:\/\/www.topfastpcb.com\/#organization\",\"name\":\"Topfastpcb\",\"url\":\"https:\/\/www.topfastpcb.com\/\",\"logo\":{\"@type\":\"ImageObject\",\"inLanguage\":\"nl-NL\",\"@id\":\"https:\/\/www.topfastpcb.com\/#\/schema\/logo\/image\/\",\"url\":\"https:\/\/www.topfastpcb.com\/wp-content\/uploads\/2026\/02\/cropped-topfast-logo.png\",\"contentUrl\":\"https:\/\/www.topfastpcb.com\/wp-content\/uploads\/2026\/02\/cropped-topfast-logo.png\",\"width\":144,\"height\":56,\"caption\":\"Topfastpcb\"},\"image\":{\"@id\":\"https:\/\/www.topfastpcb.com\/#\/schema\/logo\/image\/\"}}]}<\/script>\n<!-- \/ Yoast SEO plugin. -->","yoast_head_json":{"title":"Diode - Topfastpcb","robots":{"index":"index","follow":"follow","max-snippet":"max-snippet:-1","max-image-preview":"max-image-preview:large","max-video-preview":"max-video-preview:-1"},"canonical":"https:\/\/www.topfastpcb.com\/nl\/products\/diode\/","og_locale":"nl_NL","og_type":"article","og_title":"Diode - Topfastpcb","og_description":"The critical role of diodes in electronic circuits, we provide comprehensive diode solutions, including procurement of various types of diodes and PCB integration services. From rectification, voltage regulation to optoelectronic conversion, we ensure your electronic projects achieve optimal performance and reliability.","og_url":"https:\/\/www.topfastpcb.com\/nl\/products\/diode\/","og_site_name":"Topfastpcb","og_image":[{"width":750,"height":750,"url":"https:\/\/www.topfastpcb.com\/wp-content\/uploads\/2025\/06\/diode-1.jpg","type":"image\/jpeg"}],"twitter_card":"summary_large_image","twitter_misc":{"Geschatte leestijd":"4 minuten"},"schema":{"@context":"https:\/\/schema.org","@graph":[{"@type":"WebPage","@id":"https:\/\/www.topfastpcb.com\/products\/diode\/","url":"https:\/\/www.topfastpcb.com\/products\/diode\/","name":"Diode - Topfastpcb","isPartOf":{"@id":"https:\/\/www.topfastpcb.com\/#website"},"primaryImageOfPage":{"@id":"https:\/\/www.topfastpcb.com\/products\/diode\/#primaryimage"},"image":{"@id":"https:\/\/www.topfastpcb.com\/products\/diode\/#primaryimage"},"thumbnailUrl":"https:\/\/www.topfastpcb.com\/wp-content\/uploads\/2025\/06\/diode-1.jpg","datePublished":"2025-06-25T00:20:21+00:00","breadcrumb":{"@id":"https:\/\/www.topfastpcb.com\/products\/diode\/#breadcrumb"},"inLanguage":"nl-NL","potentialAction":[{"@type":"ReadAction","target":["https:\/\/www.topfastpcb.com\/products\/diode\/"]}]},{"@type":"ImageObject","inLanguage":"nl-NL","@id":"https:\/\/www.topfastpcb.com\/products\/diode\/#primaryimage","url":"https:\/\/www.topfastpcb.com\/wp-content\/uploads\/2025\/06\/diode-1.jpg","contentUrl":"https:\/\/www.topfastpcb.com\/wp-content\/uploads\/2025\/06\/diode-1.jpg","width":750,"height":750,"caption":"diode"},{"@type":"BreadcrumbList","@id":"https:\/\/www.topfastpcb.com\/products\/diode\/#breadcrumb","itemListElement":[{"@type":"ListItem","position":1,"name":"\u9996\u9875","item":"https:\/\/www.topfastpcb.com\/"},{"@type":"ListItem","position":2,"name":"\u5546\u5e97","item":"https:\/\/www.topfastpcb.com\/shop\/"},{"@type":"ListItem","position":3,"name":"Diode"}]},{"@type":"WebSite","@id":"https:\/\/www.topfastpcb.com\/#website","url":"https:\/\/www.topfastpcb.com\/","name":"Topfastpcb","description":"Topfast Prime Choice for Global Electronics Manufacturing","publisher":{"@id":"https:\/\/www.topfastpcb.com\/#organization"},"potentialAction":[{"@type":"SearchAction","target":{"@type":"EntryPoint","urlTemplate":"https:\/\/www.topfastpcb.com\/?s={search_term_string}"},"query-input":{"@type":"PropertyValueSpecification","valueRequired":true,"valueName":"search_term_string"}}],"inLanguage":"nl-NL"},{"@type":"Organization","@id":"https:\/\/www.topfastpcb.com\/#organization","name":"Topfastpcb","url":"https:\/\/www.topfastpcb.com\/","logo":{"@type":"ImageObject","inLanguage":"nl-NL","@id":"https:\/\/www.topfastpcb.com\/#\/schema\/logo\/image\/","url":"https:\/\/www.topfastpcb.com\/wp-content\/uploads\/2026\/02\/cropped-topfast-logo.png","contentUrl":"https:\/\/www.topfastpcb.com\/wp-content\/uploads\/2026\/02\/cropped-topfast-logo.png","width":144,"height":56,"caption":"Topfastpcb"},"image":{"@id":"https:\/\/www.topfastpcb.com\/#\/schema\/logo\/image\/"}}]}},"_links":{"self":[{"href":"https:\/\/www.topfastpcb.com\/nl\/wp-json\/wp\/v2\/product\/3432","targetHints":{"allow":["GET"]}}],"collection":[{"href":"https:\/\/www.topfastpcb.com\/nl\/wp-json\/wp\/v2\/product"}],"about":[{"href":"https:\/\/www.topfastpcb.com\/nl\/wp-json\/wp\/v2\/types\/product"}],"replies":[{"embeddable":true,"href":"https:\/\/www.topfastpcb.com\/nl\/wp-json\/wp\/v2\/comments?post=3432"}],"wp:featuredmedia":[{"embeddable":true,"href":"https:\/\/www.topfastpcb.com\/nl\/wp-json\/wp\/v2\/media\/3436"}],"wp:attachment":[{"href":"https:\/\/www.topfastpcb.com\/nl\/wp-json\/wp\/v2\/media?parent=3432"}],"wp:term":[{"taxonomy":"product_brand","embeddable":true,"href":"https:\/\/www.topfastpcb.com\/nl\/wp-json\/wp\/v2\/product_brand?post=3432"},{"taxonomy":"product_cat","embeddable":true,"href":"https:\/\/www.topfastpcb.com\/nl\/wp-json\/wp\/v2\/product_cat?post=3432"},{"taxonomy":"product_tag","embeddable":true,"href":"https:\/\/www.topfastpcb.com\/nl\/wp-json\/wp\/v2\/product_tag?post=3432"}],"curies":[{"name":"wp","href":"https:\/\/api.w.org\/{rel}","templated":true}]}}