{"id":3,"date":"2025-03-26T11:47:51","date_gmt":"2025-03-26T11:47:51","guid":{"rendered":"http:\/\/topfastpcbb.ru\/?page_id=3"},"modified":"2025-12-09T20:47:30","modified_gmt":"2025-12-09T12:47:30","slug":"privacy-policy","status":"publish","type":"page","link":"https:\/\/www.topfastpcb.com\/pt\/privacy-policy\/","title":{"rendered":"Pol\u00edtica de privacidade"},"content":{"rendered":"<p>Se o utilizador continuar a utilizar os nossos servi\u00e7os, isso significa que leu e compreendeu na \u00edntegra o conte\u00fado do presente acordo.<br>Este site respeita e protege a privacidade de todos os utilizadores deste servi\u00e7o.A fim de lhe fornecer um servi\u00e7o mais preciso e personalizado, o S\u00edtio utilizar\u00e1 e divulgar\u00e1 as suas informa\u00e7\u00f5es pessoais de acordo com esta Pol\u00edtica de Privacidade.Salvo disposi\u00e7\u00e3o em contr\u00e1rio nesta Pol\u00edtica de Privacidade, o Site n\u00e3o divulgar\u00e1 ou fornecer\u00e1 estas informa\u00e7\u00f5es a terceiros sem a sua autoriza\u00e7\u00e3o pr\u00e9via. O S\u00edtio pode atualizar esta Pol\u00edtica de Privacidade ocasionalmente. Considera-se que o utilizador concorda com esta Pol\u00edtica de privacidade na sua totalidade quando concorda com o nosso Acordo de utiliza\u00e7\u00e3o do servi\u00e7o. Esta Pol\u00edtica de Privacidade \u00e9 parte integrante do nosso Contrato de Utiliza\u00e7\u00e3o do Servi\u00e7o.<\/p><ol class=\"wp-block-list\"><li><strong>\u00c2mbito de aplica\u00e7\u00e3o<\/strong><br>a) Ao registar-se para obter uma conta neste s\u00edtio Web, o utilizador fornece as suas informa\u00e7\u00f5es pessoais de registo em conformidade com os requisitos deste s\u00edtio Web;<br>b) Quando utiliza os servi\u00e7os de rede do s\u00edtio Web ou visita as p\u00e1ginas Web do s\u00edtio Web, o s\u00edtio Web recebe e regista automaticamente informa\u00e7\u00f5es sobre o seu navegador e computador, incluindo, entre outros, o seu endere\u00e7o IP, tipo de navegador, idioma, data e hora de acesso, carater\u00edsticas de hardware e software das informa\u00e7\u00f5es e registos das p\u00e1ginas Web de que necessita; c) O s\u00edtio Web notific\u00e1-lo-\u00e1 de quaisquer altera\u00e7\u00f5es no seu endere\u00e7o IP, tipo de navegador, idioma, data e hora de acesso e das informa\u00e7\u00f5es de que necessita;<br>c) dados pessoais dos utilizadores obtidos por este s\u00edtio Web junto de parceiros comerciais atrav\u00e9s de meios legais.<br>d) Este s\u00edtio pro\u00edbe estritamente que os utilizadores publiquem informa\u00e7\u00f5es censur\u00e1veis, como nudez, pornografia, blasf\u00e9mia, etc. Analisaremos o conte\u00fado da publica\u00e7\u00e3o e, uma vez detectada a informa\u00e7\u00e3o censur\u00e1vel, todos os privil\u00e9gios do utilizador ser\u00e3o desactivados.<br>O utilizador compreende e aceita que as informa\u00e7\u00f5es seguintes n\u00e3o se aplicam a esta pol\u00edtica de privacidade:<br>a) as informa\u00e7\u00f5es sobre as palavras-chave que introduz quando utiliza os servi\u00e7os de pesquisa fornecidos pela nossa plataforma;<br>b) este s\u00edtio recolhe as informa\u00e7\u00f5es e os dados relevantes divulgados pelo utilizador, incluindo, mas n\u00e3o se limitando a, participa\u00e7\u00e3o em actividades, informa\u00e7\u00f5es sobre transac\u00e7\u00f5es e detalhes de avalia\u00e7\u00e3o;<br>c) a viola\u00e7\u00e3o das leis ou regras e do s\u00edtio foi tomada contra si.<\/li><\/ol><ol start=\"2\" class=\"wp-block-list\"><li><strong>Utiliza\u00e7\u00e3o das informa\u00e7\u00f5es<\/strong><br>a) Este s\u00edtio n\u00e3o fornecer\u00e1, vender\u00e1, alugar\u00e1, partilhar\u00e1 ou comercializar\u00e1 as suas informa\u00e7\u00f5es pessoais a terceiros n\u00e3o relacionados, a menos que tenha obtido a sua autoriza\u00e7\u00e3o pr\u00e9via, ou que o terceiro e este s\u00edtio (incluindo as filiais deste s\u00edtio) lhe prestem servi\u00e7os individual ou conjuntamente e, ap\u00f3s o termo do servi\u00e7o, sejam proibidos de aceder \u00e0s informa\u00e7\u00f5es, incluindo todas as informa\u00e7\u00f5es a que tiveram acesso.<br>b) Este s\u00edtio tamb\u00e9m n\u00e3o permite que terceiros recolham, editem, vendam ou divulguem as suas informa\u00e7\u00f5es pessoais por qualquer meio sem compensa\u00e7\u00e3o. Se qualquer utilizador da plataforma deste s\u00edtio se envolver nas actividades acima referidas, este s\u00edtio tem o direito de rescindir o acordo de servi\u00e7o com o utilizador imediatamente ap\u00f3s a descoberta.<br>c) Para servir os utilizadores, o S\u00edtio pode utilizar as suas informa\u00e7\u00f5es pessoais para lhe fornecer informa\u00e7\u00f5es do seu interesse, incluindo, entre outras, o envio de informa\u00e7\u00f5es sobre produtos e servi\u00e7os, ou a partilha de informa\u00e7\u00f5es com os nossos parceiros para que estes lhe possam enviar informa\u00e7\u00f5es sobre os seus produtos e servi\u00e7os (esta \u00faltima op\u00e7\u00e3o requer o seu consentimento pr\u00e9vio).<\/li>\n\n<li><strong>Divulga\u00e7\u00e3o de informa\u00e7\u00f5es<\/strong><br>Nas seguintes circunst\u00e2ncias, este s\u00edtio Web divulgar\u00e1 as suas informa\u00e7\u00f5es pessoais, no todo ou em parte, de acordo com os seus desejos pessoais ou com as disposi\u00e7\u00f5es da lei:<br>a) a terceiros com o seu consentimento pr\u00e9vio;<br>b) para lhe fornecer os produtos e servi\u00e7os de que necessita, este s\u00edtio Web tem de partilhar as suas informa\u00e7\u00f5es pessoais com terceiros;<br>c) em conformidade com as disposi\u00e7\u00f5es pertinentes da lei, ou a pedido dos \u00f3rg\u00e3os administrativos ou judiciais, a um terceiro ou a institui\u00e7\u00f5es administrativas ou judiciais;<br>d) Se o utilizador violar as leis e regulamentos relevantes ou o contrato de servi\u00e7o ou as regras relevantes deste s\u00edtio Web, \u00e9 necess\u00e1rio divulg\u00e1-lo a terceiros;<br>e) Se o utilizador for um queixoso de direitos de propriedade intelectual eleg\u00edvel e tiver apresentado uma queixa, este s\u00edtio Web deve divulg\u00e1-la ao inquirido, de acordo com o pedido deste \u00faltimo, para que as duas partes possam resolver o eventual lit\u00edgio sobre os direitos;<br>f) Numa determinada transa\u00e7\u00e3o criada na plataforma deste s\u00edtio Web, se alguma das partes na transa\u00e7\u00e3o cumprir ou cumprir parcialmente as obriga\u00e7\u00f5es da transa\u00e7\u00e3o e apresentar as informa\u00e7\u00f5es que permitem cumprir parcialmente as obriga\u00e7\u00f5es da transa\u00e7\u00e3o e apresentar um pedido de divulga\u00e7\u00e3o de informa\u00e7\u00f5es, este s\u00edtio tem o direito de decidir fornecer ao utilizador as informa\u00e7\u00f5es de contacto da outra parte na transa\u00e7\u00e3o e outras informa\u00e7\u00f5es necess\u00e1rias, a fim de facilitar a conclus\u00e3o da transa\u00e7\u00e3o ou a resolu\u00e7\u00e3o de lit\u00edgios.<br>g) Outras divulga\u00e7\u00f5es que este s\u00edtio Web considere adequadas de acordo com as leis, regulamentos ou pol\u00edticas do s\u00edtio Web.<\/li>\n\n<li><strong>Armazenamento e interc\u00e2mbio de informa\u00e7\u00f5es<\/strong><br>As informa\u00e7\u00f5es e materiais sobre o utilizador recolhidos por este s\u00edtio Web ser\u00e3o armazenados nos servidores deste s\u00edtio Web e (ou) das suas filiais, e estas informa\u00e7\u00f5es e materiais podem ser transmitidos para o pa\u00eds ou regi\u00e3o onde o utilizador se encontra ou para fora do local onde este s\u00edtio Web recolhe as informa\u00e7\u00f5es e materiais e ser acedidos, armazenados e apresentados fora do pa\u00eds.<\/li>\n\n<li><strong>Utiliza\u00e7\u00e3o de cookies<\/strong><br>a) Se o utilizador n\u00e3o tiver rejeitado os cookies, iremos instalar ou aceder ao nosso s\u00edtio Web no seu computador para que possa iniciar sess\u00e3o ou utilizar os servi\u00e7os ou funcionalidades da nossa plataforma que dependem de cookies. A utiliza\u00e7\u00e3o de cookies permite-nos fornecer-lhe servi\u00e7os mais atenciosos e personalizados, incluindo servi\u00e7os promocionais.<br>b) O utilizador tem o direito de optar por aceitar ou recusar os cookies. Pode recusar os cookies modificando as defini\u00e7\u00f5es do seu browser. No entanto, se optar por recusar os cookies, poder\u00e1 n\u00e3o conseguir iniciar sess\u00e3o ou utilizar os nossos servi\u00e7os Web ou funcionalidades que dependam de cookies.<br>c) Esta pol\u00edtica aplica-se \u00e0s informa\u00e7\u00f5es obtidas atrav\u00e9s dos cookies instalados por este s\u00edtio Web.<\/li>\n\n<li><strong>Seguran\u00e7a da informa\u00e7\u00e3o<\/strong><br>a) A conta deste s\u00edtio Web tem uma fun\u00e7\u00e3o de prote\u00e7\u00e3o de seguran\u00e7a. Por favor, guarde corretamente o seu nome de utilizador e a sua palavra-passe. Este s\u00edtio ser\u00e1 encriptado atrav\u00e9s da palavra-passe do utilizador e de outras medidas de seguran\u00e7a para garantir que as suas informa\u00e7\u00f5es n\u00e3o se perdem, n\u00e3o s\u00e3o utilizadas abusivamente nem alteradas. Apesar das medidas de seguran\u00e7a acima mencionadas, tenha em aten\u00e7\u00e3o que n\u00e3o existem \"medidas de seguran\u00e7a perfeitas\" na rede de informa\u00e7\u00f5es.<br>b) Ao utilizar os servi\u00e7os de rede do s\u00edtio para transac\u00e7\u00f5es em linha, ter\u00e1 inevitavelmente de divulgar as suas informa\u00e7\u00f5es pessoais \u00e0 contraparte ou \u00e0 contraparte potencial, tais como informa\u00e7\u00f5es de contacto ou endere\u00e7o postal.Proteja corretamente as suas informa\u00e7\u00f5es pessoais e forne\u00e7a-as a terceiros apenas quando necess\u00e1rio.Se descobrir que as suas informa\u00e7\u00f5es pessoais foram divulgadas, especialmente o seu nome de utilizador e a sua palavra-passe, contacte imediatamente o nosso servi\u00e7o de apoio ao cliente para que possamos tomar as medidas adequadas.<\/li><\/ol>","protected":false},"excerpt":{"rendered":"<p>Este s\u00edtio atribui grande import\u00e2ncia \u00e0 pol\u00edtica de privacidade do utilizador e cumpre rigorosamente as leis e regulamentos relevantes. Antes de continuar a utilizar os servi\u00e7os deste s\u00edtio, leia esta pol\u00edtica de privacidade. Se o utilizador continuar a utilizar os nossos servi\u00e7os, isso significa que leu e compreendeu na \u00edntegra o conte\u00fado deste acordo.<\/p>","protected":false},"author":1,"featured_media":0,"parent":0,"menu_order":0,"comment_status":"closed","ping_status":"closed","template":"page-templates\/privacy-policy.php","meta":{"footnotes":""},"class_list":["post-3","page","type-page","status-publish","hentry"],"yoast_head":"<!-- This site is optimized with the Yoast SEO plugin v25.1 - https:\/\/yoast.com\/wordpress\/plugins\/seo\/ -->\n<title>Privacy Policy-Topfast<\/title>\n<meta name=\"description\" content=\"This site attaches great importance to the user&#039;s privacy policy, and strictly abide by relevant laws and regulations. Before you continue to use the services of this site, please read this privacy policy.\" \/>\n<meta name=\"robots\" content=\"index, follow, max-snippet:-1, max-image-preview:large, max-video-preview:-1\" \/>\n<link rel=\"canonical\" href=\"https:\/\/www.topfastpcb.com\/pt\/privacy-policy\/\" \/>\n<meta property=\"og:locale\" content=\"pt_PT\" \/>\n<meta property=\"og:type\" content=\"article\" \/>\n<meta property=\"og:title\" content=\"Privacy Policy-Topfast\" \/>\n<meta property=\"og:description\" content=\"This site attaches great importance to the user&#039;s privacy policy, and strictly abide by relevant laws and regulations. Before you continue to use the services of this site, please read this privacy policy.\" \/>\n<meta property=\"og:url\" content=\"https:\/\/www.topfastpcb.com\/pt\/privacy-policy\/\" \/>\n<meta property=\"og:site_name\" content=\"Topfastpcb\" \/>\n<meta property=\"article:modified_time\" content=\"2025-12-09T12:47:30+00:00\" \/>\n<meta name=\"twitter:card\" content=\"summary_large_image\" \/>\n<meta name=\"twitter:label1\" content=\"Tempo estimado de leitura\" \/>\n\t<meta name=\"twitter:data1\" content=\"7 minutos\" \/>\n<script type=\"application\/ld+json\" class=\"yoast-schema-graph\">{\"@context\":\"https:\/\/schema.org\",\"@graph\":[{\"@type\":\"WebPage\",\"@id\":\"https:\/\/www.topfastpcb.com\/privacy-policy\/\",\"url\":\"https:\/\/www.topfastpcb.com\/privacy-policy\/\",\"name\":\"Privacy Policy-Topfast\",\"isPartOf\":{\"@id\":\"https:\/\/www.topfastpcb.com\/#website\"},\"datePublished\":\"2025-03-26T11:47:51+00:00\",\"dateModified\":\"2025-12-09T12:47:30+00:00\",\"description\":\"This site attaches great importance to the user's privacy policy, and strictly abide by relevant laws and regulations. Before you continue to use the services of this site, please read this privacy policy.\",\"breadcrumb\":{\"@id\":\"https:\/\/www.topfastpcb.com\/privacy-policy\/#breadcrumb\"},\"inLanguage\":\"pt-PT\",\"potentialAction\":[{\"@type\":\"ReadAction\",\"target\":[\"https:\/\/www.topfastpcb.com\/privacy-policy\/\"]}]},{\"@type\":\"BreadcrumbList\",\"@id\":\"https:\/\/www.topfastpcb.com\/privacy-policy\/#breadcrumb\",\"itemListElement\":[{\"@type\":\"ListItem\",\"position\":1,\"name\":\"\u9996\u9875\",\"item\":\"https:\/\/www.topfastpcb.com\/\"},{\"@type\":\"ListItem\",\"position\":2,\"name\":\"Privacy Policy\"}]},{\"@type\":\"WebSite\",\"@id\":\"https:\/\/www.topfastpcb.com\/#website\",\"url\":\"https:\/\/www.topfastpcb.com\/\",\"name\":\"Topfastpcb\",\"description\":\"Topfast Prime Choice for Global Electronics Manufacturing\",\"publisher\":{\"@id\":\"https:\/\/www.topfastpcb.com\/#organization\"},\"potentialAction\":[{\"@type\":\"SearchAction\",\"target\":{\"@type\":\"EntryPoint\",\"urlTemplate\":\"https:\/\/www.topfastpcb.com\/?s={search_term_string}\"},\"query-input\":{\"@type\":\"PropertyValueSpecification\",\"valueRequired\":true,\"valueName\":\"search_term_string\"}}],\"inLanguage\":\"pt-PT\"},{\"@type\":\"Organization\",\"@id\":\"https:\/\/www.topfastpcb.com\/#organization\",\"name\":\"Topfastpcb\",\"url\":\"https:\/\/www.topfastpcb.com\/\",\"logo\":{\"@type\":\"ImageObject\",\"inLanguage\":\"pt-PT\",\"@id\":\"https:\/\/www.topfastpcb.com\/#\/schema\/logo\/image\/\",\"url\":\"https:\/\/www.topfastpcb.com\/wp-content\/uploads\/2026\/02\/cropped-topfast-logo.png\",\"contentUrl\":\"https:\/\/www.topfastpcb.com\/wp-content\/uploads\/2026\/02\/cropped-topfast-logo.png\",\"width\":144,\"height\":56,\"caption\":\"Topfastpcb\"},\"image\":{\"@id\":\"https:\/\/www.topfastpcb.com\/#\/schema\/logo\/image\/\"}}]}<\/script>\n<!-- \/ Yoast SEO plugin. -->","yoast_head_json":{"title":"Privacy Policy-Topfast","description":"This site attaches great importance to the user's privacy policy, and strictly abide by relevant laws and regulations. Before you continue to use the services of this site, please read this privacy policy.","robots":{"index":"index","follow":"follow","max-snippet":"max-snippet:-1","max-image-preview":"max-image-preview:large","max-video-preview":"max-video-preview:-1"},"canonical":"https:\/\/www.topfastpcb.com\/pt\/privacy-policy\/","og_locale":"pt_PT","og_type":"article","og_title":"Privacy Policy-Topfast","og_description":"This site attaches great importance to the user's privacy policy, and strictly abide by relevant laws and regulations. Before you continue to use the services of this site, please read this privacy policy.","og_url":"https:\/\/www.topfastpcb.com\/pt\/privacy-policy\/","og_site_name":"Topfastpcb","article_modified_time":"2025-12-09T12:47:30+00:00","twitter_card":"summary_large_image","twitter_misc":{"Tempo estimado de leitura":"7 minutos"},"schema":{"@context":"https:\/\/schema.org","@graph":[{"@type":"WebPage","@id":"https:\/\/www.topfastpcb.com\/privacy-policy\/","url":"https:\/\/www.topfastpcb.com\/privacy-policy\/","name":"Privacy Policy-Topfast","isPartOf":{"@id":"https:\/\/www.topfastpcb.com\/#website"},"datePublished":"2025-03-26T11:47:51+00:00","dateModified":"2025-12-09T12:47:30+00:00","description":"This site attaches great importance to the user's privacy policy, and strictly abide by relevant laws and regulations. Before you continue to use the services of this site, please read this privacy policy.","breadcrumb":{"@id":"https:\/\/www.topfastpcb.com\/privacy-policy\/#breadcrumb"},"inLanguage":"pt-PT","potentialAction":[{"@type":"ReadAction","target":["https:\/\/www.topfastpcb.com\/privacy-policy\/"]}]},{"@type":"BreadcrumbList","@id":"https:\/\/www.topfastpcb.com\/privacy-policy\/#breadcrumb","itemListElement":[{"@type":"ListItem","position":1,"name":"\u9996\u9875","item":"https:\/\/www.topfastpcb.com\/"},{"@type":"ListItem","position":2,"name":"Privacy Policy"}]},{"@type":"WebSite","@id":"https:\/\/www.topfastpcb.com\/#website","url":"https:\/\/www.topfastpcb.com\/","name":"Topfastpcb","description":"Topfast Prime Choice for Global Electronics Manufacturing","publisher":{"@id":"https:\/\/www.topfastpcb.com\/#organization"},"potentialAction":[{"@type":"SearchAction","target":{"@type":"EntryPoint","urlTemplate":"https:\/\/www.topfastpcb.com\/?s={search_term_string}"},"query-input":{"@type":"PropertyValueSpecification","valueRequired":true,"valueName":"search_term_string"}}],"inLanguage":"pt-PT"},{"@type":"Organization","@id":"https:\/\/www.topfastpcb.com\/#organization","name":"Topfastpcb","url":"https:\/\/www.topfastpcb.com\/","logo":{"@type":"ImageObject","inLanguage":"pt-PT","@id":"https:\/\/www.topfastpcb.com\/#\/schema\/logo\/image\/","url":"https:\/\/www.topfastpcb.com\/wp-content\/uploads\/2026\/02\/cropped-topfast-logo.png","contentUrl":"https:\/\/www.topfastpcb.com\/wp-content\/uploads\/2026\/02\/cropped-topfast-logo.png","width":144,"height":56,"caption":"Topfastpcb"},"image":{"@id":"https:\/\/www.topfastpcb.com\/#\/schema\/logo\/image\/"}}]}},"_links":{"self":[{"href":"https:\/\/www.topfastpcb.com\/pt\/wp-json\/wp\/v2\/pages\/3","targetHints":{"allow":["GET"]}}],"collection":[{"href":"https:\/\/www.topfastpcb.com\/pt\/wp-json\/wp\/v2\/pages"}],"about":[{"href":"https:\/\/www.topfastpcb.com\/pt\/wp-json\/wp\/v2\/types\/page"}],"author":[{"embeddable":true,"href":"https:\/\/www.topfastpcb.com\/pt\/wp-json\/wp\/v2\/users\/1"}],"replies":[{"embeddable":true,"href":"https:\/\/www.topfastpcb.com\/pt\/wp-json\/wp\/v2\/comments?post=3"}],"version-history":[{"count":1,"href":"https:\/\/www.topfastpcb.com\/pt\/wp-json\/wp\/v2\/pages\/3\/revisions"}],"predecessor-version":[{"id":1897,"href":"https:\/\/www.topfastpcb.com\/pt\/wp-json\/wp\/v2\/pages\/3\/revisions\/1897"}],"wp:attachment":[{"href":"https:\/\/www.topfastpcb.com\/pt\/wp-json\/wp\/v2\/media?parent=3"}],"curies":[{"name":"wp","href":"https:\/\/api.w.org\/{rel}","templated":true}]}}