{"id":794,"date":"2025-04-14T08:41:43","date_gmt":"2025-04-14T08:41:43","guid":{"rendered":"http:\/\/topfastpcbb.ru\/?page_id=794"},"modified":"2025-12-09T21:16:41","modified_gmt":"2025-12-09T13:16:41","slug":"return-and-exchange-process","status":"publish","type":"page","link":"https:\/\/www.topfastpcb.com\/pt\/return-and-exchange-process\/","title":{"rendered":"Processo de devolu\u00e7\u00e3o e troca"},"content":{"rendered":"<p>A fim de melhorar o sistema p\u00f3s-venda, e esfor\u00e7ar-se para tornar os consumidores mais satisfeitos, a empresa implementou um sistema de devolu\u00e7\u00e3o e troca, os clientes que satisfazem as condi\u00e7\u00f5es de devolu\u00e7\u00e3o e troca e est\u00e3o autorizados a devolver e trocar mercadorias, por favor, implementar os seguintes termos (exceto para o sistema de devolu\u00e7\u00e3o e troca previsto para produtos especiais):<\/p><h4>1. Objectos de devolu\u00e7\u00e3o e de troca:<\/h4><p>Qualquer cliente que adquira os produtos da empresa, independentemente do modo de entrega e do modo de pagamento, pode ser devolvido e trocado em conformidade com as disposi\u00e7\u00f5es do regulamento.<\/p><h4>2. Condi\u00e7\u00f5es de devolu\u00e7\u00e3o e troca:<\/h4><p>1) Produtos com problemas de qualidade (a Empresa n\u00e3o \u00e9 respons\u00e1vel por problemas de qualidade causados por raz\u00f5es pr\u00f3prias).<\/p><p>2) As mercadorias devolvidas t\u00eam de cumprir as seguintes condi\u00e7\u00f5es b\u00e1sicas:<\/p><p><strong>As mercadorias n\u00e3o est\u00e3o contaminadas<\/strong><\/p><p>A embalagem dos bens est\u00e1 completa (incluindo a embalagem interna e externa), e os bens devem ser novos, n\u00e3o utilizados no seu estado original, consistentes com o estado em que recebeu os bens, e n\u00e3o afectam as vendas secund\u00e1rias;<\/p><p>Devolva tamb\u00e9m a caixa original da mercadoria e a embalagem de entrega, bem como todos os acess\u00f3rios, etiquetas, documentos de transporte, certifica\u00e7\u00e3o do produto, manuais, facturas (se existirem) e todos os brindes (se existirem).<\/p><h4>3\u3001Processamento de reembolso<\/h4><p>Depois de a Empresa receber os bens devolvidos dentro do per\u00edodo especificado, reembolsar\u00e1 o montante que pagou pelos bens, de acordo com a lei, depois de confirmar que os bens e acess\u00f3rios (se existirem) est\u00e3o intactos e que as etiquetas, facturas e presentes (se existirem) est\u00e3o completos.<\/p><h3>4\u3001Devolu\u00e7\u00f5es e trocas Nota:<\/h3><p>Se os bens devolvidos n\u00e3o cumprirem as condi\u00e7\u00f5es desta pol\u00edtica de devolu\u00e7\u00e3o, a nossa empresa n\u00e3o aceitar\u00e1 a sua devolu\u00e7\u00e3o ou troca e n\u00e3o poder\u00e1 efetuar o reembolso.<\/p><p>Se n\u00e3o devolver a fatura, os acess\u00f3rios ou os brindes (caso existam), a nossa empresa tem o direito de deduzir o imposto sobre a fatura, os acess\u00f3rios ou os brindes do montante que pagou ao pre\u00e7o de mercado.<\/p><p>Se o cliente n\u00e3o devolver a fatura, o acess\u00f3rio ou o artigo de cortesia da encomenda, mas a Empresa n\u00e3o tiver deduzido o imposto sobre a fatura, o pre\u00e7o de mercado do acess\u00f3rio ou do artigo de cortesia, ou n\u00e3o tiver solicitado ao cliente a devolu\u00e7\u00e3o do referido artigo ou material, tal n\u00e3o ser\u00e1 considerado como uma ren\u00fancia ao direito da Empresa de apresentar reclama\u00e7\u00f5es relevantes.<\/p><p>Os clientes podem telefonar para a linha direta de p\u00f3s-venda da empresa para obter informa\u00e7\u00f5es.<\/p>","protected":false},"excerpt":{"rendered":"<p>A fim de melhorar o sistema de p\u00f3s-venda e esfor\u00e7ar-se por tornar os consumidores mais satisfeitos, a empresa implementou um sistema de devolu\u00e7\u00e3o e troca, os clientes que satisfazem as condi\u00e7\u00f5es de devolu\u00e7\u00e3o e troca e est\u00e3o autorizados a devolver e trocar mercadorias, por favor, implementem os seguintes termos (exceto para o sistema de devolu\u00e7\u00e3o e troca previsto de outra forma para [&hellip;]<\/p>","protected":false},"author":1,"featured_media":0,"parent":0,"menu_order":0,"comment_status":"closed","ping_status":"closed","template":"page-templates\/return-and-exchange-process.php","meta":{"footnotes":""},"class_list":["post-794","page","type-page","status-publish","hentry"],"yoast_head":"<!-- This site is optimized with the Yoast SEO plugin v25.1 - https:\/\/yoast.com\/wordpress\/plugins\/seo\/ -->\n<title>Return and Exchange Process-Topfast<\/title>\n<meta name=\"description\" content=\"In order to improve the after-sales system and strive to make consumers more satisfied, the company has implemented a return and exchange system, which meets the conditions for return and exchange and is authorized to return and exchange the goods to the customer.\" \/>\n<meta name=\"robots\" content=\"index, follow, max-snippet:-1, max-image-preview:large, max-video-preview:-1\" \/>\n<link rel=\"canonical\" href=\"https:\/\/www.topfastpcb.com\/pt\/return-and-exchange-process\/\" \/>\n<meta property=\"og:locale\" content=\"pt_PT\" \/>\n<meta property=\"og:type\" content=\"article\" \/>\n<meta property=\"og:title\" content=\"Return and Exchange Process-Topfast\" \/>\n<meta property=\"og:description\" content=\"In order to improve the after-sales system and strive to make consumers more satisfied, the company has implemented a return and exchange system, which meets the conditions for return and exchange and is authorized to return and exchange the goods to the customer.\" \/>\n<meta property=\"og:url\" content=\"https:\/\/www.topfastpcb.com\/pt\/return-and-exchange-process\/\" \/>\n<meta property=\"og:site_name\" content=\"Topfastpcb\" \/>\n<meta property=\"article:modified_time\" content=\"2025-12-09T13:16:41+00:00\" \/>\n<meta name=\"twitter:card\" content=\"summary_large_image\" \/>\n<meta name=\"twitter:label1\" content=\"Tempo estimado de leitura\" \/>\n\t<meta name=\"twitter:data1\" content=\"3 minutos\" \/>\n<script type=\"application\/ld+json\" class=\"yoast-schema-graph\">{\"@context\":\"https:\/\/schema.org\",\"@graph\":[{\"@type\":\"WebPage\",\"@id\":\"https:\/\/www.topfastpcb.com\/return-and-exchange-process\/\",\"url\":\"https:\/\/www.topfastpcb.com\/return-and-exchange-process\/\",\"name\":\"Return and Exchange Process-Topfast\",\"isPartOf\":{\"@id\":\"https:\/\/www.topfastpcb.com\/#website\"},\"datePublished\":\"2025-04-14T08:41:43+00:00\",\"dateModified\":\"2025-12-09T13:16:41+00:00\",\"description\":\"In order to improve the after-sales system and strive to make consumers more satisfied, the company has implemented a return and exchange system, which meets the conditions for return and exchange and is authorized to return and exchange the goods to the customer.\",\"breadcrumb\":{\"@id\":\"https:\/\/www.topfastpcb.com\/return-and-exchange-process\/#breadcrumb\"},\"inLanguage\":\"pt-PT\",\"potentialAction\":[{\"@type\":\"ReadAction\",\"target\":[\"https:\/\/www.topfastpcb.com\/return-and-exchange-process\/\"]}]},{\"@type\":\"BreadcrumbList\",\"@id\":\"https:\/\/www.topfastpcb.com\/return-and-exchange-process\/#breadcrumb\",\"itemListElement\":[{\"@type\":\"ListItem\",\"position\":1,\"name\":\"\u9996\u9875\",\"item\":\"https:\/\/www.topfastpcb.com\/\"},{\"@type\":\"ListItem\",\"position\":2,\"name\":\"Return and Exchange Process\"}]},{\"@type\":\"WebSite\",\"@id\":\"https:\/\/www.topfastpcb.com\/#website\",\"url\":\"https:\/\/www.topfastpcb.com\/\",\"name\":\"Topfastpcb\",\"description\":\"Topfast Prime Choice for Global Electronics Manufacturing\",\"publisher\":{\"@id\":\"https:\/\/www.topfastpcb.com\/#organization\"},\"potentialAction\":[{\"@type\":\"SearchAction\",\"target\":{\"@type\":\"EntryPoint\",\"urlTemplate\":\"https:\/\/www.topfastpcb.com\/?s={search_term_string}\"},\"query-input\":{\"@type\":\"PropertyValueSpecification\",\"valueRequired\":true,\"valueName\":\"search_term_string\"}}],\"inLanguage\":\"pt-PT\"},{\"@type\":\"Organization\",\"@id\":\"https:\/\/www.topfastpcb.com\/#organization\",\"name\":\"Topfastpcb\",\"url\":\"https:\/\/www.topfastpcb.com\/\",\"logo\":{\"@type\":\"ImageObject\",\"inLanguage\":\"pt-PT\",\"@id\":\"https:\/\/www.topfastpcb.com\/#\/schema\/logo\/image\/\",\"url\":\"https:\/\/www.topfastpcb.com\/wp-content\/uploads\/2026\/02\/cropped-topfast-logo.png\",\"contentUrl\":\"https:\/\/www.topfastpcb.com\/wp-content\/uploads\/2026\/02\/cropped-topfast-logo.png\",\"width\":144,\"height\":56,\"caption\":\"Topfastpcb\"},\"image\":{\"@id\":\"https:\/\/www.topfastpcb.com\/#\/schema\/logo\/image\/\"}}]}<\/script>\n<!-- \/ Yoast SEO plugin. -->","yoast_head_json":{"title":"Return and Exchange Process-Topfast","description":"In order to improve the after-sales system and strive to make consumers more satisfied, the company has implemented a return and exchange system, which meets the conditions for return and exchange and is authorized to return and exchange the goods to the customer.","robots":{"index":"index","follow":"follow","max-snippet":"max-snippet:-1","max-image-preview":"max-image-preview:large","max-video-preview":"max-video-preview:-1"},"canonical":"https:\/\/www.topfastpcb.com\/pt\/return-and-exchange-process\/","og_locale":"pt_PT","og_type":"article","og_title":"Return and Exchange Process-Topfast","og_description":"In order to improve the after-sales system and strive to make consumers more satisfied, the company has implemented a return and exchange system, which meets the conditions for return and exchange and is authorized to return and exchange the goods to the customer.","og_url":"https:\/\/www.topfastpcb.com\/pt\/return-and-exchange-process\/","og_site_name":"Topfastpcb","article_modified_time":"2025-12-09T13:16:41+00:00","twitter_card":"summary_large_image","twitter_misc":{"Tempo estimado de leitura":"3 minutos"},"schema":{"@context":"https:\/\/schema.org","@graph":[{"@type":"WebPage","@id":"https:\/\/www.topfastpcb.com\/return-and-exchange-process\/","url":"https:\/\/www.topfastpcb.com\/return-and-exchange-process\/","name":"Return and Exchange Process-Topfast","isPartOf":{"@id":"https:\/\/www.topfastpcb.com\/#website"},"datePublished":"2025-04-14T08:41:43+00:00","dateModified":"2025-12-09T13:16:41+00:00","description":"In order to improve the after-sales system and strive to make consumers more satisfied, the company has implemented a return and exchange system, which meets the conditions for return and exchange and is authorized to return and exchange the goods to the customer.","breadcrumb":{"@id":"https:\/\/www.topfastpcb.com\/return-and-exchange-process\/#breadcrumb"},"inLanguage":"pt-PT","potentialAction":[{"@type":"ReadAction","target":["https:\/\/www.topfastpcb.com\/return-and-exchange-process\/"]}]},{"@type":"BreadcrumbList","@id":"https:\/\/www.topfastpcb.com\/return-and-exchange-process\/#breadcrumb","itemListElement":[{"@type":"ListItem","position":1,"name":"\u9996\u9875","item":"https:\/\/www.topfastpcb.com\/"},{"@type":"ListItem","position":2,"name":"Return and Exchange Process"}]},{"@type":"WebSite","@id":"https:\/\/www.topfastpcb.com\/#website","url":"https:\/\/www.topfastpcb.com\/","name":"Topfastpcb","description":"Topfast Prime Choice for Global Electronics Manufacturing","publisher":{"@id":"https:\/\/www.topfastpcb.com\/#organization"},"potentialAction":[{"@type":"SearchAction","target":{"@type":"EntryPoint","urlTemplate":"https:\/\/www.topfastpcb.com\/?s={search_term_string}"},"query-input":{"@type":"PropertyValueSpecification","valueRequired":true,"valueName":"search_term_string"}}],"inLanguage":"pt-PT"},{"@type":"Organization","@id":"https:\/\/www.topfastpcb.com\/#organization","name":"Topfastpcb","url":"https:\/\/www.topfastpcb.com\/","logo":{"@type":"ImageObject","inLanguage":"pt-PT","@id":"https:\/\/www.topfastpcb.com\/#\/schema\/logo\/image\/","url":"https:\/\/www.topfastpcb.com\/wp-content\/uploads\/2026\/02\/cropped-topfast-logo.png","contentUrl":"https:\/\/www.topfastpcb.com\/wp-content\/uploads\/2026\/02\/cropped-topfast-logo.png","width":144,"height":56,"caption":"Topfastpcb"},"image":{"@id":"https:\/\/www.topfastpcb.com\/#\/schema\/logo\/image\/"}}]}},"_links":{"self":[{"href":"https:\/\/www.topfastpcb.com\/pt\/wp-json\/wp\/v2\/pages\/794","targetHints":{"allow":["GET"]}}],"collection":[{"href":"https:\/\/www.topfastpcb.com\/pt\/wp-json\/wp\/v2\/pages"}],"about":[{"href":"https:\/\/www.topfastpcb.com\/pt\/wp-json\/wp\/v2\/types\/page"}],"author":[{"embeddable":true,"href":"https:\/\/www.topfastpcb.com\/pt\/wp-json\/wp\/v2\/users\/1"}],"replies":[{"embeddable":true,"href":"https:\/\/www.topfastpcb.com\/pt\/wp-json\/wp\/v2\/comments?post=794"}],"version-history":[{"count":2,"href":"https:\/\/www.topfastpcb.com\/pt\/wp-json\/wp\/v2\/pages\/794\/revisions"}],"predecessor-version":[{"id":1891,"href":"https:\/\/www.topfastpcb.com\/pt\/wp-json\/wp\/v2\/pages\/794\/revisions\/1891"}],"wp:attachment":[{"href":"https:\/\/www.topfastpcb.com\/pt\/wp-json\/wp\/v2\/media?parent=794"}],"curies":[{"name":"wp","href":"https:\/\/api.w.org\/{rel}","templated":true}]}}