{"id":2230,"date":"2025-04-26T16:44:10","date_gmt":"2025-04-26T08:14:10","guid":{"rendered":"http:\/\/topfastpcbb.ru\/?post_type=product&#038;p=2230"},"modified":"2025-05-06T16:02:55","modified_gmt":"2025-05-06T07:32:55","slug":"4-layer-rigid-flex-pcb","status":"publish","type":"product","link":"https:\/\/www.topfastpcb.com\/pt\/products\/4-layer-rigid-flex-pcb\/","title":{"rendered":"PCB flex\u00edvel r\u00edgido de 4 camadas"},"content":{"rendered":"<p><span style=\"vertical-align: inherit;\"><span style=\"vertical-align: inherit;\"><div id=\"ez-toc-container\" class=\"ez-toc-v2_0_74 counter-hierarchy ez-toc-counter ez-toc-custom ez-toc-container-direction\">\n<div class=\"ez-toc-title-container\">\n<p class=\"ez-toc-title\" style=\"cursor:inherit\">\u00cdndice<\/p>\n<span class=\"ez-toc-title-toggle\"><\/span><\/div>\n<nav><ul class='ez-toc-list ez-toc-list-level-1' ><li class='ez-toc-page-1 ez-toc-heading-level-2'><a class=\"ez-toc-link ez-toc-heading-1\" href=\"https:\/\/www.topfastpcb.com\/pt\/products\/4-layer-rigid-flex-pcb\/#Core_advantages_of_four-layer_boards\" >Principais vantagens dos pain\u00e9is de quatro camadas<\/a><\/li><li class='ez-toc-page-1 ez-toc-heading-level-2'><a class=\"ez-toc-link ez-toc-heading-2\" href=\"https:\/\/www.topfastpcb.com\/pt\/products\/4-layer-rigid-flex-pcb\/#Key_Considerations_for_Rigid-Flex_PCB_Designs\" >Considera\u00e7\u00f5es fundamentais para projectos de PCB r\u00edgida-flex\u00edvel<\/a><ul class='ez-toc-list-level-3' ><li class='ez-toc-heading-level-3'><a class=\"ez-toc-link ez-toc-heading-3\" href=\"https:\/\/www.topfastpcb.com\/pt\/products\/4-layer-rigid-flex-pcb\/#1_Optimize_Functional_Partitioning\" >1. Otimizar a divis\u00e3o funcional<\/a><\/li><li class='ez-toc-page-1 ez-toc-heading-level-3'><a class=\"ez-toc-link ez-toc-heading-4\" href=\"https:\/\/www.topfastpcb.com\/pt\/products\/4-layer-rigid-flex-pcb\/#2_Advanced_Materials_and_Processes\" >2. Materiais e processos avan\u00e7ados<\/a><\/li><li class='ez-toc-page-1 ez-toc-heading-level-3'><a class=\"ez-toc-link ez-toc-heading-5\" href=\"https:\/\/www.topfastpcb.com\/pt\/products\/4-layer-rigid-flex-pcb\/#3_Multi-physics_field_simulation\" >3. Simula\u00e7\u00e3o de campo multi-f\u00edsica<\/a><\/li><li class='ez-toc-page-1 ez-toc-heading-level-3'><a class=\"ez-toc-link ez-toc-heading-6\" href=\"https:\/\/www.topfastpcb.com\/pt\/products\/4-layer-rigid-flex-pcb\/#4_Modular_System_Architecture\" >4. Arquitetura modular do sistema<\/a><\/li><\/ul><\/li><li class='ez-toc-page-1 ez-toc-heading-level-2'><a class=\"ez-toc-link ez-toc-heading-7\" href=\"https:\/\/www.topfastpcb.com\/pt\/products\/4-layer-rigid-flex-pcb\/#Application_Scenarios\" >Cen\u00e1rios de aplica\u00e7\u00e3o<\/a><\/li><li class='ez-toc-page-1 ez-toc-heading-level-2'><a class=\"ez-toc-link ez-toc-heading-8\" href=\"https:\/\/www.topfastpcb.com\/pt\/products\/4-layer-rigid-flex-pcb\/#Why_choose_us\" >Porqu\u00ea escolher-nos?<\/a><\/li><\/ul><\/nav><\/div>\n<\/span><\/span><\/p>\n<p>A PCB r\u00edgida-flex\u00edvel de quatro camadas \u00e9 um design de placa de circuito que combina as carater\u00edsticas das placas de circuito r\u00edgidas e flex\u00edveis para flexibilidade e elevada fiabilidade. Consiste normalmente numa estrutura de quatro camadas, incluindo uma camada superior, uma camada inferior, uma camada de alimenta\u00e7\u00e3o e uma camada de terra, e \u00e9 adequada para dispositivos electr\u00f3nicos complexos que necessitam de satisfazer requisitos de transmiss\u00e3o de sinal e de alimenta\u00e7\u00e3o.<\/p>\n<p><strong>\u00c9 constitu\u00eddo pelos seguintes quatro n\u00edveis funcionais fundamentais<\/strong><\/p>\n<p>Camada superior (camada de componentes): Utilizada para montar e soldar componentes electr\u00f3nicos;<br \/>\nCamada interna 1 (camada de sinal): transporta principalmente o alinhamento de sinais de alta velocidade;<br \/>\nCamada interior 2 (camada de alimenta\u00e7\u00e3o el\u00e9ctrica): dedicada \u00e0 distribui\u00e7\u00e3o de energia e \u00e0 rede de alimenta\u00e7\u00e3o el\u00e9ctrica;<br \/>\nCamada inferior (camada de sinal\/soldadura): fun\u00e7\u00f5es de alinhamento do sinal e de soldadura.<\/p>\n<h2><span class=\"ez-toc-section\" id=\"Core_advantages_of_four-layer_boards\"><\/span>Principais vantagens dos pain\u00e9is de quatro camadas<span class=\"ez-toc-section-end\"><\/span><\/h2>\n<p>Cablagem de alta densidade: reduz a \u00e1rea da placa e melhora a utiliza\u00e7\u00e3o do espa\u00e7o.<br \/>\nIntegridade do sinal: optimiza a transmiss\u00e3o de sinais de alta frequ\u00eancia e reduz as interfer\u00eancias.<br \/>\nFlexibilidade mec\u00e2nica: Adapta-se aos requisitos de dobragem e flex\u00e3o.<br \/>\nEfic\u00e1cia em termos de custos: Reduz os custos globais de fabrico em projectos complexos.<br \/>\nEm compara\u00e7\u00e3o com as placas tradicionais de uma ou duas faces, as PCB de quatro camadas oferecem tr\u00eas vantagens significativas:<br \/>\nA utiliza\u00e7\u00e3o do espa\u00e7o \u00e9 aumentada em mais de 40%, permitindo projectos de circuitos de maior densidade.<br \/>\n60% com menor imped\u00e2ncia de pot\u00eancia e 50% com menor interfer\u00eancia de ru\u00eddo atrav\u00e9s de um design especializado da camada de pot\u00eancia;<br \/>\nPara a conce\u00e7\u00e3o de circuitos de alta velocidade acima de 100 MHz, a integridade do sinal \u00e9 significativamente melhorada.<\/p>\n<p><img loading=\"lazy\" decoding=\"async\" src=\"https:\/\/www.topfastpcb.com\/wp-content\/uploads\/2025\/04\/rigid-flexible-pcb2.jpg\" alt=\"\u521a\u6320\u7ed3\u5408\u677f\" width=\"750\" height=\"750\" class=\"aligncenter wp-image-2231 size-full\" srcset=\"https:\/\/www.topfastpcb.com\/wp-content\/uploads\/2025\/04\/rigid-flexible-pcb2.jpg 750w, https:\/\/www.topfastpcb.com\/wp-content\/uploads\/2025\/04\/rigid-flexible-pcb2-300x300.jpg 300w, https:\/\/www.topfastpcb.com\/wp-content\/uploads\/2025\/04\/rigid-flexible-pcb2-150x150.jpg 150w, https:\/\/www.topfastpcb.com\/wp-content\/uploads\/2025\/04\/rigid-flexible-pcb2-600x600.jpg 600w, https:\/\/www.topfastpcb.com\/wp-content\/uploads\/2025\/04\/rigid-flexible-pcb2-100x100.jpg 100w\" sizes=\"auto, (max-width: 750px) 100vw, 750px\" \/><\/p>\n<h2><span class=\"ez-toc-section\" id=\"Key_Considerations_for_Rigid-Flex_PCB_Designs\"><\/span>Considera\u00e7\u00f5es fundamentais para <a href=\"https:\/\/www.topfastpcb.com\/pt\/products\/category\/rigid-flex-pcb\/\">PCB r\u00edgido-flex\u00edvel<\/a> Desenhos<span class=\"ez-toc-section-end\"><\/span><\/h2>\n<h3><span class=\"ez-toc-section\" id=\"1_Optimize_Functional_Partitioning\"><\/span>1. Otimizar a divis\u00e3o funcional<span class=\"ez-toc-section-end\"><\/span><\/h3>\n<p>Os m\u00f3dulos de processamento de sinais de alta frequ\u00eancia est\u00e3o concentrados na sec\u00e7\u00e3o r\u00edgida para garantir a integridade do sinal<br \/>\nA \u00e1rea de interliga\u00e7\u00e3o flex\u00edvel proporciona uma adapta\u00e7\u00e3o espacial 3D com capacidade de flex\u00e3o din\u00e2mica de \u00b115\u00b0.<br \/>\nAplica\u00e7\u00f5es t\u00edpicas: articula\u00e7\u00f5es de dispositivos port\u00e1teis, articula\u00e7\u00f5es rob\u00f3ticas<\/p>\n<h3><span class=\"ez-toc-section\" id=\"2_Advanced_Materials_and_Processes\"><\/span>2. Materiais e processos avan\u00e7ados<span class=\"ez-toc-section-end\"><\/span><\/h3>\n<p>Substrato flex\u00edvel: Pol\u00edmero de cristais l\u00edquidos (LCP), \u03b5r=2,9@10GHz<br \/>\nProcesso-chave:<br \/>\nPerfura\u00e7\u00e3o de microvias a laser (\u226450\u03bcm de di\u00e2metro)<br \/>\nIntegra\u00e7\u00e3o de condensadores incorporados (densidade 3x superior)<br \/>\nTra\u00e7os condutores impressos em 3D (largura\/espa\u00e7amento da linha de 30\/30\u03bcm)<\/p>\n<h3><span class=\"ez-toc-section\" id=\"3_Multi-physics_field_simulation\"><\/span>3. Simula\u00e7\u00e3o de campo multi-f\u00edsica<span class=\"ez-toc-section-end\"><\/span><\/h3>\n<p>Simula\u00e7\u00e3o electromagn\u00e9tica: An\u00e1lise de onda completa HFSS (precis\u00e3o de 0,01dB)<br \/>\nSimula\u00e7\u00e3o mec\u00e2nica: Ensaio de fadiga por flex\u00e3o ANSYS (&gt;100k ciclos)<br \/>\nSimula\u00e7\u00e3o t\u00e9rmica: An\u00e1lise CFD Flotherm (controlo do gradiente \u00b12\u2103)<\/p>\n<h3><span class=\"ez-toc-section\" id=\"4_Modular_System_Architecture\"><\/span>4. Arquitetura modular do sistema<span class=\"ez-toc-section-end\"><\/span><\/h3>\n<table class=\"has-fixed-layout\">\n<thead>\n<tr>\n<th class=\"wp-block-table__cell-content\">\n<div role=\"textbox\" aria-multiline=\"true\" aria-label=\"Cabe\u00e7alho \u5355\u5143\u683c\u6587\u5b57\" contenteditable=\"true\" class=\"block-editor-rich-text__editable rich-text\">Par\u00e2metro<\/div>\n<\/th>\n<th class=\"wp-block-table__cell-content\">\n<div role=\"textbox\" aria-multiline=\"true\" aria-label=\"Cabe\u00e7alho \u5355\u5143\u683c\u6587\u5b57\" contenteditable=\"true\" class=\"block-editor-rich-text__editable rich-text\">Conce\u00e7\u00e3o convencional<\/div>\n<\/th>\n<th class=\"wp-block-table__cell-content\">\n<div role=\"textbox\" aria-multiline=\"true\" aria-label=\"Cabe\u00e7alho \u5355\u5143\u683c\u6587\u5b57\" contenteditable=\"true\" class=\"block-editor-rich-text__editable rich-text\">Design r\u00edgido-flex\u00edvel<\/div>\n<\/th>\n<\/tr>\n<\/thead>\n<tbody>\n<tr>\n<td class=\"wp-block-table__cell-content\">\n<div role=\"textbox\" aria-multiline=\"true\" aria-label=\"Corpo \u5355\u5143\u683c\u6587\u5b57\" contenteditable=\"true\" class=\"block-editor-rich-text__editable rich-text\">Volume<\/div>\n<\/td>\n<td class=\"wp-block-table__cell-content\">\n<div role=\"textbox\" aria-multiline=\"true\" aria-label=\"Corpo \u5355\u5143\u683c\u6587\u5b57\" contenteditable=\"true\" class=\"block-editor-rich-text__editable rich-text\">100% (Linha de base)<\/div>\n<\/td>\n<td class=\"wp-block-table__cell-content\">\n<div role=\"textbox\" aria-multiline=\"true\" aria-label=\"Corpo \u5355\u5143\u683c\u6587\u5b57\" contenteditable=\"true\" class=\"block-editor-rich-text__editable rich-text\">60-70%<\/div>\n<\/td>\n<\/tr>\n<tr>\n<td class=\"wp-block-table__cell-content\">\n<div role=\"textbox\" aria-multiline=\"true\" aria-label=\"Corpo \u5355\u5143\u683c\u6587\u5b57\" contenteditable=\"true\" class=\"block-editor-rich-text__editable rich-text\">Fiabilidade<\/div>\n<\/td>\n<td class=\"wp-block-table__cell-content\">\n<div role=\"textbox\" aria-multiline=\"true\" aria-label=\"Corpo \u5355\u5143\u683c\u6587\u5b57\" contenteditable=\"true\" class=\"block-editor-rich-text__editable rich-text\">1x<\/div>\n<\/td>\n<td class=\"wp-block-table__cell-content\">\n<div role=\"textbox\" aria-multiline=\"true\" aria-label=\"Corpo \u5355\u5143\u683c\u6587\u5b57\" contenteditable=\"true\" class=\"block-editor-rich-text__editable rich-text\">Melhoria de 3-5x<\/div>\n<\/td>\n<\/tr>\n<tr>\n<td class=\"wp-block-table__cell-content\">\n<div role=\"textbox\" aria-multiline=\"true\" aria-label=\"Corpo \u5355\u5143\u683c\u6587\u5b57\" contenteditable=\"true\" class=\"block-editor-rich-text__editable rich-text\">Ciclo de revis\u00e3o<\/div>\n<\/td>\n<td class=\"wp-block-table__cell-content\">\n<div role=\"textbox\" aria-multiline=\"true\" aria-label=\"Corpo \u5355\u5143\u683c\u6587\u5b57\" contenteditable=\"true\" class=\"block-editor-rich-text__editable rich-text\">4-6 semanas<\/div>\n<\/td>\n<td class=\"wp-block-table__cell-content\">\n<div role=\"textbox\" aria-multiline=\"true\" aria-label=\"Corpo \u5355\u5143\u683c\u6587\u5b57\" contenteditable=\"true\" class=\"block-editor-rich-text__editable rich-text\">1-2 semanas<\/div>\n<\/td>\n<\/tr>\n<\/tbody>\n<\/table>\n<p><strong>Componentes principais<\/strong><br \/>\n\u00c1rea r\u00edgida: processador\/mem\u00f3ria (componentes de alta densidade)<br \/>\n\u00c1rea flex\u00edvel: Interliga\u00e7\u00f5es de topologia em cadeia<\/p>\n<p><strong>Certifica\u00e7\u00e3o e valida\u00e7\u00e3o<\/strong><br \/>\nRedu\u00e7\u00e3o de peso do 40%<br \/>\n80% redu\u00e7\u00e3o da taxa de avarias em ambientes de vibra\u00e7\u00e3o<br \/>\nObrigat\u00f3rio: \u22653 itera\u00e7\u00f5es de simula\u00e7\u00e3o + conformidade com JIS C5016<\/p>\n<h2><span class=\"ez-toc-section\" id=\"Application_Scenarios\"><\/span>Cen\u00e1rios de aplica\u00e7\u00e3o<span class=\"ez-toc-section-end\"><\/span><\/h2>\n<p>As placas de circuito flex\u00edveis de dupla face s\u00e3o utilizadas numa variedade de aplica\u00e7\u00f5es em que s\u00e3o necess\u00e1rias flexibilidade e fiabilidade, incluindo, entre outras:<br \/>\nEletr\u00f3nica de consumo: Conectores flex\u00edveis em dispositivos como smartphones e tablets.<br \/>\nEletr\u00f3nica autom\u00f3vel: As placas de circuito flex\u00edveis de dupla face proporcionam uma melhor resist\u00eancia \u00e0 flex\u00e3o e \u00e0 vibra\u00e7\u00e3o numa variedade de sensores e controladores em autom\u00f3veis.<br \/>\nControlos industriais: No equipamento de automa\u00e7\u00e3o e rob\u00f3tica, as placas de circuito flex\u00edveis de dupla face podem acomodar movimentos mec\u00e2nicos complexos e restri\u00e7\u00f5es de espa\u00e7o.<\/p>\n<p><img loading=\"lazy\" decoding=\"async\" src=\"https:\/\/www.topfastpcb.com\/wp-content\/uploads\/2025\/04\/Application.jpg\" alt=\"\u5e94\u7528\" width=\"797\" height=\"897\" class=\"aligncenter wp-image-1934 size-full\" srcset=\"https:\/\/www.topfastpcb.com\/wp-content\/uploads\/2025\/04\/Application.jpg 797w, https:\/\/www.topfastpcb.com\/wp-content\/uploads\/2025\/04\/Application-267x300.jpg 267w, https:\/\/www.topfastpcb.com\/wp-content\/uploads\/2025\/04\/Application-768x864.jpg 768w, https:\/\/www.topfastpcb.com\/wp-content\/uploads\/2025\/04\/Application-600x675.jpg 600w\" sizes=\"auto, (max-width: 797px) 100vw, 797px\" \/><\/p>\n<h2><span class=\"ez-toc-section\" id=\"Why_choose_us\"><\/span>Porqu\u00ea escolher-nos?<span class=\"ez-toc-section-end\"><\/span><\/h2>\n<p>Somos especializados no dom\u00ednio das placas de circuito impresso h\u00e1 mais de 20 anos e possu\u00edmos uma certifica\u00e7\u00e3o do sistema de gest\u00e3o da qualidade ISO9001, RoHS, certifica\u00e7\u00e3o do sistema de gest\u00e3o ambiental ISO14001, certifica\u00e7\u00e3o do sistema de gest\u00e3o da qualidade autom\u00f3vel TS16949 e outras certifica\u00e7\u00f5es.<\/p>\n<p><a href=\"https:\/\/www.topfastpcb.com\/pt\/about\/\">TOPFAST<\/a> \u00e9 um fornecedor profissional de placas de circuito impresso. Estamos empenhados em fornecer placas PCB rigid-flex da mais alta qualidade a pre\u00e7os mais competitivos. A nossa plataforma tem a melhor reputa\u00e7\u00e3o no Google. Dispomos de equipamento avan\u00e7ado e de uma equipa t\u00e9cnica profissional para garantir a entrega atempada de produtos de qualidade.<\/p>\n<p>Para PCBs Rigid-Flex, somos especializados em:<\/p>\n<p>Uma placa PCB r\u00edgida-flex\u00edvel multicamadas, tamb\u00e9m conhecida como placa PCB r\u00edgida-flex\u00edvel de dupla face, \u00e9 uma combina\u00e7\u00e3o de uma placa flex\u00edvel e de uma placa r\u00edgida, um tipo de placa de circuitos em que uma fina camada de material flex\u00edvel \u00e9 combinada com uma camada de suporte r\u00edgida, que \u00e9 depois prensada num \u00fanico componente.<\/p>\n<p>&nbsp;<\/p>","protected":false},"excerpt":{"rendered":"<p>A placa de circuito impresso r\u00edgida-flex\u00edvel de 4 camadas \u00e9 uma conce\u00e7\u00e3o de placa de circuito impresso que combina as carater\u00edsticas das placas de circuito r\u00edgido e flex\u00edvel para flexibilidade e elevada fiabilidade.<\/p>","protected":false},"featured_media":2232,"comment_status":"open","ping_status":"closed","template":"","meta":[],"product_brand":[],"product_cat":[114],"product_tag":[204,203,199],"class_list":{"0":"post-2230","1":"product","2":"type-product","3":"status-publish","4":"has-post-thumbnail","6":"product_cat-rigid-flex-pcb","7":"product_tag-4-layer-pcb","8":"product_tag-4-layer-rigid-flex-pcb","9":"product_tag-rigid-flex-pcb","11":"first","12":"instock","13":"shipping-taxable","14":"product-type-simple"},"yoast_head":"<!-- This site is optimized with the Yoast SEO plugin v25.1 - https:\/\/yoast.com\/wordpress\/plugins\/seo\/ -->\n<title>4 Layer Rigid Flex PCB - Topfastpcb<\/title>\n<meta name=\"description\" content=\"The 4-layer rigid-flex PCB circuit board is a circuit board design that combines the features of rigid and flexible circuit boards for flexibility and high reliability.\" \/>\n<meta name=\"robots\" content=\"index, follow, max-snippet:-1, max-image-preview:large, max-video-preview:-1\" \/>\n<link rel=\"canonical\" href=\"https:\/\/www.topfastpcb.com\/pt\/products\/4-layer-rigid-flex-pcb\/\" \/>\n<meta property=\"og:locale\" content=\"pt_PT\" \/>\n<meta property=\"og:type\" content=\"article\" \/>\n<meta property=\"og:title\" content=\"4 Layer Rigid Flex PCB - Topfastpcb\" \/>\n<meta property=\"og:description\" content=\"The 4-layer rigid-flex PCB circuit board is a circuit board design that combines the features of rigid and flexible circuit boards for flexibility and high reliability.\" \/>\n<meta property=\"og:url\" content=\"https:\/\/www.topfastpcb.com\/pt\/products\/4-layer-rigid-flex-pcb\/\" \/>\n<meta property=\"og:site_name\" content=\"Topfastpcb\" \/>\n<meta property=\"article:modified_time\" content=\"2025-05-06T07:32:55+00:00\" \/>\n<meta property=\"og:image\" content=\"https:\/\/www.topfastpcb.com\/wp-content\/uploads\/2025\/04\/rigid-flexible-pcb8.jpg\" \/>\n\t<meta property=\"og:image:width\" content=\"750\" \/>\n\t<meta property=\"og:image:height\" content=\"750\" \/>\n\t<meta property=\"og:image:type\" content=\"image\/jpeg\" \/>\n<meta name=\"twitter:card\" content=\"summary_large_image\" \/>\n<meta name=\"twitter:label1\" content=\"Tempo estimado de leitura\" \/>\n\t<meta name=\"twitter:data1\" content=\"4 minutos\" \/>\n<script type=\"application\/ld+json\" class=\"yoast-schema-graph\">{\"@context\":\"https:\/\/schema.org\",\"@graph\":[{\"@type\":\"WebPage\",\"@id\":\"https:\/\/www.topfastpcb.com\/products\/4-layer-rigid-flex-pcb\/\",\"url\":\"https:\/\/www.topfastpcb.com\/products\/4-layer-rigid-flex-pcb\/\",\"name\":\"4 Layer Rigid Flex PCB - Topfastpcb\",\"isPartOf\":{\"@id\":\"https:\/\/www.topfastpcb.com\/#website\"},\"primaryImageOfPage\":{\"@id\":\"https:\/\/www.topfastpcb.com\/products\/4-layer-rigid-flex-pcb\/#primaryimage\"},\"image\":{\"@id\":\"https:\/\/www.topfastpcb.com\/products\/4-layer-rigid-flex-pcb\/#primaryimage\"},\"thumbnailUrl\":\"https:\/\/www.topfastpcb.com\/wp-content\/uploads\/2025\/04\/rigid-flexible-pcb8.jpg\",\"datePublished\":\"2025-04-26T08:14:10+00:00\",\"dateModified\":\"2025-05-06T07:32:55+00:00\",\"description\":\"The 4-layer rigid-flex PCB circuit board is a circuit board design that combines the features of rigid and flexible circuit boards for flexibility and high reliability.\",\"breadcrumb\":{\"@id\":\"https:\/\/www.topfastpcb.com\/products\/4-layer-rigid-flex-pcb\/#breadcrumb\"},\"inLanguage\":\"pt-PT\",\"potentialAction\":[{\"@type\":\"ReadAction\",\"target\":[\"https:\/\/www.topfastpcb.com\/products\/4-layer-rigid-flex-pcb\/\"]}]},{\"@type\":\"ImageObject\",\"inLanguage\":\"pt-PT\",\"@id\":\"https:\/\/www.topfastpcb.com\/products\/4-layer-rigid-flex-pcb\/#primaryimage\",\"url\":\"https:\/\/www.topfastpcb.com\/wp-content\/uploads\/2025\/04\/rigid-flexible-pcb8.jpg\",\"contentUrl\":\"https:\/\/www.topfastpcb.com\/wp-content\/uploads\/2025\/04\/rigid-flexible-pcb8.jpg\",\"width\":750,\"height\":750,\"caption\":\"rigid-flexible pcb\"},{\"@type\":\"BreadcrumbList\",\"@id\":\"https:\/\/www.topfastpcb.com\/products\/4-layer-rigid-flex-pcb\/#breadcrumb\",\"itemListElement\":[{\"@type\":\"ListItem\",\"position\":1,\"name\":\"\u9996\u9875\",\"item\":\"https:\/\/www.topfastpcb.com\/\"},{\"@type\":\"ListItem\",\"position\":2,\"name\":\"\u5546\u5e97\",\"item\":\"https:\/\/www.topfastpcb.com\/shop\/\"},{\"@type\":\"ListItem\",\"position\":3,\"name\":\"4 Layer Rigid Flex PCB\"}]},{\"@type\":\"WebSite\",\"@id\":\"https:\/\/www.topfastpcb.com\/#website\",\"url\":\"https:\/\/www.topfastpcb.com\/\",\"name\":\"Topfastpcb\",\"description\":\"Topfast Prime Choice for Global Electronics Manufacturing\",\"publisher\":{\"@id\":\"https:\/\/www.topfastpcb.com\/#organization\"},\"potentialAction\":[{\"@type\":\"SearchAction\",\"target\":{\"@type\":\"EntryPoint\",\"urlTemplate\":\"https:\/\/www.topfastpcb.com\/?s={search_term_string}\"},\"query-input\":{\"@type\":\"PropertyValueSpecification\",\"valueRequired\":true,\"valueName\":\"search_term_string\"}}],\"inLanguage\":\"pt-PT\"},{\"@type\":\"Organization\",\"@id\":\"https:\/\/www.topfastpcb.com\/#organization\",\"name\":\"Topfastpcb\",\"url\":\"https:\/\/www.topfastpcb.com\/\",\"logo\":{\"@type\":\"ImageObject\",\"inLanguage\":\"pt-PT\",\"@id\":\"https:\/\/www.topfastpcb.com\/#\/schema\/logo\/image\/\",\"url\":\"https:\/\/www.topfastpcb.com\/wp-content\/uploads\/2026\/02\/cropped-topfast-logo.png\",\"contentUrl\":\"https:\/\/www.topfastpcb.com\/wp-content\/uploads\/2026\/02\/cropped-topfast-logo.png\",\"width\":144,\"height\":56,\"caption\":\"Topfastpcb\"},\"image\":{\"@id\":\"https:\/\/www.topfastpcb.com\/#\/schema\/logo\/image\/\"}}]}<\/script>\n<!-- \/ Yoast SEO plugin. -->","yoast_head_json":{"title":"4 Layer Rigid Flex PCB - Topfastpcb","description":"The 4-layer rigid-flex PCB circuit board is a circuit board design that combines the features of rigid and flexible circuit boards for flexibility and high reliability.","robots":{"index":"index","follow":"follow","max-snippet":"max-snippet:-1","max-image-preview":"max-image-preview:large","max-video-preview":"max-video-preview:-1"},"canonical":"https:\/\/www.topfastpcb.com\/pt\/products\/4-layer-rigid-flex-pcb\/","og_locale":"pt_PT","og_type":"article","og_title":"4 Layer Rigid Flex PCB - Topfastpcb","og_description":"The 4-layer rigid-flex PCB circuit board is a circuit board design that combines the features of rigid and flexible circuit boards for flexibility and high reliability.","og_url":"https:\/\/www.topfastpcb.com\/pt\/products\/4-layer-rigid-flex-pcb\/","og_site_name":"Topfastpcb","article_modified_time":"2025-05-06T07:32:55+00:00","og_image":[{"width":750,"height":750,"url":"https:\/\/www.topfastpcb.com\/wp-content\/uploads\/2025\/04\/rigid-flexible-pcb8.jpg","type":"image\/jpeg"}],"twitter_card":"summary_large_image","twitter_misc":{"Tempo estimado de leitura":"4 minutos"},"schema":{"@context":"https:\/\/schema.org","@graph":[{"@type":"WebPage","@id":"https:\/\/www.topfastpcb.com\/products\/4-layer-rigid-flex-pcb\/","url":"https:\/\/www.topfastpcb.com\/products\/4-layer-rigid-flex-pcb\/","name":"4 Layer Rigid Flex PCB - Topfastpcb","isPartOf":{"@id":"https:\/\/www.topfastpcb.com\/#website"},"primaryImageOfPage":{"@id":"https:\/\/www.topfastpcb.com\/products\/4-layer-rigid-flex-pcb\/#primaryimage"},"image":{"@id":"https:\/\/www.topfastpcb.com\/products\/4-layer-rigid-flex-pcb\/#primaryimage"},"thumbnailUrl":"https:\/\/www.topfastpcb.com\/wp-content\/uploads\/2025\/04\/rigid-flexible-pcb8.jpg","datePublished":"2025-04-26T08:14:10+00:00","dateModified":"2025-05-06T07:32:55+00:00","description":"The 4-layer rigid-flex PCB circuit board is a circuit board design that combines the features of rigid and flexible circuit boards for flexibility and high reliability.","breadcrumb":{"@id":"https:\/\/www.topfastpcb.com\/products\/4-layer-rigid-flex-pcb\/#breadcrumb"},"inLanguage":"pt-PT","potentialAction":[{"@type":"ReadAction","target":["https:\/\/www.topfastpcb.com\/products\/4-layer-rigid-flex-pcb\/"]}]},{"@type":"ImageObject","inLanguage":"pt-PT","@id":"https:\/\/www.topfastpcb.com\/products\/4-layer-rigid-flex-pcb\/#primaryimage","url":"https:\/\/www.topfastpcb.com\/wp-content\/uploads\/2025\/04\/rigid-flexible-pcb8.jpg","contentUrl":"https:\/\/www.topfastpcb.com\/wp-content\/uploads\/2025\/04\/rigid-flexible-pcb8.jpg","width":750,"height":750,"caption":"rigid-flexible pcb"},{"@type":"BreadcrumbList","@id":"https:\/\/www.topfastpcb.com\/products\/4-layer-rigid-flex-pcb\/#breadcrumb","itemListElement":[{"@type":"ListItem","position":1,"name":"\u9996\u9875","item":"https:\/\/www.topfastpcb.com\/"},{"@type":"ListItem","position":2,"name":"\u5546\u5e97","item":"https:\/\/www.topfastpcb.com\/shop\/"},{"@type":"ListItem","position":3,"name":"4 Layer Rigid Flex PCB"}]},{"@type":"WebSite","@id":"https:\/\/www.topfastpcb.com\/#website","url":"https:\/\/www.topfastpcb.com\/","name":"Topfastpcb","description":"Topfast Prime Choice for Global Electronics Manufacturing","publisher":{"@id":"https:\/\/www.topfastpcb.com\/#organization"},"potentialAction":[{"@type":"SearchAction","target":{"@type":"EntryPoint","urlTemplate":"https:\/\/www.topfastpcb.com\/?s={search_term_string}"},"query-input":{"@type":"PropertyValueSpecification","valueRequired":true,"valueName":"search_term_string"}}],"inLanguage":"pt-PT"},{"@type":"Organization","@id":"https:\/\/www.topfastpcb.com\/#organization","name":"Topfastpcb","url":"https:\/\/www.topfastpcb.com\/","logo":{"@type":"ImageObject","inLanguage":"pt-PT","@id":"https:\/\/www.topfastpcb.com\/#\/schema\/logo\/image\/","url":"https:\/\/www.topfastpcb.com\/wp-content\/uploads\/2026\/02\/cropped-topfast-logo.png","contentUrl":"https:\/\/www.topfastpcb.com\/wp-content\/uploads\/2026\/02\/cropped-topfast-logo.png","width":144,"height":56,"caption":"Topfastpcb"},"image":{"@id":"https:\/\/www.topfastpcb.com\/#\/schema\/logo\/image\/"}}]}},"_links":{"self":[{"href":"https:\/\/www.topfastpcb.com\/pt\/wp-json\/wp\/v2\/product\/2230","targetHints":{"allow":["GET"]}}],"collection":[{"href":"https:\/\/www.topfastpcb.com\/pt\/wp-json\/wp\/v2\/product"}],"about":[{"href":"https:\/\/www.topfastpcb.com\/pt\/wp-json\/wp\/v2\/types\/product"}],"replies":[{"embeddable":true,"href":"https:\/\/www.topfastpcb.com\/pt\/wp-json\/wp\/v2\/comments?post=2230"}],"wp:featuredmedia":[{"embeddable":true,"href":"https:\/\/www.topfastpcb.com\/pt\/wp-json\/wp\/v2\/media\/2232"}],"wp:attachment":[{"href":"https:\/\/www.topfastpcb.com\/pt\/wp-json\/wp\/v2\/media?parent=2230"}],"wp:term":[{"taxonomy":"product_brand","embeddable":true,"href":"https:\/\/www.topfastpcb.com\/pt\/wp-json\/wp\/v2\/product_brand?post=2230"},{"taxonomy":"product_cat","embeddable":true,"href":"https:\/\/www.topfastpcb.com\/pt\/wp-json\/wp\/v2\/product_cat?post=2230"},{"taxonomy":"product_tag","embeddable":true,"href":"https:\/\/www.topfastpcb.com\/pt\/wp-json\/wp\/v2\/product_tag?post=2230"}],"curies":[{"name":"wp","href":"https:\/\/api.w.org\/{rel}","templated":true}]}}