{"id":2798,"date":"2025-05-24T15:54:13","date_gmt":"2025-05-24T07:54:13","guid":{"rendered":"https:\/\/www.topfastpcb.com\/?post_type=product&#038;p=2798"},"modified":"2025-05-24T15:56:13","modified_gmt":"2025-05-24T07:56:13","slug":"communication-pcb-assembly","status":"publish","type":"product","link":"https:\/\/www.topfastpcb.com\/pt\/products\/communication-pcb-assembly\/","title":{"rendered":"Montagem de PCB de comunica\u00e7\u00e3o"},"content":{"rendered":"<div id=\"ez-toc-container\" class=\"ez-toc-v2_0_74 counter-hierarchy ez-toc-counter ez-toc-custom ez-toc-container-direction\">\n<div class=\"ez-toc-title-container\">\n<p class=\"ez-toc-title\" style=\"cursor:inherit\">\u00cdndice<\/p>\n<span class=\"ez-toc-title-toggle\"><\/span><\/div>\n<nav><ul class='ez-toc-list ez-toc-list-level-1' ><li class='ez-toc-page-1 ez-toc-heading-level-2'><a class=\"ez-toc-link ez-toc-heading-1\" href=\"https:\/\/www.topfastpcb.com\/pt\/products\/communication-pcb-assembly\/#Overview_of_Communication_PCB_Assembly_Products\" >Vis\u00e3o geral dos produtos de montagem de PCB para comunica\u00e7\u00f5es<\/a><\/li><li class='ez-toc-page-1 ez-toc-heading-level-2'><a class=\"ez-toc-link ez-toc-heading-2\" href=\"https:\/\/www.topfastpcb.com\/pt\/products\/communication-pcb-assembly\/#Core_Advantages_of_Our_Communication_PCB_Assembly\" >Principais vantagens da nossa montagem de PCB de comunica\u00e7\u00e3o<\/a><ul class='ez-toc-list-level-3' ><li class='ez-toc-heading-level-3'><a class=\"ez-toc-link ez-toc-heading-3\" href=\"https:\/\/www.topfastpcb.com\/pt\/products\/communication-pcb-assembly\/#Professional_Technical_Team_Advanced_Manufacturing_Capabilities\" >Equipa t\u00e9cnica profissional e capacidades de fabrico avan\u00e7adas<\/a><\/li><li class='ez-toc-page-1 ez-toc-heading-level-3'><a class=\"ez-toc-link ez-toc-heading-4\" href=\"https:\/\/www.topfastpcb.com\/pt\/products\/communication-pcb-assembly\/#Comprehensive_One-Stop_Service\" >Servi\u00e7o One-Stop abrangente<\/a><\/li><\/ul><\/li><li class='ez-toc-page-1 ez-toc-heading-level-2'><a class=\"ez-toc-link ez-toc-heading-5\" href=\"https:\/\/www.topfastpcb.com\/pt\/products\/communication-pcb-assembly\/#Key_Technical_Features_of_Communication_PCB_Assembly\" >Principais carater\u00edsticas t\u00e9cnicas do conjunto de placas de circuito impresso para comunica\u00e7\u00f5es<\/a><ul class='ez-toc-list-level-3' ><li class='ez-toc-heading-level-3'><a class=\"ez-toc-link ez-toc-heading-6\" href=\"https:\/\/www.topfastpcb.com\/pt\/products\/communication-pcb-assembly\/#Superior_High-Frequency_Performance\" >Desempenho superior de alta frequ\u00eancia<\/a><\/li><li class='ez-toc-page-1 ez-toc-heading-level-3'><a class=\"ez-toc-link ez-toc-heading-7\" href=\"https:\/\/www.topfastpcb.com\/pt\/products\/communication-pcb-assembly\/#Reliable_Signal_Integrity\" >Integridade de sinal fi\u00e1vel<\/a><\/li><li class='ez-toc-page-1 ez-toc-heading-level-3'><a class=\"ez-toc-link ez-toc-heading-8\" href=\"https:\/\/www.topfastpcb.com\/pt\/products\/communication-pcb-assembly\/#Robust_Thermal_Management\" >Gest\u00e3o t\u00e9rmica robusta<\/a><\/li><li class='ez-toc-page-1 ez-toc-heading-level-3'><a class=\"ez-toc-link ez-toc-heading-9\" href=\"https:\/\/www.topfastpcb.com\/pt\/products\/communication-pcb-assembly\/#Applications_of_Communication_PCB_Assembly\" >Aplica\u00e7\u00f5es da montagem de PCB de comunica\u00e7\u00e3o<\/a><\/li><\/ul><\/li><li class='ez-toc-page-1 ez-toc-heading-level-2'><a class=\"ez-toc-link ez-toc-heading-10\" href=\"https:\/\/www.topfastpcb.com\/pt\/products\/communication-pcb-assembly\/#Custom_Communication_PCB_Assembly_Services\" >Servi\u00e7os de montagem de PCB de comunica\u00e7\u00e3o personalizada<\/a><\/li><li class='ez-toc-page-1 ez-toc-heading-level-2'><a class=\"ez-toc-link ez-toc-heading-11\" href=\"https:\/\/www.topfastpcb.com\/pt\/products\/communication-pcb-assembly\/#Quality_Assurance_After-Sales_Support\" >Garantia de qualidade e apoio p\u00f3s-venda<\/a><\/li><li class='ez-toc-page-1 ez-toc-heading-level-2'><a class=\"ez-toc-link ez-toc-heading-12\" href=\"https:\/\/www.topfastpcb.com\/pt\/products\/communication-pcb-assembly\/#Why_Choose_Our_Communication_PCB_Assembly_Solutions\" >Porqu\u00ea escolher as nossas solu\u00e7\u00f5es de montagem de PCB para comunica\u00e7\u00f5es?<\/a><\/li><\/ul><\/nav><\/div>\n\n<p>Enquanto fornecedor l\u00edder de solu\u00e7\u00f5es completas para a montagem de PCB de comunica\u00e7\u00e3o, especializamo-nos em servi\u00e7os de fabrico abrangentes, desde a conce\u00e7\u00e3o \u00e0 produ\u00e7\u00e3o. Os nossos produtos de montagem de PCB de comunica\u00e7\u00e3o s\u00e3o amplamente utilizados em equipamentos de comunica\u00e7\u00e3o 4G\/5G, comutadores de rede, routers e v\u00e1rios m\u00f3dulos de comunica\u00e7\u00e3o inteligente, servindo como componentes principais em infra-estruturas de telecomunica\u00e7\u00f5es modernas.<\/p>\n<h2><span class=\"ez-toc-section\" id=\"Overview_of_Communication_PCB_Assembly_Products\"><\/span>Vis\u00e3o geral dos produtos de montagem de PCB para comunica\u00e7\u00f5es<span class=\"ez-toc-section-end\"><\/span><\/h2>\n<p>Os nossos conjuntos de PCB de comunica\u00e7\u00e3o de 16 camadas s\u00e3o fabricados com materiais FR-4 de alta qualidade e processos avan\u00e7ados, proporcionando um excelente desempenho de alta frequ\u00eancia e integridade de sinal para satisfazer os requisitos rigorosos de aplica\u00e7\u00f5es topo de gama, como os m\u00f3dulos AI Android. Cada produto \u00e9 submetido a testes electr\u00f3nicos 100% para garantir os mais elevados padr\u00f5es de fiabilidade antes da entrega.<\/p>\n<h2><span class=\"ez-toc-section\" id=\"Core_Advantages_of_Our_Communication_PCB_Assembly\"><\/span>Principais vantagens da nossa comunica\u00e7\u00e3o <a href=\"https:\/\/www.topfastpcb.com\/pt\/products\/category\/pcba\/\">Montagem de PCB<\/a><span class=\"ez-toc-section-end\"><\/span><\/h2>\n<h3><span class=\"ez-toc-section\" id=\"Professional_Technical_Team_Advanced_Manufacturing_Capabilities\"><\/span>Equipa t\u00e9cnica profissional e capacidades de fabrico avan\u00e7adas<span class=\"ez-toc-section-end\"><\/span><\/h3>\n<p>Dispomos de uma equipa experiente de engenheiros de conce\u00e7\u00e3o de PCB de comunica\u00e7\u00e3o e de linhas de produ\u00e7\u00e3o modernas, capazes de dar resposta a v\u00e1rias necessidades de montagem de PCB de comunica\u00e7\u00e3o - desde placas simples de camada \u00fanica a designs complexos de v\u00e1rias camadas. Os nossos pontos fortes t\u00e9cnicos incluem:<\/p>\n<p><strong>Experi\u00eancia em design de alta frequ\u00eancia:<\/strong> Proficiente na conce\u00e7\u00e3o de circuitos de banda de micro-ondas (700MHz-5GHz) para um desempenho \u00f3timo dos dispositivos 5G.<br \/>\n<strong>Maquina\u00e7\u00e3o de precis\u00e3o:<\/strong> Abertura m\u00ednima de **0,2 mm**, largura\/espa\u00e7amento de tra\u00e7os de **4-6 mil**, suportando interliga\u00e7\u00f5es de alta densidade.<br \/>\n<strong>M\u00faltiplos acabamentos de superf\u00edcie:<\/strong> As op\u00e7\u00f5es incluem **HASL (sem chumbo), ENIG (ouro de imers\u00e3o), OSP e prata de imers\u00e3o**.<br \/>\n<strong>Controlo de qualidade rigoroso:<\/strong> Controlo da qualidade de todo o processo, desde as mat\u00e9rias-primas at\u00e9 aos produtos acabados.<\/p>\n<h3><span class=\"ez-toc-section\" id=\"Comprehensive_One-Stop_Service\"><\/span>Servi\u00e7o One-Stop abrangente<span class=\"ez-toc-section-end\"><\/span><\/h3>\n<p>Fornecemos uma verdadeira <a href=\"https:\/\/www.topfastpcb.com\/pt\/\">solu\u00e7\u00e3o \u00fanica<\/a> para a montagem de placas de circuito impresso de comunica\u00e7\u00f5es, abrangendo:<\/p>\n<p>1. Apoio ao projeto: Desenho esquem\u00e1tico, layout de PCB e an\u00e1lise de integridade de sinal adaptados \u00e0s necessidades do cliente.<br \/>\n2. Fabrico flex\u00edvel: Da prototipagem r\u00e1pida \u00e0 produ\u00e7\u00e3o em grande escala.<br \/>\n3. Sele\u00e7\u00e3o do material: FR-4 normal a materiais de alta frequ\u00eancia como Rogers e Taconic.<br \/>\n4. Servi\u00e7os completos de montagem: SMT, THT e ensaios de sistemas completos.<br \/>\n5. Log\u00edstica global: Embalagem segura e envio para todo o mundo para uma entrega atempada.<\/p>\n<h2><img loading=\"lazy\" decoding=\"async\" src=\"https:\/\/www.topfastpcb.com\/wp-content\/uploads\/2025\/05\/Communication-PCB-Assembly.jpg\" alt=\"Montagem de PCB de comunica\u00e7\u00e3o\" width=\"600\" height=\"402\" class=\"aligncenter size-full wp-image-2799\" srcset=\"https:\/\/www.topfastpcb.com\/wp-content\/uploads\/2025\/05\/Communication-PCB-Assembly.jpg 600w, https:\/\/www.topfastpcb.com\/wp-content\/uploads\/2025\/05\/Communication-PCB-Assembly-300x201.jpg 300w, https:\/\/www.topfastpcb.com\/wp-content\/uploads\/2025\/05\/Communication-PCB-Assembly-18x12.jpg 18w\" sizes=\"auto, (max-width: 600px) 100vw, 600px\" \/><\/h2>\n<h2><span class=\"ez-toc-section\" id=\"Key_Technical_Features_of_Communication_PCB_Assembly\"><\/span>Principais carater\u00edsticas t\u00e9cnicas do conjunto de placas de circuito impresso para comunica\u00e7\u00f5es<span class=\"ez-toc-section-end\"><\/span><\/h2>\n<h3><span class=\"ez-toc-section\" id=\"Superior_High-Frequency_Performance\"><\/span>Desempenho superior de alta frequ\u00eancia<span class=\"ez-toc-section-end\"><\/span><\/h3>\n<p>Os nossos produtos utilizam designs e materiais especializados para garantir carater\u00edsticas excepcionais de alta frequ\u00eancia:<br \/>\nLaminados de baixa perda (por exemplo, Rogers s\u00e9rie RO4000).<br \/>\nControlo preciso da imped\u00e2ncia (toler\u00e2ncia de \u00b15%).<br \/>\nDesign de empilhamento optimizado para minimizar a diafonia.<br \/>\nProte\u00e7\u00e3o EMI avan\u00e7ada para reduzir as interfer\u00eancias RF.<\/p>\n<h3><span class=\"ez-toc-section\" id=\"Reliable_Signal_Integrity\"><\/span>Integridade de sinal fi\u00e1vel<span class=\"ez-toc-section-end\"><\/span><\/h3>\n<p>Para aplica\u00e7\u00f5es de comunica\u00e7\u00e3o de alta velocidade, destacamos:<br \/>\nCorrespond\u00eancia rigorosa do comprimento do tra\u00e7o (\u00b150ps skew).<br \/>\nConce\u00e7\u00e3o optimizada da PDN (Power Delivery Network).<br \/>\nT\u00e9cnicas de encaminhamento de pares diferenciais.<br \/>\nEstrat\u00e9gias abrangentes de plano de terra.<\/p>\n<h3><span class=\"ez-toc-section\" id=\"Robust_Thermal_Management\"><\/span>Gest\u00e3o t\u00e9rmica robusta<span class=\"ez-toc-section-end\"><\/span><\/h3>\n<p>Para dispositivos de comunica\u00e7\u00e3o de alta pot\u00eancia, as nossas solu\u00e7\u00f5es de montagem de PCB oferecem:<br \/>\nMateriais de elevada condutividade t\u00e9rmica.<br \/>\nColoca\u00e7\u00e3o optimizada de componentes para dissipa\u00e7\u00e3o de calor.<br \/>\nMatrizes de via t\u00e9rmica.<br \/>\nComponentes resistentes a altas temperaturas.<\/p>\n<h3><span class=\"ez-toc-section\" id=\"Applications_of_Communication_PCB_Assembly\"><\/span>Aplica\u00e7\u00f5es da montagem de PCB de comunica\u00e7\u00e3o<span class=\"ez-toc-section-end\"><\/span><\/h3>\n<p>Os nossos produtos s\u00e3o amplamente utilizados em v\u00e1rios dispositivos de comunica\u00e7\u00e3o:<\/p>\n<p>1. Sistemas de comunica\u00e7\u00e3o sem fios: Esta\u00e7\u00f5es de base 5G, pequenas c\u00e9lulas, equipamento de transmiss\u00e3o por micro-ondas.<br \/>\n2. Infraestrutura de rede: Encaminhadores de n\u00facleo, comutadores de extremidade, dispositivos ONU\/OLT.<br \/>\n3. Dispositivos terminais: Smartphones, CPEs, m\u00f3dulos de comunica\u00e7\u00e3o IoT.<br \/>\n4. Equipamento de comunica\u00e7\u00e3o especializado: R\u00e1dios militares, comunica\u00e7\u00f5es aeron\u00e1uticas, sistemas mar\u00edtimos.<\/p>\n<h2><span class=\"ez-toc-section\" id=\"Custom_Communication_PCB_Assembly_Services\"><\/span>Servi\u00e7os de montagem de PCB de comunica\u00e7\u00e3o personalizada<span class=\"ez-toc-section-end\"><\/span><\/h2>\n<p>Compreendemos as necessidades \u00fanicas de diferentes aplica\u00e7\u00f5es de comunica\u00e7\u00e3o e oferecemos uma personaliza\u00e7\u00e3o total:<\/p>\n<p>Sele\u00e7\u00e3o de materiais: Recomendar o melhor substrato com base na frequ\u00eancia e nas condi\u00e7\u00f5es ambientais.<br \/>\nPersonaliza\u00e7\u00e3o de camadas: Op\u00e7\u00f5es flex\u00edveis de **camada \u00fanica a 20+ camadas**.<br \/>\nProcessos especiais: Placas h\u00edbridas, cobre pesado, PCB r\u00edgidas e flex\u00edveis.<br \/>\nApoio \u00e0 certifica\u00e7\u00e3o: Assist\u00eancia com **CE, FCC e outras certifica\u00e7\u00f5es do sector**.<\/p>\n<h2><span class=\"ez-toc-section\" id=\"Quality_Assurance_After-Sales_Support\"><\/span>Garantia de qualidade e apoio p\u00f3s-venda<span class=\"ez-toc-section-end\"><\/span><\/h2>\n<p>Garantimos montagens de PCB de comunica\u00e7\u00e3o da mais alta qualidade:<\/p>\n<p>Cobertura dos ensaios el\u00e9ctricos 100%.<br \/>\nConformidade com as normas IPC-A-600 Classe 3.<br \/>\nTestes de fiabilidade exaustivos (ciclos t\u00e9rmicos, testes de vibra\u00e7\u00e3o).<br \/>\nApoio t\u00e9cnico dedicado para consultoria de conce\u00e7\u00e3o e an\u00e1lise de falhas.<br \/>\nResposta r\u00e1pida \u00e0s necessidades dos clientes com melhorias cont\u00ednuas dos processos.<\/p>\n<h2><span class=\"ez-toc-section\" id=\"Why_Choose_Our_Communication_PCB_Assembly_Solutions\"><\/span>Porqu\u00ea escolher as nossas solu\u00e7\u00f5es de montagem de PCB para comunica\u00e7\u00f5es?<span class=\"ez-toc-section-end\"><\/span><\/h2>\n<p>Enquanto fornecedor profissional de montagem de PCB de comunica\u00e7\u00e3o, os nossos principais factores de diferencia\u00e7\u00e3o incluem<\/p>\n<p>1. Experi\u00eancia no sector: Mais de 10 anos de especializa\u00e7\u00e3o em PCB de comunica\u00e7\u00e3o.<br \/>\n2. Lideran\u00e7a t\u00e9cnica: I&amp;D cont\u00ednua em PCB de alta frequ\u00eancia e alta velocidade.<br \/>\n3. Modelo de servi\u00e7o flex\u00edvel: Transi\u00e7\u00e3o suave dos prot\u00f3tipos para a produ\u00e7\u00e3o em massa.<br \/>\n4. Pre\u00e7os competitivos: Cadeia de fornecimento optimizada para efici\u00eancia de custos.<br \/>\n5. Entrega fi\u00e1vel: 95 %+ taxa de entrega atempada.<\/p>\n<p>Quer esteja a desenvolver dispositivos 5G de \u00faltima gera\u00e7\u00e3o ou a atualizar produtos de comunica\u00e7\u00e3o existentes, as nossas solu\u00e7\u00f5es de montagem de PCB de comunica\u00e7\u00e3o fornecem apoio especializado. Contacte-nos para obter mais detalhes sobre o produto e consulta t\u00e9cnica.<\/p>\n<p>&nbsp;<\/p>","protected":false},"excerpt":{"rendered":"<p>Fornecedor de servi\u00e7os completos de montagem de PCB de comunica\u00e7\u00e3o profissional especializado em placas de circuito 4G\/5G de alta frequ\u00eancia e alto desempenho. Apresenta PCBs FR-4 de 6 camadas, tamanho m\u00ednimo de furo de 0,2 mm, acabamentos ENIG\/Immersion Silver e testes electr\u00f3nicos 100%. Solu\u00e7\u00f5es personalizadas, entrega r\u00e1pida - seu parceiro confi\u00e1vel de PCB de comunica\u00e7\u00e3o.<\/p>","protected":false},"featured_media":2800,"comment_status":"closed","ping_status":"closed","template":"","meta":[],"product_brand":[],"product_cat":[116],"product_tag":[255,231],"class_list":{"0":"post-2798","1":"product","2":"type-product","3":"status-publish","4":"has-post-thumbnail","6":"product_cat-pcba","7":"product_tag-communication-pcb-assembly","8":"product_tag-pcb-assembly","10":"first","11":"instock","12":"shipping-taxable","13":"product-type-simple"},"yoast_head":"<!-- This site is optimized with the Yoast SEO plugin v25.1 - https:\/\/yoast.com\/wordpress\/plugins\/seo\/ -->\n<title>Communication PCB Assembly - Topfastpcb<\/title>\n<meta name=\"description\" content=\"Professional communication PCB assembly one-stop service provider specializing in high-frequency, high-performance 4G\/5G circuit boards. Features 6-layer FR-4 PCBs, 0.2mm min. hole size, ENIG\/Immersion Silver finishes, and 100% electronic testing. Custom solutions, fast delivery\u2014your trusted communication PCB partner.\" \/>\n<meta name=\"robots\" content=\"index, follow, max-snippet:-1, max-image-preview:large, max-video-preview:-1\" \/>\n<link rel=\"canonical\" href=\"https:\/\/www.topfastpcb.com\/pt\/products\/communication-pcb-assembly\/\" \/>\n<meta property=\"og:locale\" content=\"pt_PT\" \/>\n<meta property=\"og:type\" content=\"article\" \/>\n<meta property=\"og:title\" content=\"Communication PCB Assembly - Topfastpcb\" \/>\n<meta property=\"og:description\" content=\"Professional communication PCB assembly one-stop service provider specializing in high-frequency, high-performance 4G\/5G circuit boards. Features 6-layer FR-4 PCBs, 0.2mm min. hole size, ENIG\/Immersion Silver finishes, and 100% electronic testing. Custom solutions, fast delivery\u2014your trusted communication PCB partner.\" \/>\n<meta property=\"og:url\" content=\"https:\/\/www.topfastpcb.com\/pt\/products\/communication-pcb-assembly\/\" \/>\n<meta property=\"og:site_name\" content=\"Topfastpcb\" \/>\n<meta property=\"article:modified_time\" content=\"2025-05-24T07:56:13+00:00\" \/>\n<meta property=\"og:image\" content=\"https:\/\/www.topfastpcb.com\/wp-content\/uploads\/2025\/05\/pcba-3.jpg\" \/>\n\t<meta property=\"og:image:width\" content=\"750\" \/>\n\t<meta property=\"og:image:height\" content=\"750\" \/>\n\t<meta property=\"og:image:type\" content=\"image\/jpeg\" \/>\n<meta name=\"twitter:card\" content=\"summary_large_image\" \/>\n<meta name=\"twitter:label1\" content=\"Tempo estimado de leitura\" \/>\n\t<meta name=\"twitter:data1\" content=\"4 minutos\" \/>\n<script type=\"application\/ld+json\" class=\"yoast-schema-graph\">{\"@context\":\"https:\/\/schema.org\",\"@graph\":[{\"@type\":\"WebPage\",\"@id\":\"https:\/\/www.topfastpcb.com\/products\/communication-pcb-assembly\/\",\"url\":\"https:\/\/www.topfastpcb.com\/products\/communication-pcb-assembly\/\",\"name\":\"Communication PCB Assembly - Topfastpcb\",\"isPartOf\":{\"@id\":\"https:\/\/www.topfastpcb.com\/#website\"},\"primaryImageOfPage\":{\"@id\":\"https:\/\/www.topfastpcb.com\/products\/communication-pcb-assembly\/#primaryimage\"},\"image\":{\"@id\":\"https:\/\/www.topfastpcb.com\/products\/communication-pcb-assembly\/#primaryimage\"},\"thumbnailUrl\":\"https:\/\/www.topfastpcb.com\/wp-content\/uploads\/2025\/05\/pcba-3.jpg\",\"datePublished\":\"2025-05-24T07:54:13+00:00\",\"dateModified\":\"2025-05-24T07:56:13+00:00\",\"description\":\"Professional communication PCB assembly one-stop service provider specializing in high-frequency, high-performance 4G\/5G circuit boards. Features 6-layer FR-4 PCBs, 0.2mm min. hole size, ENIG\/Immersion Silver finishes, and 100% electronic testing. Custom solutions, fast delivery\u2014your trusted communication PCB partner.\",\"breadcrumb\":{\"@id\":\"https:\/\/www.topfastpcb.com\/products\/communication-pcb-assembly\/#breadcrumb\"},\"inLanguage\":\"pt-PT\",\"potentialAction\":[{\"@type\":\"ReadAction\",\"target\":[\"https:\/\/www.topfastpcb.com\/products\/communication-pcb-assembly\/\"]}]},{\"@type\":\"ImageObject\",\"inLanguage\":\"pt-PT\",\"@id\":\"https:\/\/www.topfastpcb.com\/products\/communication-pcb-assembly\/#primaryimage\",\"url\":\"https:\/\/www.topfastpcb.com\/wp-content\/uploads\/2025\/05\/pcba-3.jpg\",\"contentUrl\":\"https:\/\/www.topfastpcb.com\/wp-content\/uploads\/2025\/05\/pcba-3.jpg\",\"width\":750,\"height\":750},{\"@type\":\"BreadcrumbList\",\"@id\":\"https:\/\/www.topfastpcb.com\/products\/communication-pcb-assembly\/#breadcrumb\",\"itemListElement\":[{\"@type\":\"ListItem\",\"position\":1,\"name\":\"\u9996\u9875\",\"item\":\"https:\/\/www.topfastpcb.com\/\"},{\"@type\":\"ListItem\",\"position\":2,\"name\":\"\u5546\u5e97\",\"item\":\"https:\/\/www.topfastpcb.com\/shop\/\"},{\"@type\":\"ListItem\",\"position\":3,\"name\":\"Communication PCB Assembly\"}]},{\"@type\":\"WebSite\",\"@id\":\"https:\/\/www.topfastpcb.com\/#website\",\"url\":\"https:\/\/www.topfastpcb.com\/\",\"name\":\"Topfastpcb\",\"description\":\"Topfast Prime Choice for Global Electronics Manufacturing\",\"publisher\":{\"@id\":\"https:\/\/www.topfastpcb.com\/#organization\"},\"potentialAction\":[{\"@type\":\"SearchAction\",\"target\":{\"@type\":\"EntryPoint\",\"urlTemplate\":\"https:\/\/www.topfastpcb.com\/?s={search_term_string}\"},\"query-input\":{\"@type\":\"PropertyValueSpecification\",\"valueRequired\":true,\"valueName\":\"search_term_string\"}}],\"inLanguage\":\"pt-PT\"},{\"@type\":\"Organization\",\"@id\":\"https:\/\/www.topfastpcb.com\/#organization\",\"name\":\"Topfastpcb\",\"url\":\"https:\/\/www.topfastpcb.com\/\",\"logo\":{\"@type\":\"ImageObject\",\"inLanguage\":\"pt-PT\",\"@id\":\"https:\/\/www.topfastpcb.com\/#\/schema\/logo\/image\/\",\"url\":\"https:\/\/www.topfastpcb.com\/wp-content\/uploads\/2026\/02\/cropped-topfast-logo.png\",\"contentUrl\":\"https:\/\/www.topfastpcb.com\/wp-content\/uploads\/2026\/02\/cropped-topfast-logo.png\",\"width\":144,\"height\":56,\"caption\":\"Topfastpcb\"},\"image\":{\"@id\":\"https:\/\/www.topfastpcb.com\/#\/schema\/logo\/image\/\"}}]}<\/script>\n<!-- \/ Yoast SEO plugin. -->","yoast_head_json":{"title":"Communication PCB Assembly - Topfastpcb","description":"Professional communication PCB assembly one-stop service provider specializing in high-frequency, high-performance 4G\/5G circuit boards. Features 6-layer FR-4 PCBs, 0.2mm min. hole size, ENIG\/Immersion Silver finishes, and 100% electronic testing. Custom solutions, fast delivery\u2014your trusted communication PCB partner.","robots":{"index":"index","follow":"follow","max-snippet":"max-snippet:-1","max-image-preview":"max-image-preview:large","max-video-preview":"max-video-preview:-1"},"canonical":"https:\/\/www.topfastpcb.com\/pt\/products\/communication-pcb-assembly\/","og_locale":"pt_PT","og_type":"article","og_title":"Communication PCB Assembly - Topfastpcb","og_description":"Professional communication PCB assembly one-stop service provider specializing in high-frequency, high-performance 4G\/5G circuit boards. Features 6-layer FR-4 PCBs, 0.2mm min. hole size, ENIG\/Immersion Silver finishes, and 100% electronic testing. Custom solutions, fast delivery\u2014your trusted communication PCB partner.","og_url":"https:\/\/www.topfastpcb.com\/pt\/products\/communication-pcb-assembly\/","og_site_name":"Topfastpcb","article_modified_time":"2025-05-24T07:56:13+00:00","og_image":[{"width":750,"height":750,"url":"https:\/\/www.topfastpcb.com\/wp-content\/uploads\/2025\/05\/pcba-3.jpg","type":"image\/jpeg"}],"twitter_card":"summary_large_image","twitter_misc":{"Tempo estimado de leitura":"4 minutos"},"schema":{"@context":"https:\/\/schema.org","@graph":[{"@type":"WebPage","@id":"https:\/\/www.topfastpcb.com\/products\/communication-pcb-assembly\/","url":"https:\/\/www.topfastpcb.com\/products\/communication-pcb-assembly\/","name":"Communication PCB Assembly - Topfastpcb","isPartOf":{"@id":"https:\/\/www.topfastpcb.com\/#website"},"primaryImageOfPage":{"@id":"https:\/\/www.topfastpcb.com\/products\/communication-pcb-assembly\/#primaryimage"},"image":{"@id":"https:\/\/www.topfastpcb.com\/products\/communication-pcb-assembly\/#primaryimage"},"thumbnailUrl":"https:\/\/www.topfastpcb.com\/wp-content\/uploads\/2025\/05\/pcba-3.jpg","datePublished":"2025-05-24T07:54:13+00:00","dateModified":"2025-05-24T07:56:13+00:00","description":"Professional communication PCB assembly one-stop service provider specializing in high-frequency, high-performance 4G\/5G circuit boards. Features 6-layer FR-4 PCBs, 0.2mm min. hole size, ENIG\/Immersion Silver finishes, and 100% electronic testing. Custom solutions, fast delivery\u2014your trusted communication PCB partner.","breadcrumb":{"@id":"https:\/\/www.topfastpcb.com\/products\/communication-pcb-assembly\/#breadcrumb"},"inLanguage":"pt-PT","potentialAction":[{"@type":"ReadAction","target":["https:\/\/www.topfastpcb.com\/products\/communication-pcb-assembly\/"]}]},{"@type":"ImageObject","inLanguage":"pt-PT","@id":"https:\/\/www.topfastpcb.com\/products\/communication-pcb-assembly\/#primaryimage","url":"https:\/\/www.topfastpcb.com\/wp-content\/uploads\/2025\/05\/pcba-3.jpg","contentUrl":"https:\/\/www.topfastpcb.com\/wp-content\/uploads\/2025\/05\/pcba-3.jpg","width":750,"height":750},{"@type":"BreadcrumbList","@id":"https:\/\/www.topfastpcb.com\/products\/communication-pcb-assembly\/#breadcrumb","itemListElement":[{"@type":"ListItem","position":1,"name":"\u9996\u9875","item":"https:\/\/www.topfastpcb.com\/"},{"@type":"ListItem","position":2,"name":"\u5546\u5e97","item":"https:\/\/www.topfastpcb.com\/shop\/"},{"@type":"ListItem","position":3,"name":"Communication PCB Assembly"}]},{"@type":"WebSite","@id":"https:\/\/www.topfastpcb.com\/#website","url":"https:\/\/www.topfastpcb.com\/","name":"Topfastpcb","description":"Topfast Prime Choice for Global Electronics Manufacturing","publisher":{"@id":"https:\/\/www.topfastpcb.com\/#organization"},"potentialAction":[{"@type":"SearchAction","target":{"@type":"EntryPoint","urlTemplate":"https:\/\/www.topfastpcb.com\/?s={search_term_string}"},"query-input":{"@type":"PropertyValueSpecification","valueRequired":true,"valueName":"search_term_string"}}],"inLanguage":"pt-PT"},{"@type":"Organization","@id":"https:\/\/www.topfastpcb.com\/#organization","name":"Topfastpcb","url":"https:\/\/www.topfastpcb.com\/","logo":{"@type":"ImageObject","inLanguage":"pt-PT","@id":"https:\/\/www.topfastpcb.com\/#\/schema\/logo\/image\/","url":"https:\/\/www.topfastpcb.com\/wp-content\/uploads\/2026\/02\/cropped-topfast-logo.png","contentUrl":"https:\/\/www.topfastpcb.com\/wp-content\/uploads\/2026\/02\/cropped-topfast-logo.png","width":144,"height":56,"caption":"Topfastpcb"},"image":{"@id":"https:\/\/www.topfastpcb.com\/#\/schema\/logo\/image\/"}}]}},"_links":{"self":[{"href":"https:\/\/www.topfastpcb.com\/pt\/wp-json\/wp\/v2\/product\/2798","targetHints":{"allow":["GET"]}}],"collection":[{"href":"https:\/\/www.topfastpcb.com\/pt\/wp-json\/wp\/v2\/product"}],"about":[{"href":"https:\/\/www.topfastpcb.com\/pt\/wp-json\/wp\/v2\/types\/product"}],"replies":[{"embeddable":true,"href":"https:\/\/www.topfastpcb.com\/pt\/wp-json\/wp\/v2\/comments?post=2798"}],"wp:featuredmedia":[{"embeddable":true,"href":"https:\/\/www.topfastpcb.com\/pt\/wp-json\/wp\/v2\/media\/2800"}],"wp:attachment":[{"href":"https:\/\/www.topfastpcb.com\/pt\/wp-json\/wp\/v2\/media?parent=2798"}],"wp:term":[{"taxonomy":"product_brand","embeddable":true,"href":"https:\/\/www.topfastpcb.com\/pt\/wp-json\/wp\/v2\/product_brand?post=2798"},{"taxonomy":"product_cat","embeddable":true,"href":"https:\/\/www.topfastpcb.com\/pt\/wp-json\/wp\/v2\/product_cat?post=2798"},{"taxonomy":"product_tag","embeddable":true,"href":"https:\/\/www.topfastpcb.com\/pt\/wp-json\/wp\/v2\/product_tag?post=2798"}],"curies":[{"name":"wp","href":"https:\/\/api.w.org\/{rel}","templated":true}]}}