{"id":2804,"date":"2025-05-24T17:07:40","date_gmt":"2025-05-24T09:07:40","guid":{"rendered":"https:\/\/www.topfastpcb.com\/?post_type=product&#038;p=2804"},"modified":"2025-06-24T10:08:34","modified_gmt":"2025-06-24T02:08:34","slug":"bill-of-materials-bom","status":"publish","type":"product","link":"https:\/\/www.topfastpcb.com\/pt\/products\/bill-of-materials-bom\/","title":{"rendered":"Lista de materiais (BOM)"},"content":{"rendered":"<div id=\"ez-toc-container\" class=\"ez-toc-v2_0_74 counter-hierarchy ez-toc-counter ez-toc-custom ez-toc-container-direction\">\n<div class=\"ez-toc-title-container\">\n<p class=\"ez-toc-title\" style=\"cursor:inherit\">\u00cdndice<\/p>\n<span class=\"ez-toc-title-toggle\"><\/span><\/div>\n<nav><ul class='ez-toc-list ez-toc-list-level-1' ><ul class='ez-toc-list-level-3' ><li class='ez-toc-heading-level-3'><a class=\"ez-toc-link ez-toc-heading-1\" href=\"https:\/\/www.topfastpcb.com\/pt\/products\/bill-of-materials-bom\/#Key_Concepts\" >Conceitos-chave:<\/a><\/li><\/ul><\/li><li class='ez-toc-page-1 ez-toc-heading-level-2'><a class=\"ez-toc-link ez-toc-heading-2\" href=\"https:\/\/www.topfastpcb.com\/pt\/products\/bill-of-materials-bom\/#BOM_Structure_Types\" >Estrutura e tipos de lista t\u00e9cnica<\/a><ul class='ez-toc-list-level-3' ><li class='ez-toc-heading-level-3'><a class=\"ez-toc-link ez-toc-heading-3\" href=\"https:\/\/www.topfastpcb.com\/pt\/products\/bill-of-materials-bom\/#1_Structural_Representation\" >1. Representa\u00e7\u00e3o estrutural<\/a><\/li><li class='ez-toc-page-1 ez-toc-heading-level-3'><a class=\"ez-toc-link ez-toc-heading-4\" href=\"https:\/\/www.topfastpcb.com\/pt\/products\/bill-of-materials-bom\/#2_BOM_Types_by_Function\" >2. Tipos de lista t\u00e9cnica por fun\u00e7\u00e3o<\/a><\/li><li class='ez-toc-page-1 ez-toc-heading-level-3'><a class=\"ez-toc-link ez-toc-heading-5\" href=\"https:\/\/www.topfastpcb.com\/pt\/products\/bill-of-materials-bom\/#3_Development-Stage_BOMs\" >3. Listas t\u00e9cnicas da fase de desenvolvimento<\/a><\/li><\/ul><\/li><li class='ez-toc-page-1 ez-toc-heading-level-2'><a class=\"ez-toc-link ez-toc-heading-6\" href=\"https:\/\/www.topfastpcb.com\/pt\/products\/bill-of-materials-bom\/#Core_Functions_Applications\" >Fun\u00e7\u00f5es e aplica\u00e7\u00f5es principais<\/a><ul class='ez-toc-list-level-3' ><li class='ez-toc-heading-level-3'><a class=\"ez-toc-link ez-toc-heading-7\" href=\"https:\/\/www.topfastpcb.com\/pt\/products\/bill-of-materials-bom\/#1_Cross-Departmental_Utility\" >1. Utilidade interdepartamental<\/a><\/li><li class='ez-toc-page-1 ez-toc-heading-level-3'><a class=\"ez-toc-link ez-toc-heading-8\" href=\"https:\/\/www.topfastpcb.com\/pt\/products\/bill-of-materials-bom\/#2_ERP_Integration\" >2. Integra\u00e7\u00e3o ERP<\/a><\/li><li class='ez-toc-page-1 ez-toc-heading-level-3'><a class=\"ez-toc-link ez-toc-heading-9\" href=\"https:\/\/www.topfastpcb.com\/pt\/products\/bill-of-materials-bom\/#3_Advanced_BOM_Formats\" >3. Formatos avan\u00e7ados de lista t\u00e9cnica<\/a><\/li><\/ul><\/li><li class='ez-toc-page-1 ez-toc-heading-level-2'><a class=\"ez-toc-link ez-toc-heading-10\" href=\"https:\/\/www.topfastpcb.com\/pt\/products\/bill-of-materials-bom\/#Best_Practices_Challenges\" >Melhores pr\u00e1ticas e desafios<\/a><ul class='ez-toc-list-level-3' ><li class='ez-toc-heading-level-3'><a class=\"ez-toc-link ez-toc-heading-11\" href=\"https:\/\/www.topfastpcb.com\/pt\/products\/bill-of-materials-bom\/#Critical_Success_Factors\" >Factores cr\u00edticos de sucesso<\/a><\/li><li class='ez-toc-page-1 ez-toc-heading-level-3'><a class=\"ez-toc-link ez-toc-heading-12\" href=\"https:\/\/www.topfastpcb.com\/pt\/products\/bill-of-materials-bom\/#Common_Pitfalls\" >Armadilhas comuns<\/a><\/li><li class='ez-toc-page-1 ez-toc-heading-level-3'><a class=\"ez-toc-link ez-toc-heading-13\" href=\"https:\/\/www.topfastpcb.com\/pt\/products\/bill-of-materials-bom\/#Validation_Methods\" >M\u00e9todos de valida\u00e7\u00e3o<\/a><\/li><\/ul><\/li><li class='ez-toc-page-1 ez-toc-heading-level-2'><a class=\"ez-toc-link ez-toc-heading-14\" href=\"https:\/\/www.topfastpcb.com\/pt\/products\/bill-of-materials-bom\/#BOM_in_Digital_Transformation\" >A lista t\u00e9cnica na transforma\u00e7\u00e3o digital<\/a><ul class='ez-toc-list-level-3' ><li class='ez-toc-heading-level-3'><a class=\"ez-toc-link ez-toc-heading-15\" href=\"https:\/\/www.topfastpcb.com\/pt\/products\/bill-of-materials-bom\/#1_PDMPLM_Integration\" >1. Integra\u00e7\u00e3o PDM\/PLM<\/a><\/li><li class='ez-toc-page-1 ez-toc-heading-level-3'><a class=\"ez-toc-link ez-toc-heading-16\" href=\"https:\/\/www.topfastpcb.com\/pt\/products\/bill-of-materials-bom\/#2_AIML_Applications\" >2. Aplica\u00e7\u00f5es IA\/ML<\/a><\/li><li class='ez-toc-page-1 ez-toc-heading-level-3'><a class=\"ez-toc-link ez-toc-heading-17\" href=\"https:\/\/www.topfastpcb.com\/pt\/products\/bill-of-materials-bom\/#3_IoT_Smart_Manufacturing\" >3. IoT e fabrico inteligente<\/a><\/li><\/ul><\/li><\/ul><\/nav><\/div>\n\n<p class=\"ds-markdown-paragraph\">A<span>\u00a0<\/span><strong>Lista de materiais (BOM)\u00a0<\/strong>\u00e9 uma lista estruturada que define os componentes, as pe\u00e7as, as mat\u00e9rias-primas e os conjuntos necess\u00e1rios para fabricar um produto. Serve como um documento fundamental no fabrico, detalhando a rela\u00e7\u00e3o hier\u00e1rquica entre os itens principais e secund\u00e1rios, juntamente com as quantidades.<\/p>\n<h3><span class=\"ez-toc-section\" id=\"Key_Concepts\"><\/span>Conceitos-chave:<span class=\"ez-toc-section-end\"><\/span><\/h3>\n<ul>\n<li>\n<p class=\"ds-markdown-paragraph\"><strong>Estrutura hier\u00e1rquica<\/strong>: Representa a composi\u00e7\u00e3o do produto, desde os conjuntos de n\u00edvel superior at\u00e9 \u00e0s pe\u00e7as individuais.<\/p>\n<\/li>\n<li>\n<p class=\"ds-markdown-paragraph\"><strong>Aplica\u00e7\u00e3o multi-setorial<\/strong>:<\/p>\n<ul>\n<li>\n<p class=\"ds-markdown-paragraph\"><em>Fabrico discreto<\/em>: Mostra as rela\u00e7\u00f5es entre componentes mec\u00e2nicos e electr\u00f3nicos (por exemplo, autom\u00f3veis, eletr\u00f3nica).<\/p>\n<\/li>\n<li>\n<p class=\"ds-markdown-paragraph\"><em>Ind\u00fastrias de processo<\/em>: Especifica f\u00f3rmulas com mat\u00e9rias-primas e r\u00e1cios (por exemplo, produtos qu\u00edmicos, produtos farmac\u00eauticos).<\/p>\n<\/li>\n<\/ul>\n<\/li>\n<li>\n<p class=\"ds-markdown-paragraph\"><strong>Ficheiro ERP\/MRP principal<\/strong>: Cr\u00edtico para o planeamento de materiais, c\u00e1lculo de custos e programa\u00e7\u00e3o da produ\u00e7\u00e3o.<\/p>\n<\/li>\n<\/ul>\n<h2><span class=\"ez-toc-section\" id=\"BOM_Structure_Types\"><\/span>Estrutura e tipos de lista t\u00e9cnica<span class=\"ez-toc-section-end\"><\/span><\/h2>\n<h3><span class=\"ez-toc-section\" id=\"1_Structural_Representation\"><\/span>1.<span>\u00a0<\/span><strong>Representa\u00e7\u00e3o estrutural<\/strong><span class=\"ez-toc-section-end\"><\/span><\/h3>\n<ul>\n<li>\n<p class=\"ds-markdown-paragraph\"><strong>Lista t\u00e9cnica de um n\u00edvel<\/strong>: Lista os componentes diretos de um item superior.<\/p>\n<\/li>\n<li>\n<p class=\"ds-markdown-paragraph\"><strong>Lista t\u00e9cnica multin\u00edvel<\/strong>: Expande-se em subconjuntos (por exemplo, Produto \u2192 Subconjunto \u2192 Pe\u00e7a).<\/p>\n<\/li>\n<li>\n<p class=\"ds-markdown-paragraph\"><strong>Lista t\u00e9cnica indentada<\/strong>: Visualiza a hierarquia com indenta\u00e7\u00e3o (ver<span>\u00a0<\/span><em>Figura 1<\/em>).<\/p>\n<\/li>\n<\/ul>\n<h3><span class=\"ez-toc-section\" id=\"2_BOM_Types_by_Function\"><\/span>2.<span>\u00a0<\/span><strong>Tipos de lista t\u00e9cnica por fun\u00e7\u00e3o<\/strong><span class=\"ez-toc-section-end\"><\/span><\/h3>\n<div class=\"markdown-table-wrapper\">\n<table>\n<thead>\n<tr>\n<th>Tipo<\/th>\n<th>Descri\u00e7\u00e3o<\/th>\n<th>Exemplo de caso de utiliza\u00e7\u00e3o<\/th>\n<\/tr>\n<\/thead>\n<tbody>\n<tr>\n<td><strong>Lista t\u00e9cnica padr\u00e3o<\/strong><\/td>\n<td>Define os componentes f\u00edsicos para a produ\u00e7\u00e3o.<\/td>\n<td>Fabrico de um smartphone.<\/td>\n<\/tr>\n<tr>\n<td><strong>Lista t\u00e9cnica de planeamento<\/strong><\/td>\n<td>Utiliza percentagens para a previs\u00e3o de fam\u00edlias de produtos.<\/td>\n<td>Planeamento da procura de modelos de autom\u00f3veis.<\/td>\n<\/tr>\n<tr>\n<td><strong>Modelo de lista t\u00e9cnica<\/strong><\/td>\n<td>Configur\u00e1vel com componentes opcionais (ATO\/PTO).<\/td>\n<td>Computadores port\u00e1teis personaliz\u00e1veis.<\/td>\n<\/tr>\n<tr>\n<td><strong>Classe de op\u00e7\u00e3o Lista t\u00e9cnica<\/strong><\/td>\n<td>Agrupa op\u00e7\u00f5es relacionadas numa categoria.<\/td>\n<td>Pacotes de acabamentos para autom\u00f3veis.<\/td>\n<\/tr>\n<\/tbody>\n<\/table>\n<\/div>\n<h3><span class=\"ez-toc-section\" id=\"3_Development-Stage_BOMs\"><\/span>3.<span>\u00a0<\/span><strong>Listas t\u00e9cnicas da fase de desenvolvimento<\/strong><span class=\"ez-toc-section-end\"><\/span><\/h3>\n<ul>\n<li>\n<p class=\"ds-markdown-paragraph\"><strong>Lista t\u00e9cnica de engenharia (EBOM)<\/strong>: Centrado na conce\u00e7\u00e3o, a partir de sistemas CAD\/PDM.<\/p>\n<\/li>\n<li>\n<p class=\"ds-markdown-paragraph\"><strong>Lista t\u00e9cnica de processo (PBOM)<\/strong>: Acrescenta etapas de fabrico e requisitos de ferramentas.<\/p>\n<\/li>\n<li>\n<p class=\"ds-markdown-paragraph\"><strong>Lista t\u00e9cnica de produ\u00e7\u00e3o (MBOM)<\/strong>: Inclui pormenores operacionais (rotas, recursos).<\/p>\n<\/li>\n<\/ul>\n<h2><img loading=\"lazy\" decoding=\"async\" src=\"https:\/\/www.topfastpcb.com\/wp-content\/uploads\/2025\/05\/bom-1.jpg\" alt=\"bomba\" width=\"600\" height=\"402\" class=\"aligncenter size-full wp-image-2806\" srcset=\"https:\/\/www.topfastpcb.com\/wp-content\/uploads\/2025\/05\/bom-1.jpg 600w, https:\/\/www.topfastpcb.com\/wp-content\/uploads\/2025\/05\/bom-1-300x201.jpg 300w, https:\/\/www.topfastpcb.com\/wp-content\/uploads\/2025\/05\/bom-1-18x12.jpg 18w\" sizes=\"auto, (max-width: 600px) 100vw, 600px\" \/><\/h2>\n<h2><span class=\"ez-toc-section\" id=\"Core_Functions_Applications\"><\/span>Fun\u00e7\u00f5es e aplica\u00e7\u00f5es principais<span class=\"ez-toc-section-end\"><\/span><\/h2>\n<h3><span class=\"ez-toc-section\" id=\"1_Cross-Departmental_Utility\"><\/span>1.<span>\u00a0<\/span><strong>Utilidade interdepartamental<\/strong><span class=\"ez-toc-section-end\"><\/span><\/h3>\n<ul>\n<li>\n<p class=\"ds-markdown-paragraph\"><strong>Conce\u00e7\u00e3o<\/strong>: Valida a arquitetura do produto.<\/p>\n<\/li>\n<li>\n<p class=\"ds-markdown-paragraph\"><strong>Produ\u00e7\u00e3o<\/strong>: Orienta a montagem e a emiss\u00e3o de materiais.<\/p>\n<\/li>\n<li>\n<p class=\"ds-markdown-paragraph\"><strong>Aquisi\u00e7\u00e3o<\/strong>: Acciona as ordens de compra.<\/p>\n<\/li>\n<li>\n<p class=\"ds-markdown-paragraph\"><strong>C\u00e1lculo de custos<\/strong>: Calcula os custos do produto atrav\u00e9s do roll-up de componentes.<\/p>\n<\/li>\n<\/ul>\n<h3><span class=\"ez-toc-section\" id=\"2_ERP_Integration\"><\/span>2.<span>\u00a0<\/span><strong>Integra\u00e7\u00e3o ERP<\/strong><span class=\"ez-toc-section-end\"><\/span><\/h3>\n<ul>\n<li>\n<p class=\"ds-markdown-paragraph\"><strong>Condutor MRP<\/strong>: Converte o plano mestre de produ\u00e7\u00e3o (MPS) em necessidades de material.<\/p>\n<\/li>\n<li>\n<p class=\"ds-markdown-paragraph\"><strong>Fonte de dados unificada<\/strong>: Liga\u00e7\u00f5es entre engenharia, planeamento e finan\u00e7as.<\/p>\n<\/li>\n<\/ul>\n<h3><span class=\"ez-toc-section\" id=\"3_Advanced_BOM_Formats\"><\/span>3.<span>\u00a0<\/span><strong>Formatos avan\u00e7ados de lista t\u00e9cnica<\/strong><span class=\"ez-toc-section-end\"><\/span><\/h3>\n<ul>\n<li>\n<p class=\"ds-markdown-paragraph\"><strong>Lista t\u00e9cnica de matriz<\/strong>: Compara variantes (por exemplo, fam\u00edlias de produtos).<\/p>\n<\/li>\n<li>\n<p class=\"ds-markdown-paragraph\"><strong>Lista t\u00e9cnica modular<\/strong>: Gest\u00e3o de produtos configur\u00e1veis (por exemplo, equipamento industrial).<\/p>\n<\/li>\n<\/ul>\n<h2><span class=\"ez-toc-section\" id=\"Best_Practices_Challenges\"><\/span>Melhores pr\u00e1ticas e desafios<span class=\"ez-toc-section-end\"><\/span><\/h2>\n<h3><span class=\"ez-toc-section\" id=\"Critical_Success_Factors\"><\/span><strong>Factores cr\u00edticos de sucesso<\/strong><span class=\"ez-toc-section-end\"><\/span><\/h3>\n<ul>\n<li>\n<p class=\"ds-markdown-paragraph\"><strong>Exatid\u00e3o<\/strong>: Precis\u00e3o &gt;98% necess\u00e1ria para a efic\u00e1cia do ERP.<\/p>\n<\/li>\n<li>\n<p class=\"ds-markdown-paragraph\"><strong>Controlo de vers\u00f5es<\/strong>: Sincronizar as transi\u00e7\u00f5es EBOM\u2192MBOM.<\/p>\n<\/li>\n<li>\n<p class=\"ds-markdown-paragraph\"><strong>Componentes especiais<\/strong>: Pega<span>\u00a0<\/span><em>fantasmas<\/em><span>\u00a0<\/span>(artigos n\u00e3o armazenados) e<span>\u00a0<\/span><em>kits<\/em><span>\u00a0<\/span>logicamente.<\/p>\n<\/li>\n<\/ul>\n<h3><span class=\"ez-toc-section\" id=\"Common_Pitfalls\"><\/span><strong>Armadilhas comuns<\/strong><span class=\"ez-toc-section-end\"><\/span><\/h3>\n<ul>\n<li>\n<p class=\"ds-markdown-paragraph\"><strong>Quantidades incorrectas<\/strong>: Provoca escassez\/excesso de exist\u00eancias.<\/p>\n<\/li>\n<li>\n<p class=\"ds-markdown-paragraph\"><strong>Itens obsoletos<\/strong>: Leva ao desperd\u00edcio de stocks.<\/p>\n<\/li>\n<li>\n<p class=\"ds-markdown-paragraph\"><strong>Manuten\u00e7\u00e3o deficiente<\/strong>: Desencadeia erros em cascata no MRP.<\/p>\n<\/li>\n<\/ul>\n<h3><span class=\"ez-toc-section\" id=\"Validation_Methods\"><\/span><strong>M\u00e9todos de valida\u00e7\u00e3o<\/strong><span class=\"ez-toc-section-end\"><\/span><\/h3>\n<ol start=\"1\">\n<li>\n<p class=\"ds-markdown-paragraph\"><strong>Desmontagens f\u00edsicas<\/strong>: Desmontar produtos para verificar as listas t\u00e9cnicas.<\/p>\n<\/li>\n<li>\n<p class=\"ds-markdown-paragraph\"><strong>Revis\u00f5es multifuncionais<\/strong>: Envolver as equipas de engenharia, produ\u00e7\u00e3o e planeamento.<\/p>\n<\/li>\n<li>\n<p class=\"ds-markdown-paragraph\"><strong>An\u00e1lise ERP<\/strong>: Monitorizar os movimentos de material n\u00e3o planeados (por exemplo, devolu\u00e7\u00f5es em excesso).<\/p>\n<\/li>\n<\/ol>\n<h2><span class=\"ez-toc-section\" id=\"BOM_in_Digital_Transformation\"><\/span>A lista t\u00e9cnica na transforma\u00e7\u00e3o digital<span class=\"ez-toc-section-end\"><\/span><\/h2>\n<h3><span class=\"ez-toc-section\" id=\"1_PDMPLM_Integration\"><\/span>1.<span>\u00a0<\/span><strong>Integra\u00e7\u00e3o PDM\/PLM<\/strong><span class=\"ez-toc-section-end\"><\/span><\/h3>\n<ul>\n<li>\n<p class=\"ds-markdown-paragraph\">Automatize a convers\u00e3o EBOM\u2192MBOM com regras de fluxo de trabalho.<\/p>\n<\/li>\n<li>\n<p class=\"ds-markdown-paragraph\">Incorporar atributos de fabrico (por exemplo, toler\u00e2ncias, revestimentos).<\/p>\n<\/li>\n<\/ul>\n<h3><span class=\"ez-toc-section\" id=\"2_AIML_Applications\"><\/span>2.<span>\u00a0<\/span><strong>Aplica\u00e7\u00f5es de IA\/ML<\/strong><span class=\"ez-toc-section-end\"><\/span><\/h3>\n<ul>\n<li>\n<p class=\"ds-markdown-paragraph\">Otimiza\u00e7\u00e3o preditiva da lista t\u00e9cnica: Sugerir alternativas em caso de escassez.<\/p>\n<\/li>\n<li>\n<p class=\"ds-markdown-paragraph\">Dete\u00e7\u00e3o de anomalias**: Sinalize discrep\u00e2ncias em tempo real.<\/p>\n<\/li>\n<\/ul>\n<h3><span class=\"ez-toc-section\" id=\"3_IoT_Smart_Manufacturing\"><\/span>3.<span>\u00a0<\/span><strong>IoT e fabrico inteligente<\/strong><span class=\"ez-toc-section-end\"><\/span><\/h3>\n<ul>\n<li>\n<p class=\"ds-markdown-paragraph\">Listas t\u00e9cnicas din\u00e2micas: Ajustar com base nos dados do sensor (por exemplo, pe\u00e7as de desgaste).<\/p>\n<\/li>\n<\/ul>\n<p class=\"ds-markdown-paragraph\">Uma lista t\u00e9cnica bem gerida \u00e9 a espinha dorsal de um fabrico eficiente, permitindo uma coordena\u00e7\u00e3o perfeita desde a conce\u00e7\u00e3o at\u00e9 \u00e0 entrega.As empresas que investem na precis\u00e3o da lista t\u00e9cnica e na integra\u00e7\u00e3o digital obt\u00eam vantagens competitivas em termos de controlo de custos, agilidade e tempo de coloca\u00e7\u00e3o no mercado.<\/p>","protected":false},"excerpt":{"rendered":"<p>Gest\u00e3o da Lista de Materiais (BOM): tipos, estruturas e melhores pr\u00e1ticas para o fabrico. Saiba como as listas de materiais impulsionam o ERP, reduzem custos e agilizam a produ\u00e7\u00e3o.<\/p>","protected":false},"featured_media":2805,"comment_status":"closed","ping_status":"closed","template":"","meta":[],"product_brand":[],"product_cat":[217],"product_tag":[256,257],"class_list":{"0":"post-2804","1":"product","2":"type-product","3":"status-publish","4":"has-post-thumbnail","6":"product_cat-electronic-components","7":"product_tag-bill-of-materials","8":"product_tag-bom","10":"first","11":"instock","12":"shipping-taxable","13":"product-type-simple"},"yoast_head":"<!-- This site is optimized with the Yoast SEO plugin v25.1 - https:\/\/yoast.com\/wordpress\/plugins\/seo\/ -->\n<title>Bill of Materials (BOM) - Topfastpcb<\/title>\n<meta name=\"description\" content=\"Master Bill of Materials (BOM) management: types, structures, and best practices for manufacturing. Learn how BOMs drive ERP, reduce costs, and streamline production.\" \/>\n<meta name=\"robots\" content=\"index, follow, max-snippet:-1, max-image-preview:large, max-video-preview:-1\" \/>\n<link rel=\"canonical\" href=\"https:\/\/www.topfastpcb.com\/pt\/products\/bill-of-materials-bom\/\" \/>\n<meta property=\"og:locale\" content=\"pt_PT\" \/>\n<meta property=\"og:type\" content=\"article\" \/>\n<meta property=\"og:title\" content=\"Bill of Materials (BOM) - Topfastpcb\" \/>\n<meta property=\"og:description\" content=\"Master Bill of Materials (BOM) management: types, structures, and best practices for manufacturing. Learn how BOMs drive ERP, reduce costs, and streamline production.\" \/>\n<meta property=\"og:url\" content=\"https:\/\/www.topfastpcb.com\/pt\/products\/bill-of-materials-bom\/\" \/>\n<meta property=\"og:site_name\" content=\"Topfastpcb\" \/>\n<meta property=\"article:modified_time\" content=\"2025-06-24T02:08:34+00:00\" \/>\n<meta property=\"og:image\" content=\"https:\/\/www.topfastpcb.com\/wp-content\/uploads\/2025\/05\/bom.jpg\" \/>\n\t<meta property=\"og:image:width\" content=\"750\" \/>\n\t<meta property=\"og:image:height\" content=\"750\" \/>\n\t<meta property=\"og:image:type\" content=\"image\/jpeg\" \/>\n<meta name=\"twitter:card\" content=\"summary_large_image\" \/>\n<meta name=\"twitter:label1\" content=\"Tempo estimado de leitura\" \/>\n\t<meta name=\"twitter:data1\" content=\"3 minutos\" \/>\n<script type=\"application\/ld+json\" class=\"yoast-schema-graph\">{\"@context\":\"https:\/\/schema.org\",\"@graph\":[{\"@type\":\"WebPage\",\"@id\":\"https:\/\/www.topfastpcb.com\/products\/bill-of-materials-bom\/\",\"url\":\"https:\/\/www.topfastpcb.com\/products\/bill-of-materials-bom\/\",\"name\":\"Bill of Materials (BOM) - Topfastpcb\",\"isPartOf\":{\"@id\":\"https:\/\/www.topfastpcb.com\/#website\"},\"primaryImageOfPage\":{\"@id\":\"https:\/\/www.topfastpcb.com\/products\/bill-of-materials-bom\/#primaryimage\"},\"image\":{\"@id\":\"https:\/\/www.topfastpcb.com\/products\/bill-of-materials-bom\/#primaryimage\"},\"thumbnailUrl\":\"https:\/\/www.topfastpcb.com\/wp-content\/uploads\/2025\/05\/bom.jpg\",\"datePublished\":\"2025-05-24T09:07:40+00:00\",\"dateModified\":\"2025-06-24T02:08:34+00:00\",\"description\":\"Master Bill of Materials (BOM) management: types, structures, and best practices for manufacturing. Learn how BOMs drive ERP, reduce costs, and streamline production.\",\"breadcrumb\":{\"@id\":\"https:\/\/www.topfastpcb.com\/products\/bill-of-materials-bom\/#breadcrumb\"},\"inLanguage\":\"pt-PT\",\"potentialAction\":[{\"@type\":\"ReadAction\",\"target\":[\"https:\/\/www.topfastpcb.com\/products\/bill-of-materials-bom\/\"]}]},{\"@type\":\"ImageObject\",\"inLanguage\":\"pt-PT\",\"@id\":\"https:\/\/www.topfastpcb.com\/products\/bill-of-materials-bom\/#primaryimage\",\"url\":\"https:\/\/www.topfastpcb.com\/wp-content\/uploads\/2025\/05\/bom.jpg\",\"contentUrl\":\"https:\/\/www.topfastpcb.com\/wp-content\/uploads\/2025\/05\/bom.jpg\",\"width\":750,\"height\":750,\"caption\":\"bom\"},{\"@type\":\"BreadcrumbList\",\"@id\":\"https:\/\/www.topfastpcb.com\/products\/bill-of-materials-bom\/#breadcrumb\",\"itemListElement\":[{\"@type\":\"ListItem\",\"position\":1,\"name\":\"\u9996\u9875\",\"item\":\"https:\/\/www.topfastpcb.com\/\"},{\"@type\":\"ListItem\",\"position\":2,\"name\":\"\u5546\u5e97\",\"item\":\"https:\/\/www.topfastpcb.com\/shop\/\"},{\"@type\":\"ListItem\",\"position\":3,\"name\":\"Bill of Materials (BOM)\"}]},{\"@type\":\"WebSite\",\"@id\":\"https:\/\/www.topfastpcb.com\/#website\",\"url\":\"https:\/\/www.topfastpcb.com\/\",\"name\":\"Topfastpcb\",\"description\":\"Topfast Prime Choice for Global Electronics Manufacturing\",\"publisher\":{\"@id\":\"https:\/\/www.topfastpcb.com\/#organization\"},\"potentialAction\":[{\"@type\":\"SearchAction\",\"target\":{\"@type\":\"EntryPoint\",\"urlTemplate\":\"https:\/\/www.topfastpcb.com\/?s={search_term_string}\"},\"query-input\":{\"@type\":\"PropertyValueSpecification\",\"valueRequired\":true,\"valueName\":\"search_term_string\"}}],\"inLanguage\":\"pt-PT\"},{\"@type\":\"Organization\",\"@id\":\"https:\/\/www.topfastpcb.com\/#organization\",\"name\":\"Topfastpcb\",\"url\":\"https:\/\/www.topfastpcb.com\/\",\"logo\":{\"@type\":\"ImageObject\",\"inLanguage\":\"pt-PT\",\"@id\":\"https:\/\/www.topfastpcb.com\/#\/schema\/logo\/image\/\",\"url\":\"https:\/\/www.topfastpcb.com\/wp-content\/uploads\/2026\/02\/cropped-topfast-logo.png\",\"contentUrl\":\"https:\/\/www.topfastpcb.com\/wp-content\/uploads\/2026\/02\/cropped-topfast-logo.png\",\"width\":144,\"height\":56,\"caption\":\"Topfastpcb\"},\"image\":{\"@id\":\"https:\/\/www.topfastpcb.com\/#\/schema\/logo\/image\/\"}}]}<\/script>\n<!-- \/ Yoast SEO plugin. -->","yoast_head_json":{"title":"Bill of Materials (BOM) - Topfastpcb","description":"Master Bill of Materials (BOM) management: types, structures, and best practices for manufacturing. Learn how BOMs drive ERP, reduce costs, and streamline production.","robots":{"index":"index","follow":"follow","max-snippet":"max-snippet:-1","max-image-preview":"max-image-preview:large","max-video-preview":"max-video-preview:-1"},"canonical":"https:\/\/www.topfastpcb.com\/pt\/products\/bill-of-materials-bom\/","og_locale":"pt_PT","og_type":"article","og_title":"Bill of Materials (BOM) - Topfastpcb","og_description":"Master Bill of Materials (BOM) management: types, structures, and best practices for manufacturing. Learn how BOMs drive ERP, reduce costs, and streamline production.","og_url":"https:\/\/www.topfastpcb.com\/pt\/products\/bill-of-materials-bom\/","og_site_name":"Topfastpcb","article_modified_time":"2025-06-24T02:08:34+00:00","og_image":[{"width":750,"height":750,"url":"https:\/\/www.topfastpcb.com\/wp-content\/uploads\/2025\/05\/bom.jpg","type":"image\/jpeg"}],"twitter_card":"summary_large_image","twitter_misc":{"Tempo estimado de leitura":"3 minutos"},"schema":{"@context":"https:\/\/schema.org","@graph":[{"@type":"WebPage","@id":"https:\/\/www.topfastpcb.com\/products\/bill-of-materials-bom\/","url":"https:\/\/www.topfastpcb.com\/products\/bill-of-materials-bom\/","name":"Bill of Materials (BOM) - Topfastpcb","isPartOf":{"@id":"https:\/\/www.topfastpcb.com\/#website"},"primaryImageOfPage":{"@id":"https:\/\/www.topfastpcb.com\/products\/bill-of-materials-bom\/#primaryimage"},"image":{"@id":"https:\/\/www.topfastpcb.com\/products\/bill-of-materials-bom\/#primaryimage"},"thumbnailUrl":"https:\/\/www.topfastpcb.com\/wp-content\/uploads\/2025\/05\/bom.jpg","datePublished":"2025-05-24T09:07:40+00:00","dateModified":"2025-06-24T02:08:34+00:00","description":"Master Bill of Materials (BOM) management: types, structures, and best practices for manufacturing. Learn how BOMs drive ERP, reduce costs, and streamline production.","breadcrumb":{"@id":"https:\/\/www.topfastpcb.com\/products\/bill-of-materials-bom\/#breadcrumb"},"inLanguage":"pt-PT","potentialAction":[{"@type":"ReadAction","target":["https:\/\/www.topfastpcb.com\/products\/bill-of-materials-bom\/"]}]},{"@type":"ImageObject","inLanguage":"pt-PT","@id":"https:\/\/www.topfastpcb.com\/products\/bill-of-materials-bom\/#primaryimage","url":"https:\/\/www.topfastpcb.com\/wp-content\/uploads\/2025\/05\/bom.jpg","contentUrl":"https:\/\/www.topfastpcb.com\/wp-content\/uploads\/2025\/05\/bom.jpg","width":750,"height":750,"caption":"bom"},{"@type":"BreadcrumbList","@id":"https:\/\/www.topfastpcb.com\/products\/bill-of-materials-bom\/#breadcrumb","itemListElement":[{"@type":"ListItem","position":1,"name":"\u9996\u9875","item":"https:\/\/www.topfastpcb.com\/"},{"@type":"ListItem","position":2,"name":"\u5546\u5e97","item":"https:\/\/www.topfastpcb.com\/shop\/"},{"@type":"ListItem","position":3,"name":"Bill of Materials (BOM)"}]},{"@type":"WebSite","@id":"https:\/\/www.topfastpcb.com\/#website","url":"https:\/\/www.topfastpcb.com\/","name":"Topfastpcb","description":"Topfast Prime Choice for Global Electronics Manufacturing","publisher":{"@id":"https:\/\/www.topfastpcb.com\/#organization"},"potentialAction":[{"@type":"SearchAction","target":{"@type":"EntryPoint","urlTemplate":"https:\/\/www.topfastpcb.com\/?s={search_term_string}"},"query-input":{"@type":"PropertyValueSpecification","valueRequired":true,"valueName":"search_term_string"}}],"inLanguage":"pt-PT"},{"@type":"Organization","@id":"https:\/\/www.topfastpcb.com\/#organization","name":"Topfastpcb","url":"https:\/\/www.topfastpcb.com\/","logo":{"@type":"ImageObject","inLanguage":"pt-PT","@id":"https:\/\/www.topfastpcb.com\/#\/schema\/logo\/image\/","url":"https:\/\/www.topfastpcb.com\/wp-content\/uploads\/2026\/02\/cropped-topfast-logo.png","contentUrl":"https:\/\/www.topfastpcb.com\/wp-content\/uploads\/2026\/02\/cropped-topfast-logo.png","width":144,"height":56,"caption":"Topfastpcb"},"image":{"@id":"https:\/\/www.topfastpcb.com\/#\/schema\/logo\/image\/"}}]}},"_links":{"self":[{"href":"https:\/\/www.topfastpcb.com\/pt\/wp-json\/wp\/v2\/product\/2804","targetHints":{"allow":["GET"]}}],"collection":[{"href":"https:\/\/www.topfastpcb.com\/pt\/wp-json\/wp\/v2\/product"}],"about":[{"href":"https:\/\/www.topfastpcb.com\/pt\/wp-json\/wp\/v2\/types\/product"}],"replies":[{"embeddable":true,"href":"https:\/\/www.topfastpcb.com\/pt\/wp-json\/wp\/v2\/comments?post=2804"}],"wp:featuredmedia":[{"embeddable":true,"href":"https:\/\/www.topfastpcb.com\/pt\/wp-json\/wp\/v2\/media\/2805"}],"wp:attachment":[{"href":"https:\/\/www.topfastpcb.com\/pt\/wp-json\/wp\/v2\/media?parent=2804"}],"wp:term":[{"taxonomy":"product_brand","embeddable":true,"href":"https:\/\/www.topfastpcb.com\/pt\/wp-json\/wp\/v2\/product_brand?post=2804"},{"taxonomy":"product_cat","embeddable":true,"href":"https:\/\/www.topfastpcb.com\/pt\/wp-json\/wp\/v2\/product_cat?post=2804"},{"taxonomy":"product_tag","embeddable":true,"href":"https:\/\/www.topfastpcb.com\/pt\/wp-json\/wp\/v2\/product_tag?post=2804"}],"curies":[{"name":"wp","href":"https:\/\/api.w.org\/{rel}","templated":true}]}}