{"id":2981,"date":"2025-05-30T10:38:29","date_gmt":"2025-05-30T02:38:29","guid":{"rendered":"https:\/\/www.topfastpcb.com\/?post_type=product&#038;p=2981"},"modified":"2025-05-30T10:38:29","modified_gmt":"2025-05-30T02:38:29","slug":"automotive-pcb-assembly","status":"publish","type":"product","link":"https:\/\/www.topfastpcb.com\/pt\/products\/automotive-pcb-assembly\/","title":{"rendered":"Montagem de PCB para autom\u00f3veis"},"content":{"rendered":"<p>Com 17 anos de experi\u00eancia profunda na ind\u00fastria de PCB, <a href=\"https:\/\/www.topfastpcb.com\/pt\/\">Topfast<\/a> compreende os desafios \u00fanicos do fabrico de PCBA para eletr\u00f3nica autom\u00f3vel. Desde ECUs de motores a sistemas de condu\u00e7\u00e3o aut\u00f3noma, fornecemos solu\u00e7\u00f5es de circuitos altamente fi\u00e1veis para marcas autom\u00f3veis globais, assegurando que os seus projectos de eletr\u00f3nica autom\u00f3vel n\u00e3o t\u00eam preocupa\u00e7\u00f5es.<\/p>\n<div id=\"ez-toc-container\" class=\"ez-toc-v2_0_74 counter-hierarchy ez-toc-counter ez-toc-custom ez-toc-container-direction\">\n<div class=\"ez-toc-title-container\">\n<p class=\"ez-toc-title\" style=\"cursor:inherit\">\u00cdndice<\/p>\n<span class=\"ez-toc-title-toggle\"><\/span><\/div>\n<nav><ul class='ez-toc-list ez-toc-list-level-1' ><li class='ez-toc-page-1 ez-toc-heading-level-2'><a class=\"ez-toc-link ez-toc-heading-1\" href=\"https:\/\/www.topfastpcb.com\/pt\/products\/automotive-pcb-assembly\/#Why_Do_Global_Automakers_Choose_Topfast\" >Por que os fabricantes globais de autom\u00f3veis escolhem a Topfast?<\/a><\/li><li class='ez-toc-page-1 ez-toc-heading-level-2'><a class=\"ez-toc-link ez-toc-heading-2\" href=\"https:\/\/www.topfastpcb.com\/pt\/products\/automotive-pcb-assembly\/#Our_Automotive_Electronics_Manufacturing_Advantages\" >As nossas vantagens no fabrico de eletr\u00f3nica autom\u00f3vel<\/a><ul class='ez-toc-list-level-3' ><li class='ez-toc-heading-level-3'><a class=\"ez-toc-link ez-toc-heading-3\" href=\"https:\/\/www.topfastpcb.com\/pt\/products\/automotive-pcb-assembly\/#1_Production_Lines_Specifically_Designed_for_Automotive_Electronics\" >1. Linhas de produ\u00e7\u00e3o especificamente concebidas para a eletr\u00f3nica autom\u00f3vel<\/a><\/li><li class='ez-toc-page-1 ez-toc-heading-level-3'><a class=\"ez-toc-link ez-toc-heading-4\" href=\"https:\/\/www.topfastpcb.com\/pt\/products\/automotive-pcb-assembly\/#2_Quality_Standards_Exceeding_Industry_Requirements\" >2. Padr\u00f5es de qualidade que excedem os requisitos da ind\u00fastria<\/a><\/li><li class='ez-toc-page-1 ez-toc-heading-level-3'><a class=\"ez-toc-link ez-toc-heading-5\" href=\"https:\/\/www.topfastpcb.com\/pt\/products\/automotive-pcb-assembly\/#3_Solving_Special_Challenges_in_Automotive_Electronics\" >3. Resolu\u00e7\u00e3o de desafios especiais na eletr\u00f3nica autom\u00f3vel<\/a><\/li><\/ul><\/li><li class='ez-toc-page-1 ez-toc-heading-level-2'><a class=\"ez-toc-link ez-toc-heading-6\" href=\"https:\/\/www.topfastpcb.com\/pt\/products\/automotive-pcb-assembly\/#Automotive_Electronics_Success_Stories\" >Hist\u00f3rias de sucesso da eletr\u00f3nica autom\u00f3vel<\/a><\/li><li class='ez-toc-page-1 ez-toc-heading-level-2'><a class=\"ez-toc-link ez-toc-heading-7\" href=\"https:\/\/www.topfastpcb.com\/pt\/products\/automotive-pcb-assembly\/#Exclusive_Automotive_Electronics_Service_Packages\" >Pacotes exclusivos de servi\u00e7os de eletr\u00f3nica autom\u00f3vel<\/a><\/li><\/ul><\/nav><\/div>\n\n<h2><span class=\"ez-toc-section\" id=\"Why_Do_Global_Automakers_Choose_Topfast\"><\/span>Por que os fabricantes globais de autom\u00f3veis escolhem a Topfast?<span class=\"ez-toc-section-end\"><\/span><\/h2>\n<p><strong>17 anos de experi\u00eancia no fabrico de autom\u00f3veis:<\/strong> Desde a nossa funda\u00e7\u00e3o em 2008, fornecemos servi\u00e7os de PCBA a marcas autom\u00f3veis, incluindo a Mitsubishi, e produzimos mais de 2 milh\u00f5es de metros quadrados de placas de circuitos para autom\u00f3veis. No ano passado, o sistema de info-entretenimento de um dos nossos clientes <a href=\"https:\/\/www.topfastpcb.com\/pt\/products\/category\/pcba\/\">PCBA<\/a> atingiu uma taxa de defeitos de zero PPM (pe\u00e7as por milh\u00e3o).<\/p>\n<p><strong>Verdadeira solu\u00e7\u00e3o completa de eletr\u00f3nica autom\u00f3vel<\/strong><br \/>\n<strong>Consulta de conce\u00e7\u00e3o<\/strong>: Uma equipa t\u00e9cnica com mais de 20 anos de experi\u00eancia ajuda a evitar os problemas de conce\u00e7\u00e3o<br \/>\n<strong>Sele\u00e7\u00e3o de materiais<\/strong>: Utilizar apenas materiais de qualidade autom\u00f3vel em conformidade com a norma AEC-Q200<br \/>\n<strong>Fabrico de precis\u00e3o<\/strong>: \u00b125\u03bcm de precis\u00e3o de controlo do circuito<br \/>\n<strong>Testes rigorosos<\/strong>: 100% em conformidade com as normas IPC-6012DA Classe 3<\/p>\n<p><img loading=\"lazy\" decoding=\"async\" src=\"https:\/\/www.topfastpcb.com\/wp-content\/uploads\/2025\/05\/Automotive-PCB-Assembly.jpg\" alt=\"Montagem de PCB para autom\u00f3veis\" width=\"600\" height=\"402\" class=\"aligncenter size-full wp-image-2982\" srcset=\"https:\/\/www.topfastpcb.com\/wp-content\/uploads\/2025\/05\/Automotive-PCB-Assembly.jpg 600w, https:\/\/www.topfastpcb.com\/wp-content\/uploads\/2025\/05\/Automotive-PCB-Assembly-300x201.jpg 300w, https:\/\/www.topfastpcb.com\/wp-content\/uploads\/2025\/05\/Automotive-PCB-Assembly-18x12.jpg 18w\" sizes=\"auto, (max-width: 600px) 100vw, 600px\" \/><\/p>\n<h2><span class=\"ez-toc-section\" id=\"Our_Automotive_Electronics_Manufacturing_Advantages\"><\/span>As nossas vantagens no fabrico de eletr\u00f3nica autom\u00f3vel<span class=\"ez-toc-section-end\"><\/span><\/h2>\n<h3><span class=\"ez-toc-section\" id=\"1_Production_Lines_Specifically_Designed_for_Automotive_Electronics\"><\/span>1. Linhas de produ\u00e7\u00e3o especificamente concebidas para a eletr\u00f3nica autom\u00f3vel<span class=\"ez-toc-section-end\"><\/span><\/h3>\n<p>Nas nossas modernas instala\u00e7\u00f5es de 20.000 m2, equip\u00e1mo-nos:<br \/>\n<strong>M\u00e1quinas de perfura\u00e7\u00e3o a laser<\/strong>: Para processamento de microvias em placas HDI para autom\u00f3veis (m\u00ednimo 50\u03bcm)<br \/>\n<strong>M\u00e1quinas de obtura\u00e7\u00e3o de resina por v\u00e1cuo<\/strong>: Assegura a fiabilidade das placas de cobre espessas sob choque t\u00e9rmico<br \/>\n<strong>Combo de inspe\u00e7\u00e3o 3D AOI+AXI<\/strong>: Detecta 99,99% de defeitos de soldadura<\/p>\n<p><strong>Capacidade mensal:<\/strong><br \/>\n100.000\u33a1 PCB (incluindo placas de alta frequ\u00eancia, cobre espesso e outras placas especiais)<br \/>\n60 milh\u00f5es de juntas de solda SMT (m\u00e1quinas de coloca\u00e7\u00e3o de alta velocidade YAMAHA com precis\u00e3o de \u00b115\u03bcm)<\/p>\n<h3><span class=\"ez-toc-section\" id=\"2_Quality_Standards_Exceeding_Industry_Requirements\"><\/span>2. Padr\u00f5es de qualidade que excedem os requisitos da ind\u00fastria<span class=\"ez-toc-section-end\"><\/span><\/h3>\n<p>Para al\u00e9m de cumprirmos a ISO 9001 e a IATF 16949, estabelecemos um \"Sistema de Garantia Tripla para Eletr\u00f3nica Autom\u00f3vel\" \u00fanico:<br \/>\n<strong>1. Controlo de entrada de material<\/strong>: Parcerias diretas com a TI, NXP e outros OEMs para evitar riscos de contrafa\u00e7\u00e3o<br \/>\n<strong>2. Controlo do processo<\/strong>: 38 pontos de controlo cr\u00edticos com monitoriza\u00e7\u00e3o em tempo real<br \/>\n<strong>3. Testes finais<\/strong>: Incluindo ciclo t\u00e9rmico de -40 \u2103 ~ 125 \u2103, vibra\u00e7\u00e3o mec\u00e2nica e outras simula\u00e7\u00f5es de ambiente de ve\u00edculo do mundo real<\/p>\n<h3><span class=\"ez-toc-section\" id=\"3_Solving_Special_Challenges_in_Automotive_Electronics\"><\/span>3. Resolu\u00e7\u00e3o de desafios especiais na eletr\u00f3nica autom\u00f3vel<span class=\"ez-toc-section-end\"><\/span><\/h3>\n<p>Fornecemos solu\u00e7\u00f5es especializadas para as suas principais preocupa\u00e7\u00f5es:<br \/>\n<strong>Gest\u00e3o t\u00e9rmica:<\/strong> Atrav\u00e9s de um layout otimizado por simula\u00e7\u00e3o, reduziu a temperatura em 22 \u2103 para o m\u00f3dulo ECU de um cliente<br \/>\n<strong>Integridade do sinal:<\/strong> Toler\u00e2ncia de controlo da imped\u00e2ncia \u00b17% (melhor do que a norma industrial \u00b110%)<br \/>\n<strong>Fiabilidade a longo prazo:<\/strong> O processo de revestimento conformal \u00e9 aprovado num teste de pulveriza\u00e7\u00e3o salina de 1000 horas<\/p>\n<p><img loading=\"lazy\" decoding=\"async\" src=\"https:\/\/www.topfastpcb.com\/wp-content\/uploads\/2025\/05\/Automotive-PCB-Assembly-1.jpg\" alt=\"Montagem de PCB para autom\u00f3veis\" width=\"600\" height=\"402\" class=\"aligncenter size-full wp-image-2983\" srcset=\"https:\/\/www.topfastpcb.com\/wp-content\/uploads\/2025\/05\/Automotive-PCB-Assembly-1.jpg 600w, https:\/\/www.topfastpcb.com\/wp-content\/uploads\/2025\/05\/Automotive-PCB-Assembly-1-300x201.jpg 300w, https:\/\/www.topfastpcb.com\/wp-content\/uploads\/2025\/05\/Automotive-PCB-Assembly-1-18x12.jpg 18w\" sizes=\"auto, (max-width: 600px) 100vw, 600px\" \/><\/p>\n<h2><span class=\"ez-toc-section\" id=\"Automotive_Electronics_Success_Stories\"><\/span>Hist\u00f3rias de sucesso da eletr\u00f3nica autom\u00f3vel<span class=\"ez-toc-section-end\"><\/span><\/h2>\n<p><strong>Caso 1<\/strong>: Sistema EV BMS<br \/>\nDesafio: placa de cobre espessa de 6 camadas (3 oz) + requisitos complexos de dissipa\u00e7\u00e3o de calor<br \/>\nSolu\u00e7\u00e3o: Vias t\u00e9rmicas + tecnologia de blocos de cobre incorporados<br \/>\nResultado: Zero avarias ap\u00f3s 3 anos de produ\u00e7\u00e3o em s\u00e9rie<\/p>\n<p><strong>Caso 2<\/strong>: Controlador de dom\u00ednio de condu\u00e7\u00e3o aut\u00f3noma<br \/>\nDesafio: Placa HDI de 20 camadas + passo BGA de 0,3 mm<br \/>\nSolu\u00e7\u00e3o: Perfura\u00e7\u00e3o a laser + projeto de imped\u00e2ncia escalonada<br \/>\nResultado: O rendimento aumentou para 99,2%<\/p>\n<p><strong>Como garantimos \"Alta qualidade + entrega r\u00e1pida\"<\/strong><\/p>\n<p><strong>1. Integra\u00e7\u00e3o vertical<\/strong>: Controlo interno total desde a produ\u00e7\u00e3o de PCB at\u00e9 \u00e0 montagem SMT<br \/>\n<strong>2. Sistema de armaz\u00e9m inteligente<\/strong>: Amplo stock de componentes comuns de qualidade autom\u00f3vel<br \/>\n<strong>3. Sistema de resposta r\u00e1pida:<\/strong><br \/>\nOr\u00e7amento de 1 hora<br \/>\nEntrega mais r\u00e1pida de amostras em 3 dias<br \/>\nApoio ao cliente 24\/7<\/p>\n<p>Nossos clientes incluem empresas que exigem qualidade, como DJI e Hikvision, que escolhem Topfast por uma simples raz\u00e3o <strong>deixar os profissionais tratar do trabalho profissional<\/strong>.<\/p>\n<p><img loading=\"lazy\" decoding=\"async\" src=\"https:\/\/www.topfastpcb.com\/wp-content\/uploads\/2025\/05\/Automotive-PCB-Assembly-2.jpg\" alt=\"Montagem de PCB para autom\u00f3veis\" width=\"600\" height=\"402\" class=\"aligncenter size-full wp-image-2984\" srcset=\"https:\/\/www.topfastpcb.com\/wp-content\/uploads\/2025\/05\/Automotive-PCB-Assembly-2.jpg 600w, https:\/\/www.topfastpcb.com\/wp-content\/uploads\/2025\/05\/Automotive-PCB-Assembly-2-300x201.jpg 300w, https:\/\/www.topfastpcb.com\/wp-content\/uploads\/2025\/05\/Automotive-PCB-Assembly-2-18x12.jpg 18w\" sizes=\"auto, (max-width: 600px) 100vw, 600px\" \/><\/p>\n<h2><span class=\"ez-toc-section\" id=\"Exclusive_Automotive_Electronics_Service_Packages\"><\/span>Pacotes exclusivos de servi\u00e7os de eletr\u00f3nica autom\u00f3vel<span class=\"ez-toc-section-end\"><\/span><\/h2>\n<p>Op\u00e7\u00f5es flex\u00edveis para diferentes necessidades:<br \/>\n<strong>Servi\u00e7o r\u00e1pido<\/strong>: Entrega em 3-5 dias (ideal para verifica\u00e7\u00e3o de I&amp;D)<br \/>\n<strong>Servi\u00e7o de produ\u00e7\u00e3o em massa<\/strong>: Capacidade de um milh\u00e3o de unidades (suporta entrega JIT)<br \/>\n<strong>Servi\u00e7o completo<\/strong>: Solu\u00e7\u00e3o completa desde a conce\u00e7\u00e3o\u2192PCB\u2192SMT\u2192teste<\/p>\n<p><strong>Ofertas especiais para novos pedidos de informa\u00e7\u00e3o<\/strong><br \/>\nAn\u00e1lise DFM gratuita<br \/>\nDesconto de 5% na primeira encomenda<br \/>\nGestor de conta dedicado durante todo o projeto<\/p>\n<p>&nbsp;<\/p>\n<p>A equipa Topfast \u00e9 composta por mais de 1.000 profissionais, incluindo o pessoal t\u00e9cnico s\u00e9nior 30%. Compreendemos os requisitos de seguran\u00e7a extrema da eletr\u00f3nica autom\u00f3vel, raz\u00e3o pela qual aderimos \u00e0 filosofia de que \"a qualidade n\u00e3o \u00e9 inspeccionada, \u00e9 constru\u00edda\".<\/p>\n<p><strong>Contacte o nosso especialista em eletr\u00f3nica autom\u00f3vel tam a qualquer momento<\/strong> - deixe que os nossos 17 anos de experi\u00eancia especializada protejam o seu projeto!<\/p>\n<p><a href=\"https:\/\/www.topfastpcb.com\/pt\/contact\/\">Obtenha agora o seu or\u00e7amento personalizado<\/a><\/p>","protected":false},"excerpt":{"rendered":"<p><span>Como um especialista em PCBA automotivo com 17 anos de experi\u00eancia, Topfast oferece solu\u00e7\u00f5es de circuito de alta confiabilidade para montadoras globais. Nossa instala\u00e7\u00e3o moderna de 20,000\u33a1 possui perfura\u00e7\u00e3o a laser e equipamento AOI 3D, com uma capacidade mensal de 100,000\u33a1 PCBs e 60 milh\u00f5es de pontos SMT. Certificado sob IATF 16949 com nosso \"Sistema de Garantia Tripla\" propriet\u00e1rio, garantimos a conformidade 100% IPC-6012DA Classe 3. Este artigo detalha as nossas solu\u00e7\u00f5es de gest\u00e3o t\u00e9rmica e integridade de sinal, apresentando hist\u00f3rias de sucesso, incluindo sistemas EV BMS e controladores de dom\u00ednio de condu\u00e7\u00e3o aut\u00f3noma. Oferecendo servi\u00e7os de ponta a ponta, desde a consulta de design at\u00e9 a produ\u00e7\u00e3o em massa, a Topfast fornece cota\u00e7\u00f5es em 1 hora e entrega de prot\u00f3tipos em 3 dias - seu parceiro confi\u00e1vel de PCBA automotivo.<\/span><\/p>","protected":false},"featured_media":2985,"comment_status":"closed","ping_status":"closed","template":"","meta":[],"product_brand":[],"product_cat":[116],"product_tag":[267,231],"class_list":{"0":"post-2981","1":"product","2":"type-product","3":"status-publish","4":"has-post-thumbnail","6":"product_cat-pcba","7":"product_tag-automotive-pcb-assembly","8":"product_tag-pcb-assembly","10":"first","11":"instock","12":"shipping-taxable","13":"product-type-simple"},"yoast_head":"<!-- This site is optimized with the Yoast SEO plugin v25.1 - https:\/\/yoast.com\/wordpress\/plugins\/seo\/ -->\n<title>Automotive PCB Assembly - Topfastpcb<\/title>\n<meta name=\"description\" content=\"Topfast - 17-year automotive PCBA manufacturing expert providing automotive-grade PCB design, production &amp; assembly. IATF 16949 certified with 100,000\u33a1 monthly capacity. 1-hour quick quote, 3-day prototype delivery for global automakers.\" \/>\n<meta name=\"robots\" content=\"index, follow, max-snippet:-1, max-image-preview:large, max-video-preview:-1\" \/>\n<link rel=\"canonical\" href=\"https:\/\/www.topfastpcb.com\/pt\/products\/automotive-pcb-assembly\/\" \/>\n<meta property=\"og:locale\" content=\"pt_PT\" \/>\n<meta property=\"og:type\" content=\"article\" \/>\n<meta property=\"og:title\" content=\"Automotive PCB Assembly - Topfastpcb\" \/>\n<meta property=\"og:description\" content=\"Topfast - 17-year automotive PCBA manufacturing expert providing automotive-grade PCB design, production &amp; assembly. IATF 16949 certified with 100,000\u33a1 monthly capacity. 1-hour quick quote, 3-day prototype delivery for global automakers.\" \/>\n<meta property=\"og:url\" content=\"https:\/\/www.topfastpcb.com\/pt\/products\/automotive-pcb-assembly\/\" \/>\n<meta property=\"og:site_name\" content=\"Topfastpcb\" \/>\n<meta property=\"og:image\" content=\"https:\/\/www.topfastpcb.com\/wp-content\/uploads\/2025\/05\/pcba19.jpg\" \/>\n\t<meta property=\"og:image:width\" content=\"750\" \/>\n\t<meta property=\"og:image:height\" content=\"750\" \/>\n\t<meta property=\"og:image:type\" content=\"image\/jpeg\" \/>\n<meta name=\"twitter:card\" content=\"summary_large_image\" \/>\n<meta name=\"twitter:label1\" content=\"Tempo estimado de leitura\" \/>\n\t<meta name=\"twitter:data1\" content=\"4 minutos\" \/>\n<script type=\"application\/ld+json\" class=\"yoast-schema-graph\">{\"@context\":\"https:\/\/schema.org\",\"@graph\":[{\"@type\":\"WebPage\",\"@id\":\"https:\/\/www.topfastpcb.com\/products\/automotive-pcb-assembly\/\",\"url\":\"https:\/\/www.topfastpcb.com\/products\/automotive-pcb-assembly\/\",\"name\":\"Automotive PCB Assembly - Topfastpcb\",\"isPartOf\":{\"@id\":\"https:\/\/www.topfastpcb.com\/#website\"},\"primaryImageOfPage\":{\"@id\":\"https:\/\/www.topfastpcb.com\/products\/automotive-pcb-assembly\/#primaryimage\"},\"image\":{\"@id\":\"https:\/\/www.topfastpcb.com\/products\/automotive-pcb-assembly\/#primaryimage\"},\"thumbnailUrl\":\"https:\/\/www.topfastpcb.com\/wp-content\/uploads\/2025\/05\/pcba19.jpg\",\"datePublished\":\"2025-05-30T02:38:29+00:00\",\"description\":\"Topfast - 17-year automotive PCBA manufacturing expert providing automotive-grade PCB design, production & assembly. IATF 16949 certified with 100,000\u33a1 monthly capacity. 1-hour quick quote, 3-day prototype delivery for global automakers.\",\"breadcrumb\":{\"@id\":\"https:\/\/www.topfastpcb.com\/products\/automotive-pcb-assembly\/#breadcrumb\"},\"inLanguage\":\"pt-PT\",\"potentialAction\":[{\"@type\":\"ReadAction\",\"target\":[\"https:\/\/www.topfastpcb.com\/products\/automotive-pcb-assembly\/\"]}]},{\"@type\":\"ImageObject\",\"inLanguage\":\"pt-PT\",\"@id\":\"https:\/\/www.topfastpcb.com\/products\/automotive-pcb-assembly\/#primaryimage\",\"url\":\"https:\/\/www.topfastpcb.com\/wp-content\/uploads\/2025\/05\/pcba19.jpg\",\"contentUrl\":\"https:\/\/www.topfastpcb.com\/wp-content\/uploads\/2025\/05\/pcba19.jpg\",\"width\":750,\"height\":750,\"caption\":\"Automotive PCB Assembly\"},{\"@type\":\"BreadcrumbList\",\"@id\":\"https:\/\/www.topfastpcb.com\/products\/automotive-pcb-assembly\/#breadcrumb\",\"itemListElement\":[{\"@type\":\"ListItem\",\"position\":1,\"name\":\"\u9996\u9875\",\"item\":\"https:\/\/www.topfastpcb.com\/\"},{\"@type\":\"ListItem\",\"position\":2,\"name\":\"\u5546\u5e97\",\"item\":\"https:\/\/www.topfastpcb.com\/shop\/\"},{\"@type\":\"ListItem\",\"position\":3,\"name\":\"Automotive PCB Assembly\"}]},{\"@type\":\"WebSite\",\"@id\":\"https:\/\/www.topfastpcb.com\/#website\",\"url\":\"https:\/\/www.topfastpcb.com\/\",\"name\":\"Topfastpcb\",\"description\":\"Topfast Prime Choice for Global Electronics Manufacturing\",\"publisher\":{\"@id\":\"https:\/\/www.topfastpcb.com\/#organization\"},\"potentialAction\":[{\"@type\":\"SearchAction\",\"target\":{\"@type\":\"EntryPoint\",\"urlTemplate\":\"https:\/\/www.topfastpcb.com\/?s={search_term_string}\"},\"query-input\":{\"@type\":\"PropertyValueSpecification\",\"valueRequired\":true,\"valueName\":\"search_term_string\"}}],\"inLanguage\":\"pt-PT\"},{\"@type\":\"Organization\",\"@id\":\"https:\/\/www.topfastpcb.com\/#organization\",\"name\":\"Topfastpcb\",\"url\":\"https:\/\/www.topfastpcb.com\/\",\"logo\":{\"@type\":\"ImageObject\",\"inLanguage\":\"pt-PT\",\"@id\":\"https:\/\/www.topfastpcb.com\/#\/schema\/logo\/image\/\",\"url\":\"https:\/\/www.topfastpcb.com\/wp-content\/uploads\/2026\/02\/cropped-topfast-logo.png\",\"contentUrl\":\"https:\/\/www.topfastpcb.com\/wp-content\/uploads\/2026\/02\/cropped-topfast-logo.png\",\"width\":144,\"height\":56,\"caption\":\"Topfastpcb\"},\"image\":{\"@id\":\"https:\/\/www.topfastpcb.com\/#\/schema\/logo\/image\/\"}}]}<\/script>\n<!-- \/ Yoast SEO plugin. -->","yoast_head_json":{"title":"Automotive PCB Assembly - Topfastpcb","description":"Topfast - 17-year automotive PCBA manufacturing expert providing automotive-grade PCB design, production & assembly. IATF 16949 certified with 100,000\u33a1 monthly capacity. 1-hour quick quote, 3-day prototype delivery for global automakers.","robots":{"index":"index","follow":"follow","max-snippet":"max-snippet:-1","max-image-preview":"max-image-preview:large","max-video-preview":"max-video-preview:-1"},"canonical":"https:\/\/www.topfastpcb.com\/pt\/products\/automotive-pcb-assembly\/","og_locale":"pt_PT","og_type":"article","og_title":"Automotive PCB Assembly - Topfastpcb","og_description":"Topfast - 17-year automotive PCBA manufacturing expert providing automotive-grade PCB design, production & assembly. IATF 16949 certified with 100,000\u33a1 monthly capacity. 1-hour quick quote, 3-day prototype delivery for global automakers.","og_url":"https:\/\/www.topfastpcb.com\/pt\/products\/automotive-pcb-assembly\/","og_site_name":"Topfastpcb","og_image":[{"width":750,"height":750,"url":"https:\/\/www.topfastpcb.com\/wp-content\/uploads\/2025\/05\/pcba19.jpg","type":"image\/jpeg"}],"twitter_card":"summary_large_image","twitter_misc":{"Tempo estimado de leitura":"4 minutos"},"schema":{"@context":"https:\/\/schema.org","@graph":[{"@type":"WebPage","@id":"https:\/\/www.topfastpcb.com\/products\/automotive-pcb-assembly\/","url":"https:\/\/www.topfastpcb.com\/products\/automotive-pcb-assembly\/","name":"Automotive PCB Assembly - Topfastpcb","isPartOf":{"@id":"https:\/\/www.topfastpcb.com\/#website"},"primaryImageOfPage":{"@id":"https:\/\/www.topfastpcb.com\/products\/automotive-pcb-assembly\/#primaryimage"},"image":{"@id":"https:\/\/www.topfastpcb.com\/products\/automotive-pcb-assembly\/#primaryimage"},"thumbnailUrl":"https:\/\/www.topfastpcb.com\/wp-content\/uploads\/2025\/05\/pcba19.jpg","datePublished":"2025-05-30T02:38:29+00:00","description":"Topfast - 17-year automotive PCBA manufacturing expert providing automotive-grade PCB design, production & assembly. IATF 16949 certified with 100,000\u33a1 monthly capacity. 1-hour quick quote, 3-day prototype delivery for global automakers.","breadcrumb":{"@id":"https:\/\/www.topfastpcb.com\/products\/automotive-pcb-assembly\/#breadcrumb"},"inLanguage":"pt-PT","potentialAction":[{"@type":"ReadAction","target":["https:\/\/www.topfastpcb.com\/products\/automotive-pcb-assembly\/"]}]},{"@type":"ImageObject","inLanguage":"pt-PT","@id":"https:\/\/www.topfastpcb.com\/products\/automotive-pcb-assembly\/#primaryimage","url":"https:\/\/www.topfastpcb.com\/wp-content\/uploads\/2025\/05\/pcba19.jpg","contentUrl":"https:\/\/www.topfastpcb.com\/wp-content\/uploads\/2025\/05\/pcba19.jpg","width":750,"height":750,"caption":"Automotive PCB Assembly"},{"@type":"BreadcrumbList","@id":"https:\/\/www.topfastpcb.com\/products\/automotive-pcb-assembly\/#breadcrumb","itemListElement":[{"@type":"ListItem","position":1,"name":"\u9996\u9875","item":"https:\/\/www.topfastpcb.com\/"},{"@type":"ListItem","position":2,"name":"\u5546\u5e97","item":"https:\/\/www.topfastpcb.com\/shop\/"},{"@type":"ListItem","position":3,"name":"Automotive PCB Assembly"}]},{"@type":"WebSite","@id":"https:\/\/www.topfastpcb.com\/#website","url":"https:\/\/www.topfastpcb.com\/","name":"Topfastpcb","description":"Topfast Prime Choice for Global Electronics Manufacturing","publisher":{"@id":"https:\/\/www.topfastpcb.com\/#organization"},"potentialAction":[{"@type":"SearchAction","target":{"@type":"EntryPoint","urlTemplate":"https:\/\/www.topfastpcb.com\/?s={search_term_string}"},"query-input":{"@type":"PropertyValueSpecification","valueRequired":true,"valueName":"search_term_string"}}],"inLanguage":"pt-PT"},{"@type":"Organization","@id":"https:\/\/www.topfastpcb.com\/#organization","name":"Topfastpcb","url":"https:\/\/www.topfastpcb.com\/","logo":{"@type":"ImageObject","inLanguage":"pt-PT","@id":"https:\/\/www.topfastpcb.com\/#\/schema\/logo\/image\/","url":"https:\/\/www.topfastpcb.com\/wp-content\/uploads\/2026\/02\/cropped-topfast-logo.png","contentUrl":"https:\/\/www.topfastpcb.com\/wp-content\/uploads\/2026\/02\/cropped-topfast-logo.png","width":144,"height":56,"caption":"Topfastpcb"},"image":{"@id":"https:\/\/www.topfastpcb.com\/#\/schema\/logo\/image\/"}}]}},"_links":{"self":[{"href":"https:\/\/www.topfastpcb.com\/pt\/wp-json\/wp\/v2\/product\/2981","targetHints":{"allow":["GET"]}}],"collection":[{"href":"https:\/\/www.topfastpcb.com\/pt\/wp-json\/wp\/v2\/product"}],"about":[{"href":"https:\/\/www.topfastpcb.com\/pt\/wp-json\/wp\/v2\/types\/product"}],"replies":[{"embeddable":true,"href":"https:\/\/www.topfastpcb.com\/pt\/wp-json\/wp\/v2\/comments?post=2981"}],"wp:featuredmedia":[{"embeddable":true,"href":"https:\/\/www.topfastpcb.com\/pt\/wp-json\/wp\/v2\/media\/2985"}],"wp:attachment":[{"href":"https:\/\/www.topfastpcb.com\/pt\/wp-json\/wp\/v2\/media?parent=2981"}],"wp:term":[{"taxonomy":"product_brand","embeddable":true,"href":"https:\/\/www.topfastpcb.com\/pt\/wp-json\/wp\/v2\/product_brand?post=2981"},{"taxonomy":"product_cat","embeddable":true,"href":"https:\/\/www.topfastpcb.com\/pt\/wp-json\/wp\/v2\/product_cat?post=2981"},{"taxonomy":"product_tag","embeddable":true,"href":"https:\/\/www.topfastpcb.com\/pt\/wp-json\/wp\/v2\/product_tag?post=2981"}],"curies":[{"name":"wp","href":"https:\/\/api.w.org\/{rel}","templated":true}]}}