{"id":3324,"date":"2025-06-17T10:39:32","date_gmt":"2025-06-17T02:39:32","guid":{"rendered":"https:\/\/www.topfastpcb.com\/?post_type=product&#038;p=3324"},"modified":"2025-06-24T10:07:44","modified_gmt":"2025-06-24T02:07:44","slug":"single-sided-flexible-pcb","status":"publish","type":"product","link":"https:\/\/www.topfastpcb.com\/pt\/products\/single-sided-flexible-pcb\/","title":{"rendered":"PCB flex\u00edvel de uma face"},"content":{"rendered":"<div id=\"ez-toc-container\" class=\"ez-toc-v2_0_74 counter-hierarchy ez-toc-counter ez-toc-custom ez-toc-container-direction\">\n<div class=\"ez-toc-title-container\">\n<p class=\"ez-toc-title\" style=\"cursor:inherit\">\u00cdndice<\/p>\n<span class=\"ez-toc-title-toggle\"><\/span><\/div>\n<nav><ul class='ez-toc-list ez-toc-list-level-1' ><li class='ez-toc-page-1 ez-toc-heading-level-2'><a class=\"ez-toc-link ez-toc-heading-1\" href=\"https:\/\/www.topfastpcb.com\/pt\/products\/single-sided-flexible-pcb\/#Definition_of_single-sided_flexible_PCB\" >Defini\u00e7\u00e3o de PCB flex\u00edvel de uma face<\/a><\/li><li class='ez-toc-page-1 ez-toc-heading-level-2'><a class=\"ez-toc-link ez-toc-heading-2\" href=\"https:\/\/www.topfastpcb.com\/pt\/products\/single-sided-flexible-pcb\/#Product_Advantages\" >Vantagens do produto<\/a><\/li><li class='ez-toc-page-1 ez-toc-heading-level-2'><a class=\"ez-toc-link ez-toc-heading-3\" href=\"https:\/\/www.topfastpcb.com\/pt\/products\/single-sided-flexible-pcb\/#Technical_Specifications\" >Especifica\u00e7\u00f5es t\u00e9cnicas<\/a><\/li><li class='ez-toc-page-1 ez-toc-heading-level-2'><a class=\"ez-toc-link ez-toc-heading-4\" href=\"https:\/\/www.topfastpcb.com\/pt\/products\/single-sided-flexible-pcb\/#Applications\" >Aplica\u00e7\u00f5es<\/a><\/li><li class='ez-toc-page-1 ez-toc-heading-level-2'><a class=\"ez-toc-link ez-toc-heading-5\" href=\"https:\/\/www.topfastpcb.com\/pt\/products\/single-sided-flexible-pcb\/#Manufacturing_Capabilities\" >Capacidades de fabrico<\/a><\/li><li class='ez-toc-page-1 ez-toc-heading-level-2'><a class=\"ez-toc-link ez-toc-heading-6\" href=\"https:\/\/www.topfastpcb.com\/pt\/products\/single-sided-flexible-pcb\/#Additional_Services\" >Servi\u00e7os adicionais<\/a><\/li><li class='ez-toc-page-1 ez-toc-heading-level-2'><a class=\"ez-toc-link ez-toc-heading-7\" href=\"https:\/\/www.topfastpcb.com\/pt\/products\/single-sided-flexible-pcb\/#Why_choose_Topfast\" >Porqu\u00ea escolher Topfast?<\/a><\/li><\/ul><\/nav><\/div>\n\n<h2><span class=\"ez-toc-section\" id=\"Definition_of_single-sided_flexible_PCB\"><\/span>Defini\u00e7\u00e3o de PCB flex\u00edvel de uma face<span class=\"ez-toc-section-end\"><\/span><\/h2>\n<p>Como l\u00edder na fabrica\u00e7\u00e3o de PCBs flex\u00edveis, a Topfast aproveita 17 anos de experi\u00eancia no setor para fornecer placas de face \u00fanica de alta qualidade <a href=\"https:\/\/www.topfastpcb.com\/pt\/products\/category\/flexible-pcb\/\">placa de circuito flex\u00edvel<\/a> solu\u00e7\u00f5es. As nossas placas de circuito impresso flex\u00edveis de uma face s\u00e3o fabricadas com materiais de poliimida de primeira qualidade, oferecendo um excelente desempenho de flex\u00e3o e fiabilidade para aplica\u00e7\u00f5es em eletr\u00f3nica de consumo, dispositivos m\u00e9dicos, eletr\u00f3nica autom\u00f3vel e muito mais.<\/p>\n<h2><span class=\"ez-toc-section\" id=\"Product_Advantages\"><\/span>Vantagens do produto<span class=\"ez-toc-section-end\"><\/span><\/h2>\n<p>Os PCBs flex\u00edveis de face \u00fanica da Topfast oferecem os seguintes benef\u00edcios principais:<\/p>\n<p><strong>Ultra-fino e leve<\/strong>: Espessura t\u00e3o baixa quanto 0,1 mm, pesando apenas 1\/3 do peso tradicional <a href=\"https:\/\/www.topfastpcb.com\/pt\/products\/category\/rigid-pcb\/\">PCB r\u00edgidos<\/a><br \/>\n<strong>Flexibilidade superior<\/strong>: Utiliza substratos de poliimida de alta qualidade da DuPont ou da Panasonic, com um raio de curvatura t\u00e3o pequeno como 3 mm<br \/>\n<strong>Elevada fiabilidade<\/strong>: Testado para mais de 200.000 ciclos de flex\u00e3o, garantindo um desempenho est\u00e1vel a longo prazo<br \/>\n<strong>Resist\u00eancia a altas temperaturas<\/strong>: Resiste a temperaturas extremas de -60\u00b0C a 260\u00b0C<br \/>\n<strong>Economia de espa\u00e7o<\/strong>: Adapta-se a esquemas 3D complexos, reduzindo o tamanho do dispositivo<\/p>\n<h2><span class=\"ez-toc-section\" id=\"Technical_Specifications\"><\/span>Especifica\u00e7\u00f5es t\u00e9cnicas<span class=\"ez-toc-section-end\"><\/span><\/h2>\n<table>\n<thead>\n<tr>\n<th>Par\u00e2metro<\/th>\n<th>Especifica\u00e7\u00e3o<\/th>\n<\/tr>\n<\/thead>\n<tbody>\n<tr>\n<td>Espessura do substrato<\/td>\n<td>12,5\u03bcm-50\u03bcm<\/td>\n<\/tr>\n<tr>\n<td>Espessura da folha de cobre<\/td>\n<td>12\u03bcm-35\u03bcm<\/td>\n<\/tr>\n<tr>\n<td>M\u00edn. Largura\/espa\u00e7amento da linha<\/td>\n<td>50\u03bcm\/50\u03bcm<\/td>\n<\/tr>\n<tr>\n<td>M\u00edn. Tamanho do furo<\/td>\n<td>0,1 mm<\/td>\n<\/tr>\n<tr>\n<td>Acabamento da superf\u00edcie<\/td>\n<td>ENIG, OSP, Prata Qu\u00edmica<\/td>\n<\/tr>\n<tr>\n<td>Raio de curvatura<\/td>\n<td>Din\u00e2mico: 10\u00d7 espessura da placa; Est\u00e1tico: 3\u00d7 espessura da placa<\/td>\n<\/tr>\n<\/tbody>\n<\/table>\n<h2><span class=\"ez-toc-section\" id=\"Applications\"><\/span>Aplica\u00e7\u00f5es<span class=\"ez-toc-section-end\"><\/span><\/h2>\n<p>Os PCBs flex\u00edveis de face \u00fanica da Topfast s\u00e3o amplamente utilizados em:<\/p>\n<p>1. <strong>Eletr\u00f3nica de consumo<\/strong>: Liga\u00e7\u00f5es internas em smartphones, tablets e dispositivos port\u00e1teis<br \/>\n2. <strong>Dispositivos m\u00e9dicos<\/strong>: Monitores port\u00e1teis, endosc\u00f3pios e outras liga\u00e7\u00f5es electr\u00f3nicas m\u00e9dicas<br \/>\n3. <strong>Eletr\u00f3nica autom\u00f3vel<\/strong>: C\u00e2maras de bordo, sensores e liga\u00e7\u00f5es do sistema de ilumina\u00e7\u00e3o<br \/>\n4. <strong>Controlo industrial<\/strong>: Interliga\u00e7\u00f5es flex\u00edveis para equipamentos de rob\u00f3tica e automa\u00e7\u00e3o<br \/>\n5. <strong>Militar e aeroespacial<\/strong>: Liga\u00e7\u00f5es para avi\u00f3nica com limita\u00e7\u00f5es de espa\u00e7o<\/p>\n<h3><img loading=\"lazy\" decoding=\"async\" src=\"https:\/\/www.topfastpcb.com\/wp-content\/uploads\/2025\/06\/Flexible-PCB-12.jpg\" alt=\"PCB flex\u00edvel\" width=\"800\" height=\"800\" class=\"aligncenter size-full wp-image-3330\" srcset=\"https:\/\/www.topfastpcb.com\/wp-content\/uploads\/2025\/06\/Flexible-PCB-12.jpg 800w, https:\/\/www.topfastpcb.com\/wp-content\/uploads\/2025\/06\/Flexible-PCB-12-300x300.jpg 300w, https:\/\/www.topfastpcb.com\/wp-content\/uploads\/2025\/06\/Flexible-PCB-12-150x150.jpg 150w, https:\/\/www.topfastpcb.com\/wp-content\/uploads\/2025\/06\/Flexible-PCB-12-768x768.jpg 768w, https:\/\/www.topfastpcb.com\/wp-content\/uploads\/2025\/06\/Flexible-PCB-12-12x12.jpg 12w, https:\/\/www.topfastpcb.com\/wp-content\/uploads\/2025\/06\/Flexible-PCB-12-600x600.jpg 600w, https:\/\/www.topfastpcb.com\/wp-content\/uploads\/2025\/06\/Flexible-PCB-12-100x100.jpg 100w\" sizes=\"auto, (max-width: 800px) 100vw, 800px\" \/><\/h3>\n<h2><span class=\"ez-toc-section\" id=\"Manufacturing_Capabilities\"><\/span>Capacidades de fabrico<span class=\"ez-toc-section-end\"><\/span><\/h2>\n<p>A Topfast opera uma moderna unidade de produ\u00e7\u00e3o de 20.000 m2 com mais de 1.000 t\u00e9cnicos qualificados, equipados com:<\/p>\n<p>Perfura\u00e7\u00e3o a laser de alta precis\u00e3o (tamanho m\u00ednimo do furo: 0,1 mm)<br \/>\n<a href=\"https:\/\/www.topfastpcb.com\/pt\/blog\/what-is-aoi-automated-optical-inspection\/\">Inspe\u00e7\u00e3o \u00f3tica automatizada<\/a> (AOI)<br \/>\nTestadores de sonda voadora para verifica\u00e7\u00e3o do desempenho el\u00e9trico do 100%<br \/>\nInspe\u00e7\u00e3o por raios X para garantia de qualidade interna<br \/>\nEquipamento de lamina\u00e7\u00e3o a v\u00e1cuo para uma forte liga\u00e7\u00e3o entre camadas<\/p>\n<p>Cumprimos rigorosamente as normas de gest\u00e3o da qualidade ISO 9001, implementando a monitoriza\u00e7\u00e3o de todo o processo, desde a aquisi\u00e7\u00e3o de mat\u00e9rias-primas at\u00e9 \u00e0 entrega do produto final, para garantir a mais elevada qualidade.<\/p>\n<h2><span class=\"ez-toc-section\" id=\"Additional_Services\"><\/span>Servi\u00e7os adicionais<span class=\"ez-toc-section-end\"><\/span><\/h2>\n<p>Para al\u00e9m das placas de circuito impresso flex\u00edveis de uma face, a Topfast tamb\u00e9m fornece:<\/p>\n<p><strong>PCBs flex\u00edveis de dupla face<\/strong>: Para necessidades de interliga\u00e7\u00e3o de maior densidade<br \/>\n<strong>Placas de circuito impresso flex\u00edveis multicamadas<\/strong>: Solu\u00e7\u00f5es de circuitos flex\u00edveis complexos de 4-10 camadas<br \/>\n<strong>PCBs r\u00edgidos-flex\u00edveis<\/strong>: Concep\u00e7\u00f5es h\u00edbridas que combinam vantagens r\u00edgidas e flex\u00edveis<br \/>\n<strong>Prototipagem r\u00e1pida<\/strong>: Amostras de rota\u00e7\u00e3o r\u00e1pida em menos de 24 horas<br \/>\n<strong>An\u00e1lise DFM<\/strong>: Avalia\u00e7\u00e3o profissional da conce\u00e7\u00e3o para fabrico<br \/>\n<strong>Apoio t\u00e9cnico<\/strong>: Assist\u00eancia t\u00e9cnica especializada individual<\/p>\n<h2><span class=\"ez-toc-section\" id=\"Why_choose_Topfast\"><\/span>Porqu\u00ea escolher Topfast?<span class=\"ez-toc-section-end\"><\/span><\/h2>\n<p>Com 17 anos de experi\u00eancia no fabrico de PCB flex\u00edveis, a Topfast est\u00e1 empenhada em fornecer solu\u00e7\u00f5es de circuitos flex\u00edveis de face \u00fanica de alta qualidade. O nosso equipamento avan\u00e7ado, o controlo de qualidade rigoroso e a vasta experi\u00eancia na ind\u00fastria garantem que cada PCB flex\u00edvel cumpre os mais elevados padr\u00f5es de desempenho e fiabilidade. Seja para prototipagem ou produ\u00e7\u00e3o em massa, Topfast fornece os produtos e servi\u00e7os de PCB flex\u00edvel mais competitivos. Contacte-nos para obter mais detalhes sobre o produto e suporte t\u00e9cnico.<\/p>","protected":false},"excerpt":{"rendered":"<p>Este artigo apresenta os produtos profissionais de PCB flex\u00edvel de face \u00fanica da Topfast, destacando as suas vantagens, especifica\u00e7\u00f5es t\u00e9cnicas, aplica\u00e7\u00f5es e capacidades de fabrico. Ele enfatiza o design ultrafino, alta confiabilidade e resist\u00eancia \u00e0 temperatura, ao mesmo tempo que cobre os servi\u00e7os de PCB flex\u00edvel de dupla face e multicamadas.<\/p>","protected":false},"featured_media":3326,"comment_status":"closed","ping_status":"closed","template":"","meta":[],"product_brand":[],"product_cat":[96],"product_tag":[288,103],"class_list":{"0":"post-3324","1":"product","2":"type-product","3":"status-publish","4":"has-post-thumbnail","6":"product_cat-flexible-pcb","7":"product_tag-flex-pcb","8":"product_tag-flexible-pcb","10":"first","11":"instock","12":"shipping-taxable","13":"product-type-simple"},"yoast_head":"<!-- This site is optimized with the Yoast SEO plugin v25.1 - https:\/\/yoast.com\/wordpress\/plugins\/seo\/ -->\n<title>Single-Sided Flexible PCB - Topfastpcb<\/title>\n<meta name=\"description\" content=\"Topfast specializes in high-quality single-sided flexible PCBs, with 17 years of experience. Made from premium polyimide materials, they are ultra-thin, lightweight, and highly flexible, ideal for consumer electronics, medical devices, and automotive applications.\" \/>\n<meta name=\"robots\" content=\"index, follow, max-snippet:-1, max-image-preview:large, max-video-preview:-1\" \/>\n<link rel=\"canonical\" href=\"https:\/\/www.topfastpcb.com\/pt\/products\/single-sided-flexible-pcb\/\" \/>\n<meta property=\"og:locale\" content=\"pt_PT\" \/>\n<meta property=\"og:type\" content=\"article\" \/>\n<meta property=\"og:title\" content=\"Single-Sided Flexible PCB - Topfastpcb\" \/>\n<meta property=\"og:description\" content=\"Topfast specializes in high-quality single-sided flexible PCBs, with 17 years of experience. Made from premium polyimide materials, they are ultra-thin, lightweight, and highly flexible, ideal for consumer electronics, medical devices, and automotive applications.\" \/>\n<meta property=\"og:url\" content=\"https:\/\/www.topfastpcb.com\/pt\/products\/single-sided-flexible-pcb\/\" \/>\n<meta property=\"og:site_name\" content=\"Topfastpcb\" \/>\n<meta property=\"article:modified_time\" content=\"2025-06-24T02:07:44+00:00\" \/>\n<meta property=\"og:image\" content=\"https:\/\/www.topfastpcb.com\/wp-content\/uploads\/2025\/06\/Flexible-PCB-13.jpg\" \/>\n\t<meta property=\"og:image:width\" content=\"800\" \/>\n\t<meta property=\"og:image:height\" content=\"800\" \/>\n\t<meta property=\"og:image:type\" content=\"image\/jpeg\" \/>\n<meta name=\"twitter:card\" content=\"summary_large_image\" \/>\n<meta name=\"twitter:label1\" content=\"Tempo estimado de leitura\" \/>\n\t<meta name=\"twitter:data1\" content=\"3 minutos\" \/>\n<script type=\"application\/ld+json\" class=\"yoast-schema-graph\">{\"@context\":\"https:\/\/schema.org\",\"@graph\":[{\"@type\":\"WebPage\",\"@id\":\"https:\/\/www.topfastpcb.com\/products\/single-sided-flexible-pcb\/\",\"url\":\"https:\/\/www.topfastpcb.com\/products\/single-sided-flexible-pcb\/\",\"name\":\"Single-Sided Flexible PCB - Topfastpcb\",\"isPartOf\":{\"@id\":\"https:\/\/www.topfastpcb.com\/#website\"},\"primaryImageOfPage\":{\"@id\":\"https:\/\/www.topfastpcb.com\/products\/single-sided-flexible-pcb\/#primaryimage\"},\"image\":{\"@id\":\"https:\/\/www.topfastpcb.com\/products\/single-sided-flexible-pcb\/#primaryimage\"},\"thumbnailUrl\":\"https:\/\/www.topfastpcb.com\/wp-content\/uploads\/2025\/06\/Flexible-PCB-13.jpg\",\"datePublished\":\"2025-06-17T02:39:32+00:00\",\"dateModified\":\"2025-06-24T02:07:44+00:00\",\"description\":\"Topfast specializes in high-quality single-sided flexible PCBs, with 17 years of experience. Made from premium polyimide materials, they are ultra-thin, lightweight, and highly flexible, ideal for consumer electronics, medical devices, and automotive applications.\",\"breadcrumb\":{\"@id\":\"https:\/\/www.topfastpcb.com\/products\/single-sided-flexible-pcb\/#breadcrumb\"},\"inLanguage\":\"pt-PT\",\"potentialAction\":[{\"@type\":\"ReadAction\",\"target\":[\"https:\/\/www.topfastpcb.com\/products\/single-sided-flexible-pcb\/\"]}]},{\"@type\":\"ImageObject\",\"inLanguage\":\"pt-PT\",\"@id\":\"https:\/\/www.topfastpcb.com\/products\/single-sided-flexible-pcb\/#primaryimage\",\"url\":\"https:\/\/www.topfastpcb.com\/wp-content\/uploads\/2025\/06\/Flexible-PCB-13.jpg\",\"contentUrl\":\"https:\/\/www.topfastpcb.com\/wp-content\/uploads\/2025\/06\/Flexible-PCB-13.jpg\",\"width\":800,\"height\":800,\"caption\":\"Single-Sided Flexible PCB\"},{\"@type\":\"BreadcrumbList\",\"@id\":\"https:\/\/www.topfastpcb.com\/products\/single-sided-flexible-pcb\/#breadcrumb\",\"itemListElement\":[{\"@type\":\"ListItem\",\"position\":1,\"name\":\"\u9996\u9875\",\"item\":\"https:\/\/www.topfastpcb.com\/\"},{\"@type\":\"ListItem\",\"position\":2,\"name\":\"\u5546\u5e97\",\"item\":\"https:\/\/www.topfastpcb.com\/shop\/\"},{\"@type\":\"ListItem\",\"position\":3,\"name\":\"Single-Sided Flexible PCB\"}]},{\"@type\":\"WebSite\",\"@id\":\"https:\/\/www.topfastpcb.com\/#website\",\"url\":\"https:\/\/www.topfastpcb.com\/\",\"name\":\"Topfastpcb\",\"description\":\"Topfast Prime Choice for Global Electronics Manufacturing\",\"publisher\":{\"@id\":\"https:\/\/www.topfastpcb.com\/#organization\"},\"potentialAction\":[{\"@type\":\"SearchAction\",\"target\":{\"@type\":\"EntryPoint\",\"urlTemplate\":\"https:\/\/www.topfastpcb.com\/?s={search_term_string}\"},\"query-input\":{\"@type\":\"PropertyValueSpecification\",\"valueRequired\":true,\"valueName\":\"search_term_string\"}}],\"inLanguage\":\"pt-PT\"},{\"@type\":\"Organization\",\"@id\":\"https:\/\/www.topfastpcb.com\/#organization\",\"name\":\"Topfastpcb\",\"url\":\"https:\/\/www.topfastpcb.com\/\",\"logo\":{\"@type\":\"ImageObject\",\"inLanguage\":\"pt-PT\",\"@id\":\"https:\/\/www.topfastpcb.com\/#\/schema\/logo\/image\/\",\"url\":\"https:\/\/www.topfastpcb.com\/wp-content\/uploads\/2026\/02\/cropped-topfast-logo.png\",\"contentUrl\":\"https:\/\/www.topfastpcb.com\/wp-content\/uploads\/2026\/02\/cropped-topfast-logo.png\",\"width\":144,\"height\":56,\"caption\":\"Topfastpcb\"},\"image\":{\"@id\":\"https:\/\/www.topfastpcb.com\/#\/schema\/logo\/image\/\"}}]}<\/script>\n<!-- \/ Yoast SEO plugin. -->","yoast_head_json":{"title":"Single-Sided Flexible PCB - Topfastpcb","description":"Topfast specializes in high-quality single-sided flexible PCBs, with 17 years of experience. Made from premium polyimide materials, they are ultra-thin, lightweight, and highly flexible, ideal for consumer electronics, medical devices, and automotive applications.","robots":{"index":"index","follow":"follow","max-snippet":"max-snippet:-1","max-image-preview":"max-image-preview:large","max-video-preview":"max-video-preview:-1"},"canonical":"https:\/\/www.topfastpcb.com\/pt\/products\/single-sided-flexible-pcb\/","og_locale":"pt_PT","og_type":"article","og_title":"Single-Sided Flexible PCB - Topfastpcb","og_description":"Topfast specializes in high-quality single-sided flexible PCBs, with 17 years of experience. Made from premium polyimide materials, they are ultra-thin, lightweight, and highly flexible, ideal for consumer electronics, medical devices, and automotive applications.","og_url":"https:\/\/www.topfastpcb.com\/pt\/products\/single-sided-flexible-pcb\/","og_site_name":"Topfastpcb","article_modified_time":"2025-06-24T02:07:44+00:00","og_image":[{"width":800,"height":800,"url":"https:\/\/www.topfastpcb.com\/wp-content\/uploads\/2025\/06\/Flexible-PCB-13.jpg","type":"image\/jpeg"}],"twitter_card":"summary_large_image","twitter_misc":{"Tempo estimado de leitura":"3 minutos"},"schema":{"@context":"https:\/\/schema.org","@graph":[{"@type":"WebPage","@id":"https:\/\/www.topfastpcb.com\/products\/single-sided-flexible-pcb\/","url":"https:\/\/www.topfastpcb.com\/products\/single-sided-flexible-pcb\/","name":"Single-Sided Flexible PCB - Topfastpcb","isPartOf":{"@id":"https:\/\/www.topfastpcb.com\/#website"},"primaryImageOfPage":{"@id":"https:\/\/www.topfastpcb.com\/products\/single-sided-flexible-pcb\/#primaryimage"},"image":{"@id":"https:\/\/www.topfastpcb.com\/products\/single-sided-flexible-pcb\/#primaryimage"},"thumbnailUrl":"https:\/\/www.topfastpcb.com\/wp-content\/uploads\/2025\/06\/Flexible-PCB-13.jpg","datePublished":"2025-06-17T02:39:32+00:00","dateModified":"2025-06-24T02:07:44+00:00","description":"Topfast specializes in high-quality single-sided flexible PCBs, with 17 years of experience. Made from premium polyimide materials, they are ultra-thin, lightweight, and highly flexible, ideal for consumer electronics, medical devices, and automotive applications.","breadcrumb":{"@id":"https:\/\/www.topfastpcb.com\/products\/single-sided-flexible-pcb\/#breadcrumb"},"inLanguage":"pt-PT","potentialAction":[{"@type":"ReadAction","target":["https:\/\/www.topfastpcb.com\/products\/single-sided-flexible-pcb\/"]}]},{"@type":"ImageObject","inLanguage":"pt-PT","@id":"https:\/\/www.topfastpcb.com\/products\/single-sided-flexible-pcb\/#primaryimage","url":"https:\/\/www.topfastpcb.com\/wp-content\/uploads\/2025\/06\/Flexible-PCB-13.jpg","contentUrl":"https:\/\/www.topfastpcb.com\/wp-content\/uploads\/2025\/06\/Flexible-PCB-13.jpg","width":800,"height":800,"caption":"Single-Sided Flexible PCB"},{"@type":"BreadcrumbList","@id":"https:\/\/www.topfastpcb.com\/products\/single-sided-flexible-pcb\/#breadcrumb","itemListElement":[{"@type":"ListItem","position":1,"name":"\u9996\u9875","item":"https:\/\/www.topfastpcb.com\/"},{"@type":"ListItem","position":2,"name":"\u5546\u5e97","item":"https:\/\/www.topfastpcb.com\/shop\/"},{"@type":"ListItem","position":3,"name":"Single-Sided Flexible PCB"}]},{"@type":"WebSite","@id":"https:\/\/www.topfastpcb.com\/#website","url":"https:\/\/www.topfastpcb.com\/","name":"Topfastpcb","description":"Topfast Prime Choice for Global Electronics Manufacturing","publisher":{"@id":"https:\/\/www.topfastpcb.com\/#organization"},"potentialAction":[{"@type":"SearchAction","target":{"@type":"EntryPoint","urlTemplate":"https:\/\/www.topfastpcb.com\/?s={search_term_string}"},"query-input":{"@type":"PropertyValueSpecification","valueRequired":true,"valueName":"search_term_string"}}],"inLanguage":"pt-PT"},{"@type":"Organization","@id":"https:\/\/www.topfastpcb.com\/#organization","name":"Topfastpcb","url":"https:\/\/www.topfastpcb.com\/","logo":{"@type":"ImageObject","inLanguage":"pt-PT","@id":"https:\/\/www.topfastpcb.com\/#\/schema\/logo\/image\/","url":"https:\/\/www.topfastpcb.com\/wp-content\/uploads\/2026\/02\/cropped-topfast-logo.png","contentUrl":"https:\/\/www.topfastpcb.com\/wp-content\/uploads\/2026\/02\/cropped-topfast-logo.png","width":144,"height":56,"caption":"Topfastpcb"},"image":{"@id":"https:\/\/www.topfastpcb.com\/#\/schema\/logo\/image\/"}}]}},"_links":{"self":[{"href":"https:\/\/www.topfastpcb.com\/pt\/wp-json\/wp\/v2\/product\/3324","targetHints":{"allow":["GET"]}}],"collection":[{"href":"https:\/\/www.topfastpcb.com\/pt\/wp-json\/wp\/v2\/product"}],"about":[{"href":"https:\/\/www.topfastpcb.com\/pt\/wp-json\/wp\/v2\/types\/product"}],"replies":[{"embeddable":true,"href":"https:\/\/www.topfastpcb.com\/pt\/wp-json\/wp\/v2\/comments?post=3324"}],"wp:featuredmedia":[{"embeddable":true,"href":"https:\/\/www.topfastpcb.com\/pt\/wp-json\/wp\/v2\/media\/3326"}],"wp:attachment":[{"href":"https:\/\/www.topfastpcb.com\/pt\/wp-json\/wp\/v2\/media?parent=3324"}],"wp:term":[{"taxonomy":"product_brand","embeddable":true,"href":"https:\/\/www.topfastpcb.com\/pt\/wp-json\/wp\/v2\/product_brand?post=3324"},{"taxonomy":"product_cat","embeddable":true,"href":"https:\/\/www.topfastpcb.com\/pt\/wp-json\/wp\/v2\/product_cat?post=3324"},{"taxonomy":"product_tag","embeddable":true,"href":"https:\/\/www.topfastpcb.com\/pt\/wp-json\/wp\/v2\/product_tag?post=3324"}],"curies":[{"name":"wp","href":"https:\/\/api.w.org\/{rel}","templated":true}]}}