{"id":3349,"date":"2025-06-21T08:35:11","date_gmt":"2025-06-21T00:35:11","guid":{"rendered":"https:\/\/www.topfastpcb.com\/?post_type=product&#038;p=3349"},"modified":"2025-06-24T10:03:28","modified_gmt":"2025-06-24T02:03:28","slug":"turnkey-pcb-assembly-services","status":"publish","type":"product","link":"https:\/\/www.topfastpcb.com\/pt\/products\/turnkey-pcb-assembly-services\/","title":{"rendered":"Servi\u00e7os de montagem de PCB chave na m\u00e3o"},"content":{"rendered":"<div id=\"ez-toc-container\" class=\"ez-toc-v2_0_74 counter-hierarchy ez-toc-counter ez-toc-custom ez-toc-container-direction\">\n<div class=\"ez-toc-title-container\">\n<p class=\"ez-toc-title\" style=\"cursor:inherit\">\u00cdndice<\/p>\n<span class=\"ez-toc-title-toggle\"><\/span><\/div>\n<nav><ul class='ez-toc-list ez-toc-list-level-1' ><li class='ez-toc-page-1 ez-toc-heading-level-2'><a class=\"ez-toc-link ez-toc-heading-1\" href=\"https:\/\/www.topfastpcb.com\/pt\/products\/turnkey-pcb-assembly-services\/#Topfasts_Professional_Turnkey_PCB_Assembly_Services\" >Servi\u00e7os profissionais de montagem de PCB Turnkey da Topfast?<\/a><ul class='ez-toc-list-level-3' ><li class='ez-toc-heading-level-3'><a class=\"ez-toc-link ez-toc-heading-2\" href=\"https:\/\/www.topfastpcb.com\/pt\/products\/turnkey-pcb-assembly-services\/#End-to-End_Complete_Solution\" >Solu\u00e7\u00e3o completa de ponta a ponta<\/a><\/li><li class='ez-toc-page-1 ez-toc-heading-level-3'><a class=\"ez-toc-link ez-toc-heading-3\" href=\"https:\/\/www.topfastpcb.com\/pt\/products\/turnkey-pcb-assembly-services\/#Rigorous_Quality_Assurance_System\" >Sistema rigoroso de garantia de qualidade<\/a><\/li><\/ul><\/li><li class='ez-toc-page-1 ez-toc-heading-level-2'><a class=\"ez-toc-link ez-toc-heading-4\" href=\"https:\/\/www.topfastpcb.com\/pt\/products\/turnkey-pcb-assembly-services\/#Core_Advantages_of_Topfasts_Turnkey_Services\" >Principais Vantagens dos Servi\u00e7os Turnkey da Topfast<\/a><ul class='ez-toc-list-level-3' ><li class='ez-toc-heading-level-3'><a class=\"ez-toc-link ez-toc-heading-5\" href=\"https:\/\/www.topfastpcb.com\/pt\/products\/turnkey-pcb-assembly-services\/#Significantly_Reducing_Operational_Complexity_for_Clients\" >Reduzindo significativamente a complexidade operacional para os clientes<\/a><\/li><li class='ez-toc-page-1 ez-toc-heading-level-3'><a class=\"ez-toc-link ez-toc-heading-6\" href=\"https:\/\/www.topfastpcb.com\/pt\/products\/turnkey-pcb-assembly-services\/#Flexible_Support_for_Various_Production_Needs\" >Suporte flex\u00edvel para v\u00e1rias necessidades de produ\u00e7\u00e3o<\/a><\/li><li class='ez-toc-page-1 ez-toc-heading-level-3'><a class=\"ez-toc-link ez-toc-heading-7\" href=\"https:\/\/www.topfastpcb.com\/pt\/products\/turnkey-pcb-assembly-services\/#Cost_Optimization_Risk_Control\" >Otimiza\u00e7\u00e3o de custos e controlo de riscos<\/a><\/li><\/ul><\/li><li class='ez-toc-page-1 ez-toc-heading-level-2'><a class=\"ez-toc-link ez-toc-heading-8\" href=\"https:\/\/www.topfastpcb.com\/pt\/products\/turnkey-pcb-assembly-services\/#Industry-Leading_Technical_Capabilities\" >Capacidades t\u00e9cnicas l\u00edderes na ind\u00fastria<\/a><\/li><li class='ez-toc-page-1 ez-toc-heading-level-2'><a class=\"ez-toc-link ez-toc-heading-9\" href=\"https:\/\/www.topfastpcb.com\/pt\/products\/turnkey-pcb-assembly-services\/#Why_Global_Clients_Trust_Topfast\" >Por que os clientes globais confiam na Topfast<\/a><\/li><\/ul><\/nav><\/div>\n\n<p class=\"ds-markdown-paragraph\">No cen\u00e1rio atual de desenvolvimento de produtos eletr\u00f4nicos em ritmo acelerado, cada etapa do projeto conceitual \u00e0 produ\u00e7\u00e3o em massa \u00e9 cr\u00edtica. Como fornecedor l\u00edder de solu\u00e7\u00f5es de PCB com 17 anos de experi\u00eancia no sector, a Topfast oferece solu\u00e7\u00f5es profissionais completas e prontas a utilizar. <a href=\"https:\/\/www.topfastpcb.com\/pt\/products\/category\/pcba\/\">Servi\u00e7os de montagem de PCB<\/a>A empresa est\u00e1 a ajudar os clientes globais a transformar eficazmente concep\u00e7\u00f5es inovadoras em produtos fi\u00e1veis, reduzindo significativamente o tempo de coloca\u00e7\u00e3o no mercado.<\/p>\n<h2><span class=\"ez-toc-section\" id=\"Topfasts_Professional_Turnkey_PCB_Assembly_Services\"><\/span>Servi\u00e7os profissionais de montagem de PCB Turnkey da Topfast?<span class=\"ez-toc-section-end\"><\/span><\/h2>\n<h3><span class=\"ez-toc-section\" id=\"End-to-End_Complete_Solution\"><\/span>Solu\u00e7\u00e3o completa de ponta a ponta<span class=\"ez-toc-section-end\"><\/span><\/h3>\n<p class=\"ds-markdown-paragraph\">Ao contr\u00e1rio dos fabricantes de PCBs comuns, Topfast oferece um servi\u00e7o completo de cadeia de valor, desde a revis\u00e3o do projeto at\u00e9 a entrega final. Quando escolhe o nosso servi\u00e7o chave na m\u00e3o, beneficia de:<\/p>\n<ul>\n<li>\n<p class=\"ds-markdown-paragraph\"><strong>Apoio profissional de engenharia DFM<\/strong>: A nossa equipa t\u00e9cnica efectua uma an\u00e1lise aprofundada de Design for Manufacturability (DFM) dos seus ficheiros Gerber e BOM no in\u00edcio do projeto, identificando potenciais problemas numa fase inicial e fornecendo sugest\u00f5es de otimiza\u00e7\u00e3o para evitar um retrabalho dispendioso mais tarde.<\/p>\n<\/li>\n<li>\n<p class=\"ds-markdown-paragraph\"><strong>Fabrico de PCB de alta qualidade<\/strong>: A nossa f\u00e1brica de 20.000 metros quadrados est\u00e1 equipada com equipamento avan\u00e7ado, como m\u00e1quinas de perfura\u00e7\u00e3o a laser e linhas de revestimento de orif\u00edcios VCP, capaz de produzir placas r\u00edgidas, placas flex\u00edveis, placas r\u00edgidas-flex\u00edveis, placas HDI, placas RF e muito mais para satisfazer as diversas necessidades da ind\u00fastria.<\/p>\n<\/li>\n<li>\n<p class=\"ds-markdown-paragraph\"><strong>Cadeia de fornecimento fi\u00e1vel de componentes<\/strong>: Com parcerias profundas com fabricantes de marcas de primeira linha, garantimos a qualidade dos componentes e oferecemos os pre\u00e7os mais competitivos. A nossa rede global de fornecedores pode responder rapidamente a v\u00e1rias necessidades de componentes.<\/p>\n<\/li>\n<li>\n<p class=\"ds-markdown-paragraph\"><strong>Processos de montagem de precis\u00e3o<\/strong>: Utilizando tecnologias de montagem avan\u00e7adas, incluindo SMT, THT, retrabalho BGA e soldadura selectiva, em conjunto com m\u00e1quinas de coloca\u00e7\u00e3o de alta precis\u00e3o e t\u00e9cnicas de soldadura profissionais para garantir que cada junta de soldadura cumpre as normas IPC-A-610.<\/p>\n<\/li>\n<\/ul>\n<h3><span class=\"ez-toc-section\" id=\"Rigorous_Quality_Assurance_System\"><\/span>Sistema rigoroso de garantia de qualidade<span class=\"ez-toc-section-end\"><\/span><\/h3>\n<p class=\"ds-markdown-paragraph\">Como fabricante profissional com certifica\u00e7\u00e3o ISO 9001, ISO 13485 e UL, Topfast implementa o controlo de qualidade ao longo de todo o processo de produ\u00e7\u00e3o:<\/p>\n<ul>\n<li>\n<p class=\"ds-markdown-paragraph\"><strong>100% Ensaios el\u00e9ctricos<\/strong>: Todas as placas nuas s\u00e3o submetidas a testes de sonda voadora ou de fixa\u00e7\u00e3o para garantir a conetividade dos circuitos<\/p>\n<\/li>\n<li>\n<p class=\"ds-markdown-paragraph\"><strong>M\u00e9todos de inspe\u00e7\u00e3o m\u00faltiplos<\/strong>: Combina\u00e7\u00e3o de inspe\u00e7\u00e3o \u00f3tica automatizada AOI, inspe\u00e7\u00e3o por raios X (para BGAs\/juntas de soldadura ocultas) e testes funcionais para uma garantia de qualidade abrangente de PCBA<\/p>\n<\/li>\n<li>\n<p class=\"ds-markdown-paragraph\"><strong>Controlo ESD rigoroso<\/strong>: Implementa\u00e7\u00e3o de medidas completas de prote\u00e7\u00e3o eletrost\u00e1tica no ambiente de produ\u00e7\u00e3o para evitar danos em componentes sens\u00edveis<\/p>\n<\/li>\n<li>\n<p class=\"ds-markdown-paragraph\"><strong>Limpeza e embalagem<\/strong>: Limpeza profissional ap\u00f3s a montagem e embalagem anti-est\u00e1tica para garantir um transporte seguro<\/p>\n<\/li>\n<\/ul>\n<h2><img loading=\"lazy\" decoding=\"async\" src=\"https:\/\/www.topfastpcb.com\/wp-content\/uploads\/2025\/06\/pcba1.jpg\" alt=\"Montagem de PCB\" width=\"600\" height=\"402\" class=\"aligncenter size-full wp-image-3350\" srcset=\"https:\/\/www.topfastpcb.com\/wp-content\/uploads\/2025\/06\/pcba1.jpg 600w, https:\/\/www.topfastpcb.com\/wp-content\/uploads\/2025\/06\/pcba1-300x201.jpg 300w, https:\/\/www.topfastpcb.com\/wp-content\/uploads\/2025\/06\/pcba1-18x12.jpg 18w\" sizes=\"auto, (max-width: 600px) 100vw, 600px\" \/><\/h2>\n<h2><span class=\"ez-toc-section\" id=\"Core_Advantages_of_Topfasts_Turnkey_Services\"><\/span>Principais Vantagens dos Servi\u00e7os Turnkey da Topfast<span class=\"ez-toc-section-end\"><\/span><\/h2>\n<h3><span class=\"ez-toc-section\" id=\"Significantly_Reducing_Operational_Complexity_for_Clients\"><\/span>Reduzindo significativamente a complexidade operacional para os clientes<span class=\"ez-toc-section-end\"><\/span><\/h3>\n<p class=\"ds-markdown-paragraph\">Nos modelos tradicionais, os clientes precisam de se coordenar separadamente com <a href=\"https:\/\/www.topfastpcb.com\/pt\/products\/\">Fabricantes de PCB<\/a>A Topfast oferece um servi\u00e7o \u00fanico que permite trabalhar com uma \u00fanica equipa de profissionais para completar todas as etapas, desde a conce\u00e7\u00e3o at\u00e9 ao produto final. O servi\u00e7o one-stop da Topfast significa que s\u00f3 precisa de trabalhar com uma equipa de profissionais para completar todas as etapas desde o design at\u00e9 ao produto final, reduzindo consideravelmente os encargos de gest\u00e3o.<\/p>\n<p class=\"ds-markdown-paragraph\">Os nossos dados mostram que os clientes que utilizam servi\u00e7os \"chave na m\u00e3o\" poupam, em m\u00e9dia, mais de 30% do tempo de projeto, o que os torna particularmente adequados para empresas em fase de arranque ou PMEs com recursos limitados para colocar rapidamente os produtos no mercado.<\/p>\n<h3><span class=\"ez-toc-section\" id=\"Flexible_Support_for_Various_Production_Needs\"><\/span>Suporte flex\u00edvel para v\u00e1rias necessidades de produ\u00e7\u00e3o<span class=\"ez-toc-section-end\"><\/span><\/h3>\n<p class=\"ds-markdown-paragraph\">Quer necessite:<\/p>\n<ul>\n<li>\n<p class=\"ds-markdown-paragraph\"><strong>5-10 pe\u00e7as para prototipagem r\u00e1pida<\/strong><\/p>\n<\/li>\n<li>\n<p class=\"ds-markdown-paragraph\"><strong>50-1000 pe\u00e7as para produ\u00e7\u00e3o piloto de pequenos lotes<\/strong><\/p>\n<\/li>\n<li>\n<p class=\"ds-markdown-paragraph\"><strong>Dezenas de milhares de pe\u00e7as para produ\u00e7\u00e3o em massa<\/strong><\/p>\n<\/li>\n<\/ul>\n<p class=\"ds-markdown-paragraph\">Topfast pode fornecer solu\u00e7\u00f5es sob medida. Compreendemos as diferentes necessidades nas v\u00e1rias fases de desenvolvimento do produto e estabelecemos um sistema de produ\u00e7\u00e3o flex\u00edvel para apoiar os clientes desde a prototipagem at\u00e9 \u00e0 produ\u00e7\u00e3o em massa.<\/p>\n<h3><span class=\"ez-toc-section\" id=\"Cost_Optimization_Risk_Control\"><\/span>Otimiza\u00e7\u00e3o de custos e controlo de riscos<span class=\"ez-toc-section-end\"><\/span><\/h3>\n<p class=\"ds-markdown-paragraph\">Tirando partido de economias de escala no aprovisionamento e de uma experi\u00eancia de engenharia madura, oferecemos aos nossos clientes:<\/p>\n<ul>\n<li>\n<p class=\"ds-markdown-paragraph\"><strong>An\u00e1lise do custo da lista t\u00e9cnica<\/strong>: A equipa profissional analisa as listas de materiais e sugere alternativas equivalentes para reduzir os custos<\/p>\n<\/li>\n<li>\n<p class=\"ds-markdown-paragraph\"><strong>Identifica\u00e7\u00e3o precoce de riscos<\/strong>: A an\u00e1lise DFM identifica antecipadamente as falhas de conce\u00e7\u00e3o, evitando modifica\u00e7\u00f5es dispendiosas na fase final<\/p>\n<\/li>\n<li>\n<p class=\"ds-markdown-paragraph\"><strong>Pre\u00e7os transparentes<\/strong>: Sem taxas ocultas, oferecendo a estrutura de pre\u00e7os mais competitiva do mercado<\/p>\n<\/li>\n<\/ul>\n<h2><span class=\"ez-toc-section\" id=\"Industry-Leading_Technical_Capabilities\"><\/span>Capacidades t\u00e9cnicas l\u00edderes na ind\u00fastria<span class=\"ez-toc-section-end\"><\/span><\/h2>\n<p class=\"ds-markdown-paragraph\">A Topfast investe continuamente na inova\u00e7\u00e3o tecnol\u00f3gica, com a nossa f\u00e1brica equipada com:<\/p>\n<ul>\n<li>\n<p class=\"ds-markdown-paragraph\"><strong>Equipamento de perfura\u00e7\u00e3o a laser de alta precis\u00e3o<\/strong>: Suporte ao processamento de microvia para requisitos de placas HDI<\/p>\n<\/li>\n<li>\n<p class=\"ds-markdown-paragraph\"><strong>Sistemas de Inspe\u00e7\u00e3o AOI de Via Cega<\/strong>: Garantir a fiabilidade das liga\u00e7\u00f5es internas em placas multicamadas<\/p>\n<\/li>\n<li>\n<p class=\"ds-markdown-paragraph\"><strong>Linhas de produ\u00e7\u00e3o de moagem de cer\u00e2mica<\/strong>: Tratamento de superf\u00edcie de alta precis\u00e3o<\/p>\n<\/li>\n<li>\n<p class=\"ds-markdown-paragraph\"><strong>M\u00e1quinas de obtura\u00e7\u00e3o de resina por v\u00e1cuo<\/strong>: Melhorar a estabilidade estrutural da placa<\/p>\n<\/li>\n<\/ul>\n<p class=\"ds-markdown-paragraph\">A nossa equipa t\u00e9cnica \u00e9 constitu\u00edda por engenheiros experientes capazes de lidar com projectos complexos de PCB, incluindo circuitos RF de alta frequ\u00eancia, placas de interliga\u00e7\u00e3o de alta densidade (HDI) e placas de alimenta\u00e7\u00e3o de cobre espesso para aplica\u00e7\u00f5es especializadas.<\/p>\n<h2><span class=\"ez-toc-section\" id=\"Why_Global_Clients_Trust_Topfast\"><\/span>Por que os clientes globais confiam na Topfast<span class=\"ez-toc-section-end\"><\/span><\/h2>\n<p class=\"ds-markdown-paragraph\">A escolha de um parceiro de montagem de PCB n\u00e3o \u00e9 apenas uma quest\u00e3o de custo - \u00e9 uma quest\u00e3o de qualidade do produto e sucesso do projeto. Com 17 anos de experi\u00eancia profissional, um sistema de qualidade robusto e uma filosofia de servi\u00e7o que coloca o cliente em primeiro lugar, Topfast tornou-se o fornecedor preferido de in\u00fameras marcas internacionais.<\/p>\n<p class=\"ds-markdown-paragraph\">Compreendemos que cada projeto de placa de circuito impresso \u00e9 portador das vis\u00f5es inovadoras dos nossos clientes, raz\u00e3o pela qual aderimos a uma filosofia central de \"qualidade em primeiro lugar\". Atrav\u00e9s de um controlo meticuloso dos processos e de m\u00e9todos t\u00e9cnicos avan\u00e7ados, garantimos que cada placa de circuito impresso entregue satisfaz ou excede as expectativas. De dispositivos m\u00e9dicos a controlos industriais, de eletr\u00f3nica de consumo a eletr\u00f3nica autom\u00f3vel, os servi\u00e7os chave-na-m\u00e3o da Topfast t\u00eam apoiado com sucesso centenas de produtos atrav\u00e9s da produ\u00e7\u00e3o em massa.<\/p>\n<p class=\"ds-markdown-paragraph\">Se procura solu\u00e7\u00f5es de montagem de PCB fi\u00e1veis, eficientes e econ\u00f3micas, a equipa de profissionais da Topfast est\u00e1 pronta para o ajudar. Sinta-se \u00e0 vontade para enviar seus arquivos de design e BOM para um <a href=\"https:\/\/www.topfastpcb.com\/pt\/contact\/\">or\u00e7amento imediato<\/a>e deixe-nos ajud\u00e1-lo a transformar rapidamente ideias em produtos prontos para o mercado.<\/p>","protected":false},"excerpt":{"rendered":"<p><span>Este artigo detalha as principais vantagens dos servi\u00e7os profissionais de montagem de PCB chave na m\u00e3o da Topfast, incluindo solu\u00e7\u00f5es de ponta a ponta, controle de qualidade rigoroso, suporte de produ\u00e7\u00e3o flex\u00edvel e recursos de otimiza\u00e7\u00e3o de custos, mostrando sua experi\u00eancia t\u00e9cnica e valor de servi\u00e7o como um fornecedor de PCB l\u00edder do setor para ajudar os clientes a alcan\u00e7ar uma fabrica\u00e7\u00e3o eletr\u00f4nica eficiente.<\/span><\/p>","protected":false},"featured_media":3351,"comment_status":"closed","ping_status":"closed","template":"","meta":[],"product_brand":[],"product_cat":[116],"product_tag":[231,207,291],"class_list":{"0":"post-3349","1":"product","2":"type-product","3":"status-publish","4":"has-post-thumbnail","6":"product_cat-pcba","7":"product_tag-pcb-assembly","8":"product_tag-pcba","9":"product_tag-turnkey-pcb-assembly","11":"first","12":"instock","13":"shipping-taxable","14":"product-type-simple"},"yoast_head":"<!-- This site is optimized with the Yoast SEO plugin v25.1 - https:\/\/yoast.com\/wordpress\/plugins\/seo\/ -->\n<title>Turnkey PCB Assembly Services - Topfastpcb<\/title>\n<meta name=\"description\" content=\"Topfast provides professional turnkey PCB assembly services with 17 years of experience in one-stop PCB fabrication, component procurement, precision assembly, and testing. ISO-certified quality system supports from prototyping to mass production, helping global clients accelerate product launches.\" \/>\n<meta name=\"robots\" content=\"index, follow, max-snippet:-1, max-image-preview:large, max-video-preview:-1\" \/>\n<link rel=\"canonical\" href=\"https:\/\/www.topfastpcb.com\/pt\/products\/turnkey-pcb-assembly-services\/\" \/>\n<meta property=\"og:locale\" content=\"pt_PT\" \/>\n<meta property=\"og:type\" content=\"article\" \/>\n<meta property=\"og:title\" content=\"Turnkey PCB Assembly Services - Topfastpcb\" \/>\n<meta property=\"og:description\" content=\"Topfast provides professional turnkey PCB assembly services with 17 years of experience in one-stop PCB fabrication, component procurement, precision assembly, and testing. ISO-certified quality system supports from prototyping to mass production, helping global clients accelerate product launches.\" \/>\n<meta property=\"og:url\" content=\"https:\/\/www.topfastpcb.com\/pt\/products\/turnkey-pcb-assembly-services\/\" \/>\n<meta property=\"og:site_name\" content=\"Topfastpcb\" \/>\n<meta property=\"article:modified_time\" content=\"2025-06-24T02:03:28+00:00\" \/>\n<meta property=\"og:image\" content=\"https:\/\/www.topfastpcb.com\/wp-content\/uploads\/2025\/06\/pcba13.jpg\" \/>\n\t<meta property=\"og:image:width\" content=\"750\" \/>\n\t<meta property=\"og:image:height\" content=\"750\" \/>\n\t<meta property=\"og:image:type\" content=\"image\/jpeg\" \/>\n<meta name=\"twitter:card\" content=\"summary_large_image\" \/>\n<meta name=\"twitter:label1\" content=\"Tempo estimado de leitura\" \/>\n\t<meta name=\"twitter:data1\" content=\"4 minutos\" \/>\n<script type=\"application\/ld+json\" class=\"yoast-schema-graph\">{\"@context\":\"https:\/\/schema.org\",\"@graph\":[{\"@type\":\"WebPage\",\"@id\":\"https:\/\/www.topfastpcb.com\/products\/turnkey-pcb-assembly-services\/\",\"url\":\"https:\/\/www.topfastpcb.com\/products\/turnkey-pcb-assembly-services\/\",\"name\":\"Turnkey PCB Assembly Services - Topfastpcb\",\"isPartOf\":{\"@id\":\"https:\/\/www.topfastpcb.com\/#website\"},\"primaryImageOfPage\":{\"@id\":\"https:\/\/www.topfastpcb.com\/products\/turnkey-pcb-assembly-services\/#primaryimage\"},\"image\":{\"@id\":\"https:\/\/www.topfastpcb.com\/products\/turnkey-pcb-assembly-services\/#primaryimage\"},\"thumbnailUrl\":\"https:\/\/www.topfastpcb.com\/wp-content\/uploads\/2025\/06\/pcba13.jpg\",\"datePublished\":\"2025-06-21T00:35:11+00:00\",\"dateModified\":\"2025-06-24T02:03:28+00:00\",\"description\":\"Topfast provides professional turnkey PCB assembly services with 17 years of experience in one-stop PCB fabrication, component procurement, precision assembly, and testing. ISO-certified quality system supports from prototyping to mass production, helping global clients accelerate product launches.\",\"breadcrumb\":{\"@id\":\"https:\/\/www.topfastpcb.com\/products\/turnkey-pcb-assembly-services\/#breadcrumb\"},\"inLanguage\":\"pt-PT\",\"potentialAction\":[{\"@type\":\"ReadAction\",\"target\":[\"https:\/\/www.topfastpcb.com\/products\/turnkey-pcb-assembly-services\/\"]}]},{\"@type\":\"ImageObject\",\"inLanguage\":\"pt-PT\",\"@id\":\"https:\/\/www.topfastpcb.com\/products\/turnkey-pcb-assembly-services\/#primaryimage\",\"url\":\"https:\/\/www.topfastpcb.com\/wp-content\/uploads\/2025\/06\/pcba13.jpg\",\"contentUrl\":\"https:\/\/www.topfastpcb.com\/wp-content\/uploads\/2025\/06\/pcba13.jpg\",\"width\":750,\"height\":750,\"caption\":\"Turnkey PCB Assembly\"},{\"@type\":\"BreadcrumbList\",\"@id\":\"https:\/\/www.topfastpcb.com\/products\/turnkey-pcb-assembly-services\/#breadcrumb\",\"itemListElement\":[{\"@type\":\"ListItem\",\"position\":1,\"name\":\"\u9996\u9875\",\"item\":\"https:\/\/www.topfastpcb.com\/\"},{\"@type\":\"ListItem\",\"position\":2,\"name\":\"\u5546\u5e97\",\"item\":\"https:\/\/www.topfastpcb.com\/shop\/\"},{\"@type\":\"ListItem\",\"position\":3,\"name\":\"Turnkey PCB Assembly Services\"}]},{\"@type\":\"WebSite\",\"@id\":\"https:\/\/www.topfastpcb.com\/#website\",\"url\":\"https:\/\/www.topfastpcb.com\/\",\"name\":\"Topfastpcb\",\"description\":\"Topfast Prime Choice for Global Electronics Manufacturing\",\"publisher\":{\"@id\":\"https:\/\/www.topfastpcb.com\/#organization\"},\"potentialAction\":[{\"@type\":\"SearchAction\",\"target\":{\"@type\":\"EntryPoint\",\"urlTemplate\":\"https:\/\/www.topfastpcb.com\/?s={search_term_string}\"},\"query-input\":{\"@type\":\"PropertyValueSpecification\",\"valueRequired\":true,\"valueName\":\"search_term_string\"}}],\"inLanguage\":\"pt-PT\"},{\"@type\":\"Organization\",\"@id\":\"https:\/\/www.topfastpcb.com\/#organization\",\"name\":\"Topfastpcb\",\"url\":\"https:\/\/www.topfastpcb.com\/\",\"logo\":{\"@type\":\"ImageObject\",\"inLanguage\":\"pt-PT\",\"@id\":\"https:\/\/www.topfastpcb.com\/#\/schema\/logo\/image\/\",\"url\":\"https:\/\/www.topfastpcb.com\/wp-content\/uploads\/2026\/02\/cropped-topfast-logo.png\",\"contentUrl\":\"https:\/\/www.topfastpcb.com\/wp-content\/uploads\/2026\/02\/cropped-topfast-logo.png\",\"width\":144,\"height\":56,\"caption\":\"Topfastpcb\"},\"image\":{\"@id\":\"https:\/\/www.topfastpcb.com\/#\/schema\/logo\/image\/\"}}]}<\/script>\n<!-- \/ Yoast SEO plugin. -->","yoast_head_json":{"title":"Turnkey PCB Assembly Services - Topfastpcb","description":"Topfast provides professional turnkey PCB assembly services with 17 years of experience in one-stop PCB fabrication, component procurement, precision assembly, and testing. ISO-certified quality system supports from prototyping to mass production, helping global clients accelerate product launches.","robots":{"index":"index","follow":"follow","max-snippet":"max-snippet:-1","max-image-preview":"max-image-preview:large","max-video-preview":"max-video-preview:-1"},"canonical":"https:\/\/www.topfastpcb.com\/pt\/products\/turnkey-pcb-assembly-services\/","og_locale":"pt_PT","og_type":"article","og_title":"Turnkey PCB Assembly Services - Topfastpcb","og_description":"Topfast provides professional turnkey PCB assembly services with 17 years of experience in one-stop PCB fabrication, component procurement, precision assembly, and testing. ISO-certified quality system supports from prototyping to mass production, helping global clients accelerate product launches.","og_url":"https:\/\/www.topfastpcb.com\/pt\/products\/turnkey-pcb-assembly-services\/","og_site_name":"Topfastpcb","article_modified_time":"2025-06-24T02:03:28+00:00","og_image":[{"width":750,"height":750,"url":"https:\/\/www.topfastpcb.com\/wp-content\/uploads\/2025\/06\/pcba13.jpg","type":"image\/jpeg"}],"twitter_card":"summary_large_image","twitter_misc":{"Tempo estimado de leitura":"4 minutos"},"schema":{"@context":"https:\/\/schema.org","@graph":[{"@type":"WebPage","@id":"https:\/\/www.topfastpcb.com\/products\/turnkey-pcb-assembly-services\/","url":"https:\/\/www.topfastpcb.com\/products\/turnkey-pcb-assembly-services\/","name":"Turnkey PCB Assembly Services - Topfastpcb","isPartOf":{"@id":"https:\/\/www.topfastpcb.com\/#website"},"primaryImageOfPage":{"@id":"https:\/\/www.topfastpcb.com\/products\/turnkey-pcb-assembly-services\/#primaryimage"},"image":{"@id":"https:\/\/www.topfastpcb.com\/products\/turnkey-pcb-assembly-services\/#primaryimage"},"thumbnailUrl":"https:\/\/www.topfastpcb.com\/wp-content\/uploads\/2025\/06\/pcba13.jpg","datePublished":"2025-06-21T00:35:11+00:00","dateModified":"2025-06-24T02:03:28+00:00","description":"Topfast provides professional turnkey PCB assembly services with 17 years of experience in one-stop PCB fabrication, component procurement, precision assembly, and testing. ISO-certified quality system supports from prototyping to mass production, helping global clients accelerate product launches.","breadcrumb":{"@id":"https:\/\/www.topfastpcb.com\/products\/turnkey-pcb-assembly-services\/#breadcrumb"},"inLanguage":"pt-PT","potentialAction":[{"@type":"ReadAction","target":["https:\/\/www.topfastpcb.com\/products\/turnkey-pcb-assembly-services\/"]}]},{"@type":"ImageObject","inLanguage":"pt-PT","@id":"https:\/\/www.topfastpcb.com\/products\/turnkey-pcb-assembly-services\/#primaryimage","url":"https:\/\/www.topfastpcb.com\/wp-content\/uploads\/2025\/06\/pcba13.jpg","contentUrl":"https:\/\/www.topfastpcb.com\/wp-content\/uploads\/2025\/06\/pcba13.jpg","width":750,"height":750,"caption":"Turnkey PCB Assembly"},{"@type":"BreadcrumbList","@id":"https:\/\/www.topfastpcb.com\/products\/turnkey-pcb-assembly-services\/#breadcrumb","itemListElement":[{"@type":"ListItem","position":1,"name":"\u9996\u9875","item":"https:\/\/www.topfastpcb.com\/"},{"@type":"ListItem","position":2,"name":"\u5546\u5e97","item":"https:\/\/www.topfastpcb.com\/shop\/"},{"@type":"ListItem","position":3,"name":"Turnkey PCB Assembly Services"}]},{"@type":"WebSite","@id":"https:\/\/www.topfastpcb.com\/#website","url":"https:\/\/www.topfastpcb.com\/","name":"Topfastpcb","description":"Topfast Prime Choice for Global Electronics Manufacturing","publisher":{"@id":"https:\/\/www.topfastpcb.com\/#organization"},"potentialAction":[{"@type":"SearchAction","target":{"@type":"EntryPoint","urlTemplate":"https:\/\/www.topfastpcb.com\/?s={search_term_string}"},"query-input":{"@type":"PropertyValueSpecification","valueRequired":true,"valueName":"search_term_string"}}],"inLanguage":"pt-PT"},{"@type":"Organization","@id":"https:\/\/www.topfastpcb.com\/#organization","name":"Topfastpcb","url":"https:\/\/www.topfastpcb.com\/","logo":{"@type":"ImageObject","inLanguage":"pt-PT","@id":"https:\/\/www.topfastpcb.com\/#\/schema\/logo\/image\/","url":"https:\/\/www.topfastpcb.com\/wp-content\/uploads\/2026\/02\/cropped-topfast-logo.png","contentUrl":"https:\/\/www.topfastpcb.com\/wp-content\/uploads\/2026\/02\/cropped-topfast-logo.png","width":144,"height":56,"caption":"Topfastpcb"},"image":{"@id":"https:\/\/www.topfastpcb.com\/#\/schema\/logo\/image\/"}}]}},"_links":{"self":[{"href":"https:\/\/www.topfastpcb.com\/pt\/wp-json\/wp\/v2\/product\/3349","targetHints":{"allow":["GET"]}}],"collection":[{"href":"https:\/\/www.topfastpcb.com\/pt\/wp-json\/wp\/v2\/product"}],"about":[{"href":"https:\/\/www.topfastpcb.com\/pt\/wp-json\/wp\/v2\/types\/product"}],"replies":[{"embeddable":true,"href":"https:\/\/www.topfastpcb.com\/pt\/wp-json\/wp\/v2\/comments?post=3349"}],"wp:featuredmedia":[{"embeddable":true,"href":"https:\/\/www.topfastpcb.com\/pt\/wp-json\/wp\/v2\/media\/3351"}],"wp:attachment":[{"href":"https:\/\/www.topfastpcb.com\/pt\/wp-json\/wp\/v2\/media?parent=3349"}],"wp:term":[{"taxonomy":"product_brand","embeddable":true,"href":"https:\/\/www.topfastpcb.com\/pt\/wp-json\/wp\/v2\/product_brand?post=3349"},{"taxonomy":"product_cat","embeddable":true,"href":"https:\/\/www.topfastpcb.com\/pt\/wp-json\/wp\/v2\/product_cat?post=3349"},{"taxonomy":"product_tag","embeddable":true,"href":"https:\/\/www.topfastpcb.com\/pt\/wp-json\/wp\/v2\/product_tag?post=3349"}],"curies":[{"name":"wp","href":"https:\/\/api.w.org\/{rel}","templated":true}]}}