{"id":3432,"date":"2025-06-25T08:20:21","date_gmt":"2025-06-25T00:20:21","guid":{"rendered":"https:\/\/www.topfastpcb.com\/?post_type=product&#038;p=3432"},"modified":"2025-06-24T11:51:05","modified_gmt":"2025-06-24T03:51:05","slug":"diode","status":"publish","type":"product","link":"https:\/\/www.topfastpcb.com\/pt\/products\/diode\/","title":{"rendered":"D\u00edodo"},"content":{"rendered":"<div id=\"ez-toc-container\" class=\"ez-toc-v2_0_74 counter-hierarchy ez-toc-counter ez-toc-custom ez-toc-container-direction\">\n<div class=\"ez-toc-title-container\">\n<p class=\"ez-toc-title\" style=\"cursor:inherit\">\u00cdndice<\/p>\n<span class=\"ez-toc-title-toggle\"><\/span><\/div>\n<nav><ul class='ez-toc-list ez-toc-list-level-1' ><li class='ez-toc-page-1 ez-toc-heading-level-2'><a class=\"ez-toc-link ez-toc-heading-1\" href=\"https:\/\/www.topfastpcb.com\/pt\/products\/diode\/#The_Importance_of_Diode_Selection\" >A import\u00e2ncia da sele\u00e7\u00e3o de d\u00edodos<\/a><\/li><li class='ez-toc-page-1 ez-toc-heading-level-2'><a class=\"ez-toc-link ez-toc-heading-2\" href=\"https:\/\/www.topfastpcb.com\/pt\/products\/diode\/#Our_Professional_Diode_Procurement_Advantages\" >Vantagens da nossa aquisi\u00e7\u00e3o de d\u00edodos profissionais<\/a><\/li><li class='ez-toc-page-1 ez-toc-heading-level-2'><a class=\"ez-toc-link ez-toc-heading-3\" href=\"https:\/\/www.topfastpcb.com\/pt\/products\/diode\/#Diodes_and_PCB_manufacturing_complement_each_other\" >Os d\u00edodos e o fabrico de placas de circuito impresso complementam-se<\/a><\/li><li class='ez-toc-page-1 ez-toc-heading-level-2'><a class=\"ez-toc-link ez-toc-heading-4\" href=\"https:\/\/www.topfastpcb.com\/pt\/products\/diode\/#Industry-Specific_Diode_Solutions\" >Solu\u00e7\u00f5es de d\u00edodos espec\u00edficas para a ind\u00fastria<\/a><\/li><li class='ez-toc-page-1 ez-toc-heading-level-2'><a class=\"ez-toc-link ez-toc-heading-5\" href=\"https:\/\/www.topfastpcb.com\/pt\/products\/diode\/#One-stop_solution_from_prototype_to_mass_production\" >Solu\u00e7\u00e3o \u00fanica desde o prot\u00f3tipo at\u00e9 \u00e0 produ\u00e7\u00e3o em massa<\/a><\/li><li class='ez-toc-page-1 ez-toc-heading-level-2'><a class=\"ez-toc-link ez-toc-heading-6\" href=\"https:\/\/www.topfastpcb.com\/pt\/products\/diode\/#Why_choose_Topfast\" >Porqu\u00ea escolher Topfast?<\/a><ul class='ez-toc-list-level-3' ><li class='ez-toc-heading-level-3'><a class=\"ez-toc-link ez-toc-heading-7\" href=\"https:\/\/www.topfastpcb.com\/pt\/products\/diode\/#Get_Your_Custom_Diode_Solution_Now\" >Obtenha sua solu\u00e7\u00e3o de diodo personalizado agora<\/a><\/li><\/ul><\/li><\/ul><\/nav><\/div>\n\n<p class=\"ds-markdown-paragraph\">Sendo o componente semicondutor mais fundamental e cr\u00edtico, os d\u00edodos s\u00e3o utilizados em praticamente todos os circuitos, desde a simples retifica\u00e7\u00e3o de energia at\u00e9 ao complexo processamento de sinais de alta frequ\u00eancia. O desempenho dos d\u00edodos tem um impacto direto na fiabilidade e efici\u00eancia de todo o sistema eletr\u00f3nico. Com 17 anos de experi\u00eancia como especialista em fabrico de PCB, a Topfast oferece solu\u00e7\u00f5es de PCB de alta qualidade e completas para garantir que os seus projectos atinjam um desempenho \u00f3timo, desde os componentes at\u00e9 \u00e0s placas acabadas.<\/p>\n<h2><span class=\"ez-toc-section\" id=\"The_Importance_of_Diode_Selection\"><\/span>A import\u00e2ncia da sele\u00e7\u00e3o de d\u00edodos<span class=\"ez-toc-section-end\"><\/span><\/h2>\n<p class=\"ds-markdown-paragraph\">Os d\u00edodos controlam o fluxo unidirecional da corrente nos circuitos electr\u00f3nicos.A escolha do d\u00edodo errado pode resultar em<\/p>\n<ul>\n<li>\n<p class=\"ds-markdown-paragraph\"><strong>Baixa efici\u00eancia energ\u00e9tica<\/strong><span>\u00a0<\/span>(queda excessiva da tens\u00e3o direta quando se utilizam d\u00edodos rectificadores normais em vez de d\u00edodos Schottky)<\/p>\n<\/li>\n<li>\n<p class=\"ds-markdown-paragraph\"><strong>Instabilidade do sistema<\/strong><span>\u00a0<\/span>(danos electrost\u00e1ticos devido a uma prote\u00e7\u00e3o inadequada do d\u00edodo TVS)<\/p>\n<\/li>\n<li>\n<p class=\"ds-markdown-paragraph\"><strong>Degrada\u00e7\u00e3o da integridade do sinal<\/strong><span>\u00a0<\/span>(sele\u00e7\u00e3o inadequada de d\u00edodos de contacto pontual em aplica\u00e7\u00f5es de alta frequ\u00eancia)<\/p>\n<\/li>\n<li>\n<p class=\"ds-markdown-paragraph\"><strong>Redu\u00e7\u00e3o da vida \u00fatil do produto<\/strong><span>\u00a0<\/span>(funcionamento inst\u00e1vel devido a uma sele\u00e7\u00e3o incorrecta do d\u00edodo Zener)<\/p>\n<\/li>\n<\/ul>\n<p class=\"ds-markdown-paragraph\">Encontramos frequentemente clientes que procuram ajuda para projectos de PCB que falharam, em que a causa principal se deve frequentemente a uma sele\u00e7\u00e3o incorrecta de d\u00edodos. Por exemplo, um fabricante de equipamento de controlo industrial utilizou inicialmente d\u00edodos rectificadores padr\u00e3o, o que resultou numa efici\u00eancia de apenas 78% do m\u00f3dulo de pot\u00eancia. Ap\u00f3s a nossa recomenda\u00e7\u00e3o profissional para mudar para d\u00edodos Schottky de baixo FV, a efici\u00eancia melhorou para 92%, com uma redu\u00e7\u00e3o de 15\u00b0C no aumento da temperatura.<\/p>\n<h2><img loading=\"lazy\" decoding=\"async\" src=\"https:\/\/www.topfastpcb.com\/wp-content\/uploads\/2025\/06\/diode.jpg\" alt=\"d\u00edodo\" width=\"600\" height=\"402\" class=\"aligncenter size-full wp-image-3435\" srcset=\"https:\/\/www.topfastpcb.com\/wp-content\/uploads\/2025\/06\/diode.jpg 600w, https:\/\/www.topfastpcb.com\/wp-content\/uploads\/2025\/06\/diode-300x201.jpg 300w, https:\/\/www.topfastpcb.com\/wp-content\/uploads\/2025\/06\/diode-18x12.jpg 18w\" sizes=\"auto, (max-width: 600px) 100vw, 600px\" \/><\/h2>\n<h2><span class=\"ez-toc-section\" id=\"Our_Professional_Diode_Procurement_Advantages\"><\/span>Vantagens da nossa aquisi\u00e7\u00e3o de d\u00edodos profissionais<span class=\"ez-toc-section-end\"><\/span><\/h2>\n<p class=\"ds-markdown-paragraph\">Como um fornecedor de solu\u00e7\u00f5es PCB de balc\u00e3o \u00fanico, constru\u00edmos uma rede robusta de cadeia de fornecimento de d\u00edodos, oferecendo:<\/p>\n<ol start=\"1\">\n<li>\n<p class=\"ds-markdown-paragraph\"><strong>Suporte para d\u00edodos de categoria completa<\/strong>: Mais de 2000 modelos, desde d\u00edodos b\u00e1sicos de jun\u00e7\u00e3o PN a d\u00edodos PIN especializados e d\u00edodos varactor.<\/p>\n<\/li>\n<li>\n<p class=\"ds-markdown-paragraph\"><strong>Canais de fornecedores autorizados<\/strong>: As parcerias com marcas l\u00edderes como ON Semiconductor, Vishay e Diodes Inc. garantem a autenticidade dos componentes.<\/p>\n<\/li>\n<li>\n<p class=\"ds-markdown-paragraph\"><strong>Servi\u00e7o de correspond\u00eancia t\u00e9cnica<\/strong>: A nossa equipa de engenheiros recomenda os tipos de d\u00edodos mais adequados em fun\u00e7\u00e3o da sua aplica\u00e7\u00e3o (pot\u00eancia\/sinal\/prote\u00e7\u00e3o).<\/p>\n<\/li>\n<li>\n<p class=\"ds-markdown-paragraph\"><strong>Solu\u00e7\u00f5es de otimiza\u00e7\u00e3o de custos<\/strong>Para a produ\u00e7\u00e3o de grandes volumes, fornecemos sugest\u00f5es de modelos alternativos para reduzir os custos da lista t\u00e9cnica sem comprometer o desempenho.<\/p>\n<\/li>\n<\/ol>\n<h2><span class=\"ez-toc-section\" id=\"Diodes_and_PCB_manufacturing_complement_each_other\"><\/span>D\u00edodos e <a href=\"https:\/\/www.topfastpcb.com\/pt\/\">Fabrico de PCB<\/a> complementam-se mutuamente<span class=\"ez-toc-section-end\"><\/span><\/h2>\n<p class=\"ds-markdown-paragraph\">Ap\u00f3s a compra dos componentes, estes devem ser perfeitamente montados na placa de circuito impresso. <a href=\"https:\/\/www.topfastpcb.com\/pt\/blog\/what-is-a-pcb-design\/\">Conce\u00e7\u00e3o de PCB<\/a> \u00e9 tamb\u00e9m muito importante, uma vez que afecta a estabilidade e a fiabilidade do produto acabado. Os servi\u00e7os de valor acrescentado que fornecemos incluem:<\/p>\n<ul>\n<li>\n<p class=\"ds-markdown-paragraph\"><strong>An\u00e1lise de conce\u00e7\u00e3o t\u00e9rmica<\/strong>: Otimiza\u00e7\u00e3o da coloca\u00e7\u00e3o do d\u00edodo retificador de alta corrente para evitar o sobreaquecimento localizado.<\/p>\n<\/li>\n<li>\n<p class=\"ds-markdown-paragraph\"><strong>Simula\u00e7\u00e3o da integridade do sinal<\/strong>Avalia\u00e7\u00e3o do impacto dos d\u00edodos Schottky de alta velocidade na qualidade do sinal.<\/p>\n<\/li>\n<li>\n<p class=\"ds-markdown-paragraph\"><strong>Solu\u00e7\u00f5es de prote\u00e7\u00e3o ESD<\/strong>: Conce\u00e7\u00e3o de redes de prote\u00e7\u00e3o de d\u00edodos TVS para circuitos sens\u00edveis.<\/p>\n<\/li>\n<li>\n<p class=\"ds-markdown-paragraph\"><strong>Revis\u00e3o da capacidade de fabrico<\/strong>Assegurar a compatibilidade da embalagem dos d\u00edodos com os processos de PCB.<\/p>\n<\/li>\n<\/ul>\n<p class=\"ds-markdown-paragraph\">Num projeto recente de eletr\u00f3nica autom\u00f3vel, redesenh\u00e1mos a disposi\u00e7\u00e3o dos d\u00edodos num circuito de driver de LED, melhorando o rendimento da produ\u00e7\u00e3o de 83% para 99,6%.Al\u00e9m disso, ao otimizar a sele\u00e7\u00e3o do d\u00edodo Zener, a precis\u00e3o da regula\u00e7\u00e3o da tens\u00e3o aumentou em 30%.<\/p>\n<h2><span class=\"ez-toc-section\" id=\"Industry-Specific_Diode_Solutions\"><\/span>Solu\u00e7\u00f5es de d\u00edodos espec\u00edficas para a ind\u00fastria<span class=\"ez-toc-section-end\"><\/span><\/h2>\n<p class=\"ds-markdown-paragraph\">Diferentes aplica\u00e7\u00f5es exigem requisitos \u00fanicos de d\u00edodos:<\/p>\n<p class=\"ds-markdown-paragraph\"><strong>Eletr\u00f3nica autom\u00f3vel<\/strong>:<\/p>\n<ul>\n<li>\n<p class=\"ds-markdown-paragraph\">D\u00edodos de qualidade autom\u00f3vel em conformidade com a norma AEC-Q101<\/p>\n<\/li>\n<li>\n<p class=\"ds-markdown-paragraph\">Solu\u00e7\u00f5es de prote\u00e7\u00e3o de d\u00edodos TVS resistentes a vibra\u00e7\u00f5es elevadas<\/p>\n<\/li>\n<li>\n<p class=\"ds-markdown-paragraph\">D\u00edodos rectificadores Schottky de gama de temperatura alargada (-40\u00b0C a 150\u00b0C)<\/p>\n<\/li>\n<\/ul>\n<p class=\"ds-markdown-paragraph\"><strong>Controlo industrial<\/strong>:<\/p>\n<ul>\n<li>\n<p class=\"ds-markdown-paragraph\">Solu\u00e7\u00f5es SCR (retificador controlado por sil\u00edcio) de alta corrente<\/p>\n<\/li>\n<li>\n<p class=\"ds-markdown-paragraph\">D\u00edodos optoacopladores de alta tens\u00e3o de isolamento<\/p>\n<\/li>\n<li>\n<p class=\"ds-markdown-paragraph\">Conjuntos de d\u00edodos de recupera\u00e7\u00e3o r\u00e1pida resistentes a EMI<\/p>\n<\/li>\n<\/ul>\n<p class=\"ds-markdown-paragraph\"><strong>Dispositivos m\u00e9dicos<\/strong>:<\/p>\n<ul>\n<li>\n<p class=\"ds-markdown-paragraph\">D\u00edodos de sinal de precis\u00e3o de baixa fuga<\/p>\n<\/li>\n<li>\n<p class=\"ds-markdown-paragraph\">D\u00edodos de isolamento compat\u00edveis com a seguran\u00e7a m\u00e9dica<\/p>\n<\/li>\n<li>\n<p class=\"ds-markdown-paragraph\">D\u00edodos Zener de elevada fiabilidade para equipamento de suporte de vida<\/p>\n<\/li>\n<\/ul>\n<p class=\"ds-markdown-paragraph\"><strong>Produtos IoT<\/strong>:<\/p>\n<ul>\n<li>\n<p class=\"ds-markdown-paragraph\">Otimiza\u00e7\u00e3o do d\u00edodo de corpo do MOSFET de pot\u00eancia ultra-baixa<\/p>\n<\/li>\n<li>\n<p class=\"ds-markdown-paragraph\">Solu\u00e7\u00f5es de fotod\u00edodos para capta\u00e7\u00e3o de energia<\/p>\n<\/li>\n<li>\n<p class=\"ds-markdown-paragraph\">Componentes de d\u00edodos de encapsulamento miniatura (SOD-323, etc.)<\/p>\n<\/li>\n<\/ul>\n<h2><span class=\"ez-toc-section\" id=\"One-stop_solution_from_prototype_to_mass_production\"><\/span>Solu\u00e7\u00e3o \u00fanica desde o prot\u00f3tipo at\u00e9 \u00e0 produ\u00e7\u00e3o em massa<span class=\"ez-toc-section-end\"><\/span><\/h2>\n<p class=\"ds-markdown-paragraph\">Compreendemos que o desenvolvimento de produtos electr\u00f3nicos \u00e9 um processo iterativo, oferecendo um apoio flex\u00edvel:<\/p>\n<ol start=\"1\">\n<li>\n<p class=\"ds-markdown-paragraph\"><strong>Fase de prototipagem<\/strong>:<\/p>\n<ul>\n<li>\n<p class=\"ds-markdown-paragraph\">Fornecimento r\u00e1pido de pequenos lotes de d\u00edodos de m\u00faltiplas variedades<\/p>\n<\/li>\n<li>\n<p class=\"ds-markdown-paragraph\">Ensaios de amostras de engenharia gratuitos<\/p>\n<\/li>\n<li>\n<p class=\"ds-markdown-paragraph\">Revis\u00e3o do projeto de PCB e aconselhamento sobre a sele\u00e7\u00e3o de d\u00edodos<\/p>\n<\/li>\n<\/ul>\n<\/li>\n<li>\n<p class=\"ds-markdown-paragraph\"><strong>Fase de produ\u00e7\u00e3o piloto<\/strong>:<\/p>\n<ul>\n<li>\n<p class=\"ds-markdown-paragraph\">Avalia\u00e7\u00e3o dos riscos da cadeia de abastecimento e solu\u00e7\u00f5es de apoio<\/p>\n<\/li>\n<li>\n<p class=\"ds-markdown-paragraph\">Teste de consist\u00eancia dos par\u00e2metros dos d\u00edodos<\/p>\n<\/li>\n<li>\n<p class=\"ds-markdown-paragraph\">Apoio ao desenvolvimento de dispositivos de teste de produ\u00e7\u00e3o<\/p>\n<\/li>\n<\/ul>\n<\/li>\n<li>\n<p class=\"ds-markdown-paragraph\"><strong>Fase de produ\u00e7\u00e3o em massa<\/strong>:<\/p>\n<ul>\n<li>\n<p class=\"ds-markdown-paragraph\">Garantia de alimenta\u00e7\u00e3o est\u00e1vel do d\u00edodo a longo prazo<\/p>\n<\/li>\n<li>\n<p class=\"ds-markdown-paragraph\">Rastreabilidade dos lotes e documenta\u00e7\u00e3o da qualidade<\/p>\n<\/li>\n<li>\n<p class=\"ds-markdown-paragraph\">Redu\u00e7\u00e3o cont\u00ednua dos custos e solu\u00e7\u00f5es alternativas<\/p>\n<\/li>\n<\/ul>\n<\/li>\n<\/ol>\n<p class=\"ds-markdown-paragraph\">Um caso de um cliente de casa inteligente demonstrou que os nossos servi\u00e7os de ciclo completo reduziram o tempo de transi\u00e7\u00e3o do seu produto do prot\u00f3tipo para a produ\u00e7\u00e3o em massa em 40%, eliminaram problemas de qualidade relacionados com d\u00edodos e reduziram os custos de aquisi\u00e7\u00e3o em 22%.<\/p>\n<h2><span class=\"ez-toc-section\" id=\"Why_choose_Topfast\"><\/span>Porqu\u00ea escolher <a href=\"https:\/\/www.topfastpcb.com\/pt\/about\/\">Topfast<\/a>?<span class=\"ez-toc-section-end\"><\/span><\/h2>\n<p class=\"ds-markdown-paragraph\">No competitivo sector do fabrico de produtos electr\u00f3nicos, fornecemos<span>\u00a0<\/span><strong>orientado para a tecnologia<\/strong><span>\u00a0<\/span>servi\u00e7os:<\/p>\n<ul>\n<li>\n<p class=\"ds-markdown-paragraph\"><strong>17 anos de experi\u00eancia especializada<\/strong>: Serviu mais de 3800 clientes, completou mais de 15000 projectos relacionados com d\u00edodos.<\/p>\n<\/li>\n<li>\n<p class=\"ds-markdown-paragraph\"><strong>Certifica\u00e7\u00e3o UL\/ISO9001<\/strong>: Um controlo de qualidade rigoroso garante a fiabilidade dos d\u00edodos.<\/p>\n<\/li>\n<li>\n<p class=\"ds-markdown-paragraph\"><strong>Prototipagem r\u00e1pida em 48 horas<\/strong>: Apoio de emerg\u00eancia ao projeto, incluindo a aquisi\u00e7\u00e3o de d\u00edodos e o fabrico de placas de circuito impresso.<\/p>\n<\/li>\n<li>\n<p class=\"ds-markdown-paragraph\"><strong>Rede log\u00edstica global<\/strong>: Entrega just-in-time (JIT) para reduzir a press\u00e3o sobre os stocks dos clientes.<\/p>\n<\/li>\n<li>\n<p class=\"ds-markdown-paragraph\"><strong>Equipa de peritos em engenharia<\/strong>: Os FAEs com uma m\u00e9dia de 10 anos de experi\u00eancia no sector prestam apoio individualizado.<\/p>\n<\/li>\n<\/ul>\n<p class=\"ds-markdown-paragraph\">Compreendemos que o fabrico excecional de placas de circuito impresso exige n\u00e3o s\u00f3 equipamento avan\u00e7ado, mas tamb\u00e9m uma profunda experi\u00eancia em componentes.O nosso conhecimento profundo das carater\u00edsticas dos d\u00edodos permite-nos fornecer solu\u00e7\u00f5es verdadeiramente valiosas e n\u00e3o apenas o fabrico de placas de circuitos.<\/p>\n<h3><span class=\"ez-toc-section\" id=\"Get_Your_Custom_Diode_Solution_Now\"><\/span><a href=\"https:\/\/www.topfastpcb.com\/pt\/contact\/\">Obtenha sua solu\u00e7\u00e3o de diodo personalizado agora<\/a><span class=\"ez-toc-section-end\"><\/span><\/h3>\n<p class=\"ds-markdown-paragraph\">Independentemente da fase de desenvolvimento do seu produto, a nossa equipa de especialistas est\u00e1 pronta para o ajudar.Envie os seus requisitos e receba:<\/p>\n<ul>\n<li>\n<p class=\"ds-markdown-paragraph\">Proposta inicial e or\u00e7amento no prazo de<span>\u00a0<\/span><strong>1 hora<\/strong><\/p>\n<\/li>\n<li>\n<p class=\"ds-markdown-paragraph\">Feedback de viabilidade de engenharia dentro de<span>\u00a0<\/span><strong>4 horas<\/strong><\/p>\n<\/li>\n<li>\n<p class=\"ds-markdown-paragraph\">Plano de execu\u00e7\u00e3o completo do projeto no prazo de<span>\u00a0<\/span><strong>24 horas<\/strong><\/p>\n<\/li>\n<\/ul>\n<p class=\"ds-markdown-paragraph\">Para projectos complexos, organizamos reuni\u00f5es t\u00e9cnicas no local para explorar as melhores aplica\u00e7\u00f5es de d\u00edodos. Deixe que a nossa experi\u00eancia profissional em d\u00edodos e no fabrico de placas de circuito impresso proteja os seus projectos electr\u00f3nicos.<\/p>","protected":false},"excerpt":{"rendered":"<p>Devido ao papel cr\u00edtico dos d\u00edodos nos circuitos electr\u00f3nicos, fornecemos solu\u00e7\u00f5es abrangentes de d\u00edodos, incluindo a aquisi\u00e7\u00e3o de v\u00e1rios tipos de d\u00edodos e servi\u00e7os de integra\u00e7\u00e3o de PCB. Desde a retifica\u00e7\u00e3o, regula\u00e7\u00e3o de tens\u00e3o at\u00e9 \u00e0 convers\u00e3o optoelectr\u00f3nica, garantimos que os seus projectos electr\u00f3nicos atingem um desempenho e fiabilidade \u00f3ptimos.<\/p>","protected":false},"featured_media":3436,"comment_status":"closed","ping_status":"closed","template":"","meta":[],"product_brand":[],"product_cat":[217],"product_tag":[303],"class_list":{"0":"post-3432","1":"product","2":"type-product","3":"status-publish","4":"has-post-thumbnail","6":"product_cat-electronic-components","7":"product_tag-diode","9":"first","10":"instock","11":"shipping-taxable","12":"product-type-simple"},"yoast_head":"<!-- This site is optimized with the Yoast SEO plugin v25.1 - https:\/\/yoast.com\/wordpress\/plugins\/seo\/ -->\n<title>Diode - Topfastpcb<\/title>\n<meta name=\"robots\" content=\"index, follow, max-snippet:-1, max-image-preview:large, max-video-preview:-1\" \/>\n<link rel=\"canonical\" href=\"https:\/\/www.topfastpcb.com\/pt\/products\/diode\/\" \/>\n<meta property=\"og:locale\" content=\"pt_PT\" \/>\n<meta property=\"og:type\" content=\"article\" \/>\n<meta property=\"og:title\" content=\"Diode - Topfastpcb\" \/>\n<meta property=\"og:description\" content=\"The critical role of diodes in electronic circuits, we provide comprehensive diode solutions, including procurement of various types of diodes and PCB integration services. From rectification, voltage regulation to optoelectronic conversion, we ensure your electronic projects achieve optimal performance and reliability.\" \/>\n<meta property=\"og:url\" content=\"https:\/\/www.topfastpcb.com\/pt\/products\/diode\/\" \/>\n<meta property=\"og:site_name\" content=\"Topfastpcb\" \/>\n<meta property=\"og:image\" content=\"https:\/\/www.topfastpcb.com\/wp-content\/uploads\/2025\/06\/diode-1.jpg\" \/>\n\t<meta property=\"og:image:width\" content=\"750\" \/>\n\t<meta property=\"og:image:height\" content=\"750\" \/>\n\t<meta property=\"og:image:type\" content=\"image\/jpeg\" \/>\n<meta name=\"twitter:card\" content=\"summary_large_image\" \/>\n<meta name=\"twitter:label1\" content=\"Tempo estimado de leitura\" \/>\n\t<meta name=\"twitter:data1\" content=\"4 minutos\" \/>\n<script type=\"application\/ld+json\" class=\"yoast-schema-graph\">{\"@context\":\"https:\/\/schema.org\",\"@graph\":[{\"@type\":\"WebPage\",\"@id\":\"https:\/\/www.topfastpcb.com\/products\/diode\/\",\"url\":\"https:\/\/www.topfastpcb.com\/products\/diode\/\",\"name\":\"Diode - Topfastpcb\",\"isPartOf\":{\"@id\":\"https:\/\/www.topfastpcb.com\/#website\"},\"primaryImageOfPage\":{\"@id\":\"https:\/\/www.topfastpcb.com\/products\/diode\/#primaryimage\"},\"image\":{\"@id\":\"https:\/\/www.topfastpcb.com\/products\/diode\/#primaryimage\"},\"thumbnailUrl\":\"https:\/\/www.topfastpcb.com\/wp-content\/uploads\/2025\/06\/diode-1.jpg\",\"datePublished\":\"2025-06-25T00:20:21+00:00\",\"breadcrumb\":{\"@id\":\"https:\/\/www.topfastpcb.com\/products\/diode\/#breadcrumb\"},\"inLanguage\":\"pt-PT\",\"potentialAction\":[{\"@type\":\"ReadAction\",\"target\":[\"https:\/\/www.topfastpcb.com\/products\/diode\/\"]}]},{\"@type\":\"ImageObject\",\"inLanguage\":\"pt-PT\",\"@id\":\"https:\/\/www.topfastpcb.com\/products\/diode\/#primaryimage\",\"url\":\"https:\/\/www.topfastpcb.com\/wp-content\/uploads\/2025\/06\/diode-1.jpg\",\"contentUrl\":\"https:\/\/www.topfastpcb.com\/wp-content\/uploads\/2025\/06\/diode-1.jpg\",\"width\":750,\"height\":750,\"caption\":\"diode\"},{\"@type\":\"BreadcrumbList\",\"@id\":\"https:\/\/www.topfastpcb.com\/products\/diode\/#breadcrumb\",\"itemListElement\":[{\"@type\":\"ListItem\",\"position\":1,\"name\":\"\u9996\u9875\",\"item\":\"https:\/\/www.topfastpcb.com\/\"},{\"@type\":\"ListItem\",\"position\":2,\"name\":\"\u5546\u5e97\",\"item\":\"https:\/\/www.topfastpcb.com\/shop\/\"},{\"@type\":\"ListItem\",\"position\":3,\"name\":\"Diode\"}]},{\"@type\":\"WebSite\",\"@id\":\"https:\/\/www.topfastpcb.com\/#website\",\"url\":\"https:\/\/www.topfastpcb.com\/\",\"name\":\"Topfastpcb\",\"description\":\"Topfast Prime Choice for Global Electronics Manufacturing\",\"publisher\":{\"@id\":\"https:\/\/www.topfastpcb.com\/#organization\"},\"potentialAction\":[{\"@type\":\"SearchAction\",\"target\":{\"@type\":\"EntryPoint\",\"urlTemplate\":\"https:\/\/www.topfastpcb.com\/?s={search_term_string}\"},\"query-input\":{\"@type\":\"PropertyValueSpecification\",\"valueRequired\":true,\"valueName\":\"search_term_string\"}}],\"inLanguage\":\"pt-PT\"},{\"@type\":\"Organization\",\"@id\":\"https:\/\/www.topfastpcb.com\/#organization\",\"name\":\"Topfastpcb\",\"url\":\"https:\/\/www.topfastpcb.com\/\",\"logo\":{\"@type\":\"ImageObject\",\"inLanguage\":\"pt-PT\",\"@id\":\"https:\/\/www.topfastpcb.com\/#\/schema\/logo\/image\/\",\"url\":\"https:\/\/www.topfastpcb.com\/wp-content\/uploads\/2026\/02\/cropped-topfast-logo.png\",\"contentUrl\":\"https:\/\/www.topfastpcb.com\/wp-content\/uploads\/2026\/02\/cropped-topfast-logo.png\",\"width\":144,\"height\":56,\"caption\":\"Topfastpcb\"},\"image\":{\"@id\":\"https:\/\/www.topfastpcb.com\/#\/schema\/logo\/image\/\"}}]}<\/script>\n<!-- \/ Yoast SEO plugin. -->","yoast_head_json":{"title":"Diode - Topfastpcb","robots":{"index":"index","follow":"follow","max-snippet":"max-snippet:-1","max-image-preview":"max-image-preview:large","max-video-preview":"max-video-preview:-1"},"canonical":"https:\/\/www.topfastpcb.com\/pt\/products\/diode\/","og_locale":"pt_PT","og_type":"article","og_title":"Diode - Topfastpcb","og_description":"The critical role of diodes in electronic circuits, we provide comprehensive diode solutions, including procurement of various types of diodes and PCB integration services. From rectification, voltage regulation to optoelectronic conversion, we ensure your electronic projects achieve optimal performance and reliability.","og_url":"https:\/\/www.topfastpcb.com\/pt\/products\/diode\/","og_site_name":"Topfastpcb","og_image":[{"width":750,"height":750,"url":"https:\/\/www.topfastpcb.com\/wp-content\/uploads\/2025\/06\/diode-1.jpg","type":"image\/jpeg"}],"twitter_card":"summary_large_image","twitter_misc":{"Tempo estimado de leitura":"4 minutos"},"schema":{"@context":"https:\/\/schema.org","@graph":[{"@type":"WebPage","@id":"https:\/\/www.topfastpcb.com\/products\/diode\/","url":"https:\/\/www.topfastpcb.com\/products\/diode\/","name":"Diode - Topfastpcb","isPartOf":{"@id":"https:\/\/www.topfastpcb.com\/#website"},"primaryImageOfPage":{"@id":"https:\/\/www.topfastpcb.com\/products\/diode\/#primaryimage"},"image":{"@id":"https:\/\/www.topfastpcb.com\/products\/diode\/#primaryimage"},"thumbnailUrl":"https:\/\/www.topfastpcb.com\/wp-content\/uploads\/2025\/06\/diode-1.jpg","datePublished":"2025-06-25T00:20:21+00:00","breadcrumb":{"@id":"https:\/\/www.topfastpcb.com\/products\/diode\/#breadcrumb"},"inLanguage":"pt-PT","potentialAction":[{"@type":"ReadAction","target":["https:\/\/www.topfastpcb.com\/products\/diode\/"]}]},{"@type":"ImageObject","inLanguage":"pt-PT","@id":"https:\/\/www.topfastpcb.com\/products\/diode\/#primaryimage","url":"https:\/\/www.topfastpcb.com\/wp-content\/uploads\/2025\/06\/diode-1.jpg","contentUrl":"https:\/\/www.topfastpcb.com\/wp-content\/uploads\/2025\/06\/diode-1.jpg","width":750,"height":750,"caption":"diode"},{"@type":"BreadcrumbList","@id":"https:\/\/www.topfastpcb.com\/products\/diode\/#breadcrumb","itemListElement":[{"@type":"ListItem","position":1,"name":"\u9996\u9875","item":"https:\/\/www.topfastpcb.com\/"},{"@type":"ListItem","position":2,"name":"\u5546\u5e97","item":"https:\/\/www.topfastpcb.com\/shop\/"},{"@type":"ListItem","position":3,"name":"Diode"}]},{"@type":"WebSite","@id":"https:\/\/www.topfastpcb.com\/#website","url":"https:\/\/www.topfastpcb.com\/","name":"Topfastpcb","description":"Topfast Prime Choice for Global Electronics Manufacturing","publisher":{"@id":"https:\/\/www.topfastpcb.com\/#organization"},"potentialAction":[{"@type":"SearchAction","target":{"@type":"EntryPoint","urlTemplate":"https:\/\/www.topfastpcb.com\/?s={search_term_string}"},"query-input":{"@type":"PropertyValueSpecification","valueRequired":true,"valueName":"search_term_string"}}],"inLanguage":"pt-PT"},{"@type":"Organization","@id":"https:\/\/www.topfastpcb.com\/#organization","name":"Topfastpcb","url":"https:\/\/www.topfastpcb.com\/","logo":{"@type":"ImageObject","inLanguage":"pt-PT","@id":"https:\/\/www.topfastpcb.com\/#\/schema\/logo\/image\/","url":"https:\/\/www.topfastpcb.com\/wp-content\/uploads\/2026\/02\/cropped-topfast-logo.png","contentUrl":"https:\/\/www.topfastpcb.com\/wp-content\/uploads\/2026\/02\/cropped-topfast-logo.png","width":144,"height":56,"caption":"Topfastpcb"},"image":{"@id":"https:\/\/www.topfastpcb.com\/#\/schema\/logo\/image\/"}}]}},"_links":{"self":[{"href":"https:\/\/www.topfastpcb.com\/pt\/wp-json\/wp\/v2\/product\/3432","targetHints":{"allow":["GET"]}}],"collection":[{"href":"https:\/\/www.topfastpcb.com\/pt\/wp-json\/wp\/v2\/product"}],"about":[{"href":"https:\/\/www.topfastpcb.com\/pt\/wp-json\/wp\/v2\/types\/product"}],"replies":[{"embeddable":true,"href":"https:\/\/www.topfastpcb.com\/pt\/wp-json\/wp\/v2\/comments?post=3432"}],"wp:featuredmedia":[{"embeddable":true,"href":"https:\/\/www.topfastpcb.com\/pt\/wp-json\/wp\/v2\/media\/3436"}],"wp:attachment":[{"href":"https:\/\/www.topfastpcb.com\/pt\/wp-json\/wp\/v2\/media?parent=3432"}],"wp:term":[{"taxonomy":"product_brand","embeddable":true,"href":"https:\/\/www.topfastpcb.com\/pt\/wp-json\/wp\/v2\/product_brand?post=3432"},{"taxonomy":"product_cat","embeddable":true,"href":"https:\/\/www.topfastpcb.com\/pt\/wp-json\/wp\/v2\/product_cat?post=3432"},{"taxonomy":"product_tag","embeddable":true,"href":"https:\/\/www.topfastpcb.com\/pt\/wp-json\/wp\/v2\/product_tag?post=3432"}],"curies":[{"name":"wp","href":"https:\/\/api.w.org\/{rel}","templated":true}]}}