{"id":3468,"date":"2025-06-26T09:49:41","date_gmt":"2025-06-26T01:49:41","guid":{"rendered":"https:\/\/www.topfastpcb.com\/?post_type=product&#038;p=3468"},"modified":"2025-06-26T09:53:02","modified_gmt":"2025-06-26T01:53:02","slug":"crystal-oscillator","status":"publish","type":"product","link":"https:\/\/www.topfastpcb.com\/pt\/products\/crystal-oscillator\/","title":{"rendered":"Oscilador de cristal"},"content":{"rendered":"<div id=\"ez-toc-container\" class=\"ez-toc-v2_0_74 counter-hierarchy ez-toc-counter ez-toc-custom ez-toc-container-direction\">\n<div class=\"ez-toc-title-container\">\n<p class=\"ez-toc-title\" style=\"cursor:inherit\">\u00cdndice<\/p>\n<span class=\"ez-toc-title-toggle\"><\/span><\/div>\n<nav><ul class='ez-toc-list ez-toc-list-level-1' ><li class='ez-toc-page-1 ez-toc-heading-level-2'><a class=\"ez-toc-link ez-toc-heading-1\" href=\"https:\/\/www.topfastpcb.com\/pt\/products\/crystal-oscillator\/#Professional_Crystal_Oscillator_Procurement\" >Aquisi\u00e7\u00e3o de osciladores de cristal profissionais<\/a><ul class='ez-toc-list-level-3' ><li class='ez-toc-heading-level-3'><a class=\"ez-toc-link ez-toc-heading-2\" href=\"https:\/\/www.topfastpcb.com\/pt\/products\/crystal-oscillator\/#Why_Choose_Topfasts_Crystal_Oscillator_Procurement_Service\" >Por que escolher o servi\u00e7o de aquisi\u00e7\u00e3o de osciladores de cristal da Topfast&amp;#8217?<\/a><\/li><li class='ez-toc-page-1 ez-toc-heading-level-3'><a class=\"ez-toc-link ez-toc-heading-3\" href=\"https:\/\/www.topfastpcb.com\/pt\/products\/crystal-oscillator\/#Complete_Crystal_Oscillator_Solutions\" >Solu\u00e7\u00f5es completas para osciladores de cristal<\/a><\/li><li class='ez-toc-page-1 ez-toc-heading-level-3'><a class=\"ez-toc-link ez-toc-heading-4\" href=\"https:\/\/www.topfastpcb.com\/pt\/products\/crystal-oscillator\/#Seamless_PCB_Manufacturing_Assembly_Integration\" >Integra\u00e7\u00e3o de fabrico e montagem de PCB sem costuras<\/a><\/li><li class='ez-toc-page-1 ez-toc-heading-level-3'><a class=\"ez-toc-link ez-toc-heading-5\" href=\"https:\/\/www.topfastpcb.com\/pt\/products\/crystal-oscillator\/#Custom_Solutions_for_Special_Requirements\" >Solu\u00e7\u00f5es personalizadas para requisitos especiais<\/a><\/li><li class='ez-toc-page-1 ez-toc-heading-level-3'><a class=\"ez-toc-link ez-toc-heading-6\" href=\"https:\/\/www.topfastpcb.com\/pt\/products\/crystal-oscillator\/#Why_Global_Clients_Choose_Topfast\" >Por que os clientes globais escolhem Topfast?<\/a><\/li><li class='ez-toc-page-1 ez-toc-heading-level-3'><a class=\"ez-toc-link ez-toc-heading-7\" href=\"https:\/\/www.topfastpcb.com\/pt\/products\/crystal-oscillator\/#Frequently_Asked_Questions\" >Perguntas mais frequentes<\/a><\/li><li class='ez-toc-page-1 ez-toc-heading-level-3'><a class=\"ez-toc-link ez-toc-heading-8\" href=\"https:\/\/www.topfastpcb.com\/pt\/products\/crystal-oscillator\/#Launch_Your_Project_Today\" >Lance o seu projeto hoje mesmo<\/a><\/li><\/ul><\/li><li class='ez-toc-page-1 ez-toc-heading-level-2'><a class=\"ez-toc-link ez-toc-heading-9\" href=\"https:\/\/www.topfastpcb.com\/pt\/products\/crystal-oscillator\/#About_Topfast\" >Sobre a Topfast<\/a><\/li><\/ul><\/nav><\/div>\n\n<h2><span class=\"ez-toc-section\" id=\"Professional_Crystal_Oscillator_Procurement\"><\/span>Aquisi\u00e7\u00e3o de osciladores de cristal profissionais<span class=\"ez-toc-section-end\"><\/span><\/h2>\n<p class=\"ds-markdown-paragraph\">No campo da produ\u00e7\u00e3o eletr\u00f3nica, a precis\u00e3o dos sinais de rel\u00f3gio \u00e9 fundamental para a fiabilidade dos produtos. Com 17 anos de experi\u00eancia no sector, a Topfast \u00e9 um fornecedor de solu\u00e7\u00f5es PCB de ponta a ponta que oferece servi\u00e7os que v\u00e3o desde a aquisi\u00e7\u00e3o de osciladores de cristal de alta qualidade at\u00e9 <a href=\"https:\/\/www.topfastpcb.com\/pt\/\">Fabrico e montagem de PCB<\/a>.<\/p>\n<h3><span class=\"ez-toc-section\" id=\"Why_Choose_Topfasts_Crystal_Oscillator_Procurement_Service\"><\/span>Por que escolher o servi\u00e7o de aquisi\u00e7\u00e3o de osciladores de cristal da Topfast&amp;#8217?<span class=\"ez-toc-section-end\"><\/span><\/h3>\n<p class=\"ds-markdown-paragraph\">Mantemos parcerias profundas com marcas globais de primeira linha, incluindo:<\/p>\n<ul>\n<li>\n<p class=\"ds-markdown-paragraph\">Murata - Fabricante de componentes electr\u00f3nicos l\u00edder na ind\u00fastria<\/p>\n<\/li>\n<li>\n<p class=\"ds-markdown-paragraph\">Epson - Especialista em osciladores de cristal de alta precis\u00e3o<\/p>\n<\/li>\n<li>\n<p class=\"ds-markdown-paragraph\">Kyocera - Fornecedor de componentes de quartzo de alta qualidade<\/p>\n<\/li>\n<li>\n<p class=\"ds-markdown-paragraph\">Vectron - Especialista em solu\u00e7\u00f5es de controlo de frequ\u00eancia<\/p>\n<\/li>\n<\/ul>\n<p class=\"ds-markdown-paragraph\"><strong>As nossas vantagens:<\/strong><br \/>\nAquisi\u00e7\u00e3o direta a distribuidores autorizados, garantindo uma qualidade genu\u00edna<br \/>\nOr\u00e7amentos exactos no prazo de 1 hora<br \/>\nAconselhamento profissional sobre a otimiza\u00e7\u00e3o dos custos da lista t\u00e9cnica<br \/>\nSistema de resposta r\u00e1pida 24\/7<\/p>\n<blockquote>\n<p class=\"ds-markdown-paragraph\">A equipa de aprovisionamento da Topfast ajudou-nos a reduzir os custos dos componentes em 30%, mantendo a estabilidade da qualidade dos osciladores de cristal cr\u00edticos. - Feedback de um fabricante de dispositivos IoT<\/p>\n<\/blockquote>\n<p class=\"ds-markdown-paragraph\"><strong><a target=\"_blank\" rel=\"noopener noreferrer\" href=\"https:\/\/www.topfastpcb.com\/pt\/contact\/\">Obter cota\u00e7\u00e3o instant\u00e2nea do oscilador de cristal<\/a><\/strong><\/p>\n<h3><span class=\"ez-toc-section\" id=\"Complete_Crystal_Oscillator_Solutions\"><\/span>Solu\u00e7\u00f5es completas para osciladores de cristal<span class=\"ez-toc-section-end\"><\/span><\/h3>\n<p class=\"ds-markdown-paragraph\">Qualquer que seja a precis\u00e3o exigida pela sua aplica\u00e7\u00e3o, n\u00f3s fornecemos solu\u00e7\u00f5es adequadas:<\/p>\n<div class=\"markdown-table-wrapper\">\n<table>\n<thead>\n<tr>\n<th>Tipo de oscilador<\/th>\n<th>Carater\u00edsticas<\/th>\n<th>Aplica\u00e7\u00f5es t\u00edpicas<\/th>\n<\/tr>\n<\/thead>\n<tbody>\n<tr>\n<td>XO standard<\/td>\n<td>Econ\u00f3mica, precis\u00e3o b\u00e1sica<\/td>\n<td>Eletr\u00f3nica de consumo<\/td>\n<\/tr>\n<tr>\n<td>TCXO<\/td>\n<td>Compensa\u00e7\u00e3o de temperatura, \u00b10,5~\u00b12,5ppm<\/td>\n<td>Equipamento industrial<\/td>\n<\/tr>\n<tr>\n<td>VCXO<\/td>\n<td>Frequ\u00eancia ajust\u00e1vel controlada por tens\u00e3o<\/td>\n<td>Dispositivos de comunica\u00e7\u00e3o<\/td>\n<\/tr>\n<tr>\n<td>OCXO<\/td>\n<td>Controlo no forno, precis\u00e3o ultra-elevada<\/td>\n<td>Esta\u00e7\u00f5es de base, militares<\/td>\n<\/tr>\n<tr>\n<td>MCXO<\/td>\n<td>Compensa\u00e7\u00e3o por microprocessador<\/td>\n<td>Sistemas de navega\u00e7\u00e3o<\/td>\n<\/tr>\n<\/tbody>\n<\/table>\n<\/div>\n<p class=\"ds-markdown-paragraph\">Os nossos engenheiros recomendar\u00e3o a solu\u00e7\u00e3o de oscilador de cristal mais adequada com base na sua<span>\u00a0<\/span><strong>cen\u00e1rio de aplica\u00e7\u00e3o<\/strong>,<span>\u00a0<\/span><strong>condi\u00e7\u00f5es ambientais<\/strong>e<span>\u00a0<\/span><strong>requisitos de desempenho<\/strong>.<\/p>\n<p class=\"ds-markdown-paragraph\"><strong><a target=\"_blank\" rel=\"noopener noreferrer\" href=\"https:\/\/www.topfastpcb.com\/pt\/contact\/\">Consultar especialistas para a sele\u00e7\u00e3o de osciladores<\/a><\/strong><\/p>\n<h3><span class=\"ez-toc-section\" id=\"Seamless_PCB_Manufacturing_Assembly_Integration\"><\/span>Integra\u00e7\u00e3o de fabrico e montagem de PCB sem costuras<span class=\"ez-toc-section-end\"><\/span><\/h3>\n<p class=\"ds-markdown-paragraph\">Topfast n\u00e3o \u00e9 apenas um fornecedor de componentes, mas um<span>\u00a0<\/span><strong>parceiro de fabrico de eletr\u00f3nica de servi\u00e7o completo<\/strong>. N\u00f3s fornecemos:<\/p>\n<ol start=\"1\">\n<li>\n<p class=\"ds-markdown-paragraph\"><strong>Otimiza\u00e7\u00e3o da conce\u00e7\u00e3o<\/strong>:Reveja o design da sua placa de circuito impresso para garantir a disposi\u00e7\u00e3o correta da almofada do oscilador e o design t\u00e9rmico<\/p>\n<\/li>\n<li>\n<p class=\"ds-markdown-paragraph\"><strong>An\u00e1lise da capacidade de fabrico<\/strong>: Identificar problemas potenciais numa fase inicial para evitar revis\u00f5es dispendiosas<\/p>\n<\/li>\n<li>\n<p class=\"ds-markdown-paragraph\"><strong>Montagem de precis\u00e3o<\/strong>: O equipamento SMT de alta precis\u00e3o processa v\u00e1rios pacotes de osciladores<\/p>\n<\/li>\n<li>\n<p class=\"ds-markdown-paragraph\"><strong>Testes exaustivos<\/strong>Incluindo par\u00e2metros cr\u00edticos como carater\u00edsticas de frequ\u00eancia e integridade do sinal<\/p>\n<\/li>\n<\/ol>\n<p class=\"ds-markdown-paragraph\"><strong>Estudo de caso<\/strong>Ajud\u00e1mos um cliente de dispositivos m\u00e9dicos a melhorar o rendimento da instala\u00e7\u00e3o de TCXO de 92% para 99,8%, o que resultou numa redu\u00e7\u00e3o significativa dos custos de produ\u00e7\u00e3o.<\/p>\n<p class=\"ds-markdown-paragraph\"><strong><a target=\"_blank\" rel=\"noopener noreferrer\" href=\"https:\/\/www.topfastpcb.com\/pt\/contact\/\">Solicite uma an\u00e1lise DFM gratuita<\/a><\/strong><\/p>\n<h3><span class=\"ez-toc-section\" id=\"Custom_Solutions_for_Special_Requirements\"><\/span>Solu\u00e7\u00f5es personalizadas para requisitos especiais<span class=\"ez-toc-section-end\"><\/span><\/h3>\n<p class=\"ds-markdown-paragraph\">Para aplica\u00e7\u00f5es especializadas, oferecemos:<\/p>\n<ul>\n<li>\n<p class=\"ds-markdown-paragraph\">Especifica\u00e7\u00f5es personalizadas de frequ\u00eancia e precis\u00e3o<\/p>\n<\/li>\n<li>\n<p class=\"ds-markdown-paragraph\">Desenhos de embalagens especiais<\/p>\n<\/li>\n<li>\n<p class=\"ds-markdown-paragraph\">Solu\u00e7\u00f5es de adaptabilidade a ambientes extremos<\/p>\n<\/li>\n<li>\n<p class=\"ds-markdown-paragraph\">Desenhos de otimiza\u00e7\u00e3o de baixo consumo<\/p>\n<\/li>\n<\/ul>\n<p class=\"ds-markdown-paragraph\">A nossa equipa de engenharia desenvolveu uma solu\u00e7\u00e3o OCXO de alta temperatura para um cliente do sector aeroespacial, mantendo uma estabilidade de \u00b10,01 ppm numa gama de temperaturas de -55\u00b0C a 125\u00b0C.<\/p>\n<p class=\"ds-markdown-paragraph\"><strong><a target=\"_blank\" rel=\"noopener noreferrer\" href=\"https:\/\/www.topfastpcb.com\/pt\/contact\/\">Saiba mais sobre os servi\u00e7os personalizados<\/a><\/strong><\/p>\n<h3><span class=\"ez-toc-section\" id=\"Why_Global_Clients_Choose_Topfast\"><\/span>Por que os clientes globais escolhem Topfast?<span class=\"ez-toc-section-end\"><\/span><\/h3>\n<p class=\"ds-markdown-paragraph\">\u2714<span>\u00a0<\/span><strong>17 anos de experi\u00eancia<\/strong><span>\u00a0<\/span>- Servimos mais de 3000 clientes nos sectores da eletr\u00f3nica de consumo, industrial e m\u00e9dico<br \/>\n\u2714<span>\u00a0<\/span><strong>Resposta r\u00e1pida<\/strong><span>\u00a0<\/span>- Cota\u00e7\u00f5es em 1 hora, suporte de engenharia em 4 horas, entrega de prot\u00f3tipos em 24 horas<br \/>\n\u2714<span>\u00a0<\/span><strong>Otimiza\u00e7\u00e3o de custos<\/strong><span>\u00a0<\/span>-#8211; Poupar 15-30% atrav\u00e9s de economias de escala e otimiza\u00e7\u00e3o de processos<br \/>\n\u2714<span>\u00a0<\/span><strong>Garantia de qualidade<\/strong><span>\u00a0<\/span>- Certifica\u00e7\u00e3o ISO9001 com inspe\u00e7\u00e3o de entrada e controlo de processo rigorosos<br \/>\n\u2714<span>\u00a0<\/span><strong>Servi\u00e7o de ponta a ponta<\/strong><span>\u00a0<\/span>Suporte \u00fanico desde o conceito at\u00e9 \u00e0 produ\u00e7\u00e3o em massa<\/p>\n<blockquote>\n<p class=\"ds-markdown-paragraph\">\"A transi\u00e7\u00e3o suave do prot\u00f3tipo para a produ\u00e7\u00e3o em massa \u00e9 a chave para o sucesso do produto. O servi\u00e7o \u00fanico da Topfast&amp;#8217 nos permite focar no design principal enquanto confiamos a fabrica\u00e7\u00e3o a especialistas confi\u00e1veis.\" - Depoimento de CEO da Smart Hardware<\/p>\n<\/blockquote>\n<h3><span class=\"ez-toc-section\" id=\"Frequently_Asked_Questions\"><\/span>Perguntas mais frequentes<span class=\"ez-toc-section-end\"><\/span><\/h3>\n<p class=\"ds-markdown-paragraph\"><strong>P: Que par\u00e2metros-chave devem ser considerados na aquisi\u00e7\u00e3o de osciladores de cristal?<\/strong><br \/>\nR: A frequ\u00eancia, a estabilidade, a gama de temperaturas de funcionamento, a taxa de envelhecimento, a capacit\u00e2ncia de carga e o tamanho do pacote s\u00e3o os factores mais cr\u00edticos. Os nossos engenheiros podem ajudar a analisar os seus requisitos.<\/p>\n<p class=\"ds-markdown-paragraph\"><strong>P: Como garantir a compatibilidade do oscilador com o meu projeto de PCB?<\/strong><br \/>\nR: Oferecemos verifica\u00e7\u00f5es DFM gratuitas para analisar os seus ficheiros de design e fornecer sugest\u00f5es de otimiza\u00e7\u00e3o.<\/p>\n<p class=\"ds-markdown-paragraph\"><strong>P: As encomendas de pequenos volumes tamb\u00e9m podem obter pre\u00e7os competitivos?<\/strong><br \/>\nR: Sim, atrav\u00e9s de economias de escala e de uma gest\u00e3o inteligente do invent\u00e1rio, oferecemos pre\u00e7os competitivos mesmo para pequenos lotes.<\/p>\n<p class=\"ds-markdown-paragraph\"><strong><a target=\"_blank\" rel=\"noopener noreferrer\" href=\"https:\/\/www.topfastpcb.com\/pt\/blog\/category\/blog\/faq\/\">Ver mais FAQs<\/a><\/strong><\/p>\n<h3><span class=\"ez-toc-section\" id=\"Launch_Your_Project_Today\"><\/span>Lance o seu projeto hoje mesmo<span class=\"ez-toc-section-end\"><\/span><\/h3>\n<p class=\"ds-markdown-paragraph\">Quer necessite:<\/p>\n<ul>\n<li>\n<p class=\"ds-markdown-paragraph\">Aquisi\u00e7\u00e3o r\u00e1pida de modelos espec\u00edficos de osciladores<\/p>\n<\/li>\n<li>\n<p class=\"ds-markdown-paragraph\">Otimiza\u00e7\u00e3o dos custos da lista t\u00e9cnica existente<\/p>\n<\/li>\n<li>\n<p class=\"ds-markdown-paragraph\">Desenvolvimento de novos produtos que requerem uma temporiza\u00e7\u00e3o de alta precis\u00e3o<\/p>\n<\/li>\n<li>\n<p class=\"ds-markdown-paragraph\">Transi\u00e7\u00e3o da conce\u00e7\u00e3o para a produ\u00e7\u00e3o em massa<\/p>\n<\/li>\n<\/ul>\n<p class=\"ds-markdown-paragraph\">A equipa profissional da Topfast&amp;#8217 est\u00e1 pronta para o servir. Envie seus requisitos para experimentar a conveni\u00eancia da fabrica\u00e7\u00e3o de eletr\u00f4nicos de uma parada!<\/p>\n<p class=\"ds-markdown-paragraph\"><strong><a target=\"_blank\" rel=\"noopener noreferrer\" href=\"https:\/\/www.topfastpcb.com\/pt\/contact\/\">Apresentar lista t\u00e9cnica para or\u00e7amento<\/a><\/strong><span>\u00a0<\/span><\/p>\n<h2><span class=\"ez-toc-section\" id=\"About_Topfast\"><\/span>Sobre a Topfast<span class=\"ez-toc-section-end\"><\/span><\/h2>\n<p class=\"ds-markdown-paragraph\">Criada em 2008, a Topfast \u00e9 uma empresa<span>\u00a0<\/span><strong>empresa l\u00edder na conce\u00e7\u00e3o e fabrico de placas de circuito impresso<\/strong><span>\u00a0<\/span>especializada em prototipagem r\u00e1pida e produ\u00e7\u00e3o de pequenos lotes para clientes globais. Investimos continuamente em equipamento e tecnologia avan\u00e7ados, aderindo \u00e0 nossa filosofia \"o cliente em primeiro lugar, a qualidade em primeiro lugar\" para nos tornarmos o seu parceiro de fabrico de produtos electr\u00f3nicos de maior confian\u00e7a.<\/p>\n<p class=\"ds-markdown-paragraph\">Atrav\u00e9s de colabora\u00e7\u00f5es profundas com os principais fabricantes de componentes, garantimos que recebe<span>\u00a0<\/span><strong>vantagens em termos de qualidade e de pre\u00e7o<\/strong>. Desde a revis\u00e3o do dossier at\u00e9 \u00e0 entrega final, a equipa profissional de Topfast&amp;#8217 acompanhar\u00e1 o seu projeto ao longo de todo o processo.<\/p>","protected":false},"excerpt":{"rendered":"<p>Topfast oferece-lhe servi\u00e7os completos para aquisi\u00e7\u00e3o de osciladores de cristal e fabrico de PCB. Cooperamos com as melhores marcas para garantir a qualidade dos componentes e vantagens de pre\u00e7o, e fornecemos solu\u00e7\u00f5es completas desde a otimiza\u00e7\u00e3o da lista t\u00e9cnica, design de PCB at\u00e9 \u00e0 montagem. A nossa equipa de engenheiros profissionais responde 24 horas por dia, fornece or\u00e7amentos em 1 hora e oferece apoio de engenharia em 4 horas para o ajudar a acelerar o lan\u00e7amento do seu produto.<\/p>","protected":false},"featured_media":3469,"comment_status":"closed","ping_status":"closed","template":"","meta":[],"product_brand":[],"product_cat":[217],"product_tag":[308],"class_list":{"0":"post-3468","1":"product","2":"type-product","3":"status-publish","4":"has-post-thumbnail","6":"product_cat-electronic-components","7":"product_tag-crystal-oscillator","9":"first","10":"instock","11":"shipping-taxable","12":"product-type-simple"},"yoast_head":"<!-- This site is optimized with the Yoast SEO plugin v25.1 - https:\/\/yoast.com\/wordpress\/plugins\/seo\/ -->\n<title>Crystal Oscillator - Topfastpcb<\/title>\n<meta name=\"description\" content=\"Topfast provides high-quality crystal oscillator procurement and one-stop PCB manufacturing services, from component procurement to precision PCB assembly, offering you fast response and cost-optimized electronic manufacturing solutions.\" \/>\n<meta name=\"robots\" content=\"index, follow, max-snippet:-1, max-image-preview:large, max-video-preview:-1\" \/>\n<link rel=\"canonical\" href=\"https:\/\/www.topfastpcb.com\/pt\/products\/crystal-oscillator\/\" \/>\n<meta property=\"og:locale\" content=\"pt_PT\" \/>\n<meta property=\"og:type\" content=\"article\" \/>\n<meta property=\"og:title\" content=\"Crystal Oscillator - Topfastpcb\" \/>\n<meta property=\"og:description\" content=\"Topfast provides high-quality crystal oscillator procurement and one-stop PCB manufacturing services, from component procurement to precision PCB assembly, offering you fast response and cost-optimized electronic manufacturing solutions.\" \/>\n<meta property=\"og:url\" content=\"https:\/\/www.topfastpcb.com\/pt\/products\/crystal-oscillator\/\" \/>\n<meta property=\"og:site_name\" content=\"Topfastpcb\" \/>\n<meta property=\"article:modified_time\" content=\"2025-06-26T01:53:02+00:00\" \/>\n<meta property=\"og:image\" content=\"https:\/\/www.topfastpcb.com\/wp-content\/uploads\/2025\/06\/Crystal-Oscillator-4.jpg\" \/>\n\t<meta property=\"og:image:width\" content=\"750\" \/>\n\t<meta property=\"og:image:height\" content=\"750\" \/>\n\t<meta property=\"og:image:type\" content=\"image\/jpeg\" \/>\n<meta name=\"twitter:card\" content=\"summary_large_image\" \/>\n<meta name=\"twitter:label1\" content=\"Tempo estimado de leitura\" \/>\n\t<meta name=\"twitter:data1\" content=\"3 minutos\" \/>\n<script type=\"application\/ld+json\" class=\"yoast-schema-graph\">{\"@context\":\"https:\/\/schema.org\",\"@graph\":[{\"@type\":\"WebPage\",\"@id\":\"https:\/\/www.topfastpcb.com\/products\/crystal-oscillator\/\",\"url\":\"https:\/\/www.topfastpcb.com\/products\/crystal-oscillator\/\",\"name\":\"Crystal Oscillator - Topfastpcb\",\"isPartOf\":{\"@id\":\"https:\/\/www.topfastpcb.com\/#website\"},\"primaryImageOfPage\":{\"@id\":\"https:\/\/www.topfastpcb.com\/products\/crystal-oscillator\/#primaryimage\"},\"image\":{\"@id\":\"https:\/\/www.topfastpcb.com\/products\/crystal-oscillator\/#primaryimage\"},\"thumbnailUrl\":\"https:\/\/www.topfastpcb.com\/wp-content\/uploads\/2025\/06\/Crystal-Oscillator-4.jpg\",\"datePublished\":\"2025-06-26T01:49:41+00:00\",\"dateModified\":\"2025-06-26T01:53:02+00:00\",\"description\":\"Topfast provides high-quality crystal oscillator procurement and one-stop PCB manufacturing services, from component procurement to precision PCB assembly, offering you fast response and cost-optimized electronic manufacturing solutions.\",\"breadcrumb\":{\"@id\":\"https:\/\/www.topfastpcb.com\/products\/crystal-oscillator\/#breadcrumb\"},\"inLanguage\":\"pt-PT\",\"potentialAction\":[{\"@type\":\"ReadAction\",\"target\":[\"https:\/\/www.topfastpcb.com\/products\/crystal-oscillator\/\"]}]},{\"@type\":\"ImageObject\",\"inLanguage\":\"pt-PT\",\"@id\":\"https:\/\/www.topfastpcb.com\/products\/crystal-oscillator\/#primaryimage\",\"url\":\"https:\/\/www.topfastpcb.com\/wp-content\/uploads\/2025\/06\/Crystal-Oscillator-4.jpg\",\"contentUrl\":\"https:\/\/www.topfastpcb.com\/wp-content\/uploads\/2025\/06\/Crystal-Oscillator-4.jpg\",\"width\":750,\"height\":750,\"caption\":\"Crystal Oscillator\"},{\"@type\":\"BreadcrumbList\",\"@id\":\"https:\/\/www.topfastpcb.com\/products\/crystal-oscillator\/#breadcrumb\",\"itemListElement\":[{\"@type\":\"ListItem\",\"position\":1,\"name\":\"\u9996\u9875\",\"item\":\"https:\/\/www.topfastpcb.com\/\"},{\"@type\":\"ListItem\",\"position\":2,\"name\":\"\u5546\u5e97\",\"item\":\"https:\/\/www.topfastpcb.com\/shop\/\"},{\"@type\":\"ListItem\",\"position\":3,\"name\":\"Crystal Oscillator\"}]},{\"@type\":\"WebSite\",\"@id\":\"https:\/\/www.topfastpcb.com\/#website\",\"url\":\"https:\/\/www.topfastpcb.com\/\",\"name\":\"Topfastpcb\",\"description\":\"Topfast Prime Choice for Global Electronics Manufacturing\",\"publisher\":{\"@id\":\"https:\/\/www.topfastpcb.com\/#organization\"},\"potentialAction\":[{\"@type\":\"SearchAction\",\"target\":{\"@type\":\"EntryPoint\",\"urlTemplate\":\"https:\/\/www.topfastpcb.com\/?s={search_term_string}\"},\"query-input\":{\"@type\":\"PropertyValueSpecification\",\"valueRequired\":true,\"valueName\":\"search_term_string\"}}],\"inLanguage\":\"pt-PT\"},{\"@type\":\"Organization\",\"@id\":\"https:\/\/www.topfastpcb.com\/#organization\",\"name\":\"Topfastpcb\",\"url\":\"https:\/\/www.topfastpcb.com\/\",\"logo\":{\"@type\":\"ImageObject\",\"inLanguage\":\"pt-PT\",\"@id\":\"https:\/\/www.topfastpcb.com\/#\/schema\/logo\/image\/\",\"url\":\"https:\/\/www.topfastpcb.com\/wp-content\/uploads\/2026\/02\/cropped-topfast-logo.png\",\"contentUrl\":\"https:\/\/www.topfastpcb.com\/wp-content\/uploads\/2026\/02\/cropped-topfast-logo.png\",\"width\":144,\"height\":56,\"caption\":\"Topfastpcb\"},\"image\":{\"@id\":\"https:\/\/www.topfastpcb.com\/#\/schema\/logo\/image\/\"}}]}<\/script>\n<!-- \/ Yoast SEO plugin. -->","yoast_head_json":{"title":"Crystal Oscillator - Topfastpcb","description":"Topfast provides high-quality crystal oscillator procurement and one-stop PCB manufacturing services, from component procurement to precision PCB assembly, offering you fast response and cost-optimized electronic manufacturing solutions.","robots":{"index":"index","follow":"follow","max-snippet":"max-snippet:-1","max-image-preview":"max-image-preview:large","max-video-preview":"max-video-preview:-1"},"canonical":"https:\/\/www.topfastpcb.com\/pt\/products\/crystal-oscillator\/","og_locale":"pt_PT","og_type":"article","og_title":"Crystal Oscillator - Topfastpcb","og_description":"Topfast provides high-quality crystal oscillator procurement and one-stop PCB manufacturing services, from component procurement to precision PCB assembly, offering you fast response and cost-optimized electronic manufacturing solutions.","og_url":"https:\/\/www.topfastpcb.com\/pt\/products\/crystal-oscillator\/","og_site_name":"Topfastpcb","article_modified_time":"2025-06-26T01:53:02+00:00","og_image":[{"width":750,"height":750,"url":"https:\/\/www.topfastpcb.com\/wp-content\/uploads\/2025\/06\/Crystal-Oscillator-4.jpg","type":"image\/jpeg"}],"twitter_card":"summary_large_image","twitter_misc":{"Tempo estimado de leitura":"3 minutos"},"schema":{"@context":"https:\/\/schema.org","@graph":[{"@type":"WebPage","@id":"https:\/\/www.topfastpcb.com\/products\/crystal-oscillator\/","url":"https:\/\/www.topfastpcb.com\/products\/crystal-oscillator\/","name":"Crystal Oscillator - Topfastpcb","isPartOf":{"@id":"https:\/\/www.topfastpcb.com\/#website"},"primaryImageOfPage":{"@id":"https:\/\/www.topfastpcb.com\/products\/crystal-oscillator\/#primaryimage"},"image":{"@id":"https:\/\/www.topfastpcb.com\/products\/crystal-oscillator\/#primaryimage"},"thumbnailUrl":"https:\/\/www.topfastpcb.com\/wp-content\/uploads\/2025\/06\/Crystal-Oscillator-4.jpg","datePublished":"2025-06-26T01:49:41+00:00","dateModified":"2025-06-26T01:53:02+00:00","description":"Topfast provides high-quality crystal oscillator procurement and one-stop PCB manufacturing services, from component procurement to precision PCB assembly, offering you fast response and cost-optimized electronic manufacturing solutions.","breadcrumb":{"@id":"https:\/\/www.topfastpcb.com\/products\/crystal-oscillator\/#breadcrumb"},"inLanguage":"pt-PT","potentialAction":[{"@type":"ReadAction","target":["https:\/\/www.topfastpcb.com\/products\/crystal-oscillator\/"]}]},{"@type":"ImageObject","inLanguage":"pt-PT","@id":"https:\/\/www.topfastpcb.com\/products\/crystal-oscillator\/#primaryimage","url":"https:\/\/www.topfastpcb.com\/wp-content\/uploads\/2025\/06\/Crystal-Oscillator-4.jpg","contentUrl":"https:\/\/www.topfastpcb.com\/wp-content\/uploads\/2025\/06\/Crystal-Oscillator-4.jpg","width":750,"height":750,"caption":"Crystal Oscillator"},{"@type":"BreadcrumbList","@id":"https:\/\/www.topfastpcb.com\/products\/crystal-oscillator\/#breadcrumb","itemListElement":[{"@type":"ListItem","position":1,"name":"\u9996\u9875","item":"https:\/\/www.topfastpcb.com\/"},{"@type":"ListItem","position":2,"name":"\u5546\u5e97","item":"https:\/\/www.topfastpcb.com\/shop\/"},{"@type":"ListItem","position":3,"name":"Crystal Oscillator"}]},{"@type":"WebSite","@id":"https:\/\/www.topfastpcb.com\/#website","url":"https:\/\/www.topfastpcb.com\/","name":"Topfastpcb","description":"Topfast Prime Choice for Global Electronics Manufacturing","publisher":{"@id":"https:\/\/www.topfastpcb.com\/#organization"},"potentialAction":[{"@type":"SearchAction","target":{"@type":"EntryPoint","urlTemplate":"https:\/\/www.topfastpcb.com\/?s={search_term_string}"},"query-input":{"@type":"PropertyValueSpecification","valueRequired":true,"valueName":"search_term_string"}}],"inLanguage":"pt-PT"},{"@type":"Organization","@id":"https:\/\/www.topfastpcb.com\/#organization","name":"Topfastpcb","url":"https:\/\/www.topfastpcb.com\/","logo":{"@type":"ImageObject","inLanguage":"pt-PT","@id":"https:\/\/www.topfastpcb.com\/#\/schema\/logo\/image\/","url":"https:\/\/www.topfastpcb.com\/wp-content\/uploads\/2026\/02\/cropped-topfast-logo.png","contentUrl":"https:\/\/www.topfastpcb.com\/wp-content\/uploads\/2026\/02\/cropped-topfast-logo.png","width":144,"height":56,"caption":"Topfastpcb"},"image":{"@id":"https:\/\/www.topfastpcb.com\/#\/schema\/logo\/image\/"}}]}},"_links":{"self":[{"href":"https:\/\/www.topfastpcb.com\/pt\/wp-json\/wp\/v2\/product\/3468","targetHints":{"allow":["GET"]}}],"collection":[{"href":"https:\/\/www.topfastpcb.com\/pt\/wp-json\/wp\/v2\/product"}],"about":[{"href":"https:\/\/www.topfastpcb.com\/pt\/wp-json\/wp\/v2\/types\/product"}],"replies":[{"embeddable":true,"href":"https:\/\/www.topfastpcb.com\/pt\/wp-json\/wp\/v2\/comments?post=3468"}],"wp:featuredmedia":[{"embeddable":true,"href":"https:\/\/www.topfastpcb.com\/pt\/wp-json\/wp\/v2\/media\/3469"}],"wp:attachment":[{"href":"https:\/\/www.topfastpcb.com\/pt\/wp-json\/wp\/v2\/media?parent=3468"}],"wp:term":[{"taxonomy":"product_brand","embeddable":true,"href":"https:\/\/www.topfastpcb.com\/pt\/wp-json\/wp\/v2\/product_brand?post=3468"},{"taxonomy":"product_cat","embeddable":true,"href":"https:\/\/www.topfastpcb.com\/pt\/wp-json\/wp\/v2\/product_cat?post=3468"},{"taxonomy":"product_tag","embeddable":true,"href":"https:\/\/www.topfastpcb.com\/pt\/wp-json\/wp\/v2\/product_tag?post=3468"}],"curies":[{"name":"wp","href":"https:\/\/api.w.org\/{rel}","templated":true}]}}