{"id":3498,"date":"2025-06-30T08:30:06","date_gmt":"2025-06-30T00:30:06","guid":{"rendered":"https:\/\/www.topfastpcb.com\/?post_type=product&#038;p=3498"},"modified":"2025-06-27T16:10:26","modified_gmt":"2025-06-27T08:10:26","slug":"10-layer-rigid-flex-pcb","status":"publish","type":"product","link":"https:\/\/www.topfastpcb.com\/pt\/products\/10-layer-rigid-flex-pcb\/","title":{"rendered":"PCB r\u00edgida-flex\u00edvel de 10 camadas"},"content":{"rendered":"<h2>Tecnologia de placa composta macia-dura de 10 camadas<\/h2>\n<p class=\"ds-markdown-paragraph\">In today&#8217;s high-density electronic device design, 10-layer rigid-flex boards have become the ideal choice for high-end applications. As a PCB manufacturer with 17 years of professional experience, Topfast offers a one-stop solution for high-quality rigid-flex boards that meet military-grade standards.<\/p>\n<h3>No atual design de dispositivos electr\u00f3nicos de alta densidade, as placas rigid-flex de 10 camadas tornaram-se a escolha ideal para aplica\u00e7\u00f5es de topo de gama.Como um fabricante de PCB com 17 anos de experi\u00eancia profissional, Topfast oferece uma solu\u00e7\u00e3o \u00fanica para placas rigid-flex de alta qualidade que atendem aos padr\u00f5es de n\u00edvel militar.<\/h3>\n<p class=\"ds-markdown-paragraph\">Porqu\u00ea escolher PCBs Rigid-Flex de 10 camadas?<span>\u00a0<\/span><strong>As PCB r\u00edgidas-flex\u00edveis de 10 camadas apresentam as seguintes carater\u00edsticas<\/strong>:<\/p>\n<ul>\n<li>\n<p class=\"ds-markdown-paragraph\"><strong>carater\u00edsticas excepcionais<\/strong>Precis\u00e3o ultra-elevada<\/p>\n<\/li>\n<li>\n<p class=\"ds-markdown-paragraph\"><strong>: Abertura m\u00ednima 0,07mm, largura\/espa\u00e7amento m\u00ednimo das linhas 0,045mm (2mil\/2mil)<\/strong>Qualidade de n\u00edvel militar<\/p>\n<\/li>\n<li>\n<p class=\"ds-markdown-paragraph\"><strong>: Em conformidade com as normas IPC Classe 2\/3, 100% de garantia de testes el\u00e9ctricos<\/strong>Durabilidade excecional<\/p>\n<\/li>\n<li>\n<p class=\"ds-markdown-paragraph\"><strong>: Suporta 20.000 testes de flex\u00e3o, tratamento de superf\u00edcie banhado a ouro 3U<\/strong>Resist\u00eancia a alta tens\u00e3o<\/p>\n<\/li>\n<li>\n<p class=\"ds-markdown-paragraph\"><strong>: Capacidade de suportar tens\u00f5es de 1000 V para aplica\u00e7\u00f5es exigentes<\/strong>Materiais de qualidade superior<\/p>\n<\/li>\n<\/ul>\n<blockquote>\n<p class=\"ds-markdown-paragraph\">: Utiliza materiais topo de gama como o Shengyi S1000-2M<\/p>\n<\/blockquote>\n<p><a href=\"https:\/\/www.topfastpcb.com\/pt\/contact\/\">\"Em equipamentos m\u00e9dicos e aplica\u00e7\u00f5es aeroespaciais, as nossas PCB r\u00edgidas-flex\u00edveis de 10 camadas ganharam a confian\u00e7a de clientes globais com uma taxa de rendimento de 99,2%;<\/a><\/p>\n<p class=\"ds-markdown-paragraph\"><a href=\"https:\/\/www.topfastpcb.com\/pt\/products\/category\/rigid-flex-pcb\/\">Contacte-nos agora para o fabrico de PCB r\u00edgida-flex\u00edvel de 10 camadas<\/a> PCBs r\u00edgidos-flex\u00edveis<span>\u00a0<\/span><strong>combinar habilmente as<\/strong><span>\u00a0<\/span>estabilidade dos PCB r\u00edgidos<span>\u00a0<\/span><strong>com o<\/strong>flexibilidade dos circuitos flex\u00edveis<\/p>\n<ol start=\"1\">\n<li>\n<p class=\"ds-markdown-paragraph\"><strong>, alcan\u00e7ado atrav\u00e9s de:<\/strong>Descoberta da ci\u00eancia dos materiais<\/p>\n<\/li>\n<li>\n<p class=\"ds-markdown-paragraph\"><strong>: Combina\u00e7\u00e3o perfeita de placas r\u00edgidas FR4 e substratos flex\u00edveis de poliimida (PI)<\/strong>Inova\u00e7\u00e3o estrutural<\/p>\n<\/li>\n<li>\n<p class=\"ds-markdown-paragraph\"><strong>: Desenhos de empilhamento complexos at\u00e9 30 camadas, permitindo a cablagem 3D<\/strong>Artesanato de precis\u00e3o<\/p>\n<\/li>\n<\/ol>\n<p class=\"ds-markdown-paragraph\">: Alinhamento preciso e tecnologia de lamina\u00e7\u00e3o que garante zero bolhas, zero delamina\u00e7\u00e3o<span>\u00a0<\/span><strong>Esta tecnologia \u00e9 particularmente adequada para<\/strong>,<span>\u00a0<\/span><strong>dispositivos port\u00e1teis<\/strong><span>\u00a0<\/span>e<span>\u00a0<\/span><strong>instrumentos m\u00e9dicos,<\/strong><span>\u00a0<\/span>eletr\u00f3nica aeroespacial<\/p>\n<h2><img loading=\"lazy\" decoding=\"async\" src=\"https:\/\/www.topfastpcb.com\/wp-content\/uploads\/2025\/06\/Rigid-flex-pcb.jpg\" alt=\"Produto anterior\uff1aCircuitos Integrados (ICs) pcbvice Rigid-flex de 10 camadas\" width=\"600\" height=\"402\" class=\"aligncenter size-full wp-image-3499\" srcset=\"https:\/\/www.topfastpcb.com\/wp-content\/uploads\/2025\/06\/Rigid-flex-pcb.jpg 600w, https:\/\/www.topfastpcb.com\/wp-content\/uploads\/2025\/06\/Rigid-flex-pcb-300x201.jpg 300w, https:\/\/www.topfastpcb.com\/wp-content\/uploads\/2025\/06\/Rigid-flex-pcb-18x12.jpg 18w\" sizes=\"auto, (max-width: 600px) 100vw, 600px\" \/><\/h2>\n<h2>que exijam uma elevada fiabilidade e, ao mesmo tempo, economizem espa\u00e7o.<\/h2>\n<p class=\"ds-markdown-paragraph\">O nosso<span>\u00a0<\/span><strong>Servi\u00e7o de balc\u00e3o \u00fanico desde a conce\u00e7\u00e3o at\u00e9 \u00e0 entrega<\/strong><span>\u00a0<\/span>servi\u00e7os de balc\u00e3o \u00fanico<\/p>\n<ul>\n<li>\n<p class=\"ds-markdown-paragraph\"><strong>incluir:<\/strong>Prototipagem r\u00e1pida<\/p>\n<\/li>\n<li>\n<p class=\"ds-markdown-paragraph\"><strong>: Amostras dispon\u00edveis em 24 horas para acelerar a sua I&amp;D<\/strong>Produ\u00e7\u00e3o em massa<\/p>\n<\/li>\n<li>\n<p class=\"ds-markdown-paragraph\"><strong>: Capacidade mensal de 50.000\u33a1 para atender a v\u00e1rias demandas<\/strong>Controlo de qualidade rigoroso<\/p>\n<\/li>\n<li>\n<p class=\"ds-markdown-paragraph\"><strong>: 100% de inspe\u00e7\u00e3o AOI + testes el\u00e9ctricos que garantem uma qualidade de n\u00edvel militar<\/strong>Apoio t\u00e9cnico<\/p>\n<\/li>\n<\/ul>\n<p class=\"ds-markdown-paragraph\"><strong>Apoio t\u00e9cnico: Uma equipa de engenharia com 20 anos de experi\u00eancia que fornece conselhos de otimiza\u00e7\u00e3o do design<\/strong>:<\/p>\n<ul>\n<li>\n<p class=\"ds-markdown-paragraph\">Aconselhamento sobre a estimativa de casos de aplica\u00e7\u00e3o t\u00edpica<\/p>\n<\/li>\n<li>\n<p class=\"ds-markdown-paragraph\">Um fabricante de equipamento m\u00e9dico que utilizou as nossas PCB r\u00edgidas-flex\u00edveis de 10 camadas conseguiu uma redu\u00e7\u00e3o de 40% no tamanho e uma melhoria de 35% na fiabilidade.<\/p>\n<\/li>\n<\/ul>\n<h2>Um cliente do sector aeroespacial obteve uma redu\u00e7\u00e3o de 25% no peso do sistema atrav\u00e9s dos nossos conselhos de otimiza\u00e7\u00e3o da solu\u00e7\u00e3o<\/h2>\n<ol start=\"1\">\n<li>\n<p class=\"ds-markdown-paragraph\"><strong>Por que os clientes globais escolhem os conselhos de timiza\u00e7\u00e3o da Topfast?<\/strong>Conselhos de otimiza\u00e7\u00e3o de certifica\u00e7\u00f5es completas<\/p>\n<\/li>\n<li>\n<p class=\"ds-markdown-paragraph\"><strong>: Certifica\u00e7\u00e3o UL, ROHS, ISO9001, garantia de qualidadeconselho de otimiza\u00e7\u00e3o<\/strong>Conselhos para uma resposta r\u00e1pida<\/p>\n<\/li>\n<li>\n<p class=\"ds-markdown-paragraph\"><strong>: Cota\u00e7\u00e3o em 1 hora, feedback de engenharia em 4 horas, aconselhamento de otimiza\u00e7\u00e3o do servi\u00e7o de apoio ao cliente 24\/7<\/strong>Otimiza\u00e7\u00e3o de custosaconselhamento de otimiza\u00e7\u00e3o<\/p>\n<\/li>\n<li>\n<p class=\"ds-markdown-paragraph\"><strong>: Uma equipa profissional ajuda a reduzir os custos de produ\u00e7\u00e3o em 15%-30% Conselhos de otimiza\u00e7\u00e3o<\/strong>Aconselhamento sobre otimiza\u00e7\u00e3o da entrega global<\/p>\n<\/li>\n<\/ol>\n<h2>: Suporta uma log\u00edstica mundial com uma taxa de entrega atempada de 99,5% Conselhos de otimiza\u00e7\u00e3o<\/h2>\n<p class=\"ds-markdown-paragraph\">Obtenha a sua solu\u00e7\u00e3o personalizada agoraconselho de otimiza\u00e7\u00e3o<span>\u00a0<\/span><strong>Se precisa de conselhos de otimiza\u00e7\u00e3o<\/strong><span>\u00a0<\/span>Conselhos de otimiza\u00e7\u00e3o para PCB r\u00edgida-flex\u00edvel de 10 camadas<\/p>\n<p class=\"ds-markdown-paragraph\"><strong>amostras ou encomendas em massa, Topfast pode fornecer as solu\u00e7\u00f5es mais competitivas.<\/strong>Conselhos de otimiza\u00e7\u00e3o por tempo limitado<\/p>\n<p class=\"ds-markdown-paragraph\"><a target=\"_blank\" rel=\"noopener noreferrer\" href=\"https:\/\/www.topfastpcb.com\/pt\/contact\/\">Obter um or\u00e7amento imediato<\/a><\/p>\n<h2>Sobre a Topfast<\/h2>\n<p class=\"ds-markdown-paragraph\">Criada em 2008, a Topfast \u00e9 uma empresa<span>\u00a0<\/span><strong>: Os primeiros 20 clientes de consultoria recebem uma revis\u00e3o de design gratuita e 5% de desconto na primeira encomenda!<\/strong>fornecedor de solu\u00e7\u00f5es completas para aconselhamento sobre conce\u00e7\u00e3o, fabrico e montagem de PCBs<span>\u00a0<\/span><strong>. Os nossos produtos incluem placas HDI, placas de cobre espesso, placas de alta frequ\u00eancia, etc., amplamente utilizadas em comunica\u00e7\u00f5es, medicina, eletr\u00f3nica autom\u00f3vel e outros campos. Com linhas de produ\u00e7\u00e3o automatizadas e rigorosos sistemas de controlo de qualidade, estamos empenhados em fornecer aos clientes conselhos de otimiza\u00e7\u00e3o<\/strong><span>\u00a0<\/span>conselhos de otimiza\u00e7\u00e3o de alta qualidade e fiabilidade<\/p>\n<p class=\"ds-markdown-paragraph\"><strong>servi\u00e7os de fabrico eletr\u00f3nico.conselhos de timiza\u00e7\u00e3o<\/strong>:<br \/>\nOs nossos compromissos Conselhos de otimiza\u00e7\u00e3o<br \/>\nGarantia de qualidade de n\u00edvel militar Conselhos de otimiza\u00e7\u00e3o<br \/>\nGarantia de entrega atempada Conselhos de otimiza\u00e7\u00e3o<br \/>\nApoio t\u00e9cnico profissional Aconselhamento de otimiza\u00e7\u00e3o<\/p>","protected":false},"excerpt":{"rendered":"<p>Especifica\u00e7\u00f5es t\u00e9cnicas, vantagens de aplica\u00e7\u00e3o e capacidades de fabrico profissional da Topfast&amp;#8217 para placas rigid-flex de 10 camadas. Topfast fornece placas rigid-flex de qualidade militar que suportam requisitos personalizados, com uma largura de linha m\u00ednima de 0,045 mm, resist\u00eancia \u00e0 tens\u00e3o de 1000 V e certifica\u00e7\u00e3o UL e ROHS, oferecendo uma solu\u00e7\u00e3o \u00fanica.<\/p>","protected":false},"featured_media":3500,"comment_status":"closed","ping_status":"closed","template":"","meta":[],"product_brand":[],"product_cat":[114],"product_tag":[199],"class_list":{"0":"post-3498","1":"product","2":"type-product","3":"status-publish","4":"has-post-thumbnail","6":"product_cat-rigid-flex-pcb","7":"product_tag-rigid-flex-pcb","9":"first","10":"instock","11":"shipping-taxable","12":"product-type-simple"},"yoast_head":"<!-- This site is optimized with the Yoast SEO plugin v25.1 - https:\/\/yoast.com\/wordpress\/plugins\/seo\/ -->\n<title>10-Layer Rigid-Flex PCB - Topfastpcb<\/title>\n<meta name=\"description\" content=\"Topfast offers high-quality 10-layer rigid-flex PCB manufacturing services, meeting military-grade standards, with a minimum line width of 0.045mm, voltage resistance of 1000V, ISO 9001 certification, and 24-hour rapid response, providing you with a one-stop solution from design to production.\" \/>\n<meta name=\"robots\" content=\"index, follow, max-snippet:-1, max-image-preview:large, max-video-preview:-1\" \/>\n<link rel=\"canonical\" href=\"https:\/\/www.topfastpcb.com\/pt\/products\/10-layer-rigid-flex-pcb\/\" \/>\n<meta property=\"og:locale\" content=\"pt_PT\" \/>\n<meta property=\"og:type\" content=\"article\" \/>\n<meta property=\"og:title\" content=\"10-Layer Rigid-Flex PCB - Topfastpcb\" \/>\n<meta property=\"og:description\" content=\"Topfast offers high-quality 10-layer rigid-flex PCB manufacturing services, meeting military-grade standards, with a minimum line width of 0.045mm, voltage resistance of 1000V, ISO 9001 certification, and 24-hour rapid response, providing you with a one-stop solution from design to production.\" \/>\n<meta property=\"og:url\" content=\"https:\/\/www.topfastpcb.com\/pt\/products\/10-layer-rigid-flex-pcb\/\" \/>\n<meta property=\"og:site_name\" content=\"Topfastpcb\" \/>\n<meta property=\"og:image\" content=\"https:\/\/www.topfastpcb.com\/wp-content\/uploads\/2025\/06\/rigid-flexible-pcb38.jpg\" \/>\n\t<meta property=\"og:image:width\" content=\"750\" \/>\n\t<meta property=\"og:image:height\" content=\"750\" \/>\n\t<meta property=\"og:image:type\" content=\"image\/jpeg\" \/>\n<meta name=\"twitter:card\" content=\"summary_large_image\" \/>\n<meta name=\"twitter:label1\" content=\"Tempo estimado de leitura\" \/>\n\t<meta name=\"twitter:data1\" content=\"3 minutos\" \/>\n<script type=\"application\/ld+json\" class=\"yoast-schema-graph\">{\"@context\":\"https:\/\/schema.org\",\"@graph\":[{\"@type\":\"WebPage\",\"@id\":\"https:\/\/www.topfastpcb.com\/products\/10-layer-rigid-flex-pcb\/\",\"url\":\"https:\/\/www.topfastpcb.com\/products\/10-layer-rigid-flex-pcb\/\",\"name\":\"10-Layer Rigid-Flex PCB - Topfastpcb\",\"isPartOf\":{\"@id\":\"https:\/\/www.topfastpcb.com\/#website\"},\"primaryImageOfPage\":{\"@id\":\"https:\/\/www.topfastpcb.com\/products\/10-layer-rigid-flex-pcb\/#primaryimage\"},\"image\":{\"@id\":\"https:\/\/www.topfastpcb.com\/products\/10-layer-rigid-flex-pcb\/#primaryimage\"},\"thumbnailUrl\":\"https:\/\/www.topfastpcb.com\/wp-content\/uploads\/2025\/06\/rigid-flexible-pcb38.jpg\",\"datePublished\":\"2025-06-30T00:30:06+00:00\",\"description\":\"Topfast offers high-quality 10-layer rigid-flex PCB manufacturing services, meeting military-grade standards, with a minimum line width of 0.045mm, voltage resistance of 1000V, ISO 9001 certification, and 24-hour rapid response, providing you with a one-stop solution from design to production.\",\"breadcrumb\":{\"@id\":\"https:\/\/www.topfastpcb.com\/products\/10-layer-rigid-flex-pcb\/#breadcrumb\"},\"inLanguage\":\"pt-PT\",\"potentialAction\":[{\"@type\":\"ReadAction\",\"target\":[\"https:\/\/www.topfastpcb.com\/products\/10-layer-rigid-flex-pcb\/\"]}]},{\"@type\":\"ImageObject\",\"inLanguage\":\"pt-PT\",\"@id\":\"https:\/\/www.topfastpcb.com\/products\/10-layer-rigid-flex-pcb\/#primaryimage\",\"url\":\"https:\/\/www.topfastpcb.com\/wp-content\/uploads\/2025\/06\/rigid-flexible-pcb38.jpg\",\"contentUrl\":\"https:\/\/www.topfastpcb.com\/wp-content\/uploads\/2025\/06\/rigid-flexible-pcb38.jpg\",\"width\":750,\"height\":750,\"caption\":\"10-layer Rigid-flex pcb\"},{\"@type\":\"BreadcrumbList\",\"@id\":\"https:\/\/www.topfastpcb.com\/products\/10-layer-rigid-flex-pcb\/#breadcrumb\",\"itemListElement\":[{\"@type\":\"ListItem\",\"position\":1,\"name\":\"\u9996\u9875\",\"item\":\"https:\/\/www.topfastpcb.com\/\"},{\"@type\":\"ListItem\",\"position\":2,\"name\":\"\u5546\u5e97\",\"item\":\"https:\/\/www.topfastpcb.com\/shop\/\"},{\"@type\":\"ListItem\",\"position\":3,\"name\":\"10-Layer Rigid-Flex PCB\"}]},{\"@type\":\"WebSite\",\"@id\":\"https:\/\/www.topfastpcb.com\/#website\",\"url\":\"https:\/\/www.topfastpcb.com\/\",\"name\":\"Topfastpcb\",\"description\":\"Topfast Prime Choice for Global Electronics Manufacturing\",\"publisher\":{\"@id\":\"https:\/\/www.topfastpcb.com\/#organization\"},\"potentialAction\":[{\"@type\":\"SearchAction\",\"target\":{\"@type\":\"EntryPoint\",\"urlTemplate\":\"https:\/\/www.topfastpcb.com\/?s={search_term_string}\"},\"query-input\":{\"@type\":\"PropertyValueSpecification\",\"valueRequired\":true,\"valueName\":\"search_term_string\"}}],\"inLanguage\":\"pt-PT\"},{\"@type\":\"Organization\",\"@id\":\"https:\/\/www.topfastpcb.com\/#organization\",\"name\":\"Topfastpcb\",\"url\":\"https:\/\/www.topfastpcb.com\/\",\"logo\":{\"@type\":\"ImageObject\",\"inLanguage\":\"pt-PT\",\"@id\":\"https:\/\/www.topfastpcb.com\/#\/schema\/logo\/image\/\",\"url\":\"https:\/\/www.topfastpcb.com\/wp-content\/uploads\/2026\/02\/cropped-topfast-logo.png\",\"contentUrl\":\"https:\/\/www.topfastpcb.com\/wp-content\/uploads\/2026\/02\/cropped-topfast-logo.png\",\"width\":144,\"height\":56,\"caption\":\"Topfastpcb\"},\"image\":{\"@id\":\"https:\/\/www.topfastpcb.com\/#\/schema\/logo\/image\/\"}}]}<\/script>\n<!-- \/ Yoast SEO plugin. -->","yoast_head_json":{"title":"10-Layer Rigid-Flex PCB - Topfastpcb","description":"Topfast offers high-quality 10-layer rigid-flex PCB manufacturing services, meeting military-grade standards, with a minimum line width of 0.045mm, voltage resistance of 1000V, ISO 9001 certification, and 24-hour rapid response, providing you with a one-stop solution from design to production.","robots":{"index":"index","follow":"follow","max-snippet":"max-snippet:-1","max-image-preview":"max-image-preview:large","max-video-preview":"max-video-preview:-1"},"canonical":"https:\/\/www.topfastpcb.com\/pt\/products\/10-layer-rigid-flex-pcb\/","og_locale":"pt_PT","og_type":"article","og_title":"10-Layer Rigid-Flex PCB - Topfastpcb","og_description":"Topfast offers high-quality 10-layer rigid-flex PCB manufacturing services, meeting military-grade standards, with a minimum line width of 0.045mm, voltage resistance of 1000V, ISO 9001 certification, and 24-hour rapid response, providing you with a one-stop solution from design to production.","og_url":"https:\/\/www.topfastpcb.com\/pt\/products\/10-layer-rigid-flex-pcb\/","og_site_name":"Topfastpcb","og_image":[{"width":750,"height":750,"url":"https:\/\/www.topfastpcb.com\/wp-content\/uploads\/2025\/06\/rigid-flexible-pcb38.jpg","type":"image\/jpeg"}],"twitter_card":"summary_large_image","twitter_misc":{"Tempo estimado de leitura":"3 minutos"},"schema":{"@context":"https:\/\/schema.org","@graph":[{"@type":"WebPage","@id":"https:\/\/www.topfastpcb.com\/products\/10-layer-rigid-flex-pcb\/","url":"https:\/\/www.topfastpcb.com\/products\/10-layer-rigid-flex-pcb\/","name":"10-Layer Rigid-Flex PCB - Topfastpcb","isPartOf":{"@id":"https:\/\/www.topfastpcb.com\/#website"},"primaryImageOfPage":{"@id":"https:\/\/www.topfastpcb.com\/products\/10-layer-rigid-flex-pcb\/#primaryimage"},"image":{"@id":"https:\/\/www.topfastpcb.com\/products\/10-layer-rigid-flex-pcb\/#primaryimage"},"thumbnailUrl":"https:\/\/www.topfastpcb.com\/wp-content\/uploads\/2025\/06\/rigid-flexible-pcb38.jpg","datePublished":"2025-06-30T00:30:06+00:00","description":"Topfast offers high-quality 10-layer rigid-flex PCB manufacturing services, meeting military-grade standards, with a minimum line width of 0.045mm, voltage resistance of 1000V, ISO 9001 certification, and 24-hour rapid response, providing you with a one-stop solution from design to production.","breadcrumb":{"@id":"https:\/\/www.topfastpcb.com\/products\/10-layer-rigid-flex-pcb\/#breadcrumb"},"inLanguage":"pt-PT","potentialAction":[{"@type":"ReadAction","target":["https:\/\/www.topfastpcb.com\/products\/10-layer-rigid-flex-pcb\/"]}]},{"@type":"ImageObject","inLanguage":"pt-PT","@id":"https:\/\/www.topfastpcb.com\/products\/10-layer-rigid-flex-pcb\/#primaryimage","url":"https:\/\/www.topfastpcb.com\/wp-content\/uploads\/2025\/06\/rigid-flexible-pcb38.jpg","contentUrl":"https:\/\/www.topfastpcb.com\/wp-content\/uploads\/2025\/06\/rigid-flexible-pcb38.jpg","width":750,"height":750,"caption":"10-layer Rigid-flex pcb"},{"@type":"BreadcrumbList","@id":"https:\/\/www.topfastpcb.com\/products\/10-layer-rigid-flex-pcb\/#breadcrumb","itemListElement":[{"@type":"ListItem","position":1,"name":"\u9996\u9875","item":"https:\/\/www.topfastpcb.com\/"},{"@type":"ListItem","position":2,"name":"\u5546\u5e97","item":"https:\/\/www.topfastpcb.com\/shop\/"},{"@type":"ListItem","position":3,"name":"10-Layer Rigid-Flex PCB"}]},{"@type":"WebSite","@id":"https:\/\/www.topfastpcb.com\/#website","url":"https:\/\/www.topfastpcb.com\/","name":"Topfastpcb","description":"Topfast Prime Choice for Global Electronics Manufacturing","publisher":{"@id":"https:\/\/www.topfastpcb.com\/#organization"},"potentialAction":[{"@type":"SearchAction","target":{"@type":"EntryPoint","urlTemplate":"https:\/\/www.topfastpcb.com\/?s={search_term_string}"},"query-input":{"@type":"PropertyValueSpecification","valueRequired":true,"valueName":"search_term_string"}}],"inLanguage":"pt-PT"},{"@type":"Organization","@id":"https:\/\/www.topfastpcb.com\/#organization","name":"Topfastpcb","url":"https:\/\/www.topfastpcb.com\/","logo":{"@type":"ImageObject","inLanguage":"pt-PT","@id":"https:\/\/www.topfastpcb.com\/#\/schema\/logo\/image\/","url":"https:\/\/www.topfastpcb.com\/wp-content\/uploads\/2026\/02\/cropped-topfast-logo.png","contentUrl":"https:\/\/www.topfastpcb.com\/wp-content\/uploads\/2026\/02\/cropped-topfast-logo.png","width":144,"height":56,"caption":"Topfastpcb"},"image":{"@id":"https:\/\/www.topfastpcb.com\/#\/schema\/logo\/image\/"}}]}},"_links":{"self":[{"href":"https:\/\/www.topfastpcb.com\/pt\/wp-json\/wp\/v2\/product\/3498","targetHints":{"allow":["GET"]}}],"collection":[{"href":"https:\/\/www.topfastpcb.com\/pt\/wp-json\/wp\/v2\/product"}],"about":[{"href":"https:\/\/www.topfastpcb.com\/pt\/wp-json\/wp\/v2\/types\/product"}],"replies":[{"embeddable":true,"href":"https:\/\/www.topfastpcb.com\/pt\/wp-json\/wp\/v2\/comments?post=3498"}],"wp:featuredmedia":[{"embeddable":true,"href":"https:\/\/www.topfastpcb.com\/pt\/wp-json\/wp\/v2\/media\/3500"}],"wp:attachment":[{"href":"https:\/\/www.topfastpcb.com\/pt\/wp-json\/wp\/v2\/media?parent=3498"}],"wp:term":[{"taxonomy":"product_brand","embeddable":true,"href":"https:\/\/www.topfastpcb.com\/pt\/wp-json\/wp\/v2\/product_brand?post=3498"},{"taxonomy":"product_cat","embeddable":true,"href":"https:\/\/www.topfastpcb.com\/pt\/wp-json\/wp\/v2\/product_cat?post=3498"},{"taxonomy":"product_tag","embeddable":true,"href":"https:\/\/www.topfastpcb.com\/pt\/wp-json\/wp\/v2\/product_tag?post=3498"}],"curies":[{"name":"wp","href":"https:\/\/api.w.org\/{rel}","templated":true}]}}