{"id":1361,"date":"2025-04-02T13:01:23","date_gmt":"2025-04-02T13:01:23","guid":{"rendered":"http:\/\/topfastpcbb.ru\/?page_id=1361"},"modified":"2025-12-09T21:06:46","modified_gmt":"2025-12-09T13:06:46","slug":"terms-of-service","status":"publish","type":"page","link":"https:\/\/www.topfastpcb.com\/sv\/terms-of-service\/","title":{"rendered":"VILLKOR F\u00d6R TJ\u00c4NSTEN"},"content":{"rendered":"<h2 class=\"wp-block-heading\">VILLKOR F\u00d6R TJ\u00c4NSTEN<\/h2><p>Genom att g\u00e5 in p\u00e5 v\u00e5r webbplats, k\u00f6pa produkter och\/eller anpassa delar blir du v\u00e5r \"anv\u00e4ndare\" och samtycker till att vara bunden av f\u00f6ljande anv\u00e4ndarvillkor (inklusive ytterligare villkor och policyer som tillhandah\u00e5lls via hyperl\u00e4nk). Dessa anv\u00e4ndarvillkor g\u00e4ller f\u00f6r alla anv\u00e4ndare, inklusive tittare, leverant\u00f6rer, kunder, handlare och inneh\u00e5llsbidragsgivare.<\/p><p>Godk\u00e4nnande av villkor<\/p><p>L\u00e4s anv\u00e4ndarvillkoren noggrant innan du g\u00e5r in p\u00e5 eller anv\u00e4nder den h\u00e4r webbplatsen. Din \u00e5tkomst till eller anv\u00e4ndning av denna webbplats utg\u00f6r ditt godk\u00e4nnande av dessa villkor. Om du inte godk\u00e4nner alla villkor ska du inte anv\u00e4nda denna webbplats eller dess tj\u00e4nster. Om dessa villkor utg\u00f6r ett erbjudande, \u00e4r ditt godk\u00e4nnande begr\u00e4nsat till dessa villkor.<\/p><p><strong>Nya funktioner och anv\u00e4ndarvillkor<\/strong><\/p><p>Alla nya funktioner eller verktyg som l\u00e4ggs till p\u00e5 webbplatsen kommer ocks\u00e5 att omfattas av anv\u00e4ndarvillkoren. Den senaste versionen av anv\u00e4ndarvillkoren kommer att visas p\u00e5 denna sida. Vi f\u00f6rbeh\u00e5ller oss r\u00e4tten att n\u00e4r som helst uppdatera, \u00e4ndra eller ers\u00e4tta n\u00e5gon del av anv\u00e4ndarvillkoren. Kontrollera regelbundet f\u00f6r att se till att du \u00e4r medveten om de senaste \u00e4ndringarna. Om du forts\u00e4tter att anv\u00e4nda webbplatsen efter att \u00e4ndringar har publicerats inneb\u00e4r det att du accepterar \u00e4ndringarna.<\/p>","protected":false},"excerpt":{"rendered":"<p>TJ\u00c4NSTEVILLKOR Genom att g\u00e5 in p\u00e5 v\u00e5r webbplats, k\u00f6pa produkter och\/eller anpassa delar blir du v\u00e5r \"anv\u00e4ndare\" och samtycker till att vara bunden av f\u00f6ljande tj\u00e4nstevillkor (inklusive ytterligare villkor och policyer som tillhandah\u00e5lls via hyperl\u00e4nk). Dessa anv\u00e4ndarvillkor g\u00e4ller f\u00f6r alla anv\u00e4ndare, inklusive tittare, leverant\u00f6rer, kunder, handlare och inneh\u00e5llsbidragsgivare. Godk\u00e4nnande av villkor [&hellip;]<\/p>","protected":false},"author":1,"featured_media":0,"parent":0,"menu_order":0,"comment_status":"closed","ping_status":"closed","template":"page-templates\/terms-of-service.php","meta":{"footnotes":""},"class_list":["post-1361","page","type-page","status-publish","hentry"],"yoast_head":"<!-- This site is optimized with the Yoast SEO plugin v25.1 - https:\/\/yoast.com\/wordpress\/plugins\/seo\/ -->\n<title>Terms of Service-Topfast<\/title>\n<meta name=\"description\" content=\"By accessing our website, purchasing products and\/or customizing parts, you become our \u201cUser\u201d and agree to be bound by the following Terms of Service (including additional terms, conditions, and policies provided via hyperlink).\" \/>\n<meta name=\"robots\" content=\"index, follow, max-snippet:-1, max-image-preview:large, max-video-preview:-1\" \/>\n<link rel=\"canonical\" href=\"https:\/\/www.topfastpcb.com\/sv\/terms-of-service\/\" \/>\n<meta property=\"og:locale\" content=\"sv_SE\" \/>\n<meta property=\"og:type\" content=\"article\" \/>\n<meta property=\"og:title\" content=\"Terms of Service-Topfast\" \/>\n<meta property=\"og:description\" content=\"By accessing our website, purchasing products and\/or customizing parts, you become our \u201cUser\u201d and agree to be bound by the following Terms of Service (including additional terms, conditions, and policies provided via hyperlink).\" \/>\n<meta property=\"og:url\" content=\"https:\/\/www.topfastpcb.com\/sv\/terms-of-service\/\" \/>\n<meta property=\"og:site_name\" content=\"Topfastpcb\" \/>\n<meta property=\"article:modified_time\" content=\"2025-12-09T13:06:46+00:00\" \/>\n<meta name=\"twitter:card\" content=\"summary_large_image\" \/>\n<meta name=\"twitter:label1\" content=\"Ber\u00e4knad l\u00e4stid\" \/>\n\t<meta name=\"twitter:data1\" content=\"2 minuter\" \/>\n<script type=\"application\/ld+json\" class=\"yoast-schema-graph\">{\"@context\":\"https:\/\/schema.org\",\"@graph\":[{\"@type\":\"WebPage\",\"@id\":\"https:\/\/www.topfastpcb.com\/terms-of-service\/\",\"url\":\"https:\/\/www.topfastpcb.com\/terms-of-service\/\",\"name\":\"Terms of Service-Topfast\",\"isPartOf\":{\"@id\":\"https:\/\/www.topfastpcb.com\/#website\"},\"datePublished\":\"2025-04-02T13:01:23+00:00\",\"dateModified\":\"2025-12-09T13:06:46+00:00\",\"description\":\"By accessing our website, purchasing products and\/or customizing parts, you become our \u201cUser\u201d and agree to be bound by the following Terms of Service (including additional terms, conditions, and policies provided via hyperlink).\",\"breadcrumb\":{\"@id\":\"https:\/\/www.topfastpcb.com\/terms-of-service\/#breadcrumb\"},\"inLanguage\":\"sv-SE\",\"potentialAction\":[{\"@type\":\"ReadAction\",\"target\":[\"https:\/\/www.topfastpcb.com\/terms-of-service\/\"]}]},{\"@type\":\"BreadcrumbList\",\"@id\":\"https:\/\/www.topfastpcb.com\/terms-of-service\/#breadcrumb\",\"itemListElement\":[{\"@type\":\"ListItem\",\"position\":1,\"name\":\"\u9996\u9875\",\"item\":\"https:\/\/www.topfastpcb.com\/\"},{\"@type\":\"ListItem\",\"position\":2,\"name\":\"TERMS OF SERVICE\"}]},{\"@type\":\"WebSite\",\"@id\":\"https:\/\/www.topfastpcb.com\/#website\",\"url\":\"https:\/\/www.topfastpcb.com\/\",\"name\":\"Topfastpcb\",\"description\":\"Topfast Prime Choice for Global Electronics Manufacturing\",\"publisher\":{\"@id\":\"https:\/\/www.topfastpcb.com\/#organization\"},\"potentialAction\":[{\"@type\":\"SearchAction\",\"target\":{\"@type\":\"EntryPoint\",\"urlTemplate\":\"https:\/\/www.topfastpcb.com\/?s={search_term_string}\"},\"query-input\":{\"@type\":\"PropertyValueSpecification\",\"valueRequired\":true,\"valueName\":\"search_term_string\"}}],\"inLanguage\":\"sv-SE\"},{\"@type\":\"Organization\",\"@id\":\"https:\/\/www.topfastpcb.com\/#organization\",\"name\":\"Topfastpcb\",\"url\":\"https:\/\/www.topfastpcb.com\/\",\"logo\":{\"@type\":\"ImageObject\",\"inLanguage\":\"sv-SE\",\"@id\":\"https:\/\/www.topfastpcb.com\/#\/schema\/logo\/image\/\",\"url\":\"https:\/\/www.topfastpcb.com\/wp-content\/uploads\/2026\/02\/cropped-topfast-logo.png\",\"contentUrl\":\"https:\/\/www.topfastpcb.com\/wp-content\/uploads\/2026\/02\/cropped-topfast-logo.png\",\"width\":144,\"height\":56,\"caption\":\"Topfastpcb\"},\"image\":{\"@id\":\"https:\/\/www.topfastpcb.com\/#\/schema\/logo\/image\/\"}}]}<\/script>\n<!-- \/ Yoast SEO plugin. -->","yoast_head_json":{"title":"Terms of Service-Topfast","description":"By accessing our website, purchasing products and\/or customizing parts, you become our \u201cUser\u201d and agree to be bound by the following Terms of Service (including additional terms, conditions, and policies provided via hyperlink).","robots":{"index":"index","follow":"follow","max-snippet":"max-snippet:-1","max-image-preview":"max-image-preview:large","max-video-preview":"max-video-preview:-1"},"canonical":"https:\/\/www.topfastpcb.com\/sv\/terms-of-service\/","og_locale":"sv_SE","og_type":"article","og_title":"Terms of Service-Topfast","og_description":"By accessing our website, purchasing products and\/or customizing parts, you become our \u201cUser\u201d and agree to be bound by the following Terms of Service (including additional terms, conditions, and policies provided via hyperlink).","og_url":"https:\/\/www.topfastpcb.com\/sv\/terms-of-service\/","og_site_name":"Topfastpcb","article_modified_time":"2025-12-09T13:06:46+00:00","twitter_card":"summary_large_image","twitter_misc":{"Ber\u00e4knad l\u00e4stid":"2 minuter"},"schema":{"@context":"https:\/\/schema.org","@graph":[{"@type":"WebPage","@id":"https:\/\/www.topfastpcb.com\/terms-of-service\/","url":"https:\/\/www.topfastpcb.com\/terms-of-service\/","name":"Terms of Service-Topfast","isPartOf":{"@id":"https:\/\/www.topfastpcb.com\/#website"},"datePublished":"2025-04-02T13:01:23+00:00","dateModified":"2025-12-09T13:06:46+00:00","description":"By accessing our website, purchasing products and\/or customizing parts, you become our \u201cUser\u201d and agree to be bound by the following Terms of Service (including additional terms, conditions, and policies provided via hyperlink).","breadcrumb":{"@id":"https:\/\/www.topfastpcb.com\/terms-of-service\/#breadcrumb"},"inLanguage":"sv-SE","potentialAction":[{"@type":"ReadAction","target":["https:\/\/www.topfastpcb.com\/terms-of-service\/"]}]},{"@type":"BreadcrumbList","@id":"https:\/\/www.topfastpcb.com\/terms-of-service\/#breadcrumb","itemListElement":[{"@type":"ListItem","position":1,"name":"\u9996\u9875","item":"https:\/\/www.topfastpcb.com\/"},{"@type":"ListItem","position":2,"name":"TERMS OF SERVICE"}]},{"@type":"WebSite","@id":"https:\/\/www.topfastpcb.com\/#website","url":"https:\/\/www.topfastpcb.com\/","name":"Topfastpcb","description":"Topfast Prime Choice for Global Electronics Manufacturing","publisher":{"@id":"https:\/\/www.topfastpcb.com\/#organization"},"potentialAction":[{"@type":"SearchAction","target":{"@type":"EntryPoint","urlTemplate":"https:\/\/www.topfastpcb.com\/?s={search_term_string}"},"query-input":{"@type":"PropertyValueSpecification","valueRequired":true,"valueName":"search_term_string"}}],"inLanguage":"sv-SE"},{"@type":"Organization","@id":"https:\/\/www.topfastpcb.com\/#organization","name":"Topfastpcb","url":"https:\/\/www.topfastpcb.com\/","logo":{"@type":"ImageObject","inLanguage":"sv-SE","@id":"https:\/\/www.topfastpcb.com\/#\/schema\/logo\/image\/","url":"https:\/\/www.topfastpcb.com\/wp-content\/uploads\/2026\/02\/cropped-topfast-logo.png","contentUrl":"https:\/\/www.topfastpcb.com\/wp-content\/uploads\/2026\/02\/cropped-topfast-logo.png","width":144,"height":56,"caption":"Topfastpcb"},"image":{"@id":"https:\/\/www.topfastpcb.com\/#\/schema\/logo\/image\/"}}]}},"_links":{"self":[{"href":"https:\/\/www.topfastpcb.com\/sv\/wp-json\/wp\/v2\/pages\/1361","targetHints":{"allow":["GET"]}}],"collection":[{"href":"https:\/\/www.topfastpcb.com\/sv\/wp-json\/wp\/v2\/pages"}],"about":[{"href":"https:\/\/www.topfastpcb.com\/sv\/wp-json\/wp\/v2\/types\/page"}],"author":[{"embeddable":true,"href":"https:\/\/www.topfastpcb.com\/sv\/wp-json\/wp\/v2\/users\/1"}],"replies":[{"embeddable":true,"href":"https:\/\/www.topfastpcb.com\/sv\/wp-json\/wp\/v2\/comments?post=1361"}],"version-history":[{"count":1,"href":"https:\/\/www.topfastpcb.com\/sv\/wp-json\/wp\/v2\/pages\/1361\/revisions"}],"predecessor-version":[{"id":1901,"href":"https:\/\/www.topfastpcb.com\/sv\/wp-json\/wp\/v2\/pages\/1361\/revisions\/1901"}],"wp:attachment":[{"href":"https:\/\/www.topfastpcb.com\/sv\/wp-json\/wp\/v2\/media?parent=1361"}],"curies":[{"name":"wp","href":"https:\/\/api.w.org\/{rel}","templated":true}]}}