{"id":3,"date":"2025-03-26T11:47:51","date_gmt":"2025-03-26T11:47:51","guid":{"rendered":"http:\/\/topfastpcbb.ru\/?page_id=3"},"modified":"2025-12-09T20:47:30","modified_gmt":"2025-12-09T12:47:30","slug":"privacy-policy","status":"publish","type":"page","link":"https:\/\/www.topfastpcb.com\/sv\/privacy-policy\/","title":{"rendered":"Sekretesspolicy"},"content":{"rendered":"<p>Denna webbplats f\u00e4ster stor vikt vid anv\u00e4ndarens&#8217; integritetspolicy och f\u00f6ljer strikt relevanta lagar och f\u00f6rordningar. Om du forts\u00e4tter att anv\u00e4nda v\u00e5ra tj\u00e4nster betyder det att du har l\u00e4st och f\u00f6rst\u00e5tt hela inneh\u00e5llet i detta avtal.<br>Den h\u00e4r webbplatsen respekterar och skyddar integriteten f\u00f6r alla anv\u00e4ndare av den h\u00e4r tj\u00e4nsten.F\u00f6r att kunna ge dig en mer exakt och personlig service kommer webbplatsen att anv\u00e4nda och avsl\u00f6ja din personliga information i enlighet med denna sekretesspolicy.Om inte annat anges i denna sekretesspolicy kommer webbplatsen inte att avsl\u00f6ja eller tillhandah\u00e5lla denna information till tredje part utan ditt f\u00f6reg\u00e5ende tillst\u00e5nd. Webbplatsen kan uppdatera denna sekretesspolicy fr\u00e5n tid till annan. Du anses ha samtyckt till denna integritetspolicy i sin helhet n\u00e4r du samtycker till v\u00e5rt avtal om anv\u00e4ndning av tj\u00e4nster. Denna sekretesspolicy \u00e4r en integrerad del av v\u00e5rt avtal om anv\u00e4ndning av tj\u00e4nster.<\/p><ol class=\"wp-block-list\"><li><strong>Till\u00e4mpningsomr\u00e5de<\/strong><br>a) N\u00e4r du registrerar dig f\u00f6r ett konto p\u00e5 denna webbplats tillhandah\u00e5ller du dina personliga registreringsuppgifter i enlighet med kraven p\u00e5 denna webbplats;<br>b) N\u00e4r du anv\u00e4nder webbplatsens n\u00e4tverkstj\u00e4nster eller bes\u00f6ker webbplatsens webbsidor tar webbplatsen automatiskt emot och registrerar information om din webbl\u00e4sare och dator, inklusive men inte begr\u00e4nsat till din IP-adress, webbl\u00e4sartyp, spr\u00e5k, \u00e5tkomstdatum och -tid, h\u00e5rdvaru- och mjukvaruegenskaper f\u00f6r information och register \u00f6ver de webbsidor du beh\u00f6ver; c) Webbplatsen kommer att meddela dig om eventuella \u00e4ndringar i din IP-adress, webbl\u00e4sartyp, spr\u00e5k, \u00e5tkomstdatum och -tid och den information du beh\u00f6ver. efterfr\u00e5gade webbsidor, etc;<br>c) personuppgifter om anv\u00e4ndare som erh\u00e5llits av denna webbplats fr\u00e5n aff\u00e4rspartner genom lagliga medel.<br>d) Denna webbplats f\u00f6rbjuder strikt anv\u00e4ndare att publicera anst\u00f6tlig information, s\u00e5som nakenhet, pornografi, h\u00e4delse etc. Vi kommer att granska inneh\u00e5llet i inl\u00e4gget, och n\u00e4r den st\u00f6tande informationen har hittats kommer alla anv\u00e4ndarens privilegier att inaktiveras.<br>Du f\u00f6rst\u00e5r och samtycker till att f\u00f6ljande information inte g\u00e4ller f\u00f6r denna integritetspolicy:<br>a) den s\u00f6kordsinformation som du anger n\u00e4r du anv\u00e4nder de s\u00f6ktj\u00e4nster som tillhandah\u00e5lls av v\u00e5r plattform;<br>b) Denna webbplats samlar in relevant information och data som du l\u00e4mnar, inklusive, men inte begr\u00e4nsat till, deltagande i aktiviteter, transaktionsinformation och utv\u00e4rderingsdetaljer;<br>c) \u00f6vertr\u00e4delse av lagar eller regler och webbplatsen har vidtagits mot dig.<\/li><\/ol><ol start=\"2\" class=\"wp-block-list\"><li><strong>Anv\u00e4ndning av information<\/strong><br>a) Denna webbplats kommer inte att tillhandah\u00e5lla, s\u00e4lja, hyra, dela eller byta ut din personliga information till n\u00e5gon oberoende tredje part, s\u00e5vida du inte har f\u00e5tt ditt f\u00f6rhandstillst\u00e5nd, eller den tredje parten och denna webbplats (inklusive denna webbplats&#8217; s dotterbolag) f\u00f6r att tillhandah\u00e5lla tj\u00e4nster f\u00f6r dig individuellt eller gemensamt, och efter tj\u00e4nstens slut kommer de att f\u00f6rbjudas att komma \u00e5t informationen, inklusive all information som de hade tillg\u00e5ng till.<br>b) Denna webbplats till\u00e5ter inte heller n\u00e5gon tredje part att samla in, redigera, s\u00e4lja eller sprida din personliga information p\u00e5 n\u00e5got s\u00e4tt utan kompensation. Om n\u00e5gon anv\u00e4ndare av den h\u00e4r webbplatsens plattform \u00e4gnar sig \u00e5t ovanst\u00e5ende aktiviteter har den h\u00e4r webbplatsen r\u00e4tt att s\u00e4ga upp serviceavtalet med anv\u00e4ndaren omedelbart efter uppt\u00e4ckten.<br>c) I syfte att betj\u00e4na anv\u00e4ndarna kan webbplatsen anv\u00e4nda dina personuppgifter f\u00f6r att f\u00f6rse dig med information av intresse f\u00f6r dig, inklusive men inte begr\u00e4nsat till att skicka dig information om produkter och tj\u00e4nster, eller dela information med v\u00e5ra partners s\u00e5 att de kan skicka dig information om sina produkter och tj\u00e4nster (det senare kr\u00e4ver ditt f\u00f6reg\u00e5ende samtycke).<\/li>\n\n<li><strong>Offentligg\u00f6rande av information<\/strong><br>Under f\u00f6ljande omst\u00e4ndigheter kommer denna webbplats att l\u00e4mna ut dina personuppgifter, helt eller delvis, i enlighet med dina personliga \u00f6nskem\u00e5l eller lagens best\u00e4mmelser:<br>a) till en tredje part med ditt f\u00f6reg\u00e5ende samtycke;<br>b) f\u00f6r att kunna f\u00f6rse dig med de produkter och tj\u00e4nster du beh\u00f6ver m\u00e5ste denna webbplats dela dina personuppgifter med en tredje part;<br>c) i enlighet med relevanta lagbest\u00e4mmelser, eller p\u00e5 beg\u00e4ran av administrativa eller r\u00e4ttsliga organ, till tredje part eller administrativa eller r\u00e4ttsliga institutioner;<br>d) Om du bryter mot relevanta lagar och f\u00f6rordningar eller serviceavtalet eller relevanta regler p\u00e5 denna webbplats, \u00e4r det n\u00f6dv\u00e4ndigt att avsl\u00f6ja det f\u00f6r en tredje part;<br>e) Om du \u00e4r en ber\u00e4ttigad klagande till immateriella r\u00e4ttigheter och har l\u00e4mnat in ett klagom\u00e5l, ska denna webbplats avsl\u00f6ja det till svaranden enligt svarandens beg\u00e4ran f\u00f6r att de tv\u00e5 parterna ska kunna hantera den eventuella tvisten om r\u00e4ttigheterna;<br>f) I en viss transaktion som skapats p\u00e5 plattformen p\u00e5 denna webbplats, om n\u00e5gon av parterna i transaktionen uppfyller eller delvis uppfyller transaktionens skyldigheter och l\u00e4mnar in informationen delvis uppfyller transaktionens skyldigheter och l\u00e4gger fram en beg\u00e4ran om utl\u00e4mnande av information, har denna webbplats r\u00e4tt att besluta att f\u00f6rse anv\u00e4ndaren med kontaktinformationen f\u00f6r den andra parten i transaktionen och annan n\u00f6dv\u00e4ndig information f\u00f6r att underl\u00e4tta slutf\u00f6randet av transaktionen eller l\u00f6sningen av tvister.<br>g) Andra upplysningar som denna webbplats anser vara l\u00e4mpliga enligt lagar, f\u00f6rordningar eller webbplatsens policyer.<\/li>\n\n<li><strong>Lagring och utbyte av information<\/strong><br>Den information och det material om dig som samlas in av denna webbplats kommer att lagras p\u00e5 servrarna p\u00e5 denna webbplats och (eller) dess dotterbolag, och denna information och detta material kan \u00f6verf\u00f6ras till det land eller den region d\u00e4r du befinner dig eller utanf\u00f6r den plats d\u00e4r denna webbplats samlar in informationen och materialet och n\u00e5s, lagras och visas utanf\u00f6r landet.<\/li>\n\n<li><strong>Anv\u00e4ndning av cookies<\/strong><br>a) Om du inte har avvisat cookies kommer vi att st\u00e4lla in eller komma \u00e5t v\u00e5r webbplats p\u00e5 din dator s\u00e5 att du kan logga in eller anv\u00e4nda de tj\u00e4nster eller funktioner p\u00e5 v\u00e5r plattform som f\u00f6rlitar sig p\u00e5 cookies. Anv\u00e4ndningen av cookies g\u00f6r det m\u00f6jligt f\u00f6r oss att ge dig mer genomt\u00e4nkta och personliga tj\u00e4nster, inklusive marknadsf\u00f6ringstj\u00e4nster.<br>b) Du har r\u00e4tt att v\u00e4lja att acceptera eller avvisa cookies. du kan avvisa cookies genom att \u00e4ndra inst\u00e4llningarna i din webbl\u00e4sare. om du v\u00e4ljer att avvisa cookies kan det dock h\u00e4nda att du inte kan logga in eller anv\u00e4nda v\u00e5ra webbtj\u00e4nster eller funktioner som \u00e4r beroende av cookies.<br>c) Denna policy g\u00e4ller f\u00f6r information som erh\u00e5lls genom cookies som st\u00e4lls in av denna webbplats.<\/li>\n\n<li><strong>Informationss\u00e4kerhet<\/strong><br>a) Kontot p\u00e5 denna webbplats har s\u00e4kerhetsskyddsfunktion, v\u00e4nligen h\u00e5ll ditt anv\u00e4ndarnamn och l\u00f6senordsinformation korrekt. Denna webbplats kommer att krypteras genom anv\u00e4ndarl\u00f6senordet och andra s\u00e4kerhets\u00e5tg\u00e4rder f\u00f6r att s\u00e4kerst\u00e4lla att din information inte g\u00e5r f\u00f6rlorad, inte missbrukas eller \u00e4ndras. Trots de ovann\u00e4mnda s\u00e4kerhets\u00e5tg\u00e4rderna, observera att det inte finns n\u00e5gra \"perfekta s\u00e4kerhets\u00e5tg\u00e4rder\" p\u00e5 informationsn\u00e4tverket.<br>b) N\u00e4r du anv\u00e4nder webbplatsens n\u00e4tverkstj\u00e4nster f\u00f6r online-transaktioner kommer du oundvikligen att beh\u00f6va avsl\u00f6ja din personliga information till motparten eller den potentiella motparten, till exempel kontaktinformation eller postadress.Var v\u00e4nlig och skydda dina personuppgifter p\u00e5 r\u00e4tt s\u00e4tt och l\u00e4mna dem till andra endast n\u00e4r det \u00e4r n\u00f6dv\u00e4ndigt.Om du uppt\u00e4cker att din personliga information l\u00e4cker ut, s\u00e4rskilt v\u00e5rt anv\u00e4ndarnamn och l\u00f6senord, v\u00e4nligen kontakta v\u00e5r kundtj\u00e4nst omedelbart s\u00e5 att vi kan vidta l\u00e4mpliga \u00e5tg\u00e4rder.<\/li><\/ol>","protected":false},"excerpt":{"rendered":"<p>Denna webbplats f\u00e4ster stor vikt vid anv\u00e4ndarens&#8217; integritetspolicy och f\u00f6ljer strikt relevanta lagar och f\u00f6rordningar. Innan du forts\u00e4tter att anv\u00e4nda tj\u00e4nsterna p\u00e5 denna webbplats, v\u00e4nligen l\u00e4s denna sekretesspolicy. Om du forts\u00e4tter att anv\u00e4nda v\u00e5ra tj\u00e4nster betyder det att du har l\u00e4st och f\u00f6rst\u00e5tt hela inneh\u00e5llet i detta avtal.detta [&hellip;]<\/p>","protected":false},"author":1,"featured_media":0,"parent":0,"menu_order":0,"comment_status":"closed","ping_status":"closed","template":"page-templates\/privacy-policy.php","meta":{"footnotes":""},"class_list":["post-3","page","type-page","status-publish","hentry"],"yoast_head":"<!-- This site is optimized with the Yoast SEO plugin v25.1 - https:\/\/yoast.com\/wordpress\/plugins\/seo\/ -->\n<title>Privacy Policy-Topfast<\/title>\n<meta name=\"description\" content=\"This site attaches great importance to the user&#039;s privacy policy, and strictly abide by relevant laws and regulations. Before you continue to use the services of this site, please read this privacy policy.\" \/>\n<meta name=\"robots\" content=\"index, follow, max-snippet:-1, max-image-preview:large, max-video-preview:-1\" \/>\n<link rel=\"canonical\" href=\"https:\/\/www.topfastpcb.com\/sv\/privacy-policy\/\" \/>\n<meta property=\"og:locale\" content=\"sv_SE\" \/>\n<meta property=\"og:type\" content=\"article\" \/>\n<meta property=\"og:title\" content=\"Privacy Policy-Topfast\" \/>\n<meta property=\"og:description\" content=\"This site attaches great importance to the user&#039;s privacy policy, and strictly abide by relevant laws and regulations. Before you continue to use the services of this site, please read this privacy policy.\" \/>\n<meta property=\"og:url\" content=\"https:\/\/www.topfastpcb.com\/sv\/privacy-policy\/\" \/>\n<meta property=\"og:site_name\" content=\"Topfastpcb\" \/>\n<meta property=\"article:modified_time\" content=\"2025-12-09T12:47:30+00:00\" \/>\n<meta name=\"twitter:card\" content=\"summary_large_image\" \/>\n<meta name=\"twitter:label1\" content=\"Ber\u00e4knad l\u00e4stid\" \/>\n\t<meta name=\"twitter:data1\" content=\"7 minuter\" \/>\n<script type=\"application\/ld+json\" class=\"yoast-schema-graph\">{\"@context\":\"https:\/\/schema.org\",\"@graph\":[{\"@type\":\"WebPage\",\"@id\":\"https:\/\/www.topfastpcb.com\/privacy-policy\/\",\"url\":\"https:\/\/www.topfastpcb.com\/privacy-policy\/\",\"name\":\"Privacy Policy-Topfast\",\"isPartOf\":{\"@id\":\"https:\/\/www.topfastpcb.com\/#website\"},\"datePublished\":\"2025-03-26T11:47:51+00:00\",\"dateModified\":\"2025-12-09T12:47:30+00:00\",\"description\":\"This site attaches great importance to the user's privacy policy, and strictly abide by relevant laws and regulations. Before you continue to use the services of this site, please read this privacy policy.\",\"breadcrumb\":{\"@id\":\"https:\/\/www.topfastpcb.com\/privacy-policy\/#breadcrumb\"},\"inLanguage\":\"sv-SE\",\"potentialAction\":[{\"@type\":\"ReadAction\",\"target\":[\"https:\/\/www.topfastpcb.com\/privacy-policy\/\"]}]},{\"@type\":\"BreadcrumbList\",\"@id\":\"https:\/\/www.topfastpcb.com\/privacy-policy\/#breadcrumb\",\"itemListElement\":[{\"@type\":\"ListItem\",\"position\":1,\"name\":\"\u9996\u9875\",\"item\":\"https:\/\/www.topfastpcb.com\/\"},{\"@type\":\"ListItem\",\"position\":2,\"name\":\"Privacy Policy\"}]},{\"@type\":\"WebSite\",\"@id\":\"https:\/\/www.topfastpcb.com\/#website\",\"url\":\"https:\/\/www.topfastpcb.com\/\",\"name\":\"Topfastpcb\",\"description\":\"Topfast Prime Choice for Global Electronics Manufacturing\",\"publisher\":{\"@id\":\"https:\/\/www.topfastpcb.com\/#organization\"},\"potentialAction\":[{\"@type\":\"SearchAction\",\"target\":{\"@type\":\"EntryPoint\",\"urlTemplate\":\"https:\/\/www.topfastpcb.com\/?s={search_term_string}\"},\"query-input\":{\"@type\":\"PropertyValueSpecification\",\"valueRequired\":true,\"valueName\":\"search_term_string\"}}],\"inLanguage\":\"sv-SE\"},{\"@type\":\"Organization\",\"@id\":\"https:\/\/www.topfastpcb.com\/#organization\",\"name\":\"Topfastpcb\",\"url\":\"https:\/\/www.topfastpcb.com\/\",\"logo\":{\"@type\":\"ImageObject\",\"inLanguage\":\"sv-SE\",\"@id\":\"https:\/\/www.topfastpcb.com\/#\/schema\/logo\/image\/\",\"url\":\"https:\/\/www.topfastpcb.com\/wp-content\/uploads\/2026\/02\/cropped-topfast-logo.png\",\"contentUrl\":\"https:\/\/www.topfastpcb.com\/wp-content\/uploads\/2026\/02\/cropped-topfast-logo.png\",\"width\":144,\"height\":56,\"caption\":\"Topfastpcb\"},\"image\":{\"@id\":\"https:\/\/www.topfastpcb.com\/#\/schema\/logo\/image\/\"}}]}<\/script>\n<!-- \/ Yoast SEO plugin. -->","yoast_head_json":{"title":"Privacy Policy-Topfast","description":"This site attaches great importance to the user's privacy policy, and strictly abide by relevant laws and regulations. Before you continue to use the services of this site, please read this privacy policy.","robots":{"index":"index","follow":"follow","max-snippet":"max-snippet:-1","max-image-preview":"max-image-preview:large","max-video-preview":"max-video-preview:-1"},"canonical":"https:\/\/www.topfastpcb.com\/sv\/privacy-policy\/","og_locale":"sv_SE","og_type":"article","og_title":"Privacy Policy-Topfast","og_description":"This site attaches great importance to the user's privacy policy, and strictly abide by relevant laws and regulations. Before you continue to use the services of this site, please read this privacy policy.","og_url":"https:\/\/www.topfastpcb.com\/sv\/privacy-policy\/","og_site_name":"Topfastpcb","article_modified_time":"2025-12-09T12:47:30+00:00","twitter_card":"summary_large_image","twitter_misc":{"Ber\u00e4knad l\u00e4stid":"7 minuter"},"schema":{"@context":"https:\/\/schema.org","@graph":[{"@type":"WebPage","@id":"https:\/\/www.topfastpcb.com\/privacy-policy\/","url":"https:\/\/www.topfastpcb.com\/privacy-policy\/","name":"Privacy Policy-Topfast","isPartOf":{"@id":"https:\/\/www.topfastpcb.com\/#website"},"datePublished":"2025-03-26T11:47:51+00:00","dateModified":"2025-12-09T12:47:30+00:00","description":"This site attaches great importance to the user's privacy policy, and strictly abide by relevant laws and regulations. Before you continue to use the services of this site, please read this privacy policy.","breadcrumb":{"@id":"https:\/\/www.topfastpcb.com\/privacy-policy\/#breadcrumb"},"inLanguage":"sv-SE","potentialAction":[{"@type":"ReadAction","target":["https:\/\/www.topfastpcb.com\/privacy-policy\/"]}]},{"@type":"BreadcrumbList","@id":"https:\/\/www.topfastpcb.com\/privacy-policy\/#breadcrumb","itemListElement":[{"@type":"ListItem","position":1,"name":"\u9996\u9875","item":"https:\/\/www.topfastpcb.com\/"},{"@type":"ListItem","position":2,"name":"Privacy Policy"}]},{"@type":"WebSite","@id":"https:\/\/www.topfastpcb.com\/#website","url":"https:\/\/www.topfastpcb.com\/","name":"Topfastpcb","description":"Topfast Prime Choice for Global Electronics Manufacturing","publisher":{"@id":"https:\/\/www.topfastpcb.com\/#organization"},"potentialAction":[{"@type":"SearchAction","target":{"@type":"EntryPoint","urlTemplate":"https:\/\/www.topfastpcb.com\/?s={search_term_string}"},"query-input":{"@type":"PropertyValueSpecification","valueRequired":true,"valueName":"search_term_string"}}],"inLanguage":"sv-SE"},{"@type":"Organization","@id":"https:\/\/www.topfastpcb.com\/#organization","name":"Topfastpcb","url":"https:\/\/www.topfastpcb.com\/","logo":{"@type":"ImageObject","inLanguage":"sv-SE","@id":"https:\/\/www.topfastpcb.com\/#\/schema\/logo\/image\/","url":"https:\/\/www.topfastpcb.com\/wp-content\/uploads\/2026\/02\/cropped-topfast-logo.png","contentUrl":"https:\/\/www.topfastpcb.com\/wp-content\/uploads\/2026\/02\/cropped-topfast-logo.png","width":144,"height":56,"caption":"Topfastpcb"},"image":{"@id":"https:\/\/www.topfastpcb.com\/#\/schema\/logo\/image\/"}}]}},"_links":{"self":[{"href":"https:\/\/www.topfastpcb.com\/sv\/wp-json\/wp\/v2\/pages\/3","targetHints":{"allow":["GET"]}}],"collection":[{"href":"https:\/\/www.topfastpcb.com\/sv\/wp-json\/wp\/v2\/pages"}],"about":[{"href":"https:\/\/www.topfastpcb.com\/sv\/wp-json\/wp\/v2\/types\/page"}],"author":[{"embeddable":true,"href":"https:\/\/www.topfastpcb.com\/sv\/wp-json\/wp\/v2\/users\/1"}],"replies":[{"embeddable":true,"href":"https:\/\/www.topfastpcb.com\/sv\/wp-json\/wp\/v2\/comments?post=3"}],"version-history":[{"count":1,"href":"https:\/\/www.topfastpcb.com\/sv\/wp-json\/wp\/v2\/pages\/3\/revisions"}],"predecessor-version":[{"id":1897,"href":"https:\/\/www.topfastpcb.com\/sv\/wp-json\/wp\/v2\/pages\/3\/revisions\/1897"}],"wp:attachment":[{"href":"https:\/\/www.topfastpcb.com\/sv\/wp-json\/wp\/v2\/media?parent=3"}],"curies":[{"name":"wp","href":"https:\/\/api.w.org\/{rel}","templated":true}]}}