{"id":365,"date":"2025-03-28T03:04:19","date_gmt":"2025-03-28T03:04:19","guid":{"rendered":"http:\/\/topfastpcbb.ru\/about-two\/"},"modified":"2025-12-03T11:56:55","modified_gmt":"2025-12-03T03:56:55","slug":"about","status":"publish","type":"page","link":"https:\/\/www.topfastpcb.com\/sv\/about\/","title":{"rendered":"Om"},"content":{"rendered":"<h2>Bli snabbare bli b\u00e4ttre - Topfast<\/h2>\n<p>        <img decoding=\"async\" src=\"https:\/\/www.topfastpcb.com\/wp-content\/uploads\/2025\/04\/4%E6%9C%8817%E6%97%A51-%E5%B0%81%E9%9D%A2-1.jpg\" alt=\"Topfast tillverkningsanl\u00e4ggning f\u00f6r elektronik\"><br \/>\n        Topfast grundades 2008 och \u00e4r f\u00f6rstahandsvalet f\u00f6r global elektroniktillverkning. Som en ledande PCB-tillverkare med 17 \u00e5rs erfarenhet av design, tillverkning och montering \u00e4r vi specialiserade p\u00e5 snabb prototyptillverkning och l\u00e5gvolymproduktion.<br \/>\n          Vi syssels\u00e4tter mer \u00e4n <strong>1.000 yrkesverksamma<\/strong> i v\u00e5r <strong>30.000 m\u00b2 anl\u00e4ggning<\/strong>och betj\u00e4nar globala innovat\u00f6rer som Huawei, Xiaomi, Rakuten, Thales Group, Mitsubishi, DJI UAV och Hikvision.<br \/>\n        Topfast har f\u00e5tt marknadens erk\u00e4nnande f\u00f6r exceptionell kvalitet och leverans i tid. Vi forts\u00e4tter att fokusera p\u00e5 kundn\u00f6jdhet som en p\u00e5litlig PCB-partner som \u00e4r engagerad i \"h\u00f6g kvalitet\" och \"snabb leverans\".<\/p>\n<h3>V\u00e5r expertis<\/h3>\n<p>          HDI-styrelser<br \/>\n          Tjocka kopparplattor<br \/>\n          Bakplans-kort<br \/>\n          Testkort f\u00f6r halvledare<br \/>\n          H\u00f6gfrekventa kort<br \/>\n          H\u00f6ghastighetsbr\u00e4dor<br \/>\n          Rigid-Flex skivor<br \/>\n        <!-- Inquiry Buttons Section --><br \/>\n          <a href=\"#\" rel=\"nofollow\">Beg\u00e4r en offert<\/a><br \/>\n          <a href=\"#\" rel=\"nofollow\">Teknisk f\u00f6rfr\u00e5gan<\/a><br \/>\n            17+<br \/>\n            Antal \u00e5rs erfarenhet<br \/>\n            1K+<br \/>\n            Anst\u00e4llda<br \/>\n            30K<br \/>\n            Kvadratmeter<br \/>\n            100%<br \/>\n            Certifierad<\/p>\n<h3>Globala kunder<\/h3>\n<p>          Huawei<br \/>\n          Xiaomi<br \/>\n          Rakuten<br \/>\n          Thales-koncernen<br \/>\n          Mitsubishi<br \/>\n          DJI UAV<br \/>\n          Hikvision<br \/>\n          Ledare inom IoT<\/p>\n<h3>Certifieringar<\/h3>\n<p>        Alla produkter uppfyller IPC-standarder med UL-, ROHS- och ISO9001-certifiering.<\/p>\n<h3>Till\u00e4mpningar<\/h3>\n<p>        Kommunikation, medicinsk utrustning, industriell styrning, str\u00f6mf\u00f6rs\u00f6rjning, konsumentelektronik, flyg- och rymdindustrin, fordonsindustrin<br \/>\n        <!-- Additional Inquiry Button --><br \/>\n          <a href=\"#\" rel=\"nofollow\">Beg\u00e4r gratis prover<\/a><\/p>\n<h3>V\u00e5rt \u00e5tagande<\/h3>\n<p>Vi f\u00f6ljer \"kunden f\u00f6rst, kvaliteten f\u00f6rst\" med seniora tekniker (20+ \u00e5rs erfarenhet) som tillhandah\u00e5ller designkonsultation och teknisk support. Vi investerar kontinuerligt i ny utrustning och teknik f\u00f6r att s\u00e4kerst\u00e4lla PCB-kvalitet.<\/p>\n<p>        <a href=\"#\" rel=\"nofollow\">Se v\u00e5ra m\u00f6jligheter<\/a><br \/>\n          Uppdrag<\/p>\n<p>Medarbetare som utvecklas, kunder som flyttar och kinesisk smart tillverkning \u00f6ver hela v\u00e4rlden.<\/p>\n<p>          Vision<\/p>\n<p>Bli ett hundra\u00e5rigt teknikf\u00f6retag inom smart elektronik med glada medarbetare och uppskattade kunder.<\/p>\n<p>          Grundl\u00e4ggande v\u00e4rderingar<\/p>\n<p>Kunden f\u00f6rst Teknik Ledarskap Str\u00e4var efter \u00e4rlighet och \u00f6msesidighet.<\/p>\n<h2>Alla produkter<\/h2>\n<h6>Tillhandah\u00e5lla PCB och PCBA Prototyp och monteringskort<\/h6>\n<p>        <!-- \u4ea7\u54c1\u98791 --><br \/>\n          <a href=\"https:\/\/www.topfastpcb.com\/sv\/products\/high-speed-pcb\/\"><\/p>\n<h3>PCB f\u00f6r h\u00f6g hastighet<\/h3>\n<p>          <\/a><br \/>\n        <!-- \u4ea7\u54c1\u98792 --><br \/>\n          <a href=\"https:\/\/www.topfastpcb.com\/sv\/products\/deep-ultraviolet-duv-purifier-pcbs\/\"><\/p>\n<h3>Keramisk kretskort<\/h3>\n<p>          <\/a><br \/>\n        <!-- \u4ea7\u54c1\u98793 --><br \/>\n          <a href=\"https:\/\/www.topfastpcb.com\/sv\/products\/double-sided-flexible-pcb\/\"><\/p>\n<h3>Flexibel kretskort<\/h3>\n<p>          <\/a><br \/>\n        <!-- \u4ea7\u54c1\u98794 --><br \/>\n          <a href=\"https:\/\/www.topfastpcb.com\/sv\/products\/consumer-electronics-pcba\/\"><\/p>\n<h3>PCBA f\u00f6r konsumentelektronik<\/h3>\n<p>          <\/a><br \/>\n        <!-- \u4ea7\u54c1\u98795 --><br \/>\n          <a href=\"https:\/\/www.topfastpcb.com\/sv\/products\/metal-stiffener-rigid-flex-pcb\/\"><\/p>\n<h3>Rigid-Flex-kretskort<\/h3>\n<p>          <\/a><br \/>\n        <!-- \u4ea7\u54c1\u98796 --><br \/>\n          <a href=\"https:\/\/www.topfastpcb.com\/sv\/products\/pcba-for-medical-industry\/\"><\/p>\n<h3>Medicinsk PCBA<\/h3>\n<p>          <\/a><br \/>\n        <!-- \u4ea7\u54c1\u98797 --><br \/>\n          <a href=\"https:\/\/www.topfastpcb.com\/sv\/products\/high-tg-rigid-pcb\/\"><\/p>\n<h3>Styvt kretskort med h\u00f6g TG<\/h3>\n<p>          <\/a><\/p>\n<style>\n\/* \u4ea7\u54c1\u5c55\u793a\u533a\u6837\u5f0f *\/\n.tf-products-section {\n  padding: 60px 0;\n  position: relative;\n}\n.tf-products-header {\n  text-align: center;\n  margin-bottom: 40px;\n  padding: 0 20px;\n}\n.tf-main-title {\n  font-size: 48px;\n  color: #2e7d32;\n  margin: 0 0 15px;\n  font-weight: 700;\n  letter-spacing: -1px;\n}\n.tf-subtitle {\n  font-size: 18px;\n  color: #546e7a;\n  margin: 0;\n  font-weight: 400;\n}\n\/* \u4ea7\u54c1\u8f6e\u64ad\u6837\u5f0f *\/\n.tf-products-carousel {\n  position: relative;\n  max-width: 1470px;\n  margin: 0 auto;\n  padding: 0 40px;\n}\n.tf-carousel-container {\n  overflow: hidden;\n  position: relative;\n}\n.tf-carousel-track {\n  display: flex;\n  gap: 30px;\n  transition: transform 0.5s ease;\n  padding: 10px 0;\n}\n.tf-product-card {\n  flex: 0 0 calc(20% - 24px);\n  min-width: 280px; \/* \u589e\u5927\u5361\u7247\u5bbd\u5ea6 *\/\n  border-radius: 8px;\n  overflow: hidden;\n  transition: all 0.3s ease;\n  position: relative;\n  background: #fff;\n  \/* \u79fb\u9664\u9634\u5f71\u6548\u679c *\/\n}\n.tf-product-card:hover {\n  transform: translateY(-5px);\n}\n.tf-product-image {\n  height: 280px; \/* \u589e\u5927\u56fe\u7247\u9ad8\u5ea6 *\/\n  background-size: cover;\n  background-position: center;\n  position: relative;\n}\n.tf-product-overlay {\n  position: absolute;\n  bottom: 0;\n  left: 0;\n  right: 0;\n  background: linear-gradient(to top, rgba(0,0,0,0.8), transparent);\n  padding: 20px;\n  color: white;\n}\n.tf-product-title {\n  margin: 0;\n  font-size: 18px;\n  font-weight: 600;\n  color: #fff;\n  text-shadow: 0 1px 3px rgba(0,0,0,0.3);\n}\n\/* \u54cd\u5e94\u5f0f\u8bbe\u8ba1 *\/\n@media (max-width: 1200px) {\n  .tf-product-card {\n    flex: 0 0 calc(25% - 23px);\n  }\n}\n@media (max-width: 992px) {\n  .tf-main-title {\n    font-size: 36px;\n  }\n  .tf-product-card {\n    flex: 0 0 calc(33.333% - 20px);\n  }\n}\n@media (max-width: 768px) {\n  .tf-products-section {\n    padding: 40px 0;\n  }\n  .tf-products-carousel {\n    padding: 0 20px;\n  }\n  .tf-product-card {\n    flex: 0 0 calc(50% - 15px);\n  }\n  .tf-product-image {\n    height: 240px; \/* \u8c03\u6574\u79fb\u52a8\u7aef\u56fe\u7247\u9ad8\u5ea6 *\/\n  }\n}\n@media (max-width: 576px) {\n  .tf-main-title {\n    font-size: 28px;\n  }\n  .tf-subtitle {\n    font-size: 16px;\n  }\n  .tf-product-card {\n    flex: 0 0 100%;\n    max-width: 320px;\n    margin: 0 auto;\n  }\n  .tf-carousel-track {\n    gap: 20px;\n  }\n  .tf-product-image {\n    height: 260px; \/* \u8fdb\u4e00\u6b65\u8c03\u6574\u79fb\u52a8\u7aef\u56fe\u7247\u9ad8\u5ea6 *\/\n  }\n}\n<\/style>\n<h2>VANLIGA FR\u00c5GOR<\/h2>\n<p>      <!-- \u7b2c\u4e00\u5217FAQ --><br \/>\n            +<\/p>\n<h3>Vad g\u00f6r TopFast?<\/h3>\n<p>TopFast erbjuder h\u00f6gkvalitativ leverans i tid av m\u00f6nsterkort, PCBA och one-stop tillverkning, montering och ink\u00f6p av m\u00f6nsterkort fr\u00e5n specialiserade globala leverant\u00f6rer.<\/p>\n<p>            +<\/p>\n<h3>Vad \u00e4r din ledtid?<\/h3>\n<p>Den snabbaste ledtiden vi kan st\u00f6dja \u00e4r 12 timmar. 1 timme snabb offert. 4 timmar snabb teknik. Detta beror p\u00e5 dina produktkrav och kvantitet. Dessutom kommer ledtiden att ing\u00e5 i din offert.<\/p>\n<p>            +<\/p>\n<h3>Erbjuder du gratis prover?<\/h3>\n<p>Vi erbjuder inte gratis kretskort, om du vill verifiera v\u00e5r kvalitet f\u00f6re massproduktion \u00e4r det b\u00e4ttre att skicka in en prototyporder. Efter att ha verifierat v\u00e5r kvalitet kan du enkelt g\u00f6ra en best\u00e4llning f\u00f6r vilken kvantitet du beh\u00f6ver.<\/p>\n<p>            +<\/p>\n<h3>Hur \u00e4r det med fraktkostnaden?<\/h3>\n<p>F\u00f6r sm\u00e5 paket rekommenderar vi att du anv\u00e4nder en expressleverant\u00f6r (t.ex. DHL, UPS, FedEx och EMS d\u00f6rr-till-d\u00f6rr-service!) Detta \u00e4r det snabbaste men ocks\u00e5 det dyraste s\u00e4ttet. F\u00f6r stora paket \u00e4r sj\u00f6frakt den b\u00e4sta l\u00f6sningen. Vi kan bara ge dig exakta fraktpriser om vi k\u00e4nner till kvantitet, vikt och detaljer om fraktmetoden.<\/p>\n<p>      <!-- \u7b2c\u4e8c\u5217FAQ --><br \/>\n            +<\/p>\n<h3>Hur g\u00f6r jag f\u00f6r att best\u00e4lla?<\/h3>\n<p>P\u00e5 n\u00e4tet:F\u00e5 en kostnadsfri offert p\u00e5 v\u00e5r webbplats.E-post: E-post:\u5411Sales@topfastpcb.com Skicka ett e-postmeddelande med f\u00f6ljande information: namn, f\u00f6retag, adress, telefonnummer, e-postadress, produktnummer, kvantitet, produkttid och annan information som du vill dela med oss. Bifoga din gerber-fil.<\/p>\n<p>Telefon:Om du har n\u00e5gra fr\u00e5gor \u00e4r du v\u00e4lkommen att ringa oss p\u00e5 +86-13929576863<\/p>\n<p>            +<\/p>\n<h3>Var tillverkar ni era kretskort?<\/h3>\n<p>Som en global PCB-tillverkare ligger v\u00e5ra fabriker i Guangzhou, Kina och Shenzhen, Kina, och utnyttjar f\u00f6rdelarna med varje region f\u00f6r att ge dig den b\u00e4sta servicen.<\/p>\n<p>            +<\/p>\n<h3>Jag \u00e4r redo att l\u00e4gga en stor order, men jag m\u00e5ste testa er kvalitet f\u00f6rst.\u00c4r det okej f\u00f6r er?<\/h3>\n<p>Visst, du kan l\u00e4gga en prototyporder f\u00f6rst.Anv\u00e4nd n\u00e5got av alternativen f\u00f6r att kontrollera kvaliteten och l\u00e5t oss sedan veta om du vill g\u00e5 vidare med massproduktion.<\/p>\n<p>            +<\/p>\n<h3>Era priser \u00e4r s\u00e5 l\u00e5ga, hur kan ni garantera utm\u00e4rkt kvalitet?<\/h3>\n<p>1.Vi introducerar st\u00e4ndigt ny utrustning och teknik.2 Vi anv\u00e4nder h\u00f6gkvalitativa material f\u00f6r att s\u00e4kerst\u00e4lla kvaliteten p\u00e5 br\u00e4dorna.3 Vi har mer \u00e4n 25 erfarna chefer och tekniker som \u00e4r engagerade i PCB-produktion i \u00f6ver tjugo \u00e5r, med rik erfarenhet av produktionsledning och professionella PCB-f\u00e4rdigheter. V\u00e5r overhead \u00e4r extremt l\u00e5g eftersom vi har en effektiv direktf\u00f6rs\u00e4ljningskanal. Varje \u00f6re du betalar \u00e4r f\u00f6r h\u00f6gsta kvalitet!<\/p>\n<style>\n\/* FAQ\u90e8\u5206\u6574\u4f53\u6837\u5f0f *\/\n.topfast-faq-section {\n  padding: 80px 0;\n  font-family: 'Poppins', Arial, sans-serif;\n}\n.topfast-faq-container {\n  max-width: 1470px;\n  margin: 0 auto;\n  padding: 0 20px;\n}\n.topfast-faq-main-title {\n  text-align: center;\n  font-size: 42px;\n  color: #2e7d32;\n  margin-bottom: 50px;\n  font-weight: 700;\n  position: relative;\n}\n.topfast-faq-main-title:after {\n  content: '';\n  display: block;\n  width: 80px;\n  height: 4px;\n  background: #4caf50;\n  margin: 15px auto 0;\n}\n.topfast-faq-columns {\n  display: flex;\n  gap: 40px;\n}\n.topfast-faq-column {\n  flex: 1;\n}\n\/* FAQ\u9879\u6837\u5f0f *\/\n.topfast-faq-item {\n  margin-bottom: 20px;\n  border-radius: 8px;\n  overflow: hidden;\n  box-shadow: 0 3px 15px rgba(0,0,0,0.05);\n  transition: all 0.3s ease;\n}\n.topfast-faq-item:hover {\n  box-shadow: 0 5px 25px rgba(0,0,0,0.1);\n}\n.topfast-faq-question {\n  background: #fff;\n  padding: 20px 25px;\n  cursor: pointer;\n  display: flex;\n  align-items: center;\n  transition: all 0.3s ease;\n}\n.topfast-faq-question:hover {\n  background: #f1f8e9;\n}\n.topfast-faq-question h3 {\n  margin: 0;\n  font-size: 18px;\n  font-weight: 600;\n  color: #333;\n  flex: 1;\n}\n.topfast-faq-icon {\n  display: inline-block;\n  width: 24px;\n  height: 24px;\n  background: #4caf50;\n  color: white;\n  border-radius: 50%;\n  text-align: center;\n  line-height: 24px;\n  margin-right: 15px;\n  font-size: 18px;\n  font-weight: bold;\n  transition: all 0.3s ease;\n}\n.topfast-faq-item.active .topfast-faq-icon {\n  transform: rotate(45deg);\n  background: #2e7d32;\n}\n.topfast-faq-answer {\n  background: #fff;\n  padding: 0 25px;\n  max-height: 0;\n  overflow: hidden;\n  transition: all 0.3s ease;\n}\n.topfast-faq-item.active .topfast-faq-answer {\n  padding: 0 25px 20px;\n  max-height: 500px;\n}\n.topfast-faq-answer p {\n  margin: 15px 0 0;\n  color: #555;\n  line-height: 1.6;\n}\n\/* \u54cd\u5e94\u5f0f\u8bbe\u8ba1 *\/\n@media (max-width: 992px) {\n  .topfast-faq-columns {\n    flex-direction: column;\n    gap: 20px;\n  }\n  .topfast-faq-main-title {\n    font-size: 36px;\n  }\n}\n@media (max-width: 768px) {\n  .topfast-faq-section {\n    padding: 60px 0;\n  }\n  .topfast-faq-main-title {\n    font-size: 30px;\n    margin-bottom: 30px;\n  }\n  .topfast-faq-question {\n    padding: 15px 20px;\n  }\n  .topfast-faq-question h3 {\n    font-size: 16px;\n  }\n  .topfast-faq-icon {\n    width: 20px;\n    height: 20px;\n    line-height: 20px;\n    font-size: 16px;\n    margin-right: 12px;\n  }\n}\n<\/style>","protected":false},"excerpt":{"rendered":"<p>Var snabbare, var b\u00e4ttre \u2013 Topfast Topfast grundades 2008 och \u00e4r det fr\u00e4msta valet f\u00f6r global elektronikproduktion. Som en ledande tillverkare av kretskort med 17 \u00e5rs erfarenhet av design, tillverkning och montering \u00e4r vi specialiserade p\u00e5 snabb prototyptillverkning och sm\u00e5skalig produktion. Vi har \u00f6ver 1 000 anst\u00e4llda i v\u00e5r 30 000 m\u00b2 stora anl\u00e4ggning och betj\u00e4nar globala innovat\u00f6rer, inklusive [\u2026]<\/p>","protected":false},"author":1,"featured_media":0,"parent":0,"menu_order":0,"comment_status":"closed","ping_status":"closed","template":"page-templates\/about.php","meta":{"footnotes":""},"class_list":["post-365","page","type-page","status-publish","hentry"],"yoast_head":"<!-- This site is optimized with the Yoast SEO plugin v25.1 - https:\/\/yoast.com\/wordpress\/plugins\/seo\/ -->\n<title>Specialized PCB Manufacturer-Topfast<\/title>\n<meta name=\"description\" content=\"Topfast Prime Choice for Global Electronics Manufacturing. We are a professional and reliable one-stop printed circuit board solution provider specializing in PCB rapid prototyping and low-volume products.\" \/>\n<meta name=\"robots\" content=\"index, follow, max-snippet:-1, max-image-preview:large, max-video-preview:-1\" \/>\n<link rel=\"canonical\" href=\"https:\/\/www.topfastpcb.com\/sv\/about\/\" \/>\n<meta property=\"og:locale\" content=\"sv_SE\" \/>\n<meta property=\"og:type\" content=\"article\" \/>\n<meta property=\"og:title\" content=\"Specialized PCB Manufacturer-Topfast\" \/>\n<meta property=\"og:description\" content=\"Topfast Prime Choice for Global Electronics Manufacturing. We are a professional and reliable one-stop printed circuit board solution provider specializing in PCB rapid prototyping and low-volume products.\" \/>\n<meta property=\"og:url\" content=\"https:\/\/www.topfastpcb.com\/sv\/about\/\" \/>\n<meta property=\"og:site_name\" content=\"Topfastpcb\" \/>\n<meta property=\"article:modified_time\" content=\"2025-12-03T03:56:55+00:00\" \/>\n<meta property=\"og:image\" content=\"https:\/\/www.topfastpcb.com\/wp-content\/uploads\/2025\/04\/4%E6%9C%8817%E6%97%A51-%E5%B0%81%E9%9D%A2-1.jpg\" \/>\n<meta name=\"twitter:card\" content=\"summary_large_image\" \/>\n<meta name=\"twitter:label1\" content=\"Ber\u00e4knad l\u00e4stid\" \/>\n\t<meta name=\"twitter:data1\" content=\"3 minuter\" \/>\n<script type=\"application\/ld+json\" class=\"yoast-schema-graph\">{\"@context\":\"https:\/\/schema.org\",\"@graph\":[{\"@type\":\"WebPage\",\"@id\":\"https:\/\/www.topfastpcb.com\/about\/\",\"url\":\"https:\/\/www.topfastpcb.com\/about\/\",\"name\":\"Specialized PCB Manufacturer-Topfast\",\"isPartOf\":{\"@id\":\"https:\/\/www.topfastpcb.com\/#website\"},\"primaryImageOfPage\":{\"@id\":\"https:\/\/www.topfastpcb.com\/about\/#primaryimage\"},\"image\":{\"@id\":\"https:\/\/www.topfastpcb.com\/about\/#primaryimage\"},\"thumbnailUrl\":\"https:\/\/www.topfastpcb.com\/wp-content\/uploads\/2025\/04\/4%E6%9C%8817%E6%97%A51-%E5%B0%81%E9%9D%A2-1.jpg\",\"datePublished\":\"2025-03-28T03:04:19+00:00\",\"dateModified\":\"2025-12-03T03:56:55+00:00\",\"description\":\"Topfast Prime Choice for Global Electronics Manufacturing. We are a professional and reliable one-stop printed circuit board solution provider specializing in PCB rapid prototyping and low-volume products.\",\"breadcrumb\":{\"@id\":\"https:\/\/www.topfastpcb.com\/about\/#breadcrumb\"},\"inLanguage\":\"sv-SE\",\"potentialAction\":[{\"@type\":\"ReadAction\",\"target\":[\"https:\/\/www.topfastpcb.com\/about\/\"]}]},{\"@type\":\"ImageObject\",\"inLanguage\":\"sv-SE\",\"@id\":\"https:\/\/www.topfastpcb.com\/about\/#primaryimage\",\"url\":\"https:\/\/www.topfastpcb.com\/wp-content\/uploads\/2025\/04\/4%E6%9C%8817%E6%97%A51-%E5%B0%81%E9%9D%A2-1.jpg\",\"contentUrl\":\"https:\/\/www.topfastpcb.com\/wp-content\/uploads\/2025\/04\/4%E6%9C%8817%E6%97%A51-%E5%B0%81%E9%9D%A2-1.jpg\"},{\"@type\":\"BreadcrumbList\",\"@id\":\"https:\/\/www.topfastpcb.com\/about\/#breadcrumb\",\"itemListElement\":[{\"@type\":\"ListItem\",\"position\":1,\"name\":\"\u9996\u9875\",\"item\":\"https:\/\/www.topfastpcb.com\/\"},{\"@type\":\"ListItem\",\"position\":2,\"name\":\"About\"}]},{\"@type\":\"WebSite\",\"@id\":\"https:\/\/www.topfastpcb.com\/#website\",\"url\":\"https:\/\/www.topfastpcb.com\/\",\"name\":\"Topfastpcb\",\"description\":\"Topfast Prime Choice for Global Electronics Manufacturing\",\"publisher\":{\"@id\":\"https:\/\/www.topfastpcb.com\/#organization\"},\"potentialAction\":[{\"@type\":\"SearchAction\",\"target\":{\"@type\":\"EntryPoint\",\"urlTemplate\":\"https:\/\/www.topfastpcb.com\/?s={search_term_string}\"},\"query-input\":{\"@type\":\"PropertyValueSpecification\",\"valueRequired\":true,\"valueName\":\"search_term_string\"}}],\"inLanguage\":\"sv-SE\"},{\"@type\":\"Organization\",\"@id\":\"https:\/\/www.topfastpcb.com\/#organization\",\"name\":\"Topfastpcb\",\"url\":\"https:\/\/www.topfastpcb.com\/\",\"logo\":{\"@type\":\"ImageObject\",\"inLanguage\":\"sv-SE\",\"@id\":\"https:\/\/www.topfastpcb.com\/#\/schema\/logo\/image\/\",\"url\":\"https:\/\/www.topfastpcb.com\/wp-content\/uploads\/2026\/02\/cropped-topfast-logo.png\",\"contentUrl\":\"https:\/\/www.topfastpcb.com\/wp-content\/uploads\/2026\/02\/cropped-topfast-logo.png\",\"width\":144,\"height\":56,\"caption\":\"Topfastpcb\"},\"image\":{\"@id\":\"https:\/\/www.topfastpcb.com\/#\/schema\/logo\/image\/\"}}]}<\/script>\n<!-- \/ Yoast SEO plugin. -->","yoast_head_json":{"title":"Specialized PCB Manufacturer-Topfast","description":"Topfast Prime Choice for Global Electronics Manufacturing. We are a professional and reliable one-stop printed circuit board solution provider specializing in PCB rapid prototyping and low-volume products.","robots":{"index":"index","follow":"follow","max-snippet":"max-snippet:-1","max-image-preview":"max-image-preview:large","max-video-preview":"max-video-preview:-1"},"canonical":"https:\/\/www.topfastpcb.com\/sv\/about\/","og_locale":"sv_SE","og_type":"article","og_title":"Specialized PCB Manufacturer-Topfast","og_description":"Topfast Prime Choice for Global Electronics Manufacturing. We are a professional and reliable one-stop printed circuit board solution provider specializing in PCB rapid prototyping and low-volume products.","og_url":"https:\/\/www.topfastpcb.com\/sv\/about\/","og_site_name":"Topfastpcb","article_modified_time":"2025-12-03T03:56:55+00:00","og_image":[{"url":"https:\/\/www.topfastpcb.com\/wp-content\/uploads\/2025\/04\/4%E6%9C%8817%E6%97%A51-%E5%B0%81%E9%9D%A2-1.jpg","type":"","width":"","height":""}],"twitter_card":"summary_large_image","twitter_misc":{"Ber\u00e4knad l\u00e4stid":"3 minuter"},"schema":{"@context":"https:\/\/schema.org","@graph":[{"@type":"WebPage","@id":"https:\/\/www.topfastpcb.com\/about\/","url":"https:\/\/www.topfastpcb.com\/about\/","name":"Specialized PCB Manufacturer-Topfast","isPartOf":{"@id":"https:\/\/www.topfastpcb.com\/#website"},"primaryImageOfPage":{"@id":"https:\/\/www.topfastpcb.com\/about\/#primaryimage"},"image":{"@id":"https:\/\/www.topfastpcb.com\/about\/#primaryimage"},"thumbnailUrl":"https:\/\/www.topfastpcb.com\/wp-content\/uploads\/2025\/04\/4%E6%9C%8817%E6%97%A51-%E5%B0%81%E9%9D%A2-1.jpg","datePublished":"2025-03-28T03:04:19+00:00","dateModified":"2025-12-03T03:56:55+00:00","description":"Topfast Prime Choice for Global Electronics Manufacturing. We are a professional and reliable one-stop printed circuit board solution provider specializing in PCB rapid prototyping and low-volume products.","breadcrumb":{"@id":"https:\/\/www.topfastpcb.com\/about\/#breadcrumb"},"inLanguage":"sv-SE","potentialAction":[{"@type":"ReadAction","target":["https:\/\/www.topfastpcb.com\/about\/"]}]},{"@type":"ImageObject","inLanguage":"sv-SE","@id":"https:\/\/www.topfastpcb.com\/about\/#primaryimage","url":"https:\/\/www.topfastpcb.com\/wp-content\/uploads\/2025\/04\/4%E6%9C%8817%E6%97%A51-%E5%B0%81%E9%9D%A2-1.jpg","contentUrl":"https:\/\/www.topfastpcb.com\/wp-content\/uploads\/2025\/04\/4%E6%9C%8817%E6%97%A51-%E5%B0%81%E9%9D%A2-1.jpg"},{"@type":"BreadcrumbList","@id":"https:\/\/www.topfastpcb.com\/about\/#breadcrumb","itemListElement":[{"@type":"ListItem","position":1,"name":"\u9996\u9875","item":"https:\/\/www.topfastpcb.com\/"},{"@type":"ListItem","position":2,"name":"About"}]},{"@type":"WebSite","@id":"https:\/\/www.topfastpcb.com\/#website","url":"https:\/\/www.topfastpcb.com\/","name":"Topfastpcb","description":"Topfast Prime Choice for Global Electronics Manufacturing","publisher":{"@id":"https:\/\/www.topfastpcb.com\/#organization"},"potentialAction":[{"@type":"SearchAction","target":{"@type":"EntryPoint","urlTemplate":"https:\/\/www.topfastpcb.com\/?s={search_term_string}"},"query-input":{"@type":"PropertyValueSpecification","valueRequired":true,"valueName":"search_term_string"}}],"inLanguage":"sv-SE"},{"@type":"Organization","@id":"https:\/\/www.topfastpcb.com\/#organization","name":"Topfastpcb","url":"https:\/\/www.topfastpcb.com\/","logo":{"@type":"ImageObject","inLanguage":"sv-SE","@id":"https:\/\/www.topfastpcb.com\/#\/schema\/logo\/image\/","url":"https:\/\/www.topfastpcb.com\/wp-content\/uploads\/2026\/02\/cropped-topfast-logo.png","contentUrl":"https:\/\/www.topfastpcb.com\/wp-content\/uploads\/2026\/02\/cropped-topfast-logo.png","width":144,"height":56,"caption":"Topfastpcb"},"image":{"@id":"https:\/\/www.topfastpcb.com\/#\/schema\/logo\/image\/"}}]}},"_links":{"self":[{"href":"https:\/\/www.topfastpcb.com\/sv\/wp-json\/wp\/v2\/pages\/365","targetHints":{"allow":["GET"]}}],"collection":[{"href":"https:\/\/www.topfastpcb.com\/sv\/wp-json\/wp\/v2\/pages"}],"about":[{"href":"https:\/\/www.topfastpcb.com\/sv\/wp-json\/wp\/v2\/types\/page"}],"author":[{"embeddable":true,"href":"https:\/\/www.topfastpcb.com\/sv\/wp-json\/wp\/v2\/users\/1"}],"replies":[{"embeddable":true,"href":"https:\/\/www.topfastpcb.com\/sv\/wp-json\/wp\/v2\/comments?post=365"}],"version-history":[{"count":87,"href":"https:\/\/www.topfastpcb.com\/sv\/wp-json\/wp\/v2\/pages\/365\/revisions"}],"predecessor-version":[{"id":3941,"href":"https:\/\/www.topfastpcb.com\/sv\/wp-json\/wp\/v2\/pages\/365\/revisions\/3941"}],"wp:attachment":[{"href":"https:\/\/www.topfastpcb.com\/sv\/wp-json\/wp\/v2\/media?parent=365"}],"curies":[{"name":"wp","href":"https:\/\/api.w.org\/{rel}","templated":true}]}}