{"id":2057,"date":"2025-04-17T17:03:19","date_gmt":"2025-04-17T09:03:19","guid":{"rendered":"http:\/\/topfastpcbb.ru\/?post_type=product&#038;p=2057"},"modified":"2025-05-06T15:56:52","modified_gmt":"2025-05-06T07:26:52","slug":"deep-ultraviolet-duv-purifier-pcbs","status":"publish","type":"product","link":"https:\/\/www.topfastpcb.com\/sv\/products\/deep-ultraviolet-duv-purifier-pcbs\/","title":{"rendered":"PCB f\u00f6r renare f\u00f6r djup ultraviolett str\u00e5lning (DUV)"},"content":{"rendered":"<div id=\"ez-toc-container\" class=\"ez-toc-v2_0_74 counter-hierarchy ez-toc-counter ez-toc-custom ez-toc-container-direction\">\n<div class=\"ez-toc-title-container\">\n<p class=\"ez-toc-title\" style=\"cursor:inherit\">Inneh\u00e5llsf\u00f6rteckning<\/p>\n<span class=\"ez-toc-title-toggle\"><\/span><\/div>\n<nav><ul class='ez-toc-list ez-toc-list-level-1' ><li class='ez-toc-page-1 ez-toc-heading-level-3'><a class=\"ez-toc-link ez-toc-heading-1\" href=\"https:\/\/www.topfastpcb.com\/sv\/products\/deep-ultraviolet-duv-purifier-pcbs\/#Introduction_to_DUV_Purifier_PCBs\" >Introduktion till kretskort f\u00f6r DUV-renare<\/a><\/li><li class='ez-toc-page-1 ez-toc-heading-level-3'><a class=\"ez-toc-link ez-toc-heading-2\" href=\"https:\/\/www.topfastpcb.com\/sv\/products\/deep-ultraviolet-duv-purifier-pcbs\/#Key_Features_of_DUV_Purifier_PCBs\" >Viktiga egenskaper hos DUV Purifier PCB<\/a><\/li><li class='ez-toc-page-1 ez-toc-heading-level-3'><a class=\"ez-toc-link ez-toc-heading-3\" href=\"https:\/\/www.topfastpcb.com\/sv\/products\/deep-ultraviolet-duv-purifier-pcbs\/#Types_of_Ceramic_PCBs\" >Olika typer av keramiska m\u00f6nsterkort<\/a><\/li><li class='ez-toc-page-1 ez-toc-heading-level-3'><a class=\"ez-toc-link ez-toc-heading-4\" href=\"https:\/\/www.topfastpcb.com\/sv\/products\/deep-ultraviolet-duv-purifier-pcbs\/#3_Critical_Design_Considerations\" >3. Kritiska design\u00f6verv\u00e4ganden<\/a><\/li><li class='ez-toc-page-1 ez-toc-heading-level-3'><a class=\"ez-toc-link ez-toc-heading-5\" href=\"https:\/\/www.topfastpcb.com\/sv\/products\/deep-ultraviolet-duv-purifier-pcbs\/#4_Applications\" >4.Till\u00e4mpningar<\/a><\/li><\/ul><\/nav><\/div>\n\n<p><span>Keramiska m\u00f6nsterkort \u00e4r h\u00f6gpresterande kretskort som anv\u00e4nder keramiska material som t.ex. <\/span>aluminiumoxid (Al\u2082O\u2083), aluminiumnitrid (AlN) och berylliumoxid (BeO) som isolerande substrat. J\u00e4mf\u00f6rt med traditionella m\u00f6nsterkort med FR-4 eller metallk\u00e4rna har keramiska m\u00f6nsterkort \u00f6verl\u00e4gsen v\u00e4rmeledningsf\u00f6rm\u00e5ga, utm\u00e4rkt elektrisk isolering, l\u00e5g v\u00e4rmeutvidgningskoefficient (CTE) och enast\u00e5ende mekanisk h\u00e5llfasthet<span>vilket g\u00f6r dem idealiska f\u00f6r h\u00f6geffekts-, h\u00f6gfrekvens- och h\u00f6gtemperaturtill\u00e4mpningar.<\/span><\/p>\n<h3><span class=\"ez-toc-section\" id=\"Introduction_to_DUV_Purifier_PCBs\"><\/span>Introduktion till kretskort f\u00f6r DUV-renare<span class=\"ez-toc-section-end\"><\/span><\/h3>\n<p>Kretskort f\u00f6r renare f\u00f6r djup ultraviolett str\u00e5lning (DUV) \u00e4r specialiserade kretskort som \u00e4r utformade f\u00f6r att driva och styra<span>\u00a0<\/span>germicidala 200-280 nm UV-C-ljussystem, som vetenskapligt bevisats f\u00f6rst\u00f6ra 99,9% av bakterier, virus och patogener. Dessa kretskort integrerar h\u00f6geffektiva drivdon, sensorer och styrkretsar f\u00f6r att garantera s\u00e4ker och effektiv desinfektion i medicinska, industriella och konsumentapplikationer.<\/p>\n<h3><span class=\"ez-toc-section\" id=\"Key_Features_of_DUV_Purifier_PCBs\"><\/span>Viktiga egenskaper hos DUV Purifier PCB<span class=\"ez-toc-section-end\"><\/span><\/h3>\n<p>UV-C-drivkretsar med h\u00f6g sp\u00e4nning - Precisionsstyrd str\u00f6mf\u00f6rs\u00f6rjning till LED-lampor med kvicksilver\u00e5nga eller UVC.<br \/>\nAvancerad termisk hantering - Keramiska substrat eller substrat med metallk\u00e4rna f\u00f6r att avleda v\u00e4rme fr\u00e5n h\u00f6geffektiva UV-emitterare.<br \/>\nS\u00e4kerhets- och \u00f6vervakningssystem - R\u00f6relsesensorer, timers och fels\u00e4ker avst\u00e4ngning f\u00f6r att f\u00f6rhindra exponering av m\u00e4nniskor.<br \/>\nEMI\/RFI-sk\u00e4rmning - f\u00f6rhindrar st\u00f6rningar p\u00e5 k\u00e4nslig medicinsk utrustning\/kommunikationsutrustning.<br \/>\nKorrosionsbest\u00e4ndiga material - Skyddade mot biprodukter fr\u00e5n ozon (O\u2083) som genereras av UV-C-v\u00e5gl\u00e4ngder.<\/p>\n<h3><span class=\"ez-toc-section\" id=\"Types_of_Ceramic_PCBs\"><\/span>Typer av <a href=\"https:\/\/www.topfastpcb.com\/sv\/products\/category\/ceramic-pcb\/\">Keramiska kretskort<\/a><span class=\"ez-toc-section-end\"><\/span><\/h3>\n<table>\n<thead>\n<tr>\n<th>Typ<\/th>\n<th>Material<\/th>\n<th>Viktiga funktioner<\/th>\n<th>Typiska till\u00e4mpningar<\/th>\n<\/tr>\n<\/thead>\n<tbody>\n<tr>\n<td><strong>Aluminiumoxid (Al\u2082O\u2083)<\/strong><\/td>\n<td>96%\/99% Al\u2082O\u2083<\/td>\n<td>Kostnadseffektiv, mogen teknik (~24 W\/mK)<\/td>\n<td>Konsumentelektronik, LED-belysning<\/td>\n<\/tr>\n<tr>\n<td><strong>Aluminiumnitrid (AlN)<\/strong><\/td>\n<td>AlN<\/td>\n<td>Mycket h\u00f6g v\u00e4rmeledningsf\u00f6rm\u00e5ga (170-230 W\/mK)<\/td>\n<td>H\u00f6geffektiva halvledare, LiDAR<\/td>\n<\/tr>\n<tr>\n<td><strong>Berylliumoxid (BeO)<\/strong><\/td>\n<td>BeO<\/td>\n<td>Extrem v\u00e4rmeledningsf\u00f6rm\u00e5ga (~330 W\/mK)<\/td>\n<td>Flyg- och rymdindustrin, milit\u00e4r (begr\u00e4nsad p\u00e5 grund av toxicitet)<\/td>\n<\/tr>\n<tr>\n<td><strong>LTCC\/HTCC<\/strong><\/td>\n<td>Flerskiktskeramik<\/td>\n<td>Integrerade passiva komponenter, 3D-kablage<\/td>\n<td>RF-moduler, sensorer<\/td>\n<\/tr>\n<\/tbody>\n<\/table>\n<p><img loading=\"lazy\" decoding=\"async\" src=\"https:\/\/www.topfastpcb.com\/wp-content\/uploads\/2025\/04\/Ceramic-PCB.jpg\" alt=\"\" width=\"672\" height=\"503\" class=\"aligncenter wp-image-2059 size-full\" srcset=\"https:\/\/www.topfastpcb.com\/wp-content\/uploads\/2025\/04\/Ceramic-PCB.jpg 672w, https:\/\/www.topfastpcb.com\/wp-content\/uploads\/2025\/04\/Ceramic-PCB-300x225.jpg 300w, https:\/\/www.topfastpcb.com\/wp-content\/uploads\/2025\/04\/Ceramic-PCB-600x449.jpg 600w\" sizes=\"auto, (max-width: 672px) 100vw, 672px\" \/><\/p>\n<p style=\"text-align: center;\">Renare f\u00f6r djup ultraviolett str\u00e5lning PCB Egenskapsparameter<\/p>\n<table>\n<tbody>\n<tr>\n<td width=\"811\" valign=\"top\"><span>tjocklek p\u00e5 keramiken\u00a0\u00a0<\/span><\/td>\n<td width=\"811\" valign=\"top\"><span>0,38\/0,50 mm<\/span><\/td>\n<\/tr>\n<tr>\n<td width=\"811\" valign=\"top\"><strong><span>L\u00e4ngd- och breddm\u00e5tt p\u00e5 f\u00f6rs\u00e4ndelsen<\/span><\/strong><\/td>\n<td width=\"811\" valign=\"top\"><span>109,2 * 54,5 mm<\/span><\/td>\n<\/tr>\n<tr>\n<td width=\"811\" valign=\"top\"><strong><span>Bl\u00e4ndar\u00f6ppningens storlek\u00a0\u00a0<\/span><\/strong><\/td>\n<td width=\"811\" valign=\"top\"><span>\u22650,07 mm<\/span><\/td>\n<\/tr>\n<tr>\n<td width=\"811\" valign=\"top\"><strong><span>Avst\u00e5nd mellan h\u00e5l\u00a0\u00a0<\/span><\/strong><\/td>\n<td width=\"811\" valign=\"top\"><span>\u22650,25 mm<\/span><\/td>\n<\/tr>\n<tr>\n<td width=\"811\" valign=\"top\"><strong><span>Linjens bredd<\/span><\/strong><\/td>\n<td width=\"811\" valign=\"top\"><span>\u22650,15 mm<\/span><\/td>\n<\/tr>\n<tr>\n<td width=\"811\" valign=\"top\"><strong><span>Kanalens bredd\u00a0\u00a0<\/span><\/strong><\/td>\n<td width=\"811\" valign=\"top\"><span>\u22650,11 mm<\/span><\/td>\n<\/tr>\n<tr>\n<td width=\"811\" valign=\"top\"><strong><span>DAMS bredd\u00a0\u00a0<\/span><\/strong><\/td>\n<td width=\"811\" valign=\"top\"><span>0,2 mm<\/span><\/td>\n<\/tr>\n<tr>\n<td width=\"811\" valign=\"top\"><strong><span>Runt dammens h\u00f6jd\u00a0\u00a0<\/span><\/strong><\/td>\n<td width=\"811\" valign=\"top\"><span>0,6 mm<\/span><\/td>\n<\/tr>\n<tr>\n<td width=\"811\" valign=\"top\"><strong><span>Typ av motst\u00e5ndssvetsning<\/span><\/strong><\/td>\n<td width=\"811\" valign=\"top\">Gr\u00f6n, vit, svart<\/td>\n<\/tr>\n<tr>\n<td valign=\"top\" colspan=\"1\" rowspan=\"1\"><span><strong>Till\u00e4mpning<\/strong><\/span><\/td>\n<td valign=\"top\" colspan=\"1\" rowspan=\"1\"><span>luftrenare, luftkonditionering, kylsk\u00e5p, desinfektionssk\u00e5p, sjukhusavdelning<\/span><\/td>\n<\/tr>\n<tr>\n<td valign=\"top\" colspan=\"1\" rowspan=\"1\"><span><strong>Material<\/strong><\/span><\/td>\n<td valign=\"top\" colspan=\"1\" rowspan=\"1\">3DPC<\/td>\n<\/tr>\n<\/tbody>\n<\/table>\n<p>Topfast \u00e4r en tillverkare som fokuserar p\u00e5 PCB, PCBA-tillverkning i \u00f6ver 20 \u00e5r. Vi har ett utm\u00e4rkt r&amp; d-team p\u00e5 28 personer. Vi kan hj\u00e4lpa dig med en one-stop-service. F\u00f6r att st\u00f6dja dig med hela processen fr\u00e5n funktionsforskning och utveckling, produkt PCB-designdiskussion, PCB-tillverkning, komponentupphandling, till PCB-montering.<\/p>\n<p>V\u00e5rt f\u00f6retag tillhandah\u00e5ller l\u00f6sningar f\u00f6r m\u00f6nsterkortsindustrin f\u00f6r kunder inom mallar och sm\u00e5 volymer.Med h\u00f6gkvalitativa produkter och leverans i tid vann vi marknadens breda erk\u00e4nnande.Vi kommer att forts\u00e4tta att fokusera p\u00e5 kundn\u00f6jdhet, tillsammans med &amp; #8220; h\u00f6g kvalitet &amp; #8221; och &amp; #8220; snabb leverans &amp; #8221;, och f\u00f6retaget kommer att bli en leverant\u00f6r av elektroniska kretstj\u00e4nster som \u00e4r v\u00e4rd kundernas f\u00f6rtroende.V\u00e5r fabrik producerar huvudsakligen vanliga dubbelsidiga kretskort, <a href=\"https:\/\/www.topfastpcb.com\/sv\/products\/multilayer-flexible-pcb\/\">flerskikts-PCB<\/a> kretskort, HDI-kretskort, metallbaserade kretskort och keramiska kretskort. halvledarkretskort, styva-flexa kretskort och flexibla kretskort.<\/p>\n<p><img loading=\"lazy\" decoding=\"async\" src=\"https:\/\/www.topfastpcb.com\/wp-content\/uploads\/2025\/04\/619f389627688.png\" alt=\"\" width=\"750\" height=\"802\" class=\"aligncenter wp-image-2060 size-full\" srcset=\"https:\/\/www.topfastpcb.com\/wp-content\/uploads\/2025\/04\/619f389627688.png 750w, https:\/\/www.topfastpcb.com\/wp-content\/uploads\/2025\/04\/619f389627688-281x300.png 281w, https:\/\/www.topfastpcb.com\/wp-content\/uploads\/2025\/04\/619f389627688-600x642.png 600w\" sizes=\"auto, (max-width: 750px) 100vw, 750px\" \/><\/p>\n<h3><span class=\"ez-toc-section\" id=\"3_Critical_Design_Considerations\"><\/span>3. Kritiska design\u00f6verv\u00e4ganden<span class=\"ez-toc-section-end\"><\/span><\/h3>\n<ul>\n<li><strong>V\u00e5gl\u00e4ngdsspecifik effektivitet<\/strong>: Optimerad f\u00f6r 265 nm (maximal DNA\/RNA-destruktion).<\/li>\n<li><strong>Optisk integration<\/strong>: Kompatibel med kvartsr\u00f6r eller reflekterande aluminiumh\u00f6ljen.<\/li>\n<li><strong>Standarder f\u00f6r efterlevnad<\/strong>IEC 62471 (UV-s\u00e4kerhet), UL 8800 (bakteried\u00f6dande system).<\/li>\n<li><strong>Livsl\u00e4ngdsoptimering<\/strong>: Minskar nedbrytningen av UV-LED med drivdon f\u00f6r konstant str\u00f6m.<\/li>\n<\/ul>\n<h3><span class=\"ez-toc-section\" id=\"4_Applications\"><\/span>4.Till\u00e4mpningar<span class=\"ez-toc-section-end\"><\/span><\/h3>\n<ul>\n<li><strong>Medicinsk sterilisering<\/strong>: Desinfektion av kirurgisk utrustning, HVAC-system p\u00e5 sjukhus.<\/li>\n<li><strong>Rening av vatten\/luft<\/strong>: Kommunal vattenrening, luftfl\u00f6de i renrum.<\/li>\n<li><strong>Konsumentutrustning<\/strong>: B\u00e4rbara UV-reng\u00f6ringsmedel f\u00f6r telefoner, masker och ytor.<\/li>\n<li><strong>Livsmedelss\u00e4kerhet<\/strong>: Desinfektion av transportband i f\u00f6rpackningsanl\u00e4ggningar.<img loading=\"lazy\" decoding=\"async\" src=\"https:\/\/www.topfastpcb.com\/wp-content\/uploads\/2025\/04\/Application.jpg\" alt=\"Till\u00e4mpning\" width=\"797\" height=\"897\" class=\"aligncenter wp-image-1934 size-full\" srcset=\"https:\/\/www.topfastpcb.com\/wp-content\/uploads\/2025\/04\/Application.jpg 797w, https:\/\/www.topfastpcb.com\/wp-content\/uploads\/2025\/04\/Application-267x300.jpg 267w, https:\/\/www.topfastpcb.com\/wp-content\/uploads\/2025\/04\/Application-768x864.jpg 768w, https:\/\/www.topfastpcb.com\/wp-content\/uploads\/2025\/04\/Application-600x675.jpg 600w\" sizes=\"auto, (max-width: 797px) 100vw, 797px\" \/><\/li>\n<\/ul>","protected":false},"excerpt":{"rendered":"<p><span>Kretskort f\u00f6r renare f\u00f6r djup ultraviolett str\u00e5lning (DUV) \u00e4r specialiserade kretskort som \u00e4r utformade f\u00f6r att driva och styra\u00a0<\/span><strong>System f\u00f6r UV-C-desinfektion<\/strong><span>\u00a0(200-280 nm), vilket effektivt eliminerar patogener i medicinska, industriella och konsumentapplikationer. Dessa kretskort har f\u00f6ljande egenskaper\u00a0<\/span><strong>h\u00f6gsp\u00e4nningsdrivdon, termisk hantering och s\u00e4kerhetsmekanismer<\/strong><span> f\u00f6r att s\u00e4kerst\u00e4lla tillf\u00f6rlitlig sterilisering i enlighet med internationella standarder.<\/span><\/p>","protected":false},"featured_media":2058,"comment_status":"open","ping_status":"closed","template":"","meta":[],"product_brand":[],"product_cat":[115],"product_tag":[201,200],"class_list":{"0":"post-2057","1":"product","2":"type-product","3":"status-publish","4":"has-post-thumbnail","6":"product_cat-ceramic-pcb","7":"product_tag-ceramic-pcb","8":"product_tag-purifier-pcbs","10":"first","11":"instock","12":"shipping-taxable","13":"product-type-simple"},"yoast_head":"<!-- This site is optimized with the Yoast SEO plugin v25.1 - https:\/\/yoast.com\/wordpress\/plugins\/seo\/ -->\n<title>Deep Ultraviolet (DUV) purifier PCBs - Topfastpcb<\/title>\n<meta name=\"description\" content=\"Discover how Deep Ultraviolet (DUV) Purifier PCBs enable advanced disinfection with UV-C technology. Learn about high-efficiency drivers, safety features, and applications in medical, water, and air purification. Explore next-gen germicidal solutions!\" \/>\n<meta name=\"robots\" content=\"index, follow, max-snippet:-1, max-image-preview:large, max-video-preview:-1\" \/>\n<link rel=\"canonical\" href=\"https:\/\/www.topfastpcb.com\/sv\/products\/deep-ultraviolet-duv-purifier-pcbs\/\" \/>\n<meta property=\"og:locale\" content=\"sv_SE\" \/>\n<meta property=\"og:type\" content=\"article\" \/>\n<meta property=\"og:title\" content=\"Deep Ultraviolet (DUV) purifier PCBs - Topfastpcb\" \/>\n<meta property=\"og:description\" content=\"Discover how Deep Ultraviolet (DUV) Purifier PCBs enable advanced disinfection with UV-C technology. Learn about high-efficiency drivers, safety features, and applications in medical, water, and air purification. Explore next-gen germicidal solutions!\" \/>\n<meta property=\"og:url\" content=\"https:\/\/www.topfastpcb.com\/sv\/products\/deep-ultraviolet-duv-purifier-pcbs\/\" \/>\n<meta property=\"og:site_name\" content=\"Topfastpcb\" \/>\n<meta property=\"article:modified_time\" content=\"2025-05-06T07:26:52+00:00\" \/>\n<meta property=\"og:image\" content=\"https:\/\/www.topfastpcb.com\/wp-content\/uploads\/2025\/04\/Deep-Ultraviolet-purifier-PCB.jpg\" \/>\n\t<meta property=\"og:image:width\" content=\"800\" \/>\n\t<meta property=\"og:image:height\" content=\"800\" \/>\n\t<meta property=\"og:image:type\" content=\"image\/jpeg\" \/>\n<meta name=\"twitter:card\" content=\"summary_large_image\" \/>\n<meta name=\"twitter:label1\" content=\"Ber\u00e4knad l\u00e4stid\" \/>\n\t<meta name=\"twitter:data1\" content=\"4 minuter\" \/>\n<script type=\"application\/ld+json\" class=\"yoast-schema-graph\">{\"@context\":\"https:\/\/schema.org\",\"@graph\":[{\"@type\":\"WebPage\",\"@id\":\"https:\/\/www.topfastpcb.com\/products\/deep-ultraviolet-duv-purifier-pcbs\/\",\"url\":\"https:\/\/www.topfastpcb.com\/products\/deep-ultraviolet-duv-purifier-pcbs\/\",\"name\":\"Deep Ultraviolet (DUV) purifier PCBs - Topfastpcb\",\"isPartOf\":{\"@id\":\"https:\/\/www.topfastpcb.com\/#website\"},\"primaryImageOfPage\":{\"@id\":\"https:\/\/www.topfastpcb.com\/products\/deep-ultraviolet-duv-purifier-pcbs\/#primaryimage\"},\"image\":{\"@id\":\"https:\/\/www.topfastpcb.com\/products\/deep-ultraviolet-duv-purifier-pcbs\/#primaryimage\"},\"thumbnailUrl\":\"https:\/\/www.topfastpcb.com\/wp-content\/uploads\/2025\/04\/Deep-Ultraviolet-purifier-PCB.jpg\",\"datePublished\":\"2025-04-17T09:03:19+00:00\",\"dateModified\":\"2025-05-06T07:26:52+00:00\",\"description\":\"Discover how Deep Ultraviolet (DUV) Purifier PCBs enable advanced disinfection with UV-C technology. Learn about high-efficiency drivers, safety features, and applications in medical, water, and air purification. Explore next-gen germicidal solutions!\",\"breadcrumb\":{\"@id\":\"https:\/\/www.topfastpcb.com\/products\/deep-ultraviolet-duv-purifier-pcbs\/#breadcrumb\"},\"inLanguage\":\"sv-SE\",\"potentialAction\":[{\"@type\":\"ReadAction\",\"target\":[\"https:\/\/www.topfastpcb.com\/products\/deep-ultraviolet-duv-purifier-pcbs\/\"]}]},{\"@type\":\"ImageObject\",\"inLanguage\":\"sv-SE\",\"@id\":\"https:\/\/www.topfastpcb.com\/products\/deep-ultraviolet-duv-purifier-pcbs\/#primaryimage\",\"url\":\"https:\/\/www.topfastpcb.com\/wp-content\/uploads\/2025\/04\/Deep-Ultraviolet-purifier-PCB.jpg\",\"contentUrl\":\"https:\/\/www.topfastpcb.com\/wp-content\/uploads\/2025\/04\/Deep-Ultraviolet-purifier-PCB.jpg\",\"width\":800,\"height\":800},{\"@type\":\"BreadcrumbList\",\"@id\":\"https:\/\/www.topfastpcb.com\/products\/deep-ultraviolet-duv-purifier-pcbs\/#breadcrumb\",\"itemListElement\":[{\"@type\":\"ListItem\",\"position\":1,\"name\":\"\u9996\u9875\",\"item\":\"https:\/\/www.topfastpcb.com\/\"},{\"@type\":\"ListItem\",\"position\":2,\"name\":\"\u5546\u5e97\",\"item\":\"https:\/\/www.topfastpcb.com\/shop\/\"},{\"@type\":\"ListItem\",\"position\":3,\"name\":\"Deep Ultraviolet (DUV) purifier PCBs\"}]},{\"@type\":\"WebSite\",\"@id\":\"https:\/\/www.topfastpcb.com\/#website\",\"url\":\"https:\/\/www.topfastpcb.com\/\",\"name\":\"Topfastpcb\",\"description\":\"Topfast Prime Choice for Global Electronics Manufacturing\",\"publisher\":{\"@id\":\"https:\/\/www.topfastpcb.com\/#organization\"},\"potentialAction\":[{\"@type\":\"SearchAction\",\"target\":{\"@type\":\"EntryPoint\",\"urlTemplate\":\"https:\/\/www.topfastpcb.com\/?s={search_term_string}\"},\"query-input\":{\"@type\":\"PropertyValueSpecification\",\"valueRequired\":true,\"valueName\":\"search_term_string\"}}],\"inLanguage\":\"sv-SE\"},{\"@type\":\"Organization\",\"@id\":\"https:\/\/www.topfastpcb.com\/#organization\",\"name\":\"Topfastpcb\",\"url\":\"https:\/\/www.topfastpcb.com\/\",\"logo\":{\"@type\":\"ImageObject\",\"inLanguage\":\"sv-SE\",\"@id\":\"https:\/\/www.topfastpcb.com\/#\/schema\/logo\/image\/\",\"url\":\"https:\/\/www.topfastpcb.com\/wp-content\/uploads\/2026\/02\/cropped-topfast-logo.png\",\"contentUrl\":\"https:\/\/www.topfastpcb.com\/wp-content\/uploads\/2026\/02\/cropped-topfast-logo.png\",\"width\":144,\"height\":56,\"caption\":\"Topfastpcb\"},\"image\":{\"@id\":\"https:\/\/www.topfastpcb.com\/#\/schema\/logo\/image\/\"}}]}<\/script>\n<!-- \/ Yoast SEO plugin. -->","yoast_head_json":{"title":"Deep Ultraviolet (DUV) purifier PCBs - Topfastpcb","description":"Discover how Deep Ultraviolet (DUV) Purifier PCBs enable advanced disinfection with UV-C technology. Learn about high-efficiency drivers, safety features, and applications in medical, water, and air purification. Explore next-gen germicidal solutions!","robots":{"index":"index","follow":"follow","max-snippet":"max-snippet:-1","max-image-preview":"max-image-preview:large","max-video-preview":"max-video-preview:-1"},"canonical":"https:\/\/www.topfastpcb.com\/sv\/products\/deep-ultraviolet-duv-purifier-pcbs\/","og_locale":"sv_SE","og_type":"article","og_title":"Deep Ultraviolet (DUV) purifier PCBs - Topfastpcb","og_description":"Discover how Deep Ultraviolet (DUV) Purifier PCBs enable advanced disinfection with UV-C technology. Learn about high-efficiency drivers, safety features, and applications in medical, water, and air purification. Explore next-gen germicidal solutions!","og_url":"https:\/\/www.topfastpcb.com\/sv\/products\/deep-ultraviolet-duv-purifier-pcbs\/","og_site_name":"Topfastpcb","article_modified_time":"2025-05-06T07:26:52+00:00","og_image":[{"width":800,"height":800,"url":"https:\/\/www.topfastpcb.com\/wp-content\/uploads\/2025\/04\/Deep-Ultraviolet-purifier-PCB.jpg","type":"image\/jpeg"}],"twitter_card":"summary_large_image","twitter_misc":{"Ber\u00e4knad l\u00e4stid":"4 minuter"},"schema":{"@context":"https:\/\/schema.org","@graph":[{"@type":"WebPage","@id":"https:\/\/www.topfastpcb.com\/products\/deep-ultraviolet-duv-purifier-pcbs\/","url":"https:\/\/www.topfastpcb.com\/products\/deep-ultraviolet-duv-purifier-pcbs\/","name":"Deep Ultraviolet (DUV) purifier PCBs - Topfastpcb","isPartOf":{"@id":"https:\/\/www.topfastpcb.com\/#website"},"primaryImageOfPage":{"@id":"https:\/\/www.topfastpcb.com\/products\/deep-ultraviolet-duv-purifier-pcbs\/#primaryimage"},"image":{"@id":"https:\/\/www.topfastpcb.com\/products\/deep-ultraviolet-duv-purifier-pcbs\/#primaryimage"},"thumbnailUrl":"https:\/\/www.topfastpcb.com\/wp-content\/uploads\/2025\/04\/Deep-Ultraviolet-purifier-PCB.jpg","datePublished":"2025-04-17T09:03:19+00:00","dateModified":"2025-05-06T07:26:52+00:00","description":"Discover how Deep Ultraviolet (DUV) Purifier PCBs enable advanced disinfection with UV-C technology. Learn about high-efficiency drivers, safety features, and applications in medical, water, and air purification. Explore next-gen germicidal solutions!","breadcrumb":{"@id":"https:\/\/www.topfastpcb.com\/products\/deep-ultraviolet-duv-purifier-pcbs\/#breadcrumb"},"inLanguage":"sv-SE","potentialAction":[{"@type":"ReadAction","target":["https:\/\/www.topfastpcb.com\/products\/deep-ultraviolet-duv-purifier-pcbs\/"]}]},{"@type":"ImageObject","inLanguage":"sv-SE","@id":"https:\/\/www.topfastpcb.com\/products\/deep-ultraviolet-duv-purifier-pcbs\/#primaryimage","url":"https:\/\/www.topfastpcb.com\/wp-content\/uploads\/2025\/04\/Deep-Ultraviolet-purifier-PCB.jpg","contentUrl":"https:\/\/www.topfastpcb.com\/wp-content\/uploads\/2025\/04\/Deep-Ultraviolet-purifier-PCB.jpg","width":800,"height":800},{"@type":"BreadcrumbList","@id":"https:\/\/www.topfastpcb.com\/products\/deep-ultraviolet-duv-purifier-pcbs\/#breadcrumb","itemListElement":[{"@type":"ListItem","position":1,"name":"\u9996\u9875","item":"https:\/\/www.topfastpcb.com\/"},{"@type":"ListItem","position":2,"name":"\u5546\u5e97","item":"https:\/\/www.topfastpcb.com\/shop\/"},{"@type":"ListItem","position":3,"name":"Deep Ultraviolet (DUV) purifier PCBs"}]},{"@type":"WebSite","@id":"https:\/\/www.topfastpcb.com\/#website","url":"https:\/\/www.topfastpcb.com\/","name":"Topfastpcb","description":"Topfast Prime Choice for Global Electronics Manufacturing","publisher":{"@id":"https:\/\/www.topfastpcb.com\/#organization"},"potentialAction":[{"@type":"SearchAction","target":{"@type":"EntryPoint","urlTemplate":"https:\/\/www.topfastpcb.com\/?s={search_term_string}"},"query-input":{"@type":"PropertyValueSpecification","valueRequired":true,"valueName":"search_term_string"}}],"inLanguage":"sv-SE"},{"@type":"Organization","@id":"https:\/\/www.topfastpcb.com\/#organization","name":"Topfastpcb","url":"https:\/\/www.topfastpcb.com\/","logo":{"@type":"ImageObject","inLanguage":"sv-SE","@id":"https:\/\/www.topfastpcb.com\/#\/schema\/logo\/image\/","url":"https:\/\/www.topfastpcb.com\/wp-content\/uploads\/2026\/02\/cropped-topfast-logo.png","contentUrl":"https:\/\/www.topfastpcb.com\/wp-content\/uploads\/2026\/02\/cropped-topfast-logo.png","width":144,"height":56,"caption":"Topfastpcb"},"image":{"@id":"https:\/\/www.topfastpcb.com\/#\/schema\/logo\/image\/"}}]}},"_links":{"self":[{"href":"https:\/\/www.topfastpcb.com\/sv\/wp-json\/wp\/v2\/product\/2057","targetHints":{"allow":["GET"]}}],"collection":[{"href":"https:\/\/www.topfastpcb.com\/sv\/wp-json\/wp\/v2\/product"}],"about":[{"href":"https:\/\/www.topfastpcb.com\/sv\/wp-json\/wp\/v2\/types\/product"}],"replies":[{"embeddable":true,"href":"https:\/\/www.topfastpcb.com\/sv\/wp-json\/wp\/v2\/comments?post=2057"}],"wp:featuredmedia":[{"embeddable":true,"href":"https:\/\/www.topfastpcb.com\/sv\/wp-json\/wp\/v2\/media\/2058"}],"wp:attachment":[{"href":"https:\/\/www.topfastpcb.com\/sv\/wp-json\/wp\/v2\/media?parent=2057"}],"wp:term":[{"taxonomy":"product_brand","embeddable":true,"href":"https:\/\/www.topfastpcb.com\/sv\/wp-json\/wp\/v2\/product_brand?post=2057"},{"taxonomy":"product_cat","embeddable":true,"href":"https:\/\/www.topfastpcb.com\/sv\/wp-json\/wp\/v2\/product_cat?post=2057"},{"taxonomy":"product_tag","embeddable":true,"href":"https:\/\/www.topfastpcb.com\/sv\/wp-json\/wp\/v2\/product_tag?post=2057"}],"curies":[{"name":"wp","href":"https:\/\/api.w.org\/{rel}","templated":true}]}}